{"id":10911,"date":"2020-10-26T16:04:32","date_gmt":"2020-10-26T15:04:32","guid":{"rendered":"https:\/\/www.mixtuur.com\/concert-hall-organ\/"},"modified":"2022-03-01T12:14:30","modified_gmt":"2022-03-01T11:14:30","slug":"orgulje-koncertne-dvorane","status":"publish","type":"page","link":"https:\/\/www.mixtuur.com\/hr\/orgulje-koncertne-dvorane\/","title":{"rendered":"Orgulje Koncertne Dvorane"},"content":{"rendered":"<h1>Orgulje Koncertne Dvorane<\/h1>\n<p><strong>Orgulje u koncertnoj dvorani naj\u010de\u0161\u0107e slu\u017ee kao podr\u0161ka simfonijskom orkestru. Koncertne orgulje \u2013 ili orgulje koncertne dvorane \u2013 potje\u010du od crkvenih orgulja i po konstrukciji i zvuku su bliske. Me\u0111utim, postoji bitna razlika izme\u0111u orgulja za koncertnu dvoranu i orgulja za crkvu. Mixtuur obja\u0161njava.<\/strong><\/p>\n<p>Crkvene orgulje su orgulje koje se nalaze u crkvenom prostoru. One slu\u017ee za pratnju zborskog i zbornog pjevanja tijekom slu\u017ebe misnog slavlja. U pogledu konstrukcije, crkvene orgulje uvelike nalikuju koncertnim orguljama, me\u0111utim, crkvene orgulje \u010desto nemaju \u017ealuzije (sustav paralelnih vratnica ili \u0161irokih letvica) za prijelaz iz tihog u glasan zvuk.<\/p>\n<p>Orgulje u koncertnoj dvorani su tako\u0111er orgulje sa sviralama, ali im je namjena obogatiti zvukove simfonijskog orkestra. Koncertne orgulje uglavnom imaju \u017ealuzije koje osiguravaju da orgulje mogu dr\u017eati korak s orkestrom u smislu intenziteta zvuka.<\/p>\n<p><a href=\"https:\/\/www.mixtuur.com\/wp-content\/uploads\/2015\/11\/M__ller__1738__w_54b8e0b57ed29.jpg\"><img loading=\"lazy\" decoding=\"async\" class=\"alignnone wp-image-359 size-large\" src=\"https:\/\/www.mixtuur.com\/wp-content\/uploads\/2015\/11\/M__ller__1738__w_54b8e0b57ed29-1030x746.jpg\" alt=\"\" width=\"1030\" height=\"746\" srcset=\"https:\/\/www.mixtuur.com\/wp-content\/uploads\/2015\/11\/M__ller__1738__w_54b8e0b57ed29-1030x746.jpg 1030w, https:\/\/www.mixtuur.com\/wp-content\/uploads\/2015\/11\/M__ller__1738__w_54b8e0b57ed29-300x217.jpg 300w, https:\/\/www.mixtuur.com\/wp-content\/uploads\/2015\/11\/M__ller__1738__w_54b8e0b57ed29-1500x1087.jpg 1500w, https:\/\/www.mixtuur.com\/wp-content\/uploads\/2015\/11\/M__ller__1738__w_54b8e0b57ed29-705x511.jpg 705w, https:\/\/www.mixtuur.com\/wp-content\/uploads\/2015\/11\/M__ller__1738__w_54b8e0b57ed29-450x326.jpg 450w, https:\/\/www.mixtuur.com\/wp-content\/uploads\/2015\/11\/M__ller__1738__w_54b8e0b57ed29.jpg 1600w\" sizes=\"auto, (max-width: 1030px) 100vw, 1030px\" \/><\/a><\/p>\n<h2><strong>Poznate koncertne orgulje<\/strong><\/h2>\n<p>Koncertne orgulje koriste se u nekoliko koncertnih dvorana u Nizozemskoj. Poznate koncertne orgulje nalaze se u Royal Concertgebouwu u Amsterdamu, u De Doelenu u Rotterdamu i u Glazbenom centru u Enschedeu. Jeste li znali da se Velika dvorana u Royal Concertgebouwu smatra jednom od tri najbolje koncertne dvorane na svijetu za simfonijsku glazbu? U Velikoj dvorani nalaze se velike koncertne orgulje koje slu\u017ee kao potpora i poja\u010danje simfonijskom orkestru.<\/p>\n<h2><strong>Orgulje koncertne dvorane s Hauptwerkom<\/strong><\/h2>\n<p>Postoje\u0107e koncertne orgulje mogu se nadopuniti Hauptwerkom kako bi se trenutni zvukovi nadopunili novima. Ovo su takozvane hibridne orgulje, \u010desto nazivane i kombinirane orgulje. Ugradnjom Hauptwerka na postoje\u0107i instrument o\u010duvat \u0107emo postoje\u0107e orgulje. To je savr\u0161eno rje\u0161enje ako ne \u017eelite da se registri Va\u0161ih orgulje izgube. Odabirom Hauptwerka otvarate mnogo vi\u0161e mogu\u0107nosti, mo\u017eete svirati na raznim svjetski poznatim orguljama jednostavno biraju\u0107i novi set zvukovnih uzoraka.<\/p>\n<h2><strong>Iskusite Hauptwerk<\/strong><\/h2>\n<p>Kako biste osjetili kako je svirati na orguljama Hauptwerk, savjetujemo Vam da zaka\u017eete termin u na\u0161em izlo\u017ebenom prostoru. Tamo \u0107ete do\u017eivjeti vrhunski zvuk Hauptwerk orgulja u maloj mjeri. \u0160tovi\u0161e, na ovaj na\u010din mo\u017eete izravno do\u017eivjeti kako je imati nekoliko svjetski poznatih orgulja na dohvat ruke. Rado \u0107emo Vam re\u0107i vi\u0161e o mogu\u0107nostima Hauptwerka za Va\u0161u koncertnu dvoranu, ali i o na\u010dinima na koje se Va\u0161e postoje\u0107e orgulje ne moraju izgubiti. Kontaktirajte nas za vi\u0161e informacija ili dogovorite termin u na\u0161em izlo\u017ebenom prostoru.<\/p>\n","protected":false},"excerpt":{"rendered":"<p>Orgulje Koncertne Dvorane Orgulje u koncertnoj dvorani naj\u010de\u0161\u0107e slu\u017ee kao podr\u0161ka simfonijskom orkestru. Koncertne orgulje \u2013 ili orgulje koncertne dvorane \u2013 potje\u010du od crkvenih orgulja i po konstrukciji i zvuku su bliske. Me\u0111utim, postoji bitna razlika izme\u0111u orgulja za koncertnu dvoranu i orgulja za crkvu. Mixtuur obja\u0161njava. Crkvene orgulje su orgulje koje se nalaze u [&hellip;]<\/p>\n","protected":false},"author":17,"featured_media":0,"parent":0,"menu_order":0,"comment_status":"closed","ping_status":"closed","template":"","meta":{"footnotes":""},"class_list":["post-10911","page","type-page","status-publish","hentry"],"yoast_head":"<!-- This site is optimized with the Yoast SEO plugin v25.5 - https:\/\/yoast.com\/wordpress\/plugins\/seo\/ -->\n<title>Organ concert hall | Hauptwerk offers endless possibilities<\/title>\n<meta name=\"description\" content=\"Expand the organ in the concert hall with Hauptwerk and the unparalleled sounds of world-famous organs are within easy reach.\" \/>\n<meta name=\"robots\" content=\"index, follow, max-snippet:-1, max-image-preview:large, max-video-preview:-1\" \/>\n<link rel=\"canonical\" href=\"https:\/\/www.mixtuur.com\/hr\/orgulje-koncertne-dvorane\/\" \/>\n<meta property=\"og:locale\" content=\"hr_HR\" \/>\n<meta property=\"og:type\" content=\"article\" \/>\n<meta property=\"og:title\" content=\"Organ concert hall | Hauptwerk offers endless possibilities\" \/>\n<meta property=\"og:description\" content=\"Expand the organ in the concert hall with Hauptwerk and the unparalleled sounds of world-famous organs are within easy reach.\" \/>\n<meta property=\"og:url\" content=\"https:\/\/www.mixtuur.com\/hr\/orgulje-koncertne-dvorane\/\" \/>\n<meta property=\"og:site_name\" content=\"Mixtuur\" \/>\n<meta property=\"article:modified_time\" content=\"2022-03-01T11:14:30+00:00\" \/>\n<meta property=\"og:image\" content=\"https:\/\/www.mixtuur.com\/wordpress\/wp-content\/uploads\/2015\/11\/M__ller__1738__w_54b8e0b57ed29-1030x746.jpg\" \/>\n<meta name=\"twitter:card\" content=\"summary_large_image\" \/>\n<meta name=\"twitter:label1\" content=\"Est. reading time\" \/>\n\t<meta name=\"twitter:data1\" content=\"2 minutes\" \/>\n<script type=\"application\/ld+json\" class=\"yoast-schema-graph\">{\"@context\":\"https:\/\/schema.org\",\"@graph\":[{\"@type\":\"WebPage\",\"@id\":\"https:\/\/www.mixtuur.com\/hr\/orgulje-koncertne-dvorane\/\",\"url\":\"https:\/\/www.mixtuur.com\/hr\/orgulje-koncertne-dvorane\/\",\"name\":\"Organ concert hall | Hauptwerk offers endless possibilities\",\"isPartOf\":{\"@id\":\"https:\/\/www.mixtuur.com\/#website\"},\"primaryImageOfPage\":{\"@id\":\"https:\/\/www.mixtuur.com\/hr\/orgulje-koncertne-dvorane\/#primaryimage\"},\"image\":{\"@id\":\"https:\/\/www.mixtuur.com\/hr\/orgulje-koncertne-dvorane\/#primaryimage\"},\"thumbnailUrl\":\"https:\/\/www.mixtuur.com\/wp-content\/uploads\/2015\/11\/M__ller__1738__w_54b8e0b57ed29-1030x746.jpg\",\"datePublished\":\"2020-10-26T15:04:32+00:00\",\"dateModified\":\"2022-03-01T11:14:30+00:00\",\"description\":\"Expand the organ in the concert hall with Hauptwerk and the unparalleled sounds of world-famous organs are within easy reach.\",\"breadcrumb\":{\"@id\":\"https:\/\/www.mixtuur.com\/hr\/orgulje-koncertne-dvorane\/#breadcrumb\"},\"inLanguage\":\"hr-HR\",\"potentialAction\":[{\"@type\":\"ReadAction\",\"target\":[\"https:\/\/www.mixtuur.com\/hr\/orgulje-koncertne-dvorane\/\"]}]},{\"@type\":\"ImageObject\",\"inLanguage\":\"hr-HR\",\"@id\":\"https:\/\/www.mixtuur.com\/hr\/orgulje-koncertne-dvorane\/#primaryimage\",\"url\":\"https:\/\/www.mixtuur.com\/wp-content\/uploads\/2015\/11\/M__ller__1738__w_54b8e0b57ed29-1030x746.jpg\",\"contentUrl\":\"https:\/\/www.mixtuur.com\/wp-content\/uploads\/2015\/11\/M__ller__1738__w_54b8e0b57ed29-1030x746.jpg\"},{\"@type\":\"BreadcrumbList\",\"@id\":\"https:\/\/www.mixtuur.com\/hr\/orgulje-koncertne-dvorane\/#breadcrumb\",\"itemListElement\":[{\"@type\":\"ListItem\",\"position\":1,\"name\":\"Home\",\"item\":\"https:\/\/www.mixtuur.com\/hr\/\"},{\"@type\":\"ListItem\",\"position\":2,\"name\":\"Orgulje Koncertne Dvorane\"}]},{\"@type\":\"WebSite\",\"@id\":\"https:\/\/www.mixtuur.com\/#website\",\"url\":\"https:\/\/www.mixtuur.com\/\",\"name\":\"Mixtuur\",\"description\":\"The Authentic Sound\",\"potentialAction\":[{\"@type\":\"SearchAction\",\"target\":{\"@type\":\"EntryPoint\",\"urlTemplate\":\"https:\/\/www.mixtuur.com\/?s={search_term_string}\"},\"query-input\":{\"@type\":\"PropertyValueSpecification\",\"valueRequired\":true,\"valueName\":\"search_term_string\"}}],\"inLanguage\":\"hr-HR\"}]}<\/script>\n<!-- \/ Yoast SEO plugin. -->","yoast_head_json":{"title":"Organ concert hall | Hauptwerk offers endless possibilities","description":"Expand the organ in the concert hall with Hauptwerk and the unparalleled sounds of world-famous organs are within easy reach.","robots":{"index":"index","follow":"follow","max-snippet":"max-snippet:-1","max-image-preview":"max-image-preview:large","max-video-preview":"max-video-preview:-1"},"canonical":"https:\/\/www.mixtuur.com\/hr\/orgulje-koncertne-dvorane\/","og_locale":"hr_HR","og_type":"article","og_title":"Organ concert hall | Hauptwerk offers endless possibilities","og_description":"Expand the organ in the concert hall with Hauptwerk and the unparalleled sounds of world-famous organs are within easy reach.","og_url":"https:\/\/www.mixtuur.com\/hr\/orgulje-koncertne-dvorane\/","og_site_name":"Mixtuur","article_modified_time":"2022-03-01T11:14:30+00:00","og_image":[{"url":"https:\/\/www.mixtuur.com\/wordpress\/wp-content\/uploads\/2015\/11\/M__ller__1738__w_54b8e0b57ed29-1030x746.jpg","type":"","width":"","height":""}],"twitter_card":"summary_large_image","twitter_misc":{"Est. reading time":"2 minutes"},"schema":{"@context":"https:\/\/schema.org","@graph":[{"@type":"WebPage","@id":"https:\/\/www.mixtuur.com\/hr\/orgulje-koncertne-dvorane\/","url":"https:\/\/www.mixtuur.com\/hr\/orgulje-koncertne-dvorane\/","name":"Organ concert hall | Hauptwerk offers endless possibilities","isPartOf":{"@id":"https:\/\/www.mixtuur.com\/#website"},"primaryImageOfPage":{"@id":"https:\/\/www.mixtuur.com\/hr\/orgulje-koncertne-dvorane\/#primaryimage"},"image":{"@id":"https:\/\/www.mixtuur.com\/hr\/orgulje-koncertne-dvorane\/#primaryimage"},"thumbnailUrl":"https:\/\/www.mixtuur.com\/wp-content\/uploads\/2015\/11\/M__ller__1738__w_54b8e0b57ed29-1030x746.jpg","datePublished":"2020-10-26T15:04:32+00:00","dateModified":"2022-03-01T11:14:30+00:00","description":"Expand the organ in the concert hall with Hauptwerk and the unparalleled sounds of world-famous organs are within easy reach.","breadcrumb":{"@id":"https:\/\/www.mixtuur.com\/hr\/orgulje-koncertne-dvorane\/#breadcrumb"},"inLanguage":"hr-HR","potentialAction":[{"@type":"ReadAction","target":["https:\/\/www.mixtuur.com\/hr\/orgulje-koncertne-dvorane\/"]}]},{"@type":"ImageObject","inLanguage":"hr-HR","@id":"https:\/\/www.mixtuur.com\/hr\/orgulje-koncertne-dvorane\/#primaryimage","url":"https:\/\/www.mixtuur.com\/wp-content\/uploads\/2015\/11\/M__ller__1738__w_54b8e0b57ed29-1030x746.jpg","contentUrl":"https:\/\/www.mixtuur.com\/wp-content\/uploads\/2015\/11\/M__ller__1738__w_54b8e0b57ed29-1030x746.jpg"},{"@type":"BreadcrumbList","@id":"https:\/\/www.mixtuur.com\/hr\/orgulje-koncertne-dvorane\/#breadcrumb","itemListElement":[{"@type":"ListItem","position":1,"name":"Home","item":"https:\/\/www.mixtuur.com\/hr\/"},{"@type":"ListItem","position":2,"name":"Orgulje Koncertne Dvorane"}]},{"@type":"WebSite","@id":"https:\/\/www.mixtuur.com\/#website","url":"https:\/\/www.mixtuur.com\/","name":"Mixtuur","description":"The Authentic Sound","potentialAction":[{"@type":"SearchAction","target":{"@type":"EntryPoint","urlTemplate":"https:\/\/www.mixtuur.com\/?s={search_term_string}"},"query-input":{"@type":"PropertyValueSpecification","valueRequired":true,"valueName":"search_term_string"}}],"inLanguage":"hr-HR"}]}},"_links":{"self":[{"href":"https:\/\/www.mixtuur.com\/hr\/wp-json\/wp\/v2\/pages\/10911","targetHints":{"allow":["GET"]}}],"collection":[{"href":"https:\/\/www.mixtuur.com\/hr\/wp-json\/wp\/v2\/pages"}],"about":[{"href":"https:\/\/www.mixtuur.com\/hr\/wp-json\/wp\/v2\/types\/page"}],"author":[{"embeddable":true,"href":"https:\/\/www.mixtuur.com\/hr\/wp-json\/wp\/v2\/users\/17"}],"replies":[{"embeddable":true,"href":"https:\/\/www.mixtuur.com\/hr\/wp-json\/wp\/v2\/comments?post=10911"}],"version-history":[{"count":2,"href":"https:\/\/www.mixtuur.com\/hr\/wp-json\/wp\/v2\/pages\/10911\/revisions"}],"predecessor-version":[{"id":10914,"href":"https:\/\/www.mixtuur.com\/hr\/wp-json\/wp\/v2\/pages\/10911\/revisions\/10914"}],"wp:attachment":[{"href":"https:\/\/www.mixtuur.com\/hr\/wp-json\/wp\/v2\/media?parent=10911"}],"curies":[{"name":"wp","href":"https:\/\/api.w.org\/{rel}","templated":true}]}}