{"id":10905,"date":"2019-09-25T15:21:20","date_gmt":"2019-09-25T13:21:20","guid":{"rendered":"https:\/\/www.mixtuur.com\/compact-organ\/"},"modified":"2022-03-01T12:07:35","modified_gmt":"2022-03-01T11:07:35","slug":"kompaktne-orgulje","status":"publish","type":"page","link":"https:\/\/www.mixtuur.com\/hr\/kompaktne-orgulje\/","title":{"rendered":"Kompaktne orgulje"},"content":{"rendered":"<h1>Kompaktne orgulje? Odaberite orgulje Izra<strong>\u0111ene po mjeri<\/strong><\/h1>\n<p><strong>U Mixtuuru ne izra\u0111ujemo samo velike crkvene orgulje ili koncertne orgulje, kod nas mo\u017eete do\u0107i i po kompaktne orgulje. Nije svaka soba iste veli\u010dine, stoga orgulje prilago\u0111avamo okolini. Na primjer, ako \u017eelite male orgulje u svojoj dnevnoj sobi, ili kompaktan, prijenosni model u crkvi. <\/strong><\/p>\n<p>Kompaktne orgulje su gotovo uvijek prilago\u0111ene orgulje. Ako za Vas napravimo orgulje po narud\u017ebi, mo\u017eete sami sastaviti sve od A do \u017d. Od ku\u0107i\u0161ta orgulja do klupe i od manuala do pedala i prekida\u010da (pistona). Mo\u017eete odabrati zavr\u0161nu drvenu obradu instrumenta i sami odlu\u010diti koju vrstu vanjskih priklju\u010daka trebate.<\/p>\n<p><a href=\"https:\/\/www.mixtuur.com\/wp-content\/uploads\/2019\/09\/Compact-orgel.jpg\"><img loading=\"lazy\" decoding=\"async\" class=\"alignnone size-full wp-image-7414\" src=\"https:\/\/www.mixtuur.com\/wp-content\/uploads\/2019\/09\/Compact-orgel.jpg\" alt=\"\" width=\"1920\" height=\"1281\" srcset=\"https:\/\/www.mixtuur.com\/wp-content\/uploads\/2019\/09\/Compact-orgel.jpg 1920w, https:\/\/www.mixtuur.com\/wp-content\/uploads\/2019\/09\/Compact-orgel-300x200.jpg 300w, https:\/\/www.mixtuur.com\/wp-content\/uploads\/2019\/09\/Compact-orgel-768x512.jpg 768w, https:\/\/www.mixtuur.com\/wp-content\/uploads\/2019\/09\/Compact-orgel-1030x687.jpg 1030w, https:\/\/www.mixtuur.com\/wp-content\/uploads\/2019\/09\/Compact-orgel-1500x1001.jpg 1500w, https:\/\/www.mixtuur.com\/wp-content\/uploads\/2019\/09\/Compact-orgel-705x470.jpg 705w, https:\/\/www.mixtuur.com\/wp-content\/uploads\/2019\/09\/Compact-orgel-450x300.jpg 450w\" sizes=\"auto, (max-width: 1920px) 100vw, 1920px\" \/><\/a><\/p>\n<h2><strong>Orgulje po mjeri<\/strong><\/h2>\n<p>Kako su orgulje izra\u0111ene po narud\u017ebi za Vas, imate jamstvo da \u0107e Vam uvijek pristajati. Mo\u017eete ih \u010dak postaviti i u Va\u0161u dnevnu sobu. Kompaktne orgulje idealne su za korepetitore zbora, u\u010ditelje orgulja ili orgulja\u0161e amatere jer ne moraju zauzimati puno prostora. \u0160tovi\u0161e, kompaktne orgulje je lako pomicati.<\/p>\n<p>Velika prednost orgulja iz Mixtuura je \u0161to sve orgulje rade uz softver Hauptwerk. Kroz <a href=\"http:\/\/mixtuur.com\/hr\/hauptwerk\">Hauptwerk<\/a> mo\u017eete svirati na vi\u0161e od 100 orgulja, na vlastitim kompaktnim orguljama. Hauptwerk daje realisti\u010dnu reprodukciju i osigurava da mo\u017eete svirati na svjetski poznatim orguljama.<\/p>\n<h2><strong>Koliko ko\u0161taju kompaktne orgulje?<\/strong><\/h2>\n<p>Kompaktne orgulje gotovo su uvijek izra\u0111ene po mjeri. Rado \u0107emo Vam re\u0107i vi\u0161e o svim opcijama i povezanim tro\u0161kovima. Zatra\u017eite na\u0161u bro\u0161uru ili dogovorite termin i posjetite na\u0161 izlo\u017ebeni prostor u Nizozemskoj. Budite inspirirani prekrasnim i posebnim Mixtuur orguljama i otkrijte sve prednosti Hauptwerka.<\/p>\n\n<div class=\"wpcf7 no-js\" id=\"wpcf7-f10830-o1\" lang=\"nl-NL\" dir=\"ltr\" data-wpcf7-id=\"10830\">\n<div class=\"screen-reader-response\"><p role=\"status\" aria-live=\"polite\" aria-atomic=\"true\"><\/p> <ul><\/ul><\/div>\n<form action=\"\/hr\/wp-json\/wp\/v2\/pages\/10905#wpcf7-f10830-o1\" method=\"post\" class=\"wpcf7-form init\" aria-label=\"Contact form\" novalidate=\"novalidate\" data-status=\"init\">\n<fieldset class=\"hidden-fields-container\"><input type=\"hidden\" name=\"_wpcf7\" value=\"10830\" \/><input type=\"hidden\" name=\"_wpcf7_version\" value=\"6.1.5\" \/><input type=\"hidden\" name=\"_wpcf7_locale\" value=\"nl_NL\" \/><input type=\"hidden\" name=\"_wpcf7_unit_tag\" value=\"wpcf7-f10830-o1\" \/><input type=\"hidden\" name=\"_wpcf7_container_post\" value=\"0\" \/><input type=\"hidden\" name=\"_wpcf7_posted_data_hash\" value=\"\" \/><input type=\"hidden\" name=\"_wpcf7_recaptcha_response\" value=\"\" \/>\n<\/fieldset>\n<p>Va\u0161e ime (obavezno)\n<\/p>\n<p><span class=\"wpcf7-form-control-wrap\" data-name=\"your-name\"><input size=\"40\" maxlength=\"400\" class=\"wpcf7-form-control wpcf7-text wpcf7-validates-as-required\" aria-required=\"true\" aria-invalid=\"false\" value=\"\" type=\"text\" name=\"your-name\" \/><\/span>\n<\/p>\n<p>Va\u0161 e-mail (obavezno)\n<\/p>\n<p><span class=\"wpcf7-form-control-wrap\" data-name=\"your-email\"><input size=\"40\" maxlength=\"400\" class=\"wpcf7-form-control wpcf7-email wpcf7-validates-as-required wpcf7-text wpcf7-validates-as-email\" aria-required=\"true\" aria-invalid=\"false\" value=\"\" type=\"email\" name=\"your-email\" \/><\/span>\n<\/p>\n<p>Broj telefona\n<\/p>\n<p><span class=\"wpcf7-form-control-wrap\" data-name=\"tel-650\"><input size=\"40\" maxlength=\"400\" class=\"wpcf7-form-control wpcf7-tel wpcf7-text wpcf7-validates-as-tel\" aria-invalid=\"false\" value=\"\" type=\"tel\" name=\"tel-650\" \/><\/span>\n<\/p>\n<p>Predmet \/ Naslov\n<\/p>\n<p><span class=\"wpcf7-form-control-wrap\" data-name=\"your-subject\"><input size=\"40\" maxlength=\"400\" class=\"wpcf7-form-control wpcf7-text\" aria-invalid=\"false\" value=\"\" type=\"text\" name=\"your-subject\" \/><\/span>\n<\/p>\n<p>Va\u0161a poruka\n<\/p>\n<p><span class=\"wpcf7-form-control-wrap\" data-name=\"your-message\"><textarea cols=\"40\" rows=\"10\" maxlength=\"2000\" class=\"wpcf7-form-control wpcf7-textarea\" aria-invalid=\"false\" name=\"your-message\"><\/textarea><\/span>\n<\/p>\n\n<p><input class=\"wpcf7-form-control wpcf7-submit has-spinner\" type=\"submit\" value=\"Po\u0161aljite\" \/>\n<\/p><div class=\"wpcf7-response-output\" aria-hidden=\"true\"><\/div>\n<\/form>\n<\/div>\n\n","protected":false},"excerpt":{"rendered":"<p>Kompaktne orgulje? Odaberite orgulje Izra\u0111ene po mjeri U Mixtuuru ne izra\u0111ujemo samo velike crkvene orgulje ili koncertne orgulje, kod nas mo\u017eete do\u0107i i po kompaktne orgulje. Nije svaka soba iste veli\u010dine, stoga orgulje prilago\u0111avamo okolini. Na primjer, ako \u017eelite male orgulje u svojoj dnevnoj sobi, ili kompaktan, prijenosni model u crkvi. Kompaktne orgulje su gotovo [&hellip;]<\/p>\n","protected":false},"author":17,"featured_media":0,"parent":0,"menu_order":0,"comment_status":"closed","ping_status":"closed","template":"","meta":{"footnotes":""},"class_list":["post-10905","page","type-page","status-publish","hentry"],"yoast_head":"<!-- This site is optimized with the Yoast SEO plugin v25.5 - https:\/\/yoast.com\/wordpress\/plugins\/seo\/ -->\n<title>Kompaktne orgulje - Mixtuur<\/title>\n<meta name=\"robots\" content=\"index, follow, max-snippet:-1, max-image-preview:large, max-video-preview:-1\" \/>\n<link rel=\"canonical\" href=\"https:\/\/www.mixtuur.com\/compact-orgel\/\" \/>\n<meta property=\"og:locale\" content=\"hr_HR\" \/>\n<meta property=\"og:type\" content=\"article\" \/>\n<meta property=\"og:title\" content=\"Kompaktne orgulje - Mixtuur\" \/>\n<meta property=\"og:description\" content=\"Kompaktne orgulje? Odaberite orgulje Izra\u0111ene po mjeri U Mixtuuru ne izra\u0111ujemo samo velike crkvene orgulje ili koncertne orgulje, kod nas mo\u017eete do\u0107i i po kompaktne orgulje. Nije svaka soba iste veli\u010dine, stoga orgulje prilago\u0111avamo okolini. Na primjer, ako \u017eelite male orgulje u svojoj dnevnoj sobi, ili kompaktan, prijenosni model u crkvi. Kompaktne orgulje su gotovo [&hellip;]\" \/>\n<meta property=\"og:url\" content=\"https:\/\/www.mixtuur.com\/compact-orgel\/\" \/>\n<meta property=\"og:site_name\" content=\"Mixtuur\" \/>\n<meta property=\"article:modified_time\" content=\"2022-03-01T11:07:35+00:00\" \/>\n<meta property=\"og:image\" content=\"https:\/\/www.mixtuur.com\/wordpress\/wp-content\/uploads\/2019\/09\/Compact-orgel.jpg\" \/>\n<meta name=\"twitter:card\" content=\"summary_large_image\" \/>\n<meta name=\"twitter:label1\" content=\"Est. reading time\" \/>\n\t<meta name=\"twitter:data1\" content=\"1 minute\" \/>\n<script type=\"application\/ld+json\" class=\"yoast-schema-graph\">{\"@context\":\"https:\/\/schema.org\",\"@graph\":[{\"@type\":\"WebPage\",\"@id\":\"https:\/\/www.mixtuur.com\/compact-orgel\/\",\"url\":\"https:\/\/www.mixtuur.com\/compact-orgel\/\",\"name\":\"Kompaktne orgulje - Mixtuur\",\"isPartOf\":{\"@id\":\"https:\/\/www.mixtuur.com\/#website\"},\"primaryImageOfPage\":{\"@id\":\"https:\/\/www.mixtuur.com\/compact-orgel\/#primaryimage\"},\"image\":{\"@id\":\"https:\/\/www.mixtuur.com\/compact-orgel\/#primaryimage\"},\"thumbnailUrl\":\"https:\/\/www.mixtuur.com\/wp-content\/uploads\/2019\/09\/Compact-orgel.jpg\",\"datePublished\":\"2019-09-25T13:21:20+00:00\",\"dateModified\":\"2022-03-01T11:07:35+00:00\",\"breadcrumb\":{\"@id\":\"https:\/\/www.mixtuur.com\/compact-orgel\/#breadcrumb\"},\"inLanguage\":\"hr-HR\",\"potentialAction\":[{\"@type\":\"ReadAction\",\"target\":[\"https:\/\/www.mixtuur.com\/compact-orgel\/\"]}]},{\"@type\":\"ImageObject\",\"inLanguage\":\"hr-HR\",\"@id\":\"https:\/\/www.mixtuur.com\/compact-orgel\/#primaryimage\",\"url\":\"https:\/\/www.mixtuur.com\/wp-content\/uploads\/2019\/09\/Compact-orgel.jpg\",\"contentUrl\":\"https:\/\/www.mixtuur.com\/wp-content\/uploads\/2019\/09\/Compact-orgel.jpg\"},{\"@type\":\"BreadcrumbList\",\"@id\":\"https:\/\/www.mixtuur.com\/compact-orgel\/#breadcrumb\",\"itemListElement\":[{\"@type\":\"ListItem\",\"position\":1,\"name\":\"Home\",\"item\":\"https:\/\/www.mixtuur.com\/hr\/\"},{\"@type\":\"ListItem\",\"position\":2,\"name\":\"Kompaktne orgulje\"}]},{\"@type\":\"WebSite\",\"@id\":\"https:\/\/www.mixtuur.com\/#website\",\"url\":\"https:\/\/www.mixtuur.com\/\",\"name\":\"Mixtuur\",\"description\":\"The Authentic Sound\",\"potentialAction\":[{\"@type\":\"SearchAction\",\"target\":{\"@type\":\"EntryPoint\",\"urlTemplate\":\"https:\/\/www.mixtuur.com\/?s={search_term_string}\"},\"query-input\":{\"@type\":\"PropertyValueSpecification\",\"valueRequired\":true,\"valueName\":\"search_term_string\"}}],\"inLanguage\":\"hr-HR\"}]}<\/script>\n<!-- \/ Yoast SEO plugin. -->","yoast_head_json":{"title":"Kompaktne orgulje - Mixtuur","robots":{"index":"index","follow":"follow","max-snippet":"max-snippet:-1","max-image-preview":"max-image-preview:large","max-video-preview":"max-video-preview:-1"},"canonical":"https:\/\/www.mixtuur.com\/compact-orgel\/","og_locale":"hr_HR","og_type":"article","og_title":"Kompaktne orgulje - Mixtuur","og_description":"Kompaktne orgulje? Odaberite orgulje Izra\u0111ene po mjeri U Mixtuuru ne izra\u0111ujemo samo velike crkvene orgulje ili koncertne orgulje, kod nas mo\u017eete do\u0107i i po kompaktne orgulje. Nije svaka soba iste veli\u010dine, stoga orgulje prilago\u0111avamo okolini. Na primjer, ako \u017eelite male orgulje u svojoj dnevnoj sobi, ili kompaktan, prijenosni model u crkvi. Kompaktne orgulje su gotovo [&hellip;]","og_url":"https:\/\/www.mixtuur.com\/compact-orgel\/","og_site_name":"Mixtuur","article_modified_time":"2022-03-01T11:07:35+00:00","og_image":[{"url":"https:\/\/www.mixtuur.com\/wordpress\/wp-content\/uploads\/2019\/09\/Compact-orgel.jpg","type":"","width":"","height":""}],"twitter_card":"summary_large_image","twitter_misc":{"Est. reading time":"1 minute"},"schema":{"@context":"https:\/\/schema.org","@graph":[{"@type":"WebPage","@id":"https:\/\/www.mixtuur.com\/compact-orgel\/","url":"https:\/\/www.mixtuur.com\/compact-orgel\/","name":"Kompaktne orgulje - Mixtuur","isPartOf":{"@id":"https:\/\/www.mixtuur.com\/#website"},"primaryImageOfPage":{"@id":"https:\/\/www.mixtuur.com\/compact-orgel\/#primaryimage"},"image":{"@id":"https:\/\/www.mixtuur.com\/compact-orgel\/#primaryimage"},"thumbnailUrl":"https:\/\/www.mixtuur.com\/wp-content\/uploads\/2019\/09\/Compact-orgel.jpg","datePublished":"2019-09-25T13:21:20+00:00","dateModified":"2022-03-01T11:07:35+00:00","breadcrumb":{"@id":"https:\/\/www.mixtuur.com\/compact-orgel\/#breadcrumb"},"inLanguage":"hr-HR","potentialAction":[{"@type":"ReadAction","target":["https:\/\/www.mixtuur.com\/compact-orgel\/"]}]},{"@type":"ImageObject","inLanguage":"hr-HR","@id":"https:\/\/www.mixtuur.com\/compact-orgel\/#primaryimage","url":"https:\/\/www.mixtuur.com\/wp-content\/uploads\/2019\/09\/Compact-orgel.jpg","contentUrl":"https:\/\/www.mixtuur.com\/wp-content\/uploads\/2019\/09\/Compact-orgel.jpg"},{"@type":"BreadcrumbList","@id":"https:\/\/www.mixtuur.com\/compact-orgel\/#breadcrumb","itemListElement":[{"@type":"ListItem","position":1,"name":"Home","item":"https:\/\/www.mixtuur.com\/hr\/"},{"@type":"ListItem","position":2,"name":"Kompaktne orgulje"}]},{"@type":"WebSite","@id":"https:\/\/www.mixtuur.com\/#website","url":"https:\/\/www.mixtuur.com\/","name":"Mixtuur","description":"The Authentic Sound","potentialAction":[{"@type":"SearchAction","target":{"@type":"EntryPoint","urlTemplate":"https:\/\/www.mixtuur.com\/?s={search_term_string}"},"query-input":{"@type":"PropertyValueSpecification","valueRequired":true,"valueName":"search_term_string"}}],"inLanguage":"hr-HR"}]}},"_links":{"self":[{"href":"https:\/\/www.mixtuur.com\/hr\/wp-json\/wp\/v2\/pages\/10905","targetHints":{"allow":["GET"]}}],"collection":[{"href":"https:\/\/www.mixtuur.com\/hr\/wp-json\/wp\/v2\/pages"}],"about":[{"href":"https:\/\/www.mixtuur.com\/hr\/wp-json\/wp\/v2\/types\/page"}],"author":[{"embeddable":true,"href":"https:\/\/www.mixtuur.com\/hr\/wp-json\/wp\/v2\/users\/17"}],"replies":[{"embeddable":true,"href":"https:\/\/www.mixtuur.com\/hr\/wp-json\/wp\/v2\/comments?post=10905"}],"version-history":[{"count":2,"href":"https:\/\/www.mixtuur.com\/hr\/wp-json\/wp\/v2\/pages\/10905\/revisions"}],"predecessor-version":[{"id":10908,"href":"https:\/\/www.mixtuur.com\/hr\/wp-json\/wp\/v2\/pages\/10905\/revisions\/10908"}],"wp:attachment":[{"href":"https:\/\/www.mixtuur.com\/hr\/wp-json\/wp\/v2\/media?parent=10905"}],"curies":[{"name":"wp","href":"https:\/\/api.w.org\/{rel}","templated":true}]}}