{"id":10899,"date":"2020-09-24T08:44:15","date_gmt":"2020-09-24T06:44:15","guid":{"rendered":"https:\/\/www.mixtuur.com\/classical-organ\/"},"modified":"2022-03-01T12:00:22","modified_gmt":"2022-03-01T11:00:22","slug":"klasicne-orgulje-2","status":"publish","type":"page","link":"https:\/\/www.mixtuur.com\/hr\/klasicne-orgulje-2\/","title":{"rendered":"Klasi\u010dne orgulje"},"content":{"rendered":"<h1>Klasi\u010dne orgulje<\/h1>\n<p><strong>U crkvama i koncertnim dvoranama jo\u0161 se uvijek mogu prona\u0107i klasi\u010dne orgulje. Miris drevnog drvenog ku\u0107i\u0161ta sviraonika i popratni nostalgi\u010dni osje\u0107aj karakteristi\u010dni su za sviranje na klasi\u010dnim orguljama. Razlog za\u0161to neke crkve ne \u017eele prije\u0107i na digitalne orgulje je taj \u0161to se boje izgubiti taj \u010disti osje\u0107aj. Istovremeno, orgulje Hauptwerk su najbolja alternativa klasi\u010dnim orguljama. Mixtuur Vam obja\u0161njava za\u0161to je to tako. <\/strong><\/p>\n<p>Klasi\u010dne orgulje sastoje se od brojnih svirala, od kojih svaka proizvodi svoj zvuk. Kada orgulja\u0161 pritisne tipku, mehanizam upuhuje zrak u jednu ili vi\u0161e svirala, \u0161to zatim proizvodi zvuk. Ovisno o koli\u010dini manuala i svirala, na jednim orguljama mo\u017ee se proizvesti do stotine zvukova.<\/p>\n<h2><strong>Klasi\u010dne ili digitalne? <\/strong><\/h2>\n<p>Koje su to\u010dno razlike izme\u0111u klasi\u010dnih i digitalnih orgulja? Kao \u0161to je gore Koje su to\u010dno razlike izme\u0111u klasi\u010dnih i digitalnih orgulja? Kao \u0161to je gore opisano, klasi\u010dne orgulje sa sviralama pokre\u0107e zrak. Zrak koji struji kroz svirale proizvodi odre\u0111eni zvuk. S druge strane, digitalnim orguljama upravlja takozvani MIDI softver.<\/p>\n<p>Digitalne orgulje iz Mixtuura kontrolira softverski program Hauptwerk. Setovi zvukovnih uzoraka od 100+ razli\u010ditih orgulja mogu se u\u010ditati pomo\u0107u Hauptwerka. Kada orgulja\u0161 pritisne tipku, \u0161alje se signal koji se zatim putem ra\u010dunala povezuje s odgovaraju\u0107im zvukom. Velika prednost Hauptwerka je \u0161to mo\u017eete svirati na svjetski poznatim orguljama, a sve zahvaljuju\u0107i sofisticiranom softveru Hauptwerk. \u0160tovi\u0161e, zvuk Hauptwerk orgulja ne razlikuje se od klasi\u010dnih orgulja!<\/p>\n<p><a href=\"https:\/\/www.mixtuur.com\/wp-content\/uploads\/2020\/09\/Classical-organ.jpg\"><img loading=\"lazy\" decoding=\"async\" class=\"alignnone size-full wp-image-8641\" src=\"https:\/\/www.mixtuur.com\/wp-content\/uploads\/2020\/09\/Classical-organ.jpg\" alt=\"\" width=\"1500\" height=\"1000\" srcset=\"https:\/\/www.mixtuur.com\/wp-content\/uploads\/2020\/09\/Classical-organ.jpg 1500w, https:\/\/www.mixtuur.com\/wp-content\/uploads\/2020\/09\/Classical-organ-300x200.jpg 300w, https:\/\/www.mixtuur.com\/wp-content\/uploads\/2020\/09\/Classical-organ-1030x687.jpg 1030w, https:\/\/www.mixtuur.com\/wp-content\/uploads\/2020\/09\/Classical-organ-768x512.jpg 768w, https:\/\/www.mixtuur.com\/wp-content\/uploads\/2020\/09\/Classical-organ-705x470.jpg 705w, https:\/\/www.mixtuur.com\/wp-content\/uploads\/2020\/09\/Classical-organ-450x300.jpg 450w\" sizes=\"auto, (max-width: 1500px) 100vw, 1500px\" \/><\/a><\/p>\n<h2><strong>Klasi\u010dne digitalne orgulje za kod ku\u0107e ili u crkvi<\/strong><\/h2>\n<p>U Mixtuuru smo specijalizirani za izradu digitalnih orgulja klasi\u010dnog izgleda. \u0160tovi\u0161e, mogu\u0107e je kombinirati postoje\u0107e orgulje s Hauptwerkom. Na taj na\u010din ne\u0107e se izgubiti ni\u0161ta od izgleda klasi\u010dnih orgulja. Kombinacija postoje\u0107ih orgulja s digitalnim orguljama \u010desto se izra\u0111uje po mjeri. Na\u0161i stru\u010dnjaci rado \u0107e s Vama unaprijed razgovarati o opcijama.<\/p>\n<p>Bilo da tra\u017eite orgulje za dom, crkvu ili neku drugu priliku: u Mixtuuru ste u pravim rukama. Na\u0161e Mixtuur orgulje vrlo su prikladne za pojedince koji bi \u017eeljeli svirati orgulje kod ku\u0107e. U kombinaciji s Hauptwerkom najljep\u0161e skladbe mo\u017eete svirati kod ku\u0107e, na svjetski poznatim orguljama. Pogledajte na\u0161e orgulje u dnevnoj sobi ili zatra\u017eite digitalnu bro\u0161uru.<\/p>\n<h2><strong>Do\u017eivite digitalne orgulje<\/strong><\/h2>\n<p>U salonu Mixtuur mo\u017eete sami iskusiti kako je svirati digitalne Hauptwerk orgulje. Ispunite obrazac ispod i odmah dogovorite termin.<\/p>\n\n<div class=\"wpcf7 no-js\" id=\"wpcf7-f10830-o1\" lang=\"nl-NL\" dir=\"ltr\" data-wpcf7-id=\"10830\">\n<div class=\"screen-reader-response\"><p role=\"status\" aria-live=\"polite\" aria-atomic=\"true\"><\/p> <ul><\/ul><\/div>\n<form action=\"\/hr\/wp-json\/wp\/v2\/pages\/10899#wpcf7-f10830-o1\" method=\"post\" class=\"wpcf7-form init\" aria-label=\"Contact form\" novalidate=\"novalidate\" data-status=\"init\">\n<fieldset class=\"hidden-fields-container\"><input type=\"hidden\" name=\"_wpcf7\" value=\"10830\" \/><input type=\"hidden\" name=\"_wpcf7_version\" value=\"6.1.5\" \/><input type=\"hidden\" name=\"_wpcf7_locale\" value=\"nl_NL\" \/><input type=\"hidden\" name=\"_wpcf7_unit_tag\" value=\"wpcf7-f10830-o1\" \/><input type=\"hidden\" name=\"_wpcf7_container_post\" value=\"0\" \/><input type=\"hidden\" name=\"_wpcf7_posted_data_hash\" value=\"\" \/><input type=\"hidden\" name=\"_wpcf7_recaptcha_response\" value=\"\" \/>\n<\/fieldset>\n<p>Va\u0161e ime (obavezno)\n<\/p>\n<p><span class=\"wpcf7-form-control-wrap\" data-name=\"your-name\"><input size=\"40\" maxlength=\"400\" class=\"wpcf7-form-control wpcf7-text wpcf7-validates-as-required\" aria-required=\"true\" aria-invalid=\"false\" value=\"\" type=\"text\" name=\"your-name\" \/><\/span>\n<\/p>\n<p>Va\u0161 e-mail (obavezno)\n<\/p>\n<p><span class=\"wpcf7-form-control-wrap\" data-name=\"your-email\"><input size=\"40\" maxlength=\"400\" class=\"wpcf7-form-control wpcf7-email wpcf7-validates-as-required wpcf7-text wpcf7-validates-as-email\" aria-required=\"true\" aria-invalid=\"false\" value=\"\" type=\"email\" name=\"your-email\" \/><\/span>\n<\/p>\n<p>Broj telefona\n<\/p>\n<p><span class=\"wpcf7-form-control-wrap\" data-name=\"tel-650\"><input size=\"40\" maxlength=\"400\" class=\"wpcf7-form-control wpcf7-tel wpcf7-text wpcf7-validates-as-tel\" aria-invalid=\"false\" value=\"\" type=\"tel\" name=\"tel-650\" \/><\/span>\n<\/p>\n<p>Predmet \/ Naslov\n<\/p>\n<p><span class=\"wpcf7-form-control-wrap\" data-name=\"your-subject\"><input size=\"40\" maxlength=\"400\" class=\"wpcf7-form-control wpcf7-text\" aria-invalid=\"false\" value=\"\" type=\"text\" name=\"your-subject\" \/><\/span>\n<\/p>\n<p>Va\u0161a poruka\n<\/p>\n<p><span class=\"wpcf7-form-control-wrap\" data-name=\"your-message\"><textarea cols=\"40\" rows=\"10\" maxlength=\"2000\" class=\"wpcf7-form-control wpcf7-textarea\" aria-invalid=\"false\" name=\"your-message\"><\/textarea><\/span>\n<\/p>\n\n<p><input class=\"wpcf7-form-control wpcf7-submit has-spinner\" type=\"submit\" value=\"Po\u0161aljite\" \/>\n<\/p><div class=\"wpcf7-response-output\" aria-hidden=\"true\"><\/div>\n<\/form>\n<\/div>\n\n","protected":false},"excerpt":{"rendered":"<p>Klasi\u010dne orgulje U crkvama i koncertnim dvoranama jo\u0161 se uvijek mogu prona\u0107i klasi\u010dne orgulje. Miris drevnog drvenog ku\u0107i\u0161ta sviraonika i popratni nostalgi\u010dni osje\u0107aj karakteristi\u010dni su za sviranje na klasi\u010dnim orguljama. Razlog za\u0161to neke crkve ne \u017eele prije\u0107i na digitalne orgulje je taj \u0161to se boje izgubiti taj \u010disti osje\u0107aj. Istovremeno, orgulje Hauptwerk su najbolja alternativa [&hellip;]<\/p>\n","protected":false},"author":17,"featured_media":0,"parent":0,"menu_order":0,"comment_status":"closed","ping_status":"closed","template":"","meta":{"footnotes":""},"class_list":["post-10899","page","type-page","status-publish","hentry"],"yoast_head":"<!-- This site is optimized with the Yoast SEO plugin v25.5 - https:\/\/yoast.com\/wordpress\/plugins\/seo\/ -->\n<title>Classic organ? A Hauptwerk organ is the best alternative<\/title>\n<meta name=\"description\" content=\"At Mixtuur we specialize in building digital organs with a classic look. Moreover, it is also possible to combine an existing pipe organ with Hauptwerk.\" \/>\n<meta name=\"robots\" content=\"index, follow, max-snippet:-1, max-image-preview:large, max-video-preview:-1\" \/>\n<link rel=\"canonical\" href=\"https:\/\/www.mixtuur.com\/hr\/klasicne-orgulje-2\/\" \/>\n<meta property=\"og:locale\" content=\"hr_HR\" \/>\n<meta property=\"og:type\" content=\"article\" \/>\n<meta property=\"og:title\" content=\"Classic organ? A Hauptwerk organ is the best alternative\" \/>\n<meta property=\"og:description\" content=\"At Mixtuur we specialize in building digital organs with a classic look. Moreover, it is also possible to combine an existing pipe organ with Hauptwerk.\" \/>\n<meta property=\"og:url\" content=\"https:\/\/www.mixtuur.com\/hr\/klasicne-orgulje-2\/\" \/>\n<meta property=\"og:site_name\" content=\"Mixtuur\" \/>\n<meta property=\"article:modified_time\" content=\"2022-03-01T11:00:22+00:00\" \/>\n<meta property=\"og:image\" content=\"https:\/\/www.mixtuur.com\/wordpress\/wp-content\/uploads\/2020\/09\/Classical-organ.jpg\" \/>\n<meta name=\"twitter:card\" content=\"summary_large_image\" \/>\n<meta name=\"twitter:label1\" content=\"Est. reading time\" \/>\n\t<meta name=\"twitter:data1\" content=\"2 minutes\" \/>\n<script type=\"application\/ld+json\" class=\"yoast-schema-graph\">{\"@context\":\"https:\/\/schema.org\",\"@graph\":[{\"@type\":\"WebPage\",\"@id\":\"https:\/\/www.mixtuur.com\/hr\/klasicne-orgulje-2\/\",\"url\":\"https:\/\/www.mixtuur.com\/hr\/klasicne-orgulje-2\/\",\"name\":\"Classic organ? A Hauptwerk organ is the best alternative\",\"isPartOf\":{\"@id\":\"https:\/\/www.mixtuur.com\/#website\"},\"primaryImageOfPage\":{\"@id\":\"https:\/\/www.mixtuur.com\/hr\/klasicne-orgulje-2\/#primaryimage\"},\"image\":{\"@id\":\"https:\/\/www.mixtuur.com\/hr\/klasicne-orgulje-2\/#primaryimage\"},\"thumbnailUrl\":\"https:\/\/www.mixtuur.com\/wp-content\/uploads\/2020\/09\/Classical-organ.jpg\",\"datePublished\":\"2020-09-24T06:44:15+00:00\",\"dateModified\":\"2022-03-01T11:00:22+00:00\",\"description\":\"At Mixtuur we specialize in building digital organs with a classic look. Moreover, it is also possible to combine an existing pipe organ with Hauptwerk.\",\"breadcrumb\":{\"@id\":\"https:\/\/www.mixtuur.com\/hr\/klasicne-orgulje-2\/#breadcrumb\"},\"inLanguage\":\"hr-HR\",\"potentialAction\":[{\"@type\":\"ReadAction\",\"target\":[\"https:\/\/www.mixtuur.com\/hr\/klasicne-orgulje-2\/\"]}]},{\"@type\":\"ImageObject\",\"inLanguage\":\"hr-HR\",\"@id\":\"https:\/\/www.mixtuur.com\/hr\/klasicne-orgulje-2\/#primaryimage\",\"url\":\"https:\/\/www.mixtuur.com\/wp-content\/uploads\/2020\/09\/Classical-organ.jpg\",\"contentUrl\":\"https:\/\/www.mixtuur.com\/wp-content\/uploads\/2020\/09\/Classical-organ.jpg\"},{\"@type\":\"BreadcrumbList\",\"@id\":\"https:\/\/www.mixtuur.com\/hr\/klasicne-orgulje-2\/#breadcrumb\",\"itemListElement\":[{\"@type\":\"ListItem\",\"position\":1,\"name\":\"Home\",\"item\":\"https:\/\/www.mixtuur.com\/hr\/\"},{\"@type\":\"ListItem\",\"position\":2,\"name\":\"Klasi\u010dne orgulje\"}]},{\"@type\":\"WebSite\",\"@id\":\"https:\/\/www.mixtuur.com\/#website\",\"url\":\"https:\/\/www.mixtuur.com\/\",\"name\":\"Mixtuur\",\"description\":\"The Authentic Sound\",\"potentialAction\":[{\"@type\":\"SearchAction\",\"target\":{\"@type\":\"EntryPoint\",\"urlTemplate\":\"https:\/\/www.mixtuur.com\/?s={search_term_string}\"},\"query-input\":{\"@type\":\"PropertyValueSpecification\",\"valueRequired\":true,\"valueName\":\"search_term_string\"}}],\"inLanguage\":\"hr-HR\"}]}<\/script>\n<!-- \/ Yoast SEO plugin. -->","yoast_head_json":{"title":"Classic organ? A Hauptwerk organ is the best alternative","description":"At Mixtuur we specialize in building digital organs with a classic look. Moreover, it is also possible to combine an existing pipe organ with Hauptwerk.","robots":{"index":"index","follow":"follow","max-snippet":"max-snippet:-1","max-image-preview":"max-image-preview:large","max-video-preview":"max-video-preview:-1"},"canonical":"https:\/\/www.mixtuur.com\/hr\/klasicne-orgulje-2\/","og_locale":"hr_HR","og_type":"article","og_title":"Classic organ? A Hauptwerk organ is the best alternative","og_description":"At Mixtuur we specialize in building digital organs with a classic look. Moreover, it is also possible to combine an existing pipe organ with Hauptwerk.","og_url":"https:\/\/www.mixtuur.com\/hr\/klasicne-orgulje-2\/","og_site_name":"Mixtuur","article_modified_time":"2022-03-01T11:00:22+00:00","og_image":[{"url":"https:\/\/www.mixtuur.com\/wordpress\/wp-content\/uploads\/2020\/09\/Classical-organ.jpg","type":"","width":"","height":""}],"twitter_card":"summary_large_image","twitter_misc":{"Est. reading time":"2 minutes"},"schema":{"@context":"https:\/\/schema.org","@graph":[{"@type":"WebPage","@id":"https:\/\/www.mixtuur.com\/hr\/klasicne-orgulje-2\/","url":"https:\/\/www.mixtuur.com\/hr\/klasicne-orgulje-2\/","name":"Classic organ? A Hauptwerk organ is the best alternative","isPartOf":{"@id":"https:\/\/www.mixtuur.com\/#website"},"primaryImageOfPage":{"@id":"https:\/\/www.mixtuur.com\/hr\/klasicne-orgulje-2\/#primaryimage"},"image":{"@id":"https:\/\/www.mixtuur.com\/hr\/klasicne-orgulje-2\/#primaryimage"},"thumbnailUrl":"https:\/\/www.mixtuur.com\/wp-content\/uploads\/2020\/09\/Classical-organ.jpg","datePublished":"2020-09-24T06:44:15+00:00","dateModified":"2022-03-01T11:00:22+00:00","description":"At Mixtuur we specialize in building digital organs with a classic look. Moreover, it is also possible to combine an existing pipe organ with Hauptwerk.","breadcrumb":{"@id":"https:\/\/www.mixtuur.com\/hr\/klasicne-orgulje-2\/#breadcrumb"},"inLanguage":"hr-HR","potentialAction":[{"@type":"ReadAction","target":["https:\/\/www.mixtuur.com\/hr\/klasicne-orgulje-2\/"]}]},{"@type":"ImageObject","inLanguage":"hr-HR","@id":"https:\/\/www.mixtuur.com\/hr\/klasicne-orgulje-2\/#primaryimage","url":"https:\/\/www.mixtuur.com\/wp-content\/uploads\/2020\/09\/Classical-organ.jpg","contentUrl":"https:\/\/www.mixtuur.com\/wp-content\/uploads\/2020\/09\/Classical-organ.jpg"},{"@type":"BreadcrumbList","@id":"https:\/\/www.mixtuur.com\/hr\/klasicne-orgulje-2\/#breadcrumb","itemListElement":[{"@type":"ListItem","position":1,"name":"Home","item":"https:\/\/www.mixtuur.com\/hr\/"},{"@type":"ListItem","position":2,"name":"Klasi\u010dne orgulje"}]},{"@type":"WebSite","@id":"https:\/\/www.mixtuur.com\/#website","url":"https:\/\/www.mixtuur.com\/","name":"Mixtuur","description":"The Authentic Sound","potentialAction":[{"@type":"SearchAction","target":{"@type":"EntryPoint","urlTemplate":"https:\/\/www.mixtuur.com\/?s={search_term_string}"},"query-input":{"@type":"PropertyValueSpecification","valueRequired":true,"valueName":"search_term_string"}}],"inLanguage":"hr-HR"}]}},"_links":{"self":[{"href":"https:\/\/www.mixtuur.com\/hr\/wp-json\/wp\/v2\/pages\/10899","targetHints":{"allow":["GET"]}}],"collection":[{"href":"https:\/\/www.mixtuur.com\/hr\/wp-json\/wp\/v2\/pages"}],"about":[{"href":"https:\/\/www.mixtuur.com\/hr\/wp-json\/wp\/v2\/types\/page"}],"author":[{"embeddable":true,"href":"https:\/\/www.mixtuur.com\/hr\/wp-json\/wp\/v2\/users\/17"}],"replies":[{"embeddable":true,"href":"https:\/\/www.mixtuur.com\/hr\/wp-json\/wp\/v2\/comments?post=10899"}],"version-history":[{"count":2,"href":"https:\/\/www.mixtuur.com\/hr\/wp-json\/wp\/v2\/pages\/10899\/revisions"}],"predecessor-version":[{"id":10902,"href":"https:\/\/www.mixtuur.com\/hr\/wp-json\/wp\/v2\/pages\/10899\/revisions\/10902"}],"wp:attachment":[{"href":"https:\/\/www.mixtuur.com\/hr\/wp-json\/wp\/v2\/media?parent=10899"}],"curies":[{"name":"wp","href":"https:\/\/api.w.org\/{rel}","templated":true}]}}