{"id":10853,"date":"2018-07-25T13:13:15","date_gmt":"2018-07-25T11:13:15","guid":{"rendered":"https:\/\/www.mixtuur.com\/church-organ-for-sale-who-are-the-best-providers\/"},"modified":"2022-03-01T11:17:05","modified_gmt":"2022-03-01T10:17:05","slug":"crkvene-orgulje-na-prodaju-tko-su-najbolji-dobavljaci","status":"publish","type":"page","link":"https:\/\/www.mixtuur.com\/hr\/crkvene-orgulje-na-prodaju-tko-su-najbolji-dobavljaci\/","title":{"rendered":"Crkvene orgulje na prodaju: tko su najbolji dobavlja\u010di?"},"content":{"rendered":"<h1><strong>Crkvene orgulje na prodaju: tko su najbolji dobavlja\u010di?<\/strong><\/h1>\n<p><b><strong>\u017delite li kupiti nove crkvene orgulje? Bilo da je potrebno zamijeniti Va\u0161e stare crkvene orgulje ili \u017eelite pokrenuti novu crkvenu zajednicu, rado \u0107emo navesti najbolje dobavlja\u010de za Vas.<\/strong> <\/b><\/p>\n<p><img loading=\"lazy\" decoding=\"async\" class=\"alignnone size-featured_large wp-image-4461\" src=\"https:\/\/www.mixtuur.com\/wp-content\/uploads\/2018\/05\/01-gottfried-silbermann-organ-1500x630.jpg\" alt=\"\" width=\"1500\" height=\"630\" \/><\/p>\n<h3><strong>Ru\u010dno ra\u0111ene orgulje sa sviralama<\/strong><\/h3>\n<p><span style=\"font-weight: 400;\">Kod klasi\u010dnih orguljara mo\u017eete kupiti ru\u010dno ra\u0111ene orgulje koje su izra\u0111ene po mjeri za Va\u0161u crkvu. Takve se orgulje sastoje se od stotina razli\u010ditih dijelova. Orgulje su prilago\u0111ene posebno za Vas, stoga svakako razgovarajte o svim Va\u0161im \u017eeljama i potrebama s graditeljem kako biste ispunili svoja o\u010dekivanja i standarde. <\/span><\/p>\n<h3><strong>Rabljene orgulje<\/strong><\/h3>\n<p>\u017delite li u svojoj crkvi imati nove orgulje, a ne ulagati puno novca u potpuno nove? Jeftinija alternativa su rabljene orgulje. Znate li da se mnoge stare klasi\u010dne orgulje mogu prona\u0107i na Ebayu? Tako\u0111er, mo\u017eda \u0107ete htjeti pitati neku drugu crkvenu zajednicu i eventualno preuzeti njihov stari instrument.<\/p>\n<h3><strong>Hibridne orgulje<\/strong><\/h3>\n<p>Za crkve koje ve\u0107 imaju orgulje, ali bi \u017eeljele prije\u0107i na digitalne orgulje, postoji dobra alternativa. Mixtuur stvara hibridne orgulje. Ovo je kombinacija postoje\u0107ih orgulja i digitalnih orgulja Mixtuura. Idealno rje\u0161enje kada \u017eelite pro\u0161iriti svoje crkvene orgulje. Pritom, zvukovi trenutnih orgulja se ne\u0107e izgubiti.<\/p>\n<h3><strong>Hauptwerk orgulje<\/strong><\/h3>\n<p>S <a href=\"https:\/\/www.mixtuur.com\/hr\/hauptwerk\/\">Hauptwerk<\/a> orguljama mo\u017eete svirati na brojnim orguljama, o \u010demu ina\u010de mo\u017eete samo sanjati. Uz mo\u0107ni softverski program, nekoliko setova zvukovnih uzoraka mo\u017ee se u\u010ditati iz stotina razli\u010ditih orgulja.<\/p>\n<p>Zvukovi svake pojedine svirale orgulja snimaju se zasebno. Zabilje\u017eit \u0107e se i dodir tona, razvoj zvuka i odnos tona. To osigurava da se zvuk pri sviranju Hauptwerk orgulje te\u0161ko razlikuje od klasi\u010dnih orgulja.<\/p>\n<p>Jedna od prednosti Hauptwerk orgulja je ta \u0161to mo\u017eete preuzeti mnogo razli\u010ditih setova zvukovnih uzoraka, tako da mo\u017eete svirati na stotinama razli\u010ditih orgulja. Svake sa svojim jedinstvenim zvukom.<\/p>\n<p><img loading=\"lazy\" decoding=\"async\" class=\"alignnone size-featured_large wp-image-1820\" src=\"https:\/\/www.mixtuur.com\/wp-content\/uploads\/2017\/11\/MG_9915-1500x630.jpg\" alt=\"Mixtuur heeft de audio vernieuwd van deze orgel in Duitsland\" width=\"1500\" height=\"630\" \/><\/p>\n<p>\u017delite li dobiti vi\u0161e informacija ili imate pitanja? Slobodno nas <a href=\"https:\/\/www.mixtuur.com\/hr\/kontakt\/\">kontaktirajte<\/a>.<\/p>\n","protected":false},"excerpt":{"rendered":"<p>Crkvene orgulje na prodaju: tko su najbolji dobavlja\u010di? \u017delite li kupiti nove crkvene orgulje? Bilo da je potrebno zamijeniti Va\u0161e stare crkvene orgulje ili \u017eelite pokrenuti novu crkvenu zajednicu, rado \u0107emo navesti najbolje dobavlja\u010de za Vas. Ru\u010dno ra\u0111ene orgulje sa sviralama Kod klasi\u010dnih orguljara mo\u017eete kupiti ru\u010dno ra\u0111ene orgulje koje su izra\u0111ene po mjeri za [&hellip;]<\/p>\n","protected":false},"author":13,"featured_media":0,"parent":0,"menu_order":0,"comment_status":"closed","ping_status":"closed","template":"","meta":{"footnotes":""},"class_list":["post-10853","page","type-page","status-publish","hentry"],"yoast_head":"<!-- This site is optimized with the Yoast SEO plugin v25.5 - https:\/\/yoast.com\/wordpress\/plugins\/seo\/ -->\n<title>Church organ for sale: who are the best providers?<\/title>\n<meta name=\"description\" content=\"Would you like to buy a new church organ?\u00a0Whether your old church organ needs to be replaced or if you want to start a bran new municipality, we are happy to list the best providers for you.\" \/>\n<meta name=\"robots\" content=\"index, follow, max-snippet:-1, max-image-preview:large, max-video-preview:-1\" \/>\n<link rel=\"canonical\" href=\"https:\/\/www.mixtuur.com\/beste-aanbieders-kerkorgel\/\" \/>\n<meta property=\"og:locale\" content=\"hr_HR\" \/>\n<meta property=\"og:type\" content=\"article\" \/>\n<meta property=\"og:title\" content=\"Church organ for sale: who are the best providers?\" \/>\n<meta property=\"og:description\" content=\"Would you like to buy a new church organ?\u00a0Whether your old church organ needs to be replaced or if you want to start a bran new municipality, we are happy to list the best providers for you.\" \/>\n<meta property=\"og:url\" content=\"https:\/\/www.mixtuur.com\/beste-aanbieders-kerkorgel\/\" \/>\n<meta property=\"og:site_name\" content=\"Mixtuur\" \/>\n<meta property=\"article:modified_time\" content=\"2022-03-01T10:17:05+00:00\" \/>\n<meta property=\"og:image\" content=\"https:\/\/www.mixtuur.com\/wordpress\/wp-content\/uploads\/2018\/05\/01-gottfried-silbermann-organ-1500x630.jpg\" \/>\n<meta name=\"twitter:card\" content=\"summary_large_image\" \/>\n<meta name=\"twitter:label1\" content=\"Est. reading time\" \/>\n\t<meta name=\"twitter:data1\" content=\"2 minutes\" \/>\n<script type=\"application\/ld+json\" class=\"yoast-schema-graph\">{\"@context\":\"https:\/\/schema.org\",\"@graph\":[{\"@type\":\"WebPage\",\"@id\":\"https:\/\/www.mixtuur.com\/beste-aanbieders-kerkorgel\/\",\"url\":\"https:\/\/www.mixtuur.com\/beste-aanbieders-kerkorgel\/\",\"name\":\"Church organ for sale: who are the best providers?\",\"isPartOf\":{\"@id\":\"https:\/\/www.mixtuur.com\/#website\"},\"primaryImageOfPage\":{\"@id\":\"https:\/\/www.mixtuur.com\/beste-aanbieders-kerkorgel\/#primaryimage\"},\"image\":{\"@id\":\"https:\/\/www.mixtuur.com\/beste-aanbieders-kerkorgel\/#primaryimage\"},\"thumbnailUrl\":\"https:\/\/www.mixtuur.com\/wp-content\/uploads\/2018\/05\/01-gottfried-silbermann-organ-1500x630.jpg\",\"datePublished\":\"2018-07-25T11:13:15+00:00\",\"dateModified\":\"2022-03-01T10:17:05+00:00\",\"description\":\"Would you like to buy a new church organ?\u00a0Whether your old church organ needs to be replaced or if you want to start a bran new municipality, we are happy to list the best providers for you.\",\"breadcrumb\":{\"@id\":\"https:\/\/www.mixtuur.com\/beste-aanbieders-kerkorgel\/#breadcrumb\"},\"inLanguage\":\"hr-HR\",\"potentialAction\":[{\"@type\":\"ReadAction\",\"target\":[\"https:\/\/www.mixtuur.com\/beste-aanbieders-kerkorgel\/\"]}]},{\"@type\":\"ImageObject\",\"inLanguage\":\"hr-HR\",\"@id\":\"https:\/\/www.mixtuur.com\/beste-aanbieders-kerkorgel\/#primaryimage\",\"url\":\"https:\/\/www.mixtuur.com\/wp-content\/uploads\/2018\/05\/01-gottfried-silbermann-organ-1500x630.jpg\",\"contentUrl\":\"https:\/\/www.mixtuur.com\/wp-content\/uploads\/2018\/05\/01-gottfried-silbermann-organ-1500x630.jpg\"},{\"@type\":\"BreadcrumbList\",\"@id\":\"https:\/\/www.mixtuur.com\/beste-aanbieders-kerkorgel\/#breadcrumb\",\"itemListElement\":[{\"@type\":\"ListItem\",\"position\":1,\"name\":\"Home\",\"item\":\"https:\/\/www.mixtuur.com\/hr\/\"},{\"@type\":\"ListItem\",\"position\":2,\"name\":\"Crkvene orgulje na prodaju: tko su najbolji dobavlja\u010di?\"}]},{\"@type\":\"WebSite\",\"@id\":\"https:\/\/www.mixtuur.com\/#website\",\"url\":\"https:\/\/www.mixtuur.com\/\",\"name\":\"Mixtuur\",\"description\":\"The Authentic Sound\",\"potentialAction\":[{\"@type\":\"SearchAction\",\"target\":{\"@type\":\"EntryPoint\",\"urlTemplate\":\"https:\/\/www.mixtuur.com\/?s={search_term_string}\"},\"query-input\":{\"@type\":\"PropertyValueSpecification\",\"valueRequired\":true,\"valueName\":\"search_term_string\"}}],\"inLanguage\":\"hr-HR\"}]}<\/script>\n<!-- \/ Yoast SEO plugin. -->","yoast_head_json":{"title":"Church organ for sale: who are the best providers?","description":"Would you like to buy a new church organ?\u00a0Whether your old church organ needs to be replaced or if you want to start a bran new municipality, we are happy to list the best providers for you.","robots":{"index":"index","follow":"follow","max-snippet":"max-snippet:-1","max-image-preview":"max-image-preview:large","max-video-preview":"max-video-preview:-1"},"canonical":"https:\/\/www.mixtuur.com\/beste-aanbieders-kerkorgel\/","og_locale":"hr_HR","og_type":"article","og_title":"Church organ for sale: who are the best providers?","og_description":"Would you like to buy a new church organ?\u00a0Whether your old church organ needs to be replaced or if you want to start a bran new municipality, we are happy to list the best providers for you.","og_url":"https:\/\/www.mixtuur.com\/beste-aanbieders-kerkorgel\/","og_site_name":"Mixtuur","article_modified_time":"2022-03-01T10:17:05+00:00","og_image":[{"url":"https:\/\/www.mixtuur.com\/wordpress\/wp-content\/uploads\/2018\/05\/01-gottfried-silbermann-organ-1500x630.jpg","type":"","width":"","height":""}],"twitter_card":"summary_large_image","twitter_misc":{"Est. reading time":"2 minutes"},"schema":{"@context":"https:\/\/schema.org","@graph":[{"@type":"WebPage","@id":"https:\/\/www.mixtuur.com\/beste-aanbieders-kerkorgel\/","url":"https:\/\/www.mixtuur.com\/beste-aanbieders-kerkorgel\/","name":"Church organ for sale: who are the best providers?","isPartOf":{"@id":"https:\/\/www.mixtuur.com\/#website"},"primaryImageOfPage":{"@id":"https:\/\/www.mixtuur.com\/beste-aanbieders-kerkorgel\/#primaryimage"},"image":{"@id":"https:\/\/www.mixtuur.com\/beste-aanbieders-kerkorgel\/#primaryimage"},"thumbnailUrl":"https:\/\/www.mixtuur.com\/wp-content\/uploads\/2018\/05\/01-gottfried-silbermann-organ-1500x630.jpg","datePublished":"2018-07-25T11:13:15+00:00","dateModified":"2022-03-01T10:17:05+00:00","description":"Would you like to buy a new church organ?\u00a0Whether your old church organ needs to be replaced or if you want to start a bran new municipality, we are happy to list the best providers for you.","breadcrumb":{"@id":"https:\/\/www.mixtuur.com\/beste-aanbieders-kerkorgel\/#breadcrumb"},"inLanguage":"hr-HR","potentialAction":[{"@type":"ReadAction","target":["https:\/\/www.mixtuur.com\/beste-aanbieders-kerkorgel\/"]}]},{"@type":"ImageObject","inLanguage":"hr-HR","@id":"https:\/\/www.mixtuur.com\/beste-aanbieders-kerkorgel\/#primaryimage","url":"https:\/\/www.mixtuur.com\/wp-content\/uploads\/2018\/05\/01-gottfried-silbermann-organ-1500x630.jpg","contentUrl":"https:\/\/www.mixtuur.com\/wp-content\/uploads\/2018\/05\/01-gottfried-silbermann-organ-1500x630.jpg"},{"@type":"BreadcrumbList","@id":"https:\/\/www.mixtuur.com\/beste-aanbieders-kerkorgel\/#breadcrumb","itemListElement":[{"@type":"ListItem","position":1,"name":"Home","item":"https:\/\/www.mixtuur.com\/hr\/"},{"@type":"ListItem","position":2,"name":"Crkvene orgulje na prodaju: tko su najbolji dobavlja\u010di?"}]},{"@type":"WebSite","@id":"https:\/\/www.mixtuur.com\/#website","url":"https:\/\/www.mixtuur.com\/","name":"Mixtuur","description":"The Authentic Sound","potentialAction":[{"@type":"SearchAction","target":{"@type":"EntryPoint","urlTemplate":"https:\/\/www.mixtuur.com\/?s={search_term_string}"},"query-input":{"@type":"PropertyValueSpecification","valueRequired":true,"valueName":"search_term_string"}}],"inLanguage":"hr-HR"}]}},"_links":{"self":[{"href":"https:\/\/www.mixtuur.com\/hr\/wp-json\/wp\/v2\/pages\/10853","targetHints":{"allow":["GET"]}}],"collection":[{"href":"https:\/\/www.mixtuur.com\/hr\/wp-json\/wp\/v2\/pages"}],"about":[{"href":"https:\/\/www.mixtuur.com\/hr\/wp-json\/wp\/v2\/types\/page"}],"author":[{"embeddable":true,"href":"https:\/\/www.mixtuur.com\/hr\/wp-json\/wp\/v2\/users\/13"}],"replies":[{"embeddable":true,"href":"https:\/\/www.mixtuur.com\/hr\/wp-json\/wp\/v2\/comments?post=10853"}],"version-history":[{"count":4,"href":"https:\/\/www.mixtuur.com\/hr\/wp-json\/wp\/v2\/pages\/10853\/revisions"}],"predecessor-version":[{"id":10880,"href":"https:\/\/www.mixtuur.com\/hr\/wp-json\/wp\/v2\/pages\/10853\/revisions\/10880"}],"wp:attachment":[{"href":"https:\/\/www.mixtuur.com\/hr\/wp-json\/wp\/v2\/media?parent=10853"}],"curies":[{"name":"wp","href":"https:\/\/api.w.org\/{rel}","templated":true}]}}