{"id":10846,"date":"2020-10-26T14:37:38","date_gmt":"2020-10-26T13:37:38","guid":{"rendered":"https:\/\/www.mixtuur.com\/church-organ-for-sale\/"},"modified":"2022-03-01T11:16:31","modified_gmt":"2022-03-01T10:16:31","slug":"crkvene-orgulje-na-prodaju","status":"publish","type":"page","link":"https:\/\/www.mixtuur.com\/hr\/crkvene-orgulje-na-prodaju\/","title":{"rendered":"Crkvene orgulje na prodaju"},"content":{"rendered":"<h1><strong>Crkvene orgulje na prodaju<\/strong><\/h1>\n<p><strong>Tra\u017eite li nove orgulje za crkvu? Crkvene orgulje \u0107e trajati cijeli \u017eivot, pa je kupnja jednokratna. Zato je va\u017eno da ste dobro informirani o raznim mogu\u0107nostima. Tra\u017eite li klasi\u010dne orgulje, Hauptwerk orgulje ili mo\u017eda hibrid? Mixtuur nudi crkvene orgulje na prodaju, stoga otkrijte mogu\u0107nosti Mixtuur orgulja za svoju crkvu.<\/strong><\/p>\n<p>Razlike izme\u0111u klasi\u010dnih orgulja sa sviralama i Hauptwerk orgulja jedva su \u010dujne. Tehnike Hauptwerka toliko su profinjene da se zvukovi digitalno dizajniranih i uzorkovanih orgulja gotovo uop\u0107e ne razlikuju od pravih orgulja. Naravno, na Vama je ho\u0107ete li odabrati klasi\u010dne ili digitalne Hauptwerk orgulje. Me\u0111utim, \u010dak i mnogi ljubitelji klasi\u010dnih orgulja danas te\u0161ko mogu zanemariti prednosti Hauptwerk orgulja.<\/p>\n<h2><strong>Zvukovi bez premca<\/strong><\/h2>\n<p>Zvuk igra vrlo va\u017enu ulogu u crkvi. \u010cesto je to velika prostorija u kojoj zvuk mora biti jednako \u010dujan sprijeda i straga. \u0160teta je da se lijepi zvukovi orgulja izgube ako se zvuk u stra\u017enjem dijelu prostorije te\u0161ko \u010duje ili zvu\u010di \u0161uplje. U Mixtuuru imamo profesionalni audio sustav za svaku crkvu s Hauptwerk orguljama.<\/p>\n<p>Svi instrumenti i audio oprema su napravljeni u na\u0161oj radionici. To nam omogu\u0107uje da jam\u010dimo najbolju kvalitetu i pru\u017eimo Vam najbolju uslugu. Svake Mixtuur orgulje uskla\u0111ene su s prostorom u kojem se nalaze. Tonski tehni\u010dari uvijek \u0107e intonirati Va\u0161e orgulje u Va\u0161em prostoru, tako da mo\u017eete optimalno u\u017eivati u neusporedivim zvucima crkvenih orgulja Mixtuur.<\/p>\n<p><img loading=\"lazy\" decoding=\"async\" width=\"1030\" height=\"430\" class=\"wp-image-8277\" src=\"https:\/\/www.mixtuur.com\/wp-content\/uploads\/2020\/05\/kerkorgel-te-koop-1030x430.jpg\" alt=\"kerkorgel te koop\" \/><\/p>\n<h2><strong>Crkvene orgulje na prodaju: razlozi za odabir Hauptwerka<\/strong><\/h2>\n<p>Orgulje <a href=\"https:\/\/www.mixtuur.com\/hr\/hauptwerk\/\">Hauptwerk<\/a> u Va\u0161oj crkvi nude mnoge mogu\u0107nosti. Bacha mo\u017eete svirati primjerice i na Silbermannu, kao i na B\u00e4tz orguljama katedrale u Utrechtu. \u0160tovi\u0161e, Hauptwerk u kombinaciji s na\u0161im audio komponentama nudi Vam vrhunsko zvu\u010dno iskustvo. Zvuk je posebno prilago\u0111en Va\u0161oj crkvi. Kona\u010dno, imate razne mogu\u0107nosti: naravno, mo\u017eete odabrati da se izgrade potpuno nove orgulje Hauptwerk, ali je tako\u0111er mogu\u0107e pro\u0161iriti Va\u0161e postoje\u0107e orgulje s Hauptwerkom. Osim toga, orgulje se mogu postaviti kao fiksne i mobilne. Dopustite na\u0161im stru\u010dnjacima da Vas op\u0161irno savjetuju o svim mogu\u0107nostima.<\/p>\n<h2><strong>Iskusite za sebe neograni\u010dene mogu\u0107nosti<\/strong><\/h2>\n<p>Zvukovi na\u0161ih orgulja ne mogu se \u010duti preko zvu\u010dnika Va\u0161eg telefona ili ra\u010dunala. Zvuk preko interneta se jednostavno ne mo\u017ee usporediti sa zvukom koji proizvode na\u0161i instrumenti. Zanimaju li Vas crkvene orgulje iz Mixtuura? Tada vam savjetujemo da se najavite u na\u0161em izlo\u017ebenom prostoru, kako biste i sami do\u017eivjeli Mixtuur orgulje.<\/p>\n\n<div class=\"wpcf7 no-js\" id=\"wpcf7-f10830-o1\" lang=\"nl-NL\" dir=\"ltr\" data-wpcf7-id=\"10830\">\n<div class=\"screen-reader-response\"><p role=\"status\" aria-live=\"polite\" aria-atomic=\"true\"><\/p> <ul><\/ul><\/div>\n<form action=\"\/hr\/wp-json\/wp\/v2\/pages\/10846#wpcf7-f10830-o1\" method=\"post\" class=\"wpcf7-form init\" aria-label=\"Contact form\" novalidate=\"novalidate\" data-status=\"init\">\n<fieldset class=\"hidden-fields-container\"><input type=\"hidden\" name=\"_wpcf7\" value=\"10830\" \/><input type=\"hidden\" name=\"_wpcf7_version\" value=\"6.1.5\" \/><input type=\"hidden\" name=\"_wpcf7_locale\" value=\"nl_NL\" \/><input type=\"hidden\" name=\"_wpcf7_unit_tag\" value=\"wpcf7-f10830-o1\" \/><input type=\"hidden\" name=\"_wpcf7_container_post\" value=\"0\" \/><input type=\"hidden\" name=\"_wpcf7_posted_data_hash\" value=\"\" \/><input type=\"hidden\" name=\"_wpcf7_recaptcha_response\" value=\"\" \/>\n<\/fieldset>\n<p>Va\u0161e ime (obavezno)\n<\/p>\n<p><span class=\"wpcf7-form-control-wrap\" data-name=\"your-name\"><input size=\"40\" maxlength=\"400\" class=\"wpcf7-form-control wpcf7-text wpcf7-validates-as-required\" aria-required=\"true\" aria-invalid=\"false\" value=\"\" type=\"text\" name=\"your-name\" \/><\/span>\n<\/p>\n<p>Va\u0161 e-mail (obavezno)\n<\/p>\n<p><span class=\"wpcf7-form-control-wrap\" data-name=\"your-email\"><input size=\"40\" maxlength=\"400\" class=\"wpcf7-form-control wpcf7-email wpcf7-validates-as-required wpcf7-text wpcf7-validates-as-email\" aria-required=\"true\" aria-invalid=\"false\" value=\"\" type=\"email\" name=\"your-email\" \/><\/span>\n<\/p>\n<p>Broj telefona\n<\/p>\n<p><span class=\"wpcf7-form-control-wrap\" data-name=\"tel-650\"><input size=\"40\" maxlength=\"400\" class=\"wpcf7-form-control wpcf7-tel wpcf7-text wpcf7-validates-as-tel\" aria-invalid=\"false\" value=\"\" type=\"tel\" name=\"tel-650\" \/><\/span>\n<\/p>\n<p>Predmet \/ Naslov\n<\/p>\n<p><span class=\"wpcf7-form-control-wrap\" data-name=\"your-subject\"><input size=\"40\" maxlength=\"400\" class=\"wpcf7-form-control wpcf7-text\" aria-invalid=\"false\" value=\"\" type=\"text\" name=\"your-subject\" \/><\/span>\n<\/p>\n<p>Va\u0161a poruka\n<\/p>\n<p><span class=\"wpcf7-form-control-wrap\" data-name=\"your-message\"><textarea cols=\"40\" rows=\"10\" maxlength=\"2000\" class=\"wpcf7-form-control wpcf7-textarea\" aria-invalid=\"false\" name=\"your-message\"><\/textarea><\/span>\n<\/p>\n\n<p><input class=\"wpcf7-form-control wpcf7-submit has-spinner\" type=\"submit\" value=\"Po\u0161aljite\" \/>\n<\/p><div class=\"wpcf7-response-output\" aria-hidden=\"true\"><\/div>\n<\/form>\n<\/div>\n\n","protected":false},"excerpt":{"rendered":"<p>Crkvene orgulje na prodaju Tra\u017eite li nove orgulje za crkvu? Crkvene orgulje \u0107e trajati cijeli \u017eivot, pa je kupnja jednokratna. Zato je va\u017eno da ste dobro informirani o raznim mogu\u0107nostima. Tra\u017eite li klasi\u010dne orgulje, Hauptwerk orgulje ili mo\u017eda hibrid? Mixtuur nudi crkvene orgulje na prodaju, stoga otkrijte mogu\u0107nosti Mixtuur orgulja za svoju crkvu. Razlike izme\u0111u [&hellip;]<\/p>\n","protected":false},"author":17,"featured_media":0,"parent":0,"menu_order":0,"comment_status":"closed","ping_status":"closed","template":"","meta":{"footnotes":""},"class_list":["post-10846","page","type-page","status-publish","hentry"],"yoast_head":"<!-- This site is optimized with the Yoast SEO plugin v25.5 - https:\/\/yoast.com\/wordpress\/plugins\/seo\/ -->\n<title>Church organ for sale | Unrivalled sounds and possibilities<\/title>\n<meta name=\"description\" content=\"A Mixtuur church organ offers many possibilities in a church. Discover the unparalleled sounds of a Mixtuur Hauptwerk organ.\" \/>\n<meta name=\"robots\" content=\"index, follow, max-snippet:-1, max-image-preview:large, max-video-preview:-1\" \/>\n<link rel=\"canonical\" href=\"https:\/\/www.mixtuur.com\/kerkorgel-te-koop\/\" \/>\n<meta property=\"og:locale\" content=\"hr_HR\" \/>\n<meta property=\"og:type\" content=\"article\" \/>\n<meta property=\"og:title\" content=\"Church organ for sale | Unrivalled sounds and possibilities\" \/>\n<meta property=\"og:description\" content=\"A Mixtuur church organ offers many possibilities in a church. Discover the unparalleled sounds of a Mixtuur Hauptwerk organ.\" \/>\n<meta property=\"og:url\" content=\"https:\/\/www.mixtuur.com\/kerkorgel-te-koop\/\" \/>\n<meta property=\"og:site_name\" content=\"Mixtuur\" \/>\n<meta property=\"article:modified_time\" content=\"2022-03-01T10:16:31+00:00\" \/>\n<meta property=\"og:image\" content=\"https:\/\/www.mixtuur.com\/wordpress\/wp-content\/uploads\/2020\/05\/kerkorgel-te-koop-1030x430.jpg\" \/>\n<meta name=\"twitter:card\" content=\"summary_large_image\" \/>\n<meta name=\"twitter:label1\" content=\"Est. reading time\" \/>\n\t<meta name=\"twitter:data1\" content=\"2 minutes\" \/>\n<script type=\"application\/ld+json\" class=\"yoast-schema-graph\">{\"@context\":\"https:\/\/schema.org\",\"@graph\":[{\"@type\":\"WebPage\",\"@id\":\"https:\/\/www.mixtuur.com\/kerkorgel-te-koop\/\",\"url\":\"https:\/\/www.mixtuur.com\/kerkorgel-te-koop\/\",\"name\":\"Church organ for sale | Unrivalled sounds and possibilities\",\"isPartOf\":{\"@id\":\"https:\/\/www.mixtuur.com\/#website\"},\"primaryImageOfPage\":{\"@id\":\"https:\/\/www.mixtuur.com\/kerkorgel-te-koop\/#primaryimage\"},\"image\":{\"@id\":\"https:\/\/www.mixtuur.com\/kerkorgel-te-koop\/#primaryimage\"},\"thumbnailUrl\":\"https:\/\/www.mixtuur.com\/wp-content\/uploads\/2020\/05\/kerkorgel-te-koop-1030x430.jpg\",\"datePublished\":\"2020-10-26T13:37:38+00:00\",\"dateModified\":\"2022-03-01T10:16:31+00:00\",\"description\":\"A Mixtuur church organ offers many possibilities in a church. Discover the unparalleled sounds of a Mixtuur Hauptwerk organ.\",\"breadcrumb\":{\"@id\":\"https:\/\/www.mixtuur.com\/kerkorgel-te-koop\/#breadcrumb\"},\"inLanguage\":\"hr-HR\",\"potentialAction\":[{\"@type\":\"ReadAction\",\"target\":[\"https:\/\/www.mixtuur.com\/kerkorgel-te-koop\/\"]}]},{\"@type\":\"ImageObject\",\"inLanguage\":\"hr-HR\",\"@id\":\"https:\/\/www.mixtuur.com\/kerkorgel-te-koop\/#primaryimage\",\"url\":\"https:\/\/www.mixtuur.com\/wp-content\/uploads\/2020\/05\/kerkorgel-te-koop-1030x430.jpg\",\"contentUrl\":\"https:\/\/www.mixtuur.com\/wp-content\/uploads\/2020\/05\/kerkorgel-te-koop-1030x430.jpg\"},{\"@type\":\"BreadcrumbList\",\"@id\":\"https:\/\/www.mixtuur.com\/kerkorgel-te-koop\/#breadcrumb\",\"itemListElement\":[{\"@type\":\"ListItem\",\"position\":1,\"name\":\"Home\",\"item\":\"https:\/\/www.mixtuur.com\/hr\/\"},{\"@type\":\"ListItem\",\"position\":2,\"name\":\"Crkvene orgulje na prodaju\"}]},{\"@type\":\"WebSite\",\"@id\":\"https:\/\/www.mixtuur.com\/#website\",\"url\":\"https:\/\/www.mixtuur.com\/\",\"name\":\"Mixtuur\",\"description\":\"The Authentic Sound\",\"potentialAction\":[{\"@type\":\"SearchAction\",\"target\":{\"@type\":\"EntryPoint\",\"urlTemplate\":\"https:\/\/www.mixtuur.com\/?s={search_term_string}\"},\"query-input\":{\"@type\":\"PropertyValueSpecification\",\"valueRequired\":true,\"valueName\":\"search_term_string\"}}],\"inLanguage\":\"hr-HR\"}]}<\/script>\n<!-- \/ Yoast SEO plugin. -->","yoast_head_json":{"title":"Church organ for sale | Unrivalled sounds and possibilities","description":"A Mixtuur church organ offers many possibilities in a church. Discover the unparalleled sounds of a Mixtuur Hauptwerk organ.","robots":{"index":"index","follow":"follow","max-snippet":"max-snippet:-1","max-image-preview":"max-image-preview:large","max-video-preview":"max-video-preview:-1"},"canonical":"https:\/\/www.mixtuur.com\/kerkorgel-te-koop\/","og_locale":"hr_HR","og_type":"article","og_title":"Church organ for sale | Unrivalled sounds and possibilities","og_description":"A Mixtuur church organ offers many possibilities in a church. Discover the unparalleled sounds of a Mixtuur Hauptwerk organ.","og_url":"https:\/\/www.mixtuur.com\/kerkorgel-te-koop\/","og_site_name":"Mixtuur","article_modified_time":"2022-03-01T10:16:31+00:00","og_image":[{"url":"https:\/\/www.mixtuur.com\/wordpress\/wp-content\/uploads\/2020\/05\/kerkorgel-te-koop-1030x430.jpg","type":"","width":"","height":""}],"twitter_card":"summary_large_image","twitter_misc":{"Est. reading time":"2 minutes"},"schema":{"@context":"https:\/\/schema.org","@graph":[{"@type":"WebPage","@id":"https:\/\/www.mixtuur.com\/kerkorgel-te-koop\/","url":"https:\/\/www.mixtuur.com\/kerkorgel-te-koop\/","name":"Church organ for sale | Unrivalled sounds and possibilities","isPartOf":{"@id":"https:\/\/www.mixtuur.com\/#website"},"primaryImageOfPage":{"@id":"https:\/\/www.mixtuur.com\/kerkorgel-te-koop\/#primaryimage"},"image":{"@id":"https:\/\/www.mixtuur.com\/kerkorgel-te-koop\/#primaryimage"},"thumbnailUrl":"https:\/\/www.mixtuur.com\/wp-content\/uploads\/2020\/05\/kerkorgel-te-koop-1030x430.jpg","datePublished":"2020-10-26T13:37:38+00:00","dateModified":"2022-03-01T10:16:31+00:00","description":"A Mixtuur church organ offers many possibilities in a church. Discover the unparalleled sounds of a Mixtuur Hauptwerk organ.","breadcrumb":{"@id":"https:\/\/www.mixtuur.com\/kerkorgel-te-koop\/#breadcrumb"},"inLanguage":"hr-HR","potentialAction":[{"@type":"ReadAction","target":["https:\/\/www.mixtuur.com\/kerkorgel-te-koop\/"]}]},{"@type":"ImageObject","inLanguage":"hr-HR","@id":"https:\/\/www.mixtuur.com\/kerkorgel-te-koop\/#primaryimage","url":"https:\/\/www.mixtuur.com\/wp-content\/uploads\/2020\/05\/kerkorgel-te-koop-1030x430.jpg","contentUrl":"https:\/\/www.mixtuur.com\/wp-content\/uploads\/2020\/05\/kerkorgel-te-koop-1030x430.jpg"},{"@type":"BreadcrumbList","@id":"https:\/\/www.mixtuur.com\/kerkorgel-te-koop\/#breadcrumb","itemListElement":[{"@type":"ListItem","position":1,"name":"Home","item":"https:\/\/www.mixtuur.com\/hr\/"},{"@type":"ListItem","position":2,"name":"Crkvene orgulje na prodaju"}]},{"@type":"WebSite","@id":"https:\/\/www.mixtuur.com\/#website","url":"https:\/\/www.mixtuur.com\/","name":"Mixtuur","description":"The Authentic Sound","potentialAction":[{"@type":"SearchAction","target":{"@type":"EntryPoint","urlTemplate":"https:\/\/www.mixtuur.com\/?s={search_term_string}"},"query-input":{"@type":"PropertyValueSpecification","valueRequired":true,"valueName":"search_term_string"}}],"inLanguage":"hr-HR"}]}},"_links":{"self":[{"href":"https:\/\/www.mixtuur.com\/hr\/wp-json\/wp\/v2\/pages\/10846","targetHints":{"allow":["GET"]}}],"collection":[{"href":"https:\/\/www.mixtuur.com\/hr\/wp-json\/wp\/v2\/pages"}],"about":[{"href":"https:\/\/www.mixtuur.com\/hr\/wp-json\/wp\/v2\/types\/page"}],"author":[{"embeddable":true,"href":"https:\/\/www.mixtuur.com\/hr\/wp-json\/wp\/v2\/users\/17"}],"replies":[{"embeddable":true,"href":"https:\/\/www.mixtuur.com\/hr\/wp-json\/wp\/v2\/comments?post=10846"}],"version-history":[{"count":4,"href":"https:\/\/www.mixtuur.com\/hr\/wp-json\/wp\/v2\/pages\/10846\/revisions"}],"predecessor-version":[{"id":10878,"href":"https:\/\/www.mixtuur.com\/hr\/wp-json\/wp\/v2\/pages\/10846\/revisions\/10878"}],"wp:attachment":[{"href":"https:\/\/www.mixtuur.com\/hr\/wp-json\/wp\/v2\/media?parent=10846"}],"curies":[{"name":"wp","href":"https:\/\/api.w.org\/{rel}","templated":true}]}}