{"id":10840,"date":"2021-01-12T09:17:50","date_gmt":"2021-01-12T08:17:50","guid":{"rendered":"https:\/\/www.mixtuur.com\/buy-musical-organ\/"},"modified":"2022-03-01T11:14:24","modified_gmt":"2022-03-01T10:14:24","slug":"kupite-orgulje","status":"publish","type":"page","link":"https:\/\/www.mixtuur.com\/hr\/kupite-orgulje\/","title":{"rendered":"Kupite orgulje"},"content":{"rendered":"<h1>Kupite orgulje<\/h1>\n<p><strong>Tra\u017eite li nove orgulje za svoju dnevnu sobu? Kupnja orgulja je znatna investicija i stoga je dobro istra\u017eiti koje Vam orgulje najbolje odgovaraju. U Mixtuuru Vam rado poma\u017eemo u kupnji orgulja i savjetujemo Vas o svim mogu\u0107nostima.<\/strong><\/p>\n<h2><strong>Kupnja orgulja<\/strong><\/h2>\n<p>Jeste li u nedoumici koje orgulje kupiti? Danas je toliko toga dostupno! \u017delite li klasi\u010dne orgulje sa sviralama? Biste li vi\u0161e voljeli imati moderne orgulje? \u017delite li orgulje opremljene Hauptwerk tehnologijom? Koje skupove zvukovnih uzoraka biste \u017eeljeli imati? Mogu\u0107nosti su beskrajne. U nastavku navodimo nekoliko opcija za Vas.<\/p>\n<h2><strong>Orgulje sa sviralama ili elektroni\u010dke orgulje?<\/strong><\/h2>\n<p>Orgulje sa sviralama imaju prekrasan izgled! Ovaj klasi\u010dni instrument u potpunosti je izra\u0111en ru\u010dno i stoga je vrlo skup. Elektroni\u010dke ili digitalne orgulje su kompaktnije i relativno jeftine. Nude vi\u0161e mogu\u0107nosti od orgulja sa sviralama, ali generalno daju manje realisti\u010dan zvuk od dubokih zvukova pravih klasi\u010dnih orgulja.<\/p>\n<h2><strong>Hauptwerk tehnologija?<\/strong><\/h2>\n<p>Opremanje Va\u0161ih orgulja <a href=\"https:\/\/www.mixtuur.com\/hr\/hauptwerk\/\">Hauptwerkom<\/a> pametan je izbor! Ovaj softverski program nudi mogu\u0107nost u\u010ditavanja skupova zvukovnih uzoraka za sviranje razli\u010ditih orgulja. Setovi zvukovnih uzoraka predstavljaju snimljene tonove svirala originalnih orgulja zbog \u010dega djeluje kao da svirate klasi\u010dne orgulje. Zvukovi su toliko realisti\u010dni da se te\u0161ko mogu razlikovati od izvornog zvuka.<\/p>\n<p><a href=\"https:\/\/www.mixtuur.com\/wp-content\/uploads\/2019\/09\/Compact-orgel.jpg\"><img loading=\"lazy\" decoding=\"async\" class=\"size-full wp-image-7414 aligncenter\" src=\"https:\/\/www.mixtuur.com\/wp-content\/uploads\/2019\/09\/Compact-orgel.jpg\" alt=\"Buy musical organ\" width=\"1920\" height=\"1281\" srcset=\"https:\/\/www.mixtuur.com\/wp-content\/uploads\/2019\/09\/Compact-orgel.jpg 1920w, https:\/\/www.mixtuur.com\/wp-content\/uploads\/2019\/09\/Compact-orgel-300x200.jpg 300w, https:\/\/www.mixtuur.com\/wp-content\/uploads\/2019\/09\/Compact-orgel-768x512.jpg 768w, https:\/\/www.mixtuur.com\/wp-content\/uploads\/2019\/09\/Compact-orgel-1030x687.jpg 1030w, https:\/\/www.mixtuur.com\/wp-content\/uploads\/2019\/09\/Compact-orgel-1500x1001.jpg 1500w, https:\/\/www.mixtuur.com\/wp-content\/uploads\/2019\/09\/Compact-orgel-705x470.jpg 705w, https:\/\/www.mixtuur.com\/wp-content\/uploads\/2019\/09\/Compact-orgel-450x300.jpg 450w\" sizes=\"auto, (max-width: 1920px) 100vw, 1920px\" \/><\/a><\/p>\n<h2><strong>Nove ili rabljene?<\/strong><\/h2>\n<p>U Mixtuuru mo\u017eete kupiti nove orgulje po povoljnoj cijeni. Cijena naravno ovisi o vrsti orgulja koje kupujete i o specifikacijama kojima ih \u017eelite opremiti. Ako ste po\u010detnik\/ca i preferirate pristupa\u010dniji po\u010detak, mo\u017eete potra\u017eiti i rabljene orgulje.<\/p>\n<h2><strong>Zvuk orgulja<\/strong><\/h2>\n<p>Svake orgulje su jedinstvene! Orgulje proizvodimo sami i uz to sve imaju svoj zvuk. Stoga je dobro otkriti koje zvukove \u017eelite. Kada kupujete orgulje koje su opremljene Hauptwerk tehnologijom, o tome ne morate toliko voditi ra\u010duna. To je zato \u0161to \u0107e setovi zvukovnih uzoraka odrediti zvuk orgulja. Postoje dostupni setovi od stotina razli\u010ditih orgulja koje mo\u017eete jednostavno promijeniti.<\/p>\n<h2><strong>Dizajn<\/strong><\/h2>\n<p>Izgled orgulja vrlo je va\u017ean! Stoga je relevantan i dizajn orgulja. Koliko prostora zauzimaju orgulje? Koje boje i od kojeg materijala trebaju biti? Postoji nekoliko opcija glede dizajna orgulja. U Mixtuuru mo\u017eemo prilagoditi Va\u0161e orgulje za Vas. Na primjer, mo\u017eete odabrati kakve manuale (klavijature) \u017eelite, kakav pedal i koji set zvu\u010dnika \u017eelite. Rado \u0107emo s Vama razgovarati o svim mogu\u0107nostima kako bismo ispunili Va\u0161e \u017eelje.<\/p>\n<p>Jeste li zainteresirani za kupnju orgulja u Mixtuuru? Do\u0111ite i isprobajte ih sami ili naru\u010dite direktno putem na\u0161eg webshopa. Kontaktirajte nas za vi\u0161e informacija ili do\u0111ite na kavu u na\u0161 izlo\u017ebeni prostor u Klundertu.<\/p>\n\n<div class=\"wpcf7 no-js\" id=\"wpcf7-f10830-o1\" lang=\"nl-NL\" dir=\"ltr\" data-wpcf7-id=\"10830\">\n<div class=\"screen-reader-response\"><p role=\"status\" aria-live=\"polite\" aria-atomic=\"true\"><\/p> <ul><\/ul><\/div>\n<form action=\"\/hr\/wp-json\/wp\/v2\/pages\/10840#wpcf7-f10830-o1\" method=\"post\" class=\"wpcf7-form init\" aria-label=\"Contact form\" novalidate=\"novalidate\" data-status=\"init\">\n<fieldset class=\"hidden-fields-container\"><input type=\"hidden\" name=\"_wpcf7\" value=\"10830\" \/><input type=\"hidden\" name=\"_wpcf7_version\" value=\"6.1.5\" \/><input type=\"hidden\" name=\"_wpcf7_locale\" value=\"nl_NL\" \/><input type=\"hidden\" name=\"_wpcf7_unit_tag\" value=\"wpcf7-f10830-o1\" \/><input type=\"hidden\" name=\"_wpcf7_container_post\" value=\"0\" \/><input type=\"hidden\" name=\"_wpcf7_posted_data_hash\" value=\"\" \/><input type=\"hidden\" name=\"_wpcf7_recaptcha_response\" value=\"\" \/>\n<\/fieldset>\n<p>Va\u0161e ime (obavezno)\n<\/p>\n<p><span class=\"wpcf7-form-control-wrap\" data-name=\"your-name\"><input size=\"40\" maxlength=\"400\" class=\"wpcf7-form-control wpcf7-text wpcf7-validates-as-required\" aria-required=\"true\" aria-invalid=\"false\" value=\"\" type=\"text\" name=\"your-name\" \/><\/span>\n<\/p>\n<p>Va\u0161 e-mail (obavezno)\n<\/p>\n<p><span class=\"wpcf7-form-control-wrap\" data-name=\"your-email\"><input size=\"40\" maxlength=\"400\" class=\"wpcf7-form-control wpcf7-email wpcf7-validates-as-required wpcf7-text wpcf7-validates-as-email\" aria-required=\"true\" aria-invalid=\"false\" value=\"\" type=\"email\" name=\"your-email\" \/><\/span>\n<\/p>\n<p>Broj telefona\n<\/p>\n<p><span class=\"wpcf7-form-control-wrap\" data-name=\"tel-650\"><input size=\"40\" maxlength=\"400\" class=\"wpcf7-form-control wpcf7-tel wpcf7-text wpcf7-validates-as-tel\" aria-invalid=\"false\" value=\"\" type=\"tel\" name=\"tel-650\" \/><\/span>\n<\/p>\n<p>Predmet \/ Naslov\n<\/p>\n<p><span class=\"wpcf7-form-control-wrap\" data-name=\"your-subject\"><input size=\"40\" maxlength=\"400\" class=\"wpcf7-form-control wpcf7-text\" aria-invalid=\"false\" value=\"\" type=\"text\" name=\"your-subject\" \/><\/span>\n<\/p>\n<p>Va\u0161a poruka\n<\/p>\n<p><span class=\"wpcf7-form-control-wrap\" data-name=\"your-message\"><textarea cols=\"40\" rows=\"10\" maxlength=\"2000\" class=\"wpcf7-form-control wpcf7-textarea\" aria-invalid=\"false\" name=\"your-message\"><\/textarea><\/span>\n<\/p>\n\n<p><input class=\"wpcf7-form-control wpcf7-submit has-spinner\" type=\"submit\" value=\"Po\u0161aljite\" \/>\n<\/p><div class=\"wpcf7-response-output\" aria-hidden=\"true\"><\/div>\n<\/form>\n<\/div>\n\n","protected":false},"excerpt":{"rendered":"<p>Kupite orgulje Tra\u017eite li nove orgulje za svoju dnevnu sobu? Kupnja orgulja je znatna investicija i stoga je dobro istra\u017eiti koje Vam orgulje najbolje odgovaraju. U Mixtuuru Vam rado poma\u017eemo u kupnji orgulja i savjetujemo Vas o svim mogu\u0107nostima. Kupnja orgulja Jeste li u nedoumici koje orgulje kupiti? Danas je toliko toga dostupno! \u017delite li [&hellip;]<\/p>\n","protected":false},"author":17,"featured_media":0,"parent":0,"menu_order":0,"comment_status":"closed","ping_status":"closed","template":"","meta":{"footnotes":""},"class_list":["post-10840","page","type-page","status-publish","hentry"],"yoast_head":"<!-- This site is optimized with the Yoast SEO plugin v25.5 - https:\/\/yoast.com\/wordpress\/plugins\/seo\/ -->\n<title>Want to buy a new musical organ for your living room?<\/title>\n<meta name=\"description\" content=\"Would you like to buy an organ? Mixtuur has a wide range of electronic and classical organs. Tailor-made especially for you! Would you like more info?\" \/>\n<meta name=\"robots\" content=\"index, follow, max-snippet:-1, max-image-preview:large, max-video-preview:-1\" \/>\n<link rel=\"canonical\" href=\"https:\/\/www.mixtuur.com\/orgel-kopen\/\" \/>\n<meta property=\"og:locale\" content=\"hr_HR\" \/>\n<meta property=\"og:type\" content=\"article\" \/>\n<meta property=\"og:title\" content=\"Want to buy a new musical organ for your living room?\" \/>\n<meta property=\"og:description\" content=\"Would you like to buy an organ? Mixtuur has a wide range of electronic and classical organs. Tailor-made especially for you! Would you like more info?\" \/>\n<meta property=\"og:url\" content=\"https:\/\/www.mixtuur.com\/orgel-kopen\/\" \/>\n<meta property=\"og:site_name\" content=\"Mixtuur\" \/>\n<meta property=\"article:modified_time\" content=\"2022-03-01T10:14:24+00:00\" \/>\n<meta property=\"og:image\" content=\"https:\/\/www.mixtuur.com\/wordpress\/wp-content\/uploads\/2019\/09\/Compact-orgel.jpg\" \/>\n<meta name=\"twitter:card\" content=\"summary_large_image\" \/>\n<meta name=\"twitter:label1\" content=\"Est. reading time\" \/>\n\t<meta name=\"twitter:data1\" content=\"2 minutes\" \/>\n<script type=\"application\/ld+json\" class=\"yoast-schema-graph\">{\"@context\":\"https:\/\/schema.org\",\"@graph\":[{\"@type\":\"WebPage\",\"@id\":\"https:\/\/www.mixtuur.com\/orgel-kopen\/\",\"url\":\"https:\/\/www.mixtuur.com\/orgel-kopen\/\",\"name\":\"Want to buy a new musical organ for your living room?\",\"isPartOf\":{\"@id\":\"https:\/\/www.mixtuur.com\/#website\"},\"primaryImageOfPage\":{\"@id\":\"https:\/\/www.mixtuur.com\/orgel-kopen\/#primaryimage\"},\"image\":{\"@id\":\"https:\/\/www.mixtuur.com\/orgel-kopen\/#primaryimage\"},\"thumbnailUrl\":\"https:\/\/www.mixtuur.com\/wp-content\/uploads\/2019\/09\/Compact-orgel.jpg\",\"datePublished\":\"2021-01-12T08:17:50+00:00\",\"dateModified\":\"2022-03-01T10:14:24+00:00\",\"description\":\"Would you like to buy an organ? Mixtuur has a wide range of electronic and classical organs. Tailor-made especially for you! Would you like more info?\",\"breadcrumb\":{\"@id\":\"https:\/\/www.mixtuur.com\/orgel-kopen\/#breadcrumb\"},\"inLanguage\":\"hr-HR\",\"potentialAction\":[{\"@type\":\"ReadAction\",\"target\":[\"https:\/\/www.mixtuur.com\/orgel-kopen\/\"]}]},{\"@type\":\"ImageObject\",\"inLanguage\":\"hr-HR\",\"@id\":\"https:\/\/www.mixtuur.com\/orgel-kopen\/#primaryimage\",\"url\":\"https:\/\/www.mixtuur.com\/wp-content\/uploads\/2019\/09\/Compact-orgel.jpg\",\"contentUrl\":\"https:\/\/www.mixtuur.com\/wp-content\/uploads\/2019\/09\/Compact-orgel.jpg\"},{\"@type\":\"BreadcrumbList\",\"@id\":\"https:\/\/www.mixtuur.com\/orgel-kopen\/#breadcrumb\",\"itemListElement\":[{\"@type\":\"ListItem\",\"position\":1,\"name\":\"Home\",\"item\":\"https:\/\/www.mixtuur.com\/hr\/\"},{\"@type\":\"ListItem\",\"position\":2,\"name\":\"Kupite orgulje\"}]},{\"@type\":\"WebSite\",\"@id\":\"https:\/\/www.mixtuur.com\/#website\",\"url\":\"https:\/\/www.mixtuur.com\/\",\"name\":\"Mixtuur\",\"description\":\"The Authentic Sound\",\"potentialAction\":[{\"@type\":\"SearchAction\",\"target\":{\"@type\":\"EntryPoint\",\"urlTemplate\":\"https:\/\/www.mixtuur.com\/?s={search_term_string}\"},\"query-input\":{\"@type\":\"PropertyValueSpecification\",\"valueRequired\":true,\"valueName\":\"search_term_string\"}}],\"inLanguage\":\"hr-HR\"}]}<\/script>\n<!-- \/ Yoast SEO plugin. -->","yoast_head_json":{"title":"Want to buy a new musical organ for your living room?","description":"Would you like to buy an organ? Mixtuur has a wide range of electronic and classical organs. Tailor-made especially for you! Would you like more info?","robots":{"index":"index","follow":"follow","max-snippet":"max-snippet:-1","max-image-preview":"max-image-preview:large","max-video-preview":"max-video-preview:-1"},"canonical":"https:\/\/www.mixtuur.com\/orgel-kopen\/","og_locale":"hr_HR","og_type":"article","og_title":"Want to buy a new musical organ for your living room?","og_description":"Would you like to buy an organ? Mixtuur has a wide range of electronic and classical organs. Tailor-made especially for you! Would you like more info?","og_url":"https:\/\/www.mixtuur.com\/orgel-kopen\/","og_site_name":"Mixtuur","article_modified_time":"2022-03-01T10:14:24+00:00","og_image":[{"url":"https:\/\/www.mixtuur.com\/wordpress\/wp-content\/uploads\/2019\/09\/Compact-orgel.jpg","type":"","width":"","height":""}],"twitter_card":"summary_large_image","twitter_misc":{"Est. reading time":"2 minutes"},"schema":{"@context":"https:\/\/schema.org","@graph":[{"@type":"WebPage","@id":"https:\/\/www.mixtuur.com\/orgel-kopen\/","url":"https:\/\/www.mixtuur.com\/orgel-kopen\/","name":"Want to buy a new musical organ for your living room?","isPartOf":{"@id":"https:\/\/www.mixtuur.com\/#website"},"primaryImageOfPage":{"@id":"https:\/\/www.mixtuur.com\/orgel-kopen\/#primaryimage"},"image":{"@id":"https:\/\/www.mixtuur.com\/orgel-kopen\/#primaryimage"},"thumbnailUrl":"https:\/\/www.mixtuur.com\/wp-content\/uploads\/2019\/09\/Compact-orgel.jpg","datePublished":"2021-01-12T08:17:50+00:00","dateModified":"2022-03-01T10:14:24+00:00","description":"Would you like to buy an organ? Mixtuur has a wide range of electronic and classical organs. Tailor-made especially for you! Would you like more info?","breadcrumb":{"@id":"https:\/\/www.mixtuur.com\/orgel-kopen\/#breadcrumb"},"inLanguage":"hr-HR","potentialAction":[{"@type":"ReadAction","target":["https:\/\/www.mixtuur.com\/orgel-kopen\/"]}]},{"@type":"ImageObject","inLanguage":"hr-HR","@id":"https:\/\/www.mixtuur.com\/orgel-kopen\/#primaryimage","url":"https:\/\/www.mixtuur.com\/wp-content\/uploads\/2019\/09\/Compact-orgel.jpg","contentUrl":"https:\/\/www.mixtuur.com\/wp-content\/uploads\/2019\/09\/Compact-orgel.jpg"},{"@type":"BreadcrumbList","@id":"https:\/\/www.mixtuur.com\/orgel-kopen\/#breadcrumb","itemListElement":[{"@type":"ListItem","position":1,"name":"Home","item":"https:\/\/www.mixtuur.com\/hr\/"},{"@type":"ListItem","position":2,"name":"Kupite orgulje"}]},{"@type":"WebSite","@id":"https:\/\/www.mixtuur.com\/#website","url":"https:\/\/www.mixtuur.com\/","name":"Mixtuur","description":"The Authentic Sound","potentialAction":[{"@type":"SearchAction","target":{"@type":"EntryPoint","urlTemplate":"https:\/\/www.mixtuur.com\/?s={search_term_string}"},"query-input":{"@type":"PropertyValueSpecification","valueRequired":true,"valueName":"search_term_string"}}],"inLanguage":"hr-HR"}]}},"_links":{"self":[{"href":"https:\/\/www.mixtuur.com\/hr\/wp-json\/wp\/v2\/pages\/10840","targetHints":{"allow":["GET"]}}],"collection":[{"href":"https:\/\/www.mixtuur.com\/hr\/wp-json\/wp\/v2\/pages"}],"about":[{"href":"https:\/\/www.mixtuur.com\/hr\/wp-json\/wp\/v2\/types\/page"}],"author":[{"embeddable":true,"href":"https:\/\/www.mixtuur.com\/hr\/wp-json\/wp\/v2\/users\/17"}],"replies":[{"embeddable":true,"href":"https:\/\/www.mixtuur.com\/hr\/wp-json\/wp\/v2\/comments?post=10840"}],"version-history":[{"count":3,"href":"https:\/\/www.mixtuur.com\/hr\/wp-json\/wp\/v2\/pages\/10840\/revisions"}],"predecessor-version":[{"id":10871,"href":"https:\/\/www.mixtuur.com\/hr\/wp-json\/wp\/v2\/pages\/10840\/revisions\/10871"}],"wp:attachment":[{"href":"https:\/\/www.mixtuur.com\/hr\/wp-json\/wp\/v2\/media?parent=10840"}],"curies":[{"name":"wp","href":"https:\/\/api.w.org\/{rel}","templated":true}]}}