{"id":10834,"date":"2020-10-26T14:18:13","date_gmt":"2020-10-26T13:18:13","guid":{"rendered":"https:\/\/www.mixtuur.com\/buy-electronic-organ\/"},"modified":"2022-03-01T10:08:43","modified_gmt":"2022-03-01T09:08:43","slug":"kupite-elektronicke-orgulje","status":"publish","type":"page","link":"https:\/\/www.mixtuur.com\/hr\/kupite-elektronicke-orgulje\/","title":{"rendered":"Kupite elektroni\u010dke orgulje"},"content":{"rendered":"<h1><strong>Kupite elektroni\u010dke orgulje<\/strong><\/h1>\n<p><strong>Kupnja elektroni\u010dkih orgulja znatna je investicija. Stoga je dobro nau\u010diti vi\u0161e o razli\u010ditim mogu\u0107nostima elektroni\u010dkih orgulja. Orgulje iz Mixtuura opremljene su pravom Hauptwerk tehnologijom.<\/strong><\/p>\n<h2><strong>Hauptwerk tehnologija<\/strong><\/h2>\n<p>Elektroni\u010dke orgulje mogu biti opremljene standardnim ili pojednostavljenim Hauptwerkom. Standardni Hauptwerk osigurava potpunu kontrolu nad Va\u0161im orguljama. Mo\u017eete izvu\u0107i maksimum iz svojih elektri\u010dnih orgulja pode\u0161avanjem sustava uga\u0111anja, izradom vi\u0161e spojnica (kopula) i intoniranjem pojedina\u010dnih zvukovnih uzoraka. Pojednostavljenim Hauptwerkom se upravlja pomo\u0107u jednostavnih zaslona. Pritom, mo\u017eete birati izme\u0111u razli\u010ditih registarskih manubrija (ritualni, standarni, tzv. klackalice, te suvremeni koji automatski mijenjaju naziv registra).<\/p>\n<p><a href=\"https:\/\/www.mixtuur.com\/wp-content\/uploads\/2019\/09\/Compact-orgel.jpg\"><img loading=\"lazy\" decoding=\"async\" class=\"alignnone size-full wp-image-7414\" src=\"https:\/\/www.mixtuur.com\/wp-content\/uploads\/2019\/09\/Compact-orgel.jpg\" alt=\"\" width=\"1920\" height=\"1281\" srcset=\"https:\/\/www.mixtuur.com\/wp-content\/uploads\/2019\/09\/Compact-orgel.jpg 1920w, https:\/\/www.mixtuur.com\/wp-content\/uploads\/2019\/09\/Compact-orgel-300x200.jpg 300w, https:\/\/www.mixtuur.com\/wp-content\/uploads\/2019\/09\/Compact-orgel-768x512.jpg 768w, https:\/\/www.mixtuur.com\/wp-content\/uploads\/2019\/09\/Compact-orgel-1030x687.jpg 1030w, https:\/\/www.mixtuur.com\/wp-content\/uploads\/2019\/09\/Compact-orgel-1500x1001.jpg 1500w, https:\/\/www.mixtuur.com\/wp-content\/uploads\/2019\/09\/Compact-orgel-705x470.jpg 705w, https:\/\/www.mixtuur.com\/wp-content\/uploads\/2019\/09\/Compact-orgel-450x300.jpg 450w\" sizes=\"auto, (max-width: 1920px) 100vw, 1920px\" \/><\/a><\/p>\n<h2><strong>Kupite elektroni\u010dke orgulje<\/strong><\/h2>\n<p>Mixtuur ima nekoliko elektri\u010dnih orgulja za prodaju. Imamo lijepo dora\u0111ene modele od raznih materijala. Elektroni\u010dke orgulje opremljene su zaslonima osjetljivim na dodir \u0161to ih \u010dini jednostavnim za rukovanje. Svi imaju prvoklasnu reprodukciju zvuka tako da mo\u017eete do\u017eivjeti vrhunsko iskustvo orgulja.<\/p>\n<h2><strong>Elektroni\u010dke orgulje izra\u0111ene po narud\u017ebi<\/strong><\/h2>\n<p>Mixtuur gradi i razvija svoje elektroni\u010dke orgulje u vlastitoj proizvodnji. Ovdje testiramo na\u0161e orgulje i izra\u0111ujemo ih posebno po mjeri za Vas. Tako se orgulje uvijek to\u010dno uklapaju u Va\u0161 dnevni boravak. Orgulje prilago\u0111avamo u potpunosti Va\u0161im \u017eeljama. Tako mo\u017eete birati izme\u0111u razli\u010ditih boja, materijala i specifi\u010dnih opcija u vezi sa softverom Hauptwerk. Dostupni razli\u010diti setovi zvukovnih uzoraka nude Vam mogu\u0107nost da do\u017eivite realisti\u010dne zvukove poznatih orgulja. Imamo sve \u0161to Vam je potrebno da iskusite kvalitetu Mixtuura.<\/p>\n<p>\u017delite li vi\u0161e informacija o kupnji elektroni\u010dkih orgulja opremljenih Hauptwerk tehnologijom? \u017delite li savjet o orguljama koje bi Vam najvi\u0161e odgovarale? Zatra\u017eite bro\u0161uru ili nas kontaktirajte. Naravno, dobrodo\u0161li ste i u na\u0161 izlo\u017ebeni prostor u Klundertu.<\/p>\n\n<div class=\"wpcf7 no-js\" id=\"wpcf7-f10830-o1\" lang=\"nl-NL\" dir=\"ltr\" data-wpcf7-id=\"10830\">\n<div class=\"screen-reader-response\"><p role=\"status\" aria-live=\"polite\" aria-atomic=\"true\"><\/p> <ul><\/ul><\/div>\n<form action=\"\/hr\/wp-json\/wp\/v2\/pages\/10834#wpcf7-f10830-o1\" method=\"post\" class=\"wpcf7-form init\" aria-label=\"Contact form\" novalidate=\"novalidate\" data-status=\"init\">\n<fieldset class=\"hidden-fields-container\"><input type=\"hidden\" name=\"_wpcf7\" value=\"10830\" \/><input type=\"hidden\" name=\"_wpcf7_version\" value=\"6.1.5\" \/><input type=\"hidden\" name=\"_wpcf7_locale\" value=\"nl_NL\" \/><input type=\"hidden\" name=\"_wpcf7_unit_tag\" value=\"wpcf7-f10830-o1\" \/><input type=\"hidden\" name=\"_wpcf7_container_post\" value=\"0\" \/><input type=\"hidden\" name=\"_wpcf7_posted_data_hash\" value=\"\" \/><input type=\"hidden\" name=\"_wpcf7_recaptcha_response\" value=\"\" \/>\n<\/fieldset>\n<p>Va\u0161e ime (obavezno)\n<\/p>\n<p><span class=\"wpcf7-form-control-wrap\" data-name=\"your-name\"><input size=\"40\" maxlength=\"400\" class=\"wpcf7-form-control wpcf7-text wpcf7-validates-as-required\" aria-required=\"true\" aria-invalid=\"false\" value=\"\" type=\"text\" name=\"your-name\" \/><\/span>\n<\/p>\n<p>Va\u0161 e-mail (obavezno)\n<\/p>\n<p><span class=\"wpcf7-form-control-wrap\" data-name=\"your-email\"><input size=\"40\" maxlength=\"400\" class=\"wpcf7-form-control wpcf7-email wpcf7-validates-as-required wpcf7-text wpcf7-validates-as-email\" aria-required=\"true\" aria-invalid=\"false\" value=\"\" type=\"email\" name=\"your-email\" \/><\/span>\n<\/p>\n<p>Broj telefona\n<\/p>\n<p><span class=\"wpcf7-form-control-wrap\" data-name=\"tel-650\"><input size=\"40\" maxlength=\"400\" class=\"wpcf7-form-control wpcf7-tel wpcf7-text wpcf7-validates-as-tel\" aria-invalid=\"false\" value=\"\" type=\"tel\" name=\"tel-650\" \/><\/span>\n<\/p>\n<p>Predmet \/ Naslov\n<\/p>\n<p><span class=\"wpcf7-form-control-wrap\" data-name=\"your-subject\"><input size=\"40\" maxlength=\"400\" class=\"wpcf7-form-control wpcf7-text\" aria-invalid=\"false\" value=\"\" type=\"text\" name=\"your-subject\" \/><\/span>\n<\/p>\n<p>Va\u0161a poruka\n<\/p>\n<p><span class=\"wpcf7-form-control-wrap\" data-name=\"your-message\"><textarea cols=\"40\" rows=\"10\" maxlength=\"2000\" class=\"wpcf7-form-control wpcf7-textarea\" aria-invalid=\"false\" name=\"your-message\"><\/textarea><\/span>\n<\/p>\n\n<p><input class=\"wpcf7-form-control wpcf7-submit has-spinner\" type=\"submit\" value=\"Po\u0161aljite\" \/>\n<\/p><div class=\"wpcf7-response-output\" aria-hidden=\"true\"><\/div>\n<\/form>\n<\/div>\n\n","protected":false},"excerpt":{"rendered":"<p>Kupite elektroni\u010dke orgulje Kupnja elektroni\u010dkih orgulja znatna je investicija. Stoga je dobro nau\u010diti vi\u0161e o razli\u010ditim mogu\u0107nostima elektroni\u010dkih orgulja. Orgulje iz Mixtuura opremljene su pravom Hauptwerk tehnologijom. Hauptwerk tehnologija Elektroni\u010dke orgulje mogu biti opremljene standardnim ili pojednostavljenim Hauptwerkom. Standardni Hauptwerk osigurava potpunu kontrolu nad Va\u0161im orguljama. Mo\u017eete izvu\u0107i maksimum iz svojih elektri\u010dnih orgulja pode\u0161avanjem sustava [&hellip;]<\/p>\n","protected":false},"author":17,"featured_media":0,"parent":0,"menu_order":0,"comment_status":"closed","ping_status":"closed","template":"","meta":{"footnotes":""},"class_list":["post-10834","page","type-page","status-publish","hentry"],"yoast_head":"<!-- This site is optimized with the Yoast SEO plugin v25.5 - https:\/\/yoast.com\/wordpress\/plugins\/seo\/ -->\n<title>Buy an electronic organ for the best price | Mixtuur<\/title>\n<meta name=\"description\" content=\"An electric organ of Mixtuur is equipped with the Hauptwerk technology. Discover all the possibilities to buy an electric organ.\" \/>\n<meta name=\"robots\" content=\"index, follow, max-snippet:-1, max-image-preview:large, max-video-preview:-1\" \/>\n<link rel=\"canonical\" href=\"https:\/\/www.mixtuur.com\/elektronisch-orgel-kopen\/\" \/>\n<meta property=\"og:locale\" content=\"hr_HR\" \/>\n<meta property=\"og:type\" content=\"article\" \/>\n<meta property=\"og:title\" content=\"Buy an electronic organ for the best price | Mixtuur\" \/>\n<meta property=\"og:description\" content=\"An electric organ of Mixtuur is equipped with the Hauptwerk technology. Discover all the possibilities to buy an electric organ.\" \/>\n<meta property=\"og:url\" content=\"https:\/\/www.mixtuur.com\/elektronisch-orgel-kopen\/\" \/>\n<meta property=\"og:site_name\" content=\"Mixtuur\" \/>\n<meta property=\"article:modified_time\" content=\"2022-03-01T09:08:43+00:00\" \/>\n<meta property=\"og:image\" content=\"https:\/\/www.mixtuur.com\/wordpress\/wp-content\/uploads\/2019\/09\/Compact-orgel.jpg\" \/>\n<meta name=\"twitter:card\" content=\"summary_large_image\" \/>\n<meta name=\"twitter:label1\" content=\"Est. reading time\" \/>\n\t<meta name=\"twitter:data1\" content=\"2 minutes\" \/>\n<script type=\"application\/ld+json\" class=\"yoast-schema-graph\">{\"@context\":\"https:\/\/schema.org\",\"@graph\":[{\"@type\":\"WebPage\",\"@id\":\"https:\/\/www.mixtuur.com\/elektronisch-orgel-kopen\/\",\"url\":\"https:\/\/www.mixtuur.com\/elektronisch-orgel-kopen\/\",\"name\":\"Buy an electronic organ for the best price | Mixtuur\",\"isPartOf\":{\"@id\":\"https:\/\/www.mixtuur.com\/#website\"},\"primaryImageOfPage\":{\"@id\":\"https:\/\/www.mixtuur.com\/elektronisch-orgel-kopen\/#primaryimage\"},\"image\":{\"@id\":\"https:\/\/www.mixtuur.com\/elektronisch-orgel-kopen\/#primaryimage\"},\"thumbnailUrl\":\"https:\/\/www.mixtuur.com\/wp-content\/uploads\/2019\/09\/Compact-orgel.jpg\",\"datePublished\":\"2020-10-26T13:18:13+00:00\",\"dateModified\":\"2022-03-01T09:08:43+00:00\",\"description\":\"An electric organ of Mixtuur is equipped with the Hauptwerk technology. Discover all the possibilities to buy an electric organ.\",\"breadcrumb\":{\"@id\":\"https:\/\/www.mixtuur.com\/elektronisch-orgel-kopen\/#breadcrumb\"},\"inLanguage\":\"hr-HR\",\"potentialAction\":[{\"@type\":\"ReadAction\",\"target\":[\"https:\/\/www.mixtuur.com\/elektronisch-orgel-kopen\/\"]}]},{\"@type\":\"ImageObject\",\"inLanguage\":\"hr-HR\",\"@id\":\"https:\/\/www.mixtuur.com\/elektronisch-orgel-kopen\/#primaryimage\",\"url\":\"https:\/\/www.mixtuur.com\/wp-content\/uploads\/2019\/09\/Compact-orgel.jpg\",\"contentUrl\":\"https:\/\/www.mixtuur.com\/wp-content\/uploads\/2019\/09\/Compact-orgel.jpg\"},{\"@type\":\"BreadcrumbList\",\"@id\":\"https:\/\/www.mixtuur.com\/elektronisch-orgel-kopen\/#breadcrumb\",\"itemListElement\":[{\"@type\":\"ListItem\",\"position\":1,\"name\":\"Home\",\"item\":\"https:\/\/www.mixtuur.com\/hr\/\"},{\"@type\":\"ListItem\",\"position\":2,\"name\":\"Kupite elektroni\u010dke orgulje\"}]},{\"@type\":\"WebSite\",\"@id\":\"https:\/\/www.mixtuur.com\/#website\",\"url\":\"https:\/\/www.mixtuur.com\/\",\"name\":\"Mixtuur\",\"description\":\"The Authentic Sound\",\"potentialAction\":[{\"@type\":\"SearchAction\",\"target\":{\"@type\":\"EntryPoint\",\"urlTemplate\":\"https:\/\/www.mixtuur.com\/?s={search_term_string}\"},\"query-input\":{\"@type\":\"PropertyValueSpecification\",\"valueRequired\":true,\"valueName\":\"search_term_string\"}}],\"inLanguage\":\"hr-HR\"}]}<\/script>\n<!-- \/ Yoast SEO plugin. -->","yoast_head_json":{"title":"Buy an electronic organ for the best price | Mixtuur","description":"An electric organ of Mixtuur is equipped with the Hauptwerk technology. Discover all the possibilities to buy an electric organ.","robots":{"index":"index","follow":"follow","max-snippet":"max-snippet:-1","max-image-preview":"max-image-preview:large","max-video-preview":"max-video-preview:-1"},"canonical":"https:\/\/www.mixtuur.com\/elektronisch-orgel-kopen\/","og_locale":"hr_HR","og_type":"article","og_title":"Buy an electronic organ for the best price | Mixtuur","og_description":"An electric organ of Mixtuur is equipped with the Hauptwerk technology. Discover all the possibilities to buy an electric organ.","og_url":"https:\/\/www.mixtuur.com\/elektronisch-orgel-kopen\/","og_site_name":"Mixtuur","article_modified_time":"2022-03-01T09:08:43+00:00","og_image":[{"url":"https:\/\/www.mixtuur.com\/wordpress\/wp-content\/uploads\/2019\/09\/Compact-orgel.jpg","type":"","width":"","height":""}],"twitter_card":"summary_large_image","twitter_misc":{"Est. reading time":"2 minutes"},"schema":{"@context":"https:\/\/schema.org","@graph":[{"@type":"WebPage","@id":"https:\/\/www.mixtuur.com\/elektronisch-orgel-kopen\/","url":"https:\/\/www.mixtuur.com\/elektronisch-orgel-kopen\/","name":"Buy an electronic organ for the best price | Mixtuur","isPartOf":{"@id":"https:\/\/www.mixtuur.com\/#website"},"primaryImageOfPage":{"@id":"https:\/\/www.mixtuur.com\/elektronisch-orgel-kopen\/#primaryimage"},"image":{"@id":"https:\/\/www.mixtuur.com\/elektronisch-orgel-kopen\/#primaryimage"},"thumbnailUrl":"https:\/\/www.mixtuur.com\/wp-content\/uploads\/2019\/09\/Compact-orgel.jpg","datePublished":"2020-10-26T13:18:13+00:00","dateModified":"2022-03-01T09:08:43+00:00","description":"An electric organ of Mixtuur is equipped with the Hauptwerk technology. Discover all the possibilities to buy an electric organ.","breadcrumb":{"@id":"https:\/\/www.mixtuur.com\/elektronisch-orgel-kopen\/#breadcrumb"},"inLanguage":"hr-HR","potentialAction":[{"@type":"ReadAction","target":["https:\/\/www.mixtuur.com\/elektronisch-orgel-kopen\/"]}]},{"@type":"ImageObject","inLanguage":"hr-HR","@id":"https:\/\/www.mixtuur.com\/elektronisch-orgel-kopen\/#primaryimage","url":"https:\/\/www.mixtuur.com\/wp-content\/uploads\/2019\/09\/Compact-orgel.jpg","contentUrl":"https:\/\/www.mixtuur.com\/wp-content\/uploads\/2019\/09\/Compact-orgel.jpg"},{"@type":"BreadcrumbList","@id":"https:\/\/www.mixtuur.com\/elektronisch-orgel-kopen\/#breadcrumb","itemListElement":[{"@type":"ListItem","position":1,"name":"Home","item":"https:\/\/www.mixtuur.com\/hr\/"},{"@type":"ListItem","position":2,"name":"Kupite elektroni\u010dke orgulje"}]},{"@type":"WebSite","@id":"https:\/\/www.mixtuur.com\/#website","url":"https:\/\/www.mixtuur.com\/","name":"Mixtuur","description":"The Authentic Sound","potentialAction":[{"@type":"SearchAction","target":{"@type":"EntryPoint","urlTemplate":"https:\/\/www.mixtuur.com\/?s={search_term_string}"},"query-input":{"@type":"PropertyValueSpecification","valueRequired":true,"valueName":"search_term_string"}}],"inLanguage":"hr-HR"}]}},"_links":{"self":[{"href":"https:\/\/www.mixtuur.com\/hr\/wp-json\/wp\/v2\/pages\/10834","targetHints":{"allow":["GET"]}}],"collection":[{"href":"https:\/\/www.mixtuur.com\/hr\/wp-json\/wp\/v2\/pages"}],"about":[{"href":"https:\/\/www.mixtuur.com\/hr\/wp-json\/wp\/v2\/types\/page"}],"author":[{"embeddable":true,"href":"https:\/\/www.mixtuur.com\/hr\/wp-json\/wp\/v2\/users\/17"}],"replies":[{"embeddable":true,"href":"https:\/\/www.mixtuur.com\/hr\/wp-json\/wp\/v2\/comments?post=10834"}],"version-history":[{"count":2,"href":"https:\/\/www.mixtuur.com\/hr\/wp-json\/wp\/v2\/pages\/10834\/revisions"}],"predecessor-version":[{"id":10837,"href":"https:\/\/www.mixtuur.com\/hr\/wp-json\/wp\/v2\/pages\/10834\/revisions\/10837"}],"wp:attachment":[{"href":"https:\/\/www.mixtuur.com\/hr\/wp-json\/wp\/v2\/media?parent=10834"}],"curies":[{"name":"wp","href":"https:\/\/api.w.org\/{rel}","templated":true}]}}