{"id":10825,"date":"2021-08-19T12:54:29","date_gmt":"2021-08-19T10:54:29","guid":{"rendered":"https:\/\/www.mixtuur.com\/build-a-hauptwerk-organ\/"},"modified":"2022-02-28T16:05:14","modified_gmt":"2022-02-28T15:05:14","slug":"izgraditi-hauptwerk-orgulje","status":"publish","type":"page","link":"https:\/\/www.mixtuur.com\/hr\/izgraditi-hauptwerk-orgulje\/","title":{"rendered":"Izgraditi Hauptwerk orgulje"},"content":{"rendered":"<h1><strong>Izgraditi Hauptwerk Orgulje<\/strong><\/h1>\n<p><strong>Izgraditi Hauptwerk orgulje? To je ono u \u010demu je Mixtuur dobar. Izra\u0111ujemo razne elektroni\u010dke orgulje prema va\u0161im osobnim \u017eeljama i sklonostima. I za va\u0161 dnevni boravak i za crkvu. \u017delite li saznati vi\u0161e o na\u0161im Hauptwerk orguljama? Samo nastavite \u010ditati.\u00a0<\/strong><\/p>\n<h2><strong>\u0160to su Hauptwerk orgulje?<\/strong><\/h2>\n<p>Hauptwerk orgulje su idealne ako tra\u017eite orgulje bez ograni\u010denja. Dobivate mogu\u0107nost kori\u0161tenja vi\u0161e zvukovnih uzoraka na jednom instrumentu. Nije va\u017eno \u017eelite li svirati Bacha ili Silbermanna, \u0161to daje dodatni u\u017eitak u variranju vi\u0161e razli\u010ditih zvukova. Tako\u0111er, sustav uga\u0111anja mo\u017ee se lako podesiti. Nije potrebno uga\u0111ati svaku sviralu pojedina\u010dno. Jeste li znati\u017eeljni o razli\u010ditim setovima zvukovnih uzoraka za va\u0161e orgulje? Rado \u0107emo vam re\u0107i vi\u0161e o mogu\u0107nostima koje nudimo.<\/p>\n<p><a href=\"https:\/\/www.mixtuur.com\/wp-content\/uploads\/2021\/08\/20210216_151548-scaled-1.jpeg\"><img loading=\"lazy\" decoding=\"async\" class=\"alignnone size-full wp-image-10149\" src=\"https:\/\/www.mixtuur.com\/wp-content\/uploads\/2021\/08\/20210216_151548-scaled-1.jpeg\" alt=\"Build a Hauptwerk organ\" width=\"2560\" height=\"1920\" srcset=\"https:\/\/www.mixtuur.com\/wp-content\/uploads\/2021\/08\/20210216_151548-scaled-1.jpeg 2560w, https:\/\/www.mixtuur.com\/wp-content\/uploads\/2021\/08\/20210216_151548-scaled-1-300x225.jpeg 300w, https:\/\/www.mixtuur.com\/wp-content\/uploads\/2021\/08\/20210216_151548-scaled-1-1030x773.jpeg 1030w, https:\/\/www.mixtuur.com\/wp-content\/uploads\/2021\/08\/20210216_151548-scaled-1-768x576.jpeg 768w, https:\/\/www.mixtuur.com\/wp-content\/uploads\/2021\/08\/20210216_151548-scaled-1-1536x1152.jpeg 1536w, https:\/\/www.mixtuur.com\/wp-content\/uploads\/2021\/08\/20210216_151548-scaled-1-2048x1536.jpeg 2048w, https:\/\/www.mixtuur.com\/wp-content\/uploads\/2021\/08\/20210216_151548-scaled-1-1500x1125.jpeg 1500w, https:\/\/www.mixtuur.com\/wp-content\/uploads\/2021\/08\/20210216_151548-scaled-1-705x529.jpeg 705w, https:\/\/www.mixtuur.com\/wp-content\/uploads\/2021\/08\/20210216_151548-scaled-1-450x338.jpeg 450w\" sizes=\"auto, (max-width: 2560px) 100vw, 2560px\" \/><\/a><\/p>\n<h2><strong>Kako gradimo va\u0161e Hauptwerk orgulje?<\/strong><\/h2>\n<p>Vjerojatno ste ve\u0107 pogledali brojne orgulje na na\u0161oj web stranici. Zahvaljuju\u0107i znanju i stru\u010dnosti Mixtuura, mogu\u0107e je izraditi Va\u0161e Hauptwerk orgulje prema Va\u0161im \u017eeljama. Naravno, potpuno prilago\u0111eno. Zajedno mo\u017eemo razgovarati o dizajnu i svim mogu\u0107nostima. Specifi\u010dne \u017eelje za dizajn, boju ili veli\u010dinu, sve je mogu\u0107e. Osim toga, koristimo najbolji audio sustav koji sami razvijamo. Na taj ste na\u010din sigurni da vam mo\u017eemo pomo\u0107i s Va\u0161im orguljama u svakom trenutku.<\/p>\n<h2><strong>Specijaliziran za izradu Hauptwerk orgulja<\/strong><\/h2>\n<p>Mixtuur Orgels je ve\u0107 dugi niz godina autoritet u podru\u010dju Hauptwerka. Mixtuur postoji otkad je Hauptwerk predstavljen u Nizozemskoj. Gradimo orgulje za privatne osobe, koncertne dvorane i crkve. Uz to, sve orgulje gradimo i razvijamo u na\u0161oj radionici. Tra\u017eite li audio komponente kao \u0161to su zvu\u010dnici ili poja\u010dala? Onda ste do\u0161li na pravo mjesto.<\/p>\n<h2><strong>\u017delite li po\u010deti graditi svoje orgulje?<\/strong><\/h2>\n<p>\u017delite li imati vlastite Hauptwerk orgulje koje je izradio Mixtuur? Sviranje Mixtuur orgulja uvijek je zabavno i to ne morate dr\u017eati za sebe budu\u0107i da uz Hauptwerk mo\u017eete jednostavno napraviti vlastite snimke u CD kvaliteti ili kao MIDI datoteku. Tako mo\u017eete snimiti svoju glazbu i podijeliti je s obitelji ili prijateljima. Kontaktirajte nas, rado \u0107emo Vam pomo\u0107i.<\/p>\n\n<div class=\"wpcf7 no-js\" id=\"wpcf7-f10830-o1\" lang=\"nl-NL\" dir=\"ltr\" data-wpcf7-id=\"10830\">\n<div class=\"screen-reader-response\"><p role=\"status\" aria-live=\"polite\" aria-atomic=\"true\"><\/p> <ul><\/ul><\/div>\n<form action=\"\/hr\/wp-json\/wp\/v2\/pages\/10825#wpcf7-f10830-o1\" method=\"post\" class=\"wpcf7-form init\" aria-label=\"Contact form\" novalidate=\"novalidate\" data-status=\"init\">\n<fieldset class=\"hidden-fields-container\"><input type=\"hidden\" name=\"_wpcf7\" value=\"10830\" \/><input type=\"hidden\" name=\"_wpcf7_version\" value=\"6.1.5\" \/><input type=\"hidden\" name=\"_wpcf7_locale\" value=\"nl_NL\" \/><input type=\"hidden\" name=\"_wpcf7_unit_tag\" value=\"wpcf7-f10830-o1\" \/><input type=\"hidden\" name=\"_wpcf7_container_post\" value=\"0\" \/><input type=\"hidden\" name=\"_wpcf7_posted_data_hash\" value=\"\" \/><input type=\"hidden\" name=\"_wpcf7_recaptcha_response\" value=\"\" \/>\n<\/fieldset>\n<p>Va\u0161e ime (obavezno)\n<\/p>\n<p><span class=\"wpcf7-form-control-wrap\" data-name=\"your-name\"><input size=\"40\" maxlength=\"400\" class=\"wpcf7-form-control wpcf7-text wpcf7-validates-as-required\" aria-required=\"true\" aria-invalid=\"false\" value=\"\" type=\"text\" name=\"your-name\" \/><\/span>\n<\/p>\n<p>Va\u0161 e-mail (obavezno)\n<\/p>\n<p><span class=\"wpcf7-form-control-wrap\" data-name=\"your-email\"><input size=\"40\" maxlength=\"400\" class=\"wpcf7-form-control wpcf7-email wpcf7-validates-as-required wpcf7-text wpcf7-validates-as-email\" aria-required=\"true\" aria-invalid=\"false\" value=\"\" type=\"email\" name=\"your-email\" \/><\/span>\n<\/p>\n<p>Broj telefona\n<\/p>\n<p><span class=\"wpcf7-form-control-wrap\" data-name=\"tel-650\"><input size=\"40\" maxlength=\"400\" class=\"wpcf7-form-control wpcf7-tel wpcf7-text wpcf7-validates-as-tel\" aria-invalid=\"false\" value=\"\" type=\"tel\" name=\"tel-650\" \/><\/span>\n<\/p>\n<p>Predmet \/ Naslov\n<\/p>\n<p><span class=\"wpcf7-form-control-wrap\" data-name=\"your-subject\"><input size=\"40\" maxlength=\"400\" class=\"wpcf7-form-control wpcf7-text\" aria-invalid=\"false\" value=\"\" type=\"text\" name=\"your-subject\" \/><\/span>\n<\/p>\n<p>Va\u0161a poruka\n<\/p>\n<p><span class=\"wpcf7-form-control-wrap\" data-name=\"your-message\"><textarea cols=\"40\" rows=\"10\" maxlength=\"2000\" class=\"wpcf7-form-control wpcf7-textarea\" aria-invalid=\"false\" name=\"your-message\"><\/textarea><\/span>\n<\/p>\n\n<p><input class=\"wpcf7-form-control wpcf7-submit has-spinner\" type=\"submit\" value=\"Po\u0161aljite\" \/>\n<\/p><div class=\"wpcf7-response-output\" aria-hidden=\"true\"><\/div>\n<\/form>\n<\/div>\n\n","protected":false},"excerpt":{"rendered":"<p>Izgraditi Hauptwerk Orgulje Izgraditi Hauptwerk orgulje? To je ono u \u010demu je Mixtuur dobar. Izra\u0111ujemo razne elektroni\u010dke orgulje prema va\u0161im osobnim \u017eeljama i sklonostima. I za va\u0161 dnevni boravak i za crkvu. \u017delite li saznati vi\u0161e o na\u0161im Hauptwerk orguljama? Samo nastavite \u010ditati.\u00a0 \u0160to su Hauptwerk orgulje? Hauptwerk orgulje su idealne ako tra\u017eite orgulje bez [&hellip;]<\/p>\n","protected":false},"author":17,"featured_media":0,"parent":0,"menu_order":0,"comment_status":"closed","ping_status":"closed","template":"","meta":{"footnotes":""},"class_list":["post-10825","page","type-page","status-publish","hentry"],"yoast_head":"<!-- This site is optimized with the Yoast SEO plugin v25.5 - https:\/\/yoast.com\/wordpress\/plugins\/seo\/ -->\n<title>Izgraditi Hauptwerk orgulje - Mixtuur<\/title>\n<meta name=\"robots\" content=\"index, follow, max-snippet:-1, max-image-preview:large, max-video-preview:-1\" \/>\n<link rel=\"canonical\" href=\"https:\/\/www.mixtuur.com\/hr\/izgraditi-hauptwerk-orgulje\/\" \/>\n<meta property=\"og:locale\" content=\"hr_HR\" \/>\n<meta property=\"og:type\" content=\"article\" \/>\n<meta property=\"og:title\" content=\"Izgraditi Hauptwerk orgulje - Mixtuur\" \/>\n<meta property=\"og:description\" content=\"Izgraditi Hauptwerk Orgulje Izgraditi Hauptwerk orgulje? To je ono u \u010demu je Mixtuur dobar. Izra\u0111ujemo razne elektroni\u010dke orgulje prema va\u0161im osobnim \u017eeljama i sklonostima. I za va\u0161 dnevni boravak i za crkvu. \u017delite li saznati vi\u0161e o na\u0161im Hauptwerk orguljama? Samo nastavite \u010ditati.\u00a0 \u0160to su Hauptwerk orgulje? Hauptwerk orgulje su idealne ako tra\u017eite orgulje bez [&hellip;]\" \/>\n<meta property=\"og:url\" content=\"https:\/\/www.mixtuur.com\/hr\/izgraditi-hauptwerk-orgulje\/\" \/>\n<meta property=\"og:site_name\" content=\"Mixtuur\" \/>\n<meta property=\"article:modified_time\" content=\"2022-02-28T15:05:14+00:00\" \/>\n<meta property=\"og:image\" content=\"https:\/\/www.mixtuur.com\/wordpress\/wp-content\/uploads\/2021\/08\/20210216_151548-scaled-1.jpeg\" \/>\n<meta name=\"twitter:card\" content=\"summary_large_image\" \/>\n<meta name=\"twitter:label1\" content=\"Est. reading time\" \/>\n\t<meta name=\"twitter:data1\" content=\"2 minutes\" \/>\n<script type=\"application\/ld+json\" class=\"yoast-schema-graph\">{\"@context\":\"https:\/\/schema.org\",\"@graph\":[{\"@type\":\"WebPage\",\"@id\":\"https:\/\/www.mixtuur.com\/hr\/izgraditi-hauptwerk-orgulje\/\",\"url\":\"https:\/\/www.mixtuur.com\/hr\/izgraditi-hauptwerk-orgulje\/\",\"name\":\"Izgraditi Hauptwerk orgulje - Mixtuur\",\"isPartOf\":{\"@id\":\"https:\/\/www.mixtuur.com\/#website\"},\"primaryImageOfPage\":{\"@id\":\"https:\/\/www.mixtuur.com\/hr\/izgraditi-hauptwerk-orgulje\/#primaryimage\"},\"image\":{\"@id\":\"https:\/\/www.mixtuur.com\/hr\/izgraditi-hauptwerk-orgulje\/#primaryimage\"},\"thumbnailUrl\":\"https:\/\/www.mixtuur.com\/wp-content\/uploads\/2021\/08\/20210216_151548-scaled-1.jpeg\",\"datePublished\":\"2021-08-19T10:54:29+00:00\",\"dateModified\":\"2022-02-28T15:05:14+00:00\",\"breadcrumb\":{\"@id\":\"https:\/\/www.mixtuur.com\/hr\/izgraditi-hauptwerk-orgulje\/#breadcrumb\"},\"inLanguage\":\"hr-HR\",\"potentialAction\":[{\"@type\":\"ReadAction\",\"target\":[\"https:\/\/www.mixtuur.com\/hr\/izgraditi-hauptwerk-orgulje\/\"]}]},{\"@type\":\"ImageObject\",\"inLanguage\":\"hr-HR\",\"@id\":\"https:\/\/www.mixtuur.com\/hr\/izgraditi-hauptwerk-orgulje\/#primaryimage\",\"url\":\"https:\/\/www.mixtuur.com\/wp-content\/uploads\/2021\/08\/20210216_151548-scaled-1.jpeg\",\"contentUrl\":\"https:\/\/www.mixtuur.com\/wp-content\/uploads\/2021\/08\/20210216_151548-scaled-1.jpeg\"},{\"@type\":\"BreadcrumbList\",\"@id\":\"https:\/\/www.mixtuur.com\/hr\/izgraditi-hauptwerk-orgulje\/#breadcrumb\",\"itemListElement\":[{\"@type\":\"ListItem\",\"position\":1,\"name\":\"Home\",\"item\":\"https:\/\/www.mixtuur.com\/hr\/\"},{\"@type\":\"ListItem\",\"position\":2,\"name\":\"Izgraditi Hauptwerk orgulje\"}]},{\"@type\":\"WebSite\",\"@id\":\"https:\/\/www.mixtuur.com\/#website\",\"url\":\"https:\/\/www.mixtuur.com\/\",\"name\":\"Mixtuur\",\"description\":\"The Authentic Sound\",\"potentialAction\":[{\"@type\":\"SearchAction\",\"target\":{\"@type\":\"EntryPoint\",\"urlTemplate\":\"https:\/\/www.mixtuur.com\/?s={search_term_string}\"},\"query-input\":{\"@type\":\"PropertyValueSpecification\",\"valueRequired\":true,\"valueName\":\"search_term_string\"}}],\"inLanguage\":\"hr-HR\"}]}<\/script>\n<!-- \/ Yoast SEO plugin. -->","yoast_head_json":{"title":"Izgraditi Hauptwerk orgulje - Mixtuur","robots":{"index":"index","follow":"follow","max-snippet":"max-snippet:-1","max-image-preview":"max-image-preview:large","max-video-preview":"max-video-preview:-1"},"canonical":"https:\/\/www.mixtuur.com\/hr\/izgraditi-hauptwerk-orgulje\/","og_locale":"hr_HR","og_type":"article","og_title":"Izgraditi Hauptwerk orgulje - Mixtuur","og_description":"Izgraditi Hauptwerk Orgulje Izgraditi Hauptwerk orgulje? To je ono u \u010demu je Mixtuur dobar. Izra\u0111ujemo razne elektroni\u010dke orgulje prema va\u0161im osobnim \u017eeljama i sklonostima. I za va\u0161 dnevni boravak i za crkvu. \u017delite li saznati vi\u0161e o na\u0161im Hauptwerk orguljama? Samo nastavite \u010ditati.\u00a0 \u0160to su Hauptwerk orgulje? Hauptwerk orgulje su idealne ako tra\u017eite orgulje bez [&hellip;]","og_url":"https:\/\/www.mixtuur.com\/hr\/izgraditi-hauptwerk-orgulje\/","og_site_name":"Mixtuur","article_modified_time":"2022-02-28T15:05:14+00:00","og_image":[{"url":"https:\/\/www.mixtuur.com\/wordpress\/wp-content\/uploads\/2021\/08\/20210216_151548-scaled-1.jpeg","type":"","width":"","height":""}],"twitter_card":"summary_large_image","twitter_misc":{"Est. reading time":"2 minutes"},"schema":{"@context":"https:\/\/schema.org","@graph":[{"@type":"WebPage","@id":"https:\/\/www.mixtuur.com\/hr\/izgraditi-hauptwerk-orgulje\/","url":"https:\/\/www.mixtuur.com\/hr\/izgraditi-hauptwerk-orgulje\/","name":"Izgraditi Hauptwerk orgulje - Mixtuur","isPartOf":{"@id":"https:\/\/www.mixtuur.com\/#website"},"primaryImageOfPage":{"@id":"https:\/\/www.mixtuur.com\/hr\/izgraditi-hauptwerk-orgulje\/#primaryimage"},"image":{"@id":"https:\/\/www.mixtuur.com\/hr\/izgraditi-hauptwerk-orgulje\/#primaryimage"},"thumbnailUrl":"https:\/\/www.mixtuur.com\/wp-content\/uploads\/2021\/08\/20210216_151548-scaled-1.jpeg","datePublished":"2021-08-19T10:54:29+00:00","dateModified":"2022-02-28T15:05:14+00:00","breadcrumb":{"@id":"https:\/\/www.mixtuur.com\/hr\/izgraditi-hauptwerk-orgulje\/#breadcrumb"},"inLanguage":"hr-HR","potentialAction":[{"@type":"ReadAction","target":["https:\/\/www.mixtuur.com\/hr\/izgraditi-hauptwerk-orgulje\/"]}]},{"@type":"ImageObject","inLanguage":"hr-HR","@id":"https:\/\/www.mixtuur.com\/hr\/izgraditi-hauptwerk-orgulje\/#primaryimage","url":"https:\/\/www.mixtuur.com\/wp-content\/uploads\/2021\/08\/20210216_151548-scaled-1.jpeg","contentUrl":"https:\/\/www.mixtuur.com\/wp-content\/uploads\/2021\/08\/20210216_151548-scaled-1.jpeg"},{"@type":"BreadcrumbList","@id":"https:\/\/www.mixtuur.com\/hr\/izgraditi-hauptwerk-orgulje\/#breadcrumb","itemListElement":[{"@type":"ListItem","position":1,"name":"Home","item":"https:\/\/www.mixtuur.com\/hr\/"},{"@type":"ListItem","position":2,"name":"Izgraditi Hauptwerk orgulje"}]},{"@type":"WebSite","@id":"https:\/\/www.mixtuur.com\/#website","url":"https:\/\/www.mixtuur.com\/","name":"Mixtuur","description":"The Authentic Sound","potentialAction":[{"@type":"SearchAction","target":{"@type":"EntryPoint","urlTemplate":"https:\/\/www.mixtuur.com\/?s={search_term_string}"},"query-input":{"@type":"PropertyValueSpecification","valueRequired":true,"valueName":"search_term_string"}}],"inLanguage":"hr-HR"}]}},"_links":{"self":[{"href":"https:\/\/www.mixtuur.com\/hr\/wp-json\/wp\/v2\/pages\/10825","targetHints":{"allow":["GET"]}}],"collection":[{"href":"https:\/\/www.mixtuur.com\/hr\/wp-json\/wp\/v2\/pages"}],"about":[{"href":"https:\/\/www.mixtuur.com\/hr\/wp-json\/wp\/v2\/types\/page"}],"author":[{"embeddable":true,"href":"https:\/\/www.mixtuur.com\/hr\/wp-json\/wp\/v2\/users\/17"}],"replies":[{"embeddable":true,"href":"https:\/\/www.mixtuur.com\/hr\/wp-json\/wp\/v2\/comments?post=10825"}],"version-history":[{"count":3,"href":"https:\/\/www.mixtuur.com\/hr\/wp-json\/wp\/v2\/pages\/10825\/revisions"}],"predecessor-version":[{"id":10828,"href":"https:\/\/www.mixtuur.com\/hr\/wp-json\/wp\/v2\/pages\/10825\/revisions\/10828"}],"wp:attachment":[{"href":"https:\/\/www.mixtuur.com\/hr\/wp-json\/wp\/v2\/media?parent=10825"}],"curies":[{"name":"wp","href":"https:\/\/api.w.org\/{rel}","templated":true}]}}