{"id":10819,"date":"2017-11-30T10:43:51","date_gmt":"2017-11-30T09:43:51","guid":{"rendered":"https:\/\/www.mixtuur.com\/brochurepage\/"},"modified":"2026-03-11T13:54:02","modified_gmt":"2026-03-11T12:54:02","slug":"stranica-brosure","status":"publish","type":"page","link":"https:\/\/www.mixtuur.com\/hr\/stranica-brosure\/","title":{"rendered":"Stranica bro\u0161ure"},"content":{"rendered":"<div id='av_section_1'  class='avia-section av-av_section-2283ffe632d61f9f6404ab7ebb2a7976 main_color avia-section-default avia-no-border-styling  avia-builder-el-0  avia-builder-el-no-sibling  avia-bg-style-scroll av-minimum-height av-minimum-height-25 av-height-25  container_wrap fullsize'   data-av_minimum_height_pc='25' data-av_min_height_opt='25'><div class='container av-section-cont-open' ><main  role=\"main\" itemprop=\"mainContentOfPage\"  class='template-page content  av-content-full alpha units'><div class='post-entry post-entry-type-page post-entry-10819'><div class='entry-content-wrapper clearfix'>\n<div  class='flex_column av-av_one_half-fb39df764c461b2c993a82a88a5e3147 av_one_half  avia-builder-el-1  el_before_av_one_half  avia-builder-el-first  first flex_column_div  '     ><p>\n<style type=\"text\/css\" data-created_by=\"avia_inline_auto\" id=\"style-css-av-mmm1ha3m-9d11a03ffad11e392c170bdbdcad2ec9\">\n#top .av-special-heading.av-mmm1ha3m-9d11a03ffad11e392c170bdbdcad2ec9{\npadding-bottom:20px;\nfont-size:45px;\n}\nbody .av-special-heading.av-mmm1ha3m-9d11a03ffad11e392c170bdbdcad2ec9 .av-special-heading-tag .heading-char{\nfont-size:25px;\n}\n#top #wrap_all .av-special-heading.av-mmm1ha3m-9d11a03ffad11e392c170bdbdcad2ec9 .av-special-heading-tag{\nfont-size:45px;\n}\n.av-special-heading.av-mmm1ha3m-9d11a03ffad11e392c170bdbdcad2ec9 .av-subheading{\nfont-size:15px;\n}\n\n@media only screen and (min-width: 480px) and (max-width: 767px){ \n#top #wrap_all .av-special-heading.av-mmm1ha3m-9d11a03ffad11e392c170bdbdcad2ec9 .av-special-heading-tag{\nfont-size:0.8em;\n}\n}\n\n@media only screen and (max-width: 479px){ \n#top #wrap_all .av-special-heading.av-mmm1ha3m-9d11a03ffad11e392c170bdbdcad2ec9 .av-special-heading-tag{\nfont-size:0.8em;\n}\n}\n<\/style>\n<div  class='av-special-heading av-mmm1ha3m-9d11a03ffad11e392c170bdbdcad2ec9 av-special-heading-h2 blockquote modern-quote  avia-builder-el-2  el_before_av_textblock  avia-builder-el-first  av-inherit-size'><h2 class='av-special-heading-tag '  itemprop=\"headline\"  >Hvala vam na zahtjevu za na\u0161u bro\u0161uru<\/h2><div class=\"special-heading-border\"><div class=\"special-heading-inner-border\"><\/div><\/div><\/div><br \/>\n<section  class='av_textblock_section av-mmm1hjf9-25f1c18cd2c5a9cc9c8ee5ec096fb5d8 '   itemscope=\"itemscope\" itemtype=\"https:\/\/schema.org\/CreativeWork\" ><div class='avia_textblock'  itemprop=\"text\" ><p>\u017delite li saznati vi\u0161e o Mixtuuru, na\u0161im modelima orgulja i na\u0161im distributerima? Ovdje pogledajte na\u0161u digitalnu bro\u0161uru na engleskom jeziku.<\/p>\n<\/div><\/section><br \/>\n<div  class='avia-button-wrap av-mmm1hrfr-f4d07f8851f7a34e97fea8d779a754d3-wrap avia-button-left  avia-builder-el-4  el_after_av_textblock  avia-builder-el-last '><a href='https:\/\/www.mixtuur.com\/wp-content\/uploads\/2025\/04\/Mixtuur-Magazine-2025_ENG-comp.pdf'  class='avia-button av-mmm1hrfr-f4d07f8851f7a34e97fea8d779a754d3 av-link-btn avia-icon_select-no avia-size-medium avia-position-left avia-color-theme-color'  target=\"_blank\"  rel=\"noopener noreferrer\"  aria-label=\"Pogledajte bro\u0161uru\"><span class='avia_iconbox_title' >Pogledajte bro\u0161uru<\/span><\/a><\/div><\/p><\/div>\n<style type=\"text\/css\" data-created_by=\"avia_inline_auto\" id=\"style-css-av-av_one_half-10c14f8f8343d08dbc48a8d5c4587255\">\n.flex_column.av-av_one_half-10c14f8f8343d08dbc48a8d5c4587255{\nborder-radius:0px 0px 0px 0px;\npadding:0px 0px 30px 0px;\n}\n<\/style>\n<div  class='flex_column av-av_one_half-10c14f8f8343d08dbc48a8d5c4587255 av_one_half  avia-builder-el-5  el_after_av_one_half  avia-builder-el-last  flex_column_div  '     ><style type=\"text\/css\" data-created_by=\"avia_inline_auto\" id=\"style-css-av-av_image-da71ae96e08c421d257bbd9c5855c017\">\n.avia-image-container.av-av_image-da71ae96e08c421d257bbd9c5855c017 img.avia_image{\nbox-shadow:none;\n}\n.avia-image-container.av-av_image-da71ae96e08c421d257bbd9c5855c017 .av-image-caption-overlay-center{\ncolor:#ffffff;\n}\n<\/style>\n<div  class='avia-image-container av-av_image-da71ae96e08c421d257bbd9c5855c017 av-styling- av-img-linked avia-align-center  avia-builder-el-6  avia-builder-el-no-sibling '   itemprop=\"image\" itemscope=\"itemscope\" itemtype=\"https:\/\/schema.org\/ImageObject\" ><div class=\"avia-image-container-inner\"><div class=\"avia-image-overlay-wrap\"><a href=\"https:\/\/www.mixtuur.com\/wp-content\/uploads\/2025\/01\/Mixtuur-Catalogus-digitaal.pdf\" class='avia_image '  target=\"_blank\"  rel=\"noopener noreferrer\" aria-label='Mockup Catalogus 2025 ENG'><img decoding=\"async\" fetchpriority=\"high\" class='wp-image-24190 avia-img-lazy-loading-not-24190 avia_image ' src=\"https:\/\/www.mixtuur.com\/wp-content\/uploads\/2025\/04\/Mockup-Catalogus-2025-ENG.png\" alt='' title='Mockup Catalogus 2025 ENG'  height=\"798\" width=\"1200\"  itemprop=\"thumbnailUrl\" srcset=\"https:\/\/www.mixtuur.com\/wp-content\/uploads\/2025\/04\/Mockup-Catalogus-2025-ENG.png 1200w, https:\/\/www.mixtuur.com\/wp-content\/uploads\/2025\/04\/Mockup-Catalogus-2025-ENG-300x200.png 300w, https:\/\/www.mixtuur.com\/wp-content\/uploads\/2025\/04\/Mockup-Catalogus-2025-ENG-1030x685.png 1030w, https:\/\/www.mixtuur.com\/wp-content\/uploads\/2025\/04\/Mockup-Catalogus-2025-ENG-768x511.png 768w, https:\/\/www.mixtuur.com\/wp-content\/uploads\/2025\/04\/Mockup-Catalogus-2025-ENG-705x469.png 705w\" sizes=\"(max-width: 1200px) 100vw, 1200px\" \/><\/a><\/div><\/div><\/div><\/div>\n","protected":false},"excerpt":{"rendered":"","protected":false},"author":1,"featured_media":0,"parent":0,"menu_order":0,"comment_status":"closed","ping_status":"closed","template":"","meta":{"footnotes":""},"class_list":["post-10819","page","type-page","status-publish","hentry"],"yoast_head":"<!-- This site is optimized with the Yoast SEO plugin v25.5 - https:\/\/yoast.com\/wordpress\/plugins\/seo\/ -->\n<title>Stranica bro\u0161ure - Mixtuur<\/title>\n<meta name=\"robots\" content=\"noindex, follow\" \/>\n<meta property=\"og:locale\" content=\"hr_HR\" \/>\n<meta property=\"og:type\" content=\"article\" \/>\n<meta property=\"og:title\" content=\"Stranica bro\u0161ure - Mixtuur\" \/>\n<meta property=\"og:url\" content=\"https:\/\/www.mixtuur.com\/hr\/stranica-brosure\/\" \/>\n<meta property=\"og:site_name\" content=\"Mixtuur\" \/>\n<meta property=\"article:modified_time\" content=\"2026-03-11T12:54:02+00:00\" \/>\n<meta name=\"twitter:card\" content=\"summary_large_image\" \/>\n<meta name=\"twitter:label1\" content=\"Est. reading time\" \/>\n\t<meta name=\"twitter:data1\" content=\"1 minute\" \/>\n<script type=\"application\/ld+json\" class=\"yoast-schema-graph\">{\"@context\":\"https:\/\/schema.org\",\"@graph\":[{\"@type\":\"WebPage\",\"@id\":\"https:\/\/www.mixtuur.com\/hr\/stranica-brosure\/\",\"url\":\"https:\/\/www.mixtuur.com\/hr\/stranica-brosure\/\",\"name\":\"Stranica bro\u0161ure - Mixtuur\",\"isPartOf\":{\"@id\":\"https:\/\/www.mixtuur.com\/#website\"},\"datePublished\":\"2017-11-30T09:43:51+00:00\",\"dateModified\":\"2026-03-11T12:54:02+00:00\",\"breadcrumb\":{\"@id\":\"https:\/\/www.mixtuur.com\/hr\/stranica-brosure\/#breadcrumb\"},\"inLanguage\":\"hr-HR\",\"potentialAction\":[{\"@type\":\"ReadAction\",\"target\":[\"https:\/\/www.mixtuur.com\/hr\/stranica-brosure\/\"]}]},{\"@type\":\"BreadcrumbList\",\"@id\":\"https:\/\/www.mixtuur.com\/hr\/stranica-brosure\/#breadcrumb\",\"itemListElement\":[{\"@type\":\"ListItem\",\"position\":1,\"name\":\"Home\",\"item\":\"https:\/\/www.mixtuur.com\/hr\/\"},{\"@type\":\"ListItem\",\"position\":2,\"name\":\"Stranica bro\u0161ure\"}]},{\"@type\":\"WebSite\",\"@id\":\"https:\/\/www.mixtuur.com\/#website\",\"url\":\"https:\/\/www.mixtuur.com\/\",\"name\":\"Mixtuur\",\"description\":\"The Authentic Sound\",\"potentialAction\":[{\"@type\":\"SearchAction\",\"target\":{\"@type\":\"EntryPoint\",\"urlTemplate\":\"https:\/\/www.mixtuur.com\/?s={search_term_string}\"},\"query-input\":{\"@type\":\"PropertyValueSpecification\",\"valueRequired\":true,\"valueName\":\"search_term_string\"}}],\"inLanguage\":\"hr-HR\"}]}<\/script>\n<!-- \/ Yoast SEO plugin. -->","yoast_head_json":{"title":"Stranica bro\u0161ure - Mixtuur","robots":{"index":"noindex","follow":"follow"},"og_locale":"hr_HR","og_type":"article","og_title":"Stranica bro\u0161ure - Mixtuur","og_url":"https:\/\/www.mixtuur.com\/hr\/stranica-brosure\/","og_site_name":"Mixtuur","article_modified_time":"2026-03-11T12:54:02+00:00","twitter_card":"summary_large_image","twitter_misc":{"Est. reading time":"1 minute"},"schema":{"@context":"https:\/\/schema.org","@graph":[{"@type":"WebPage","@id":"https:\/\/www.mixtuur.com\/hr\/stranica-brosure\/","url":"https:\/\/www.mixtuur.com\/hr\/stranica-brosure\/","name":"Stranica bro\u0161ure - Mixtuur","isPartOf":{"@id":"https:\/\/www.mixtuur.com\/#website"},"datePublished":"2017-11-30T09:43:51+00:00","dateModified":"2026-03-11T12:54:02+00:00","breadcrumb":{"@id":"https:\/\/www.mixtuur.com\/hr\/stranica-brosure\/#breadcrumb"},"inLanguage":"hr-HR","potentialAction":[{"@type":"ReadAction","target":["https:\/\/www.mixtuur.com\/hr\/stranica-brosure\/"]}]},{"@type":"BreadcrumbList","@id":"https:\/\/www.mixtuur.com\/hr\/stranica-brosure\/#breadcrumb","itemListElement":[{"@type":"ListItem","position":1,"name":"Home","item":"https:\/\/www.mixtuur.com\/hr\/"},{"@type":"ListItem","position":2,"name":"Stranica bro\u0161ure"}]},{"@type":"WebSite","@id":"https:\/\/www.mixtuur.com\/#website","url":"https:\/\/www.mixtuur.com\/","name":"Mixtuur","description":"The Authentic Sound","potentialAction":[{"@type":"SearchAction","target":{"@type":"EntryPoint","urlTemplate":"https:\/\/www.mixtuur.com\/?s={search_term_string}"},"query-input":{"@type":"PropertyValueSpecification","valueRequired":true,"valueName":"search_term_string"}}],"inLanguage":"hr-HR"}]}},"_links":{"self":[{"href":"https:\/\/www.mixtuur.com\/hr\/wp-json\/wp\/v2\/pages\/10819","targetHints":{"allow":["GET"]}}],"collection":[{"href":"https:\/\/www.mixtuur.com\/hr\/wp-json\/wp\/v2\/pages"}],"about":[{"href":"https:\/\/www.mixtuur.com\/hr\/wp-json\/wp\/v2\/types\/page"}],"author":[{"embeddable":true,"href":"https:\/\/www.mixtuur.com\/hr\/wp-json\/wp\/v2\/users\/1"}],"replies":[{"embeddable":true,"href":"https:\/\/www.mixtuur.com\/hr\/wp-json\/wp\/v2\/comments?post=10819"}],"version-history":[{"count":5,"href":"https:\/\/www.mixtuur.com\/hr\/wp-json\/wp\/v2\/pages\/10819\/revisions"}],"predecessor-version":[{"id":25606,"href":"https:\/\/www.mixtuur.com\/hr\/wp-json\/wp\/v2\/pages\/10819\/revisions\/25606"}],"wp:attachment":[{"href":"https:\/\/www.mixtuur.com\/hr\/wp-json\/wp\/v2\/media?parent=10819"}],"curies":[{"name":"wp","href":"https:\/\/api.w.org\/{rel}","templated":true}]}}