{"id":9107,"date":"2020-12-24T12:56:12","date_gmt":"2020-12-24T11:56:12","guid":{"rendered":"https:\/\/www.mixtuur.com\/?page_id=9107"},"modified":"2022-11-14T14:25:14","modified_gmt":"2022-11-14T13:25:14","slug":"orgue-eglise","status":"publish","type":"page","link":"https:\/\/www.mixtuur.com\/fr\/orgue-eglise\/","title":{"rendered":"Orgue eglise"},"content":{"rendered":"<h1>Voulez vous acheter un nouvel orgue d&rsquo;\u00e9glise?<\/h1>\n<p><strong>Un orgue de Mixtuur offre de nombreuses possibilit\u00e9s dans une \u00e9glise. C&rsquo;est une id\u00e9e fausse de penser que les organes Hauptwerk ne conviendrait qu&rsquo;\u00e0 un salon. Organes de Mixtuur \u00e0 l\u2019audio professionnel pour fournir \u00e0 chaque \u00e9glise ou salle de concert. <\/strong><\/p>\n<p>Un orgue avec la technologie de Hauptwerk offre de nombreuses opportunit\u00e9s. Un orgue d&rsquo;\u00e9glise n\u2019a besoin que de peu de place et peut \u00eatre organis\u00e9 de mani\u00e8re flexible si n\u00e9cessaire. Il peut \u00e9galement y avoir une configuration audio fixe ou flexible. Un \u00e9tui d&rsquo;orgue complet ou juste une table de jeu est possible. Les techniciens du son de Mixtuur Orgels intonent toujours l&rsquo;instrument dans l&rsquo;espace. Une autre possibilit\u00e9 est l&rsquo;organe combin\u00e9, \u00e9galement appel\u00e9 un organe hybride. Cet orgue est une combinaison entre l&rsquo;orgue \u00e0 tuyaux existant et un organe num\u00e9rique de m\u00e9lange. Il est \u00e9galement possible de cette fa\u00e7on d&rsquo;agrandir votre orgue d&rsquo;\u00e9glise avec plusieurs voix, sans perdre les voix actuelles de votre orgue \u00e0 tuyaux.<\/p>\n<h2>Ce qui co\u00fbte un orgue d&rsquo;\u00e9glise?<\/h2>\n<p>Les orgues d&rsquo;\u00e9glise se pr\u00e9sentent sous diff\u00e9rentes formes et tailles. Il y a des petits orgues et de grands orgues d&rsquo;\u00e9glises qui accompagnent le chant ensemble. C&rsquo;est la raison, que des co\u00fbts d&rsquo;un orgue d&rsquo;\u00e9glise peuvent donc varier consid\u00e9rablement. En plus, un orgue d&rsquo;\u00e9glise est souvent sur mesure, car aucune \u00e9glise n&rsquo;est la m\u00eame et tout le monde a des souhaits diff\u00e9rents. Il est donc difficile de dire combien co\u00fbte un orgue d&rsquo;\u00e9glise, mais nous sommes heureux de vous faire un devis gratuit.<\/p>\n<h2>Mixtuur orgues d&rsquo;\u00e9glise<\/h2>\n<p>Un orgue Hauptwerk \u2122 en combinaison avec l&rsquo;audio professionnel de Mixtuur Orgels garantit une exp\u00e9rience sonore parfaite dans votre \u00e9glise. Mixtuur est le revendeur officiel Hauptwerk au Benelux depuis 2007. Nos orgues sont produire dans notre hall de production o\u00f9 tous nos mod\u00e8les sont fabriqu\u00e9s sur mesure. Nous fournissons des organes avec la technologie Hauptwerk. De plus, nous d\u00e9veloppons des technologies qui se connectent au logiciel Hauptwerk. Hauptwerk est un programme num\u00e9rique sur lequel des ensembles d&rsquo;\u00e9chantillons d&rsquo;organes peuvent \u00eatre charg\u00e9s. Ces ensembles reproduisent le son de chaque tuyau individuel. Vous pouvez jouer jusqu&rsquo;\u00e0 100 orgues diff\u00e9rents sur un seul orgue. L&rsquo;audio est sp\u00e9cialement r\u00e9gl\u00e9 sur votre \u00e9glise, vous offrant une exp\u00e9rience sonore incroyable. Des possibilit\u00e9s infinies avec Hauptwerk \u2122. Parce que nous voulons vous offrir la meilleure qualit\u00e9 et le meilleur service, nous offrons une garantie de deux ans sur tous nos organes.<\/p>\n<p class=\"p1\">\n<div class=\"wpcf7 no-js\" id=\"wpcf7-f4059-o1\" lang=\"nl-NL\" dir=\"ltr\" data-wpcf7-id=\"4059\">\n<div class=\"screen-reader-response\"><p role=\"status\" aria-live=\"polite\" aria-atomic=\"true\"><\/p> <ul><\/ul><\/div>\n<form action=\"\/fr\/wp-json\/wp\/v2\/pages\/9107#wpcf7-f4059-o1\" method=\"post\" class=\"wpcf7-form init\" aria-label=\"Contactformulier\" novalidate=\"novalidate\" data-status=\"init\">\n<fieldset class=\"hidden-fields-container\"><input type=\"hidden\" name=\"_wpcf7\" value=\"4059\" \/><input type=\"hidden\" name=\"_wpcf7_version\" value=\"6.1.5\" \/><input type=\"hidden\" name=\"_wpcf7_locale\" value=\"nl_NL\" \/><input type=\"hidden\" name=\"_wpcf7_unit_tag\" value=\"wpcf7-f4059-o1\" \/><input type=\"hidden\" name=\"_wpcf7_container_post\" value=\"0\" \/><input type=\"hidden\" name=\"_wpcf7_posted_data_hash\" value=\"\" \/><input type=\"hidden\" name=\"_wpcf7_recaptcha_response\" value=\"\" \/>\n<\/fieldset>\n<p>Votre nom (obligatoire)\n<\/p>\n<p><span class=\"wpcf7-form-control-wrap\" data-name=\"your-name\"><input size=\"40\" maxlength=\"400\" class=\"wpcf7-form-control wpcf7-text wpcf7-validates-as-required\" aria-required=\"true\" aria-invalid=\"false\" value=\"\" type=\"text\" name=\"your-name\" \/><\/span>\n<\/p>\n<p>Votre adresse e-mail (obligatoire)\n<\/p>\n<p><span class=\"wpcf7-form-control-wrap\" data-name=\"your-email\"><input size=\"40\" maxlength=\"400\" class=\"wpcf7-form-control wpcf7-email wpcf7-validates-as-required wpcf7-text wpcf7-validates-as-email\" aria-required=\"true\" aria-invalid=\"false\" value=\"\" type=\"email\" name=\"your-email\" \/><\/span>\n<\/p>\n<p>Num\u00e9ro de t\u00e9l\u00e9phone\n<\/p>\n<p><span class=\"wpcf7-form-control-wrap\" data-name=\"tel-194\"><input size=\"40\" maxlength=\"400\" class=\"wpcf7-form-control wpcf7-tel wpcf7-text wpcf7-validates-as-tel\" aria-invalid=\"false\" value=\"\" type=\"tel\" name=\"tel-194\" \/><\/span>\n<\/p>\n<p>Objet\n<\/p>\n<p><span class=\"wpcf7-form-control-wrap\" data-name=\"your-subject\"><input size=\"40\" maxlength=\"400\" class=\"wpcf7-form-control wpcf7-text\" aria-invalid=\"false\" value=\"\" type=\"text\" name=\"your-subject\" \/><\/span>\n<\/p>\n<p>Votre message\n<\/p>\n<p><span class=\"wpcf7-form-control-wrap\" data-name=\"your-message\"><textarea cols=\"40\" rows=\"10\" maxlength=\"2000\" class=\"wpcf7-form-control wpcf7-textarea\" aria-invalid=\"false\" name=\"your-message\"><\/textarea><\/span>\n<\/p>\n\n<p><input class=\"wpcf7-form-control wpcf7-submit has-spinner\" type=\"submit\" value=\"Envoyer\" \/>\n<\/p><div class=\"wpcf7-response-output\" aria-hidden=\"true\"><\/div>\n<\/form>\n<\/div>\n<\/p>\n","protected":false},"excerpt":{"rendered":"<p>Voulez vous acheter un nouvel orgue d&rsquo;\u00e9glise? Un orgue de Mixtuur offre de nombreuses possibilit\u00e9s dans une \u00e9glise. C&rsquo;est une id\u00e9e fausse de penser que les organes Hauptwerk ne conviendrait qu&rsquo;\u00e0 un salon. Organes de Mixtuur \u00e0 l\u2019audio professionnel pour fournir \u00e0 chaque \u00e9glise ou salle de concert. Un orgue avec la technologie de Hauptwerk [&hellip;]<\/p>\n","protected":false},"author":17,"featured_media":0,"parent":0,"menu_order":0,"comment_status":"closed","ping_status":"closed","template":"","meta":{"footnotes":""},"class_list":["post-9107","page","type-page","status-publish","hentry"],"yoast_head":"<!-- This site is optimized with the Yoast SEO plugin v25.5 - https:\/\/yoast.com\/wordpress\/plugins\/seo\/ -->\n<title>Orgue eglise - Mixtuur<\/title>\n<meta name=\"robots\" content=\"index, follow, max-snippet:-1, max-image-preview:large, max-video-preview:-1\" \/>\n<link rel=\"canonical\" href=\"https:\/\/www.mixtuur.com\/fr\/orgue-eglise\/\" \/>\n<meta property=\"og:locale\" content=\"fr_FR\" \/>\n<meta property=\"og:type\" content=\"article\" \/>\n<meta property=\"og:title\" content=\"Orgue eglise - Mixtuur\" \/>\n<meta property=\"og:description\" content=\"Voulez vous acheter un nouvel orgue d&rsquo;\u00e9glise? Un orgue de Mixtuur offre de nombreuses possibilit\u00e9s dans une \u00e9glise. C&rsquo;est une id\u00e9e fausse de penser que les organes Hauptwerk ne conviendrait qu&rsquo;\u00e0 un salon. Organes de Mixtuur \u00e0 l\u2019audio professionnel pour fournir \u00e0 chaque \u00e9glise ou salle de concert. Un orgue avec la technologie de Hauptwerk [&hellip;]\" \/>\n<meta property=\"og:url\" content=\"https:\/\/www.mixtuur.com\/fr\/orgue-eglise\/\" \/>\n<meta property=\"og:site_name\" content=\"Mixtuur\" \/>\n<meta property=\"article:modified_time\" content=\"2022-11-14T13:25:14+00:00\" \/>\n<meta name=\"twitter:card\" content=\"summary_large_image\" \/>\n<meta name=\"twitter:label1\" content=\"Dur\u00e9e de lecture estim\u00e9e\" \/>\n\t<meta name=\"twitter:data1\" content=\"2 minutes\" \/>\n<script type=\"application\/ld+json\" class=\"yoast-schema-graph\">{\"@context\":\"https:\/\/schema.org\",\"@graph\":[{\"@type\":\"WebPage\",\"@id\":\"https:\/\/www.mixtuur.com\/fr\/orgue-eglise\/\",\"url\":\"https:\/\/www.mixtuur.com\/fr\/orgue-eglise\/\",\"name\":\"Orgue eglise - Mixtuur\",\"isPartOf\":{\"@id\":\"https:\/\/www.mixtuur.com\/#website\"},\"datePublished\":\"2020-12-24T11:56:12+00:00\",\"dateModified\":\"2022-11-14T13:25:14+00:00\",\"breadcrumb\":{\"@id\":\"https:\/\/www.mixtuur.com\/fr\/orgue-eglise\/#breadcrumb\"},\"inLanguage\":\"fr-FR\",\"potentialAction\":[{\"@type\":\"ReadAction\",\"target\":[\"https:\/\/www.mixtuur.com\/fr\/orgue-eglise\/\"]}]},{\"@type\":\"BreadcrumbList\",\"@id\":\"https:\/\/www.mixtuur.com\/fr\/orgue-eglise\/#breadcrumb\",\"itemListElement\":[{\"@type\":\"ListItem\",\"position\":1,\"name\":\"Home\",\"item\":\"https:\/\/www.mixtuur.com\/fr\/\"},{\"@type\":\"ListItem\",\"position\":2,\"name\":\"Orgue eglise\"}]},{\"@type\":\"WebSite\",\"@id\":\"https:\/\/www.mixtuur.com\/#website\",\"url\":\"https:\/\/www.mixtuur.com\/\",\"name\":\"Mixtuur\",\"description\":\"The Authentic Sound\",\"potentialAction\":[{\"@type\":\"SearchAction\",\"target\":{\"@type\":\"EntryPoint\",\"urlTemplate\":\"https:\/\/www.mixtuur.com\/?s={search_term_string}\"},\"query-input\":{\"@type\":\"PropertyValueSpecification\",\"valueRequired\":true,\"valueName\":\"search_term_string\"}}],\"inLanguage\":\"fr-FR\"}]}<\/script>\n<!-- \/ Yoast SEO plugin. -->","yoast_head_json":{"title":"Orgue eglise - Mixtuur","robots":{"index":"index","follow":"follow","max-snippet":"max-snippet:-1","max-image-preview":"max-image-preview:large","max-video-preview":"max-video-preview:-1"},"canonical":"https:\/\/www.mixtuur.com\/fr\/orgue-eglise\/","og_locale":"fr_FR","og_type":"article","og_title":"Orgue eglise - Mixtuur","og_description":"Voulez vous acheter un nouvel orgue d&rsquo;\u00e9glise? Un orgue de Mixtuur offre de nombreuses possibilit\u00e9s dans une \u00e9glise. C&rsquo;est une id\u00e9e fausse de penser que les organes Hauptwerk ne conviendrait qu&rsquo;\u00e0 un salon. Organes de Mixtuur \u00e0 l\u2019audio professionnel pour fournir \u00e0 chaque \u00e9glise ou salle de concert. Un orgue avec la technologie de Hauptwerk [&hellip;]","og_url":"https:\/\/www.mixtuur.com\/fr\/orgue-eglise\/","og_site_name":"Mixtuur","article_modified_time":"2022-11-14T13:25:14+00:00","twitter_card":"summary_large_image","twitter_misc":{"Dur\u00e9e de lecture estim\u00e9e":"2 minutes"},"schema":{"@context":"https:\/\/schema.org","@graph":[{"@type":"WebPage","@id":"https:\/\/www.mixtuur.com\/fr\/orgue-eglise\/","url":"https:\/\/www.mixtuur.com\/fr\/orgue-eglise\/","name":"Orgue eglise - Mixtuur","isPartOf":{"@id":"https:\/\/www.mixtuur.com\/#website"},"datePublished":"2020-12-24T11:56:12+00:00","dateModified":"2022-11-14T13:25:14+00:00","breadcrumb":{"@id":"https:\/\/www.mixtuur.com\/fr\/orgue-eglise\/#breadcrumb"},"inLanguage":"fr-FR","potentialAction":[{"@type":"ReadAction","target":["https:\/\/www.mixtuur.com\/fr\/orgue-eglise\/"]}]},{"@type":"BreadcrumbList","@id":"https:\/\/www.mixtuur.com\/fr\/orgue-eglise\/#breadcrumb","itemListElement":[{"@type":"ListItem","position":1,"name":"Home","item":"https:\/\/www.mixtuur.com\/fr\/"},{"@type":"ListItem","position":2,"name":"Orgue eglise"}]},{"@type":"WebSite","@id":"https:\/\/www.mixtuur.com\/#website","url":"https:\/\/www.mixtuur.com\/","name":"Mixtuur","description":"The Authentic Sound","potentialAction":[{"@type":"SearchAction","target":{"@type":"EntryPoint","urlTemplate":"https:\/\/www.mixtuur.com\/?s={search_term_string}"},"query-input":{"@type":"PropertyValueSpecification","valueRequired":true,"valueName":"search_term_string"}}],"inLanguage":"fr-FR"}]}},"_links":{"self":[{"href":"https:\/\/www.mixtuur.com\/fr\/wp-json\/wp\/v2\/pages\/9107","targetHints":{"allow":["GET"]}}],"collection":[{"href":"https:\/\/www.mixtuur.com\/fr\/wp-json\/wp\/v2\/pages"}],"about":[{"href":"https:\/\/www.mixtuur.com\/fr\/wp-json\/wp\/v2\/types\/page"}],"author":[{"embeddable":true,"href":"https:\/\/www.mixtuur.com\/fr\/wp-json\/wp\/v2\/users\/17"}],"replies":[{"embeddable":true,"href":"https:\/\/www.mixtuur.com\/fr\/wp-json\/wp\/v2\/comments?post=9107"}],"version-history":[{"count":3,"href":"https:\/\/www.mixtuur.com\/fr\/wp-json\/wp\/v2\/pages\/9107\/revisions"}],"predecessor-version":[{"id":12801,"href":"https:\/\/www.mixtuur.com\/fr\/wp-json\/wp\/v2\/pages\/9107\/revisions\/12801"}],"wp:attachment":[{"href":"https:\/\/www.mixtuur.com\/fr\/wp-json\/wp\/v2\/media?parent=9107"}],"curies":[{"name":"wp","href":"https:\/\/api.w.org\/{rel}","templated":true}]}}