{"id":9102,"date":"2020-12-24T12:46:45","date_gmt":"2020-12-24T11:46:45","guid":{"rendered":"https:\/\/www.mixtuur.com\/?page_id=9102"},"modified":"2026-02-26T15:50:28","modified_gmt":"2026-02-26T14:50:28","slug":"orgue-de-salon","status":"publish","type":"page","link":"https:\/\/www.mixtuur.com\/fr\/orgue-de-salon\/","title":{"rendered":"Orgue de salon"},"content":{"rendered":"<h1>Orgue de salon<\/h1>\n<p><strong>Voulez vous un orgue dans votre salon? Un orgue de salon de Mixtuur est parfait pour chaque organiste! Avec sa simplicit\u00e9, un orgue de Mixtuur est convient parfaitement. L&rsquo;orgue de salon offre un son authentique et cr\u00e9e un ambiance parfaite dans votre maison.<\/strong><\/p>\n<p>Mixtuur Orgels promet un orgue de salon de haute qualit\u00e9. Nos orgues sont \u00e9quip\u00e9s avec le programme de Hauptwerk. Ce programme vous donnant la possibilit\u00e9 de jouer sur les orgues de vos r\u00eaves dans votre propre salon! Nous avons un large gamme des orgues de salon comme Positief, Fortissimo, Maestro, Bloc-clavier, Modesto, Kabinet et V-Touch.<\/p>\n<h2>Orgue de salon \u00e0 vendre<\/h2>\n<p>Quand vous voulez acheter un orgue de salon, vous avez beaucoup des choix entre un grande assortiment des orgues. Mixtuur Orgels avez different mod\u00e8les avec une version simplifi\u00e9e de Hauptwerk et orgues avec la version standard de Hauptwerk.<\/p>\n<p>Mixtuur a orgues de salon \u00e0 vendre pour un bon prix. Des orgues sont de haute qualit\u00e9 et durable en utilisation. Nos orgues sont faciles \u00e0 utiliser et offre la possibilit\u00e9 de prendre le contr\u00f4le int\u00e9gral du Hauptwerk. Cet programme charg\u00e9 des ensembles d&rsquo;\u00e9chantillons d\u2019orgues qui ont \u00e9t\u00e9 soigneusement enregistr\u00e9s. Le programme du Hauptwerk cr\u00e9e un rendu sonore d\u2019un grand r\u00e9alisme dans votre salon.<\/p>\n<h2>Orgue \u00e0 tuyaux de salon<\/h2>\n<p>Mixtuur Orgels offre des orgues de salon avec la version simplifi\u00e9e de Hauptwerk ou avec la version standard de Hauptwerk. Un orgue de salon est un type d\u2019orgue \u00e0 tuyaux. L\u2019orgue \u00e0 tuyaux a un esth\u00e9tique romantique et est, en g\u00e9n\u00e9ral, plus modestes que unes des grandes-orgues d&rsquo;\u00e9glise ou de concert.<\/p>\n<p>La technologie de Mixtuur permet \u00e0 l\u2019utilisateur de profiter de vos orgues pr\u00e9f\u00e9r\u00e9s. M\u00eame si vous n\u2019en avez aucune connaissances en informatique, vous pouvez jouer nos orgues. Les orgues sont tr\u00e8s conviviaux et faciles \u00e0 utiliser. Des orgues standard par l&rsquo;interm\u00e9diaire offre la possibilit\u00e9 de prendre le contr\u00f4le int\u00e9gral du Hauptwerk. Le programme du Hauptwerk charger des ensembles d&rsquo;\u00e9chantillons d\u2019orgues qui ont \u00e9t\u00e9 soigneusement enregistr\u00e9s. Ce programme cr\u00e9e un rendu sonore d\u2019un grand r\u00e9alisme. Comme s\u2019il y avait une vraie orgue \u00e0 tuyaux, mais juste dans votre salon.<\/p>\n<p class=\"p1\">\n<div class=\"wpcf7 no-js\" id=\"wpcf7-f4059-o1\" lang=\"nl-NL\" dir=\"ltr\" data-wpcf7-id=\"4059\">\n<div class=\"screen-reader-response\"><p role=\"status\" aria-live=\"polite\" aria-atomic=\"true\"><\/p> <ul><\/ul><\/div>\n<form action=\"\/fr\/wp-json\/wp\/v2\/pages\/9102#wpcf7-f4059-o1\" method=\"post\" class=\"wpcf7-form init\" aria-label=\"Contactformulier\" novalidate=\"novalidate\" data-status=\"init\">\n<fieldset class=\"hidden-fields-container\"><input type=\"hidden\" name=\"_wpcf7\" value=\"4059\" \/><input type=\"hidden\" name=\"_wpcf7_version\" value=\"6.1.5\" \/><input type=\"hidden\" name=\"_wpcf7_locale\" value=\"nl_NL\" \/><input type=\"hidden\" name=\"_wpcf7_unit_tag\" value=\"wpcf7-f4059-o1\" \/><input type=\"hidden\" name=\"_wpcf7_container_post\" value=\"0\" \/><input type=\"hidden\" name=\"_wpcf7_posted_data_hash\" value=\"\" \/><input type=\"hidden\" name=\"_wpcf7_recaptcha_response\" value=\"\" \/>\n<\/fieldset>\n<p>Votre nom (obligatoire)\n<\/p>\n<p><span class=\"wpcf7-form-control-wrap\" data-name=\"your-name\"><input size=\"40\" maxlength=\"400\" class=\"wpcf7-form-control wpcf7-text wpcf7-validates-as-required\" aria-required=\"true\" aria-invalid=\"false\" value=\"\" type=\"text\" name=\"your-name\" \/><\/span>\n<\/p>\n<p>Votre adresse e-mail (obligatoire)\n<\/p>\n<p><span class=\"wpcf7-form-control-wrap\" data-name=\"your-email\"><input size=\"40\" maxlength=\"400\" class=\"wpcf7-form-control wpcf7-email wpcf7-validates-as-required wpcf7-text wpcf7-validates-as-email\" aria-required=\"true\" aria-invalid=\"false\" value=\"\" type=\"email\" name=\"your-email\" \/><\/span>\n<\/p>\n<p>Num\u00e9ro de t\u00e9l\u00e9phone\n<\/p>\n<p><span class=\"wpcf7-form-control-wrap\" data-name=\"tel-194\"><input size=\"40\" maxlength=\"400\" class=\"wpcf7-form-control wpcf7-tel wpcf7-text wpcf7-validates-as-tel\" aria-invalid=\"false\" value=\"\" type=\"tel\" name=\"tel-194\" \/><\/span>\n<\/p>\n<p>Objet\n<\/p>\n<p><span class=\"wpcf7-form-control-wrap\" data-name=\"your-subject\"><input size=\"40\" maxlength=\"400\" class=\"wpcf7-form-control wpcf7-text\" aria-invalid=\"false\" value=\"\" type=\"text\" name=\"your-subject\" \/><\/span>\n<\/p>\n<p>Votre message\n<\/p>\n<p><span class=\"wpcf7-form-control-wrap\" data-name=\"your-message\"><textarea cols=\"40\" rows=\"10\" maxlength=\"2000\" class=\"wpcf7-form-control wpcf7-textarea\" aria-invalid=\"false\" name=\"your-message\"><\/textarea><\/span>\n<\/p>\n\n<p><input class=\"wpcf7-form-control wpcf7-submit has-spinner\" type=\"submit\" value=\"Envoyer\" \/>\n<\/p><div class=\"wpcf7-response-output\" aria-hidden=\"true\"><\/div>\n<\/form>\n<\/div>\n<\/p>\n","protected":false},"excerpt":{"rendered":"<p>Orgue de salon Voulez vous un orgue dans votre salon? Un orgue de salon de Mixtuur est parfait pour chaque organiste! Avec sa simplicit\u00e9, un orgue de Mixtuur est convient parfaitement. L&rsquo;orgue de salon offre un son authentique et cr\u00e9e un ambiance parfaite dans votre maison. Mixtuur Orgels promet un orgue de salon de haute [&hellip;]<\/p>\n","protected":false},"author":17,"featured_media":0,"parent":0,"menu_order":0,"comment_status":"closed","ping_status":"closed","template":"","meta":{"footnotes":""},"class_list":["post-9102","page","type-page","status-publish","hentry"],"yoast_head":"<!-- This site is optimized with the Yoast SEO plugin v25.5 - https:\/\/yoast.com\/wordpress\/plugins\/seo\/ -->\n<title>Orgue de salon - Mixtuur<\/title>\n<meta name=\"robots\" content=\"index, follow, max-snippet:-1, max-image-preview:large, max-video-preview:-1\" \/>\n<link rel=\"canonical\" href=\"https:\/\/www.mixtuur.com\/fr\/orgue-de-salon\/\" \/>\n<meta property=\"og:locale\" content=\"fr_FR\" \/>\n<meta property=\"og:type\" content=\"article\" \/>\n<meta property=\"og:title\" content=\"Orgue de salon - Mixtuur\" \/>\n<meta property=\"og:description\" content=\"Orgue de salon Voulez vous un orgue dans votre salon? Un orgue de salon de Mixtuur est parfait pour chaque organiste! Avec sa simplicit\u00e9, un orgue de Mixtuur est convient parfaitement. L&rsquo;orgue de salon offre un son authentique et cr\u00e9e un ambiance parfaite dans votre maison. Mixtuur Orgels promet un orgue de salon de haute [&hellip;]\" \/>\n<meta property=\"og:url\" content=\"https:\/\/www.mixtuur.com\/fr\/orgue-de-salon\/\" \/>\n<meta property=\"og:site_name\" content=\"Mixtuur\" \/>\n<meta property=\"article:modified_time\" content=\"2026-02-26T14:50:28+00:00\" \/>\n<meta name=\"twitter:card\" content=\"summary_large_image\" \/>\n<meta name=\"twitter:label1\" content=\"Dur\u00e9e de lecture estim\u00e9e\" \/>\n\t<meta name=\"twitter:data1\" content=\"2 minutes\" \/>\n<script type=\"application\/ld+json\" class=\"yoast-schema-graph\">{\"@context\":\"https:\/\/schema.org\",\"@graph\":[{\"@type\":\"WebPage\",\"@id\":\"https:\/\/www.mixtuur.com\/fr\/orgue-de-salon\/\",\"url\":\"https:\/\/www.mixtuur.com\/fr\/orgue-de-salon\/\",\"name\":\"Orgue de salon - Mixtuur\",\"isPartOf\":{\"@id\":\"https:\/\/www.mixtuur.com\/#website\"},\"datePublished\":\"2020-12-24T11:46:45+00:00\",\"dateModified\":\"2026-02-26T14:50:28+00:00\",\"breadcrumb\":{\"@id\":\"https:\/\/www.mixtuur.com\/fr\/orgue-de-salon\/#breadcrumb\"},\"inLanguage\":\"fr-FR\",\"potentialAction\":[{\"@type\":\"ReadAction\",\"target\":[\"https:\/\/www.mixtuur.com\/fr\/orgue-de-salon\/\"]}]},{\"@type\":\"BreadcrumbList\",\"@id\":\"https:\/\/www.mixtuur.com\/fr\/orgue-de-salon\/#breadcrumb\",\"itemListElement\":[{\"@type\":\"ListItem\",\"position\":1,\"name\":\"Home\",\"item\":\"https:\/\/www.mixtuur.com\/fr\/\"},{\"@type\":\"ListItem\",\"position\":2,\"name\":\"Orgue de salon\"}]},{\"@type\":\"WebSite\",\"@id\":\"https:\/\/www.mixtuur.com\/#website\",\"url\":\"https:\/\/www.mixtuur.com\/\",\"name\":\"Mixtuur\",\"description\":\"The Authentic Sound\",\"potentialAction\":[{\"@type\":\"SearchAction\",\"target\":{\"@type\":\"EntryPoint\",\"urlTemplate\":\"https:\/\/www.mixtuur.com\/?s={search_term_string}\"},\"query-input\":{\"@type\":\"PropertyValueSpecification\",\"valueRequired\":true,\"valueName\":\"search_term_string\"}}],\"inLanguage\":\"fr-FR\"}]}<\/script>\n<!-- \/ Yoast SEO plugin. -->","yoast_head_json":{"title":"Orgue de salon - Mixtuur","robots":{"index":"index","follow":"follow","max-snippet":"max-snippet:-1","max-image-preview":"max-image-preview:large","max-video-preview":"max-video-preview:-1"},"canonical":"https:\/\/www.mixtuur.com\/fr\/orgue-de-salon\/","og_locale":"fr_FR","og_type":"article","og_title":"Orgue de salon - Mixtuur","og_description":"Orgue de salon Voulez vous un orgue dans votre salon? Un orgue de salon de Mixtuur est parfait pour chaque organiste! Avec sa simplicit\u00e9, un orgue de Mixtuur est convient parfaitement. L&rsquo;orgue de salon offre un son authentique et cr\u00e9e un ambiance parfaite dans votre maison. Mixtuur Orgels promet un orgue de salon de haute [&hellip;]","og_url":"https:\/\/www.mixtuur.com\/fr\/orgue-de-salon\/","og_site_name":"Mixtuur","article_modified_time":"2026-02-26T14:50:28+00:00","twitter_card":"summary_large_image","twitter_misc":{"Dur\u00e9e de lecture estim\u00e9e":"2 minutes"},"schema":{"@context":"https:\/\/schema.org","@graph":[{"@type":"WebPage","@id":"https:\/\/www.mixtuur.com\/fr\/orgue-de-salon\/","url":"https:\/\/www.mixtuur.com\/fr\/orgue-de-salon\/","name":"Orgue de salon - Mixtuur","isPartOf":{"@id":"https:\/\/www.mixtuur.com\/#website"},"datePublished":"2020-12-24T11:46:45+00:00","dateModified":"2026-02-26T14:50:28+00:00","breadcrumb":{"@id":"https:\/\/www.mixtuur.com\/fr\/orgue-de-salon\/#breadcrumb"},"inLanguage":"fr-FR","potentialAction":[{"@type":"ReadAction","target":["https:\/\/www.mixtuur.com\/fr\/orgue-de-salon\/"]}]},{"@type":"BreadcrumbList","@id":"https:\/\/www.mixtuur.com\/fr\/orgue-de-salon\/#breadcrumb","itemListElement":[{"@type":"ListItem","position":1,"name":"Home","item":"https:\/\/www.mixtuur.com\/fr\/"},{"@type":"ListItem","position":2,"name":"Orgue de salon"}]},{"@type":"WebSite","@id":"https:\/\/www.mixtuur.com\/#website","url":"https:\/\/www.mixtuur.com\/","name":"Mixtuur","description":"The Authentic Sound","potentialAction":[{"@type":"SearchAction","target":{"@type":"EntryPoint","urlTemplate":"https:\/\/www.mixtuur.com\/?s={search_term_string}"},"query-input":{"@type":"PropertyValueSpecification","valueRequired":true,"valueName":"search_term_string"}}],"inLanguage":"fr-FR"}]}},"_links":{"self":[{"href":"https:\/\/www.mixtuur.com\/fr\/wp-json\/wp\/v2\/pages\/9102","targetHints":{"allow":["GET"]}}],"collection":[{"href":"https:\/\/www.mixtuur.com\/fr\/wp-json\/wp\/v2\/pages"}],"about":[{"href":"https:\/\/www.mixtuur.com\/fr\/wp-json\/wp\/v2\/types\/page"}],"author":[{"embeddable":true,"href":"https:\/\/www.mixtuur.com\/fr\/wp-json\/wp\/v2\/users\/17"}],"replies":[{"embeddable":true,"href":"https:\/\/www.mixtuur.com\/fr\/wp-json\/wp\/v2\/comments?post=9102"}],"version-history":[{"count":3,"href":"https:\/\/www.mixtuur.com\/fr\/wp-json\/wp\/v2\/pages\/9102\/revisions"}],"predecessor-version":[{"id":25496,"href":"https:\/\/www.mixtuur.com\/fr\/wp-json\/wp\/v2\/pages\/9102\/revisions\/25496"}],"wp:attachment":[{"href":"https:\/\/www.mixtuur.com\/fr\/wp-json\/wp\/v2\/media?parent=9102"}],"curies":[{"name":"wp","href":"https:\/\/api.w.org\/{rel}","templated":true}]}}