{"id":9099,"date":"2020-12-24T12:00:05","date_gmt":"2020-12-24T11:00:05","guid":{"rendered":"https:\/\/www.mixtuur.com\/?page_id=9099"},"modified":"2020-12-24T12:00:05","modified_gmt":"2020-12-24T11:00:05","slug":"orgue-a-vendre","status":"publish","type":"page","link":"https:\/\/www.mixtuur.com\/fr\/orgue-a-vendre\/","title":{"rendered":"Orgue \u00e0 vendre"},"content":{"rendered":"<h1>Orgue \u00e0 vendre<\/h1>\n<p><strong>Nous proposons une large gamme de mod\u00e8les diff\u00e9rents. Mixtuur construit des orgues pour les particuliers, les \u00e9glises et les salles de concert. Nous avons des mod\u00e8les standard, mais nous offrons \u00e9galement la possibilit\u00e9 de concevoir un instrument sur mesure pour vous. Tous les organes sont d\u00e9velopp\u00e9s et test\u00e9s enti\u00e8rement en interne. Tous les composants audio sont \u00e9galement fabriqu\u00e9s en interne. De cette fa\u00e7on, nous garantissons le son optimal que vous pouvez l\u2019attendre d&rsquo;un v\u00e9ritable orgue Mixtuur.<\/strong><\/p>\n<h2>Orgues de Mixtuur<\/h2>\n<p>Mixtuur vend des diff\u00e9rents orgues. Nous avons une large gamme d&rsquo;orgues pour la maison, d&rsquo;orgues pour les \u00e9glises et d&rsquo;orgues pour salles de concert. Notre technologie garantit la meilleure qualit\u00e9 sonore et vous donne cette sensation d&rsquo;un v\u00e9ritable orgue. Tous nos orgues sont \u00e9quip\u00e9s d&rsquo;\u00e9crans tactiles, de plusieurs claviers et haut-parleurs et d&rsquo;un processeur de signal num\u00e9rique. Tous les orgues ont un beau design exclusif et sont \u00e9quip\u00e9s d&rsquo;une technologie haut de gamme. Notre technologie garantit que vous n&rsquo;avez besoin d&rsquo;aucune connaissance en informatique. Il a \u00e9t\u00e9 d\u00e9velopp\u00e9 de telle mani\u00e8re qu&rsquo;il est tr\u00e8s facile \u00e0 utiliser.<\/p>\n<h2>Hauptwerk logiciel<\/h2>\n<p>Tous les orgues de Mixtuur sont \u00e9quip\u00e9s du logiciel Hauptwerk d&rsquo;origine. Vous pouvez choisir entre une version simplifi\u00e9e de Hauptwerk ou la version standard de Hauptwerk. Hauptwerk est un logiciel qui vous permet de charger des ensembles d&rsquo;\u00e9chantillons \u00e0 partir de toutes sortes d&rsquo;organes existants. Les sons de tous les pips individuels ont \u00e9t\u00e9 enregistr\u00e9s. Les sons sont tr\u00e8s r\u00e9alistes et ne se distinguent pas de l&rsquo;orgue r\u00e9el. Cela se traduit par une exp\u00e9rience \u00e0 couper le souffle.<\/p>\n<p class=\"p1\">\n<div class=\"wpcf7 no-js\" id=\"wpcf7-f4059-o1\" lang=\"nl-NL\" dir=\"ltr\" data-wpcf7-id=\"4059\">\n<div class=\"screen-reader-response\"><p role=\"status\" aria-live=\"polite\" aria-atomic=\"true\"><\/p> <ul><\/ul><\/div>\n<form action=\"\/fr\/wp-json\/wp\/v2\/pages\/9099#wpcf7-f4059-o1\" method=\"post\" class=\"wpcf7-form init\" aria-label=\"Contactformulier\" novalidate=\"novalidate\" data-status=\"init\">\n<fieldset class=\"hidden-fields-container\"><input type=\"hidden\" name=\"_wpcf7\" value=\"4059\" \/><input type=\"hidden\" name=\"_wpcf7_version\" value=\"6.1.5\" \/><input type=\"hidden\" name=\"_wpcf7_locale\" value=\"nl_NL\" \/><input type=\"hidden\" name=\"_wpcf7_unit_tag\" value=\"wpcf7-f4059-o1\" \/><input type=\"hidden\" name=\"_wpcf7_container_post\" value=\"0\" \/><input type=\"hidden\" name=\"_wpcf7_posted_data_hash\" value=\"\" \/><input type=\"hidden\" name=\"_wpcf7_recaptcha_response\" value=\"\" \/>\n<\/fieldset>\n<p>Votre nom (obligatoire)\n<\/p>\n<p><span class=\"wpcf7-form-control-wrap\" data-name=\"your-name\"><input size=\"40\" maxlength=\"400\" class=\"wpcf7-form-control wpcf7-text wpcf7-validates-as-required\" aria-required=\"true\" aria-invalid=\"false\" value=\"\" type=\"text\" name=\"your-name\" \/><\/span>\n<\/p>\n<p>Votre adresse e-mail (obligatoire)\n<\/p>\n<p><span class=\"wpcf7-form-control-wrap\" data-name=\"your-email\"><input size=\"40\" maxlength=\"400\" class=\"wpcf7-form-control wpcf7-email wpcf7-validates-as-required wpcf7-text wpcf7-validates-as-email\" aria-required=\"true\" aria-invalid=\"false\" value=\"\" type=\"email\" name=\"your-email\" \/><\/span>\n<\/p>\n<p>Num\u00e9ro de t\u00e9l\u00e9phone\n<\/p>\n<p><span class=\"wpcf7-form-control-wrap\" data-name=\"tel-194\"><input size=\"40\" maxlength=\"400\" class=\"wpcf7-form-control wpcf7-tel wpcf7-text wpcf7-validates-as-tel\" aria-invalid=\"false\" value=\"\" type=\"tel\" name=\"tel-194\" \/><\/span>\n<\/p>\n<p>Objet\n<\/p>\n<p><span class=\"wpcf7-form-control-wrap\" data-name=\"your-subject\"><input size=\"40\" maxlength=\"400\" class=\"wpcf7-form-control wpcf7-text\" aria-invalid=\"false\" value=\"\" type=\"text\" name=\"your-subject\" \/><\/span>\n<\/p>\n<p>Votre message\n<\/p>\n<p><span class=\"wpcf7-form-control-wrap\" data-name=\"your-message\"><textarea cols=\"40\" rows=\"10\" maxlength=\"2000\" class=\"wpcf7-form-control wpcf7-textarea\" aria-invalid=\"false\" name=\"your-message\"><\/textarea><\/span>\n<\/p>\n\n<p><input class=\"wpcf7-form-control wpcf7-submit has-spinner\" type=\"submit\" value=\"Envoyer\" \/>\n<\/p><div class=\"wpcf7-response-output\" aria-hidden=\"true\"><\/div>\n<\/form>\n<\/div>\n<\/p>\n","protected":false},"excerpt":{"rendered":"<p>Orgue \u00e0 vendre Nous proposons une large gamme de mod\u00e8les diff\u00e9rents. Mixtuur construit des orgues pour les particuliers, les \u00e9glises et les salles de concert. Nous avons des mod\u00e8les standard, mais nous offrons \u00e9galement la possibilit\u00e9 de concevoir un instrument sur mesure pour vous. Tous les organes sont d\u00e9velopp\u00e9s et test\u00e9s enti\u00e8rement en interne. Tous [&hellip;]<\/p>\n","protected":false},"author":17,"featured_media":0,"parent":0,"menu_order":0,"comment_status":"closed","ping_status":"closed","template":"","meta":{"footnotes":""},"class_list":["post-9099","page","type-page","status-publish","hentry"],"yoast_head":"<!-- This site is optimized with the Yoast SEO plugin v25.5 - https:\/\/yoast.com\/wordpress\/plugins\/seo\/ -->\n<title>Voulez vous vendre un orgue? Mixtuur offre Hauptwerk orgues.<\/title>\n<meta name=\"description\" content=\"Vous recherchez un orgue adapt\u00e9 \u00e0 votre salon? Mixtuur propose plusieurs mod\u00e8les d&#039;orgue \u00e0 vendre!\" \/>\n<meta name=\"robots\" content=\"index, follow, max-snippet:-1, max-image-preview:large, max-video-preview:-1\" \/>\n<link rel=\"canonical\" href=\"https:\/\/www.mixtuur.com\/hauptwerk-orgel-te-koop\/\" \/>\n<meta property=\"og:locale\" content=\"fr_FR\" \/>\n<meta property=\"og:type\" content=\"article\" \/>\n<meta property=\"og:title\" content=\"Voulez vous vendre un orgue? Mixtuur offre Hauptwerk orgues.\" \/>\n<meta property=\"og:description\" content=\"Vous recherchez un orgue adapt\u00e9 \u00e0 votre salon? Mixtuur propose plusieurs mod\u00e8les d&#039;orgue \u00e0 vendre!\" \/>\n<meta property=\"og:url\" content=\"https:\/\/www.mixtuur.com\/hauptwerk-orgel-te-koop\/\" \/>\n<meta property=\"og:site_name\" content=\"Mixtuur\" \/>\n<meta name=\"twitter:card\" content=\"summary_large_image\" \/>\n<meta name=\"twitter:label1\" content=\"Dur\u00e9e de lecture estim\u00e9e\" \/>\n\t<meta name=\"twitter:data1\" content=\"1 minute\" \/>\n<script type=\"application\/ld+json\" class=\"yoast-schema-graph\">{\"@context\":\"https:\/\/schema.org\",\"@graph\":[{\"@type\":\"WebPage\",\"@id\":\"https:\/\/www.mixtuur.com\/hauptwerk-orgel-te-koop\/\",\"url\":\"https:\/\/www.mixtuur.com\/hauptwerk-orgel-te-koop\/\",\"name\":\"Voulez vous vendre un orgue? Mixtuur offre Hauptwerk orgues.\",\"isPartOf\":{\"@id\":\"https:\/\/www.mixtuur.com\/#website\"},\"datePublished\":\"2020-12-24T11:00:05+00:00\",\"description\":\"Vous recherchez un orgue adapt\u00e9 \u00e0 votre salon? Mixtuur propose plusieurs mod\u00e8les d'orgue \u00e0 vendre!\",\"breadcrumb\":{\"@id\":\"https:\/\/www.mixtuur.com\/hauptwerk-orgel-te-koop\/#breadcrumb\"},\"inLanguage\":\"fr-FR\",\"potentialAction\":[{\"@type\":\"ReadAction\",\"target\":[\"https:\/\/www.mixtuur.com\/hauptwerk-orgel-te-koop\/\"]}]},{\"@type\":\"BreadcrumbList\",\"@id\":\"https:\/\/www.mixtuur.com\/hauptwerk-orgel-te-koop\/#breadcrumb\",\"itemListElement\":[{\"@type\":\"ListItem\",\"position\":1,\"name\":\"Home\",\"item\":\"https:\/\/www.mixtuur.com\/fr\/\"},{\"@type\":\"ListItem\",\"position\":2,\"name\":\"Orgue \u00e0 vendre\"}]},{\"@type\":\"WebSite\",\"@id\":\"https:\/\/www.mixtuur.com\/#website\",\"url\":\"https:\/\/www.mixtuur.com\/\",\"name\":\"Mixtuur\",\"description\":\"The Authentic Sound\",\"potentialAction\":[{\"@type\":\"SearchAction\",\"target\":{\"@type\":\"EntryPoint\",\"urlTemplate\":\"https:\/\/www.mixtuur.com\/?s={search_term_string}\"},\"query-input\":{\"@type\":\"PropertyValueSpecification\",\"valueRequired\":true,\"valueName\":\"search_term_string\"}}],\"inLanguage\":\"fr-FR\"}]}<\/script>\n<!-- \/ Yoast SEO plugin. -->","yoast_head_json":{"title":"Voulez vous vendre un orgue? Mixtuur offre Hauptwerk orgues.","description":"Vous recherchez un orgue adapt\u00e9 \u00e0 votre salon? Mixtuur propose plusieurs mod\u00e8les d'orgue \u00e0 vendre!","robots":{"index":"index","follow":"follow","max-snippet":"max-snippet:-1","max-image-preview":"max-image-preview:large","max-video-preview":"max-video-preview:-1"},"canonical":"https:\/\/www.mixtuur.com\/hauptwerk-orgel-te-koop\/","og_locale":"fr_FR","og_type":"article","og_title":"Voulez vous vendre un orgue? Mixtuur offre Hauptwerk orgues.","og_description":"Vous recherchez un orgue adapt\u00e9 \u00e0 votre salon? Mixtuur propose plusieurs mod\u00e8les d'orgue \u00e0 vendre!","og_url":"https:\/\/www.mixtuur.com\/hauptwerk-orgel-te-koop\/","og_site_name":"Mixtuur","twitter_card":"summary_large_image","twitter_misc":{"Dur\u00e9e de lecture estim\u00e9e":"1 minute"},"schema":{"@context":"https:\/\/schema.org","@graph":[{"@type":"WebPage","@id":"https:\/\/www.mixtuur.com\/hauptwerk-orgel-te-koop\/","url":"https:\/\/www.mixtuur.com\/hauptwerk-orgel-te-koop\/","name":"Voulez vous vendre un orgue? Mixtuur offre Hauptwerk orgues.","isPartOf":{"@id":"https:\/\/www.mixtuur.com\/#website"},"datePublished":"2020-12-24T11:00:05+00:00","description":"Vous recherchez un orgue adapt\u00e9 \u00e0 votre salon? Mixtuur propose plusieurs mod\u00e8les d'orgue \u00e0 vendre!","breadcrumb":{"@id":"https:\/\/www.mixtuur.com\/hauptwerk-orgel-te-koop\/#breadcrumb"},"inLanguage":"fr-FR","potentialAction":[{"@type":"ReadAction","target":["https:\/\/www.mixtuur.com\/hauptwerk-orgel-te-koop\/"]}]},{"@type":"BreadcrumbList","@id":"https:\/\/www.mixtuur.com\/hauptwerk-orgel-te-koop\/#breadcrumb","itemListElement":[{"@type":"ListItem","position":1,"name":"Home","item":"https:\/\/www.mixtuur.com\/fr\/"},{"@type":"ListItem","position":2,"name":"Orgue \u00e0 vendre"}]},{"@type":"WebSite","@id":"https:\/\/www.mixtuur.com\/#website","url":"https:\/\/www.mixtuur.com\/","name":"Mixtuur","description":"The Authentic Sound","potentialAction":[{"@type":"SearchAction","target":{"@type":"EntryPoint","urlTemplate":"https:\/\/www.mixtuur.com\/?s={search_term_string}"},"query-input":{"@type":"PropertyValueSpecification","valueRequired":true,"valueName":"search_term_string"}}],"inLanguage":"fr-FR"}]}},"_links":{"self":[{"href":"https:\/\/www.mixtuur.com\/fr\/wp-json\/wp\/v2\/pages\/9099","targetHints":{"allow":["GET"]}}],"collection":[{"href":"https:\/\/www.mixtuur.com\/fr\/wp-json\/wp\/v2\/pages"}],"about":[{"href":"https:\/\/www.mixtuur.com\/fr\/wp-json\/wp\/v2\/types\/page"}],"author":[{"embeddable":true,"href":"https:\/\/www.mixtuur.com\/fr\/wp-json\/wp\/v2\/users\/17"}],"replies":[{"embeddable":true,"href":"https:\/\/www.mixtuur.com\/fr\/wp-json\/wp\/v2\/comments?post=9099"}],"version-history":[{"count":2,"href":"https:\/\/www.mixtuur.com\/fr\/wp-json\/wp\/v2\/pages\/9099\/revisions"}],"predecessor-version":[{"id":9105,"href":"https:\/\/www.mixtuur.com\/fr\/wp-json\/wp\/v2\/pages\/9099\/revisions\/9105"}],"wp:attachment":[{"href":"https:\/\/www.mixtuur.com\/fr\/wp-json\/wp\/v2\/media?parent=9099"}],"curies":[{"name":"wp","href":"https:\/\/api.w.org\/{rel}","templated":true}]}}