{"id":9095,"date":"2020-12-24T11:56:36","date_gmt":"2020-12-24T10:56:36","guid":{"rendered":"https:\/\/www.mixtuur.com\/?page_id=9095"},"modified":"2026-02-26T15:51:03","modified_gmt":"2026-02-26T14:51:03","slug":"prix-orgue","status":"publish","type":"page","link":"https:\/\/www.mixtuur.com\/fr\/prix-orgue\/","title":{"rendered":"Prix orgue"},"content":{"rendered":"<h1>Orgues de Mixtuur<\/h1>\n<p><strong>Mixtuur propose des orgues pour les particuliers, les \u00e9glises et les salles de concert. Tous les organes sont d\u00e9velopp\u00e9s et test\u00e9s enti\u00e8rement en interne.Notre modeles standard Un orgue de Mixtuur garantissent un son optimal que vous pouvez l\u2019attendre d\u2019un v\u00e9ritable orgue Mixtuur. Les orgues sont d\u00e9velopp\u00e9s, fabriqu\u00e9s et test\u00e9s enti\u00e8rement interne. De cette fa\u00e7on, nous garantissons le son optimal que vous pouvez l\u2019attendre d&rsquo;un v\u00e9ritable orgue Mixtuur.<\/strong><\/p>\n<p><a href=\"https:\/\/www.mixtuur.com\/wp-content\/uploads\/2020\/09\/Home-organ.png\"><img loading=\"lazy\" decoding=\"async\" class=\"alignnone wp-image-8655 size-full\" src=\"https:\/\/www.mixtuur.com\/wp-content\/uploads\/2020\/09\/Home-organ.png\" alt=\"Prix orgue\" width=\"1200\" height=\"628\" srcset=\"https:\/\/www.mixtuur.com\/wp-content\/uploads\/2020\/09\/Home-organ.png 1200w, https:\/\/www.mixtuur.com\/wp-content\/uploads\/2020\/09\/Home-organ-300x157.png 300w, https:\/\/www.mixtuur.com\/wp-content\/uploads\/2020\/09\/Home-organ-1030x539.png 1030w, https:\/\/www.mixtuur.com\/wp-content\/uploads\/2020\/09\/Home-organ-768x402.png 768w, https:\/\/www.mixtuur.com\/wp-content\/uploads\/2020\/09\/Home-organ-705x369.png 705w, https:\/\/www.mixtuur.com\/wp-content\/uploads\/2020\/09\/Home-organ-450x236.png 450w\" sizes=\"auto, (max-width: 1200px) 100vw, 1200px\" \/><\/a><\/p>\n<h2>Prix d\u2019orgue<\/h2>\n<p>Les orgues \u00e0 domicile se pr\u00e9sentent sous diff\u00e9rentes formes et tailles. Dans notre gamme, il y a des petits et grands orgues qui accompagnent le chant ensemble. Pour cette raison, le co\u00fbt d&rsquo;un organe domestique peut varier consid\u00e9rablement. Nous serions heureux de vous faire une offre gratuite.<\/p>\n<p>Retrouvez ci-dessous une petite s\u00e9lection de notre gamme<\/p>\n<h2>Maestro<\/h2>\n<p>Le Maestro est un orgue parfait. C\u2019est une \u0153uvre d\u2019art qui s\u2019int\u00e8gre dans chaque salon! Les tirants avec papier \u00e9lectronique repr\u00e9sentent la touche finale. Cet orgue est disponible avec trois claviers et est syst\u00e9matiquement construit en ch\u00eane naturel. Il y a aussi 7 haut-parleurs haut de gamme, dont chacun poss\u00e8de son propre amplificateur. Il permet d\u2019optimiser au maximum le son. Le maestro est disponible \u00e0 partir de \u20ac 33.450,-<\/p>\n<h2>Modesto<\/h2>\n<p>Le Modesto est un orgue modeste. Il d\u00e9livre malgr\u00e9 tout une magnifique sonorit\u00e9 qui remplira l\u2019espace. Cet mod\u00e8le est disponible en version deux, trois ou quatre claviers. Il est syst\u00e9matiquement construit en ch\u00eane naturel. Cet orgue dispose de 6 haut-parleurs haut de gamme, dont chacun poss\u00e8de son propre amplificateur. Le processeur de signal num\u00e9rique (ou DSP \u2013 Digital Signal Processor) de pointe dont il b\u00e9n\u00e9ficie, con\u00e7u en interne par Mixtuur Orgels, permet d\u2019optimiser au maximum le son. Le Modesto II est disponible a partir de \u20ac 15.995,- et Le Modesto III est disponible a partir de \u20ac 16.995,-<\/p>\n<p class=\"p1\">\n<div class=\"wpcf7 no-js\" id=\"wpcf7-f4059-o1\" lang=\"nl-NL\" dir=\"ltr\" data-wpcf7-id=\"4059\">\n<div class=\"screen-reader-response\"><p role=\"status\" aria-live=\"polite\" aria-atomic=\"true\"><\/p> <ul><\/ul><\/div>\n<form action=\"\/fr\/wp-json\/wp\/v2\/pages\/9095#wpcf7-f4059-o1\" method=\"post\" class=\"wpcf7-form init\" aria-label=\"Contactformulier\" novalidate=\"novalidate\" data-status=\"init\">\n<fieldset class=\"hidden-fields-container\"><input type=\"hidden\" name=\"_wpcf7\" value=\"4059\" \/><input type=\"hidden\" name=\"_wpcf7_version\" value=\"6.1.5\" \/><input type=\"hidden\" name=\"_wpcf7_locale\" value=\"nl_NL\" \/><input type=\"hidden\" name=\"_wpcf7_unit_tag\" value=\"wpcf7-f4059-o1\" \/><input type=\"hidden\" name=\"_wpcf7_container_post\" value=\"0\" \/><input type=\"hidden\" name=\"_wpcf7_posted_data_hash\" value=\"\" \/><input type=\"hidden\" name=\"_wpcf7_recaptcha_response\" value=\"\" \/>\n<\/fieldset>\n<p>Votre nom (obligatoire)\n<\/p>\n<p><span class=\"wpcf7-form-control-wrap\" data-name=\"your-name\"><input size=\"40\" maxlength=\"400\" class=\"wpcf7-form-control wpcf7-text wpcf7-validates-as-required\" aria-required=\"true\" aria-invalid=\"false\" value=\"\" type=\"text\" name=\"your-name\" \/><\/span>\n<\/p>\n<p>Votre adresse e-mail (obligatoire)\n<\/p>\n<p><span class=\"wpcf7-form-control-wrap\" data-name=\"your-email\"><input size=\"40\" maxlength=\"400\" class=\"wpcf7-form-control wpcf7-email wpcf7-validates-as-required wpcf7-text wpcf7-validates-as-email\" aria-required=\"true\" aria-invalid=\"false\" value=\"\" type=\"email\" name=\"your-email\" \/><\/span>\n<\/p>\n<p>Num\u00e9ro de t\u00e9l\u00e9phone\n<\/p>\n<p><span class=\"wpcf7-form-control-wrap\" data-name=\"tel-194\"><input size=\"40\" maxlength=\"400\" class=\"wpcf7-form-control wpcf7-tel wpcf7-text wpcf7-validates-as-tel\" aria-invalid=\"false\" value=\"\" type=\"tel\" name=\"tel-194\" \/><\/span>\n<\/p>\n<p>Objet\n<\/p>\n<p><span class=\"wpcf7-form-control-wrap\" data-name=\"your-subject\"><input size=\"40\" maxlength=\"400\" class=\"wpcf7-form-control wpcf7-text\" aria-invalid=\"false\" value=\"\" type=\"text\" name=\"your-subject\" \/><\/span>\n<\/p>\n<p>Votre message\n<\/p>\n<p><span class=\"wpcf7-form-control-wrap\" data-name=\"your-message\"><textarea cols=\"40\" rows=\"10\" maxlength=\"2000\" class=\"wpcf7-form-control wpcf7-textarea\" aria-invalid=\"false\" name=\"your-message\"><\/textarea><\/span>\n<\/p>\n\n<p><input class=\"wpcf7-form-control wpcf7-submit has-spinner\" type=\"submit\" value=\"Envoyer\" \/>\n<\/p><div class=\"wpcf7-response-output\" aria-hidden=\"true\"><\/div>\n<\/form>\n<\/div>\n<\/p>\n","protected":false},"excerpt":{"rendered":"<p>Orgues de Mixtuur Mixtuur propose des orgues pour les particuliers, les \u00e9glises et les salles de concert. Tous les organes sont d\u00e9velopp\u00e9s et test\u00e9s enti\u00e8rement en interne.Notre modeles standard Un orgue de Mixtuur garantissent un son optimal que vous pouvez l\u2019attendre d\u2019un v\u00e9ritable orgue Mixtuur. Les orgues sont d\u00e9velopp\u00e9s, fabriqu\u00e9s et test\u00e9s enti\u00e8rement interne. De [&hellip;]<\/p>\n","protected":false},"author":17,"featured_media":0,"parent":0,"menu_order":0,"comment_status":"closed","ping_status":"closed","template":"","meta":{"footnotes":""},"class_list":["post-9095","page","type-page","status-publish","hentry"],"yoast_head":"<!-- This site is optimized with the Yoast SEO plugin v25.5 - https:\/\/yoast.com\/wordpress\/plugins\/seo\/ -->\n<title>Mixtuur offre orgues de Hauptwerk pour un bon prix!<\/title>\n<meta name=\"description\" content=\"Voulez vous un dans votre salon? Mixtuur propose plusieurs mod\u00e8les d&#039;orgue \u00e0 vendre pour le meilleur prix!\" \/>\n<meta name=\"robots\" content=\"index, follow, max-snippet:-1, max-image-preview:large, max-video-preview:-1\" \/>\n<link rel=\"canonical\" href=\"https:\/\/www.mixtuur.com\/fr\/prix-orgue\/\" \/>\n<meta property=\"og:locale\" content=\"fr_FR\" \/>\n<meta property=\"og:type\" content=\"article\" \/>\n<meta property=\"og:title\" content=\"Mixtuur offre orgues de Hauptwerk pour un bon prix!\" \/>\n<meta property=\"og:description\" content=\"Voulez vous un dans votre salon? Mixtuur propose plusieurs mod\u00e8les d&#039;orgue \u00e0 vendre pour le meilleur prix!\" \/>\n<meta property=\"og:url\" content=\"https:\/\/www.mixtuur.com\/fr\/prix-orgue\/\" \/>\n<meta property=\"og:site_name\" content=\"Mixtuur\" \/>\n<meta property=\"article:modified_time\" content=\"2026-02-26T14:51:03+00:00\" \/>\n<meta property=\"og:image\" content=\"https:\/\/www.mixtuur.com\/wp-content\/uploads\/2020\/09\/Home-organ.png\" \/>\n\t<meta property=\"og:image:width\" content=\"1200\" \/>\n\t<meta property=\"og:image:height\" content=\"628\" \/>\n\t<meta property=\"og:image:type\" content=\"image\/png\" \/>\n<meta name=\"twitter:card\" content=\"summary_large_image\" \/>\n<meta name=\"twitter:label1\" content=\"Dur\u00e9e de lecture estim\u00e9e\" \/>\n\t<meta name=\"twitter:data1\" content=\"3 minutes\" \/>\n<script type=\"application\/ld+json\" class=\"yoast-schema-graph\">{\"@context\":\"https:\/\/schema.org\",\"@graph\":[{\"@type\":\"WebPage\",\"@id\":\"https:\/\/www.mixtuur.com\/fr\/prix-orgue\/\",\"url\":\"https:\/\/www.mixtuur.com\/fr\/prix-orgue\/\",\"name\":\"Mixtuur offre orgues de Hauptwerk pour un bon prix!\",\"isPartOf\":{\"@id\":\"https:\/\/www.mixtuur.com\/#website\"},\"primaryImageOfPage\":{\"@id\":\"https:\/\/www.mixtuur.com\/fr\/prix-orgue\/#primaryimage\"},\"image\":{\"@id\":\"https:\/\/www.mixtuur.com\/fr\/prix-orgue\/#primaryimage\"},\"thumbnailUrl\":\"https:\/\/www.mixtuur.com\/wp-content\/uploads\/2020\/09\/Home-organ.png\",\"datePublished\":\"2020-12-24T10:56:36+00:00\",\"dateModified\":\"2026-02-26T14:51:03+00:00\",\"description\":\"Voulez vous un dans votre salon? Mixtuur propose plusieurs mod\u00e8les d'orgue \u00e0 vendre pour le meilleur prix!\",\"breadcrumb\":{\"@id\":\"https:\/\/www.mixtuur.com\/fr\/prix-orgue\/#breadcrumb\"},\"inLanguage\":\"fr-FR\",\"potentialAction\":[{\"@type\":\"ReadAction\",\"target\":[\"https:\/\/www.mixtuur.com\/fr\/prix-orgue\/\"]}]},{\"@type\":\"ImageObject\",\"inLanguage\":\"fr-FR\",\"@id\":\"https:\/\/www.mixtuur.com\/fr\/prix-orgue\/#primaryimage\",\"url\":\"https:\/\/www.mixtuur.com\/wp-content\/uploads\/2020\/09\/Home-organ.png\",\"contentUrl\":\"https:\/\/www.mixtuur.com\/wp-content\/uploads\/2020\/09\/Home-organ.png\"},{\"@type\":\"BreadcrumbList\",\"@id\":\"https:\/\/www.mixtuur.com\/fr\/prix-orgue\/#breadcrumb\",\"itemListElement\":[{\"@type\":\"ListItem\",\"position\":1,\"name\":\"Home\",\"item\":\"https:\/\/www.mixtuur.com\/fr\/\"},{\"@type\":\"ListItem\",\"position\":2,\"name\":\"Prix orgue\"}]},{\"@type\":\"WebSite\",\"@id\":\"https:\/\/www.mixtuur.com\/#website\",\"url\":\"https:\/\/www.mixtuur.com\/\",\"name\":\"Mixtuur\",\"description\":\"The Authentic Sound\",\"potentialAction\":[{\"@type\":\"SearchAction\",\"target\":{\"@type\":\"EntryPoint\",\"urlTemplate\":\"https:\/\/www.mixtuur.com\/?s={search_term_string}\"},\"query-input\":{\"@type\":\"PropertyValueSpecification\",\"valueRequired\":true,\"valueName\":\"search_term_string\"}}],\"inLanguage\":\"fr-FR\"}]}<\/script>\n<!-- \/ Yoast SEO plugin. -->","yoast_head_json":{"title":"Mixtuur offre orgues de Hauptwerk pour un bon prix!","description":"Voulez vous un dans votre salon? Mixtuur propose plusieurs mod\u00e8les d'orgue \u00e0 vendre pour le meilleur prix!","robots":{"index":"index","follow":"follow","max-snippet":"max-snippet:-1","max-image-preview":"max-image-preview:large","max-video-preview":"max-video-preview:-1"},"canonical":"https:\/\/www.mixtuur.com\/fr\/prix-orgue\/","og_locale":"fr_FR","og_type":"article","og_title":"Mixtuur offre orgues de Hauptwerk pour un bon prix!","og_description":"Voulez vous un dans votre salon? Mixtuur propose plusieurs mod\u00e8les d'orgue \u00e0 vendre pour le meilleur prix!","og_url":"https:\/\/www.mixtuur.com\/fr\/prix-orgue\/","og_site_name":"Mixtuur","article_modified_time":"2026-02-26T14:51:03+00:00","og_image":[{"width":1200,"height":628,"url":"https:\/\/www.mixtuur.com\/wp-content\/uploads\/2020\/09\/Home-organ.png","type":"image\/png"}],"twitter_card":"summary_large_image","twitter_misc":{"Dur\u00e9e de lecture estim\u00e9e":"3 minutes"},"schema":{"@context":"https:\/\/schema.org","@graph":[{"@type":"WebPage","@id":"https:\/\/www.mixtuur.com\/fr\/prix-orgue\/","url":"https:\/\/www.mixtuur.com\/fr\/prix-orgue\/","name":"Mixtuur offre orgues de Hauptwerk pour un bon prix!","isPartOf":{"@id":"https:\/\/www.mixtuur.com\/#website"},"primaryImageOfPage":{"@id":"https:\/\/www.mixtuur.com\/fr\/prix-orgue\/#primaryimage"},"image":{"@id":"https:\/\/www.mixtuur.com\/fr\/prix-orgue\/#primaryimage"},"thumbnailUrl":"https:\/\/www.mixtuur.com\/wp-content\/uploads\/2020\/09\/Home-organ.png","datePublished":"2020-12-24T10:56:36+00:00","dateModified":"2026-02-26T14:51:03+00:00","description":"Voulez vous un dans votre salon? Mixtuur propose plusieurs mod\u00e8les d'orgue \u00e0 vendre pour le meilleur prix!","breadcrumb":{"@id":"https:\/\/www.mixtuur.com\/fr\/prix-orgue\/#breadcrumb"},"inLanguage":"fr-FR","potentialAction":[{"@type":"ReadAction","target":["https:\/\/www.mixtuur.com\/fr\/prix-orgue\/"]}]},{"@type":"ImageObject","inLanguage":"fr-FR","@id":"https:\/\/www.mixtuur.com\/fr\/prix-orgue\/#primaryimage","url":"https:\/\/www.mixtuur.com\/wp-content\/uploads\/2020\/09\/Home-organ.png","contentUrl":"https:\/\/www.mixtuur.com\/wp-content\/uploads\/2020\/09\/Home-organ.png"},{"@type":"BreadcrumbList","@id":"https:\/\/www.mixtuur.com\/fr\/prix-orgue\/#breadcrumb","itemListElement":[{"@type":"ListItem","position":1,"name":"Home","item":"https:\/\/www.mixtuur.com\/fr\/"},{"@type":"ListItem","position":2,"name":"Prix orgue"}]},{"@type":"WebSite","@id":"https:\/\/www.mixtuur.com\/#website","url":"https:\/\/www.mixtuur.com\/","name":"Mixtuur","description":"The Authentic Sound","potentialAction":[{"@type":"SearchAction","target":{"@type":"EntryPoint","urlTemplate":"https:\/\/www.mixtuur.com\/?s={search_term_string}"},"query-input":{"@type":"PropertyValueSpecification","valueRequired":true,"valueName":"search_term_string"}}],"inLanguage":"fr-FR"}]}},"_links":{"self":[{"href":"https:\/\/www.mixtuur.com\/fr\/wp-json\/wp\/v2\/pages\/9095","targetHints":{"allow":["GET"]}}],"collection":[{"href":"https:\/\/www.mixtuur.com\/fr\/wp-json\/wp\/v2\/pages"}],"about":[{"href":"https:\/\/www.mixtuur.com\/fr\/wp-json\/wp\/v2\/types\/page"}],"author":[{"embeddable":true,"href":"https:\/\/www.mixtuur.com\/fr\/wp-json\/wp\/v2\/users\/17"}],"replies":[{"embeddable":true,"href":"https:\/\/www.mixtuur.com\/fr\/wp-json\/wp\/v2\/comments?post=9095"}],"version-history":[{"count":4,"href":"https:\/\/www.mixtuur.com\/fr\/wp-json\/wp\/v2\/pages\/9095\/revisions"}],"predecessor-version":[{"id":25498,"href":"https:\/\/www.mixtuur.com\/fr\/wp-json\/wp\/v2\/pages\/9095\/revisions\/25498"}],"wp:attachment":[{"href":"https:\/\/www.mixtuur.com\/fr\/wp-json\/wp\/v2\/media?parent=9095"}],"curies":[{"name":"wp","href":"https:\/\/api.w.org\/{rel}","templated":true}]}}