{"id":9090,"date":"2020-12-24T11:49:20","date_gmt":"2020-12-24T10:49:20","guid":{"rendered":"https:\/\/www.mixtuur.com\/?page_id=9090"},"modified":"2020-12-24T11:49:20","modified_gmt":"2020-12-24T10:49:20","slug":"orgue-virtuel","status":"publish","type":"page","link":"https:\/\/www.mixtuur.com\/fr\/orgue-virtuel\/","title":{"rendered":"Orgue virtuel"},"content":{"rendered":"<h1>Qu&rsquo;est-ce qu&rsquo;un orgue virtuel?<\/h1>\n<p><strong>Un orgue virtuel est un instrument qui simule le son d&rsquo;un orgue de la mani\u00e8re la plus r\u00e9aliste possible. Un orgue virtuel convient tr\u00e8s bien comme orgue de chambre. Le grand avantage est qu\u2019un orgue virtuel est moins cher et prend beaucoup moins de place compar\u00e9 a un orgue classique.<\/strong><\/p>\n<h2>Le son d&rsquo;un orgue virtuel<\/h2>\n<p>Les orgues virtuel n&rsquo;\u00e9taient pas proches des orgues classiques en termes de son. Il y a eu pas mal de d\u00e9veloppements ces derni\u00e8res d\u00e9cennies et aujourd&rsquo;hui on entend \u00e0 peine la diff\u00e9rence entre un bon orgue num\u00e9rique et un orgue classique. Bien s\u00fbr, un orgue num\u00e9rique ne sent pas comme le vieux bois, comme un orgue \u00e0 tuyaux classique. Certains puristes aiment la sensation d&rsquo;un \u00ab\u00a0vrai\u00a0\u00bb organe. Mais nos orgues semblent si authentiques que de nombreux passionn\u00e9s ont chang\u00e9 apr\u00e8s s&rsquo;\u00eatre assis derri\u00e8re un orgue num\u00e9rique.<\/p>\n<h2>Hauptwerk<\/h2>\n<p>Le logiciel Hauptwerk est sorti en 2002. Il est possible de charger des \u00e9chantillons d&rsquo;organes c\u00e9l\u00e8bres. Les organes ont \u00e9t\u00e9 enregistr\u00e9s tube par tube. Ensuite, des \u00e9chantillons courts et longs ont \u00e9t\u00e9 r\u00e9alis\u00e9s pour chaque tuyau. Il y a aussi des enregistrements avec et sans tr\u00e9mulant, donc la variation et la vivacit\u00e9 sont \u00e9normes. Toutes les irr\u00e9gularit\u00e9s sont maintenues afin que l&rsquo;orgue \u00e0 tuyaux puisse \u00eatre entendu dans le son d&rsquo;origine.<\/p>\n<h2>Un orgue virtuel de Mixtuur<\/h2>\n<p>Chez Mixtuur, nous livrons des orgues avec une version simplifi\u00e9e de Hauptwerk et avec la version standard de Hauptwerk. Ce qui se d\u00e9marque dans nos orgues num\u00e9riques, c&rsquo;est un son sup\u00e9rieur. La plupart des orgues ont six ou sept haut-parleurs, ce qui donne un son majestueux. Ensuite, vous choisissez les orgues que vous souhaitez jouer. De nouveaux organes sont r\u00e9guli\u00e8rement mis \u00e0 disposition, que vous pouvez acheter (gratuits ou payants).<\/p>\n<h2>Un orgue virtuel dans votre \u00e9glise<\/h2>\n<p>Un orgue d&rsquo;\u00e9glise dans l&rsquo;\u00e9glise du village local se rapproche souvent des grands orgues des cath\u00e9drales en termes de son. Un orgue a six ou huit voit est tr\u00e8s cher. alors,un orgue virtuel est moins cher et a beaucoup plus de voix et plus des possibilit\u00e9s.<\/p>\n<p>D\u00e9couvrez notre gamme et achetez tout de suite votre orgue virtuel.<\/p>\n\n<div class=\"wpcf7 no-js\" id=\"wpcf7-f4059-o1\" lang=\"nl-NL\" dir=\"ltr\" data-wpcf7-id=\"4059\">\n<div class=\"screen-reader-response\"><p role=\"status\" aria-live=\"polite\" aria-atomic=\"true\"><\/p> <ul><\/ul><\/div>\n<form action=\"\/fr\/wp-json\/wp\/v2\/pages\/9090#wpcf7-f4059-o1\" method=\"post\" class=\"wpcf7-form init\" aria-label=\"Contactformulier\" novalidate=\"novalidate\" data-status=\"init\">\n<fieldset class=\"hidden-fields-container\"><input type=\"hidden\" name=\"_wpcf7\" value=\"4059\" \/><input type=\"hidden\" name=\"_wpcf7_version\" value=\"6.1.5\" \/><input type=\"hidden\" name=\"_wpcf7_locale\" value=\"nl_NL\" \/><input type=\"hidden\" name=\"_wpcf7_unit_tag\" value=\"wpcf7-f4059-o1\" \/><input type=\"hidden\" name=\"_wpcf7_container_post\" value=\"0\" \/><input type=\"hidden\" name=\"_wpcf7_posted_data_hash\" value=\"\" \/><input type=\"hidden\" name=\"_wpcf7_recaptcha_response\" value=\"\" \/>\n<\/fieldset>\n<p>Votre nom (obligatoire)\n<\/p>\n<p><span class=\"wpcf7-form-control-wrap\" data-name=\"your-name\"><input size=\"40\" maxlength=\"400\" class=\"wpcf7-form-control wpcf7-text wpcf7-validates-as-required\" aria-required=\"true\" aria-invalid=\"false\" value=\"\" type=\"text\" name=\"your-name\" \/><\/span>\n<\/p>\n<p>Votre adresse e-mail (obligatoire)\n<\/p>\n<p><span class=\"wpcf7-form-control-wrap\" data-name=\"your-email\"><input size=\"40\" maxlength=\"400\" class=\"wpcf7-form-control wpcf7-email wpcf7-validates-as-required wpcf7-text wpcf7-validates-as-email\" aria-required=\"true\" aria-invalid=\"false\" value=\"\" type=\"email\" name=\"your-email\" \/><\/span>\n<\/p>\n<p>Num\u00e9ro de t\u00e9l\u00e9phone\n<\/p>\n<p><span class=\"wpcf7-form-control-wrap\" data-name=\"tel-194\"><input size=\"40\" maxlength=\"400\" class=\"wpcf7-form-control wpcf7-tel wpcf7-text wpcf7-validates-as-tel\" aria-invalid=\"false\" value=\"\" type=\"tel\" name=\"tel-194\" \/><\/span>\n<\/p>\n<p>Objet\n<\/p>\n<p><span class=\"wpcf7-form-control-wrap\" data-name=\"your-subject\"><input size=\"40\" maxlength=\"400\" class=\"wpcf7-form-control wpcf7-text\" aria-invalid=\"false\" value=\"\" type=\"text\" name=\"your-subject\" \/><\/span>\n<\/p>\n<p>Votre message\n<\/p>\n<p><span class=\"wpcf7-form-control-wrap\" data-name=\"your-message\"><textarea cols=\"40\" rows=\"10\" maxlength=\"2000\" class=\"wpcf7-form-control wpcf7-textarea\" aria-invalid=\"false\" name=\"your-message\"><\/textarea><\/span>\n<\/p>\n\n<p><input class=\"wpcf7-form-control wpcf7-submit has-spinner\" type=\"submit\" value=\"Envoyer\" \/>\n<\/p><div class=\"wpcf7-response-output\" aria-hidden=\"true\"><\/div>\n<\/form>\n<\/div>\n\n","protected":false},"excerpt":{"rendered":"<p>Qu&rsquo;est-ce qu&rsquo;un orgue virtuel? Un orgue virtuel est un instrument qui simule le son d&rsquo;un orgue de la mani\u00e8re la plus r\u00e9aliste possible. Un orgue virtuel convient tr\u00e8s bien comme orgue de chambre. Le grand avantage est qu\u2019un orgue virtuel est moins cher et prend beaucoup moins de place compar\u00e9 a un orgue classique. Le [&hellip;]<\/p>\n","protected":false},"author":17,"featured_media":0,"parent":0,"menu_order":0,"comment_status":"closed","ping_status":"closed","template":"","meta":{"footnotes":""},"class_list":["post-9090","page","type-page","status-publish","hentry"],"yoast_head":"<!-- This site is optimized with the Yoast SEO plugin v25.5 - https:\/\/yoast.com\/wordpress\/plugins\/seo\/ -->\n<title>Voulez vous un orgue virtuel de Mixtuur?<\/title>\n<meta name=\"description\" content=\"Un orgue virtuel dans votre salon? Optez un Mixtuur pour la meilleure qualit\u00e9.\" \/>\n<meta name=\"robots\" content=\"index, follow, max-snippet:-1, max-image-preview:large, max-video-preview:-1\" \/>\n<link rel=\"canonical\" href=\"https:\/\/www.mixtuur.com\/fr\/orgue-virtuel\/\" \/>\n<meta property=\"og:locale\" content=\"fr_FR\" \/>\n<meta property=\"og:type\" content=\"article\" \/>\n<meta property=\"og:title\" content=\"Voulez vous un orgue virtuel de Mixtuur?\" \/>\n<meta property=\"og:description\" content=\"Un orgue virtuel dans votre salon? Optez un Mixtuur pour la meilleure qualit\u00e9.\" \/>\n<meta property=\"og:url\" content=\"https:\/\/www.mixtuur.com\/fr\/orgue-virtuel\/\" \/>\n<meta property=\"og:site_name\" content=\"Mixtuur\" \/>\n<meta name=\"twitter:card\" content=\"summary_large_image\" \/>\n<meta name=\"twitter:label1\" content=\"Dur\u00e9e de lecture estim\u00e9e\" \/>\n\t<meta name=\"twitter:data1\" content=\"2 minutes\" \/>\n<script type=\"application\/ld+json\" class=\"yoast-schema-graph\">{\"@context\":\"https:\/\/schema.org\",\"@graph\":[{\"@type\":\"WebPage\",\"@id\":\"https:\/\/www.mixtuur.com\/fr\/orgue-virtuel\/\",\"url\":\"https:\/\/www.mixtuur.com\/fr\/orgue-virtuel\/\",\"name\":\"Voulez vous un orgue virtuel de Mixtuur?\",\"isPartOf\":{\"@id\":\"https:\/\/www.mixtuur.com\/#website\"},\"datePublished\":\"2020-12-24T10:49:20+00:00\",\"description\":\"Un orgue virtuel dans votre salon? Optez un Mixtuur pour la meilleure qualit\u00e9.\",\"breadcrumb\":{\"@id\":\"https:\/\/www.mixtuur.com\/fr\/orgue-virtuel\/#breadcrumb\"},\"inLanguage\":\"fr-FR\",\"potentialAction\":[{\"@type\":\"ReadAction\",\"target\":[\"https:\/\/www.mixtuur.com\/fr\/orgue-virtuel\/\"]}]},{\"@type\":\"BreadcrumbList\",\"@id\":\"https:\/\/www.mixtuur.com\/fr\/orgue-virtuel\/#breadcrumb\",\"itemListElement\":[{\"@type\":\"ListItem\",\"position\":1,\"name\":\"Home\",\"item\":\"https:\/\/www.mixtuur.com\/fr\/\"},{\"@type\":\"ListItem\",\"position\":2,\"name\":\"Orgue virtuel\"}]},{\"@type\":\"WebSite\",\"@id\":\"https:\/\/www.mixtuur.com\/#website\",\"url\":\"https:\/\/www.mixtuur.com\/\",\"name\":\"Mixtuur\",\"description\":\"The Authentic Sound\",\"potentialAction\":[{\"@type\":\"SearchAction\",\"target\":{\"@type\":\"EntryPoint\",\"urlTemplate\":\"https:\/\/www.mixtuur.com\/?s={search_term_string}\"},\"query-input\":{\"@type\":\"PropertyValueSpecification\",\"valueRequired\":true,\"valueName\":\"search_term_string\"}}],\"inLanguage\":\"fr-FR\"}]}<\/script>\n<!-- \/ Yoast SEO plugin. -->","yoast_head_json":{"title":"Voulez vous un orgue virtuel de Mixtuur?","description":"Un orgue virtuel dans votre salon? Optez un Mixtuur pour la meilleure qualit\u00e9.","robots":{"index":"index","follow":"follow","max-snippet":"max-snippet:-1","max-image-preview":"max-image-preview:large","max-video-preview":"max-video-preview:-1"},"canonical":"https:\/\/www.mixtuur.com\/fr\/orgue-virtuel\/","og_locale":"fr_FR","og_type":"article","og_title":"Voulez vous un orgue virtuel de Mixtuur?","og_description":"Un orgue virtuel dans votre salon? Optez un Mixtuur pour la meilleure qualit\u00e9.","og_url":"https:\/\/www.mixtuur.com\/fr\/orgue-virtuel\/","og_site_name":"Mixtuur","twitter_card":"summary_large_image","twitter_misc":{"Dur\u00e9e de lecture estim\u00e9e":"2 minutes"},"schema":{"@context":"https:\/\/schema.org","@graph":[{"@type":"WebPage","@id":"https:\/\/www.mixtuur.com\/fr\/orgue-virtuel\/","url":"https:\/\/www.mixtuur.com\/fr\/orgue-virtuel\/","name":"Voulez vous un orgue virtuel de Mixtuur?","isPartOf":{"@id":"https:\/\/www.mixtuur.com\/#website"},"datePublished":"2020-12-24T10:49:20+00:00","description":"Un orgue virtuel dans votre salon? Optez un Mixtuur pour la meilleure qualit\u00e9.","breadcrumb":{"@id":"https:\/\/www.mixtuur.com\/fr\/orgue-virtuel\/#breadcrumb"},"inLanguage":"fr-FR","potentialAction":[{"@type":"ReadAction","target":["https:\/\/www.mixtuur.com\/fr\/orgue-virtuel\/"]}]},{"@type":"BreadcrumbList","@id":"https:\/\/www.mixtuur.com\/fr\/orgue-virtuel\/#breadcrumb","itemListElement":[{"@type":"ListItem","position":1,"name":"Home","item":"https:\/\/www.mixtuur.com\/fr\/"},{"@type":"ListItem","position":2,"name":"Orgue virtuel"}]},{"@type":"WebSite","@id":"https:\/\/www.mixtuur.com\/#website","url":"https:\/\/www.mixtuur.com\/","name":"Mixtuur","description":"The Authentic Sound","potentialAction":[{"@type":"SearchAction","target":{"@type":"EntryPoint","urlTemplate":"https:\/\/www.mixtuur.com\/?s={search_term_string}"},"query-input":{"@type":"PropertyValueSpecification","valueRequired":true,"valueName":"search_term_string"}}],"inLanguage":"fr-FR"}]}},"_links":{"self":[{"href":"https:\/\/www.mixtuur.com\/fr\/wp-json\/wp\/v2\/pages\/9090","targetHints":{"allow":["GET"]}}],"collection":[{"href":"https:\/\/www.mixtuur.com\/fr\/wp-json\/wp\/v2\/pages"}],"about":[{"href":"https:\/\/www.mixtuur.com\/fr\/wp-json\/wp\/v2\/types\/page"}],"author":[{"embeddable":true,"href":"https:\/\/www.mixtuur.com\/fr\/wp-json\/wp\/v2\/users\/17"}],"replies":[{"embeddable":true,"href":"https:\/\/www.mixtuur.com\/fr\/wp-json\/wp\/v2\/comments?post=9090"}],"version-history":[{"count":4,"href":"https:\/\/www.mixtuur.com\/fr\/wp-json\/wp\/v2\/pages\/9090\/revisions"}],"predecessor-version":[{"id":9094,"href":"https:\/\/www.mixtuur.com\/fr\/wp-json\/wp\/v2\/pages\/9090\/revisions\/9094"}],"wp:attachment":[{"href":"https:\/\/www.mixtuur.com\/fr\/wp-json\/wp\/v2\/media?parent=9090"}],"curies":[{"name":"wp","href":"https:\/\/api.w.org\/{rel}","templated":true}]}}