{"id":3918,"date":"2018-04-25T13:59:26","date_gmt":"2018-04-25T12:59:26","guid":{"rendered":"https:\/\/www.mixtuur.com\/?page_id=3918"},"modified":"2022-03-22T09:59:45","modified_gmt":"2022-03-22T08:59:45","slug":"demander-une-brochure","status":"publish","type":"page","link":"https:\/\/www.mixtuur.com\/fr\/demander-une-brochure\/","title":{"rendered":"Brochure aanvragen"},"content":{"rendered":"<h1>DEMANDER UNE BROCHURE?<\/h1>\n<p>Souhaitez-vous recevoir les brochures Mixtuur ? Saisissez vos coordonn\u00e9es ci-dessous et vous recevrez les brochures directement dans votre bo\u00eete aux lettres \u00e9lectronique.<\/p>\n\n<div class=\"wpcf7 no-js\" id=\"wpcf7-f3919-o1\" lang=\"nl-NL\" dir=\"ltr\" data-wpcf7-id=\"3919\">\n<div class=\"screen-reader-response\"><p role=\"status\" aria-live=\"polite\" aria-atomic=\"true\"><\/p> <ul><\/ul><\/div>\n<form action=\"\/fr\/wp-json\/wp\/v2\/pages\/3918#wpcf7-f3919-o1\" method=\"post\" class=\"wpcf7-form init\" aria-label=\"Contactformulier\" novalidate=\"novalidate\" data-status=\"init\">\n<fieldset class=\"hidden-fields-container\"><input type=\"hidden\" name=\"_wpcf7\" value=\"3919\" \/><input type=\"hidden\" name=\"_wpcf7_version\" value=\"6.1.5\" \/><input type=\"hidden\" name=\"_wpcf7_locale\" value=\"nl_NL\" \/><input type=\"hidden\" name=\"_wpcf7_unit_tag\" value=\"wpcf7-f3919-o1\" \/><input type=\"hidden\" name=\"_wpcf7_container_post\" value=\"0\" \/><input type=\"hidden\" name=\"_wpcf7_posted_data_hash\" value=\"\" \/><input type=\"hidden\" name=\"_wpcf7_recaptcha_response\" value=\"\" \/>\n<\/fieldset>\n<p><label> M\/Mme*<br \/>\n<span class=\"wpcf7-form-control-wrap\" data-name=\"menu-229\"><select class=\"wpcf7-form-control wpcf7-select wpcf7-validates-as-required\" aria-required=\"true\" aria-invalid=\"false\" name=\"menu-229\"><option value=\"\">&#8212;Kies een optie&#8212;<\/option><option value=\"M\">M<\/option><option value=\"Mme\">Mme<\/option><\/select><\/span> <\/label><br \/>\n<label> Pr\u00e9nom*<br \/>\n<span class=\"wpcf7-form-control-wrap\" data-name=\"voornaam\"><input size=\"40\" maxlength=\"400\" class=\"wpcf7-form-control wpcf7-text wpcf7-validates-as-required\" aria-required=\"true\" aria-invalid=\"false\" value=\"\" type=\"text\" name=\"voornaam\" \/><\/span> <\/label>\n<\/p>\n<p><label> Nom*<br \/>\n<span class=\"wpcf7-form-control-wrap\" data-name=\"achternaam\"><input size=\"40\" maxlength=\"400\" class=\"wpcf7-form-control wpcf7-text wpcf7-validates-as-required\" aria-required=\"true\" aria-invalid=\"false\" value=\"\" type=\"text\" name=\"achternaam\" \/><\/span> <\/label>\n<\/p>\n<p><label> Rue*<br \/>\n<span class=\"wpcf7-form-control-wrap\" data-name=\"adres\"><input size=\"40\" maxlength=\"400\" class=\"wpcf7-form-control wpcf7-text wpcf7-validates-as-required\" aria-required=\"true\" aria-invalid=\"false\" value=\"\" type=\"text\" name=\"adres\" \/><\/span> <\/label>\n<\/p>\n<p><label> Num\u00e9ro*<br \/>\n<span class=\"wpcf7-form-control-wrap\" data-name=\"huisnummer\"><input size=\"40\" maxlength=\"400\" class=\"wpcf7-form-control wpcf7-text wpcf7-validates-as-required\" aria-required=\"true\" aria-invalid=\"false\" value=\"\" type=\"text\" name=\"huisnummer\" \/><\/span> <\/label>\n<\/p>\n<p><label> Code postal*<br \/>\n<span class=\"wpcf7-form-control-wrap\" data-name=\"postcode\"><input size=\"40\" maxlength=\"400\" class=\"wpcf7-form-control wpcf7-text wpcf7-validates-as-required\" aria-required=\"true\" aria-invalid=\"false\" value=\"\" type=\"text\" name=\"postcode\" \/><\/span> <\/label>\n<\/p>\n<p><label> Ville*<br \/>\n<span class=\"wpcf7-form-control-wrap\" data-name=\"plaats\"><input size=\"40\" maxlength=\"400\" class=\"wpcf7-form-control wpcf7-text wpcf7-validates-as-required\" aria-required=\"true\" aria-invalid=\"false\" value=\"\" type=\"text\" name=\"plaats\" \/><\/span> <\/label>\n<\/p>\n<p><label> Pays*<br \/>\n<span class=\"wpcf7-form-control-wrap\" data-name=\"land\"><input size=\"40\" maxlength=\"400\" class=\"wpcf7-form-control wpcf7-text wpcf7-validates-as-required\" aria-required=\"true\" aria-invalid=\"false\" value=\"Nederland\" type=\"text\" name=\"land\" \/><\/span> <\/label>\n<\/p>\n<p><label> Adresse e-mail* (vous recevrez la brochure \u00e0 cette adresse)<br \/>\n<span class=\"wpcf7-form-control-wrap\" data-name=\"your-email\"><input size=\"40\" maxlength=\"400\" class=\"wpcf7-form-control wpcf7-email wpcf7-validates-as-required wpcf7-text wpcf7-validates-as-email\" aria-required=\"true\" aria-invalid=\"false\" value=\"\" type=\"email\" name=\"your-email\" \/><\/span> <\/label>\n<\/p>\n<p><label> Num\u00e9ro de t\u00e9l\u00e9phone<br \/>\n<span class=\"wpcf7-form-control-wrap\" data-name=\"tel-254\"><input size=\"40\" maxlength=\"400\" class=\"wpcf7-form-control wpcf7-tel wpcf7-text wpcf7-validates-as-tel\" aria-invalid=\"false\" value=\"\" type=\"tel\" name=\"tel-254\" \/><\/span> <\/label>\n<\/p>\n<p>Je suis int\u00e9ress\u00e9(e) par\u00a0:<br \/>\n<span class=\"wpcf7-form-control-wrap\" data-name=\"checkbox-232\"><span class=\"wpcf7-form-control wpcf7-checkbox wpcf7-validates-as-required\"><span class=\"wpcf7-list-item first\"><input type=\"checkbox\" name=\"checkbox-232[]\" value=\"Intrada III Progresso\" \/><span class=\"wpcf7-list-item-label\">Intrada III Progresso<\/span><\/span><span class=\"wpcf7-list-item\"><input type=\"checkbox\" name=\"checkbox-232[]\" value=\"Fortissimo\" \/><span class=\"wpcf7-list-item-label\">Fortissimo<\/span><\/span><span class=\"wpcf7-list-item\"><input type=\"checkbox\" name=\"checkbox-232[]\" value=\"Exclusivo\" \/><span class=\"wpcf7-list-item-label\">Exclusivo<\/span><\/span><span class=\"wpcf7-list-item\"><input type=\"checkbox\" name=\"checkbox-232[]\" value=\"Positief\" \/><span class=\"wpcf7-list-item-label\">Positief<\/span><\/span><span class=\"wpcf7-list-item\"><input type=\"checkbox\" name=\"checkbox-232[]\" value=\"Kabinet Exclusief\" \/><span class=\"wpcf7-list-item-label\">Kabinet Exclusief<\/span><\/span><span class=\"wpcf7-list-item\"><input type=\"checkbox\" name=\"checkbox-232[]\" value=\"Maestro\" \/><span class=\"wpcf7-list-item-label\">Maestro<\/span><\/span><span class=\"wpcf7-list-item\"><input type=\"checkbox\" name=\"checkbox-232[]\" value=\"Duett III\" \/><span class=\"wpcf7-list-item-label\">Duett III<\/span><\/span><span class=\"wpcf7-list-item\"><input type=\"checkbox\" name=\"checkbox-232[]\" value=\"Duett III Exclusive\" \/><span class=\"wpcf7-list-item-label\">Duett III Exclusive<\/span><\/span><span class=\"wpcf7-list-item\"><input type=\"checkbox\" name=\"checkbox-232[]\" value=\"V-Touch\" \/><span class=\"wpcf7-list-item-label\">V-Touch<\/span><\/span><span class=\"wpcf7-list-item\"><input type=\"checkbox\" name=\"checkbox-232[]\" value=\"Modesto\" \/><span class=\"wpcf7-list-item-label\">Modesto<\/span><\/span><span class=\"wpcf7-list-item\"><input type=\"checkbox\" name=\"checkbox-232[]\" value=\"Klavierblok\" \/><span class=\"wpcf7-list-item-label\">Klavierblok<\/span><\/span><span class=\"wpcf7-list-item last\"><input type=\"checkbox\" name=\"checkbox-232[]\" value=\"Exclusive Design\" \/><span class=\"wpcf7-list-item-label\">Exclusive Design<\/span><\/span><\/span><\/span>\n<\/p>\n<p><span class=\"wpcf7-form-control-wrap\" data-name=\"checkbox-232\"><span class=\"wpcf7-form-control wpcf7-checkbox\"><span class=\"wpcf7-list-item first last\"><input type=\"checkbox\" name=\"checkbox-232[]\" value=\"recevoir le bulletin d&#039;informations et rester inform\u00e9(e) au sujet de Mixtuur Orgels B.V.\" \/><span class=\"wpcf7-list-item-label\">recevoir le bulletin d&#039;informations et rester inform\u00e9(e) au sujet de Mixtuur Orgels B.V.<\/span><\/span><\/span><\/span>\n<\/p>\n\n<p><input class=\"wpcf7-form-control wpcf7-submit has-spinner\" type=\"submit\" value=\"Envoyer\" \/>\n<\/p><div class=\"wpcf7-response-output\" aria-hidden=\"true\"><\/div>\n<\/form>\n<\/div>\n\n","protected":false},"excerpt":{"rendered":"<p>DEMANDER UNE BROCHURE? Souhaitez-vous recevoir les brochures Mixtuur ? Saisissez vos coordonn\u00e9es ci-dessous et vous recevrez les brochures directement dans votre bo\u00eete aux lettres \u00e9lectronique.<\/p>\n","protected":false},"author":11,"featured_media":0,"parent":0,"menu_order":0,"comment_status":"closed","ping_status":"closed","template":"","meta":{"footnotes":""},"class_list":["post-3918","page","type-page","status-publish","hentry"],"yoast_head":"<!-- This site is optimized with the Yoast SEO plugin v25.5 - https:\/\/yoast.com\/wordpress\/plugins\/seo\/ -->\n<title>Brochure aanvragen - Mixtuur<\/title>\n<meta name=\"robots\" content=\"index, follow, max-snippet:-1, max-image-preview:large, max-video-preview:-1\" \/>\n<link rel=\"canonical\" href=\"https:\/\/www.mixtuur.com\/fr\/demander-une-brochure\/\" \/>\n<meta property=\"og:locale\" content=\"fr_FR\" \/>\n<meta property=\"og:type\" content=\"article\" \/>\n<meta property=\"og:title\" content=\"Brochure aanvragen - Mixtuur\" \/>\n<meta property=\"og:description\" content=\"DEMANDER UNE BROCHURE? Souhaitez-vous recevoir les brochures Mixtuur ? Saisissez vos coordonn\u00e9es ci-dessous et vous recevrez les brochures directement dans votre bo\u00eete aux lettres \u00e9lectronique.\" \/>\n<meta property=\"og:url\" content=\"https:\/\/www.mixtuur.com\/fr\/demander-une-brochure\/\" \/>\n<meta property=\"og:site_name\" content=\"Mixtuur\" \/>\n<meta property=\"article:modified_time\" content=\"2022-03-22T08:59:45+00:00\" \/>\n<meta name=\"twitter:card\" content=\"summary_large_image\" \/>\n<script type=\"application\/ld+json\" class=\"yoast-schema-graph\">{\"@context\":\"https:\/\/schema.org\",\"@graph\":[{\"@type\":\"WebPage\",\"@id\":\"https:\/\/www.mixtuur.com\/fr\/demander-une-brochure\/\",\"url\":\"https:\/\/www.mixtuur.com\/fr\/demander-une-brochure\/\",\"name\":\"Brochure aanvragen - Mixtuur\",\"isPartOf\":{\"@id\":\"https:\/\/www.mixtuur.com\/#website\"},\"datePublished\":\"2018-04-25T12:59:26+00:00\",\"dateModified\":\"2022-03-22T08:59:45+00:00\",\"breadcrumb\":{\"@id\":\"https:\/\/www.mixtuur.com\/fr\/demander-une-brochure\/#breadcrumb\"},\"inLanguage\":\"fr-FR\",\"potentialAction\":[{\"@type\":\"ReadAction\",\"target\":[\"https:\/\/www.mixtuur.com\/fr\/demander-une-brochure\/\"]}]},{\"@type\":\"BreadcrumbList\",\"@id\":\"https:\/\/www.mixtuur.com\/fr\/demander-une-brochure\/#breadcrumb\",\"itemListElement\":[{\"@type\":\"ListItem\",\"position\":1,\"name\":\"Home\",\"item\":\"https:\/\/www.mixtuur.com\/fr\/\"},{\"@type\":\"ListItem\",\"position\":2,\"name\":\"Brochure aanvragen\"}]},{\"@type\":\"WebSite\",\"@id\":\"https:\/\/www.mixtuur.com\/#website\",\"url\":\"https:\/\/www.mixtuur.com\/\",\"name\":\"Mixtuur\",\"description\":\"The Authentic Sound\",\"potentialAction\":[{\"@type\":\"SearchAction\",\"target\":{\"@type\":\"EntryPoint\",\"urlTemplate\":\"https:\/\/www.mixtuur.com\/?s={search_term_string}\"},\"query-input\":{\"@type\":\"PropertyValueSpecification\",\"valueRequired\":true,\"valueName\":\"search_term_string\"}}],\"inLanguage\":\"fr-FR\"}]}<\/script>\n<!-- \/ Yoast SEO plugin. -->","yoast_head_json":{"title":"Brochure aanvragen - Mixtuur","robots":{"index":"index","follow":"follow","max-snippet":"max-snippet:-1","max-image-preview":"max-image-preview:large","max-video-preview":"max-video-preview:-1"},"canonical":"https:\/\/www.mixtuur.com\/fr\/demander-une-brochure\/","og_locale":"fr_FR","og_type":"article","og_title":"Brochure aanvragen - Mixtuur","og_description":"DEMANDER UNE BROCHURE? Souhaitez-vous recevoir les brochures Mixtuur ? Saisissez vos coordonn\u00e9es ci-dessous et vous recevrez les brochures directement dans votre bo\u00eete aux lettres \u00e9lectronique.","og_url":"https:\/\/www.mixtuur.com\/fr\/demander-une-brochure\/","og_site_name":"Mixtuur","article_modified_time":"2022-03-22T08:59:45+00:00","twitter_card":"summary_large_image","schema":{"@context":"https:\/\/schema.org","@graph":[{"@type":"WebPage","@id":"https:\/\/www.mixtuur.com\/fr\/demander-une-brochure\/","url":"https:\/\/www.mixtuur.com\/fr\/demander-une-brochure\/","name":"Brochure aanvragen - Mixtuur","isPartOf":{"@id":"https:\/\/www.mixtuur.com\/#website"},"datePublished":"2018-04-25T12:59:26+00:00","dateModified":"2022-03-22T08:59:45+00:00","breadcrumb":{"@id":"https:\/\/www.mixtuur.com\/fr\/demander-une-brochure\/#breadcrumb"},"inLanguage":"fr-FR","potentialAction":[{"@type":"ReadAction","target":["https:\/\/www.mixtuur.com\/fr\/demander-une-brochure\/"]}]},{"@type":"BreadcrumbList","@id":"https:\/\/www.mixtuur.com\/fr\/demander-une-brochure\/#breadcrumb","itemListElement":[{"@type":"ListItem","position":1,"name":"Home","item":"https:\/\/www.mixtuur.com\/fr\/"},{"@type":"ListItem","position":2,"name":"Brochure aanvragen"}]},{"@type":"WebSite","@id":"https:\/\/www.mixtuur.com\/#website","url":"https:\/\/www.mixtuur.com\/","name":"Mixtuur","description":"The Authentic Sound","potentialAction":[{"@type":"SearchAction","target":{"@type":"EntryPoint","urlTemplate":"https:\/\/www.mixtuur.com\/?s={search_term_string}"},"query-input":{"@type":"PropertyValueSpecification","valueRequired":true,"valueName":"search_term_string"}}],"inLanguage":"fr-FR"}]}},"_links":{"self":[{"href":"https:\/\/www.mixtuur.com\/fr\/wp-json\/wp\/v2\/pages\/3918","targetHints":{"allow":["GET"]}}],"collection":[{"href":"https:\/\/www.mixtuur.com\/fr\/wp-json\/wp\/v2\/pages"}],"about":[{"href":"https:\/\/www.mixtuur.com\/fr\/wp-json\/wp\/v2\/types\/page"}],"author":[{"embeddable":true,"href":"https:\/\/www.mixtuur.com\/fr\/wp-json\/wp\/v2\/users\/11"}],"replies":[{"embeddable":true,"href":"https:\/\/www.mixtuur.com\/fr\/wp-json\/wp\/v2\/comments?post=3918"}],"version-history":[{"count":4,"href":"https:\/\/www.mixtuur.com\/fr\/wp-json\/wp\/v2\/pages\/3918\/revisions"}],"predecessor-version":[{"id":11220,"href":"https:\/\/www.mixtuur.com\/fr\/wp-json\/wp\/v2\/pages\/3918\/revisions\/11220"}],"wp:attachment":[{"href":"https:\/\/www.mixtuur.com\/fr\/wp-json\/wp\/v2\/media?parent=3918"}],"curies":[{"name":"wp","href":"https:\/\/api.w.org\/{rel}","templated":true}]}}