{"id":9116,"date":"2020-12-24T13:14:36","date_gmt":"2020-12-24T12:14:36","guid":{"rendered":"https:\/\/www.mixtuur.com\/?page_id=9116"},"modified":"2020-12-24T13:14:36","modified_gmt":"2020-12-24T12:14:36","slug":"organo-digital","status":"publish","type":"page","link":"https:\/\/www.mixtuur.com\/es\/organo-digital\/","title":{"rendered":"\u00d3rgano digital"},"content":{"rendered":"<h1>\u00bfQu\u00e9 es un \u00f3rgano digital?<\/h1>\n<p><strong>Un \u00f3rgano digital es un instrumento que intenta simular el sonido de un \u00f3rgano de la manera m\u00e1s realista posible.<\/strong><\/p>\n<h2>El sonido de un \u00f3rgano digital<\/h2>\n<p>Los \u00f3rganos digitales aparecieron en escena en la d\u00e9cada de 1990. Pero los \u00f3rganos digitales no se acercaron a los \u00f3rganos cl\u00e1sicos en t\u00e9rminos de sonido. Ha habido bastantes desarrollos en las \u00faltimas d\u00e9cadas y hoy apenas se puede escuchar la diferencia entre un buen \u00f3rgano digital y un \u00f3rgano cl\u00e1sico. Por supuesto, un \u00f3rgano digital no huele a madera antigua, como a un \u00f3rgano de tubos cl\u00e1sico. A algunos puristas les gusta la sensaci\u00f3n de un \u00f3rgano \u00abreal\u00bb. Pero nuestros \u00f3rganos tienen un sonido tan aut\u00e9ntico que muchos entusiastas han cambiado despu\u00e9s de sentarse detr\u00e1s de un \u00f3rgano digital.<\/p>\n<p><a href=\"https:\/\/www.mixtuur.com\/wp-content\/uploads\/2020\/09\/Home-organ.png\"><img loading=\"lazy\" decoding=\"async\" class=\"alignnone size-full wp-image-8655\" src=\"https:\/\/www.mixtuur.com\/wp-content\/uploads\/2020\/09\/Home-organ.png\" alt=\"Home organ\" width=\"1200\" height=\"628\" srcset=\"https:\/\/www.mixtuur.com\/wp-content\/uploads\/2020\/09\/Home-organ.png 1200w, https:\/\/www.mixtuur.com\/wp-content\/uploads\/2020\/09\/Home-organ-300x157.png 300w, https:\/\/www.mixtuur.com\/wp-content\/uploads\/2020\/09\/Home-organ-1030x539.png 1030w, https:\/\/www.mixtuur.com\/wp-content\/uploads\/2020\/09\/Home-organ-768x402.png 768w, https:\/\/www.mixtuur.com\/wp-content\/uploads\/2020\/09\/Home-organ-705x369.png 705w, https:\/\/www.mixtuur.com\/wp-content\/uploads\/2020\/09\/Home-organ-450x236.png 450w\" sizes=\"auto, (max-width: 1200px) 100vw, 1200px\" \/><\/a><\/p>\n<h2>Un \u00f3rgano digital en tu sala de estar<\/h2>\n<p>Un \u00f3rgano digital es muy adecuado como \u00f3rgano de sala. La gran ventaja de un \u00f3rgano digital en comparaci\u00f3n con un \u00f3rgano cl\u00e1sico es que un \u00f3rgano digital es m\u00e1s barato y ocupa mucho menos espacio.<\/p>\n<h2>Hauptwerk<\/h2>\n<p>El programa inform\u00e1tico Hauptwerk se public\u00f3 en 2002. Con Hauptwerk es posible cargar muestras de \u00f3rganos famosos. Los \u00f3rganos han sido grabado tubo por tubo. Luego se hicieron muestras cortas y largas de cada tuber\u00eda. Tambi\u00e9n hay grabaciones con y sin tremulant, por lo que la variaci\u00f3n y la vivacidad son enormes. Se mantiene cualquier irregularidad, de modo que el \u00f3rgano de tubos se pueda escuchar en el sonido original. Hauptwerk crea una experiencia fant\u00e1stica, siempre que tenga un excelente sistema de sonido.<\/p>\n<h2>Un \u00f3rgano digital de Mixtuur<\/h2>\n<p>En Mixtuur entregamos \u00f3rganos con una versi\u00f3n simplificada de Hauptwerk y con la versi\u00f3n est\u00e1ndar de Hauptwerk. Lo que sobresale en nuestros \u00f3rganos digitales es un audio superior. La mayor\u00eda de los \u00f3rganos tienen seis o siete altavoces, lo que da un sonido majestuoso. Luego eliges los \u00f3rganos que te gustar\u00eda tocar. Regularmente se ponen a disposici\u00f3n nuevos \u00f3rganos, que puede comprar (gratis o de pago).<\/p>\n<h2>Un \u00f3rgano digital en tu iglesia<\/h2>\n<p>De hecho, es un paso l\u00f3gico que cada vez m\u00e1s iglesias opten por \u00f3rganos con Hauptwerk. Un \u00f3rgano de la iglesia en la iglesia local del pueblo a menudo se acerca a los \u00f3rganos grandes en las catedrales en t\u00e9rminos de sonido. \u00bfPor qu\u00e9 una comunidad eclesi\u00e1stica invertir\u00eda decenas de miles de euros en un \u00f3rgano con seis u ocho voces, mientras que un \u00f3rgano digital es m\u00e1s barato y tiene muchas m\u00e1s voces y posibilidades?<\/p>\n<p>Vea nuestra gama y compre su \u00f3rgano digital de inmediato<\/p>\n<p class=\"p1\">\n<div class=\"wpcf7 no-js\" id=\"wpcf7-f4267-o1\" lang=\"nl-NL\" dir=\"ltr\" data-wpcf7-id=\"4267\">\n<div class=\"screen-reader-response\"><p role=\"status\" aria-live=\"polite\" aria-atomic=\"true\"><\/p> <ul><\/ul><\/div>\n<form action=\"\/es\/wp-json\/wp\/v2\/pages\/9116#wpcf7-f4267-o1\" method=\"post\" class=\"wpcf7-form init\" aria-label=\"Contactformulier\" novalidate=\"novalidate\" data-status=\"init\">\n<fieldset class=\"hidden-fields-container\"><input type=\"hidden\" name=\"_wpcf7\" value=\"4267\" \/><input type=\"hidden\" name=\"_wpcf7_version\" value=\"6.1.5\" \/><input type=\"hidden\" name=\"_wpcf7_locale\" value=\"nl_NL\" \/><input type=\"hidden\" name=\"_wpcf7_unit_tag\" value=\"wpcf7-f4267-o1\" \/><input type=\"hidden\" name=\"_wpcf7_container_post\" value=\"0\" \/><input type=\"hidden\" name=\"_wpcf7_posted_data_hash\" value=\"\" \/><input type=\"hidden\" name=\"_wpcf7_recaptcha_response\" value=\"\" \/>\n<\/fieldset>\n<p>Nombre (obligatorio)\n<\/p>\n<p><span class=\"wpcf7-form-control-wrap\" data-name=\"your-name\"><input size=\"40\" maxlength=\"400\" class=\"wpcf7-form-control wpcf7-text wpcf7-validates-as-required\" aria-required=\"true\" aria-invalid=\"false\" value=\"\" type=\"text\" name=\"your-name\" \/><\/span>\n<\/p>\n<p>Correo electr\u00f3nico (obligatorio)\n<\/p>\n<p><span class=\"wpcf7-form-control-wrap\" data-name=\"your-email\"><input size=\"40\" maxlength=\"400\" class=\"wpcf7-form-control wpcf7-email wpcf7-validates-as-required wpcf7-text wpcf7-validates-as-email\" aria-required=\"true\" aria-invalid=\"false\" value=\"\" type=\"email\" name=\"your-email\" \/><\/span>\n<\/p>\n<p>N\u00famero de tel\u00e9fono\n<\/p>\n<p><span class=\"wpcf7-form-control-wrap\" data-name=\"tel-55\"><input size=\"40\" maxlength=\"400\" class=\"wpcf7-form-control wpcf7-tel wpcf7-text wpcf7-validates-as-tel\" aria-invalid=\"false\" value=\"\" type=\"tel\" name=\"tel-55\" \/><\/span>\n<\/p>\n<p>Asunto\n<\/p>\n<p><span class=\"wpcf7-form-control-wrap\" data-name=\"your-subject\"><input size=\"40\" maxlength=\"400\" class=\"wpcf7-form-control wpcf7-text\" aria-invalid=\"false\" value=\"\" type=\"text\" name=\"your-subject\" \/><\/span>\n<\/p>\n<p>Su mensaje\n<\/p>\n<p><span class=\"wpcf7-form-control-wrap\" data-name=\"your-message\"><textarea cols=\"40\" rows=\"10\" maxlength=\"2000\" class=\"wpcf7-form-control wpcf7-textarea\" aria-invalid=\"false\" name=\"your-message\"><\/textarea><\/span>\n<\/p>\n\n<p><input class=\"wpcf7-form-control wpcf7-submit has-spinner\" type=\"submit\" value=\"Enviar\" \/>\n<\/p><div class=\"wpcf7-response-output\" aria-hidden=\"true\"><\/div>\n<\/form>\n<\/div>\n<\/p>\n","protected":false},"excerpt":{"rendered":"<p>\u00bfQu\u00e9 es un \u00f3rgano digital? Un \u00f3rgano digital es un instrumento que intenta simular el sonido de un \u00f3rgano de la manera m\u00e1s realista posible. El sonido de un \u00f3rgano digital Los \u00f3rganos digitales aparecieron en escena en la d\u00e9cada de 1990. Pero los \u00f3rganos digitales no se acercaron a los \u00f3rganos cl\u00e1sicos en t\u00e9rminos [&hellip;]<\/p>\n","protected":false},"author":17,"featured_media":0,"parent":0,"menu_order":0,"comment_status":"closed","ping_status":"closed","template":"","meta":{"footnotes":""},"class_list":["post-9116","page","type-page","status-publish","hentry"],"yoast_head":"<!-- This site is optimized with the Yoast SEO plugin v25.5 - https:\/\/yoast.com\/wordpress\/plugins\/seo\/ -->\n<title>Comprar un nuevo \u00f3rgano digital de Mixtuur!<\/title>\n<meta name=\"description\" content=\"Un \u00f3rgano digtal de Mixtuur ofrece muchas posibilidades.\" \/>\n<meta name=\"robots\" content=\"index, follow, max-snippet:-1, max-image-preview:large, max-video-preview:-1\" \/>\n<link rel=\"canonical\" href=\"https:\/\/www.mixtuur.com\/es\/organo-digital\/\" \/>\n<meta property=\"og:locale\" content=\"es_ES\" \/>\n<meta property=\"og:type\" content=\"article\" \/>\n<meta property=\"og:title\" content=\"Comprar un nuevo \u00f3rgano digital de Mixtuur!\" \/>\n<meta property=\"og:description\" content=\"Un \u00f3rgano digtal de Mixtuur ofrece muchas posibilidades.\" \/>\n<meta property=\"og:url\" content=\"https:\/\/www.mixtuur.com\/es\/organo-digital\/\" \/>\n<meta property=\"og:site_name\" content=\"Mixtuur\" \/>\n<meta property=\"og:image\" content=\"https:\/\/www.mixtuur.com\/wordpress\/wp-content\/uploads\/2020\/09\/Home-organ.png\" \/>\n<meta name=\"twitter:card\" content=\"summary_large_image\" \/>\n<meta name=\"twitter:label1\" content=\"Tiempo de lectura\" \/>\n\t<meta name=\"twitter:data1\" content=\"2 minutos\" \/>\n<script type=\"application\/ld+json\" class=\"yoast-schema-graph\">{\"@context\":\"https:\/\/schema.org\",\"@graph\":[{\"@type\":\"WebPage\",\"@id\":\"https:\/\/www.mixtuur.com\/es\/organo-digital\/\",\"url\":\"https:\/\/www.mixtuur.com\/es\/organo-digital\/\",\"name\":\"Comprar un nuevo \u00f3rgano digital de Mixtuur!\",\"isPartOf\":{\"@id\":\"https:\/\/www.mixtuur.com\/#website\"},\"primaryImageOfPage\":{\"@id\":\"https:\/\/www.mixtuur.com\/es\/organo-digital\/#primaryimage\"},\"image\":{\"@id\":\"https:\/\/www.mixtuur.com\/es\/organo-digital\/#primaryimage\"},\"thumbnailUrl\":\"https:\/\/www.mixtuur.com\/wp-content\/uploads\/2020\/09\/Home-organ.png\",\"datePublished\":\"2020-12-24T12:14:36+00:00\",\"description\":\"Un \u00f3rgano digtal de Mixtuur ofrece muchas posibilidades.\",\"breadcrumb\":{\"@id\":\"https:\/\/www.mixtuur.com\/es\/organo-digital\/#breadcrumb\"},\"inLanguage\":\"es\",\"potentialAction\":[{\"@type\":\"ReadAction\",\"target\":[\"https:\/\/www.mixtuur.com\/es\/organo-digital\/\"]}]},{\"@type\":\"ImageObject\",\"inLanguage\":\"es\",\"@id\":\"https:\/\/www.mixtuur.com\/es\/organo-digital\/#primaryimage\",\"url\":\"https:\/\/www.mixtuur.com\/wp-content\/uploads\/2020\/09\/Home-organ.png\",\"contentUrl\":\"https:\/\/www.mixtuur.com\/wp-content\/uploads\/2020\/09\/Home-organ.png\"},{\"@type\":\"BreadcrumbList\",\"@id\":\"https:\/\/www.mixtuur.com\/es\/organo-digital\/#breadcrumb\",\"itemListElement\":[{\"@type\":\"ListItem\",\"position\":1,\"name\":\"Home\",\"item\":\"https:\/\/www.mixtuur.com\/es\/\"},{\"@type\":\"ListItem\",\"position\":2,\"name\":\"\u00d3rgano digital\"}]},{\"@type\":\"WebSite\",\"@id\":\"https:\/\/www.mixtuur.com\/#website\",\"url\":\"https:\/\/www.mixtuur.com\/\",\"name\":\"Mixtuur\",\"description\":\"The Authentic Sound\",\"potentialAction\":[{\"@type\":\"SearchAction\",\"target\":{\"@type\":\"EntryPoint\",\"urlTemplate\":\"https:\/\/www.mixtuur.com\/?s={search_term_string}\"},\"query-input\":{\"@type\":\"PropertyValueSpecification\",\"valueRequired\":true,\"valueName\":\"search_term_string\"}}],\"inLanguage\":\"es\"}]}<\/script>\n<!-- \/ Yoast SEO plugin. -->","yoast_head_json":{"title":"Comprar un nuevo \u00f3rgano digital de Mixtuur!","description":"Un \u00f3rgano digtal de Mixtuur ofrece muchas posibilidades.","robots":{"index":"index","follow":"follow","max-snippet":"max-snippet:-1","max-image-preview":"max-image-preview:large","max-video-preview":"max-video-preview:-1"},"canonical":"https:\/\/www.mixtuur.com\/es\/organo-digital\/","og_locale":"es_ES","og_type":"article","og_title":"Comprar un nuevo \u00f3rgano digital de Mixtuur!","og_description":"Un \u00f3rgano digtal de Mixtuur ofrece muchas posibilidades.","og_url":"https:\/\/www.mixtuur.com\/es\/organo-digital\/","og_site_name":"Mixtuur","og_image":[{"url":"https:\/\/www.mixtuur.com\/wordpress\/wp-content\/uploads\/2020\/09\/Home-organ.png","type":"","width":"","height":""}],"twitter_card":"summary_large_image","twitter_misc":{"Tiempo de lectura":"2 minutos"},"schema":{"@context":"https:\/\/schema.org","@graph":[{"@type":"WebPage","@id":"https:\/\/www.mixtuur.com\/es\/organo-digital\/","url":"https:\/\/www.mixtuur.com\/es\/organo-digital\/","name":"Comprar un nuevo \u00f3rgano digital de Mixtuur!","isPartOf":{"@id":"https:\/\/www.mixtuur.com\/#website"},"primaryImageOfPage":{"@id":"https:\/\/www.mixtuur.com\/es\/organo-digital\/#primaryimage"},"image":{"@id":"https:\/\/www.mixtuur.com\/es\/organo-digital\/#primaryimage"},"thumbnailUrl":"https:\/\/www.mixtuur.com\/wp-content\/uploads\/2020\/09\/Home-organ.png","datePublished":"2020-12-24T12:14:36+00:00","description":"Un \u00f3rgano digtal de Mixtuur ofrece muchas posibilidades.","breadcrumb":{"@id":"https:\/\/www.mixtuur.com\/es\/organo-digital\/#breadcrumb"},"inLanguage":"es","potentialAction":[{"@type":"ReadAction","target":["https:\/\/www.mixtuur.com\/es\/organo-digital\/"]}]},{"@type":"ImageObject","inLanguage":"es","@id":"https:\/\/www.mixtuur.com\/es\/organo-digital\/#primaryimage","url":"https:\/\/www.mixtuur.com\/wp-content\/uploads\/2020\/09\/Home-organ.png","contentUrl":"https:\/\/www.mixtuur.com\/wp-content\/uploads\/2020\/09\/Home-organ.png"},{"@type":"BreadcrumbList","@id":"https:\/\/www.mixtuur.com\/es\/organo-digital\/#breadcrumb","itemListElement":[{"@type":"ListItem","position":1,"name":"Home","item":"https:\/\/www.mixtuur.com\/es\/"},{"@type":"ListItem","position":2,"name":"\u00d3rgano digital"}]},{"@type":"WebSite","@id":"https:\/\/www.mixtuur.com\/#website","url":"https:\/\/www.mixtuur.com\/","name":"Mixtuur","description":"The Authentic Sound","potentialAction":[{"@type":"SearchAction","target":{"@type":"EntryPoint","urlTemplate":"https:\/\/www.mixtuur.com\/?s={search_term_string}"},"query-input":{"@type":"PropertyValueSpecification","valueRequired":true,"valueName":"search_term_string"}}],"inLanguage":"es"}]}},"_links":{"self":[{"href":"https:\/\/www.mixtuur.com\/es\/wp-json\/wp\/v2\/pages\/9116","targetHints":{"allow":["GET"]}}],"collection":[{"href":"https:\/\/www.mixtuur.com\/es\/wp-json\/wp\/v2\/pages"}],"about":[{"href":"https:\/\/www.mixtuur.com\/es\/wp-json\/wp\/v2\/types\/page"}],"author":[{"embeddable":true,"href":"https:\/\/www.mixtuur.com\/es\/wp-json\/wp\/v2\/users\/17"}],"replies":[{"embeddable":true,"href":"https:\/\/www.mixtuur.com\/es\/wp-json\/wp\/v2\/comments?post=9116"}],"version-history":[{"count":2,"href":"https:\/\/www.mixtuur.com\/es\/wp-json\/wp\/v2\/pages\/9116\/revisions"}],"predecessor-version":[{"id":9118,"href":"https:\/\/www.mixtuur.com\/es\/wp-json\/wp\/v2\/pages\/9116\/revisions\/9118"}],"wp:attachment":[{"href":"https:\/\/www.mixtuur.com\/es\/wp-json\/wp\/v2\/media?parent=9116"}],"curies":[{"name":"wp","href":"https:\/\/api.w.org\/{rel}","templated":true}]}}