{"id":9113,"date":"2020-12-24T13:04:37","date_gmt":"2020-12-24T12:04:37","guid":{"rendered":"https:\/\/www.mixtuur.com\/?page_id=9113"},"modified":"2022-11-14T14:26:35","modified_gmt":"2022-11-14T13:26:35","slug":"organo-de-iglesia","status":"publish","type":"page","link":"https:\/\/www.mixtuur.com\/es\/organo-de-iglesia\/","title":{"rendered":"\u00d3rgano de iglesia"},"content":{"rendered":"<h1>Quieres comprar un nuevo \u00f3rgano de la iglesia?<\/h1>\n<p><strong>Un \u00f3rgano Mixtuur ofrece muchas posibilidades en una iglesia. Es un error pensar que los \u00f3rganos de Hauptwerk solo ser\u00edan adecuados para un sal\u00f3n. \u00d3rganos mixtos con audio profesional para proporcionar a cada iglesia o sala de conciertos. Un \u00f3rgano con tecnolog\u00eda Hauptwerk ofrece muchas oportunidades. <\/strong><\/p>\n<p>Un \u00f3rgano de la iglesia necesita poco espacio y puede organizarse de manera flexible si es necesario. Tambi\u00e9n puede haber una configuraci\u00f3n de audio fija o flexible. Es posible una caja de \u00f3rgano completa o simplemente una mesa de juego. Los t\u00e9cnicos de sonido de Mixtuur Orgels siempre entonan el instrumento en el espacio. Otra posibilidad es el \u00f3rgano combinado, tambi\u00e9n llamado \u00f3rgano h\u00edbrido. Este \u00f3rgano es una combinaci\u00f3n entre el \u00f3rgano de tubos existente y un \u00f3rgano de mezcla digital. De esta forma, tambi\u00e9n es posible ampliar el \u00f3rgano de su iglesia con varias voces, sin perder las voces actuales de su \u00f3rgano de tubos.<\/p>\n<h2>\u00bfCu\u00e1nto cuesta un \u00f3rgano de iglesia?<\/h2>\n<p>Los \u00f3rganos de la iglesia vienen en diferentes formas y tama\u00f1os. Hay peque\u00f1os \u00f3rganos y grandes \u00f3rganos de la iglesia que acompa\u00f1an al canto juntos. Esta es la raz\u00f3n, por lo que los costos de un \u00f3rgano de la iglesia pueden variar considerablemente. Adem\u00e1s, un \u00f3rgano de la iglesia a menudo est\u00e1 hecho a medida, porque ninguna iglesia es igual y todos tienen deseos diferentes. Entonces, es dif\u00edcil decir cu\u00e1nto cuesta un \u00f3rgano de la iglesia, pero estamos felices de darle una cotizaci\u00f3n gratis.<\/p>\n<h2>\u00d3rganos de la iglesia de Mixtuur<\/h2>\n<p>Un \u00f3rgano Hauptwerk \u2122 en combinaci\u00f3n con audio profesional de Mixtuur Orgels garantiza una experiencia de sonido perfecta en su iglesia. Mixtuur es el distribuidor oficial de Hauptwerk en Benelux desde 2007. Nuestros \u00f3rganos se producen en nuestra sala de producci\u00f3n, donde todos nuestros modelos est\u00e1n hechos a medida. Suministramos \u00f3rganos con tecnolog\u00eda Hauptwerk. Adem\u00e1s, estamos desarrollando tecnolog\u00edas que se conectan al software Hauptwerk. Hauptwerk es un programa digital en el que se pueden cargar conjuntos de muestras de \u00f3rganos. Estos conjuntos reproducen el sonido de cada tuber\u00eda individual. Puedes tocar hasta 100 \u00f3rganos diferentes en un solo \u00f3rgano. El audio est\u00e1 especialmente sintonizado para su iglesia, brind\u00e1ndole una incre\u00edble experiencia de sonido. Infinitas posibilidades con Hauptwerk \u2122. Debido a que queremos ofrecerle la mejor calidad y el mejor servicio, ofrecemos una garant\u00eda de dos a\u00f1os en todos nuestros \u00f3rganos.<\/p>\n<p class=\"p1\">\n<div class=\"wpcf7 no-js\" id=\"wpcf7-f4267-o1\" lang=\"nl-NL\" dir=\"ltr\" data-wpcf7-id=\"4267\">\n<div class=\"screen-reader-response\"><p role=\"status\" aria-live=\"polite\" aria-atomic=\"true\"><\/p> <ul><\/ul><\/div>\n<form action=\"\/es\/wp-json\/wp\/v2\/pages\/9113#wpcf7-f4267-o1\" method=\"post\" class=\"wpcf7-form init\" aria-label=\"Contactformulier\" novalidate=\"novalidate\" data-status=\"init\">\n<fieldset class=\"hidden-fields-container\"><input type=\"hidden\" name=\"_wpcf7\" value=\"4267\" \/><input type=\"hidden\" name=\"_wpcf7_version\" value=\"6.1.5\" \/><input type=\"hidden\" name=\"_wpcf7_locale\" value=\"nl_NL\" \/><input type=\"hidden\" name=\"_wpcf7_unit_tag\" value=\"wpcf7-f4267-o1\" \/><input type=\"hidden\" name=\"_wpcf7_container_post\" value=\"0\" \/><input type=\"hidden\" name=\"_wpcf7_posted_data_hash\" value=\"\" \/><input type=\"hidden\" name=\"_wpcf7_recaptcha_response\" value=\"\" \/>\n<\/fieldset>\n<p>Nombre (obligatorio)\n<\/p>\n<p><span class=\"wpcf7-form-control-wrap\" data-name=\"your-name\"><input size=\"40\" maxlength=\"400\" class=\"wpcf7-form-control wpcf7-text wpcf7-validates-as-required\" aria-required=\"true\" aria-invalid=\"false\" value=\"\" type=\"text\" name=\"your-name\" \/><\/span>\n<\/p>\n<p>Correo electr\u00f3nico (obligatorio)\n<\/p>\n<p><span class=\"wpcf7-form-control-wrap\" data-name=\"your-email\"><input size=\"40\" maxlength=\"400\" class=\"wpcf7-form-control wpcf7-email wpcf7-validates-as-required wpcf7-text wpcf7-validates-as-email\" aria-required=\"true\" aria-invalid=\"false\" value=\"\" type=\"email\" name=\"your-email\" \/><\/span>\n<\/p>\n<p>N\u00famero de tel\u00e9fono\n<\/p>\n<p><span class=\"wpcf7-form-control-wrap\" data-name=\"tel-55\"><input size=\"40\" maxlength=\"400\" class=\"wpcf7-form-control wpcf7-tel wpcf7-text wpcf7-validates-as-tel\" aria-invalid=\"false\" value=\"\" type=\"tel\" name=\"tel-55\" \/><\/span>\n<\/p>\n<p>Asunto\n<\/p>\n<p><span class=\"wpcf7-form-control-wrap\" data-name=\"your-subject\"><input size=\"40\" maxlength=\"400\" class=\"wpcf7-form-control wpcf7-text\" aria-invalid=\"false\" value=\"\" type=\"text\" name=\"your-subject\" \/><\/span>\n<\/p>\n<p>Su mensaje\n<\/p>\n<p><span class=\"wpcf7-form-control-wrap\" data-name=\"your-message\"><textarea cols=\"40\" rows=\"10\" maxlength=\"2000\" class=\"wpcf7-form-control wpcf7-textarea\" aria-invalid=\"false\" name=\"your-message\"><\/textarea><\/span>\n<\/p>\n\n<p><input class=\"wpcf7-form-control wpcf7-submit has-spinner\" type=\"submit\" value=\"Enviar\" \/>\n<\/p><div class=\"wpcf7-response-output\" aria-hidden=\"true\"><\/div>\n<\/form>\n<\/div>\n<\/p>\n","protected":false},"excerpt":{"rendered":"<p>Quieres comprar un nuevo \u00f3rgano de la iglesia? Un \u00f3rgano Mixtuur ofrece muchas posibilidades en una iglesia. Es un error pensar que los \u00f3rganos de Hauptwerk solo ser\u00edan adecuados para un sal\u00f3n. \u00d3rganos mixtos con audio profesional para proporcionar a cada iglesia o sala de conciertos. Un \u00f3rgano con tecnolog\u00eda Hauptwerk ofrece muchas oportunidades. Un [&hellip;]<\/p>\n","protected":false},"author":17,"featured_media":0,"parent":0,"menu_order":0,"comment_status":"closed","ping_status":"closed","template":"","meta":{"footnotes":""},"class_list":["post-9113","page","type-page","status-publish","hentry"],"yoast_head":"<!-- This site is optimized with the Yoast SEO plugin v25.5 - https:\/\/yoast.com\/wordpress\/plugins\/seo\/ -->\n<title>Comprar un nuevo \u00f3rgano de la iglesia de Mixtuur!<\/title>\n<meta name=\"description\" content=\"Un \u00f3rgano Mixtuur ofrece muchas posibilidades en una iglesia.\" \/>\n<meta name=\"robots\" content=\"index, follow, max-snippet:-1, max-image-preview:large, max-video-preview:-1\" \/>\n<link rel=\"canonical\" href=\"https:\/\/www.mixtuur.com\/es\/organo-de-iglesia\/\" \/>\n<meta property=\"og:locale\" content=\"es_ES\" \/>\n<meta property=\"og:type\" content=\"article\" \/>\n<meta property=\"og:title\" content=\"Comprar un nuevo \u00f3rgano de la iglesia de Mixtuur!\" \/>\n<meta property=\"og:description\" content=\"Un \u00f3rgano Mixtuur ofrece muchas posibilidades en una iglesia.\" \/>\n<meta property=\"og:url\" content=\"https:\/\/www.mixtuur.com\/es\/organo-de-iglesia\/\" \/>\n<meta property=\"og:site_name\" content=\"Mixtuur\" \/>\n<meta property=\"article:modified_time\" content=\"2022-11-14T13:26:35+00:00\" \/>\n<meta name=\"twitter:card\" content=\"summary_large_image\" \/>\n<meta name=\"twitter:label1\" content=\"Tiempo de lectura\" \/>\n\t<meta name=\"twitter:data1\" content=\"2 minutos\" \/>\n<script type=\"application\/ld+json\" class=\"yoast-schema-graph\">{\"@context\":\"https:\/\/schema.org\",\"@graph\":[{\"@type\":\"WebPage\",\"@id\":\"https:\/\/www.mixtuur.com\/es\/organo-de-iglesia\/\",\"url\":\"https:\/\/www.mixtuur.com\/es\/organo-de-iglesia\/\",\"name\":\"Comprar un nuevo \u00f3rgano de la iglesia de Mixtuur!\",\"isPartOf\":{\"@id\":\"https:\/\/www.mixtuur.com\/#website\"},\"datePublished\":\"2020-12-24T12:04:37+00:00\",\"dateModified\":\"2022-11-14T13:26:35+00:00\",\"description\":\"Un \u00f3rgano Mixtuur ofrece muchas posibilidades en una iglesia.\",\"breadcrumb\":{\"@id\":\"https:\/\/www.mixtuur.com\/es\/organo-de-iglesia\/#breadcrumb\"},\"inLanguage\":\"es\",\"potentialAction\":[{\"@type\":\"ReadAction\",\"target\":[\"https:\/\/www.mixtuur.com\/es\/organo-de-iglesia\/\"]}]},{\"@type\":\"BreadcrumbList\",\"@id\":\"https:\/\/www.mixtuur.com\/es\/organo-de-iglesia\/#breadcrumb\",\"itemListElement\":[{\"@type\":\"ListItem\",\"position\":1,\"name\":\"Home\",\"item\":\"https:\/\/www.mixtuur.com\/es\/\"},{\"@type\":\"ListItem\",\"position\":2,\"name\":\"\u00d3rgano de iglesia\"}]},{\"@type\":\"WebSite\",\"@id\":\"https:\/\/www.mixtuur.com\/#website\",\"url\":\"https:\/\/www.mixtuur.com\/\",\"name\":\"Mixtuur\",\"description\":\"The Authentic Sound\",\"potentialAction\":[{\"@type\":\"SearchAction\",\"target\":{\"@type\":\"EntryPoint\",\"urlTemplate\":\"https:\/\/www.mixtuur.com\/?s={search_term_string}\"},\"query-input\":{\"@type\":\"PropertyValueSpecification\",\"valueRequired\":true,\"valueName\":\"search_term_string\"}}],\"inLanguage\":\"es\"}]}<\/script>\n<!-- \/ Yoast SEO plugin. -->","yoast_head_json":{"title":"Comprar un nuevo \u00f3rgano de la iglesia de Mixtuur!","description":"Un \u00f3rgano Mixtuur ofrece muchas posibilidades en una iglesia.","robots":{"index":"index","follow":"follow","max-snippet":"max-snippet:-1","max-image-preview":"max-image-preview:large","max-video-preview":"max-video-preview:-1"},"canonical":"https:\/\/www.mixtuur.com\/es\/organo-de-iglesia\/","og_locale":"es_ES","og_type":"article","og_title":"Comprar un nuevo \u00f3rgano de la iglesia de Mixtuur!","og_description":"Un \u00f3rgano Mixtuur ofrece muchas posibilidades en una iglesia.","og_url":"https:\/\/www.mixtuur.com\/es\/organo-de-iglesia\/","og_site_name":"Mixtuur","article_modified_time":"2022-11-14T13:26:35+00:00","twitter_card":"summary_large_image","twitter_misc":{"Tiempo de lectura":"2 minutos"},"schema":{"@context":"https:\/\/schema.org","@graph":[{"@type":"WebPage","@id":"https:\/\/www.mixtuur.com\/es\/organo-de-iglesia\/","url":"https:\/\/www.mixtuur.com\/es\/organo-de-iglesia\/","name":"Comprar un nuevo \u00f3rgano de la iglesia de Mixtuur!","isPartOf":{"@id":"https:\/\/www.mixtuur.com\/#website"},"datePublished":"2020-12-24T12:04:37+00:00","dateModified":"2022-11-14T13:26:35+00:00","description":"Un \u00f3rgano Mixtuur ofrece muchas posibilidades en una iglesia.","breadcrumb":{"@id":"https:\/\/www.mixtuur.com\/es\/organo-de-iglesia\/#breadcrumb"},"inLanguage":"es","potentialAction":[{"@type":"ReadAction","target":["https:\/\/www.mixtuur.com\/es\/organo-de-iglesia\/"]}]},{"@type":"BreadcrumbList","@id":"https:\/\/www.mixtuur.com\/es\/organo-de-iglesia\/#breadcrumb","itemListElement":[{"@type":"ListItem","position":1,"name":"Home","item":"https:\/\/www.mixtuur.com\/es\/"},{"@type":"ListItem","position":2,"name":"\u00d3rgano de iglesia"}]},{"@type":"WebSite","@id":"https:\/\/www.mixtuur.com\/#website","url":"https:\/\/www.mixtuur.com\/","name":"Mixtuur","description":"The Authentic Sound","potentialAction":[{"@type":"SearchAction","target":{"@type":"EntryPoint","urlTemplate":"https:\/\/www.mixtuur.com\/?s={search_term_string}"},"query-input":{"@type":"PropertyValueSpecification","valueRequired":true,"valueName":"search_term_string"}}],"inLanguage":"es"}]}},"_links":{"self":[{"href":"https:\/\/www.mixtuur.com\/es\/wp-json\/wp\/v2\/pages\/9113","targetHints":{"allow":["GET"]}}],"collection":[{"href":"https:\/\/www.mixtuur.com\/es\/wp-json\/wp\/v2\/pages"}],"about":[{"href":"https:\/\/www.mixtuur.com\/es\/wp-json\/wp\/v2\/types\/page"}],"author":[{"embeddable":true,"href":"https:\/\/www.mixtuur.com\/es\/wp-json\/wp\/v2\/users\/17"}],"replies":[{"embeddable":true,"href":"https:\/\/www.mixtuur.com\/es\/wp-json\/wp\/v2\/comments?post=9113"}],"version-history":[{"count":3,"href":"https:\/\/www.mixtuur.com\/es\/wp-json\/wp\/v2\/pages\/9113\/revisions"}],"predecessor-version":[{"id":12805,"href":"https:\/\/www.mixtuur.com\/es\/wp-json\/wp\/v2\/pages\/9113\/revisions\/12805"}],"wp:attachment":[{"href":"https:\/\/www.mixtuur.com\/es\/wp-json\/wp\/v2\/media?parent=9113"}],"curies":[{"name":"wp","href":"https:\/\/api.w.org\/{rel}","templated":true}]}}