{"id":9110,"date":"2020-12-24T13:01:54","date_gmt":"2020-12-24T12:01:54","guid":{"rendered":"https:\/\/www.mixtuur.com\/?page_id=9110"},"modified":"2026-02-26T16:01:48","modified_gmt":"2026-02-26T15:01:48","slug":"organo-precio","status":"publish","type":"page","link":"https:\/\/www.mixtuur.com\/es\/organo-precio\/","title":{"rendered":"\u00d3rgano precio"},"content":{"rendered":"<h1>\u00d3rganos Mixtuur<\/h1>\n<p><strong>Mixtuur ofrece \u00f3rganos para individuos, iglesias y salas de conciertos. Por lo tanto, puede elegir entre \u00f3rganos con una versi\u00f3n simplificada de Hauptwerk y \u00f3rganos con la versi\u00f3n est\u00e1ndar de Hauptwerk. Todos los \u00f3rganos se desarrollan y prueban completamente de forma interna. Nuestros modelos est\u00e1ndar garantiza un sonido \u00f3ptimo, como es de esperar de un \u00f3rgano Mixtuur real.<\/strong><\/p>\n<h2>Precio del \u00f3rgano<\/h2>\n<p>Los \u00f3rganos caseros vienen en diferentes formas y tama\u00f1os. En nuestra gama, hay \u00f3rganos peque\u00f1os y grandes que acompa\u00f1an al canto juntos. Por esta raz\u00f3n, el costo de un \u00f3rgano dom\u00e9stico puede variar considerablemente. Estaremos encantados de hacerle una oferta gratuita.<\/p>\n<p>Encuentre a continuaci\u00f3n una peque\u00f1a selecci\u00f3n de nuestra gama.<\/p>\n<h2>Modesto<\/h2>\n<p>El Modesto puede ser un \u00f3rgano que hace honor a su nombre, pero ofrece un sonido majestuoso capaz de llenar cualquier sal\u00f3n o estudio. El Modesto est\u00e1 fabricado con madera de roble natural, y est\u00e1 disponible en versiones con dos, tres o cuatro teclados. Este instrumento incluye seis altavoces de alta calidad, cada uno con su propio amplificador de potencia. Tambi\u00e9n utiliza un procesador de se\u00f1al digital (DSP) avanzado dise\u00f1ado internamente por Mixtuur Orgels. El resultado de todo ello es un \u00f3rgano que ofrece un sonido inmejorable. Le Modesto II est\u00e1 disponible desde \u20ac 15.995,- et Le Modesto III est est\u00e1 disponible desde \u20ac 16.995,-.<\/p>\n<h2>Maestro<\/h2>\n<p>El Maestro es el \u00f3rgano con el que siempre ha so\u00f1ado: una aut\u00e9ntica obra de arte. Los tiradores est\u00e1n indicados con r\u00f3tulos de papel electr\u00f3nico que contribuyen a ofrecer una experiencia sin igual. El Maestro cuenta con tres teclados, y est\u00e1 fabricado con madera de roble natural. Este instrumento incluye siete altavoces de alta calidad, cada uno con su propio amplificador de potencia. El resultado de todo ello es un \u00f3rgano que ofrece un sonido inmejorable. El Maestro est\u00e1 disponible desde \u20ac 33.450,- .<\/p>\n<p class=\"p1\">\n<div class=\"wpcf7 no-js\" id=\"wpcf7-f4267-o1\" lang=\"nl-NL\" dir=\"ltr\" data-wpcf7-id=\"4267\">\n<div class=\"screen-reader-response\"><p role=\"status\" aria-live=\"polite\" aria-atomic=\"true\"><\/p> <ul><\/ul><\/div>\n<form action=\"\/es\/wp-json\/wp\/v2\/pages\/9110#wpcf7-f4267-o1\" method=\"post\" class=\"wpcf7-form init\" aria-label=\"Contactformulier\" novalidate=\"novalidate\" data-status=\"init\">\n<fieldset class=\"hidden-fields-container\"><input type=\"hidden\" name=\"_wpcf7\" value=\"4267\" \/><input type=\"hidden\" name=\"_wpcf7_version\" value=\"6.1.5\" \/><input type=\"hidden\" name=\"_wpcf7_locale\" value=\"nl_NL\" \/><input type=\"hidden\" name=\"_wpcf7_unit_tag\" value=\"wpcf7-f4267-o1\" \/><input type=\"hidden\" name=\"_wpcf7_container_post\" value=\"0\" \/><input type=\"hidden\" name=\"_wpcf7_posted_data_hash\" value=\"\" \/><input type=\"hidden\" name=\"_wpcf7_recaptcha_response\" value=\"\" \/>\n<\/fieldset>\n<p>Nombre (obligatorio)\n<\/p>\n<p><span class=\"wpcf7-form-control-wrap\" data-name=\"your-name\"><input size=\"40\" maxlength=\"400\" class=\"wpcf7-form-control wpcf7-text wpcf7-validates-as-required\" aria-required=\"true\" aria-invalid=\"false\" value=\"\" type=\"text\" name=\"your-name\" \/><\/span>\n<\/p>\n<p>Correo electr\u00f3nico (obligatorio)\n<\/p>\n<p><span class=\"wpcf7-form-control-wrap\" data-name=\"your-email\"><input size=\"40\" maxlength=\"400\" class=\"wpcf7-form-control wpcf7-email wpcf7-validates-as-required wpcf7-text wpcf7-validates-as-email\" aria-required=\"true\" aria-invalid=\"false\" value=\"\" type=\"email\" name=\"your-email\" \/><\/span>\n<\/p>\n<p>N\u00famero de tel\u00e9fono\n<\/p>\n<p><span class=\"wpcf7-form-control-wrap\" data-name=\"tel-55\"><input size=\"40\" maxlength=\"400\" class=\"wpcf7-form-control wpcf7-tel wpcf7-text wpcf7-validates-as-tel\" aria-invalid=\"false\" value=\"\" type=\"tel\" name=\"tel-55\" \/><\/span>\n<\/p>\n<p>Asunto\n<\/p>\n<p><span class=\"wpcf7-form-control-wrap\" data-name=\"your-subject\"><input size=\"40\" maxlength=\"400\" class=\"wpcf7-form-control wpcf7-text\" aria-invalid=\"false\" value=\"\" type=\"text\" name=\"your-subject\" \/><\/span>\n<\/p>\n<p>Su mensaje\n<\/p>\n<p><span class=\"wpcf7-form-control-wrap\" data-name=\"your-message\"><textarea cols=\"40\" rows=\"10\" maxlength=\"2000\" class=\"wpcf7-form-control wpcf7-textarea\" aria-invalid=\"false\" name=\"your-message\"><\/textarea><\/span>\n<\/p>\n\n<p><input class=\"wpcf7-form-control wpcf7-submit has-spinner\" type=\"submit\" value=\"Enviar\" \/>\n<\/p><div class=\"wpcf7-response-output\" aria-hidden=\"true\"><\/div>\n<\/form>\n<\/div>\n<\/p>\n","protected":false},"excerpt":{"rendered":"<p>\u00d3rganos Mixtuur Mixtuur ofrece \u00f3rganos para individuos, iglesias y salas de conciertos. Por lo tanto, puede elegir entre \u00f3rganos con una versi\u00f3n simplificada de Hauptwerk y \u00f3rganos con la versi\u00f3n est\u00e1ndar de Hauptwerk. Todos los \u00f3rganos se desarrollan y prueban completamente de forma interna. Nuestros modelos est\u00e1ndar garantiza un sonido \u00f3ptimo, como es de esperar [&hellip;]<\/p>\n","protected":false},"author":17,"featured_media":0,"parent":0,"menu_order":0,"comment_status":"closed","ping_status":"closed","template":"","meta":{"footnotes":""},"class_list":["post-9110","page","type-page","status-publish","hentry"],"yoast_head":"<!-- This site is optimized with the Yoast SEO plugin v25.5 - https:\/\/yoast.com\/wordpress\/plugins\/seo\/ -->\n<title>\u00d3rgano precio - Mixtuur<\/title>\n<meta name=\"robots\" content=\"index, follow, max-snippet:-1, max-image-preview:large, max-video-preview:-1\" \/>\n<link rel=\"canonical\" href=\"https:\/\/www.mixtuur.com\/es\/organo-precio\/\" \/>\n<meta property=\"og:locale\" content=\"es_ES\" \/>\n<meta property=\"og:type\" content=\"article\" \/>\n<meta property=\"og:title\" content=\"\u00d3rgano precio - Mixtuur\" \/>\n<meta property=\"og:description\" content=\"\u00d3rganos Mixtuur Mixtuur ofrece \u00f3rganos para individuos, iglesias y salas de conciertos. Por lo tanto, puede elegir entre \u00f3rganos con una versi\u00f3n simplificada de Hauptwerk y \u00f3rganos con la versi\u00f3n est\u00e1ndar de Hauptwerk. Todos los \u00f3rganos se desarrollan y prueban completamente de forma interna. Nuestros modelos est\u00e1ndar garantiza un sonido \u00f3ptimo, como es de esperar [&hellip;]\" \/>\n<meta property=\"og:url\" content=\"https:\/\/www.mixtuur.com\/es\/organo-precio\/\" \/>\n<meta property=\"og:site_name\" content=\"Mixtuur\" \/>\n<meta property=\"article:modified_time\" content=\"2026-02-26T15:01:48+00:00\" \/>\n<meta name=\"twitter:card\" content=\"summary_large_image\" \/>\n<meta name=\"twitter:label1\" content=\"Tiempo de lectura\" \/>\n\t<meta name=\"twitter:data1\" content=\"3 minutos\" \/>\n<script type=\"application\/ld+json\" class=\"yoast-schema-graph\">{\"@context\":\"https:\/\/schema.org\",\"@graph\":[{\"@type\":\"WebPage\",\"@id\":\"https:\/\/www.mixtuur.com\/es\/organo-precio\/\",\"url\":\"https:\/\/www.mixtuur.com\/es\/organo-precio\/\",\"name\":\"\u00d3rgano precio - Mixtuur\",\"isPartOf\":{\"@id\":\"https:\/\/www.mixtuur.com\/#website\"},\"datePublished\":\"2020-12-24T12:01:54+00:00\",\"dateModified\":\"2026-02-26T15:01:48+00:00\",\"breadcrumb\":{\"@id\":\"https:\/\/www.mixtuur.com\/es\/organo-precio\/#breadcrumb\"},\"inLanguage\":\"es\",\"potentialAction\":[{\"@type\":\"ReadAction\",\"target\":[\"https:\/\/www.mixtuur.com\/es\/organo-precio\/\"]}]},{\"@type\":\"BreadcrumbList\",\"@id\":\"https:\/\/www.mixtuur.com\/es\/organo-precio\/#breadcrumb\",\"itemListElement\":[{\"@type\":\"ListItem\",\"position\":1,\"name\":\"Home\",\"item\":\"https:\/\/www.mixtuur.com\/es\/\"},{\"@type\":\"ListItem\",\"position\":2,\"name\":\"\u00d3rgano precio\"}]},{\"@type\":\"WebSite\",\"@id\":\"https:\/\/www.mixtuur.com\/#website\",\"url\":\"https:\/\/www.mixtuur.com\/\",\"name\":\"Mixtuur\",\"description\":\"The Authentic Sound\",\"potentialAction\":[{\"@type\":\"SearchAction\",\"target\":{\"@type\":\"EntryPoint\",\"urlTemplate\":\"https:\/\/www.mixtuur.com\/?s={search_term_string}\"},\"query-input\":{\"@type\":\"PropertyValueSpecification\",\"valueRequired\":true,\"valueName\":\"search_term_string\"}}],\"inLanguage\":\"es\"}]}<\/script>\n<!-- \/ Yoast SEO plugin. -->","yoast_head_json":{"title":"\u00d3rgano precio - Mixtuur","robots":{"index":"index","follow":"follow","max-snippet":"max-snippet:-1","max-image-preview":"max-image-preview:large","max-video-preview":"max-video-preview:-1"},"canonical":"https:\/\/www.mixtuur.com\/es\/organo-precio\/","og_locale":"es_ES","og_type":"article","og_title":"\u00d3rgano precio - Mixtuur","og_description":"\u00d3rganos Mixtuur Mixtuur ofrece \u00f3rganos para individuos, iglesias y salas de conciertos. Por lo tanto, puede elegir entre \u00f3rganos con una versi\u00f3n simplificada de Hauptwerk y \u00f3rganos con la versi\u00f3n est\u00e1ndar de Hauptwerk. Todos los \u00f3rganos se desarrollan y prueban completamente de forma interna. Nuestros modelos est\u00e1ndar garantiza un sonido \u00f3ptimo, como es de esperar [&hellip;]","og_url":"https:\/\/www.mixtuur.com\/es\/organo-precio\/","og_site_name":"Mixtuur","article_modified_time":"2026-02-26T15:01:48+00:00","twitter_card":"summary_large_image","twitter_misc":{"Tiempo de lectura":"3 minutos"},"schema":{"@context":"https:\/\/schema.org","@graph":[{"@type":"WebPage","@id":"https:\/\/www.mixtuur.com\/es\/organo-precio\/","url":"https:\/\/www.mixtuur.com\/es\/organo-precio\/","name":"\u00d3rgano precio - Mixtuur","isPartOf":{"@id":"https:\/\/www.mixtuur.com\/#website"},"datePublished":"2020-12-24T12:01:54+00:00","dateModified":"2026-02-26T15:01:48+00:00","breadcrumb":{"@id":"https:\/\/www.mixtuur.com\/es\/organo-precio\/#breadcrumb"},"inLanguage":"es","potentialAction":[{"@type":"ReadAction","target":["https:\/\/www.mixtuur.com\/es\/organo-precio\/"]}]},{"@type":"BreadcrumbList","@id":"https:\/\/www.mixtuur.com\/es\/organo-precio\/#breadcrumb","itemListElement":[{"@type":"ListItem","position":1,"name":"Home","item":"https:\/\/www.mixtuur.com\/es\/"},{"@type":"ListItem","position":2,"name":"\u00d3rgano precio"}]},{"@type":"WebSite","@id":"https:\/\/www.mixtuur.com\/#website","url":"https:\/\/www.mixtuur.com\/","name":"Mixtuur","description":"The Authentic Sound","potentialAction":[{"@type":"SearchAction","target":{"@type":"EntryPoint","urlTemplate":"https:\/\/www.mixtuur.com\/?s={search_term_string}"},"query-input":{"@type":"PropertyValueSpecification","valueRequired":true,"valueName":"search_term_string"}}],"inLanguage":"es"}]}},"_links":{"self":[{"href":"https:\/\/www.mixtuur.com\/es\/wp-json\/wp\/v2\/pages\/9110","targetHints":{"allow":["GET"]}}],"collection":[{"href":"https:\/\/www.mixtuur.com\/es\/wp-json\/wp\/v2\/pages"}],"about":[{"href":"https:\/\/www.mixtuur.com\/es\/wp-json\/wp\/v2\/types\/page"}],"author":[{"embeddable":true,"href":"https:\/\/www.mixtuur.com\/es\/wp-json\/wp\/v2\/users\/17"}],"replies":[{"embeddable":true,"href":"https:\/\/www.mixtuur.com\/es\/wp-json\/wp\/v2\/comments?post=9110"}],"version-history":[{"count":3,"href":"https:\/\/www.mixtuur.com\/es\/wp-json\/wp\/v2\/pages\/9110\/revisions"}],"predecessor-version":[{"id":25518,"href":"https:\/\/www.mixtuur.com\/es\/wp-json\/wp\/v2\/pages\/9110\/revisions\/25518"}],"wp:attachment":[{"href":"https:\/\/www.mixtuur.com\/es\/wp-json\/wp\/v2\/media?parent=9110"}],"curies":[{"name":"wp","href":"https:\/\/api.w.org\/{rel}","templated":true}]}}