{"id":4277,"date":"2018-05-04T10:54:02","date_gmt":"2018-05-04T09:54:02","guid":{"rendered":"https:\/\/www.mixtuur.com\/?page_id=4277"},"modified":"2026-03-11T13:57:28","modified_gmt":"2026-03-11T12:57:28","slug":"brochurepage","status":"publish","type":"page","link":"https:\/\/www.mixtuur.com\/es\/brochurepage\/","title":{"rendered":"Brochurepage"},"content":{"rendered":"<div id='av_section_1'  class='avia-section av-av_section-2283ffe632d61f9f6404ab7ebb2a7976 main_color avia-section-default avia-no-border-styling  avia-builder-el-0  avia-builder-el-no-sibling  avia-bg-style-scroll av-minimum-height av-minimum-height-25 av-height-25  container_wrap fullsize'   data-av_minimum_height_pc='25' data-av_min_height_opt='25'><div class='container av-section-cont-open' ><main  role=\"main\" itemprop=\"mainContentOfPage\"  class='template-page content  av-content-full alpha units'><div class='post-entry post-entry-type-page post-entry-4277'><div class='entry-content-wrapper clearfix'>\n<div  class='flex_column av-av_one_half-fb39df764c461b2c993a82a88a5e3147 av_one_half  avia-builder-el-1  el_before_av_one_half  avia-builder-el-first  first flex_column_div  '     ><p>\n<style type=\"text\/css\" data-created_by=\"avia_inline_auto\" id=\"style-css-av-mmm1lkga-5db52c324afa6f9bed309c67f0664180\">\n#top .av-special-heading.av-mmm1lkga-5db52c324afa6f9bed309c67f0664180{\npadding-bottom:20px;\nfont-size:45px;\n}\nbody .av-special-heading.av-mmm1lkga-5db52c324afa6f9bed309c67f0664180 .av-special-heading-tag .heading-char{\nfont-size:25px;\n}\n#top #wrap_all .av-special-heading.av-mmm1lkga-5db52c324afa6f9bed309c67f0664180 .av-special-heading-tag{\nfont-size:45px;\n}\n.av-special-heading.av-mmm1lkga-5db52c324afa6f9bed309c67f0664180 .av-subheading{\nfont-size:15px;\n}\n\n@media only screen and (min-width: 480px) and (max-width: 767px){ \n#top #wrap_all .av-special-heading.av-mmm1lkga-5db52c324afa6f9bed309c67f0664180 .av-special-heading-tag{\nfont-size:0.8em;\n}\n}\n\n@media only screen and (max-width: 479px){ \n#top #wrap_all .av-special-heading.av-mmm1lkga-5db52c324afa6f9bed309c67f0664180 .av-special-heading-tag{\nfont-size:0.8em;\n}\n}\n<\/style>\n<div  class='av-special-heading av-mmm1lkga-5db52c324afa6f9bed309c67f0664180 av-special-heading-h2 blockquote modern-quote  avia-builder-el-2  el_before_av_textblock  avia-builder-el-first  av-inherit-size'><h2 class='av-special-heading-tag '  itemprop=\"headline\"  >Gracias por solicitar nuestro folleto<\/h2><div class=\"special-heading-border\"><div class=\"special-heading-inner-border\"><\/div><\/div><\/div><br \/>\n<section  class='av_textblock_section av-mmm1lryj-c97708d99589656d67e1594e833fdee8 '   itemscope=\"itemscope\" itemtype=\"https:\/\/schema.org\/CreativeWork\" ><div class='avia_textblock'  itemprop=\"text\" ><p>\u00bfLe gustar\u00eda saber m\u00e1s sobre Mixtuur, nuestros modelos de \u00f3rganos y nuestros distribuidores? Consulte aqu\u00ed nuestro folleto digital.<\/p>\n<\/div><\/section><br \/>\n<div  class='avia-button-wrap av-mmm1lzic-0ede7863bec94724391795ec1b1b5941-wrap avia-button-left  avia-builder-el-4  el_after_av_textblock  avia-builder-el-last '><a href='https:\/\/www.mixtuur.com\/wp-content\/uploads\/2025\/04\/Mixtuur-Magazine-2025_ESP-comp.pdf'  class='avia-button av-mmm1lzic-0ede7863bec94724391795ec1b1b5941 av-link-btn avia-icon_select-no avia-size-medium avia-position-left avia-color-theme-color'  target=\"_blank\"  rel=\"noopener noreferrer\"  aria-label=\"Ver folleto\"><span class='avia_iconbox_title' >Ver folleto<\/span><\/a><\/div><\/p><\/div>\n<style type=\"text\/css\" data-created_by=\"avia_inline_auto\" id=\"style-css-av-av_one_half-10c14f8f8343d08dbc48a8d5c4587255\">\n.flex_column.av-av_one_half-10c14f8f8343d08dbc48a8d5c4587255{\nborder-radius:0px 0px 0px 0px;\npadding:0px 0px 30px 0px;\n}\n<\/style>\n<div  class='flex_column av-av_one_half-10c14f8f8343d08dbc48a8d5c4587255 av_one_half  avia-builder-el-5  el_after_av_one_half  avia-builder-el-last  flex_column_div  '     ><style type=\"text\/css\" data-created_by=\"avia_inline_auto\" id=\"style-css-av-av_image-d047ffd0f88ed843f809ca05a47f5a34\">\n.avia-image-container.av-av_image-d047ffd0f88ed843f809ca05a47f5a34 img.avia_image{\nbox-shadow:none;\n}\n.avia-image-container.av-av_image-d047ffd0f88ed843f809ca05a47f5a34 .av-image-caption-overlay-center{\ncolor:#ffffff;\n}\n<\/style>\n<div  class='avia-image-container av-av_image-d047ffd0f88ed843f809ca05a47f5a34 av-styling- av-img-linked avia-align-center  avia-builder-el-6  avia-builder-el-no-sibling '   itemprop=\"image\" itemscope=\"itemscope\" itemtype=\"https:\/\/schema.org\/ImageObject\" ><div class=\"avia-image-container-inner\"><div class=\"avia-image-overlay-wrap\"><a href=\"https:\/\/www.mixtuur.com\/wp-content\/uploads\/2025\/01\/Mixtuur-Catalogus-digitaal.pdf\" class='avia_image '  target=\"_blank\"  rel=\"noopener noreferrer\" aria-label='Mockup Catalogus 2025 ESP'><img decoding=\"async\" fetchpriority=\"high\" class='wp-image-24209 avia-img-lazy-loading-not-24209 avia_image ' src=\"https:\/\/www.mixtuur.com\/wp-content\/uploads\/2025\/04\/Mockup-Catalogus-2025-ESP.png\" alt='' title='Mockup Catalogus 2025 ESP'  height=\"798\" width=\"1200\"  itemprop=\"thumbnailUrl\" srcset=\"https:\/\/www.mixtuur.com\/wp-content\/uploads\/2025\/04\/Mockup-Catalogus-2025-ESP.png 1200w, https:\/\/www.mixtuur.com\/wp-content\/uploads\/2025\/04\/Mockup-Catalogus-2025-ESP-300x200.png 300w, https:\/\/www.mixtuur.com\/wp-content\/uploads\/2025\/04\/Mockup-Catalogus-2025-ESP-1030x685.png 1030w, https:\/\/www.mixtuur.com\/wp-content\/uploads\/2025\/04\/Mockup-Catalogus-2025-ESP-768x511.png 768w, https:\/\/www.mixtuur.com\/wp-content\/uploads\/2025\/04\/Mockup-Catalogus-2025-ESP-705x469.png 705w\" sizes=\"(max-width: 1200px) 100vw, 1200px\" \/><\/a><\/div><\/div><\/div><\/div>\n","protected":false},"excerpt":{"rendered":"","protected":false},"author":11,"featured_media":0,"parent":0,"menu_order":0,"comment_status":"closed","ping_status":"closed","template":"","meta":{"footnotes":""},"class_list":["post-4277","page","type-page","status-publish","hentry"],"yoast_head":"<!-- This site is optimized with the Yoast SEO plugin v25.5 - https:\/\/yoast.com\/wordpress\/plugins\/seo\/ -->\n<title>Brochurepage - Mixtuur<\/title>\n<meta name=\"robots\" content=\"noindex, follow\" \/>\n<meta property=\"og:locale\" content=\"es_ES\" \/>\n<meta property=\"og:type\" content=\"article\" \/>\n<meta property=\"og:title\" content=\"Brochurepage - Mixtuur\" \/>\n<meta property=\"og:url\" content=\"https:\/\/www.mixtuur.com\/es\/brochurepage\/\" \/>\n<meta property=\"og:site_name\" content=\"Mixtuur\" \/>\n<meta property=\"article:modified_time\" content=\"2026-03-11T12:57:28+00:00\" \/>\n<meta name=\"twitter:card\" content=\"summary_large_image\" \/>\n<meta name=\"twitter:label1\" content=\"Tiempo de lectura\" \/>\n\t<meta name=\"twitter:data1\" content=\"1 minuto\" \/>\n<script type=\"application\/ld+json\" class=\"yoast-schema-graph\">{\"@context\":\"https:\/\/schema.org\",\"@graph\":[{\"@type\":\"WebPage\",\"@id\":\"https:\/\/www.mixtuur.com\/es\/brochurepage\/\",\"url\":\"https:\/\/www.mixtuur.com\/es\/brochurepage\/\",\"name\":\"Brochurepage - Mixtuur\",\"isPartOf\":{\"@id\":\"https:\/\/www.mixtuur.com\/#website\"},\"datePublished\":\"2018-05-04T09:54:02+00:00\",\"dateModified\":\"2026-03-11T12:57:28+00:00\",\"breadcrumb\":{\"@id\":\"https:\/\/www.mixtuur.com\/es\/brochurepage\/#breadcrumb\"},\"inLanguage\":\"es\",\"potentialAction\":[{\"@type\":\"ReadAction\",\"target\":[\"https:\/\/www.mixtuur.com\/es\/brochurepage\/\"]}]},{\"@type\":\"BreadcrumbList\",\"@id\":\"https:\/\/www.mixtuur.com\/es\/brochurepage\/#breadcrumb\",\"itemListElement\":[{\"@type\":\"ListItem\",\"position\":1,\"name\":\"Home\",\"item\":\"https:\/\/www.mixtuur.com\/es\/\"},{\"@type\":\"ListItem\",\"position\":2,\"name\":\"Brochurepage\"}]},{\"@type\":\"WebSite\",\"@id\":\"https:\/\/www.mixtuur.com\/#website\",\"url\":\"https:\/\/www.mixtuur.com\/\",\"name\":\"Mixtuur\",\"description\":\"The Authentic Sound\",\"potentialAction\":[{\"@type\":\"SearchAction\",\"target\":{\"@type\":\"EntryPoint\",\"urlTemplate\":\"https:\/\/www.mixtuur.com\/?s={search_term_string}\"},\"query-input\":{\"@type\":\"PropertyValueSpecification\",\"valueRequired\":true,\"valueName\":\"search_term_string\"}}],\"inLanguage\":\"es\"}]}<\/script>\n<!-- \/ Yoast SEO plugin. -->","yoast_head_json":{"title":"Brochurepage - Mixtuur","robots":{"index":"noindex","follow":"follow"},"og_locale":"es_ES","og_type":"article","og_title":"Brochurepage - Mixtuur","og_url":"https:\/\/www.mixtuur.com\/es\/brochurepage\/","og_site_name":"Mixtuur","article_modified_time":"2026-03-11T12:57:28+00:00","twitter_card":"summary_large_image","twitter_misc":{"Tiempo de lectura":"1 minuto"},"schema":{"@context":"https:\/\/schema.org","@graph":[{"@type":"WebPage","@id":"https:\/\/www.mixtuur.com\/es\/brochurepage\/","url":"https:\/\/www.mixtuur.com\/es\/brochurepage\/","name":"Brochurepage - Mixtuur","isPartOf":{"@id":"https:\/\/www.mixtuur.com\/#website"},"datePublished":"2018-05-04T09:54:02+00:00","dateModified":"2026-03-11T12:57:28+00:00","breadcrumb":{"@id":"https:\/\/www.mixtuur.com\/es\/brochurepage\/#breadcrumb"},"inLanguage":"es","potentialAction":[{"@type":"ReadAction","target":["https:\/\/www.mixtuur.com\/es\/brochurepage\/"]}]},{"@type":"BreadcrumbList","@id":"https:\/\/www.mixtuur.com\/es\/brochurepage\/#breadcrumb","itemListElement":[{"@type":"ListItem","position":1,"name":"Home","item":"https:\/\/www.mixtuur.com\/es\/"},{"@type":"ListItem","position":2,"name":"Brochurepage"}]},{"@type":"WebSite","@id":"https:\/\/www.mixtuur.com\/#website","url":"https:\/\/www.mixtuur.com\/","name":"Mixtuur","description":"The Authentic Sound","potentialAction":[{"@type":"SearchAction","target":{"@type":"EntryPoint","urlTemplate":"https:\/\/www.mixtuur.com\/?s={search_term_string}"},"query-input":{"@type":"PropertyValueSpecification","valueRequired":true,"valueName":"search_term_string"}}],"inLanguage":"es"}]}},"_links":{"self":[{"href":"https:\/\/www.mixtuur.com\/es\/wp-json\/wp\/v2\/pages\/4277","targetHints":{"allow":["GET"]}}],"collection":[{"href":"https:\/\/www.mixtuur.com\/es\/wp-json\/wp\/v2\/pages"}],"about":[{"href":"https:\/\/www.mixtuur.com\/es\/wp-json\/wp\/v2\/types\/page"}],"author":[{"embeddable":true,"href":"https:\/\/www.mixtuur.com\/es\/wp-json\/wp\/v2\/users\/11"}],"replies":[{"embeddable":true,"href":"https:\/\/www.mixtuur.com\/es\/wp-json\/wp\/v2\/comments?post=4277"}],"version-history":[{"count":6,"href":"https:\/\/www.mixtuur.com\/es\/wp-json\/wp\/v2\/pages\/4277\/revisions"}],"predecessor-version":[{"id":25610,"href":"https:\/\/www.mixtuur.com\/es\/wp-json\/wp\/v2\/pages\/4277\/revisions\/25610"}],"wp:attachment":[{"href":"https:\/\/www.mixtuur.com\/es\/wp-json\/wp\/v2\/media?parent=4277"}],"curies":[{"name":"wp","href":"https:\/\/api.w.org\/{rel}","templated":true}]}}