{"id":9086,"date":"2020-12-24T11:39:20","date_gmt":"2020-12-24T10:39:20","guid":{"rendered":"https:\/\/www.mixtuur.com\/?page_id=9086"},"modified":"2022-01-31T13:41:03","modified_gmt":"2022-01-31T12:41:03","slug":"heimorgel","status":"publish","type":"page","link":"https:\/\/www.mixtuur.com\/de\/heimorgel\/","title":{"rendered":"Heimorgel"},"content":{"rendered":"<h1>Heimorgel<\/h1>\n<p><strong>Sie sind auf der Suche nach einer Heimorgel? Eine Heimorgel ist ein vereinfachtes Modell einer gro\u00dfen Pfeifenorgel. Die Hauptwerk-Orgeln von Mixtuur passen in jedes Zimmer. W\u00e4hlen Sie eines unserer Standardmodelle oder lassen Sie sich eine Heimorgel nach Ma\u00df anfertigen, damit sie perfekt passt.<\/strong><\/p>\n<p>Alle Orgeln von Mixtuur werden im eigenen Haus entwickelt, gebaut und getestet. Au\u00dferdem haben wir unsere eigenen Technologien entwickelt, die sich problemlos mit der Hauptwerk-Software verbinden k\u00f6nnen. Wir bauen alle Audiokomponenten wie Lautsprecher und Verst\u00e4rker selbst, damit Sie Ihre <a href=\"https:\/\/www.mixtuur.com\/de\/heimorgeln\/\">Heimorgel<\/a> optimal genie\u00dfen k\u00f6nnen.<\/p>\n<h2>Standard oder vereinfachtes Hauptwerk<\/h2>\n<p>Sie k\u00f6nnen zwischen Vereinfachtem- und Standard-Hauptwerk w\u00e4hlen. Vereinfachtes-Hauptwerk ist die L\u00f6sung f\u00fcr alle, die daheim eine Orgel spielen wollen. Vereinfachtes-Hauptwerk ist leicht zu bedienen, so dass Sie die Vorteile einer Hauptwerk-Orgel auch zu Hause genie\u00dfen k\u00f6nnen. Lieber Standard-Hauptwerk? Mit dem Standard-Hauptwerk haben Sie die volle Kontrolle und k\u00f6nnen das Maximum aus Ihrer Hauptwerk-Orgel herausholen. Sehr empfehlenswert f\u00fcr echte Orgelfans. Fragen Sie uns nach den Unterschieden zwischen vereinfachtem und Standard-Hauptwerk.<\/p>\n<h2>Spielen Sie die sch\u00f6nste Orgelmusik einfach in Ihren eigenen vier W\u00e4nden<\/h2>\n<p>Mit einer Hauptwerk-Orgel k\u00f6nnen Sie die sch\u00f6nste Orgelmusik zu Hause spielen. Dank diverser Sample-Sets k\u00f6nnen Sie verschiedene weltber\u00fchmte Orgeln direkt in Ihren eigenen vier W\u00e4nden spielen. Sowohl die M\u00fcller-Orgel als auch die Batz-Orgel sind schnell zu finden. Genie\u00dfen Sie jeden Tag ein optimales Klangerlebnis mit Ihrer Mixtuur Hauptwerk Orgel.<\/p>\n<p><a href=\"https:\/\/www.mixtuur.com\/wp-content\/uploads\/2021\/07\/Copyright_www.unit-ed.nl-0323-1-scaled.jpg\"><img loading=\"lazy\" decoding=\"async\" class=\"alignnone wp-image-10077 size-full\" src=\"https:\/\/www.mixtuur.com\/wp-content\/uploads\/2021\/07\/Copyright_www.unit-ed.nl-0323-1-scaled.jpg\" alt=\"Heimorgel\" width=\"2560\" height=\"1786\" srcset=\"https:\/\/www.mixtuur.com\/wp-content\/uploads\/2021\/07\/Copyright_www.unit-ed.nl-0323-1-scaled.jpg 2560w, https:\/\/www.mixtuur.com\/wp-content\/uploads\/2021\/07\/Copyright_www.unit-ed.nl-0323-1-300x209.jpg 300w, https:\/\/www.mixtuur.com\/wp-content\/uploads\/2021\/07\/Copyright_www.unit-ed.nl-0323-1-1030x719.jpg 1030w, https:\/\/www.mixtuur.com\/wp-content\/uploads\/2021\/07\/Copyright_www.unit-ed.nl-0323-1-768x536.jpg 768w, https:\/\/www.mixtuur.com\/wp-content\/uploads\/2021\/07\/Copyright_www.unit-ed.nl-0323-1-1536x1072.jpg 1536w, https:\/\/www.mixtuur.com\/wp-content\/uploads\/2021\/07\/Copyright_www.unit-ed.nl-0323-1-2048x1429.jpg 2048w, https:\/\/www.mixtuur.com\/wp-content\/uploads\/2021\/07\/Copyright_www.unit-ed.nl-0323-1-1500x1047.jpg 1500w, https:\/\/www.mixtuur.com\/wp-content\/uploads\/2021\/07\/Copyright_www.unit-ed.nl-0323-1-705x492.jpg 705w, https:\/\/www.mixtuur.com\/wp-content\/uploads\/2021\/07\/Copyright_www.unit-ed.nl-0323-1-450x314.jpg 450w\" sizes=\"auto, (max-width: 2560px) 100vw, 2560px\" \/><\/a><\/p>\n<h2>\u00dcber Mixtuur<\/h2>\n<p>Mixtuur ist eine Autorit\u00e4t auf dem Gebiet der Hauptwerk-Orgeln. Seit 2007 sind wir offizieller Hauptwerk-H\u00e4ndler in den Benelux-L\u00e4ndern. Wenden Sie sich an uns, wenn Sie Orgeln f\u00fcr Kirchen, Konzerts\u00e4le, aber auch f\u00fcr Privatpersonen suchen. Wir bieten sowohl verschiedene standardisierte Modelle als auch ma\u00dfgeschneiderte Instrumente an. Sind Sie neugierig auf unsere Orgeln? Werfen Sie einen Blick auf unsere Heimorgeln mit Vereinfachtem- oder Standard-Hauptwerk.<\/p>\n<h2>Auf der Suche nach einer Heimorgel?<\/h2>\n<p>Lassen Sie sich von den Orgeln von Mixtuur \u00fcberraschen. Sehen Sie sich unsere Modelle an oder fordern Sie die digitale Brosch\u00fcre an. Nat\u00fcrlich sind Sie auch in unserem Ausstellungsraum in Klundert herzlich willkommen. Vereinbaren Sie einen Termin und erleben Sie selbst den hervorragenden Klang einer Mixtuur-Orgel.<\/p>\n\n<div class=\"wpcf7 no-js\" id=\"wpcf7-f2984-o1\" lang=\"nl-NL\" dir=\"ltr\" data-wpcf7-id=\"2984\">\n<div class=\"screen-reader-response\"><p role=\"status\" aria-live=\"polite\" aria-atomic=\"true\"><\/p> <ul><\/ul><\/div>\n<form action=\"\/de\/wp-json\/wp\/v2\/pages\/9086#wpcf7-f2984-o1\" method=\"post\" class=\"wpcf7-form init\" aria-label=\"Contactformulier\" novalidate=\"novalidate\" data-status=\"init\">\n<fieldset class=\"hidden-fields-container\"><input type=\"hidden\" name=\"_wpcf7\" value=\"2984\" \/><input type=\"hidden\" name=\"_wpcf7_version\" value=\"6.1.5\" \/><input type=\"hidden\" name=\"_wpcf7_locale\" value=\"nl_NL\" \/><input type=\"hidden\" name=\"_wpcf7_unit_tag\" value=\"wpcf7-f2984-o1\" \/><input type=\"hidden\" name=\"_wpcf7_container_post\" value=\"0\" \/><input type=\"hidden\" name=\"_wpcf7_posted_data_hash\" value=\"\" \/><input type=\"hidden\" name=\"_wpcf7_recaptcha_response\" value=\"\" \/>\n<\/fieldset>\n<p>Ihr Name (Pflichtangabe)\n<\/p>\n<p><span class=\"wpcf7-form-control-wrap\" data-name=\"your-name\"><input size=\"40\" maxlength=\"400\" class=\"wpcf7-form-control wpcf7-text wpcf7-validates-as-required\" aria-required=\"true\" aria-invalid=\"false\" value=\"\" type=\"text\" name=\"your-name\" \/><\/span>\n<\/p>\n<p>Ihre E-Mail-Adresse (Pflichtangabe)\n<\/p>\n<p><span class=\"wpcf7-form-control-wrap\" data-name=\"your-email\"><input size=\"40\" maxlength=\"400\" class=\"wpcf7-form-control wpcf7-email wpcf7-validates-as-required wpcf7-text wpcf7-validates-as-email\" aria-required=\"true\" aria-invalid=\"false\" value=\"\" type=\"email\" name=\"your-email\" \/><\/span>\n<\/p>\n<p>Telefonnummer\n<\/p>\n<p><span class=\"wpcf7-form-control-wrap\" data-name=\"tel-640\"><input size=\"40\" maxlength=\"400\" class=\"wpcf7-form-control wpcf7-tel wpcf7-text wpcf7-validates-as-tel\" aria-invalid=\"false\" value=\"\" type=\"tel\" name=\"tel-640\" \/><\/span>\n<\/p>\n<p>Betreff\n<\/p>\n<p><span class=\"wpcf7-form-control-wrap\" data-name=\"your-subject\"><input size=\"40\" maxlength=\"400\" class=\"wpcf7-form-control wpcf7-text\" aria-invalid=\"false\" value=\"\" type=\"text\" name=\"your-subject\" \/><\/span>\n<\/p>\n<p>Deine Nachricht\n<\/p>\n<p><span class=\"wpcf7-form-control-wrap\" data-name=\"your-message\"><textarea cols=\"40\" rows=\"10\" maxlength=\"2000\" class=\"wpcf7-form-control wpcf7-textarea\" aria-invalid=\"false\" name=\"your-message\"><\/textarea><\/span>\n<\/p>\n\n<p><input class=\"wpcf7-form-control wpcf7-submit has-spinner\" type=\"submit\" value=\"Senden\" \/>\n<\/p><div class=\"wpcf7-response-output\" aria-hidden=\"true\"><\/div>\n<\/form>\n<\/div>\n\n","protected":false},"excerpt":{"rendered":"<p>Heimorgel Sie sind auf der Suche nach einer Heimorgel? Eine Heimorgel ist ein vereinfachtes Modell einer gro\u00dfen Pfeifenorgel. Die Hauptwerk-Orgeln von Mixtuur passen in jedes Zimmer. W\u00e4hlen Sie eines unserer Standardmodelle oder lassen Sie sich eine Heimorgel nach Ma\u00df anfertigen, damit sie perfekt passt. Alle Orgeln von Mixtuur werden im eigenen Haus entwickelt, gebaut und [&hellip;]<\/p>\n","protected":false},"author":17,"featured_media":0,"parent":0,"menu_order":0,"comment_status":"closed","ping_status":"closed","template":"","meta":{"footnotes":""},"class_list":["post-9086","page","type-page","status-publish","hentry"],"yoast_head":"<!-- This site is optimized with the Yoast SEO plugin v25.5 - https:\/\/yoast.com\/wordpress\/plugins\/seo\/ -->\n<title>Sie suchen eine Heimorgel? Mixtuur baut Orgeln f\u00fcr zu Hause<\/title>\n<meta name=\"description\" content=\"Verschiedene Modelle von Heimorgeln sind verf\u00fcgbar, auch Spezialanfertigungen sind erh\u00e4ltlich. Neugierig auf die M\u00f6glichkeiten? Entdecken alle Heimorgeln.\" \/>\n<meta name=\"robots\" content=\"index, follow, max-snippet:-1, max-image-preview:large, max-video-preview:-1\" \/>\n<link rel=\"canonical\" href=\"https:\/\/www.mixtuur.com\/de\/heimorgel\/\" \/>\n<meta property=\"og:locale\" content=\"de_DE\" \/>\n<meta property=\"og:type\" content=\"article\" \/>\n<meta property=\"og:title\" content=\"Sie suchen eine Heimorgel? Mixtuur baut Orgeln f\u00fcr zu Hause\" \/>\n<meta property=\"og:description\" content=\"Verschiedene Modelle von Heimorgeln sind verf\u00fcgbar, auch Spezialanfertigungen sind erh\u00e4ltlich. Neugierig auf die M\u00f6glichkeiten? Entdecken alle Heimorgeln.\" \/>\n<meta property=\"og:url\" content=\"https:\/\/www.mixtuur.com\/de\/heimorgel\/\" \/>\n<meta property=\"og:site_name\" content=\"Mixtuur\" \/>\n<meta property=\"article:modified_time\" content=\"2022-01-31T12:41:03+00:00\" \/>\n<meta property=\"og:image\" content=\"https:\/\/www.mixtuur.com\/wordpress\/wp-content\/uploads\/2021\/07\/Copyright_www.unit-ed.nl-0323-1-scaled.jpg\" \/>\n<meta name=\"twitter:card\" content=\"summary_large_image\" \/>\n<meta name=\"twitter:label1\" content=\"Gesch\u00e4tzte Lesezeit\" \/>\n\t<meta name=\"twitter:data1\" content=\"2\u00a0Minuten\" \/>\n<script type=\"application\/ld+json\" class=\"yoast-schema-graph\">{\"@context\":\"https:\/\/schema.org\",\"@graph\":[{\"@type\":\"WebPage\",\"@id\":\"https:\/\/www.mixtuur.com\/de\/heimorgel\/\",\"url\":\"https:\/\/www.mixtuur.com\/de\/heimorgel\/\",\"name\":\"Sie suchen eine Heimorgel? Mixtuur baut Orgeln f\u00fcr zu Hause\",\"isPartOf\":{\"@id\":\"https:\/\/www.mixtuur.com\/#website\"},\"primaryImageOfPage\":{\"@id\":\"https:\/\/www.mixtuur.com\/de\/heimorgel\/#primaryimage\"},\"image\":{\"@id\":\"https:\/\/www.mixtuur.com\/de\/heimorgel\/#primaryimage\"},\"thumbnailUrl\":\"https:\/\/www.mixtuur.com\/wp-content\/uploads\/2021\/07\/Copyright_www.unit-ed.nl-0323-1-scaled.jpg\",\"datePublished\":\"2020-12-24T10:39:20+00:00\",\"dateModified\":\"2022-01-31T12:41:03+00:00\",\"description\":\"Verschiedene Modelle von Heimorgeln sind verf\u00fcgbar, auch Spezialanfertigungen sind erh\u00e4ltlich. Neugierig auf die M\u00f6glichkeiten? Entdecken alle Heimorgeln.\",\"breadcrumb\":{\"@id\":\"https:\/\/www.mixtuur.com\/de\/heimorgel\/#breadcrumb\"},\"inLanguage\":\"de\",\"potentialAction\":[{\"@type\":\"ReadAction\",\"target\":[\"https:\/\/www.mixtuur.com\/de\/heimorgel\/\"]}]},{\"@type\":\"ImageObject\",\"inLanguage\":\"de\",\"@id\":\"https:\/\/www.mixtuur.com\/de\/heimorgel\/#primaryimage\",\"url\":\"https:\/\/www.mixtuur.com\/wp-content\/uploads\/2021\/07\/Copyright_www.unit-ed.nl-0323-1-scaled.jpg\",\"contentUrl\":\"https:\/\/www.mixtuur.com\/wp-content\/uploads\/2021\/07\/Copyright_www.unit-ed.nl-0323-1-scaled.jpg\"},{\"@type\":\"BreadcrumbList\",\"@id\":\"https:\/\/www.mixtuur.com\/de\/heimorgel\/#breadcrumb\",\"itemListElement\":[{\"@type\":\"ListItem\",\"position\":1,\"name\":\"Home\",\"item\":\"https:\/\/www.mixtuur.com\/de\/\"},{\"@type\":\"ListItem\",\"position\":2,\"name\":\"Heimorgel\"}]},{\"@type\":\"WebSite\",\"@id\":\"https:\/\/www.mixtuur.com\/#website\",\"url\":\"https:\/\/www.mixtuur.com\/\",\"name\":\"Mixtuur\",\"description\":\"The Authentic Sound\",\"potentialAction\":[{\"@type\":\"SearchAction\",\"target\":{\"@type\":\"EntryPoint\",\"urlTemplate\":\"https:\/\/www.mixtuur.com\/?s={search_term_string}\"},\"query-input\":{\"@type\":\"PropertyValueSpecification\",\"valueRequired\":true,\"valueName\":\"search_term_string\"}}],\"inLanguage\":\"de\"}]}<\/script>\n<!-- \/ Yoast SEO plugin. -->","yoast_head_json":{"title":"Sie suchen eine Heimorgel? Mixtuur baut Orgeln f\u00fcr zu Hause","description":"Verschiedene Modelle von Heimorgeln sind verf\u00fcgbar, auch Spezialanfertigungen sind erh\u00e4ltlich. Neugierig auf die M\u00f6glichkeiten? Entdecken alle Heimorgeln.","robots":{"index":"index","follow":"follow","max-snippet":"max-snippet:-1","max-image-preview":"max-image-preview:large","max-video-preview":"max-video-preview:-1"},"canonical":"https:\/\/www.mixtuur.com\/de\/heimorgel\/","og_locale":"de_DE","og_type":"article","og_title":"Sie suchen eine Heimorgel? Mixtuur baut Orgeln f\u00fcr zu Hause","og_description":"Verschiedene Modelle von Heimorgeln sind verf\u00fcgbar, auch Spezialanfertigungen sind erh\u00e4ltlich. Neugierig auf die M\u00f6glichkeiten? Entdecken alle Heimorgeln.","og_url":"https:\/\/www.mixtuur.com\/de\/heimorgel\/","og_site_name":"Mixtuur","article_modified_time":"2022-01-31T12:41:03+00:00","og_image":[{"url":"https:\/\/www.mixtuur.com\/wordpress\/wp-content\/uploads\/2021\/07\/Copyright_www.unit-ed.nl-0323-1-scaled.jpg","type":"","width":"","height":""}],"twitter_card":"summary_large_image","twitter_misc":{"Gesch\u00e4tzte Lesezeit":"2\u00a0Minuten"},"schema":{"@context":"https:\/\/schema.org","@graph":[{"@type":"WebPage","@id":"https:\/\/www.mixtuur.com\/de\/heimorgel\/","url":"https:\/\/www.mixtuur.com\/de\/heimorgel\/","name":"Sie suchen eine Heimorgel? Mixtuur baut Orgeln f\u00fcr zu Hause","isPartOf":{"@id":"https:\/\/www.mixtuur.com\/#website"},"primaryImageOfPage":{"@id":"https:\/\/www.mixtuur.com\/de\/heimorgel\/#primaryimage"},"image":{"@id":"https:\/\/www.mixtuur.com\/de\/heimorgel\/#primaryimage"},"thumbnailUrl":"https:\/\/www.mixtuur.com\/wp-content\/uploads\/2021\/07\/Copyright_www.unit-ed.nl-0323-1-scaled.jpg","datePublished":"2020-12-24T10:39:20+00:00","dateModified":"2022-01-31T12:41:03+00:00","description":"Verschiedene Modelle von Heimorgeln sind verf\u00fcgbar, auch Spezialanfertigungen sind erh\u00e4ltlich. Neugierig auf die M\u00f6glichkeiten? Entdecken alle Heimorgeln.","breadcrumb":{"@id":"https:\/\/www.mixtuur.com\/de\/heimorgel\/#breadcrumb"},"inLanguage":"de","potentialAction":[{"@type":"ReadAction","target":["https:\/\/www.mixtuur.com\/de\/heimorgel\/"]}]},{"@type":"ImageObject","inLanguage":"de","@id":"https:\/\/www.mixtuur.com\/de\/heimorgel\/#primaryimage","url":"https:\/\/www.mixtuur.com\/wp-content\/uploads\/2021\/07\/Copyright_www.unit-ed.nl-0323-1-scaled.jpg","contentUrl":"https:\/\/www.mixtuur.com\/wp-content\/uploads\/2021\/07\/Copyright_www.unit-ed.nl-0323-1-scaled.jpg"},{"@type":"BreadcrumbList","@id":"https:\/\/www.mixtuur.com\/de\/heimorgel\/#breadcrumb","itemListElement":[{"@type":"ListItem","position":1,"name":"Home","item":"https:\/\/www.mixtuur.com\/de\/"},{"@type":"ListItem","position":2,"name":"Heimorgel"}]},{"@type":"WebSite","@id":"https:\/\/www.mixtuur.com\/#website","url":"https:\/\/www.mixtuur.com\/","name":"Mixtuur","description":"The Authentic Sound","potentialAction":[{"@type":"SearchAction","target":{"@type":"EntryPoint","urlTemplate":"https:\/\/www.mixtuur.com\/?s={search_term_string}"},"query-input":{"@type":"PropertyValueSpecification","valueRequired":true,"valueName":"search_term_string"}}],"inLanguage":"de"}]}},"_links":{"self":[{"href":"https:\/\/www.mixtuur.com\/de\/wp-json\/wp\/v2\/pages\/9086","targetHints":{"allow":["GET"]}}],"collection":[{"href":"https:\/\/www.mixtuur.com\/de\/wp-json\/wp\/v2\/pages"}],"about":[{"href":"https:\/\/www.mixtuur.com\/de\/wp-json\/wp\/v2\/types\/page"}],"author":[{"embeddable":true,"href":"https:\/\/www.mixtuur.com\/de\/wp-json\/wp\/v2\/users\/17"}],"replies":[{"embeddable":true,"href":"https:\/\/www.mixtuur.com\/de\/wp-json\/wp\/v2\/comments?post=9086"}],"version-history":[{"count":5,"href":"https:\/\/www.mixtuur.com\/de\/wp-json\/wp\/v2\/pages\/9086\/revisions"}],"predecessor-version":[{"id":10725,"href":"https:\/\/www.mixtuur.com\/de\/wp-json\/wp\/v2\/pages\/9086\/revisions\/10725"}],"wp:attachment":[{"href":"https:\/\/www.mixtuur.com\/de\/wp-json\/wp\/v2\/media?parent=9086"}],"curies":[{"name":"wp","href":"https:\/\/api.w.org\/{rel}","templated":true}]}}