{"id":9082,"date":"2020-12-24T11:36:32","date_gmt":"2020-12-24T10:36:32","guid":{"rendered":"https:\/\/www.mixtuur.com\/?page_id=9082"},"modified":"2020-12-24T11:36:32","modified_gmt":"2020-12-24T10:36:32","slug":"elektronisch-orgel","status":"publish","type":"page","link":"https:\/\/www.mixtuur.com\/de\/elektronisch-orgel\/","title":{"rendered":"Elektronisch orgel"},"content":{"rendered":"<h1>Elektronisch orgel<\/h1>\n<p><strong>Mixtuur ist ein offizieller Hauptwerk-Anbieter f\u00fcr die Benelux-L\u00e4nder seit 2007. Al unsere elektronische Orgeln haben alle die hochwertige qualit\u00e4t die Sie von Mixtuur gew\u00f6hnt sind. Mixtuur verb\u00fcrgt sich fur die Qualitat seiner Instrumente und Audiokomponenten und bietet f\u00fcnf Jahre Garantie.<\/strong><\/p>\n<p><a href=\"https:\/\/www.mixtuur.com\/wp-content\/uploads\/2019\/09\/Compact-orgel.jpg\"><img loading=\"lazy\" decoding=\"async\" class=\"alignnone wp-image-7414 size-full\" src=\"https:\/\/www.mixtuur.com\/wp-content\/uploads\/2019\/09\/Compact-orgel.jpg\" alt=\"elektronisch orgel\" width=\"1920\" height=\"1281\" srcset=\"https:\/\/www.mixtuur.com\/wp-content\/uploads\/2019\/09\/Compact-orgel.jpg 1920w, https:\/\/www.mixtuur.com\/wp-content\/uploads\/2019\/09\/Compact-orgel-300x200.jpg 300w, https:\/\/www.mixtuur.com\/wp-content\/uploads\/2019\/09\/Compact-orgel-768x512.jpg 768w, https:\/\/www.mixtuur.com\/wp-content\/uploads\/2019\/09\/Compact-orgel-1030x687.jpg 1030w, https:\/\/www.mixtuur.com\/wp-content\/uploads\/2019\/09\/Compact-orgel-1500x1001.jpg 1500w, https:\/\/www.mixtuur.com\/wp-content\/uploads\/2019\/09\/Compact-orgel-705x470.jpg 705w, https:\/\/www.mixtuur.com\/wp-content\/uploads\/2019\/09\/Compact-orgel-450x300.jpg 450w\" sizes=\"auto, (max-width: 1920px) 100vw, 1920px\" \/><\/a><\/p>\n<h2>Elektronische Orgeln von Mixtuur<\/h2>\n<p>Mixtuur baut elektronische Orgeln und Audiokomponenten f\u00fcr Privatkunden, Kirchen und Konzerts\u00e4le. Wir haben verschiedene elektronische Orgeln in unserem Assortiment. Alle Orgeln von Mixtuur werden komplett in Eigenregie entwickelt, gebaut und getestet. Die Modelle haben eine eigenen Technologie die nahtlos an die Software von Hauptwerk anschlie\u00dfen. Diese Technologie sorgt f\u00fcr ein optimales Klangerlebnis, damit sie die Orgel Ihrer Tr\u00e4ume genieben konnen!<\/p>\n<h2>Hauptwerk<\/h2>\n<p>Hauptwerk ist ein leistungsf\u00e4higes MIDI-basiertes Softwareprogramm mit welchen Samplesets von Orgeln geladen k\u00f6nnen werden.Wir haben Orgeln mit einer vereinfachten Version von Hauptwerk oder mit der Standardversion von Hauptwerk. Das ansprechen der Pfeife, die Klangentwicklung und das Loslassen des Tons wurde aufgenommen was f\u00fcr einen lebendigen Klang sorgt.<\/p>\n<p class=\"p1\">\n<div class=\"wpcf7 no-js\" id=\"wpcf7-f2984-o1\" lang=\"nl-NL\" dir=\"ltr\" data-wpcf7-id=\"2984\">\n<div class=\"screen-reader-response\"><p role=\"status\" aria-live=\"polite\" aria-atomic=\"true\"><\/p> <ul><\/ul><\/div>\n<form action=\"\/de\/wp-json\/wp\/v2\/pages\/9082#wpcf7-f2984-o1\" method=\"post\" class=\"wpcf7-form init\" aria-label=\"Contactformulier\" novalidate=\"novalidate\" data-status=\"init\">\n<fieldset class=\"hidden-fields-container\"><input type=\"hidden\" name=\"_wpcf7\" value=\"2984\" \/><input type=\"hidden\" name=\"_wpcf7_version\" value=\"6.1.5\" \/><input type=\"hidden\" name=\"_wpcf7_locale\" value=\"nl_NL\" \/><input type=\"hidden\" name=\"_wpcf7_unit_tag\" value=\"wpcf7-f2984-o1\" \/><input type=\"hidden\" name=\"_wpcf7_container_post\" value=\"0\" \/><input type=\"hidden\" name=\"_wpcf7_posted_data_hash\" value=\"\" \/><input type=\"hidden\" name=\"_wpcf7_recaptcha_response\" value=\"\" \/>\n<\/fieldset>\n<p>Ihr Name (Pflichtangabe)\n<\/p>\n<p><span class=\"wpcf7-form-control-wrap\" data-name=\"your-name\"><input size=\"40\" maxlength=\"400\" class=\"wpcf7-form-control wpcf7-text wpcf7-validates-as-required\" aria-required=\"true\" aria-invalid=\"false\" value=\"\" type=\"text\" name=\"your-name\" \/><\/span>\n<\/p>\n<p>Ihre E-Mail-Adresse (Pflichtangabe)\n<\/p>\n<p><span class=\"wpcf7-form-control-wrap\" data-name=\"your-email\"><input size=\"40\" maxlength=\"400\" class=\"wpcf7-form-control wpcf7-email wpcf7-validates-as-required wpcf7-text wpcf7-validates-as-email\" aria-required=\"true\" aria-invalid=\"false\" value=\"\" type=\"email\" name=\"your-email\" \/><\/span>\n<\/p>\n<p>Telefonnummer\n<\/p>\n<p><span class=\"wpcf7-form-control-wrap\" data-name=\"tel-640\"><input size=\"40\" maxlength=\"400\" class=\"wpcf7-form-control wpcf7-tel wpcf7-text wpcf7-validates-as-tel\" aria-invalid=\"false\" value=\"\" type=\"tel\" name=\"tel-640\" \/><\/span>\n<\/p>\n<p>Betreff\n<\/p>\n<p><span class=\"wpcf7-form-control-wrap\" data-name=\"your-subject\"><input size=\"40\" maxlength=\"400\" class=\"wpcf7-form-control wpcf7-text\" aria-invalid=\"false\" value=\"\" type=\"text\" name=\"your-subject\" \/><\/span>\n<\/p>\n<p>Deine Nachricht\n<\/p>\n<p><span class=\"wpcf7-form-control-wrap\" data-name=\"your-message\"><textarea cols=\"40\" rows=\"10\" maxlength=\"2000\" class=\"wpcf7-form-control wpcf7-textarea\" aria-invalid=\"false\" name=\"your-message\"><\/textarea><\/span>\n<\/p>\n\n<p><input class=\"wpcf7-form-control wpcf7-submit has-spinner\" type=\"submit\" value=\"Senden\" \/>\n<\/p><div class=\"wpcf7-response-output\" aria-hidden=\"true\"><\/div>\n<\/form>\n<\/div>\n<\/p>\n","protected":false},"excerpt":{"rendered":"<p>Elektronisch orgel Mixtuur ist ein offizieller Hauptwerk-Anbieter f\u00fcr die Benelux-L\u00e4nder seit 2007. Al unsere elektronische Orgeln haben alle die hochwertige qualit\u00e4t die Sie von Mixtuur gew\u00f6hnt sind. Mixtuur verb\u00fcrgt sich fur die Qualitat seiner Instrumente und Audiokomponenten und bietet f\u00fcnf Jahre Garantie. Elektronische Orgeln von Mixtuur Mixtuur baut elektronische Orgeln und Audiokomponenten f\u00fcr Privatkunden, Kirchen [&hellip;]<\/p>\n","protected":false},"author":17,"featured_media":0,"parent":0,"menu_order":0,"comment_status":"closed","ping_status":"closed","template":"","meta":{"footnotes":""},"class_list":["post-9082","page","type-page","status-publish","hentry"],"yoast_head":"<!-- This site is optimized with the Yoast SEO plugin v25.5 - https:\/\/yoast.com\/wordpress\/plugins\/seo\/ -->\n<title>Kauf jetzt eine elektronische Orgel von Mixtuur.<\/title>\n<meta name=\"description\" content=\"Al unsere elektronische Orgeln haben ein hochwertige qualit\u00e4t.\" \/>\n<meta name=\"robots\" content=\"index, follow, max-snippet:-1, max-image-preview:large, max-video-preview:-1\" \/>\n<link rel=\"canonical\" href=\"https:\/\/www.mixtuur.com\/elektronisch-orgel\/\" \/>\n<meta property=\"og:locale\" content=\"de_DE\" \/>\n<meta property=\"og:type\" content=\"article\" \/>\n<meta property=\"og:title\" content=\"Kauf jetzt eine elektronische Orgel von Mixtuur.\" \/>\n<meta property=\"og:description\" content=\"Al unsere elektronische Orgeln haben ein hochwertige qualit\u00e4t.\" \/>\n<meta property=\"og:url\" content=\"https:\/\/www.mixtuur.com\/elektronisch-orgel\/\" \/>\n<meta property=\"og:site_name\" content=\"Mixtuur\" \/>\n<meta property=\"og:image\" content=\"https:\/\/www.mixtuur.com\/wordpress\/wp-content\/uploads\/2019\/09\/Compact-orgel.jpg\" \/>\n<meta name=\"twitter:card\" content=\"summary_large_image\" \/>\n<meta name=\"twitter:label1\" content=\"Gesch\u00e4tzte Lesezeit\" \/>\n\t<meta name=\"twitter:data1\" content=\"1\u00a0Minute\" \/>\n<script type=\"application\/ld+json\" class=\"yoast-schema-graph\">{\"@context\":\"https:\/\/schema.org\",\"@graph\":[{\"@type\":\"WebPage\",\"@id\":\"https:\/\/www.mixtuur.com\/elektronisch-orgel\/\",\"url\":\"https:\/\/www.mixtuur.com\/elektronisch-orgel\/\",\"name\":\"Kauf jetzt eine elektronische Orgel von Mixtuur.\",\"isPartOf\":{\"@id\":\"https:\/\/www.mixtuur.com\/#website\"},\"primaryImageOfPage\":{\"@id\":\"https:\/\/www.mixtuur.com\/elektronisch-orgel\/#primaryimage\"},\"image\":{\"@id\":\"https:\/\/www.mixtuur.com\/elektronisch-orgel\/#primaryimage\"},\"thumbnailUrl\":\"https:\/\/www.mixtuur.com\/wp-content\/uploads\/2019\/09\/Compact-orgel.jpg\",\"datePublished\":\"2020-12-24T10:36:32+00:00\",\"description\":\"Al unsere elektronische Orgeln haben ein hochwertige qualit\u00e4t.\",\"breadcrumb\":{\"@id\":\"https:\/\/www.mixtuur.com\/elektronisch-orgel\/#breadcrumb\"},\"inLanguage\":\"de\",\"potentialAction\":[{\"@type\":\"ReadAction\",\"target\":[\"https:\/\/www.mixtuur.com\/elektronisch-orgel\/\"]}]},{\"@type\":\"ImageObject\",\"inLanguage\":\"de\",\"@id\":\"https:\/\/www.mixtuur.com\/elektronisch-orgel\/#primaryimage\",\"url\":\"https:\/\/www.mixtuur.com\/wp-content\/uploads\/2019\/09\/Compact-orgel.jpg\",\"contentUrl\":\"https:\/\/www.mixtuur.com\/wp-content\/uploads\/2019\/09\/Compact-orgel.jpg\"},{\"@type\":\"BreadcrumbList\",\"@id\":\"https:\/\/www.mixtuur.com\/elektronisch-orgel\/#breadcrumb\",\"itemListElement\":[{\"@type\":\"ListItem\",\"position\":1,\"name\":\"Home\",\"item\":\"https:\/\/www.mixtuur.com\/de\/\"},{\"@type\":\"ListItem\",\"position\":2,\"name\":\"Elektronisch orgel\"}]},{\"@type\":\"WebSite\",\"@id\":\"https:\/\/www.mixtuur.com\/#website\",\"url\":\"https:\/\/www.mixtuur.com\/\",\"name\":\"Mixtuur\",\"description\":\"The Authentic Sound\",\"potentialAction\":[{\"@type\":\"SearchAction\",\"target\":{\"@type\":\"EntryPoint\",\"urlTemplate\":\"https:\/\/www.mixtuur.com\/?s={search_term_string}\"},\"query-input\":{\"@type\":\"PropertyValueSpecification\",\"valueRequired\":true,\"valueName\":\"search_term_string\"}}],\"inLanguage\":\"de\"}]}<\/script>\n<!-- \/ Yoast SEO plugin. -->","yoast_head_json":{"title":"Kauf jetzt eine elektronische Orgel von Mixtuur.","description":"Al unsere elektronische Orgeln haben ein hochwertige qualit\u00e4t.","robots":{"index":"index","follow":"follow","max-snippet":"max-snippet:-1","max-image-preview":"max-image-preview:large","max-video-preview":"max-video-preview:-1"},"canonical":"https:\/\/www.mixtuur.com\/elektronisch-orgel\/","og_locale":"de_DE","og_type":"article","og_title":"Kauf jetzt eine elektronische Orgel von Mixtuur.","og_description":"Al unsere elektronische Orgeln haben ein hochwertige qualit\u00e4t.","og_url":"https:\/\/www.mixtuur.com\/elektronisch-orgel\/","og_site_name":"Mixtuur","og_image":[{"url":"https:\/\/www.mixtuur.com\/wordpress\/wp-content\/uploads\/2019\/09\/Compact-orgel.jpg","type":"","width":"","height":""}],"twitter_card":"summary_large_image","twitter_misc":{"Gesch\u00e4tzte Lesezeit":"1\u00a0Minute"},"schema":{"@context":"https:\/\/schema.org","@graph":[{"@type":"WebPage","@id":"https:\/\/www.mixtuur.com\/elektronisch-orgel\/","url":"https:\/\/www.mixtuur.com\/elektronisch-orgel\/","name":"Kauf jetzt eine elektronische Orgel von Mixtuur.","isPartOf":{"@id":"https:\/\/www.mixtuur.com\/#website"},"primaryImageOfPage":{"@id":"https:\/\/www.mixtuur.com\/elektronisch-orgel\/#primaryimage"},"image":{"@id":"https:\/\/www.mixtuur.com\/elektronisch-orgel\/#primaryimage"},"thumbnailUrl":"https:\/\/www.mixtuur.com\/wp-content\/uploads\/2019\/09\/Compact-orgel.jpg","datePublished":"2020-12-24T10:36:32+00:00","description":"Al unsere elektronische Orgeln haben ein hochwertige qualit\u00e4t.","breadcrumb":{"@id":"https:\/\/www.mixtuur.com\/elektronisch-orgel\/#breadcrumb"},"inLanguage":"de","potentialAction":[{"@type":"ReadAction","target":["https:\/\/www.mixtuur.com\/elektronisch-orgel\/"]}]},{"@type":"ImageObject","inLanguage":"de","@id":"https:\/\/www.mixtuur.com\/elektronisch-orgel\/#primaryimage","url":"https:\/\/www.mixtuur.com\/wp-content\/uploads\/2019\/09\/Compact-orgel.jpg","contentUrl":"https:\/\/www.mixtuur.com\/wp-content\/uploads\/2019\/09\/Compact-orgel.jpg"},{"@type":"BreadcrumbList","@id":"https:\/\/www.mixtuur.com\/elektronisch-orgel\/#breadcrumb","itemListElement":[{"@type":"ListItem","position":1,"name":"Home","item":"https:\/\/www.mixtuur.com\/de\/"},{"@type":"ListItem","position":2,"name":"Elektronisch orgel"}]},{"@type":"WebSite","@id":"https:\/\/www.mixtuur.com\/#website","url":"https:\/\/www.mixtuur.com\/","name":"Mixtuur","description":"The Authentic Sound","potentialAction":[{"@type":"SearchAction","target":{"@type":"EntryPoint","urlTemplate":"https:\/\/www.mixtuur.com\/?s={search_term_string}"},"query-input":{"@type":"PropertyValueSpecification","valueRequired":true,"valueName":"search_term_string"}}],"inLanguage":"de"}]}},"_links":{"self":[{"href":"https:\/\/www.mixtuur.com\/de\/wp-json\/wp\/v2\/pages\/9082","targetHints":{"allow":["GET"]}}],"collection":[{"href":"https:\/\/www.mixtuur.com\/de\/wp-json\/wp\/v2\/pages"}],"about":[{"href":"https:\/\/www.mixtuur.com\/de\/wp-json\/wp\/v2\/types\/page"}],"author":[{"embeddable":true,"href":"https:\/\/www.mixtuur.com\/de\/wp-json\/wp\/v2\/users\/17"}],"replies":[{"embeddable":true,"href":"https:\/\/www.mixtuur.com\/de\/wp-json\/wp\/v2\/comments?post=9082"}],"version-history":[{"count":3,"href":"https:\/\/www.mixtuur.com\/de\/wp-json\/wp\/v2\/pages\/9082\/revisions"}],"predecessor-version":[{"id":9085,"href":"https:\/\/www.mixtuur.com\/de\/wp-json\/wp\/v2\/pages\/9082\/revisions\/9085"}],"wp:attachment":[{"href":"https:\/\/www.mixtuur.com\/de\/wp-json\/wp\/v2\/media?parent=9082"}],"curies":[{"name":"wp","href":"https:\/\/api.w.org\/{rel}","templated":true}]}}