{"id":9074,"date":"2020-12-24T11:30:27","date_gmt":"2020-12-24T10:30:27","guid":{"rendered":"https:\/\/www.mixtuur.com\/?page_id=9074"},"modified":"2022-11-14T14:25:27","modified_gmt":"2022-11-14T13:25:27","slug":"kirchenorgel","status":"publish","type":"page","link":"https:\/\/www.mixtuur.com\/de\/kirchenorgel\/","title":{"rendered":"Kirchenorgel"},"content":{"rendered":"<h1>Kirchenorgel<\/h1>\n<p><strong>Eine Mixtuur-Orgel bietet viele M\u00f6glichkeiten in einer Kirche. Es ist ein Missverst\u00e4ndnis zu glauben, dass Hauptwerk-Karosserien nur f\u00fcr einen Salon geeignet w\u00e4ren. Mixtuur-Orgeln mit professionellem Audio f\u00fcr jede Kirche oder jeden Konzertsaal.<\/strong><\/p>\n<h2>M\u00f6chten Sie eine neue Kirchenorgel kaufen?<\/h2>\n<p>Eine Orgel mit Hauptwerk-Technologie bietet viele M\u00f6glichkeiten. Eine Kirchenorgel ben\u00f6tigt nur wenig Platz und kann bei Bedarf flexibel organisiert werden. Es kann auch eine feste oder flexible Audiokonfiguration geben. Ein kompletter Orgelkoffer oder nur ein Spieltisch ist m\u00f6glich. Tontechniker von Mixtuur Orgels intonieren das Instrument immer im Raum. Eine andere M\u00f6glichkeit ist das kombinierte Organ, auch Hybridorgan genannt. Diese Orgel ist eine Kombination aus der vorhandenen Pfeifenorgel und einer digitalen Mischorgel. Auf diese Weise ist es auch m\u00f6glich, Ihre Kirchenorgel mit mehreren Stimmen zu vergr\u00f6\u00dfern, ohne die aktuellen Stimmen Ihrer Pfeifenorgel zu verlieren.<\/p>\n<p><a href=\"https:\/\/www.mixtuur.com\/wp-content\/uploads\/2020\/09\/Electronic-church-organ.jpg\"><img loading=\"lazy\" decoding=\"async\" class=\"alignnone wp-image-8660 size-full\" src=\"https:\/\/www.mixtuur.com\/wp-content\/uploads\/2020\/09\/Electronic-church-organ.jpg\" alt=\"Kirchenorgel\" width=\"1030\" height=\"423\" srcset=\"https:\/\/www.mixtuur.com\/wp-content\/uploads\/2020\/09\/Electronic-church-organ.jpg 1030w, https:\/\/www.mixtuur.com\/wp-content\/uploads\/2020\/09\/Electronic-church-organ-300x123.jpg 300w, https:\/\/www.mixtuur.com\/wp-content\/uploads\/2020\/09\/Electronic-church-organ-768x315.jpg 768w, https:\/\/www.mixtuur.com\/wp-content\/uploads\/2020\/09\/Electronic-church-organ-705x290.jpg 705w, https:\/\/www.mixtuur.com\/wp-content\/uploads\/2020\/09\/Electronic-church-organ-450x185.jpg 450w\" sizes=\"auto, (max-width: 1030px) 100vw, 1030px\" \/><\/a><\/p>\n<h2>Was kostet eine Kirchenorgel?<\/h2>\n<p>Kirchenorgeln gibt es in verschiedenen Formen und Gr\u00f6\u00dfen. Es gibt kleine Orgeln und gro\u00dfe Kirchenorgeln, die das gemeinsame Singen begleiten. Aus diesem Grund k\u00f6nnen die Kosten einer Kirchenorgel daher erheblich variieren. Au\u00dferdem ist eine Kirchenorgel oft ma\u00dfgeschneidert, weil keine Kirche gleich ist und jeder andere W\u00fcnsche hat. Es ist schwer zu sagen, wie viel eine Kirchenorgel kostet, aber wir unterbreiten Ihnen gerne ein kostenloses Angebot.<\/p>\n<h2>Mixtuur Kirchenorgeln<\/h2>\n<p>Eine Hauptwerk \u2122 Orgel in Kombination mit professionellem Audio von Mixtuur Orgels garantiert ein perfektes Klangerlebnis in Ihrer Kirche. Mixtuur ist seit 2007 offizieller Hauptwerk-H\u00e4ndler in den Benelux-L\u00e4ndern. Unsere Orgeln werden in unserer Produktionshalle hergestellt, in der alle unsere Modelle nach Ma\u00df gefertigt werden.<\/p>\n<p>Wir liefern Orgeln mit Hauptwerk-Technologie. Dar\u00fcber hinaus entwickeln wir Technologien, die sich mit der Hauptwerk-Software verbinden. Hauptwerk ist ein digitales Programm, in das Orgelproben geladen werden k\u00f6nnen. Diese Sets reproduzieren den Klang jeder einzelnen Pfeife. Sie k\u00f6nnen bis zu 100 verschiedene Orgeln auf nur einer Orgel spielen. Der Ton ist speziell auf Ihre Kirche abgestimmt und bietet Ihnen ein unglaubliches Klangerlebnis. Unendliche M\u00f6glichkeiten mit Hauptwerk \u2122. Da wir Ihnen die beste Qualit\u00e4t und den besten Service bieten m\u00f6chten, gew\u00e4hren wir auf alle unsere Organe eine Garantie von zwei Jahren.<\/p>\n<p class=\"p1\">\n<div class=\"wpcf7 no-js\" id=\"wpcf7-f2984-o1\" lang=\"nl-NL\" dir=\"ltr\" data-wpcf7-id=\"2984\">\n<div class=\"screen-reader-response\"><p role=\"status\" aria-live=\"polite\" aria-atomic=\"true\"><\/p> <ul><\/ul><\/div>\n<form action=\"\/de\/wp-json\/wp\/v2\/pages\/9074#wpcf7-f2984-o1\" method=\"post\" class=\"wpcf7-form init\" aria-label=\"Contactformulier\" novalidate=\"novalidate\" data-status=\"init\">\n<fieldset class=\"hidden-fields-container\"><input type=\"hidden\" name=\"_wpcf7\" value=\"2984\" \/><input type=\"hidden\" name=\"_wpcf7_version\" value=\"6.1.5\" \/><input type=\"hidden\" name=\"_wpcf7_locale\" value=\"nl_NL\" \/><input type=\"hidden\" name=\"_wpcf7_unit_tag\" value=\"wpcf7-f2984-o1\" \/><input type=\"hidden\" name=\"_wpcf7_container_post\" value=\"0\" \/><input type=\"hidden\" name=\"_wpcf7_posted_data_hash\" value=\"\" \/><input type=\"hidden\" name=\"_wpcf7_recaptcha_response\" value=\"\" \/>\n<\/fieldset>\n<p>Ihr Name (Pflichtangabe)\n<\/p>\n<p><span class=\"wpcf7-form-control-wrap\" data-name=\"your-name\"><input size=\"40\" maxlength=\"400\" class=\"wpcf7-form-control wpcf7-text wpcf7-validates-as-required\" aria-required=\"true\" aria-invalid=\"false\" value=\"\" type=\"text\" name=\"your-name\" \/><\/span>\n<\/p>\n<p>Ihre E-Mail-Adresse (Pflichtangabe)\n<\/p>\n<p><span class=\"wpcf7-form-control-wrap\" data-name=\"your-email\"><input size=\"40\" maxlength=\"400\" class=\"wpcf7-form-control wpcf7-email wpcf7-validates-as-required wpcf7-text wpcf7-validates-as-email\" aria-required=\"true\" aria-invalid=\"false\" value=\"\" type=\"email\" name=\"your-email\" \/><\/span>\n<\/p>\n<p>Telefonnummer\n<\/p>\n<p><span class=\"wpcf7-form-control-wrap\" data-name=\"tel-640\"><input size=\"40\" maxlength=\"400\" class=\"wpcf7-form-control wpcf7-tel wpcf7-text wpcf7-validates-as-tel\" aria-invalid=\"false\" value=\"\" type=\"tel\" name=\"tel-640\" \/><\/span>\n<\/p>\n<p>Betreff\n<\/p>\n<p><span class=\"wpcf7-form-control-wrap\" data-name=\"your-subject\"><input size=\"40\" maxlength=\"400\" class=\"wpcf7-form-control wpcf7-text\" aria-invalid=\"false\" value=\"\" type=\"text\" name=\"your-subject\" \/><\/span>\n<\/p>\n<p>Deine Nachricht\n<\/p>\n<p><span class=\"wpcf7-form-control-wrap\" data-name=\"your-message\"><textarea cols=\"40\" rows=\"10\" maxlength=\"2000\" class=\"wpcf7-form-control wpcf7-textarea\" aria-invalid=\"false\" name=\"your-message\"><\/textarea><\/span>\n<\/p>\n\n<p><input class=\"wpcf7-form-control wpcf7-submit has-spinner\" type=\"submit\" value=\"Senden\" \/>\n<\/p><div class=\"wpcf7-response-output\" aria-hidden=\"true\"><\/div>\n<\/form>\n<\/div>\n<\/p>\n","protected":false},"excerpt":{"rendered":"<p>Kirchenorgel Eine Mixtuur-Orgel bietet viele M\u00f6glichkeiten in einer Kirche. Es ist ein Missverst\u00e4ndnis zu glauben, dass Hauptwerk-Karosserien nur f\u00fcr einen Salon geeignet w\u00e4ren. Mixtuur-Orgeln mit professionellem Audio f\u00fcr jede Kirche oder jeden Konzertsaal. M\u00f6chten Sie eine neue Kirchenorgel kaufen? Eine Orgel mit Hauptwerk-Technologie bietet viele M\u00f6glichkeiten. Eine Kirchenorgel ben\u00f6tigt nur wenig Platz und kann bei [&hellip;]<\/p>\n","protected":false},"author":17,"featured_media":0,"parent":0,"menu_order":0,"comment_status":"closed","ping_status":"closed","template":"","meta":{"footnotes":""},"class_list":["post-9074","page","type-page","status-publish","hentry"],"yoast_head":"<!-- This site is optimized with the Yoast SEO plugin v25.5 - https:\/\/yoast.com\/wordpress\/plugins\/seo\/ -->\n<title>M\u00f6chten Sie eine neue Mixtuur Kirchenorgel kaufen?<\/title>\n<meta name=\"description\" content=\"Eine Mixtuur-Kirchenorgel bietet viele M\u00f6glichkeiten in einer Kirche.\" \/>\n<meta name=\"robots\" content=\"index, follow, max-snippet:-1, max-image-preview:large, max-video-preview:-1\" \/>\n<link rel=\"canonical\" href=\"https:\/\/www.mixtuur.com\/de\/kirchenorgel\/\" \/>\n<meta property=\"og:locale\" content=\"de_DE\" \/>\n<meta property=\"og:type\" content=\"article\" \/>\n<meta property=\"og:title\" content=\"M\u00f6chten Sie eine neue Mixtuur Kirchenorgel kaufen?\" \/>\n<meta property=\"og:description\" content=\"Eine Mixtuur-Kirchenorgel bietet viele M\u00f6glichkeiten in einer Kirche.\" \/>\n<meta property=\"og:url\" content=\"https:\/\/www.mixtuur.com\/de\/kirchenorgel\/\" \/>\n<meta property=\"og:site_name\" content=\"Mixtuur\" \/>\n<meta property=\"article:modified_time\" content=\"2022-11-14T13:25:27+00:00\" \/>\n<meta property=\"og:image\" content=\"https:\/\/www.mixtuur.com\/wordpress\/wp-content\/uploads\/2020\/09\/Electronic-church-organ.jpg\" \/>\n<meta name=\"twitter:card\" content=\"summary_large_image\" \/>\n<meta name=\"twitter:label1\" content=\"Gesch\u00e4tzte Lesezeit\" \/>\n\t<meta name=\"twitter:data1\" content=\"2\u00a0Minuten\" \/>\n<script type=\"application\/ld+json\" class=\"yoast-schema-graph\">{\"@context\":\"https:\/\/schema.org\",\"@graph\":[{\"@type\":\"WebPage\",\"@id\":\"https:\/\/www.mixtuur.com\/de\/kirchenorgel\/\",\"url\":\"https:\/\/www.mixtuur.com\/de\/kirchenorgel\/\",\"name\":\"M\u00f6chten Sie eine neue Mixtuur Kirchenorgel kaufen?\",\"isPartOf\":{\"@id\":\"https:\/\/www.mixtuur.com\/#website\"},\"primaryImageOfPage\":{\"@id\":\"https:\/\/www.mixtuur.com\/de\/kirchenorgel\/#primaryimage\"},\"image\":{\"@id\":\"https:\/\/www.mixtuur.com\/de\/kirchenorgel\/#primaryimage\"},\"thumbnailUrl\":\"https:\/\/www.mixtuur.com\/wp-content\/uploads\/2020\/09\/Electronic-church-organ.jpg\",\"datePublished\":\"2020-12-24T10:30:27+00:00\",\"dateModified\":\"2022-11-14T13:25:27+00:00\",\"description\":\"Eine Mixtuur-Kirchenorgel bietet viele M\u00f6glichkeiten in einer Kirche.\",\"breadcrumb\":{\"@id\":\"https:\/\/www.mixtuur.com\/de\/kirchenorgel\/#breadcrumb\"},\"inLanguage\":\"de\",\"potentialAction\":[{\"@type\":\"ReadAction\",\"target\":[\"https:\/\/www.mixtuur.com\/de\/kirchenorgel\/\"]}]},{\"@type\":\"ImageObject\",\"inLanguage\":\"de\",\"@id\":\"https:\/\/www.mixtuur.com\/de\/kirchenorgel\/#primaryimage\",\"url\":\"https:\/\/www.mixtuur.com\/wp-content\/uploads\/2020\/09\/Electronic-church-organ.jpg\",\"contentUrl\":\"https:\/\/www.mixtuur.com\/wp-content\/uploads\/2020\/09\/Electronic-church-organ.jpg\"},{\"@type\":\"BreadcrumbList\",\"@id\":\"https:\/\/www.mixtuur.com\/de\/kirchenorgel\/#breadcrumb\",\"itemListElement\":[{\"@type\":\"ListItem\",\"position\":1,\"name\":\"Home\",\"item\":\"https:\/\/www.mixtuur.com\/de\/\"},{\"@type\":\"ListItem\",\"position\":2,\"name\":\"Kirchenorgel\"}]},{\"@type\":\"WebSite\",\"@id\":\"https:\/\/www.mixtuur.com\/#website\",\"url\":\"https:\/\/www.mixtuur.com\/\",\"name\":\"Mixtuur\",\"description\":\"The Authentic Sound\",\"potentialAction\":[{\"@type\":\"SearchAction\",\"target\":{\"@type\":\"EntryPoint\",\"urlTemplate\":\"https:\/\/www.mixtuur.com\/?s={search_term_string}\"},\"query-input\":{\"@type\":\"PropertyValueSpecification\",\"valueRequired\":true,\"valueName\":\"search_term_string\"}}],\"inLanguage\":\"de\"}]}<\/script>\n<!-- \/ Yoast SEO plugin. -->","yoast_head_json":{"title":"M\u00f6chten Sie eine neue Mixtuur Kirchenorgel kaufen?","description":"Eine Mixtuur-Kirchenorgel bietet viele M\u00f6glichkeiten in einer Kirche.","robots":{"index":"index","follow":"follow","max-snippet":"max-snippet:-1","max-image-preview":"max-image-preview:large","max-video-preview":"max-video-preview:-1"},"canonical":"https:\/\/www.mixtuur.com\/de\/kirchenorgel\/","og_locale":"de_DE","og_type":"article","og_title":"M\u00f6chten Sie eine neue Mixtuur Kirchenorgel kaufen?","og_description":"Eine Mixtuur-Kirchenorgel bietet viele M\u00f6glichkeiten in einer Kirche.","og_url":"https:\/\/www.mixtuur.com\/de\/kirchenorgel\/","og_site_name":"Mixtuur","article_modified_time":"2022-11-14T13:25:27+00:00","og_image":[{"url":"https:\/\/www.mixtuur.com\/wordpress\/wp-content\/uploads\/2020\/09\/Electronic-church-organ.jpg","type":"","width":"","height":""}],"twitter_card":"summary_large_image","twitter_misc":{"Gesch\u00e4tzte Lesezeit":"2\u00a0Minuten"},"schema":{"@context":"https:\/\/schema.org","@graph":[{"@type":"WebPage","@id":"https:\/\/www.mixtuur.com\/de\/kirchenorgel\/","url":"https:\/\/www.mixtuur.com\/de\/kirchenorgel\/","name":"M\u00f6chten Sie eine neue Mixtuur Kirchenorgel kaufen?","isPartOf":{"@id":"https:\/\/www.mixtuur.com\/#website"},"primaryImageOfPage":{"@id":"https:\/\/www.mixtuur.com\/de\/kirchenorgel\/#primaryimage"},"image":{"@id":"https:\/\/www.mixtuur.com\/de\/kirchenorgel\/#primaryimage"},"thumbnailUrl":"https:\/\/www.mixtuur.com\/wp-content\/uploads\/2020\/09\/Electronic-church-organ.jpg","datePublished":"2020-12-24T10:30:27+00:00","dateModified":"2022-11-14T13:25:27+00:00","description":"Eine Mixtuur-Kirchenorgel bietet viele M\u00f6glichkeiten in einer Kirche.","breadcrumb":{"@id":"https:\/\/www.mixtuur.com\/de\/kirchenorgel\/#breadcrumb"},"inLanguage":"de","potentialAction":[{"@type":"ReadAction","target":["https:\/\/www.mixtuur.com\/de\/kirchenorgel\/"]}]},{"@type":"ImageObject","inLanguage":"de","@id":"https:\/\/www.mixtuur.com\/de\/kirchenorgel\/#primaryimage","url":"https:\/\/www.mixtuur.com\/wp-content\/uploads\/2020\/09\/Electronic-church-organ.jpg","contentUrl":"https:\/\/www.mixtuur.com\/wp-content\/uploads\/2020\/09\/Electronic-church-organ.jpg"},{"@type":"BreadcrumbList","@id":"https:\/\/www.mixtuur.com\/de\/kirchenorgel\/#breadcrumb","itemListElement":[{"@type":"ListItem","position":1,"name":"Home","item":"https:\/\/www.mixtuur.com\/de\/"},{"@type":"ListItem","position":2,"name":"Kirchenorgel"}]},{"@type":"WebSite","@id":"https:\/\/www.mixtuur.com\/#website","url":"https:\/\/www.mixtuur.com\/","name":"Mixtuur","description":"The Authentic Sound","potentialAction":[{"@type":"SearchAction","target":{"@type":"EntryPoint","urlTemplate":"https:\/\/www.mixtuur.com\/?s={search_term_string}"},"query-input":{"@type":"PropertyValueSpecification","valueRequired":true,"valueName":"search_term_string"}}],"inLanguage":"de"}]}},"_links":{"self":[{"href":"https:\/\/www.mixtuur.com\/de\/wp-json\/wp\/v2\/pages\/9074","targetHints":{"allow":["GET"]}}],"collection":[{"href":"https:\/\/www.mixtuur.com\/de\/wp-json\/wp\/v2\/pages"}],"about":[{"href":"https:\/\/www.mixtuur.com\/de\/wp-json\/wp\/v2\/types\/page"}],"author":[{"embeddable":true,"href":"https:\/\/www.mixtuur.com\/de\/wp-json\/wp\/v2\/users\/17"}],"replies":[{"embeddable":true,"href":"https:\/\/www.mixtuur.com\/de\/wp-json\/wp\/v2\/comments?post=9074"}],"version-history":[{"count":5,"href":"https:\/\/www.mixtuur.com\/de\/wp-json\/wp\/v2\/pages\/9074\/revisions"}],"predecessor-version":[{"id":12803,"href":"https:\/\/www.mixtuur.com\/de\/wp-json\/wp\/v2\/pages\/9074\/revisions\/12803"}],"wp:attachment":[{"href":"https:\/\/www.mixtuur.com\/de\/wp-json\/wp\/v2\/media?parent=9074"}],"curies":[{"name":"wp","href":"https:\/\/api.w.org\/{rel}","templated":true}]}}