{"id":2999,"date":"2018-01-23T10:47:30","date_gmt":"2018-01-23T09:47:30","guid":{"rendered":"https:\/\/www.mixtuur.com\/?page_id=2999"},"modified":"2022-11-15T11:53:17","modified_gmt":"2022-11-15T10:53:17","slug":"ueber-mixtuur","status":"publish","type":"page","link":"https:\/\/www.mixtuur.com\/de\/ueber-mixtuur\/","title":{"rendered":"\u00dcber Mixtuur"},"content":{"rendered":"\n<style type=\"text\/css\" data-created_by=\"avia_inline_auto\" id=\"style-css-av-av_section-1397895aafc1da7b0ead1d6cfd1dd0dc\">\n.avia-section.av-av_section-1397895aafc1da7b0ead1d6cfd1dd0dc .av-parallax .av-parallax-inner{\nbackground-repeat:no-repeat;\nbackground-image:url(https:\/\/www.mixtuur.com\/wp-content\/uploads\/2015\/10\/binnen-stad-klundert-v2.jpg);\nbackground-position:50% 100%;\nbackground-attachment:scroll;\n}\n<\/style>\n<div id='av_section_1'  class='avia-section av-av_section-1397895aafc1da7b0ead1d6cfd1dd0dc main_color avia-section-default avia-no-border-styling  avia-builder-el-0  el_before_av_section  avia-builder-el-first  avia-full-stretch av-parallax-section avia-bg-style-parallax av-minimum-height av-minimum-height-75 av-height-75  container_wrap fullsize'  data-section-bg-repeat='stretch' data-av_minimum_height_pc='75' data-av_min_height_opt='75'><div class='av-parallax' data-avia-parallax-ratio='0.3' ><div class='av-parallax-inner main_color avia-full-stretch'><\/div><\/div><div class='container av-section-cont-open' ><main  role=\"main\" itemprop=\"mainContentOfPage\"  class='template-page content  av-content-full alpha units'><div class='post-entry post-entry-type-page post-entry-2999'><div class='entry-content-wrapper clearfix'>\n<\/div><\/div><\/main><!-- close content main element --><\/div><\/div>\n<style type=\"text\/css\" data-created_by=\"avia_inline_auto\" id=\"style-css-av-av_section-49a7ab6e73f188281249c788ebc45f66\">\n.avia-section.av-av_section-49a7ab6e73f188281249c788ebc45f66{\nbackground-color:#ffffff;\nbackground-image:unset;\n}\n<\/style>\n<div id='av_section_2'  class='avia-section av-av_section-49a7ab6e73f188281249c788ebc45f66 main_color avia-section-no-padding avia-no-border-styling  avia-builder-el-1  el_after_av_section  el_before_av_section  avia-bg-style-scroll container_wrap fullsize'  ><div class='container av-section-cont-open' ><div class='template-page content  av-content-full alpha units'><div class='post-entry post-entry-type-page post-entry-2999'><div class='entry-content-wrapper clearfix'>\n<div class='flex_column_table av-av_one_full-752e2415dc529e004a9611d18d9623e6 sc-av_one_full av-equal-height-column-flextable'>\n<style type=\"text\/css\" data-created_by=\"avia_inline_auto\" id=\"style-css-av-av_one_full-752e2415dc529e004a9611d18d9623e6\">\n#top .flex_column_table.av-equal-height-column-flextable.av-av_one_full-752e2415dc529e004a9611d18d9623e6{\nmargin-top:-120px;\nmargin-bottom:0;\n}\n.flex_column.av-av_one_full-752e2415dc529e004a9611d18d9623e6{\nborder-radius:0px 0px 0px 0px;\npadding:3% 5% 2% 5%;\nbackground-color:#ffffff;\n}\n<\/style>\n<div  class='flex_column av-av_one_full-752e2415dc529e004a9611d18d9623e6 av_one_full  avia-builder-el-2  avia-builder-el-no-sibling  first no_margin flex_column_table_cell av-equal-height-column av-align-top  '     ><p>\n<style type=\"text\/css\" data-created_by=\"avia_inline_auto\" id=\"style-css-av-av_heading-da97e86185e3ae08565ef7686dd29682\">\n#top .av-special-heading.av-av_heading-da97e86185e3ae08565ef7686dd29682{\npadding-bottom:20px;\nfont-size:45px;\n}\nbody .av-special-heading.av-av_heading-da97e86185e3ae08565ef7686dd29682 .av-special-heading-tag .heading-char{\nfont-size:25px;\n}\n#top #wrap_all .av-special-heading.av-av_heading-da97e86185e3ae08565ef7686dd29682 .av-special-heading-tag{\nfont-size:45px;\n}\n.av-special-heading.av-av_heading-da97e86185e3ae08565ef7686dd29682 .av-subheading{\nfont-size:15px;\n}\n\n@media only screen and (min-width: 480px) and (max-width: 767px){ \n#top #wrap_all .av-special-heading.av-av_heading-da97e86185e3ae08565ef7686dd29682 .av-special-heading-tag{\nfont-size:0.8em;\n}\n}\n\n@media only screen and (max-width: 479px){ \n#top #wrap_all .av-special-heading.av-av_heading-da97e86185e3ae08565ef7686dd29682 .av-special-heading-tag{\nfont-size:0.8em;\n}\n}\n<\/style>\n<div  class='av-special-heading av-av_heading-da97e86185e3ae08565ef7686dd29682 av-special-heading-h2 blockquote modern-quote  avia-builder-el-3  el_before_av_textblock  avia-builder-el-first  av-inherit-size'><h2 class='av-special-heading-tag '  itemprop=\"headline\"  >Mixtuur macht Hauptwerk f\u00fcr jeden spielbar<\/h2><div class=\"special-heading-border\"><div class=\"special-heading-inner-border\"><\/div><\/div><\/div><br \/>\n<section  class='av_textblock_section av-av_textblock-2de302bf1aa3cf4c9157dbe6f50ac7eb '   itemscope=\"itemscope\" itemtype=\"https:\/\/schema.org\/CreativeWork\" ><div class='avia_textblock'  itemprop=\"text\" ><h5>Mixtuur Orgels gilt bereits seit Jahren als eine Autorit\u00e4t auf den Gebieten Hauptwerk\u2122, Audiotechnik und MIDI-Konsolen. Bereits bei der Einf\u00fchrung von Hauptwerk\u2122 in den Niederlanden war Mixtuur Orgels mit dabei. Mit einer Produktionshalle in Veenendaal und einem Ausstellungsraum in Klundert in der fr\u00fcheren Kirche St. Johannes der T\u00e4ufer ist Mixtuur Orgels seit 2007 ein offizieller Hauptwerk\u2122-Anbieter f\u00fcr die Benelux-L\u00e4nder.<\/h5>\n<\/div><\/section><br \/>\n\n<style type=\"text\/css\" data-created_by=\"avia_inline_auto\" id=\"style-css-av-av_hr-4136b194a515696ec1b83f8a36a8fa07\">\n#top .hr.hr-invisible.av-av_hr-4136b194a515696ec1b83f8a36a8fa07{\nheight:25px;\n}\n<\/style>\n<div  class='hr av-av_hr-4136b194a515696ec1b83f8a36a8fa07 hr-invisible  avia-builder-el-5  el_after_av_textblock  avia-builder-el-last '><span class='hr-inner '><span class=\"hr-inner-style\"><\/span><\/span><\/div><\/p><\/div><\/div><!--close column table wrapper. Autoclose: 1 --><\/div><\/div><\/div><!-- close content main div --><\/div><\/div><div id='av_section_3'  class='avia-section av-av_section-620aea389d0ed6c1ea0c71550e4d4b13 main_color avia-section-no-padding avia-no-border-styling  avia-builder-el-6  el_after_av_section  el_before_av_section  avia-bg-style-scroll container_wrap fullsize'  ><div class='container av-section-cont-open' ><div class='template-page content  av-content-full alpha units'><div class='post-entry post-entry-type-page post-entry-2999'><div class='entry-content-wrapper clearfix'>\n<div class='flex_column_table av-av_one_half-a4803f6937c79e48c661a51aba817a40 sc-av_one_half av-equal-height-column-flextable'>\n<style type=\"text\/css\" data-created_by=\"avia_inline_auto\" id=\"style-css-av-av_one_half-a4803f6937c79e48c661a51aba817a40\">\n.flex_column.av-av_one_half-a4803f6937c79e48c661a51aba817a40{\nborder-radius:0px 0px 0px 0px;\npadding:0px 0 3% 5%;\n}\n<\/style>\n<div  class='flex_column av-av_one_half-a4803f6937c79e48c661a51aba817a40 av_one_half  avia-builder-el-7  el_before_av_one_half  avia-builder-el-first  first flex_column_table_cell av-equal-height-column av-align-middle avia-full-stretch  '     ><style type=\"text\/css\" data-created_by=\"avia_inline_auto\" id=\"style-css-av-av_image-2b717e765c2c1c329f6b64575eec018e\">\n.avia-image-container.av-av_image-2b717e765c2c1c329f6b64575eec018e img.avia_image{\nbox-shadow:none;\n}\n.avia-image-container.av-av_image-2b717e765c2c1c329f6b64575eec018e .av-image-caption-overlay-center{\ncolor:#ffffff;\n}\n<\/style>\n<div  class='avia-image-container av-av_image-2b717e765c2c1c329f6b64575eec018e av-styling- avia-align-center  avia-builder-el-8  avia-builder-el-no-sibling '   itemprop=\"image\" itemscope=\"itemscope\" itemtype=\"https:\/\/schema.org\/ImageObject\" ><div class=\"avia-image-container-inner\"><div class=\"avia-image-overlay-wrap\"><img decoding=\"async\" fetchpriority=\"high\" class='wp-image-17953 avia-img-lazy-loading-not-17953 avia_image ' src=\"https:\/\/www.mixtuur.com\/wp-content\/uploads\/2015\/10\/MG_9016.jpg\" alt='' title='_MG_9016'  height=\"2058\" width=\"1800\"  itemprop=\"thumbnailUrl\" srcset=\"https:\/\/www.mixtuur.com\/wp-content\/uploads\/2015\/10\/MG_9016.jpg 1800w, https:\/\/www.mixtuur.com\/wp-content\/uploads\/2015\/10\/MG_9016-262x300.jpg 262w, https:\/\/www.mixtuur.com\/wp-content\/uploads\/2015\/10\/MG_9016-768x878.jpg 768w, https:\/\/www.mixtuur.com\/wp-content\/uploads\/2015\/10\/MG_9016-901x1030.jpg 901w, https:\/\/www.mixtuur.com\/wp-content\/uploads\/2015\/10\/MG_9016-1312x1500.jpg 1312w, https:\/\/www.mixtuur.com\/wp-content\/uploads\/2015\/10\/MG_9016-617x705.jpg 617w, https:\/\/www.mixtuur.com\/wp-content\/uploads\/2015\/10\/MG_9016-450x515.jpg 450w\" sizes=\"(max-width: 1800px) 100vw, 1800px\" \/><\/div><\/div><\/div><\/div><div class='av-flex-placeholder'><\/div>\n<style type=\"text\/css\" data-created_by=\"avia_inline_auto\" id=\"style-css-av-av_one_half-eaa079bc8e8a01fcc6a46197b459d70d\">\n.flex_column.av-av_one_half-eaa079bc8e8a01fcc6a46197b459d70d{\nborder-radius:0px 0px 0px 0px;\npadding:0 5% 3% 0;\n}\n<\/style>\n<div  class='flex_column av-av_one_half-eaa079bc8e8a01fcc6a46197b459d70d av_one_half  avia-builder-el-9  el_after_av_one_half  avia-builder-el-last  flex_column_table_cell av-equal-height-column av-align-middle  '     ><section  class='av_textblock_section av-av_textblock-2de302bf1aa3cf4c9157dbe6f50ac7eb '   itemscope=\"itemscope\" itemtype=\"https:\/\/schema.org\/CreativeWork\" ><div class='avia_textblock'  itemprop=\"text\" ><p><strong>Warum Mixtuur?<\/strong><i><br \/>\n<\/i>Mixtuur baut Orgeln f\u00fcr Privatkunden, Kirchen und Konzerts\u00e4le. Modelle, die von standardisierten Orgeln bis hin zu ma\u00dfgeschneiderten Instrumenten reichen. Alle Orgeln von Mixtuur werden komplett in Eigenregie entwickelt, gebaut und getestet. Mixtuur hat hierzu seine eigenen Technologien entwickelt, die nahtlos an die Software von Hauptwerk\u2122 anschlie\u00dfen. Neben den Orgeln baut Mixtuur auch s\u00e4mtliche Audiokomponenten wie Verst\u00e4rker und Lautsprecher selber. Das gew\u00e4hrleistet ein optimales Klangerlebnis, damit Sie die Orgel Ihrer Tr\u00e4ume genie\u00dfen k\u00f6nnen!<\/p>\n<\/div><\/section><\/div><\/div><!--close column table wrapper. Autoclose: 1 -->\n<\/p>\n<\/div><\/div><\/div><!-- close content main div --><\/div><\/div>\n<style type=\"text\/css\" data-created_by=\"avia_inline_auto\" id=\"style-css-av-av_section-5538c8b1cff4d8031e7bcffa04132e64\">\n.avia-section.av-av_section-5538c8b1cff4d8031e7bcffa04132e64{\nbackground-repeat:no-repeat;\nbackground-image:url(https:\/\/www.mixtuur.com\/wp-content\/uploads\/2015\/10\/foto_unit-ed.nl_097A9873-1.jpg);\nbackground-position:50% 50%;\nbackground-attachment:fixed;\n}\n.avia-section.av-av_section-5538c8b1cff4d8031e7bcffa04132e64 .av-section-color-overlay{\nopacity:0.2;\nbackground-color:#000000;\n}\n<\/style>\n<div id='av_section_4'  class='avia-section av-av_section-5538c8b1cff4d8031e7bcffa04132e64 main_color avia-section-default avia-no-border-styling  avia-builder-el-11  el_after_av_section  el_before_av_one_half  avia-full-stretch avia-bg-style-fixed av-section-color-overlay-active av-minimum-height av-minimum-height-50 av-height-50  container_wrap fullsize'  data-section-bg-repeat='stretch' data-av_minimum_height_pc='50' data-av_min_height_opt='50'><div class=\"av-section-color-overlay-wrap\"><div class=\"av-section-color-overlay\"><\/div><div class='container av-section-cont-open' ><div class='template-page content  av-content-full alpha units'><div class='post-entry post-entry-type-page post-entry-2999'><div class='entry-content-wrapper clearfix'>\n\n<style type=\"text\/css\" data-created_by=\"avia_inline_auto\" id=\"style-css-av-av_one_full-87837a1c5cfd853465bcb58bffcaaf74\">\n.flex_column.av-av_one_full-87837a1c5cfd853465bcb58bffcaaf74{\nborder-radius:0px 0px 0px 0px;\npadding:8% 8% 8% 8%;\n}\n<\/style>\n<div  class='flex_column av-av_one_full-87837a1c5cfd853465bcb58bffcaaf74 av_one_full  avia-builder-el-12  avia-builder-el-no-sibling  first flex_column_div  '     ><style type=\"text\/css\" data-created_by=\"avia_inline_auto\" id=\"style-css-av-av_heading-954675dbf12a18cea83851a653dc7b59\">\n#top .av-special-heading.av-av_heading-954675dbf12a18cea83851a653dc7b59{\npadding-bottom:10px;\ncolor:#ffffff;\nfont-size:40px;\n}\nbody .av-special-heading.av-av_heading-954675dbf12a18cea83851a653dc7b59 .av-special-heading-tag .heading-char{\nfont-size:25px;\n}\n#top #wrap_all .av-special-heading.av-av_heading-954675dbf12a18cea83851a653dc7b59 .av-special-heading-tag{\nfont-size:40px;\n}\n.av-special-heading.av-av_heading-954675dbf12a18cea83851a653dc7b59 .special-heading-inner-border{\nborder-color:#ffffff;\n}\n.av-special-heading.av-av_heading-954675dbf12a18cea83851a653dc7b59 .av-subheading{\nfont-size:15px;\n}\n\n@media only screen and (min-width: 480px) and (max-width: 767px){ \n#top #wrap_all .av-special-heading.av-av_heading-954675dbf12a18cea83851a653dc7b59 .av-special-heading-tag{\nfont-size:0.8em;\n}\n}\n\n@media only screen and (max-width: 479px){ \n#top #wrap_all .av-special-heading.av-av_heading-954675dbf12a18cea83851a653dc7b59 .av-special-heading-tag{\nfont-size:0.8em;\n}\n}\n<\/style>\n<div  class='av-special-heading av-av_heading-954675dbf12a18cea83851a653dc7b59 av-special-heading-h2 custom-color-heading blockquote modern-quote modern-centered  avia-builder-el-13  avia-builder-el-no-sibling  av-inherit-size'><h2 class='av-special-heading-tag '  itemprop=\"headline\"  >Machen Sie einen Termin aus und besuchen<br \/>\nSie unseren neuen Ausstellungsraum!<\/h2><div class=\"special-heading-border\"><div class=\"special-heading-inner-border\"><\/div><\/div><\/div><\/div>\n<\/div><\/div><\/div><!-- close content main div --><\/div><\/div><\/div><div id='after_section_4'  class='main_color av_default_container_wrap container_wrap fullsize'  ><div class='container av-section-cont-open' ><div class='template-page content  av-content-full alpha units'><div class='post-entry post-entry-type-page post-entry-2999'><div class='entry-content-wrapper clearfix'>\n\n<style type=\"text\/css\" data-created_by=\"avia_inline_auto\" id=\"style-css-av-av_one_half-0cb8d61eb247bd9ee92341765fa2b41a\">\n.flex_column.av-av_one_half-0cb8d61eb247bd9ee92341765fa2b41a{\nborder-radius:0px 0px 0px 0px;\npadding:0 5% 3% 0;\n}\n<\/style>\n<div  class='flex_column av-av_one_half-0cb8d61eb247bd9ee92341765fa2b41a av_one_half  avia-builder-el-14  el_after_av_section  el_before_av_one_half  avia-builder-el-first  first flex_column_div  '     ><section  class='av_textblock_section av-av_textblock-2de302bf1aa3cf4c9157dbe6f50ac7eb '   itemscope=\"itemscope\" itemtype=\"https:\/\/schema.org\/CreativeWork\" ><div class='avia_textblock'  itemprop=\"text\" ><p><strong>Die Mixtuur-Qualit\u00e4t<br \/>\n<\/strong>Da wir unsere Instrumente und Audiokomponenten selber bauen, k\u00f6nnen wir jedem Kunden die beste Qualit\u00e4t bieten. Qualit\u00e4t, die bei Mixtuur Orgels auch erschwinglich ist, da Sie f\u00fcr vergleichbare Audiosysteme normalerweise deutlich mehr zahlen m\u00fcssen. Au\u00dferdem k\u00f6nnen wir einen besseren Service bieten und Ihnen versichern, dass wir Ihnen jetzt und in Zukunft jederzeit behilflich sein k\u00f6nnen, da wir von anderen Marken nicht abh\u00e4ngig sind.<\/p>\n<\/div><\/section><\/div>\n\n<style type=\"text\/css\" data-created_by=\"avia_inline_auto\" id=\"style-css-av-av_one_half-c487ffc23a8fc60b0622ea630a7dfb3f\">\n.flex_column.av-av_one_half-c487ffc23a8fc60b0622ea630a7dfb3f{\nborder-radius:0px 0px 0px 0px;\npadding:0 5% 3% 0;\n}\n<\/style>\n<div  class='flex_column av-av_one_half-c487ffc23a8fc60b0622ea630a7dfb3f av_one_half  avia-builder-el-16  el_after_av_one_half  el_before_av_masonry_gallery  avia-builder-el-last  flex_column_div  '     ><section  class='av_textblock_section av-av_textblock-2de302bf1aa3cf4c9157dbe6f50ac7eb '   itemscope=\"itemscope\" itemtype=\"https:\/\/schema.org\/CreativeWork\" ><div class='avia_textblock'  itemprop=\"text\" ><p><strong>Zufriedenheit<\/strong><i><br \/>\n<\/i>Mixtuur Orgels legt Wert darauf, dass seine Kunden zufrieden sind und unbeschwert genie\u00dfen k\u00f6nnen. Deshalb verb\u00fcrgt sich Mixtuur Orgels f\u00fcr die Qualit\u00e4t seiner Instrumente und Audiokomponenten und bietet Ihnen zwei Jahre Garantie!<\/p>\n<\/div><\/section><\/div>\n\n<style type=\"text\/css\" data-created_by=\"avia_inline_auto\" id=\"style-css-av-av_masonry_gallery-9ae4d8af1abae1ebc20b10d432b16325\">\n#top .av-masonry.av-av_masonry_gallery-9ae4d8af1abae1ebc20b10d432b16325{\nbackground-color:#ffffff;\n}\n<\/style>\n<div id='av-masonry-1' class='av-masonry av-av_masonry_gallery-9ae4d8af1abae1ebc20b10d432b16325 noHover av-fixed-size av-no-gap av-hover-overlay- av-masonry-animation-active av-masonry-col-3 av-caption-always av-caption-style- av-masonry-gallery ' data-post_id=\"2999\"><div class=\"av-masonry-container isotope av-js-disabled\"><div class='av-masonry-entry isotope-item av-masonry-item-no-image '><\/div><a href=\"https:\/\/www.mixtuur.com\/wp-content\/uploads\/2022\/11\/Copyright_UNITED-3-edit-1030x687.jpg\" data-srcset=\"https:\/\/www.mixtuur.com\/wp-content\/uploads\/2022\/11\/Copyright_UNITED-3-edit-1030x687.jpg 1030w, https:\/\/www.mixtuur.com\/wp-content\/uploads\/2022\/11\/Copyright_UNITED-3-edit-300x200.jpg 300w, https:\/\/www.mixtuur.com\/wp-content\/uploads\/2022\/11\/Copyright_UNITED-3-edit-768x512.jpg 768w, https:\/\/www.mixtuur.com\/wp-content\/uploads\/2022\/11\/Copyright_UNITED-3-edit-1536x1024.jpg 1536w, https:\/\/www.mixtuur.com\/wp-content\/uploads\/2022\/11\/Copyright_UNITED-3-edit-2048x1365.jpg 2048w, https:\/\/www.mixtuur.com\/wp-content\/uploads\/2022\/11\/Copyright_UNITED-3-edit-1500x1000.jpg 1500w, https:\/\/www.mixtuur.com\/wp-content\/uploads\/2022\/11\/Copyright_UNITED-3-edit-705x470.jpg 705w, https:\/\/www.mixtuur.com\/wp-content\/uploads\/2022\/11\/Copyright_UNITED-3-edit-450x300.jpg 450w\" data-sizes=\"(max-width: 1030px) 100vw, 1030px\"  aria-label=\"Bild Copyright_UNITED&#8211;3 &#8211; edit\"  id='av-masonry-1-item-21200' data-av-masonry-item='21200' class='av-masonry-entry isotope-item post-21200 attachment type-attachment status-inherit hentry  av-masonry-item-with-image' title=\"Copyright_UNITED&#8211;3 &#8211; edit\" alt=\"\"    itemprop=\"thumbnailUrl\" ><div class='av-inner-masonry-sizer'><\/div><figure class='av-inner-masonry main_color'><div class=\"av-masonry-outerimage-container\"><div class='av-masonry-image-container' style=\"background-image: url(https:\/\/www.mixtuur.com\/wp-content\/uploads\/2022\/11\/Copyright_UNITED-3-edit-705x470.jpg);\"  title=\"Copyright_UNITED&#8211;3 &#8211; edit\" ><\/div><\/div><\/figure><\/a><!--end av-masonry entry--><a href=\"https:\/\/www.mixtuur.com\/wp-content\/uploads\/2022\/11\/Copyright_UNITED-8-1030x687.jpg\" data-srcset=\"https:\/\/www.mixtuur.com\/wp-content\/uploads\/2022\/11\/Copyright_UNITED-8-1030x687.jpg 1030w, https:\/\/www.mixtuur.com\/wp-content\/uploads\/2022\/11\/Copyright_UNITED-8-300x200.jpg 300w, https:\/\/www.mixtuur.com\/wp-content\/uploads\/2022\/11\/Copyright_UNITED-8-768x512.jpg 768w, https:\/\/www.mixtuur.com\/wp-content\/uploads\/2022\/11\/Copyright_UNITED-8-1536x1024.jpg 1536w, https:\/\/www.mixtuur.com\/wp-content\/uploads\/2022\/11\/Copyright_UNITED-8-2048x1365.jpg 2048w, https:\/\/www.mixtuur.com\/wp-content\/uploads\/2022\/11\/Copyright_UNITED-8-1500x1000.jpg 1500w, https:\/\/www.mixtuur.com\/wp-content\/uploads\/2022\/11\/Copyright_UNITED-8-705x470.jpg 705w, https:\/\/www.mixtuur.com\/wp-content\/uploads\/2022\/11\/Copyright_UNITED-8-450x300.jpg 450w\" data-sizes=\"(max-width: 1030px) 100vw, 1030px\"  aria-label=\"Bild Copyright_UNITED&#8211;8\"  id='av-masonry-1-item-21212' data-av-masonry-item='21212' class='av-masonry-entry isotope-item post-21212 attachment type-attachment status-inherit hentry  av-masonry-item-with-image' title=\"Copyright_UNITED&#8211;8\" alt=\"\"    itemprop=\"thumbnailUrl\" ><div class='av-inner-masonry-sizer'><\/div><figure class='av-inner-masonry main_color'><div class=\"av-masonry-outerimage-container\"><div class='av-masonry-image-container' style=\"background-image: url(https:\/\/www.mixtuur.com\/wp-content\/uploads\/2022\/11\/Copyright_UNITED-8-705x470.jpg);\"  title=\"Copyright_UNITED&#8211;8\" ><\/div><\/div><\/figure><\/a><!--end av-masonry entry--><a href=\"https:\/\/www.mixtuur.com\/wp-content\/uploads\/2015\/10\/showroom-V2-1030x687.jpg\" data-srcset=\"https:\/\/www.mixtuur.com\/wp-content\/uploads\/2015\/10\/showroom-V2-1030x687.jpg 1030w, https:\/\/www.mixtuur.com\/wp-content\/uploads\/2015\/10\/showroom-V2-300x200.jpg 300w, https:\/\/www.mixtuur.com\/wp-content\/uploads\/2015\/10\/showroom-V2-768x512.jpg 768w, https:\/\/www.mixtuur.com\/wp-content\/uploads\/2015\/10\/showroom-V2-1500x1000.jpg 1500w, https:\/\/www.mixtuur.com\/wp-content\/uploads\/2015\/10\/showroom-V2-705x470.jpg 705w, https:\/\/www.mixtuur.com\/wp-content\/uploads\/2015\/10\/showroom-V2-450x300.jpg 450w\" data-sizes=\"(max-width: 1030px) 100vw, 1030px\"  aria-label=\"Bild showroom-V2\"  id='av-masonry-1-item-17941' data-av-masonry-item='17941' class='av-masonry-entry isotope-item post-17941 attachment type-attachment status-inherit hentry  av-masonry-item-with-image' title=\"showroom-V2\" alt=\"\"    itemprop=\"thumbnailUrl\" ><div class='av-inner-masonry-sizer'><\/div><figure class='av-inner-masonry main_color'><div class=\"av-masonry-outerimage-container\"><div class='av-masonry-image-container' style=\"background-image: url(https:\/\/www.mixtuur.com\/wp-content\/uploads\/2015\/10\/showroom-V2-705x470.jpg);\"  title=\"showroom-V2\" ><\/div><\/div><\/figure><\/a><!--end av-masonry entry--><\/div><\/div>\n","protected":false},"excerpt":{"rendered":"","protected":false},"author":11,"featured_media":0,"parent":0,"menu_order":0,"comment_status":"closed","ping_status":"closed","template":"","meta":{"footnotes":""},"class_list":["post-2999","page","type-page","status-publish","hentry"],"yoast_head":"<!-- This site is optimized with the Yoast SEO plugin v25.5 - https:\/\/yoast.com\/wordpress\/plugins\/seo\/ -->\n<title>\u00dcber Mixtuur - Mixtuur<\/title>\n<meta name=\"robots\" content=\"index, follow, max-snippet:-1, max-image-preview:large, max-video-preview:-1\" \/>\n<link rel=\"canonical\" href=\"https:\/\/www.mixtuur.com\/over-mixtuur\/\" \/>\n<meta property=\"og:locale\" content=\"de_DE\" \/>\n<meta property=\"og:type\" content=\"article\" \/>\n<meta property=\"og:title\" content=\"\u00dcber Mixtuur - Mixtuur\" \/>\n<meta property=\"og:url\" content=\"https:\/\/www.mixtuur.com\/over-mixtuur\/\" \/>\n<meta property=\"og:site_name\" content=\"Mixtuur\" \/>\n<meta property=\"article:modified_time\" content=\"2022-11-15T10:53:17+00:00\" \/>\n<meta name=\"twitter:card\" content=\"summary_large_image\" \/>\n<meta name=\"twitter:label1\" content=\"Gesch\u00e4tzte Lesezeit\" \/>\n\t<meta name=\"twitter:data1\" content=\"7\u00a0Minuten\" \/>\n<script type=\"application\/ld+json\" class=\"yoast-schema-graph\">{\"@context\":\"https:\/\/schema.org\",\"@graph\":[{\"@type\":\"WebPage\",\"@id\":\"https:\/\/www.mixtuur.com\/over-mixtuur\/\",\"url\":\"https:\/\/www.mixtuur.com\/over-mixtuur\/\",\"name\":\"\u00dcber Mixtuur - Mixtuur\",\"isPartOf\":{\"@id\":\"https:\/\/www.mixtuur.com\/#website\"},\"datePublished\":\"2018-01-23T09:47:30+00:00\",\"dateModified\":\"2022-11-15T10:53:17+00:00\",\"breadcrumb\":{\"@id\":\"https:\/\/www.mixtuur.com\/over-mixtuur\/#breadcrumb\"},\"inLanguage\":\"de\",\"potentialAction\":[{\"@type\":\"ReadAction\",\"target\":[\"https:\/\/www.mixtuur.com\/over-mixtuur\/\"]}]},{\"@type\":\"BreadcrumbList\",\"@id\":\"https:\/\/www.mixtuur.com\/over-mixtuur\/#breadcrumb\",\"itemListElement\":[{\"@type\":\"ListItem\",\"position\":1,\"name\":\"Home\",\"item\":\"https:\/\/www.mixtuur.com\/de\/\"},{\"@type\":\"ListItem\",\"position\":2,\"name\":\"\u00dcber Mixtuur\"}]},{\"@type\":\"WebSite\",\"@id\":\"https:\/\/www.mixtuur.com\/#website\",\"url\":\"https:\/\/www.mixtuur.com\/\",\"name\":\"Mixtuur\",\"description\":\"The Authentic Sound\",\"potentialAction\":[{\"@type\":\"SearchAction\",\"target\":{\"@type\":\"EntryPoint\",\"urlTemplate\":\"https:\/\/www.mixtuur.com\/?s={search_term_string}\"},\"query-input\":{\"@type\":\"PropertyValueSpecification\",\"valueRequired\":true,\"valueName\":\"search_term_string\"}}],\"inLanguage\":\"de\"}]}<\/script>\n<!-- \/ Yoast SEO plugin. -->","yoast_head_json":{"title":"\u00dcber Mixtuur - Mixtuur","robots":{"index":"index","follow":"follow","max-snippet":"max-snippet:-1","max-image-preview":"max-image-preview:large","max-video-preview":"max-video-preview:-1"},"canonical":"https:\/\/www.mixtuur.com\/over-mixtuur\/","og_locale":"de_DE","og_type":"article","og_title":"\u00dcber Mixtuur - Mixtuur","og_url":"https:\/\/www.mixtuur.com\/over-mixtuur\/","og_site_name":"Mixtuur","article_modified_time":"2022-11-15T10:53:17+00:00","twitter_card":"summary_large_image","twitter_misc":{"Gesch\u00e4tzte Lesezeit":"7\u00a0Minuten"},"schema":{"@context":"https:\/\/schema.org","@graph":[{"@type":"WebPage","@id":"https:\/\/www.mixtuur.com\/over-mixtuur\/","url":"https:\/\/www.mixtuur.com\/over-mixtuur\/","name":"\u00dcber Mixtuur - Mixtuur","isPartOf":{"@id":"https:\/\/www.mixtuur.com\/#website"},"datePublished":"2018-01-23T09:47:30+00:00","dateModified":"2022-11-15T10:53:17+00:00","breadcrumb":{"@id":"https:\/\/www.mixtuur.com\/over-mixtuur\/#breadcrumb"},"inLanguage":"de","potentialAction":[{"@type":"ReadAction","target":["https:\/\/www.mixtuur.com\/over-mixtuur\/"]}]},{"@type":"BreadcrumbList","@id":"https:\/\/www.mixtuur.com\/over-mixtuur\/#breadcrumb","itemListElement":[{"@type":"ListItem","position":1,"name":"Home","item":"https:\/\/www.mixtuur.com\/de\/"},{"@type":"ListItem","position":2,"name":"\u00dcber Mixtuur"}]},{"@type":"WebSite","@id":"https:\/\/www.mixtuur.com\/#website","url":"https:\/\/www.mixtuur.com\/","name":"Mixtuur","description":"The Authentic Sound","potentialAction":[{"@type":"SearchAction","target":{"@type":"EntryPoint","urlTemplate":"https:\/\/www.mixtuur.com\/?s={search_term_string}"},"query-input":{"@type":"PropertyValueSpecification","valueRequired":true,"valueName":"search_term_string"}}],"inLanguage":"de"}]}},"_links":{"self":[{"href":"https:\/\/www.mixtuur.com\/de\/wp-json\/wp\/v2\/pages\/2999","targetHints":{"allow":["GET"]}}],"collection":[{"href":"https:\/\/www.mixtuur.com\/de\/wp-json\/wp\/v2\/pages"}],"about":[{"href":"https:\/\/www.mixtuur.com\/de\/wp-json\/wp\/v2\/types\/page"}],"author":[{"embeddable":true,"href":"https:\/\/www.mixtuur.com\/de\/wp-json\/wp\/v2\/users\/11"}],"replies":[{"embeddable":true,"href":"https:\/\/www.mixtuur.com\/de\/wp-json\/wp\/v2\/comments?post=2999"}],"version-history":[{"count":7,"href":"https:\/\/www.mixtuur.com\/de\/wp-json\/wp\/v2\/pages\/2999\/revisions"}],"predecessor-version":[{"id":12857,"href":"https:\/\/www.mixtuur.com\/de\/wp-json\/wp\/v2\/pages\/2999\/revisions\/12857"}],"wp:attachment":[{"href":"https:\/\/www.mixtuur.com\/de\/wp-json\/wp\/v2\/media?parent=2999"}],"curies":[{"name":"wp","href":"https:\/\/api.w.org\/{rel}","templated":true}]}}