{"id":2993,"date":"2018-01-23T10:35:22","date_gmt":"2018-01-23T09:35:22","guid":{"rendered":"https:\/\/www.mixtuur.com\/?page_id=2993"},"modified":"2026-03-11T13:49:46","modified_gmt":"2026-03-11T12:49:46","slug":"broschuere-seite","status":"publish","type":"page","link":"https:\/\/www.mixtuur.com\/de\/broschuere-seite\/","title":{"rendered":"Brosch\u00fcre Seite"},"content":{"rendered":"<div id='av_section_1'  class='avia-section av-av_section-2283ffe632d61f9f6404ab7ebb2a7976 main_color avia-section-default avia-no-border-styling  avia-builder-el-0  avia-builder-el-no-sibling  avia-bg-style-scroll av-minimum-height av-minimum-height-25 av-height-25  container_wrap fullsize'   data-av_minimum_height_pc='25' data-av_min_height_opt='25'><div class='container av-section-cont-open' ><main  role=\"main\" itemprop=\"mainContentOfPage\"  class='template-page content  av-content-full alpha units'><div class='post-entry post-entry-type-page post-entry-2993'><div class='entry-content-wrapper clearfix'>\n<div  class='flex_column av-av_one_half-fb39df764c461b2c993a82a88a5e3147 av_one_half  avia-builder-el-1  el_before_av_one_half  avia-builder-el-first  first flex_column_div  '     ><p>\n<style type=\"text\/css\" data-created_by=\"avia_inline_auto\" id=\"style-css-av-mmm1cxy2-9561b41b14f2c3d0e51e0235363a591f\">\n#top .av-special-heading.av-mmm1cxy2-9561b41b14f2c3d0e51e0235363a591f{\npadding-bottom:20px;\nfont-size:45px;\n}\nbody .av-special-heading.av-mmm1cxy2-9561b41b14f2c3d0e51e0235363a591f .av-special-heading-tag .heading-char{\nfont-size:25px;\n}\n#top #wrap_all .av-special-heading.av-mmm1cxy2-9561b41b14f2c3d0e51e0235363a591f .av-special-heading-tag{\nfont-size:45px;\n}\n.av-special-heading.av-mmm1cxy2-9561b41b14f2c3d0e51e0235363a591f .av-subheading{\nfont-size:15px;\n}\n\n@media only screen and (min-width: 480px) and (max-width: 767px){ \n#top #wrap_all .av-special-heading.av-mmm1cxy2-9561b41b14f2c3d0e51e0235363a591f .av-special-heading-tag{\nfont-size:0.8em;\n}\n}\n\n@media only screen and (max-width: 479px){ \n#top #wrap_all .av-special-heading.av-mmm1cxy2-9561b41b14f2c3d0e51e0235363a591f .av-special-heading-tag{\nfont-size:0.8em;\n}\n}\n<\/style>\n<div  class='av-special-heading av-mmm1cxy2-9561b41b14f2c3d0e51e0235363a591f av-special-heading-h2 blockquote modern-quote  avia-builder-el-2  el_before_av_textblock  avia-builder-el-first  av-inherit-size'><h2 class='av-special-heading-tag '  itemprop=\"headline\"  >Vielen Dank f\u00fcr Ihre Anfrage unserer Brosch\u00fcre<\/h2><div class=\"special-heading-border\"><div class=\"special-heading-inner-border\"><\/div><\/div><\/div><br \/>\n<section  class='av_textblock_section av-mmm1d58g-f9c8a43e6667de4ecfe3d1dfa66a55b3 '   itemscope=\"itemscope\" itemtype=\"https:\/\/schema.org\/CreativeWork\" ><div class='avia_textblock'  itemprop=\"text\" ><p>M\u00f6chten Sie mehr \u00fcber Mixtuur, unsere Orgelmodelle und unsere H\u00e4ndler erfahren? Sehen Sie sich hier unsere englische digitale Brosch\u00fcre an.<\/p>\n<\/div><\/section><br \/>\n<div  class='avia-button-wrap av-mmm1dcgl-178d2d9dc0e3421a8d7e0e40a06107ec-wrap avia-button-left  avia-builder-el-4  el_after_av_textblock  avia-builder-el-last '><a href='https:\/\/www.mixtuur.com\/wp-content\/uploads\/2025\/04\/Mixtuur-Magazine-2025_ENG-comp.pdf'  class='avia-button av-mmm1dcgl-178d2d9dc0e3421a8d7e0e40a06107ec av-link-btn avia-icon_select-no avia-size-medium avia-position-left avia-color-theme-color'  target=\"_blank\"  rel=\"noopener noreferrer\"  aria-label=\"Brosch\u00fcre ansehen\"><span class='avia_iconbox_title' >Brosch\u00fcre ansehen<\/span><\/a><\/div><\/p><\/div>\n<style type=\"text\/css\" data-created_by=\"avia_inline_auto\" id=\"style-css-av-av_one_half-10c14f8f8343d08dbc48a8d5c4587255\">\n.flex_column.av-av_one_half-10c14f8f8343d08dbc48a8d5c4587255{\nborder-radius:0px 0px 0px 0px;\npadding:0px 0px 30px 0px;\n}\n<\/style>\n<div  class='flex_column av-av_one_half-10c14f8f8343d08dbc48a8d5c4587255 av_one_half  avia-builder-el-5  el_after_av_one_half  avia-builder-el-last  flex_column_div  '     ><style type=\"text\/css\" data-created_by=\"avia_inline_auto\" id=\"style-css-av-av_image-cee49fd87155eaaecf56df4ef9fcc77a\">\n.avia-image-container.av-av_image-cee49fd87155eaaecf56df4ef9fcc77a img.avia_image{\nbox-shadow:none;\n}\n.avia-image-container.av-av_image-cee49fd87155eaaecf56df4ef9fcc77a .av-image-caption-overlay-center{\ncolor:#ffffff;\n}\n<\/style>\n<div  class='avia-image-container av-av_image-cee49fd87155eaaecf56df4ef9fcc77a av-styling- av-img-linked avia-align-center  avia-builder-el-6  avia-builder-el-no-sibling '   itemprop=\"image\" itemscope=\"itemscope\" itemtype=\"https:\/\/schema.org\/ImageObject\" ><div class=\"avia-image-container-inner\"><div class=\"avia-image-overlay-wrap\"><a href=\"https:\/\/www.mixtuur.com\/wp-content\/uploads\/2025\/01\/Mixtuur-Catalogus-digitaal.pdf\" class='avia_image '  target=\"_blank\"  rel=\"noopener noreferrer\" aria-label='Mockup Catalogus 2025 ENG'><img decoding=\"async\" fetchpriority=\"high\" class='wp-image-24194 avia-img-lazy-loading-not-24194 avia_image ' src=\"https:\/\/www.mixtuur.com\/wp-content\/uploads\/2025\/04\/Mockup-Catalogus-2025-ENG.png\" alt='' title='Mockup Catalogus 2025 ENG'  height=\"798\" width=\"1200\"  itemprop=\"thumbnailUrl\" srcset=\"https:\/\/www.mixtuur.com\/wp-content\/uploads\/2025\/04\/Mockup-Catalogus-2025-ENG.png 1200w, https:\/\/www.mixtuur.com\/wp-content\/uploads\/2025\/04\/Mockup-Catalogus-2025-ENG-300x200.png 300w, https:\/\/www.mixtuur.com\/wp-content\/uploads\/2025\/04\/Mockup-Catalogus-2025-ENG-1030x685.png 1030w, https:\/\/www.mixtuur.com\/wp-content\/uploads\/2025\/04\/Mockup-Catalogus-2025-ENG-768x511.png 768w, https:\/\/www.mixtuur.com\/wp-content\/uploads\/2025\/04\/Mockup-Catalogus-2025-ENG-705x469.png 705w\" sizes=\"(max-width: 1200px) 100vw, 1200px\" \/><\/a><\/div><\/div><\/div><\/div>\n","protected":false},"excerpt":{"rendered":"","protected":false},"author":11,"featured_media":0,"parent":0,"menu_order":0,"comment_status":"closed","ping_status":"closed","template":"","meta":{"footnotes":""},"class_list":["post-2993","page","type-page","status-publish","hentry"],"yoast_head":"<!-- This site is optimized with the Yoast SEO plugin v25.5 - https:\/\/yoast.com\/wordpress\/plugins\/seo\/ -->\n<title>Brosch\u00fcre Seite - Mixtuur<\/title>\n<meta name=\"robots\" content=\"noindex, follow\" \/>\n<meta property=\"og:locale\" content=\"de_DE\" \/>\n<meta property=\"og:type\" content=\"article\" \/>\n<meta property=\"og:title\" content=\"Brosch\u00fcre Seite - Mixtuur\" \/>\n<meta property=\"og:url\" content=\"https:\/\/www.mixtuur.com\/de\/broschuere-seite\/\" \/>\n<meta property=\"og:site_name\" content=\"Mixtuur\" \/>\n<meta property=\"article:modified_time\" content=\"2026-03-11T12:49:46+00:00\" \/>\n<meta name=\"twitter:card\" content=\"summary_large_image\" \/>\n<meta name=\"twitter:label1\" content=\"Gesch\u00e4tzte Lesezeit\" \/>\n\t<meta name=\"twitter:data1\" content=\"1\u00a0Minute\" \/>\n<script type=\"application\/ld+json\" class=\"yoast-schema-graph\">{\"@context\":\"https:\/\/schema.org\",\"@graph\":[{\"@type\":\"WebPage\",\"@id\":\"https:\/\/www.mixtuur.com\/de\/broschuere-seite\/\",\"url\":\"https:\/\/www.mixtuur.com\/de\/broschuere-seite\/\",\"name\":\"Brosch\u00fcre Seite - Mixtuur\",\"isPartOf\":{\"@id\":\"https:\/\/www.mixtuur.com\/#website\"},\"datePublished\":\"2018-01-23T09:35:22+00:00\",\"dateModified\":\"2026-03-11T12:49:46+00:00\",\"breadcrumb\":{\"@id\":\"https:\/\/www.mixtuur.com\/de\/broschuere-seite\/#breadcrumb\"},\"inLanguage\":\"de\",\"potentialAction\":[{\"@type\":\"ReadAction\",\"target\":[\"https:\/\/www.mixtuur.com\/de\/broschuere-seite\/\"]}]},{\"@type\":\"BreadcrumbList\",\"@id\":\"https:\/\/www.mixtuur.com\/de\/broschuere-seite\/#breadcrumb\",\"itemListElement\":[{\"@type\":\"ListItem\",\"position\":1,\"name\":\"Home\",\"item\":\"https:\/\/www.mixtuur.com\/de\/\"},{\"@type\":\"ListItem\",\"position\":2,\"name\":\"Brosch\u00fcre Seite\"}]},{\"@type\":\"WebSite\",\"@id\":\"https:\/\/www.mixtuur.com\/#website\",\"url\":\"https:\/\/www.mixtuur.com\/\",\"name\":\"Mixtuur\",\"description\":\"The Authentic Sound\",\"potentialAction\":[{\"@type\":\"SearchAction\",\"target\":{\"@type\":\"EntryPoint\",\"urlTemplate\":\"https:\/\/www.mixtuur.com\/?s={search_term_string}\"},\"query-input\":{\"@type\":\"PropertyValueSpecification\",\"valueRequired\":true,\"valueName\":\"search_term_string\"}}],\"inLanguage\":\"de\"}]}<\/script>\n<!-- \/ Yoast SEO plugin. -->","yoast_head_json":{"title":"Brosch\u00fcre Seite - Mixtuur","robots":{"index":"noindex","follow":"follow"},"og_locale":"de_DE","og_type":"article","og_title":"Brosch\u00fcre Seite - Mixtuur","og_url":"https:\/\/www.mixtuur.com\/de\/broschuere-seite\/","og_site_name":"Mixtuur","article_modified_time":"2026-03-11T12:49:46+00:00","twitter_card":"summary_large_image","twitter_misc":{"Gesch\u00e4tzte Lesezeit":"1\u00a0Minute"},"schema":{"@context":"https:\/\/schema.org","@graph":[{"@type":"WebPage","@id":"https:\/\/www.mixtuur.com\/de\/broschuere-seite\/","url":"https:\/\/www.mixtuur.com\/de\/broschuere-seite\/","name":"Brosch\u00fcre Seite - Mixtuur","isPartOf":{"@id":"https:\/\/www.mixtuur.com\/#website"},"datePublished":"2018-01-23T09:35:22+00:00","dateModified":"2026-03-11T12:49:46+00:00","breadcrumb":{"@id":"https:\/\/www.mixtuur.com\/de\/broschuere-seite\/#breadcrumb"},"inLanguage":"de","potentialAction":[{"@type":"ReadAction","target":["https:\/\/www.mixtuur.com\/de\/broschuere-seite\/"]}]},{"@type":"BreadcrumbList","@id":"https:\/\/www.mixtuur.com\/de\/broschuere-seite\/#breadcrumb","itemListElement":[{"@type":"ListItem","position":1,"name":"Home","item":"https:\/\/www.mixtuur.com\/de\/"},{"@type":"ListItem","position":2,"name":"Brosch\u00fcre Seite"}]},{"@type":"WebSite","@id":"https:\/\/www.mixtuur.com\/#website","url":"https:\/\/www.mixtuur.com\/","name":"Mixtuur","description":"The Authentic Sound","potentialAction":[{"@type":"SearchAction","target":{"@type":"EntryPoint","urlTemplate":"https:\/\/www.mixtuur.com\/?s={search_term_string}"},"query-input":{"@type":"PropertyValueSpecification","valueRequired":true,"valueName":"search_term_string"}}],"inLanguage":"de"}]}},"_links":{"self":[{"href":"https:\/\/www.mixtuur.com\/de\/wp-json\/wp\/v2\/pages\/2993","targetHints":{"allow":["GET"]}}],"collection":[{"href":"https:\/\/www.mixtuur.com\/de\/wp-json\/wp\/v2\/pages"}],"about":[{"href":"https:\/\/www.mixtuur.com\/de\/wp-json\/wp\/v2\/types\/page"}],"author":[{"embeddable":true,"href":"https:\/\/www.mixtuur.com\/de\/wp-json\/wp\/v2\/users\/11"}],"replies":[{"embeddable":true,"href":"https:\/\/www.mixtuur.com\/de\/wp-json\/wp\/v2\/comments?post=2993"}],"version-history":[{"count":6,"href":"https:\/\/www.mixtuur.com\/de\/wp-json\/wp\/v2\/pages\/2993\/revisions"}],"predecessor-version":[{"id":25602,"href":"https:\/\/www.mixtuur.com\/de\/wp-json\/wp\/v2\/pages\/2993\/revisions\/25602"}],"wp:attachment":[{"href":"https:\/\/www.mixtuur.com\/de\/wp-json\/wp\/v2\/media?parent=2993"}],"curies":[{"name":"wp","href":"https:\/\/api.w.org\/{rel}","templated":true}]}}