{"id":2986,"date":"2017-11-30T13:03:56","date_gmt":"2017-11-30T12:03:56","guid":{"rendered":"https:\/\/www.mixtuur.com\/brochure-aanvragen\/"},"modified":"2022-03-22T09:54:35","modified_gmt":"2022-03-22T08:54:35","slug":"broschuere-anfordern","status":"publish","type":"page","link":"https:\/\/www.mixtuur.com\/de\/broschuere-anfordern\/","title":{"rendered":"Brosch\u00fcre anfordern"},"content":{"rendered":"<h1>EINE BROSCH\u00dcRE ANFORDERN?<\/h1>\n<p>M\u00f6chten Sie die Mixtuur-Brosch\u00fcren erhalten? Geben Sie unten Ihre Adressdaten ein und Sie erhalten die Brosch\u00fcren direkt in Ihren Posteingang.<\/p>\n\n<div class=\"wpcf7 no-js\" id=\"wpcf7-f2990-o1\" lang=\"nl-NL\" dir=\"ltr\" data-wpcf7-id=\"2990\">\n<div class=\"screen-reader-response\"><p role=\"status\" aria-live=\"polite\" aria-atomic=\"true\"><\/p> <ul><\/ul><\/div>\n<form action=\"\/de\/wp-json\/wp\/v2\/pages\/2986#wpcf7-f2990-o1\" method=\"post\" class=\"wpcf7-form init\" aria-label=\"Contactformulier\" novalidate=\"novalidate\" data-status=\"init\">\n<fieldset class=\"hidden-fields-container\"><input type=\"hidden\" name=\"_wpcf7\" value=\"2990\" \/><input type=\"hidden\" name=\"_wpcf7_version\" value=\"6.1.5\" \/><input type=\"hidden\" name=\"_wpcf7_locale\" value=\"nl_NL\" \/><input type=\"hidden\" name=\"_wpcf7_unit_tag\" value=\"wpcf7-f2990-o1\" \/><input type=\"hidden\" name=\"_wpcf7_container_post\" value=\"0\" \/><input type=\"hidden\" name=\"_wpcf7_posted_data_hash\" value=\"\" \/><input type=\"hidden\" name=\"_wpcf7_recaptcha_response\" value=\"\" \/>\n<\/fieldset>\n<p><label> Begr\u00fc\u00dfung<br \/>\n<span class=\"wpcf7-form-control-wrap\" data-name=\"menu-229\"><select class=\"wpcf7-form-control wpcf7-select wpcf7-validates-as-required\" aria-required=\"true\" aria-invalid=\"false\" name=\"menu-229\"><option value=\"\">&#8212;Kies een optie&#8212;<\/option><option value=\"Herr\">Herr<\/option><option value=\"Frau\">Frau<\/option><\/select><\/span> <\/label><br \/>\n<label> Vorname*<br \/>\n<span class=\"wpcf7-form-control-wrap\" data-name=\"voornaam\"><input size=\"40\" maxlength=\"400\" class=\"wpcf7-form-control wpcf7-text wpcf7-validates-as-required\" aria-required=\"true\" aria-invalid=\"false\" value=\"\" type=\"text\" name=\"voornaam\" \/><\/span> <\/label>\n<\/p>\n<p><label> Nachname*<br \/>\n<span class=\"wpcf7-form-control-wrap\" data-name=\"achternaam\"><input size=\"40\" maxlength=\"400\" class=\"wpcf7-form-control wpcf7-text wpcf7-validates-as-required\" aria-required=\"true\" aria-invalid=\"false\" value=\"\" type=\"text\" name=\"achternaam\" \/><\/span> <\/label>\n<\/p>\n<p><label> Stra\u00dfe*<br \/>\n<span class=\"wpcf7-form-control-wrap\" data-name=\"adres\"><input size=\"40\" maxlength=\"400\" class=\"wpcf7-form-control wpcf7-text wpcf7-validates-as-required\" aria-required=\"true\" aria-invalid=\"false\" value=\"\" type=\"text\" name=\"adres\" \/><\/span> <\/label>\n<\/p>\n<p><label> Hausnummer*<br \/>\n<span class=\"wpcf7-form-control-wrap\" data-name=\"huisnummer\"><input size=\"40\" maxlength=\"400\" class=\"wpcf7-form-control wpcf7-text wpcf7-validates-as-required\" aria-required=\"true\" aria-invalid=\"false\" value=\"\" type=\"text\" name=\"huisnummer\" \/><\/span> <\/label>\n<\/p>\n<p><label> PLZ*<br \/>\n<span class=\"wpcf7-form-control-wrap\" data-name=\"postcode\"><input size=\"40\" maxlength=\"400\" class=\"wpcf7-form-control wpcf7-text wpcf7-validates-as-required\" aria-required=\"true\" aria-invalid=\"false\" value=\"\" type=\"text\" name=\"postcode\" \/><\/span> <\/label>\n<\/p>\n<p><label> Ort*<br \/>\n<span class=\"wpcf7-form-control-wrap\" data-name=\"plaats\"><input size=\"40\" maxlength=\"400\" class=\"wpcf7-form-control wpcf7-text wpcf7-validates-as-required\" aria-required=\"true\" aria-invalid=\"false\" value=\"\" type=\"text\" name=\"plaats\" \/><\/span> <\/label>\n<\/p>\n<p><label> Land*<br \/>\n<span class=\"wpcf7-form-control-wrap\" data-name=\"land\"><input size=\"40\" maxlength=\"400\" class=\"wpcf7-form-control wpcf7-text wpcf7-validates-as-required\" aria-required=\"true\" aria-invalid=\"false\" value=\"Deutschland\" type=\"text\" name=\"land\" \/><\/span> <\/label>\n<\/p>\n<p><label> E-Mail-Adresse* (Hier erhalten Sie die Brosch\u00fcre)<br \/>\n<span class=\"wpcf7-form-control-wrap\" data-name=\"your-email\"><input size=\"40\" maxlength=\"400\" class=\"wpcf7-form-control wpcf7-email wpcf7-validates-as-required wpcf7-text wpcf7-validates-as-email\" aria-required=\"true\" aria-invalid=\"false\" value=\"\" type=\"email\" name=\"your-email\" \/><\/span> <\/label>\n<\/p>\n<p><label> Telefonnummer<br \/>\n<span class=\"wpcf7-form-control-wrap\" data-name=\"tel-251\"><input size=\"40\" maxlength=\"400\" class=\"wpcf7-form-control wpcf7-tel wpcf7-text wpcf7-validates-as-tel\" aria-invalid=\"false\" value=\"\" type=\"tel\" name=\"tel-251\" \/><\/span> <\/label>\n<\/p>\n<p>Ich bin interessiert an:<br \/>\n<span class=\"wpcf7-form-control-wrap\" data-name=\"checkbox-232\"><span class=\"wpcf7-form-control wpcf7-checkbox wpcf7-validates-as-required\"><span class=\"wpcf7-list-item first\"><input type=\"checkbox\" name=\"checkbox-232[]\" value=\"Intrada III Progresso\" \/><span class=\"wpcf7-list-item-label\">Intrada III Progresso<\/span><\/span><span class=\"wpcf7-list-item\"><input type=\"checkbox\" name=\"checkbox-232[]\" value=\"Fortissimo\" \/><span class=\"wpcf7-list-item-label\">Fortissimo<\/span><\/span><span class=\"wpcf7-list-item\"><input type=\"checkbox\" name=\"checkbox-232[]\" value=\"Exclusivo\" \/><span class=\"wpcf7-list-item-label\">Exclusivo<\/span><\/span><span class=\"wpcf7-list-item\"><input type=\"checkbox\" name=\"checkbox-232[]\" value=\"Positief\" \/><span class=\"wpcf7-list-item-label\">Positief<\/span><\/span><span class=\"wpcf7-list-item\"><input type=\"checkbox\" name=\"checkbox-232[]\" value=\"Kabinet Exclusief\" \/><span class=\"wpcf7-list-item-label\">Kabinet Exclusief<\/span><\/span><span class=\"wpcf7-list-item\"><input type=\"checkbox\" name=\"checkbox-232[]\" value=\"Maestro\" \/><span class=\"wpcf7-list-item-label\">Maestro<\/span><\/span><span class=\"wpcf7-list-item\"><input type=\"checkbox\" name=\"checkbox-232[]\" value=\"Duett III\" \/><span class=\"wpcf7-list-item-label\">Duett III<\/span><\/span><span class=\"wpcf7-list-item\"><input type=\"checkbox\" name=\"checkbox-232[]\" value=\"Duett III Exclusive\" \/><span class=\"wpcf7-list-item-label\">Duett III Exclusive<\/span><\/span><span class=\"wpcf7-list-item\"><input type=\"checkbox\" name=\"checkbox-232[]\" value=\"V-Touch\" \/><span class=\"wpcf7-list-item-label\">V-Touch<\/span><\/span><span class=\"wpcf7-list-item\"><input type=\"checkbox\" name=\"checkbox-232[]\" value=\"Modesto\" \/><span class=\"wpcf7-list-item-label\">Modesto<\/span><\/span><span class=\"wpcf7-list-item\"><input type=\"checkbox\" name=\"checkbox-232[]\" value=\"Klaviaturblock\" \/><span class=\"wpcf7-list-item-label\">Klaviaturblock<\/span><\/span><span class=\"wpcf7-list-item last\"><input type=\"checkbox\" name=\"checkbox-232[]\" value=\"Exclusive Design\" \/><span class=\"wpcf7-list-item-label\">Exclusive Design<\/span><\/span><\/span><\/span>\n<\/p>\n<p><span class=\"wpcf7-form-control-wrap\" data-name=\"checkbox-232\"><span class=\"wpcf7-form-control wpcf7-checkbox\"><span class=\"wpcf7-list-item first last\"><input type=\"checkbox\" name=\"checkbox-232[]\" value=\"Mit unserem Newsletter bleiben Sie immer \u00fcber die Mixtuur Orgels B.V. informiert\" \/><span class=\"wpcf7-list-item-label\">Mit unserem Newsletter bleiben Sie immer \u00fcber die Mixtuur Orgels B.V. informiert<\/span><\/span><\/span><\/span>\n<\/p>\n\n<p><input class=\"wpcf7-form-control wpcf7-submit has-spinner\" type=\"submit\" value=\"Senden\" \/>\n<\/p><div class=\"wpcf7-response-output\" aria-hidden=\"true\"><\/div>\n<\/form>\n<\/div>\n\n","protected":false},"excerpt":{"rendered":"<p>EINE BROSCH\u00dcRE ANFORDERN? M\u00f6chten Sie die Mixtuur-Brosch\u00fcren erhalten? Geben Sie unten Ihre Adressdaten ein und Sie erhalten die Brosch\u00fcren direkt in Ihren Posteingang.<\/p>\n","protected":false},"author":1,"featured_media":0,"parent":0,"menu_order":0,"comment_status":"closed","ping_status":"closed","template":"","meta":{"footnotes":""},"class_list":["post-2986","page","type-page","status-publish","hentry"],"yoast_head":"<!-- This site is optimized with the Yoast SEO plugin v25.5 - https:\/\/yoast.com\/wordpress\/plugins\/seo\/ -->\n<title>Brosch\u00fcre anfordern - Mixtuur<\/title>\n<meta name=\"robots\" content=\"index, follow, max-snippet:-1, max-image-preview:large, max-video-preview:-1\" \/>\n<link rel=\"canonical\" href=\"https:\/\/www.mixtuur.com\/brochure-aanvragen\/\" \/>\n<meta property=\"og:locale\" content=\"de_DE\" \/>\n<meta property=\"og:type\" content=\"article\" \/>\n<meta property=\"og:title\" content=\"Brosch\u00fcre anfordern - Mixtuur\" \/>\n<meta property=\"og:description\" content=\"EINE BROSCH\u00dcRE ANFORDERN? M\u00f6chten Sie die Mixtuur-Brosch\u00fcren erhalten? Geben Sie unten Ihre Adressdaten ein und Sie erhalten die Brosch\u00fcren direkt in Ihren Posteingang.\" \/>\n<meta property=\"og:url\" content=\"https:\/\/www.mixtuur.com\/brochure-aanvragen\/\" \/>\n<meta property=\"og:site_name\" content=\"Mixtuur\" \/>\n<meta property=\"article:modified_time\" content=\"2022-03-22T08:54:35+00:00\" \/>\n<meta name=\"twitter:card\" content=\"summary_large_image\" \/>\n<script type=\"application\/ld+json\" class=\"yoast-schema-graph\">{\"@context\":\"https:\/\/schema.org\",\"@graph\":[{\"@type\":\"WebPage\",\"@id\":\"https:\/\/www.mixtuur.com\/brochure-aanvragen\/\",\"url\":\"https:\/\/www.mixtuur.com\/brochure-aanvragen\/\",\"name\":\"Brosch\u00fcre anfordern - Mixtuur\",\"isPartOf\":{\"@id\":\"https:\/\/www.mixtuur.com\/#website\"},\"datePublished\":\"2017-11-30T12:03:56+00:00\",\"dateModified\":\"2022-03-22T08:54:35+00:00\",\"breadcrumb\":{\"@id\":\"https:\/\/www.mixtuur.com\/brochure-aanvragen\/#breadcrumb\"},\"inLanguage\":\"de\",\"potentialAction\":[{\"@type\":\"ReadAction\",\"target\":[\"https:\/\/www.mixtuur.com\/brochure-aanvragen\/\"]}]},{\"@type\":\"BreadcrumbList\",\"@id\":\"https:\/\/www.mixtuur.com\/brochure-aanvragen\/#breadcrumb\",\"itemListElement\":[{\"@type\":\"ListItem\",\"position\":1,\"name\":\"Home\",\"item\":\"https:\/\/www.mixtuur.com\/de\/\"},{\"@type\":\"ListItem\",\"position\":2,\"name\":\"Brosch\u00fcre anfordern\"}]},{\"@type\":\"WebSite\",\"@id\":\"https:\/\/www.mixtuur.com\/#website\",\"url\":\"https:\/\/www.mixtuur.com\/\",\"name\":\"Mixtuur\",\"description\":\"The Authentic Sound\",\"potentialAction\":[{\"@type\":\"SearchAction\",\"target\":{\"@type\":\"EntryPoint\",\"urlTemplate\":\"https:\/\/www.mixtuur.com\/?s={search_term_string}\"},\"query-input\":{\"@type\":\"PropertyValueSpecification\",\"valueRequired\":true,\"valueName\":\"search_term_string\"}}],\"inLanguage\":\"de\"}]}<\/script>\n<!-- \/ Yoast SEO plugin. -->","yoast_head_json":{"title":"Brosch\u00fcre anfordern - Mixtuur","robots":{"index":"index","follow":"follow","max-snippet":"max-snippet:-1","max-image-preview":"max-image-preview:large","max-video-preview":"max-video-preview:-1"},"canonical":"https:\/\/www.mixtuur.com\/brochure-aanvragen\/","og_locale":"de_DE","og_type":"article","og_title":"Brosch\u00fcre anfordern - Mixtuur","og_description":"EINE BROSCH\u00dcRE ANFORDERN? M\u00f6chten Sie die Mixtuur-Brosch\u00fcren erhalten? Geben Sie unten Ihre Adressdaten ein und Sie erhalten die Brosch\u00fcren direkt in Ihren Posteingang.","og_url":"https:\/\/www.mixtuur.com\/brochure-aanvragen\/","og_site_name":"Mixtuur","article_modified_time":"2022-03-22T08:54:35+00:00","twitter_card":"summary_large_image","schema":{"@context":"https:\/\/schema.org","@graph":[{"@type":"WebPage","@id":"https:\/\/www.mixtuur.com\/brochure-aanvragen\/","url":"https:\/\/www.mixtuur.com\/brochure-aanvragen\/","name":"Brosch\u00fcre anfordern - Mixtuur","isPartOf":{"@id":"https:\/\/www.mixtuur.com\/#website"},"datePublished":"2017-11-30T12:03:56+00:00","dateModified":"2022-03-22T08:54:35+00:00","breadcrumb":{"@id":"https:\/\/www.mixtuur.com\/brochure-aanvragen\/#breadcrumb"},"inLanguage":"de","potentialAction":[{"@type":"ReadAction","target":["https:\/\/www.mixtuur.com\/brochure-aanvragen\/"]}]},{"@type":"BreadcrumbList","@id":"https:\/\/www.mixtuur.com\/brochure-aanvragen\/#breadcrumb","itemListElement":[{"@type":"ListItem","position":1,"name":"Home","item":"https:\/\/www.mixtuur.com\/de\/"},{"@type":"ListItem","position":2,"name":"Brosch\u00fcre anfordern"}]},{"@type":"WebSite","@id":"https:\/\/www.mixtuur.com\/#website","url":"https:\/\/www.mixtuur.com\/","name":"Mixtuur","description":"The Authentic Sound","potentialAction":[{"@type":"SearchAction","target":{"@type":"EntryPoint","urlTemplate":"https:\/\/www.mixtuur.com\/?s={search_term_string}"},"query-input":{"@type":"PropertyValueSpecification","valueRequired":true,"valueName":"search_term_string"}}],"inLanguage":"de"}]}},"_links":{"self":[{"href":"https:\/\/www.mixtuur.com\/de\/wp-json\/wp\/v2\/pages\/2986","targetHints":{"allow":["GET"]}}],"collection":[{"href":"https:\/\/www.mixtuur.com\/de\/wp-json\/wp\/v2\/pages"}],"about":[{"href":"https:\/\/www.mixtuur.com\/de\/wp-json\/wp\/v2\/types\/page"}],"author":[{"embeddable":true,"href":"https:\/\/www.mixtuur.com\/de\/wp-json\/wp\/v2\/users\/1"}],"replies":[{"embeddable":true,"href":"https:\/\/www.mixtuur.com\/de\/wp-json\/wp\/v2\/comments?post=2986"}],"version-history":[{"count":3,"href":"https:\/\/www.mixtuur.com\/de\/wp-json\/wp\/v2\/pages\/2986\/revisions"}],"predecessor-version":[{"id":11212,"href":"https:\/\/www.mixtuur.com\/de\/wp-json\/wp\/v2\/pages\/2986\/revisions\/11212"}],"wp:attachment":[{"href":"https:\/\/www.mixtuur.com\/de\/wp-json\/wp\/v2\/media?parent=2986"}],"curies":[{"name":"wp","href":"https:\/\/api.w.org\/{rel}","templated":true}]}}