{"id":24911,"date":"2023-01-06T16:16:04","date_gmt":"2023-01-06T15:16:04","guid":{"rendered":"https:\/\/www.mixtuur.com\/hauptwerk-faq\/"},"modified":"2025-11-25T12:30:24","modified_gmt":"2025-11-25T11:30:24","slug":"hauptwerk-faq","status":"publish","type":"page","link":"https:\/\/www.mixtuur.com\/de\/hauptwerk-faq\/","title":{"rendered":"Hauptwerk: Alles was Sie \u00fcber Hauptwerk-Orgeln wissen m\u00f6chten"},"content":{"rendered":"<section  class='av_textblock_section av-lyybw902-70b1075e6da44bfb588016bd90783feb '   itemscope=\"itemscope\" itemtype=\"https:\/\/schema.org\/CreativeWork\" ><div class='avia_textblock'  itemprop=\"text\" ><h1>Hauptwerk: Alles was Sie \u00fcber Hauptwerk-Orgeln wissen m\u00f6chten<\/h1>\n<p>Was ist eine <a href=\"https:\/\/www.mixtuur.com\/de\/hauptwerk\/\">Hauptwerk<\/a>-Orgel? Was kostet eine Hauptwerk-Orgel? Und wie funktioniert Hauptwerk eigentlich? Hier beantworten wir all diese Fragen \u2013 und viele weitere.<\/p>\n<h2>Was ist Hauptwerk?<\/h2>\n<p data-start=\"429\" data-end=\"732\">Hauptwerk ist ein fortschrittlicher Software-Sampler, der eine virtuelle Pfeifenorgel nachbildet. Der Name stammt vom deutschen Wort <em data-start=\"562\" data-end=\"573\">Hauptwerk<\/em>, also dem wichtigsten Teil einer Orgel. Die Software wurde urspr\u00fcnglich vom Mathematiker Martin Dyde entwickelt, Gr\u00fcnder von Crumhorn Labs Ltd. in Birmingham.<\/p>\n<p data-start=\"734\" data-end=\"887\">Mit Hauptwerk k\u00f6nnen Menschen die Kl\u00e4nge der besten Orgeln der Welt virtuell erleben. Es gibt eine umfangreiche Bibliothek mit mehr als 150 Instrumenten.<\/p>\n<p><img loading=\"lazy\" decoding=\"async\" class=\"alignnone size-featured wp-image-2590\" src=\"https:\/\/www.mixtuur.com\/wp-content\/uploads\/2017\/12\/097A1486-1-1500x430.jpg\" alt=\"Orgel Mixtuur close up\" width=\"1500\" height=\"430\" \/><\/p>\n<h2 data-start=\"894\" data-end=\"930\"><strong data-start=\"897\" data-end=\"930\">Was ist eine Hauptwerk-Orgel?<\/strong><\/h2>\n<p data-start=\"931\" data-end=\"1116\">Eine Hauptwerk-Orgel ist ein physisches Instrument, auf dem die Hauptwerk-Software installiert ist. Werfen Sie einen Blick auf <a href=\"https:\/\/www.mixtuur.com\/de\/heimorgeln\/\">unsere Modelle<\/a> \u2013 sie passen m\u00fchelos in jedes Wohnzimmer.<\/p>\n<p data-start=\"1118\" data-end=\"1488\">Dank der Technologie von Mixtuur ben\u00f6tigen Sie keinerlei Computerkenntnisse, um Ihre Lieblingsorgeln zu genie\u00dfen. M\u00f6chten Sie lieber mehr digitale Steuerungsm\u00f6glichkeiten? Unsere Orgeln k\u00f6nnen auch mit Touchscreens und erweiterten Funktionen ausgestattet werden. Unabh\u00e4ngig vom Modell bieten alle unsere Orgeln die \u00fcberragende Klangqualit\u00e4t, f\u00fcr die Mixtuur bekannt ist.<\/p>\n<p data-start=\"1490\" data-end=\"1650\">Wir bieten zahlreiche individuelle <a href=\"https:\/\/www.mixtuur.com\/de\/heimorgeln\/optionen\/\">Optionen<\/a>: w\u00e4hlen Sie die gew\u00fcnschte Holzart, die Bank, die Manuale, Pistons und Lautsprecher \u2013 ganz nach Ihren Vorstellungen.<\/p>\n<h2 data-start=\"1657\" data-end=\"1686\"><strong data-start=\"1660\" data-end=\"1686\">Wie gut ist Hauptwerk?<\/strong><\/h2>\n<p data-start=\"1687\" data-end=\"1804\">Kurz gesagt: <em data-start=\"1700\" data-end=\"1714\">hervorragend<\/em>. Thomas Wichmann schrieb im <a href=\"http:\/\/www.hauptwerk.com\/clientuploads\/documentation\/Reviews\/tao_0404.pdf\">Magazin <em data-start=\"1753\" data-end=\"1776\">The American Organist<\/em> eine begeisterte Rezension<\/a>: \u201eHauptwerk erzeugt ausgezeichnete Klangrepliken von Pfeifenorgeln. (\u2026) Die Arbeitsweise dieser Art elektronischer Orgeln ist vielversprechend. Zuk\u00fcnftige Verbesserungen in Hard- und Software k\u00f6nnen zu sehr geringen Kosten umgesetzt werden. Au\u00dferdem kann Hauptwerk dazu beitragen, den Klang (oft fragiler) historischer Orgeln zu bewahren und einem gro\u00dfen Publikum zug\u00e4nglich zu machen. (\u2026) F\u00fcr solche Innovationen in der Technologie der elektronischen Orgelreproduktion k\u00f6nnen wir dankbar sein.\u201c<\/p>\n<p><img loading=\"lazy\" decoding=\"async\" class=\"alignnone size-featured wp-image-2582\" src=\"https:\/\/www.mixtuur.com\/wp-content\/uploads\/2017\/12\/Nieuwsbericht-21a-1500x430.jpg\" alt=\"Mixtuur intrada\" width=\"1500\" height=\"430\" \/><\/p>\n<h2 data-start=\"2309\" data-end=\"2343\"><strong data-start=\"2312\" data-end=\"2343\">Wie funktioniert Hauptwerk?<\/strong><\/h2>\n<p data-start=\"2344\" data-end=\"2562\">Hauptwerk nutzt die gesamte Rechenleistung Ihres Computers optimal aus. Die Software unterst\u00fctzt mehr als 500 Audiokan\u00e4le und erm\u00f6glicht so eine \u00e4u\u00dferst authentische, detaillierte Klangwiedergabe jeder gespielten Note.<\/p>\n<p data-start=\"2564\" data-end=\"2741\">Beim Spielen einer Hauptwerk-Orgel f\u00fchlt es sich an, als w\u00fcrden Sie an einer historischen Pfeifenorgel sitzen. Der einzige Unterschied: die mittelalterliche Architektur fehlt.<\/p>\n<div class=\"tlid-results-container results-container\">\n<div class=\"tlid-result result-dict-wrapper\">\n<div class=\"result tlid-copy-target\">\n<div class=\"text-wrap tlid-copy-target\">\n<h2 data-start=\"2748\" data-end=\"2782\"><strong data-start=\"2751\" data-end=\"2782\">Wie verwende ich Hauptwerk?<\/strong><\/h2>\n<p data-start=\"2783\" data-end=\"2834\">Es gibt mehrere M\u00f6glichkeiten, Hauptwerk zu nutzen.<\/p>\n<h3 data-start=\"2836\" data-end=\"2894\"><strong data-start=\"2840\" data-end=\"2892\">1. Verbinden Sie ein Keyboard mit Ihrem Computer<\/strong><\/h3>\n<p data-start=\"2895\" data-end=\"3078\">Dies ist der g\u00fcnstigste Einstieg in die Welt von Hauptwerk. Hier sehen Sie ein <a href=\"https:\/\/www.youtube.com\/watch?v=UWprXxnmrYM\">Video von Patrick Torsell<\/a>, der f\u00fcr weniger als 1.800 Dollar ein komplettes Hauptwerk-Setup gebaut hat.<\/p>\n<p data-start=\"3080\" data-end=\"3166\">Nat\u00fcrlich spielen echte Orgelbegeisterte bevorzugt auf einem vollst\u00e4ndigen Instrument.<\/p>\n<h3 data-start=\"3168\" data-end=\"3212\"><strong data-start=\"3172\" data-end=\"3210\">2. Kaufen Sie eine Hauptwerk-Orgel<\/strong><\/h3>\n<p data-start=\"3213\" data-end=\"3402\">Die Orgeln von Mixtuur sehen aus wie traditionelle Pfeifenorgeln \u2013 werden aber von Hauptwerk gesteuert.<br data-start=\"3316\" data-end=\"3319\" \/>Und sie sehen gro\u00dfartig aus: ein echter Blickfang im Wohnzimmer oder in der Kirche.<\/p>\n<\/div>\n<\/div>\n<\/div>\n<\/div>\n<p><img loading=\"lazy\" decoding=\"async\" class=\"alignnone size-featured wp-image-1680\" src=\"https:\/\/www.mixtuur.com\/wp-content\/uploads\/2017\/10\/MG_9414-1500x430.jpg\" alt=\"trekregisters\" width=\"1500\" height=\"430\" \/><\/p>\n<div class=\"tlid-results-container results-container\">\n<div class=\"tlid-result result-dict-wrapper\">\n<div class=\"result tlid-copy-target\">\n<div class=\"text-wrap tlid-copy-target\">\n<div class=\"result-shield-container tlid-copy-target\"><strong style=\"font-size: 28px;\" data-start=\"3412\" data-end=\"3437\">Was kostet Hauptwerk?<\/strong><\/div>\n<div>\n<p data-start=\"3438\" data-end=\"3600\">Die Basisversion von Hauptwerk kostet 249 Dollar. Die Advanced Edition kostet 599 Dollar. Sie k\u00f6nnen beide Editionen auf <a href=\"https:\/\/www.hauptwerk.com\/pricing\/\">dieser Seite<\/a> vergleichen.<\/p>\n<p data-start=\"3602\" data-end=\"3758\">Wir empfehlen die Advanced Edition, wenn Sie Funktionen wie das Windmodell, mehrere Monitore, <em data-start=\"3696\" data-end=\"3714\">per-pipe voicing<\/em> oder eine 512-Kanal-Ausgabe nutzen m\u00f6chten.<\/p>\n<p data-start=\"3760\" data-end=\"3885\">Zus\u00e4tzlich ben\u00f6tigen Sie mindestens ein Sampleset. Die Preise liegen zwischen 100 und 1.500 Dollar, je nach Instrument.<\/p>\n<\/div>\n<\/div>\n<\/div>\n<\/div>\n<\/div>\n<h2 data-start=\"3892\" data-end=\"3940\"><strong data-start=\"3895\" data-end=\"3940\">Wie installiere ich eine Hauptwerk-Orgel?<\/strong><\/h2>\n<p data-start=\"3941\" data-end=\"3973\">Ganz einfach \u2013 und sogar bequem.<\/p>\n<p data-start=\"3975\" data-end=\"4126\">Wenn Sie eine Mixtuur-Orgel mit Hauptwerk kaufen, m\u00fcssen Sie selbst nichts installieren. Wir erledigen alles f\u00fcr Sie. Sie k\u00f6nnen sofort losspielen.<\/p>\n<p data-start=\"4128\" data-end=\"4372\">F\u00fcr Nutzer ohne Computerkenntnisse bieten wir eine vereinfachte Version der Hauptwerk-Bedienoberfl\u00e4che. Dr\u00fccken Sie einfach den Ein\/Aus-Schalter, w\u00e4hlen Sie das gew\u00fcnschte Sampleset aus und bedienen Sie die Orgel \u00fcber klare, intuitive Displays.<\/p>\n<p data-start=\"4374\" data-end=\"4557\">Neue Samplesets installieren?<br data-start=\"4403\" data-end=\"4406\" \/>Auch das ist kinderleicht. Kontaktieren Sie Mixtuur \u2013 wir k\u00f6nnen dank Internetverbindung jedes Mixtuur-Instruments die Sets aus der Ferne installieren.<\/p>\n<p><img loading=\"lazy\" decoding=\"async\" class=\"alignnone size-featured wp-image-1360\" src=\"https:\/\/www.mixtuur.com\/wp-content\/uploads\/2016\/11\/foto_unit-ed.nl-1369-1500x430.jpg\" alt=\"\" width=\"1500\" height=\"430\" \/><\/p>\n<h2>Ich habe noch eine Frage<\/h2>\n<p>M\u00f6chten Sie noch etwas \u00fcber Hauptwerk wissen? F\u00fcllen Sie das untenstehende Formular aus, und wir setzen uns mit Ihnen in Verbindung.<\/p>\n\n<div class=\"wpcf7 no-js\" id=\"wpcf7-f2984-o1\" lang=\"nl-NL\" dir=\"ltr\" data-wpcf7-id=\"2984\">\n<div class=\"screen-reader-response\"><p role=\"status\" aria-live=\"polite\" aria-atomic=\"true\"><\/p> <ul><\/ul><\/div>\n<form action=\"\/de\/wp-json\/wp\/v2\/pages\/24911#wpcf7-f2984-o1\" method=\"post\" class=\"wpcf7-form init\" aria-label=\"Contactformulier\" novalidate=\"novalidate\" data-status=\"init\">\n<fieldset class=\"hidden-fields-container\"><input type=\"hidden\" name=\"_wpcf7\" value=\"2984\" \/><input type=\"hidden\" name=\"_wpcf7_version\" value=\"6.1.5\" \/><input type=\"hidden\" name=\"_wpcf7_locale\" value=\"nl_NL\" \/><input type=\"hidden\" name=\"_wpcf7_unit_tag\" value=\"wpcf7-f2984-o1\" \/><input type=\"hidden\" name=\"_wpcf7_container_post\" value=\"0\" \/><input type=\"hidden\" name=\"_wpcf7_posted_data_hash\" value=\"\" \/><input type=\"hidden\" name=\"_wpcf7_recaptcha_response\" value=\"\" \/>\n<\/fieldset>\n<p>Ihr Name (Pflichtangabe)\n<\/p>\n<p><span class=\"wpcf7-form-control-wrap\" data-name=\"your-name\"><input size=\"40\" maxlength=\"400\" class=\"wpcf7-form-control wpcf7-text wpcf7-validates-as-required\" aria-required=\"true\" aria-invalid=\"false\" value=\"\" type=\"text\" name=\"your-name\" \/><\/span>\n<\/p>\n<p>Ihre E-Mail-Adresse (Pflichtangabe)\n<\/p>\n<p><span class=\"wpcf7-form-control-wrap\" data-name=\"your-email\"><input size=\"40\" maxlength=\"400\" class=\"wpcf7-form-control wpcf7-email wpcf7-validates-as-required wpcf7-text wpcf7-validates-as-email\" aria-required=\"true\" aria-invalid=\"false\" value=\"\" type=\"email\" name=\"your-email\" \/><\/span>\n<\/p>\n<p>Telefonnummer\n<\/p>\n<p><span class=\"wpcf7-form-control-wrap\" data-name=\"tel-640\"><input size=\"40\" maxlength=\"400\" class=\"wpcf7-form-control wpcf7-tel wpcf7-text wpcf7-validates-as-tel\" aria-invalid=\"false\" value=\"\" type=\"tel\" name=\"tel-640\" \/><\/span>\n<\/p>\n<p>Betreff\n<\/p>\n<p><span class=\"wpcf7-form-control-wrap\" data-name=\"your-subject\"><input size=\"40\" maxlength=\"400\" class=\"wpcf7-form-control wpcf7-text\" aria-invalid=\"false\" value=\"\" type=\"text\" name=\"your-subject\" \/><\/span>\n<\/p>\n<p>Deine Nachricht\n<\/p>\n<p><span class=\"wpcf7-form-control-wrap\" data-name=\"your-message\"><textarea cols=\"40\" rows=\"10\" maxlength=\"2000\" class=\"wpcf7-form-control wpcf7-textarea\" aria-invalid=\"false\" name=\"your-message\"><\/textarea><\/span>\n<\/p>\n\n<p><input class=\"wpcf7-form-control wpcf7-submit has-spinner\" type=\"submit\" value=\"Senden\" \/>\n<\/p><div class=\"wpcf7-response-output\" aria-hidden=\"true\"><\/div>\n<\/form>\n<\/div>\n\n<\/div><\/section>\n","protected":false},"excerpt":{"rendered":"","protected":false},"author":13,"featured_media":0,"parent":0,"menu_order":0,"comment_status":"closed","ping_status":"closed","template":"","meta":{"footnotes":""},"class_list":["post-24911","page","type-page","status-publish","hentry"],"yoast_head":"<!-- This site is optimized with the Yoast SEO plugin v25.5 - https:\/\/yoast.com\/wordpress\/plugins\/seo\/ -->\n<title>Hauptwerk: Alles was Sie \u00fcber Hauptwerk-Orgeln wissen m\u00f6chten<\/title>\n<meta name=\"description\" content=\"Erhalten Sie Antworten auf Fragen wie: Wie funktioniert Hauptwerk? Wie ist die Qualit\u00e4t? Und vieles mehr. Mixtuur bietet viele Optionen f\u00fcr Hauptwerk.\" \/>\n<meta name=\"robots\" content=\"index, follow, max-snippet:-1, max-image-preview:large, max-video-preview:-1\" \/>\n<link rel=\"canonical\" href=\"https:\/\/www.mixtuur.com\/hauptwerk-faq\/\" \/>\n<meta property=\"og:locale\" content=\"de_DE\" \/>\n<meta property=\"og:type\" content=\"article\" \/>\n<meta property=\"og:title\" content=\"Hauptwerk: Alles was Sie \u00fcber Hauptwerk-Orgeln wissen m\u00f6chten\" \/>\n<meta property=\"og:description\" content=\"Erhalten Sie Antworten auf Fragen wie: Wie funktioniert Hauptwerk? Wie ist die Qualit\u00e4t? Und vieles mehr. Mixtuur bietet viele Optionen f\u00fcr Hauptwerk.\" \/>\n<meta property=\"og:url\" content=\"https:\/\/www.mixtuur.com\/hauptwerk-faq\/\" \/>\n<meta property=\"og:site_name\" content=\"Mixtuur\" \/>\n<meta property=\"article:modified_time\" content=\"2025-11-25T11:30:24+00:00\" \/>\n<meta property=\"og:image\" content=\"https:\/\/www.mixtuur.com\/wp-content\/uploads\/2017\/12\/097A1486-1-1030x673.jpg\" \/>\n\t<meta property=\"og:image:width\" content=\"1030\" \/>\n\t<meta property=\"og:image:height\" content=\"673\" \/>\n\t<meta property=\"og:image:type\" content=\"image\/jpeg\" \/>\n<meta name=\"twitter:card\" content=\"summary_large_image\" \/>\n<meta name=\"twitter:label1\" content=\"Gesch\u00e4tzte Lesezeit\" \/>\n\t<meta name=\"twitter:data1\" content=\"5\u00a0Minuten\" \/>\n<script type=\"application\/ld+json\" class=\"yoast-schema-graph\">{\"@context\":\"https:\/\/schema.org\",\"@graph\":[{\"@type\":\"WebPage\",\"@id\":\"https:\/\/www.mixtuur.com\/hauptwerk-faq\/\",\"url\":\"https:\/\/www.mixtuur.com\/hauptwerk-faq\/\",\"name\":\"Hauptwerk: Alles was Sie \u00fcber Hauptwerk-Orgeln wissen m\u00f6chten\",\"isPartOf\":{\"@id\":\"https:\/\/www.mixtuur.com\/#website\"},\"primaryImageOfPage\":{\"@id\":\"https:\/\/www.mixtuur.com\/hauptwerk-faq\/#primaryimage\"},\"image\":{\"@id\":\"https:\/\/www.mixtuur.com\/hauptwerk-faq\/#primaryimage\"},\"thumbnailUrl\":\"https:\/\/www.mixtuur.com\/wp-content\/uploads\/2017\/12\/097A1486-1-1500x430.jpg\",\"datePublished\":\"2023-01-06T15:16:04+00:00\",\"dateModified\":\"2025-11-25T11:30:24+00:00\",\"description\":\"Erhalten Sie Antworten auf Fragen wie: Wie funktioniert Hauptwerk? Wie ist die Qualit\u00e4t? Und vieles mehr. Mixtuur bietet viele Optionen f\u00fcr Hauptwerk.\",\"breadcrumb\":{\"@id\":\"https:\/\/www.mixtuur.com\/hauptwerk-faq\/#breadcrumb\"},\"inLanguage\":\"de\",\"potentialAction\":[{\"@type\":\"ReadAction\",\"target\":[\"https:\/\/www.mixtuur.com\/hauptwerk-faq\/\"]}]},{\"@type\":\"ImageObject\",\"inLanguage\":\"de\",\"@id\":\"https:\/\/www.mixtuur.com\/hauptwerk-faq\/#primaryimage\",\"url\":\"https:\/\/www.mixtuur.com\/wp-content\/uploads\/2017\/12\/097A1486-1-1500x430.jpg\",\"contentUrl\":\"https:\/\/www.mixtuur.com\/wp-content\/uploads\/2017\/12\/097A1486-1-1500x430.jpg\"},{\"@type\":\"BreadcrumbList\",\"@id\":\"https:\/\/www.mixtuur.com\/hauptwerk-faq\/#breadcrumb\",\"itemListElement\":[{\"@type\":\"ListItem\",\"position\":1,\"name\":\"Home\",\"item\":\"https:\/\/www.mixtuur.com\/de\/\"},{\"@type\":\"ListItem\",\"position\":2,\"name\":\"Hauptwerk: Alles was Sie \u00fcber Hauptwerk-Orgeln wissen m\u00f6chten\"}]},{\"@type\":\"WebSite\",\"@id\":\"https:\/\/www.mixtuur.com\/#website\",\"url\":\"https:\/\/www.mixtuur.com\/\",\"name\":\"Mixtuur\",\"description\":\"The Authentic Sound\",\"potentialAction\":[{\"@type\":\"SearchAction\",\"target\":{\"@type\":\"EntryPoint\",\"urlTemplate\":\"https:\/\/www.mixtuur.com\/?s={search_term_string}\"},\"query-input\":{\"@type\":\"PropertyValueSpecification\",\"valueRequired\":true,\"valueName\":\"search_term_string\"}}],\"inLanguage\":\"de\"}]}<\/script>\n<!-- \/ Yoast SEO plugin. -->","yoast_head_json":{"title":"Hauptwerk: Alles was Sie \u00fcber Hauptwerk-Orgeln wissen m\u00f6chten","description":"Erhalten Sie Antworten auf Fragen wie: Wie funktioniert Hauptwerk? Wie ist die Qualit\u00e4t? Und vieles mehr. Mixtuur bietet viele Optionen f\u00fcr Hauptwerk.","robots":{"index":"index","follow":"follow","max-snippet":"max-snippet:-1","max-image-preview":"max-image-preview:large","max-video-preview":"max-video-preview:-1"},"canonical":"https:\/\/www.mixtuur.com\/hauptwerk-faq\/","og_locale":"de_DE","og_type":"article","og_title":"Hauptwerk: Alles was Sie \u00fcber Hauptwerk-Orgeln wissen m\u00f6chten","og_description":"Erhalten Sie Antworten auf Fragen wie: Wie funktioniert Hauptwerk? Wie ist die Qualit\u00e4t? Und vieles mehr. Mixtuur bietet viele Optionen f\u00fcr Hauptwerk.","og_url":"https:\/\/www.mixtuur.com\/hauptwerk-faq\/","og_site_name":"Mixtuur","article_modified_time":"2025-11-25T11:30:24+00:00","og_image":[{"width":1030,"height":673,"url":"https:\/\/www.mixtuur.com\/wp-content\/uploads\/2017\/12\/097A1486-1-1030x673.jpg","type":"image\/jpeg"}],"twitter_card":"summary_large_image","twitter_misc":{"Gesch\u00e4tzte Lesezeit":"5\u00a0Minuten"},"schema":{"@context":"https:\/\/schema.org","@graph":[{"@type":"WebPage","@id":"https:\/\/www.mixtuur.com\/hauptwerk-faq\/","url":"https:\/\/www.mixtuur.com\/hauptwerk-faq\/","name":"Hauptwerk: Alles was Sie \u00fcber Hauptwerk-Orgeln wissen m\u00f6chten","isPartOf":{"@id":"https:\/\/www.mixtuur.com\/#website"},"primaryImageOfPage":{"@id":"https:\/\/www.mixtuur.com\/hauptwerk-faq\/#primaryimage"},"image":{"@id":"https:\/\/www.mixtuur.com\/hauptwerk-faq\/#primaryimage"},"thumbnailUrl":"https:\/\/www.mixtuur.com\/wp-content\/uploads\/2017\/12\/097A1486-1-1500x430.jpg","datePublished":"2023-01-06T15:16:04+00:00","dateModified":"2025-11-25T11:30:24+00:00","description":"Erhalten Sie Antworten auf Fragen wie: Wie funktioniert Hauptwerk? Wie ist die Qualit\u00e4t? Und vieles mehr. Mixtuur bietet viele Optionen f\u00fcr Hauptwerk.","breadcrumb":{"@id":"https:\/\/www.mixtuur.com\/hauptwerk-faq\/#breadcrumb"},"inLanguage":"de","potentialAction":[{"@type":"ReadAction","target":["https:\/\/www.mixtuur.com\/hauptwerk-faq\/"]}]},{"@type":"ImageObject","inLanguage":"de","@id":"https:\/\/www.mixtuur.com\/hauptwerk-faq\/#primaryimage","url":"https:\/\/www.mixtuur.com\/wp-content\/uploads\/2017\/12\/097A1486-1-1500x430.jpg","contentUrl":"https:\/\/www.mixtuur.com\/wp-content\/uploads\/2017\/12\/097A1486-1-1500x430.jpg"},{"@type":"BreadcrumbList","@id":"https:\/\/www.mixtuur.com\/hauptwerk-faq\/#breadcrumb","itemListElement":[{"@type":"ListItem","position":1,"name":"Home","item":"https:\/\/www.mixtuur.com\/de\/"},{"@type":"ListItem","position":2,"name":"Hauptwerk: Alles was Sie \u00fcber Hauptwerk-Orgeln wissen m\u00f6chten"}]},{"@type":"WebSite","@id":"https:\/\/www.mixtuur.com\/#website","url":"https:\/\/www.mixtuur.com\/","name":"Mixtuur","description":"The Authentic Sound","potentialAction":[{"@type":"SearchAction","target":{"@type":"EntryPoint","urlTemplate":"https:\/\/www.mixtuur.com\/?s={search_term_string}"},"query-input":{"@type":"PropertyValueSpecification","valueRequired":true,"valueName":"search_term_string"}}],"inLanguage":"de"}]}},"_links":{"self":[{"href":"https:\/\/www.mixtuur.com\/de\/wp-json\/wp\/v2\/pages\/24911","targetHints":{"allow":["GET"]}}],"collection":[{"href":"https:\/\/www.mixtuur.com\/de\/wp-json\/wp\/v2\/pages"}],"about":[{"href":"https:\/\/www.mixtuur.com\/de\/wp-json\/wp\/v2\/types\/page"}],"author":[{"embeddable":true,"href":"https:\/\/www.mixtuur.com\/de\/wp-json\/wp\/v2\/users\/13"}],"replies":[{"embeddable":true,"href":"https:\/\/www.mixtuur.com\/de\/wp-json\/wp\/v2\/comments?post=24911"}],"version-history":[{"count":7,"href":"https:\/\/www.mixtuur.com\/de\/wp-json\/wp\/v2\/pages\/24911\/revisions"}],"predecessor-version":[{"id":25508,"href":"https:\/\/www.mixtuur.com\/de\/wp-json\/wp\/v2\/pages\/24911\/revisions\/25508"}],"wp:attachment":[{"href":"https:\/\/www.mixtuur.com\/de\/wp-json\/wp\/v2\/media?parent=24911"}],"curies":[{"name":"wp","href":"https:\/\/api.w.org\/{rel}","templated":true}]}}