{"id":24760,"date":"2020-10-13T09:58:51","date_gmt":"2020-10-13T07:58:51","guid":{"rendered":"https:\/\/www.mixtuur.com\/elektronisch-orgel-kopen\/"},"modified":"2025-09-30T08:16:48","modified_gmt":"2025-09-30T06:16:48","slug":"elektronische-orgel-kaufen","status":"publish","type":"page","link":"https:\/\/www.mixtuur.com\/de\/elektronische-orgel-kaufen\/","title":{"rendered":"elektronische orgel kaufen"},"content":{"rendered":"<h1>Elektronische Orgel kaufen<\/h1>\n<p><strong>Der Kauf einer elektronischen Orgel ist eine bedeutende Investition. Deshalb ist es sinnvoll, sich vorab \u00fcber die verschiedenen M\u00f6glichkeiten zu informieren, bevor Sie tats\u00e4chlich eine Orgel kaufen. Eine elektronische Orgel von Mixtuur ist mit der echten <a href=\"https:\/\/www.mixtuur.com\/de\/hauptwerk\/\">Hauptwerk<\/a>-Technologie ausgestattet.<\/strong><\/p>\n<h2 data-start=\"600\" data-end=\"629\">Die Hauptwerk-Technologie<\/h2>\n<p data-start=\"631\" data-end=\"1185\">Unsere Orgeln sind entweder mit dem Standard-Hauptwerk oder mit einer vereinfachten Hauptwerk-Version ausgestattet. Mit dem Standard-Hauptwerk haben Sie die volle Kontrolle \u00fcber Ihr Instrument: Stimmen anpassen, mehrere Koppeln einrichten oder einzelne <a href=\"https:\/\/www.hauptwerk.com\/hauptwerk-store\/\">Samples<\/a> intonieren \u2013 so holen Sie das Maximum aus Ihrer Orgel heraus. Die vereinfachte Version wird \u00fcber \u00fcbersichtliche Displays gesteuert. Dabei k\u00f6nnen Sie zwischen traditionellen Registerkn\u00f6pfen, Standard-Z\u00fcgen, Registerwippen oder modernen Registerkn\u00f6pfen mit automatisch wechselnden Namen w\u00e4hlen.<\/p>\n<p><a href=\"https:\/\/www.mixtuur.com\/wp-content\/uploads\/2019\/09\/Compact-orgel.jpg\"><img loading=\"lazy\" decoding=\"async\" class=\"alignnone size-full wp-image-7414\" src=\"https:\/\/www.mixtuur.com\/wp-content\/uploads\/2019\/09\/Compact-orgel.jpg\" alt=\"\" width=\"1920\" height=\"1281\" srcset=\"https:\/\/www.mixtuur.com\/wp-content\/uploads\/2019\/09\/Compact-orgel.jpg 1920w, https:\/\/www.mixtuur.com\/wp-content\/uploads\/2019\/09\/Compact-orgel-300x200.jpg 300w, https:\/\/www.mixtuur.com\/wp-content\/uploads\/2019\/09\/Compact-orgel-768x512.jpg 768w, https:\/\/www.mixtuur.com\/wp-content\/uploads\/2019\/09\/Compact-orgel-1030x687.jpg 1030w, https:\/\/www.mixtuur.com\/wp-content\/uploads\/2019\/09\/Compact-orgel-1500x1001.jpg 1500w, https:\/\/www.mixtuur.com\/wp-content\/uploads\/2019\/09\/Compact-orgel-705x470.jpg 705w, https:\/\/www.mixtuur.com\/wp-content\/uploads\/2019\/09\/Compact-orgel-450x300.jpg 450w\" sizes=\"auto, (max-width: 1920px) 100vw, 1920px\" \/><\/a><\/p>\n<h2>Elektronische Orgel kaufen \u2013 unsere Modelle<\/h2>\n<p>Mixtuur bietet verschiedene Modelle zum Kauf an. Alle unsere elektronischen Orgeln sind hochwertig verarbeitet und aus unterschiedlichen Materialien gefertigt. Sie verf\u00fcgen \u00fcber Touchscreens, die eine besonders einfache Bedienung erm\u00f6glichen. Dank erstklassiger Klangwiedergabe erleben Sie ein authentisches Orgelgef\u00fchl. Wenn Sie eine Digitalorgel kaufen m\u00f6chten, beraten wir Sie gerne umfassend zu allen Optionen. Nehmen Sie unverbindlich <a href=\"https:\/\/www.mixtuur.com\/de\/kontakt\/\">Kontakt<\/a> mit uns auf!<\/p>\n<h2>Ma\u00dfgeschneiderte elektronische Orgeln<\/h2>\n<p data-start=\"1720\" data-end=\"2166\">Mixtuur entwickelt und baut seine elektronischen Orgeln in der eigenen Produktionshalle. Dort werden die Instrumente getestet und individuell nach Ihren W\u00fcnschen gefertigt. Eine ma\u00dfgeschneiderte Orgel passt sich perfekt an Ihr Wohnzimmer an und erf\u00fcllt all Ihre Vorstellungen. Sie k\u00f6nnen aus verschiedenen Farben und Materialien w\u00e4hlen. Auch die Hauptwerk-Software bietet zahlreiche M\u00f6glichkeiten, die Ihnen unsere Mitarbeiter gerne vorstellen.<\/p>\n<p data-start=\"2168\" data-end=\"2400\">Wir laden Sie herzlich zu einem Besuch in unserem Showroom ein. Dort k\u00f6nnen Sie verschiedene Modelle und Samplesets ausprobieren und sich selbst von der Qualit\u00e4t unserer Instrumente \u00fcberzeugen. So wissen Sie genau, was Sie kaufen.<\/p>\n<p>M\u00f6chten Sie mehr \u00fcber den Kauf einer elektronischen Orgel mit Hauptwerk-Technologie erfahren? Ben\u00f6tigen Sie Beratung, welche Orgel am besten zu Ihnen passt? Fordern Sie unsere <a href=\"https:\/\/www.mixtuur.com\/de\/broschuere-anfordern\/\">Brosch\u00fcre<\/a> an oder nehmen Sie direkt Kontakt mit uns auf. Sie sind selbstverst\u00e4ndlich jederzeit herzlich in unserem Showroom in Klundert willkommen.<\/p>\n\n<div class=\"wpcf7 no-js\" id=\"wpcf7-f2984-o1\" lang=\"nl-NL\" dir=\"ltr\" data-wpcf7-id=\"2984\">\n<div class=\"screen-reader-response\"><p role=\"status\" aria-live=\"polite\" aria-atomic=\"true\"><\/p> <ul><\/ul><\/div>\n<form action=\"\/de\/wp-json\/wp\/v2\/pages\/24760#wpcf7-f2984-o1\" method=\"post\" class=\"wpcf7-form init\" aria-label=\"Contactformulier\" novalidate=\"novalidate\" data-status=\"init\">\n<fieldset class=\"hidden-fields-container\"><input type=\"hidden\" name=\"_wpcf7\" value=\"2984\" \/><input type=\"hidden\" name=\"_wpcf7_version\" value=\"6.1.5\" \/><input type=\"hidden\" name=\"_wpcf7_locale\" value=\"nl_NL\" \/><input type=\"hidden\" name=\"_wpcf7_unit_tag\" value=\"wpcf7-f2984-o1\" \/><input type=\"hidden\" name=\"_wpcf7_container_post\" value=\"0\" \/><input type=\"hidden\" name=\"_wpcf7_posted_data_hash\" value=\"\" \/><input type=\"hidden\" name=\"_wpcf7_recaptcha_response\" value=\"\" \/>\n<\/fieldset>\n<p>Ihr Name (Pflichtangabe)\n<\/p>\n<p><span class=\"wpcf7-form-control-wrap\" data-name=\"your-name\"><input size=\"40\" maxlength=\"400\" class=\"wpcf7-form-control wpcf7-text wpcf7-validates-as-required\" aria-required=\"true\" aria-invalid=\"false\" value=\"\" type=\"text\" name=\"your-name\" \/><\/span>\n<\/p>\n<p>Ihre E-Mail-Adresse (Pflichtangabe)\n<\/p>\n<p><span class=\"wpcf7-form-control-wrap\" data-name=\"your-email\"><input size=\"40\" maxlength=\"400\" class=\"wpcf7-form-control wpcf7-email wpcf7-validates-as-required wpcf7-text wpcf7-validates-as-email\" aria-required=\"true\" aria-invalid=\"false\" value=\"\" type=\"email\" name=\"your-email\" \/><\/span>\n<\/p>\n<p>Telefonnummer\n<\/p>\n<p><span class=\"wpcf7-form-control-wrap\" data-name=\"tel-640\"><input size=\"40\" maxlength=\"400\" class=\"wpcf7-form-control wpcf7-tel wpcf7-text wpcf7-validates-as-tel\" aria-invalid=\"false\" value=\"\" type=\"tel\" name=\"tel-640\" \/><\/span>\n<\/p>\n<p>Betreff\n<\/p>\n<p><span class=\"wpcf7-form-control-wrap\" data-name=\"your-subject\"><input size=\"40\" maxlength=\"400\" class=\"wpcf7-form-control wpcf7-text\" aria-invalid=\"false\" value=\"\" type=\"text\" name=\"your-subject\" \/><\/span>\n<\/p>\n<p>Deine Nachricht\n<\/p>\n<p><span class=\"wpcf7-form-control-wrap\" data-name=\"your-message\"><textarea cols=\"40\" rows=\"10\" maxlength=\"2000\" class=\"wpcf7-form-control wpcf7-textarea\" aria-invalid=\"false\" name=\"your-message\"><\/textarea><\/span>\n<\/p>\n\n<p><input class=\"wpcf7-form-control wpcf7-submit has-spinner\" type=\"submit\" value=\"Senden\" \/>\n<\/p><div class=\"wpcf7-response-output\" aria-hidden=\"true\"><\/div>\n<\/form>\n<\/div>\n\n","protected":false},"excerpt":{"rendered":"<p>Elektronische Orgel kaufen Der Kauf einer elektronischen Orgel ist eine bedeutende Investition. Deshalb ist es sinnvoll, sich vorab \u00fcber die verschiedenen M\u00f6glichkeiten zu informieren, bevor Sie tats\u00e4chlich eine Orgel kaufen. Eine elektronische Orgel von Mixtuur ist mit der echten Hauptwerk-Technologie ausgestattet. Die Hauptwerk-Technologie Unsere Orgeln sind entweder mit dem Standard-Hauptwerk oder mit einer vereinfachten Hauptwerk-Version [&hellip;]<\/p>\n","protected":false},"author":17,"featured_media":0,"parent":0,"menu_order":0,"comment_status":"closed","ping_status":"closed","template":"","meta":{"footnotes":""},"class_list":["post-24760","page","type-page","status-publish","hentry"],"yoast_head":"<!-- This site is optimized with the Yoast SEO plugin v25.5 - https:\/\/yoast.com\/wordpress\/plugins\/seo\/ -->\n<title>Elektronische Orgel kaufen \u2013 Digitalorgeln mit Hauptwerk<\/title>\n<meta name=\"description\" content=\"Elektronische Orgel kaufen bei Mixtuur: Hochwertige Digitalorgeln mit Hauptwerk-Technologie, ma\u00dfgeschneidert und mit bestem Klang. Jetzt beraten lassen!\" \/>\n<meta name=\"robots\" content=\"index, follow, max-snippet:-1, max-image-preview:large, max-video-preview:-1\" \/>\n<link rel=\"canonical\" href=\"https:\/\/www.mixtuur.com\/de\/elektronische-orgel-kaufen\/\" \/>\n<meta property=\"og:locale\" content=\"de_DE\" \/>\n<meta property=\"og:type\" content=\"article\" \/>\n<meta property=\"og:title\" content=\"Elektronische Orgel kaufen \u2013 Digitalorgeln mit Hauptwerk\" \/>\n<meta property=\"og:description\" content=\"Elektronische Orgel kaufen bei Mixtuur: Hochwertige Digitalorgeln mit Hauptwerk-Technologie, ma\u00dfgeschneidert und mit bestem Klang. Jetzt beraten lassen!\" \/>\n<meta property=\"og:url\" content=\"https:\/\/www.mixtuur.com\/de\/elektronische-orgel-kaufen\/\" \/>\n<meta property=\"og:site_name\" content=\"Mixtuur\" \/>\n<meta property=\"article:modified_time\" content=\"2025-09-30T06:16:48+00:00\" \/>\n<meta property=\"og:image\" content=\"https:\/\/www.mixtuur.com\/wp-content\/uploads\/2019\/09\/Compact-orgel.jpg\" \/>\n\t<meta property=\"og:image:width\" content=\"1920\" \/>\n\t<meta property=\"og:image:height\" content=\"1281\" \/>\n\t<meta property=\"og:image:type\" content=\"image\/jpeg\" \/>\n<meta name=\"twitter:card\" content=\"summary_large_image\" \/>\n<meta name=\"twitter:label1\" content=\"Gesch\u00e4tzte Lesezeit\" \/>\n\t<meta name=\"twitter:data1\" content=\"2\u00a0Minuten\" \/>\n<script type=\"application\/ld+json\" class=\"yoast-schema-graph\">{\"@context\":\"https:\/\/schema.org\",\"@graph\":[{\"@type\":\"WebPage\",\"@id\":\"https:\/\/www.mixtuur.com\/de\/elektronische-orgel-kaufen\/\",\"url\":\"https:\/\/www.mixtuur.com\/de\/elektronische-orgel-kaufen\/\",\"name\":\"Elektronische Orgel kaufen \u2013 Digitalorgeln mit Hauptwerk\",\"isPartOf\":{\"@id\":\"https:\/\/www.mixtuur.com\/#website\"},\"primaryImageOfPage\":{\"@id\":\"https:\/\/www.mixtuur.com\/de\/elektronische-orgel-kaufen\/#primaryimage\"},\"image\":{\"@id\":\"https:\/\/www.mixtuur.com\/de\/elektronische-orgel-kaufen\/#primaryimage\"},\"thumbnailUrl\":\"https:\/\/www.mixtuur.com\/wp-content\/uploads\/2019\/09\/Compact-orgel.jpg\",\"datePublished\":\"2020-10-13T07:58:51+00:00\",\"dateModified\":\"2025-09-30T06:16:48+00:00\",\"description\":\"Elektronische Orgel kaufen bei Mixtuur: Hochwertige Digitalorgeln mit Hauptwerk-Technologie, ma\u00dfgeschneidert und mit bestem Klang. Jetzt beraten lassen!\",\"breadcrumb\":{\"@id\":\"https:\/\/www.mixtuur.com\/de\/elektronische-orgel-kaufen\/#breadcrumb\"},\"inLanguage\":\"de\",\"potentialAction\":[{\"@type\":\"ReadAction\",\"target\":[\"https:\/\/www.mixtuur.com\/de\/elektronische-orgel-kaufen\/\"]}]},{\"@type\":\"ImageObject\",\"inLanguage\":\"de\",\"@id\":\"https:\/\/www.mixtuur.com\/de\/elektronische-orgel-kaufen\/#primaryimage\",\"url\":\"https:\/\/www.mixtuur.com\/wp-content\/uploads\/2019\/09\/Compact-orgel.jpg\",\"contentUrl\":\"https:\/\/www.mixtuur.com\/wp-content\/uploads\/2019\/09\/Compact-orgel.jpg\"},{\"@type\":\"BreadcrumbList\",\"@id\":\"https:\/\/www.mixtuur.com\/de\/elektronische-orgel-kaufen\/#breadcrumb\",\"itemListElement\":[{\"@type\":\"ListItem\",\"position\":1,\"name\":\"Home\",\"item\":\"https:\/\/www.mixtuur.com\/de\/\"},{\"@type\":\"ListItem\",\"position\":2,\"name\":\"elektronische orgel kaufen\"}]},{\"@type\":\"WebSite\",\"@id\":\"https:\/\/www.mixtuur.com\/#website\",\"url\":\"https:\/\/www.mixtuur.com\/\",\"name\":\"Mixtuur\",\"description\":\"The Authentic Sound\",\"potentialAction\":[{\"@type\":\"SearchAction\",\"target\":{\"@type\":\"EntryPoint\",\"urlTemplate\":\"https:\/\/www.mixtuur.com\/?s={search_term_string}\"},\"query-input\":{\"@type\":\"PropertyValueSpecification\",\"valueRequired\":true,\"valueName\":\"search_term_string\"}}],\"inLanguage\":\"de\"}]}<\/script>\n<!-- \/ Yoast SEO plugin. -->","yoast_head_json":{"title":"Elektronische Orgel kaufen \u2013 Digitalorgeln mit Hauptwerk","description":"Elektronische Orgel kaufen bei Mixtuur: Hochwertige Digitalorgeln mit Hauptwerk-Technologie, ma\u00dfgeschneidert und mit bestem Klang. Jetzt beraten lassen!","robots":{"index":"index","follow":"follow","max-snippet":"max-snippet:-1","max-image-preview":"max-image-preview:large","max-video-preview":"max-video-preview:-1"},"canonical":"https:\/\/www.mixtuur.com\/de\/elektronische-orgel-kaufen\/","og_locale":"de_DE","og_type":"article","og_title":"Elektronische Orgel kaufen \u2013 Digitalorgeln mit Hauptwerk","og_description":"Elektronische Orgel kaufen bei Mixtuur: Hochwertige Digitalorgeln mit Hauptwerk-Technologie, ma\u00dfgeschneidert und mit bestem Klang. Jetzt beraten lassen!","og_url":"https:\/\/www.mixtuur.com\/de\/elektronische-orgel-kaufen\/","og_site_name":"Mixtuur","article_modified_time":"2025-09-30T06:16:48+00:00","og_image":[{"width":1920,"height":1281,"url":"https:\/\/www.mixtuur.com\/wp-content\/uploads\/2019\/09\/Compact-orgel.jpg","type":"image\/jpeg"}],"twitter_card":"summary_large_image","twitter_misc":{"Gesch\u00e4tzte Lesezeit":"2\u00a0Minuten"},"schema":{"@context":"https:\/\/schema.org","@graph":[{"@type":"WebPage","@id":"https:\/\/www.mixtuur.com\/de\/elektronische-orgel-kaufen\/","url":"https:\/\/www.mixtuur.com\/de\/elektronische-orgel-kaufen\/","name":"Elektronische Orgel kaufen \u2013 Digitalorgeln mit Hauptwerk","isPartOf":{"@id":"https:\/\/www.mixtuur.com\/#website"},"primaryImageOfPage":{"@id":"https:\/\/www.mixtuur.com\/de\/elektronische-orgel-kaufen\/#primaryimage"},"image":{"@id":"https:\/\/www.mixtuur.com\/de\/elektronische-orgel-kaufen\/#primaryimage"},"thumbnailUrl":"https:\/\/www.mixtuur.com\/wp-content\/uploads\/2019\/09\/Compact-orgel.jpg","datePublished":"2020-10-13T07:58:51+00:00","dateModified":"2025-09-30T06:16:48+00:00","description":"Elektronische Orgel kaufen bei Mixtuur: Hochwertige Digitalorgeln mit Hauptwerk-Technologie, ma\u00dfgeschneidert und mit bestem Klang. Jetzt beraten lassen!","breadcrumb":{"@id":"https:\/\/www.mixtuur.com\/de\/elektronische-orgel-kaufen\/#breadcrumb"},"inLanguage":"de","potentialAction":[{"@type":"ReadAction","target":["https:\/\/www.mixtuur.com\/de\/elektronische-orgel-kaufen\/"]}]},{"@type":"ImageObject","inLanguage":"de","@id":"https:\/\/www.mixtuur.com\/de\/elektronische-orgel-kaufen\/#primaryimage","url":"https:\/\/www.mixtuur.com\/wp-content\/uploads\/2019\/09\/Compact-orgel.jpg","contentUrl":"https:\/\/www.mixtuur.com\/wp-content\/uploads\/2019\/09\/Compact-orgel.jpg"},{"@type":"BreadcrumbList","@id":"https:\/\/www.mixtuur.com\/de\/elektronische-orgel-kaufen\/#breadcrumb","itemListElement":[{"@type":"ListItem","position":1,"name":"Home","item":"https:\/\/www.mixtuur.com\/de\/"},{"@type":"ListItem","position":2,"name":"elektronische orgel kaufen"}]},{"@type":"WebSite","@id":"https:\/\/www.mixtuur.com\/#website","url":"https:\/\/www.mixtuur.com\/","name":"Mixtuur","description":"The Authentic Sound","potentialAction":[{"@type":"SearchAction","target":{"@type":"EntryPoint","urlTemplate":"https:\/\/www.mixtuur.com\/?s={search_term_string}"},"query-input":{"@type":"PropertyValueSpecification","valueRequired":true,"valueName":"search_term_string"}}],"inLanguage":"de"}]}},"_links":{"self":[{"href":"https:\/\/www.mixtuur.com\/de\/wp-json\/wp\/v2\/pages\/24760","targetHints":{"allow":["GET"]}}],"collection":[{"href":"https:\/\/www.mixtuur.com\/de\/wp-json\/wp\/v2\/pages"}],"about":[{"href":"https:\/\/www.mixtuur.com\/de\/wp-json\/wp\/v2\/types\/page"}],"author":[{"embeddable":true,"href":"https:\/\/www.mixtuur.com\/de\/wp-json\/wp\/v2\/users\/17"}],"replies":[{"embeddable":true,"href":"https:\/\/www.mixtuur.com\/de\/wp-json\/wp\/v2\/comments?post=24760"}],"version-history":[{"count":4,"href":"https:\/\/www.mixtuur.com\/de\/wp-json\/wp\/v2\/pages\/24760\/revisions"}],"predecessor-version":[{"id":24768,"href":"https:\/\/www.mixtuur.com\/de\/wp-json\/wp\/v2\/pages\/24760\/revisions\/24768"}],"wp:attachment":[{"href":"https:\/\/www.mixtuur.com\/de\/wp-json\/wp\/v2\/media?parent=24760"}],"curies":[{"name":"wp","href":"https:\/\/api.w.org\/{rel}","templated":true}]}}