{"id":24602,"date":"2021-04-15T11:10:16","date_gmt":"2021-04-15T09:10:16","guid":{"rendered":"https:\/\/www.mixtuur.com\/hauptwerk-sample\/"},"modified":"2025-08-11T09:04:40","modified_gmt":"2025-08-11T07:04:40","slug":"hauptwerk-sample","status":"publish","type":"page","link":"https:\/\/www.mixtuur.com\/de\/hauptwerk-sample\/","title":{"rendered":"Hauptwerk-Sample"},"content":{"rendered":"<h1>Hauptwerk-Sample<\/h1>\n<p><strong>Sie haben sicher schon einmal von \u201eHauptwerk\u201c geh\u00f6rt. Mit den Orgeln von Mixtuur k\u00f6nnen Sie Ihr Instrument mit dieser einzigartigen Technik ausstatten. Sie laden Ihr Hauptwerk-Sample, und schon genie\u00dfen Sie die beeindruckenden Kl\u00e4nge einer bekannten Orgel. M\u00f6chten Sie mehr \u00fcber die Funktionsweise und Vorteile dieses Systems erfahren? Lesen Sie weiter.<\/strong><\/p>\n<h2 data-start=\"705\" data-end=\"736\">Wie funktioniert Hauptwerk?<\/h2>\n<p data-start=\"738\" data-end=\"1269\">Die meisten Orgeln haben nat\u00fcrliche Grenzen. <a href=\"https:\/\/www.mixtuur.com\/waarom-hauptwerk\/\">Hauptwerk<\/a> geht einen Schritt weiter. Durch die Hauptwerk-Software k\u00f6nnen Sie Stimmung und Tonh\u00f6he Ihres Instruments ganz einfach selbst anpassen \u2013 ohne jede einzelne Pfeife stimmen zu m\u00fcssen. Jeder Klang jeder Pfeife eines gesampleten Instruments wird aufgenommen \u2013 vom ersten Ansprechen der Pfeife \u00fcber das Loslassen der Taste bis hin zur gesamten Klangentwicklung. Das sorgt f\u00fcr einen realistischen, authentischen Klang und er\u00f6ffnet nahezu unbegrenzte M\u00f6glichkeiten beim Orgelspiel.<\/p>\n<p>&nbsp;<\/p>\n<p><a href=\"https:\/\/www.mixtuur.com\/wp-content\/uploads\/2021\/03\/20210216_151548-1-scaled.jpg\"><img loading=\"lazy\" decoding=\"async\" class=\"alignnone wp-image-9775 \" src=\"https:\/\/www.mixtuur.com\/wp-content\/uploads\/2021\/03\/20210216_151548-1-scaled.jpg\" alt=\"Mixtuur Hauptwerk-orgel\" width=\"628\" height=\"471\" srcset=\"https:\/\/www.mixtuur.com\/wp-content\/uploads\/2021\/03\/20210216_151548-1-scaled.jpg 2560w, https:\/\/www.mixtuur.com\/wp-content\/uploads\/2021\/03\/20210216_151548-1-300x225.jpg 300w, https:\/\/www.mixtuur.com\/wp-content\/uploads\/2021\/03\/20210216_151548-1-1030x773.jpg 1030w, https:\/\/www.mixtuur.com\/wp-content\/uploads\/2021\/03\/20210216_151548-1-768x576.jpg 768w, https:\/\/www.mixtuur.com\/wp-content\/uploads\/2021\/03\/20210216_151548-1-1536x1152.jpg 1536w, https:\/\/www.mixtuur.com\/wp-content\/uploads\/2021\/03\/20210216_151548-1-2048x1536.jpg 2048w, https:\/\/www.mixtuur.com\/wp-content\/uploads\/2021\/03\/20210216_151548-1-1500x1125.jpg 1500w, https:\/\/www.mixtuur.com\/wp-content\/uploads\/2021\/03\/20210216_151548-1-705x529.jpg 705w, https:\/\/www.mixtuur.com\/wp-content\/uploads\/2021\/03\/20210216_151548-1-450x338.jpg 450w\" sizes=\"auto, (max-width: 628px) 100vw, 628px\" \/><\/a><\/p>\n<h2 data-start=\"1271\" data-end=\"1304\">Was ist ein Hauptwerk-Sample?<\/h2>\n<p data-start=\"1306\" data-end=\"1734\">Hauptwerk ist eine leistungsstarke Software, die auf MIDI (Musical Instrument Digital Interface) basiert. Mit diesem Programm k\u00f6nnen Sie sogenannte \u201eSamplesets\u201c von gesampleten Orgeln laden.<br data-start=\"1496\" data-end=\"1499\" \/>So k\u00f6nnen Sie genauso gut Bach auf einer Silbermann-Orgel spielen wie auf einer Hinsz-Orgel aus der Bovenkerk in Kampen. Auf einem einzigen Instrument lassen sich mehrere Samplesets nutzen \u2013 von barocken bis hin zu romantischen Orgeln.<\/p>\n<p data-start=\"1736\" data-end=\"1983\">Kurz gesagt: Ein Hauptwerk-Sampleset bietet Ihnen endlose M\u00f6glichkeiten. Spielen Sie Musik so, wie sie gedacht ist \u2013 Hauptwerk macht es m\u00f6glich. Derzeit sind Hunderte von Orgeln als Sampleset erh\u00e4ltlich. Interessiert? <a href=\"https:\/\/www.hauptwerkshop.com\/software\/hauptwerk-samplesets\/alle-samplesets\/\">Hier<\/a> finden Sie eine Auswahl.<\/p>\n<h2 data-start=\"1985\" data-end=\"2023\">Mixtuur \u2013 Ihr Hauptwerk-Spezialist<\/h2>\n<p data-start=\"2025\" data-end=\"2402\">Mixtuur ist seit vielen Jahren auf den Bau von Orgeln sowie die Entwicklung von Audiotechnik und MIDI-Konsolen spezialisiert. Mit Hauptwerk arbeiten wir seit dessen Einf\u00fchrung. Seit 2007 sind wir offizieller Hauptwerk-H\u00e4ndler f\u00fcr die gesamte Benelux. Wir bauen Orgeln f\u00fcr Kirchen, Konzerts\u00e4le und private Kunden \u2013 von <a href=\"https:\/\/www.mixtuur.com\/de\/heimorgeln\/\">Standardmodellen<\/a> bis hin zu einzigartigen Ma\u00dfanfertigungen.<\/p>\n<p data-start=\"2404\" data-end=\"2836\">Alle Instrumente werden vollst\u00e4ndig in eigener Werkstatt entwickelt, gebaut und getestet. Zudem haben wir unsere eigenen Technologien entwickelt, die perfekt mit allen Hauptwerk-Samples harmonieren. Neben Orgeln fertigen wir auch alle Audiokomponenten \u2013 wie Verst\u00e4rker und Lautsprecher \u2013 selbst. So k\u00f6nnen wir Ihnen jederzeit den besten Service bieten. Sie genie\u00dfen garantiert ein optimales Klangerlebnis mit Ihrem Traum\u00adinstrument.<\/p>\n<h3 data-start=\"2838\" data-end=\"2881\">Mehr Informationen zu Hauptwerk-Samples<\/h3>\n<p data-start=\"2883\" data-end=\"3080\">Jetzt wissen Sie, welchen Wert ein <a href=\"https:\/\/www.mixtuur.com\/de\/hauptwerk\/\">Hauptwerk<\/a>-Sample hat. M\u00f6chten Sie unsere Hauptwerk-Orgeln live erleben? Vereinbaren Sie einen Termin f\u00fcr einen <a href=\"https:\/\/www.mixtuur.com\/de\/kontakt\/\">Besuch<\/a> in unserem Showroom. Wir freuen uns auf Sie!<\/p>\n<p data-start=\"3082\" data-end=\"3154\">Es ist auch m\u00f6glich, uns \u00fcber das folgende Kontaktformular zu erreichen:<\/p>\n\n<div class=\"wpcf7 no-js\" id=\"wpcf7-f2984-o1\" lang=\"nl-NL\" dir=\"ltr\" data-wpcf7-id=\"2984\">\n<div class=\"screen-reader-response\"><p role=\"status\" aria-live=\"polite\" aria-atomic=\"true\"><\/p> <ul><\/ul><\/div>\n<form action=\"\/de\/wp-json\/wp\/v2\/pages\/24602#wpcf7-f2984-o1\" method=\"post\" class=\"wpcf7-form init\" aria-label=\"Contactformulier\" novalidate=\"novalidate\" data-status=\"init\">\n<fieldset class=\"hidden-fields-container\"><input type=\"hidden\" name=\"_wpcf7\" value=\"2984\" \/><input type=\"hidden\" name=\"_wpcf7_version\" value=\"6.1.5\" \/><input type=\"hidden\" name=\"_wpcf7_locale\" value=\"nl_NL\" \/><input type=\"hidden\" name=\"_wpcf7_unit_tag\" value=\"wpcf7-f2984-o1\" \/><input type=\"hidden\" name=\"_wpcf7_container_post\" value=\"0\" \/><input type=\"hidden\" name=\"_wpcf7_posted_data_hash\" value=\"\" \/><input type=\"hidden\" name=\"_wpcf7_recaptcha_response\" value=\"\" \/>\n<\/fieldset>\n<p>Ihr Name (Pflichtangabe)\n<\/p>\n<p><span class=\"wpcf7-form-control-wrap\" data-name=\"your-name\"><input size=\"40\" maxlength=\"400\" class=\"wpcf7-form-control wpcf7-text wpcf7-validates-as-required\" aria-required=\"true\" aria-invalid=\"false\" value=\"\" type=\"text\" name=\"your-name\" \/><\/span>\n<\/p>\n<p>Ihre E-Mail-Adresse (Pflichtangabe)\n<\/p>\n<p><span class=\"wpcf7-form-control-wrap\" data-name=\"your-email\"><input size=\"40\" maxlength=\"400\" class=\"wpcf7-form-control wpcf7-email wpcf7-validates-as-required wpcf7-text wpcf7-validates-as-email\" aria-required=\"true\" aria-invalid=\"false\" value=\"\" type=\"email\" name=\"your-email\" \/><\/span>\n<\/p>\n<p>Telefonnummer\n<\/p>\n<p><span class=\"wpcf7-form-control-wrap\" data-name=\"tel-640\"><input size=\"40\" maxlength=\"400\" class=\"wpcf7-form-control wpcf7-tel wpcf7-text wpcf7-validates-as-tel\" aria-invalid=\"false\" value=\"\" type=\"tel\" name=\"tel-640\" \/><\/span>\n<\/p>\n<p>Betreff\n<\/p>\n<p><span class=\"wpcf7-form-control-wrap\" data-name=\"your-subject\"><input size=\"40\" maxlength=\"400\" class=\"wpcf7-form-control wpcf7-text\" aria-invalid=\"false\" value=\"\" type=\"text\" name=\"your-subject\" \/><\/span>\n<\/p>\n<p>Deine Nachricht\n<\/p>\n<p><span class=\"wpcf7-form-control-wrap\" data-name=\"your-message\"><textarea cols=\"40\" rows=\"10\" maxlength=\"2000\" class=\"wpcf7-form-control wpcf7-textarea\" aria-invalid=\"false\" name=\"your-message\"><\/textarea><\/span>\n<\/p>\n\n<p><input class=\"wpcf7-form-control wpcf7-submit has-spinner\" type=\"submit\" value=\"Senden\" \/>\n<\/p><div class=\"wpcf7-response-output\" aria-hidden=\"true\"><\/div>\n<\/form>\n<\/div>\n\n","protected":false},"excerpt":{"rendered":"<p>Hauptwerk-Sample Sie haben sicher schon einmal von \u201eHauptwerk\u201c geh\u00f6rt. Mit den Orgeln von Mixtuur k\u00f6nnen Sie Ihr Instrument mit dieser einzigartigen Technik ausstatten. Sie laden Ihr Hauptwerk-Sample, und schon genie\u00dfen Sie die beeindruckenden Kl\u00e4nge einer bekannten Orgel. M\u00f6chten Sie mehr \u00fcber die Funktionsweise und Vorteile dieses Systems erfahren? Lesen Sie weiter. Wie funktioniert Hauptwerk? Die [&hellip;]<\/p>\n","protected":false},"author":17,"featured_media":0,"parent":0,"menu_order":0,"comment_status":"closed","ping_status":"closed","template":"","meta":{"footnotes":""},"class_list":["post-24602","page","type-page","status-publish","hentry"],"yoast_head":"<!-- This site is optimized with the Yoast SEO plugin v25.5 - https:\/\/yoast.com\/wordpress\/plugins\/seo\/ -->\n<title>Hauptwerk-Sample: endlose M\u00f6glichkeiten | Mixtuur<\/title>\n<meta name=\"description\" content=\"Interessiert an einem Hauptwerk-Sample? Nat\u00fcrlich! Sie spielen mehrere Orgeln im Handumdrehen. M\u00f6chten Sie mehr erfahren? Lesen Sie weiter.\" \/>\n<meta name=\"robots\" content=\"index, follow, max-snippet:-1, max-image-preview:large, max-video-preview:-1\" \/>\n<link rel=\"canonical\" href=\"https:\/\/www.mixtuur.com\/hauptwerk-sample\/\" \/>\n<meta property=\"og:locale\" content=\"de_DE\" \/>\n<meta property=\"og:type\" content=\"article\" \/>\n<meta property=\"og:title\" content=\"Hauptwerk-Sample: endlose M\u00f6glichkeiten | Mixtuur\" \/>\n<meta property=\"og:description\" content=\"Interessiert an einem Hauptwerk-Sample? Nat\u00fcrlich! Sie spielen mehrere Orgeln im Handumdrehen. M\u00f6chten Sie mehr erfahren? Lesen Sie weiter.\" \/>\n<meta property=\"og:url\" content=\"https:\/\/www.mixtuur.com\/hauptwerk-sample\/\" \/>\n<meta property=\"og:site_name\" content=\"Mixtuur\" \/>\n<meta property=\"article:modified_time\" content=\"2025-08-11T07:04:40+00:00\" \/>\n<meta property=\"og:image\" content=\"https:\/\/www.mixtuur.com\/wp-content\/uploads\/2021\/03\/20210216_151548-1-scaled.jpg\" \/>\n\t<meta property=\"og:image:width\" content=\"2560\" \/>\n\t<meta property=\"og:image:height\" content=\"1920\" \/>\n\t<meta property=\"og:image:type\" content=\"image\/jpeg\" \/>\n<meta name=\"twitter:card\" content=\"summary_large_image\" \/>\n<meta name=\"twitter:label1\" content=\"Gesch\u00e4tzte Lesezeit\" \/>\n\t<meta name=\"twitter:data1\" content=\"2\u00a0Minuten\" \/>\n<script type=\"application\/ld+json\" class=\"yoast-schema-graph\">{\"@context\":\"https:\/\/schema.org\",\"@graph\":[{\"@type\":\"WebPage\",\"@id\":\"https:\/\/www.mixtuur.com\/hauptwerk-sample\/\",\"url\":\"https:\/\/www.mixtuur.com\/hauptwerk-sample\/\",\"name\":\"Hauptwerk-Sample: endlose M\u00f6glichkeiten | Mixtuur\",\"isPartOf\":{\"@id\":\"https:\/\/www.mixtuur.com\/#website\"},\"primaryImageOfPage\":{\"@id\":\"https:\/\/www.mixtuur.com\/hauptwerk-sample\/#primaryimage\"},\"image\":{\"@id\":\"https:\/\/www.mixtuur.com\/hauptwerk-sample\/#primaryimage\"},\"thumbnailUrl\":\"https:\/\/www.mixtuur.com\/wp-content\/uploads\/2021\/03\/20210216_151548-1-scaled.jpg\",\"datePublished\":\"2021-04-15T09:10:16+00:00\",\"dateModified\":\"2025-08-11T07:04:40+00:00\",\"description\":\"Interessiert an einem Hauptwerk-Sample? Nat\u00fcrlich! Sie spielen mehrere Orgeln im Handumdrehen. M\u00f6chten Sie mehr erfahren? Lesen Sie weiter.\",\"breadcrumb\":{\"@id\":\"https:\/\/www.mixtuur.com\/hauptwerk-sample\/#breadcrumb\"},\"inLanguage\":\"de\",\"potentialAction\":[{\"@type\":\"ReadAction\",\"target\":[\"https:\/\/www.mixtuur.com\/hauptwerk-sample\/\"]}]},{\"@type\":\"ImageObject\",\"inLanguage\":\"de\",\"@id\":\"https:\/\/www.mixtuur.com\/hauptwerk-sample\/#primaryimage\",\"url\":\"https:\/\/www.mixtuur.com\/wp-content\/uploads\/2021\/03\/20210216_151548-1-scaled.jpg\",\"contentUrl\":\"https:\/\/www.mixtuur.com\/wp-content\/uploads\/2021\/03\/20210216_151548-1-scaled.jpg\"},{\"@type\":\"BreadcrumbList\",\"@id\":\"https:\/\/www.mixtuur.com\/hauptwerk-sample\/#breadcrumb\",\"itemListElement\":[{\"@type\":\"ListItem\",\"position\":1,\"name\":\"Home\",\"item\":\"https:\/\/www.mixtuur.com\/de\/\"},{\"@type\":\"ListItem\",\"position\":2,\"name\":\"Hauptwerk-Sample\"}]},{\"@type\":\"WebSite\",\"@id\":\"https:\/\/www.mixtuur.com\/#website\",\"url\":\"https:\/\/www.mixtuur.com\/\",\"name\":\"Mixtuur\",\"description\":\"The Authentic Sound\",\"potentialAction\":[{\"@type\":\"SearchAction\",\"target\":{\"@type\":\"EntryPoint\",\"urlTemplate\":\"https:\/\/www.mixtuur.com\/?s={search_term_string}\"},\"query-input\":{\"@type\":\"PropertyValueSpecification\",\"valueRequired\":true,\"valueName\":\"search_term_string\"}}],\"inLanguage\":\"de\"}]}<\/script>\n<!-- \/ Yoast SEO plugin. -->","yoast_head_json":{"title":"Hauptwerk-Sample: endlose M\u00f6glichkeiten | Mixtuur","description":"Interessiert an einem Hauptwerk-Sample? Nat\u00fcrlich! Sie spielen mehrere Orgeln im Handumdrehen. M\u00f6chten Sie mehr erfahren? Lesen Sie weiter.","robots":{"index":"index","follow":"follow","max-snippet":"max-snippet:-1","max-image-preview":"max-image-preview:large","max-video-preview":"max-video-preview:-1"},"canonical":"https:\/\/www.mixtuur.com\/hauptwerk-sample\/","og_locale":"de_DE","og_type":"article","og_title":"Hauptwerk-Sample: endlose M\u00f6glichkeiten | Mixtuur","og_description":"Interessiert an einem Hauptwerk-Sample? Nat\u00fcrlich! Sie spielen mehrere Orgeln im Handumdrehen. M\u00f6chten Sie mehr erfahren? Lesen Sie weiter.","og_url":"https:\/\/www.mixtuur.com\/hauptwerk-sample\/","og_site_name":"Mixtuur","article_modified_time":"2025-08-11T07:04:40+00:00","og_image":[{"width":2560,"height":1920,"url":"https:\/\/www.mixtuur.com\/wp-content\/uploads\/2021\/03\/20210216_151548-1-scaled.jpg","type":"image\/jpeg"}],"twitter_card":"summary_large_image","twitter_misc":{"Gesch\u00e4tzte Lesezeit":"2\u00a0Minuten"},"schema":{"@context":"https:\/\/schema.org","@graph":[{"@type":"WebPage","@id":"https:\/\/www.mixtuur.com\/hauptwerk-sample\/","url":"https:\/\/www.mixtuur.com\/hauptwerk-sample\/","name":"Hauptwerk-Sample: endlose M\u00f6glichkeiten | Mixtuur","isPartOf":{"@id":"https:\/\/www.mixtuur.com\/#website"},"primaryImageOfPage":{"@id":"https:\/\/www.mixtuur.com\/hauptwerk-sample\/#primaryimage"},"image":{"@id":"https:\/\/www.mixtuur.com\/hauptwerk-sample\/#primaryimage"},"thumbnailUrl":"https:\/\/www.mixtuur.com\/wp-content\/uploads\/2021\/03\/20210216_151548-1-scaled.jpg","datePublished":"2021-04-15T09:10:16+00:00","dateModified":"2025-08-11T07:04:40+00:00","description":"Interessiert an einem Hauptwerk-Sample? Nat\u00fcrlich! Sie spielen mehrere Orgeln im Handumdrehen. M\u00f6chten Sie mehr erfahren? Lesen Sie weiter.","breadcrumb":{"@id":"https:\/\/www.mixtuur.com\/hauptwerk-sample\/#breadcrumb"},"inLanguage":"de","potentialAction":[{"@type":"ReadAction","target":["https:\/\/www.mixtuur.com\/hauptwerk-sample\/"]}]},{"@type":"ImageObject","inLanguage":"de","@id":"https:\/\/www.mixtuur.com\/hauptwerk-sample\/#primaryimage","url":"https:\/\/www.mixtuur.com\/wp-content\/uploads\/2021\/03\/20210216_151548-1-scaled.jpg","contentUrl":"https:\/\/www.mixtuur.com\/wp-content\/uploads\/2021\/03\/20210216_151548-1-scaled.jpg"},{"@type":"BreadcrumbList","@id":"https:\/\/www.mixtuur.com\/hauptwerk-sample\/#breadcrumb","itemListElement":[{"@type":"ListItem","position":1,"name":"Home","item":"https:\/\/www.mixtuur.com\/de\/"},{"@type":"ListItem","position":2,"name":"Hauptwerk-Sample"}]},{"@type":"WebSite","@id":"https:\/\/www.mixtuur.com\/#website","url":"https:\/\/www.mixtuur.com\/","name":"Mixtuur","description":"The Authentic Sound","potentialAction":[{"@type":"SearchAction","target":{"@type":"EntryPoint","urlTemplate":"https:\/\/www.mixtuur.com\/?s={search_term_string}"},"query-input":{"@type":"PropertyValueSpecification","valueRequired":true,"valueName":"search_term_string"}}],"inLanguage":"de"}]}},"_links":{"self":[{"href":"https:\/\/www.mixtuur.com\/de\/wp-json\/wp\/v2\/pages\/24602","targetHints":{"allow":["GET"]}}],"collection":[{"href":"https:\/\/www.mixtuur.com\/de\/wp-json\/wp\/v2\/pages"}],"about":[{"href":"https:\/\/www.mixtuur.com\/de\/wp-json\/wp\/v2\/types\/page"}],"author":[{"embeddable":true,"href":"https:\/\/www.mixtuur.com\/de\/wp-json\/wp\/v2\/users\/17"}],"replies":[{"embeddable":true,"href":"https:\/\/www.mixtuur.com\/de\/wp-json\/wp\/v2\/comments?post=24602"}],"version-history":[{"count":1,"href":"https:\/\/www.mixtuur.com\/de\/wp-json\/wp\/v2\/pages\/24602\/revisions"}],"predecessor-version":[{"id":24606,"href":"https:\/\/www.mixtuur.com\/de\/wp-json\/wp\/v2\/pages\/24602\/revisions\/24606"}],"wp:attachment":[{"href":"https:\/\/www.mixtuur.com\/de\/wp-json\/wp\/v2\/media?parent=24602"}],"curies":[{"name":"wp","href":"https:\/\/api.w.org\/{rel}","templated":true}]}}