{"id":24598,"date":"2021-06-04T15:02:53","date_gmt":"2021-06-04T13:02:53","guid":{"rendered":"https:\/\/www.mixtuur.com\/hauptwerk-orgel-bouwen\/"},"modified":"2025-08-11T09:06:39","modified_gmt":"2025-08-11T07:06:39","slug":"hauptwerk-orgel-bauen-lassen","status":"publish","type":"page","link":"https:\/\/www.mixtuur.com\/de\/hauptwerk-orgel-bauen-lassen\/","title":{"rendered":"Hauptwerk-Orgel bauen lassen"},"content":{"rendered":"<h1 data-start=\"317\" data-end=\"352\"><strong data-start=\"320\" data-end=\"352\">Hauptwerk-Orgel bauen lassen<\/strong><\/h1>\n<p data-start=\"354\" data-end=\"620\"><strong>Eine Hauptwerk-Orgel bauen lassen? Genau darin ist Mixtuur spezialisiert. Wir fertigen Orgeln ganz nach Ihren pers\u00f6nlichen W\u00fcnschen und Vorstellungen \u2013 f\u00fcr Ihr Wohnzimmer oder f\u00fcr Ihre Kirche. M\u00f6chten Sie mehr \u00fcber unsere Hauptwerk-Orgeln erfahren? Lesen Sie weiter.<\/strong><\/p>\n<h2 data-start=\"622\" data-end=\"655\">Was ist eine Hauptwerk-Orgel?<\/h2>\n<p data-start=\"657\" data-end=\"1102\">Eine Hauptwerk-Orgel ist ideal, wenn Sie ein Instrument ohne nat\u00fcrliche Grenzen suchen. Sie k\u00f6nnen mehrere Samplesets auf einer Orgel nutzen \u2013 egal ob Sie Bach spielen oder eine Silbermann-Orgel erklingen lassen m\u00f6chten. Das sorgt f\u00fcr Vielfalt und Spielfreude. Stimmung und Tonh\u00f6he lassen sich einfach anpassen \u2013 ganz ohne jede einzelne Pfeife stimmen zu m\u00fcssen. Neugierig auf die verschiedenen Samplesets f\u00fcr Ihre Orgel? <a href=\"https:\/\/www.mixtuur.com\/de\/hauptwerk-sample\/\">Hier<\/a> erfahren Sie mehr.<\/p>\n<p><a href=\"https:\/\/www.mixtuur.com\/wp-content\/uploads\/2021\/03\/20210216_151548-scaled.jpg\"><img loading=\"lazy\" decoding=\"async\" class=\"alignnone wp-image-9773 \" src=\"https:\/\/www.mixtuur.com\/wp-content\/uploads\/2021\/03\/20210216_151548-scaled.jpg\" alt=\"\" width=\"892\" height=\"669\" srcset=\"https:\/\/www.mixtuur.com\/wp-content\/uploads\/2021\/03\/20210216_151548-scaled.jpg 2560w, https:\/\/www.mixtuur.com\/wp-content\/uploads\/2021\/03\/20210216_151548-300x225.jpg 300w, https:\/\/www.mixtuur.com\/wp-content\/uploads\/2021\/03\/20210216_151548-1030x773.jpg 1030w, https:\/\/www.mixtuur.com\/wp-content\/uploads\/2021\/03\/20210216_151548-768x576.jpg 768w, https:\/\/www.mixtuur.com\/wp-content\/uploads\/2021\/03\/20210216_151548-1536x1152.jpg 1536w, https:\/\/www.mixtuur.com\/wp-content\/uploads\/2021\/03\/20210216_151548-2048x1536.jpg 2048w, https:\/\/www.mixtuur.com\/wp-content\/uploads\/2021\/03\/20210216_151548-1500x1125.jpg 1500w, https:\/\/www.mixtuur.com\/wp-content\/uploads\/2021\/03\/20210216_151548-705x529.jpg 705w, https:\/\/www.mixtuur.com\/wp-content\/uploads\/2021\/03\/20210216_151548-450x338.jpg 450w\" sizes=\"auto, (max-width: 892px) 100vw, 892px\" \/><\/a><\/p>\n<h2 data-start=\"1104\" data-end=\"1156\">Wie entsteht Ihre ma\u00dfgefertigte Hauptwerk-Orgel?<\/h2>\n<p data-start=\"1158\" data-end=\"1688\">Vielleicht haben Sie schon einen Blick auf unsere <a href=\"https:\/\/www.mixtuur.com\/de\/heimorgeln\/\">Orgelmodelle<\/a> auf der Website geworfen. Dank unseres Fachwissens k\u00f6nnen wir Ihre Hauptwerk-Orgel genau nach Ihren W\u00fcnschen gestalten \u2013 selbstverst\u00e4ndlich als ma\u00dfgefertigtes Einzelst\u00fcck. Gemeinsam besprechen wir das Design und alle M\u00f6glichkeiten. Ob spezielle Vorstellungen zu Farbe, Gr\u00f6\u00dfe oder Ausstattung \u2013 alles ist machbar. Wir verwenden zudem hochwertige Audio-Technik aus eigener Entwicklung. So stellen wir sicher, dass wir Ihnen jederzeit optimalen Klang und Service bieten.<\/p>\n<h2 data-start=\"1690\" data-end=\"1727\">Spezialist f\u00fcr Hauptwerk-Orgelbau<\/h2>\n<p data-start=\"1729\" data-end=\"2114\">Mixtuur Orgels ist seit vielen Jahren eine Autorit\u00e4t im <a href=\"https:\/\/www.mixtuur.com\/de\/hauptwerk\/\">Hauptwerk<\/a>-Orgelbau. Schon seit der Einf\u00fchrung von Hauptwerk in den Niederlanden sind wir dabei. Wir bauen Orgeln f\u00fcr Privatpersonen, Konzerts\u00e4le und Kirchen \u2013 vollst\u00e4ndig in eigener Werkstatt entwickelt, gefertigt und getestet. Suchen Sie Audiokomponenten wie Lautsprecher oder Verst\u00e4rker? Auch dann sind Sie bei Mixtuur richtig.<\/p>\n<h2 data-start=\"2116\" data-end=\"2151\">Starten Sie den Bau Ihrer Orgel<\/h2>\n<p data-start=\"2153\" data-end=\"2503\">M\u00f6chten Sie Ihre eigene Hauptwerk-Orgel bauen lassen? Das Spielen auf einer Mixtuur-Orgel ist immer ein Vergn\u00fcgen \u2013 und Sie m\u00fcssen es nicht f\u00fcr sich behalten. Mit Hauptwerk nehmen Sie Ihre Musik einfach in CD-Qualit\u00e4t oder als MIDI-Datei auf. So k\u00f6nnen Sie Ihre Aufnahmen mit Familie und Freunden teilen. Kontaktieren Sie uns \u2013 wir beraten Sie gerne.<\/p>\n\n<div class=\"wpcf7 no-js\" id=\"wpcf7-f2984-o1\" lang=\"nl-NL\" dir=\"ltr\" data-wpcf7-id=\"2984\">\n<div class=\"screen-reader-response\"><p role=\"status\" aria-live=\"polite\" aria-atomic=\"true\"><\/p> <ul><\/ul><\/div>\n<form action=\"\/de\/wp-json\/wp\/v2\/pages\/24598#wpcf7-f2984-o1\" method=\"post\" class=\"wpcf7-form init\" aria-label=\"Contactformulier\" novalidate=\"novalidate\" data-status=\"init\">\n<fieldset class=\"hidden-fields-container\"><input type=\"hidden\" name=\"_wpcf7\" value=\"2984\" \/><input type=\"hidden\" name=\"_wpcf7_version\" value=\"6.1.5\" \/><input type=\"hidden\" name=\"_wpcf7_locale\" value=\"nl_NL\" \/><input type=\"hidden\" name=\"_wpcf7_unit_tag\" value=\"wpcf7-f2984-o1\" \/><input type=\"hidden\" name=\"_wpcf7_container_post\" value=\"0\" \/><input type=\"hidden\" name=\"_wpcf7_posted_data_hash\" value=\"\" \/><input type=\"hidden\" name=\"_wpcf7_recaptcha_response\" value=\"\" \/>\n<\/fieldset>\n<p>Ihr Name (Pflichtangabe)\n<\/p>\n<p><span class=\"wpcf7-form-control-wrap\" data-name=\"your-name\"><input size=\"40\" maxlength=\"400\" class=\"wpcf7-form-control wpcf7-text wpcf7-validates-as-required\" aria-required=\"true\" aria-invalid=\"false\" value=\"\" type=\"text\" name=\"your-name\" \/><\/span>\n<\/p>\n<p>Ihre E-Mail-Adresse (Pflichtangabe)\n<\/p>\n<p><span class=\"wpcf7-form-control-wrap\" data-name=\"your-email\"><input size=\"40\" maxlength=\"400\" class=\"wpcf7-form-control wpcf7-email wpcf7-validates-as-required wpcf7-text wpcf7-validates-as-email\" aria-required=\"true\" aria-invalid=\"false\" value=\"\" type=\"email\" name=\"your-email\" \/><\/span>\n<\/p>\n<p>Telefonnummer\n<\/p>\n<p><span class=\"wpcf7-form-control-wrap\" data-name=\"tel-640\"><input size=\"40\" maxlength=\"400\" class=\"wpcf7-form-control wpcf7-tel wpcf7-text wpcf7-validates-as-tel\" aria-invalid=\"false\" value=\"\" type=\"tel\" name=\"tel-640\" \/><\/span>\n<\/p>\n<p>Betreff\n<\/p>\n<p><span class=\"wpcf7-form-control-wrap\" data-name=\"your-subject\"><input size=\"40\" maxlength=\"400\" class=\"wpcf7-form-control wpcf7-text\" aria-invalid=\"false\" value=\"\" type=\"text\" name=\"your-subject\" \/><\/span>\n<\/p>\n<p>Deine Nachricht\n<\/p>\n<p><span class=\"wpcf7-form-control-wrap\" data-name=\"your-message\"><textarea cols=\"40\" rows=\"10\" maxlength=\"2000\" class=\"wpcf7-form-control wpcf7-textarea\" aria-invalid=\"false\" name=\"your-message\"><\/textarea><\/span>\n<\/p>\n\n<p><input class=\"wpcf7-form-control wpcf7-submit has-spinner\" type=\"submit\" value=\"Senden\" \/>\n<\/p><div class=\"wpcf7-response-output\" aria-hidden=\"true\"><\/div>\n<\/form>\n<\/div>\n\n","protected":false},"excerpt":{"rendered":"<p>Hauptwerk-Orgel bauen lassen Eine Hauptwerk-Orgel bauen lassen? Genau darin ist Mixtuur spezialisiert. Wir fertigen Orgeln ganz nach Ihren pers\u00f6nlichen W\u00fcnschen und Vorstellungen \u2013 f\u00fcr Ihr Wohnzimmer oder f\u00fcr Ihre Kirche. M\u00f6chten Sie mehr \u00fcber unsere Hauptwerk-Orgeln erfahren? Lesen Sie weiter. Was ist eine Hauptwerk-Orgel? Eine Hauptwerk-Orgel ist ideal, wenn Sie ein Instrument ohne nat\u00fcrliche Grenzen [&hellip;]<\/p>\n","protected":false},"author":17,"featured_media":0,"parent":0,"menu_order":0,"comment_status":"closed","ping_status":"closed","template":"","meta":{"footnotes":""},"class_list":["post-24598","page","type-page","status-publish","hentry"],"yoast_head":"<!-- This site is optimized with the Yoast SEO plugin v25.5 - https:\/\/yoast.com\/wordpress\/plugins\/seo\/ -->\n<title>Hauptwerk-Orgel bauen lassen | Hauptwerk Spezialist | Mixtuur Orgels<\/title>\n<meta name=\"description\" content=\"Lassen Sie Ihre Hauptwerk-Orgel von Mixtuur bauen. Spezialist f\u00fcr Hauptwerk-Software \u2013 individuell nach Ihren W\u00fcnschen gefertigt. Mehr erfahren!\" \/>\n<meta name=\"robots\" content=\"index, follow, max-snippet:-1, max-image-preview:large, max-video-preview:-1\" \/>\n<link rel=\"canonical\" href=\"https:\/\/www.mixtuur.com\/de\/hauptwerk-orgel-bauen-lassen\/\" \/>\n<meta property=\"og:locale\" content=\"de_DE\" \/>\n<meta property=\"og:type\" content=\"article\" \/>\n<meta property=\"og:title\" content=\"Hauptwerk-Orgel bauen lassen | Hauptwerk Spezialist | Mixtuur Orgels\" \/>\n<meta property=\"og:description\" content=\"Lassen Sie Ihre Hauptwerk-Orgel von Mixtuur bauen. Spezialist f\u00fcr Hauptwerk-Software \u2013 individuell nach Ihren W\u00fcnschen gefertigt. Mehr erfahren!\" \/>\n<meta property=\"og:url\" content=\"https:\/\/www.mixtuur.com\/de\/hauptwerk-orgel-bauen-lassen\/\" \/>\n<meta property=\"og:site_name\" content=\"Mixtuur\" \/>\n<meta property=\"article:modified_time\" content=\"2025-08-11T07:06:39+00:00\" \/>\n<meta property=\"og:image\" content=\"https:\/\/www.mixtuur.com\/wp-content\/uploads\/2021\/03\/20210216_151548-scaled.jpg\" \/>\n\t<meta property=\"og:image:width\" content=\"2560\" \/>\n\t<meta property=\"og:image:height\" content=\"1920\" \/>\n\t<meta property=\"og:image:type\" content=\"image\/jpeg\" \/>\n<meta name=\"twitter:card\" content=\"summary_large_image\" \/>\n<meta name=\"twitter:label1\" content=\"Gesch\u00e4tzte Lesezeit\" \/>\n\t<meta name=\"twitter:data1\" content=\"2\u00a0Minuten\" \/>\n<script type=\"application\/ld+json\" class=\"yoast-schema-graph\">{\"@context\":\"https:\/\/schema.org\",\"@graph\":[{\"@type\":\"WebPage\",\"@id\":\"https:\/\/www.mixtuur.com\/de\/hauptwerk-orgel-bauen-lassen\/\",\"url\":\"https:\/\/www.mixtuur.com\/de\/hauptwerk-orgel-bauen-lassen\/\",\"name\":\"Hauptwerk-Orgel bauen lassen | Hauptwerk Spezialist | Mixtuur Orgels\",\"isPartOf\":{\"@id\":\"https:\/\/www.mixtuur.com\/#website\"},\"primaryImageOfPage\":{\"@id\":\"https:\/\/www.mixtuur.com\/de\/hauptwerk-orgel-bauen-lassen\/#primaryimage\"},\"image\":{\"@id\":\"https:\/\/www.mixtuur.com\/de\/hauptwerk-orgel-bauen-lassen\/#primaryimage\"},\"thumbnailUrl\":\"https:\/\/www.mixtuur.com\/wp-content\/uploads\/2021\/03\/20210216_151548-scaled.jpg\",\"datePublished\":\"2021-06-04T13:02:53+00:00\",\"dateModified\":\"2025-08-11T07:06:39+00:00\",\"description\":\"Lassen Sie Ihre Hauptwerk-Orgel von Mixtuur bauen. Spezialist f\u00fcr Hauptwerk-Software \u2013 individuell nach Ihren W\u00fcnschen gefertigt. Mehr erfahren!\",\"breadcrumb\":{\"@id\":\"https:\/\/www.mixtuur.com\/de\/hauptwerk-orgel-bauen-lassen\/#breadcrumb\"},\"inLanguage\":\"de\",\"potentialAction\":[{\"@type\":\"ReadAction\",\"target\":[\"https:\/\/www.mixtuur.com\/de\/hauptwerk-orgel-bauen-lassen\/\"]}]},{\"@type\":\"ImageObject\",\"inLanguage\":\"de\",\"@id\":\"https:\/\/www.mixtuur.com\/de\/hauptwerk-orgel-bauen-lassen\/#primaryimage\",\"url\":\"https:\/\/www.mixtuur.com\/wp-content\/uploads\/2021\/03\/20210216_151548-scaled.jpg\",\"contentUrl\":\"https:\/\/www.mixtuur.com\/wp-content\/uploads\/2021\/03\/20210216_151548-scaled.jpg\"},{\"@type\":\"BreadcrumbList\",\"@id\":\"https:\/\/www.mixtuur.com\/de\/hauptwerk-orgel-bauen-lassen\/#breadcrumb\",\"itemListElement\":[{\"@type\":\"ListItem\",\"position\":1,\"name\":\"Home\",\"item\":\"https:\/\/www.mixtuur.com\/de\/\"},{\"@type\":\"ListItem\",\"position\":2,\"name\":\"Hauptwerk-Orgel bauen lassen\"}]},{\"@type\":\"WebSite\",\"@id\":\"https:\/\/www.mixtuur.com\/#website\",\"url\":\"https:\/\/www.mixtuur.com\/\",\"name\":\"Mixtuur\",\"description\":\"The Authentic Sound\",\"potentialAction\":[{\"@type\":\"SearchAction\",\"target\":{\"@type\":\"EntryPoint\",\"urlTemplate\":\"https:\/\/www.mixtuur.com\/?s={search_term_string}\"},\"query-input\":{\"@type\":\"PropertyValueSpecification\",\"valueRequired\":true,\"valueName\":\"search_term_string\"}}],\"inLanguage\":\"de\"}]}<\/script>\n<!-- \/ Yoast SEO plugin. -->","yoast_head_json":{"title":"Hauptwerk-Orgel bauen lassen | Hauptwerk Spezialist | Mixtuur Orgels","description":"Lassen Sie Ihre Hauptwerk-Orgel von Mixtuur bauen. Spezialist f\u00fcr Hauptwerk-Software \u2013 individuell nach Ihren W\u00fcnschen gefertigt. Mehr erfahren!","robots":{"index":"index","follow":"follow","max-snippet":"max-snippet:-1","max-image-preview":"max-image-preview:large","max-video-preview":"max-video-preview:-1"},"canonical":"https:\/\/www.mixtuur.com\/de\/hauptwerk-orgel-bauen-lassen\/","og_locale":"de_DE","og_type":"article","og_title":"Hauptwerk-Orgel bauen lassen | Hauptwerk Spezialist | Mixtuur Orgels","og_description":"Lassen Sie Ihre Hauptwerk-Orgel von Mixtuur bauen. Spezialist f\u00fcr Hauptwerk-Software \u2013 individuell nach Ihren W\u00fcnschen gefertigt. Mehr erfahren!","og_url":"https:\/\/www.mixtuur.com\/de\/hauptwerk-orgel-bauen-lassen\/","og_site_name":"Mixtuur","article_modified_time":"2025-08-11T07:06:39+00:00","og_image":[{"width":2560,"height":1920,"url":"https:\/\/www.mixtuur.com\/wp-content\/uploads\/2021\/03\/20210216_151548-scaled.jpg","type":"image\/jpeg"}],"twitter_card":"summary_large_image","twitter_misc":{"Gesch\u00e4tzte Lesezeit":"2\u00a0Minuten"},"schema":{"@context":"https:\/\/schema.org","@graph":[{"@type":"WebPage","@id":"https:\/\/www.mixtuur.com\/de\/hauptwerk-orgel-bauen-lassen\/","url":"https:\/\/www.mixtuur.com\/de\/hauptwerk-orgel-bauen-lassen\/","name":"Hauptwerk-Orgel bauen lassen | Hauptwerk Spezialist | Mixtuur Orgels","isPartOf":{"@id":"https:\/\/www.mixtuur.com\/#website"},"primaryImageOfPage":{"@id":"https:\/\/www.mixtuur.com\/de\/hauptwerk-orgel-bauen-lassen\/#primaryimage"},"image":{"@id":"https:\/\/www.mixtuur.com\/de\/hauptwerk-orgel-bauen-lassen\/#primaryimage"},"thumbnailUrl":"https:\/\/www.mixtuur.com\/wp-content\/uploads\/2021\/03\/20210216_151548-scaled.jpg","datePublished":"2021-06-04T13:02:53+00:00","dateModified":"2025-08-11T07:06:39+00:00","description":"Lassen Sie Ihre Hauptwerk-Orgel von Mixtuur bauen. Spezialist f\u00fcr Hauptwerk-Software \u2013 individuell nach Ihren W\u00fcnschen gefertigt. Mehr erfahren!","breadcrumb":{"@id":"https:\/\/www.mixtuur.com\/de\/hauptwerk-orgel-bauen-lassen\/#breadcrumb"},"inLanguage":"de","potentialAction":[{"@type":"ReadAction","target":["https:\/\/www.mixtuur.com\/de\/hauptwerk-orgel-bauen-lassen\/"]}]},{"@type":"ImageObject","inLanguage":"de","@id":"https:\/\/www.mixtuur.com\/de\/hauptwerk-orgel-bauen-lassen\/#primaryimage","url":"https:\/\/www.mixtuur.com\/wp-content\/uploads\/2021\/03\/20210216_151548-scaled.jpg","contentUrl":"https:\/\/www.mixtuur.com\/wp-content\/uploads\/2021\/03\/20210216_151548-scaled.jpg"},{"@type":"BreadcrumbList","@id":"https:\/\/www.mixtuur.com\/de\/hauptwerk-orgel-bauen-lassen\/#breadcrumb","itemListElement":[{"@type":"ListItem","position":1,"name":"Home","item":"https:\/\/www.mixtuur.com\/de\/"},{"@type":"ListItem","position":2,"name":"Hauptwerk-Orgel bauen lassen"}]},{"@type":"WebSite","@id":"https:\/\/www.mixtuur.com\/#website","url":"https:\/\/www.mixtuur.com\/","name":"Mixtuur","description":"The Authentic Sound","potentialAction":[{"@type":"SearchAction","target":{"@type":"EntryPoint","urlTemplate":"https:\/\/www.mixtuur.com\/?s={search_term_string}"},"query-input":{"@type":"PropertyValueSpecification","valueRequired":true,"valueName":"search_term_string"}}],"inLanguage":"de"}]}},"_links":{"self":[{"href":"https:\/\/www.mixtuur.com\/de\/wp-json\/wp\/v2\/pages\/24598","targetHints":{"allow":["GET"]}}],"collection":[{"href":"https:\/\/www.mixtuur.com\/de\/wp-json\/wp\/v2\/pages"}],"about":[{"href":"https:\/\/www.mixtuur.com\/de\/wp-json\/wp\/v2\/types\/page"}],"author":[{"embeddable":true,"href":"https:\/\/www.mixtuur.com\/de\/wp-json\/wp\/v2\/users\/17"}],"replies":[{"embeddable":true,"href":"https:\/\/www.mixtuur.com\/de\/wp-json\/wp\/v2\/comments?post=24598"}],"version-history":[{"count":3,"href":"https:\/\/www.mixtuur.com\/de\/wp-json\/wp\/v2\/pages\/24598\/revisions"}],"predecessor-version":[{"id":24610,"href":"https:\/\/www.mixtuur.com\/de\/wp-json\/wp\/v2\/pages\/24598\/revisions\/24610"}],"wp:attachment":[{"href":"https:\/\/www.mixtuur.com\/de\/wp-json\/wp\/v2\/media?parent=24598"}],"curies":[{"name":"wp","href":"https:\/\/api.w.org\/{rel}","templated":true}]}}