{"id":24502,"date":"2022-06-20T16:45:40","date_gmt":"2022-06-20T14:45:40","guid":{"rendered":"https:\/\/www.mixtuur.com\/classic-pipe-organ\/"},"modified":"2025-07-22T14:04:42","modified_gmt":"2025-07-22T12:04:42","slug":"pfeifenorgel","status":"publish","type":"page","link":"https:\/\/www.mixtuur.com\/de\/pfeifenorgel\/","title":{"rendered":"Pfeifenorgel"},"content":{"rendered":"<div class='flex_column_table av-5y3we0v-f74864b2cd89f58cb0bc5a379f0a689f sc-av_one_full av-equal-height-column-flextable'>\n<style type=\"text\/css\" data-created_by=\"avia_inline_auto\" id=\"style-css-av-5y3we0v-f74864b2cd89f58cb0bc5a379f0a689f\">\n.flex_column.av-5y3we0v-f74864b2cd89f58cb0bc5a379f0a689f{\nborder-radius:0px 0px 0px 0px;\npadding:0 5% 3% 0;\n}\n<\/style>\n<div  class='flex_column av-5y3we0v-f74864b2cd89f58cb0bc5a379f0a689f av_one_full  avia-builder-el-0  el_before_av_section  avia-builder-el-no-sibling  first flex_column_table_cell av-equal-height-column av-align-middle  '     ><p>\n<style type=\"text\/css\" data-created_by=\"avia_inline_auto\" id=\"style-css-av-mdee1mcn-26e607b5288f65a1f5d15e935ffa52a7\">\n#top .av-special-heading.av-mdee1mcn-26e607b5288f65a1f5d15e935ffa52a7{\npadding-bottom:20px;\nfont-size:45px;\n}\nbody .av-special-heading.av-mdee1mcn-26e607b5288f65a1f5d15e935ffa52a7 .av-special-heading-tag .heading-char{\nfont-size:25px;\n}\n#top #wrap_all .av-special-heading.av-mdee1mcn-26e607b5288f65a1f5d15e935ffa52a7 .av-special-heading-tag{\nfont-size:45px;\n}\n.av-special-heading.av-mdee1mcn-26e607b5288f65a1f5d15e935ffa52a7 .av-subheading{\nfont-size:15px;\n}\n\n@media only screen and (min-width: 480px) and (max-width: 767px){ \n#top #wrap_all .av-special-heading.av-mdee1mcn-26e607b5288f65a1f5d15e935ffa52a7 .av-special-heading-tag{\nfont-size:0.8em;\n}\n}\n\n@media only screen and (max-width: 479px){ \n#top #wrap_all .av-special-heading.av-mdee1mcn-26e607b5288f65a1f5d15e935ffa52a7 .av-special-heading-tag{\nfont-size:0.8em;\n}\n}\n<\/style>\n<div  class='av-special-heading av-mdee1mcn-26e607b5288f65a1f5d15e935ffa52a7 av-special-heading-h2 blockquote modern-quote  avia-builder-el-1  el_before_av_textblock  avia-builder-el-first  av-inherit-size'><h2 class='av-special-heading-tag '  itemprop=\"headline\"  >Pfeifenorgel \u2013 Klassischer Klang, moderne Technologie<\/h2><div class=\"special-heading-border\"><div class=\"special-heading-inner-border\"><\/div><\/div><\/div><br \/>\n<section  class='av_textblock_section av-mdee2ym2-ecdbbf4c4fda436b93e169bf2978151f '   itemscope=\"itemscope\" itemtype=\"https:\/\/schema.org\/CreativeWork\" ><div class='avia_textblock'  itemprop=\"text\" ><p><strong>Die Pfeifenorgel ist ein klassisches Musikinstrument, das auch heute noch gespielt wird. Sie ist vor allem f\u00fcr ihren Einsatz in Kirchen w\u00e4hrend Gottesdiensten bekannt, erfreut sich aber auch in Konzerts\u00e4len gro\u00dfer Beliebtheit. Die verschiedenen Pfeifen der Orgel erzeugen ihren eigenen Klang durch ein Luftstromsystem. Die Anzahl der Pfeifen variiert je nach Orgel und kann bis zu zehntausend betragen, gesteuert \u00fcber Hunderte von Registerz\u00fcgen. Aber wussten Sie, dass man den Klang einer traditionellen Pfeifenorgel heute auch zu Hause erleben kann? Bei Mixtuur sind wir auf den Bau hochwertiger digitaler Pfeifenorgeln spezialisiert und bieten ein authentisches Klangerlebnis \u2013 kombiniert mit modernster Technologie.<\/strong><\/p>\n<h2>Was ist eine Pfeifenorgel?<\/h2>\n<p>Eine Pfeifenorgel ist ein klassisches Tasteninstrument, das T\u00f6ne erzeugt, indem Luft durch Pfeifen geleitet wird. Jede Pfeife hat ihren eigenen einzigartigen Ton, und die Anzahl der Pfeifen kann von wenigen Hundert bis zu \u00fcber zehntausend reichen. Gr\u00f6\u00dfere Pfeifenorgeln verf\u00fcgen oft \u00fcber mehrere Manuale, ein Pedalwerk und Hunderte von Registern, was eine au\u00dfergew\u00f6hnliche Klangvielfalt erm\u00f6glicht.<\/p>\n<p>Traditionell findet man Pfeifenorgeln in Kirchen, wo sie Ch\u00f6re und liturgische Feiern begleiten. Jede Pfeifenorgel ist individuell gebaut und genau auf die Akustik ihres Einsatzortes abgestimmt, was sie in Bauweise und Klang einzigartig macht.<\/p>\n<h2>Die Geschichte der Pfeifenorgel<\/h2>\n<p>Die fr\u00fcheste Form der Orgel, die sogenannte \u201eWasserorgel\u201c, stammt aus dem 3. Jahrhundert v. Chr. Im Laufe der Zeit entwickelte sich die Pfeifenorgel weiter und wurde ab dem 8<sup>.<\/sup> Jahrhundert zu einem festen Bestandteil europ\u00e4ischer Kirchen. Im Laufe der Jahrhunderte wurde die Mechanik des Instruments kontinuierlich verfeinert, wodurch mehrstimmiges Spiel und eine ausdrucksst\u00e4rkere Melodief\u00fchrung m\u00f6glich wurden. Mit der Einf\u00fchrung von Registern konnten Organisten zwischen verschiedenen Klangfarben wechseln und Orchesterinstrumente imitieren.<\/p>\n<\/div><\/section><br \/>\n\n<style type=\"text\/css\" data-created_by=\"avia_inline_auto\" id=\"style-css-av-mdegw7oz-3f2d07d4969b8b8143d9f3c3fa18f79c\">\n.avia-image-container.av-mdegw7oz-3f2d07d4969b8b8143d9f3c3fa18f79c img.avia_image{\nbox-shadow:none;\n}\n.avia-image-container.av-mdegw7oz-3f2d07d4969b8b8143d9f3c3fa18f79c .av-image-caption-overlay-center{\ncolor:#ffffff;\n}\n<\/style>\n<div  class='avia-image-container av-mdegw7oz-3f2d07d4969b8b8143d9f3c3fa18f79c av-styling- avia-align-center  avia-builder-el-3  el_after_av_textblock  el_before_av_textblock '   itemprop=\"image\" itemscope=\"itemscope\" itemtype=\"https:\/\/schema.org\/ImageObject\" ><div class=\"avia-image-container-inner\"><div class=\"avia-image-overlay-wrap\"><img decoding=\"async\" fetchpriority=\"high\" class='wp-image-20864 avia-img-lazy-loading-not-20864 avia_image ' src=\"https:\/\/www.mixtuur.com\/wp-content\/uploads\/2021\/07\/Copyright_www.unit-ed.nl-0291-1500x430.jpg\" alt='Custom Mixtuur Hauptwerk organ with pipes.' title='Copyright_www.unit-ed.nl-0291'  height=\"430\" width=\"1500\"  itemprop=\"thumbnailUrl\"  \/><\/div><\/div><\/div><br \/>\n<section  class='av_textblock_section av-mdegurjo-ad5e5271c79c27f0f15e06f7f04e5872 '   itemscope=\"itemscope\" itemtype=\"https:\/\/schema.org\/CreativeWork\" ><div class='avia_textblock'  itemprop=\"text\" ><h2>Der einzigartige Klang der Pfeifenorgel<\/h2>\n<p>Keine zwei Pfeifenorgeln sind gleich. Jedes Instrument wird individuell gebaut und sorgf\u00e4ltig intoniert, um optimal zur Akustik seines Aufstellungsortes zu passen. Der Klang einer Pfeifenorgel entsteht durch ihre Pfeifen \u2013 f\u00fcr jeden Ton eine eigene. Je nach gew\u00e4hlten Registern k\u00f6nnen pro Taste mehrere Pfeifen gleichzeitig erklingen, was dem Klang Tiefe, Farbe und Komplexit\u00e4t verleiht. Diese Individualit\u00e4t macht die Pfeifenorgel so besonders. Der Bau und die Wartung einer echten Pfeifenorgel erfordern jedoch viel Platz, Ressourcen und hohe Kosten.<\/p>\n<h2>Die Pfeifenorgel zuhause erleben \u2013 mit Mixtuur<\/h2>\n<p>M\u00f6chten Sie den Klang einer Pfeifenorgel in Ihrem eigenen Zuhause erleben? Bei Mixtuur machen wir es m\u00f6glich, das vollst\u00e4ndige Orgel-Erlebnis zu genie\u00dfen \u2013 ganz ohne die Einschr\u00e4nkungen eines traditionellen Instruments.<\/p>\n<p>Unsere digitalen Pfeifenorgeln basieren auf Hauptwerk: fortschrittlicher Software, die hochwertige Sample-Sets echter Pfeifenorgeln verwendet. Jedes Detail wird originalgetreu wiedergegeben \u2013 vom feinen Einschwingen einer Pfeife bis zur nat\u00fcrlichen Raumakustik. Mit einer Hauptwerk-Orgel holen Sie sich weltber\u00fchmte Orgeln direkt nach Hause.<\/p>\n<p>Mixtuur entwickelt und produziert alle Instrumente im eigenen Haus in Veenendaal (Niederlande). So gew\u00e4hrleisten wir eine perfekte Abstimmung zwischen Hardware und Software. Ob Sie eine unserer <a href=\"https:\/\/www.mixtuur.com\/de\/heimorgeln\/\">Standard-Hauptwerk-Orgeln<\/a> oder ein <a href=\"https:\/\/www.mixtuur.com\/de\/heimorgeln\/exclusive-design\/\">ma\u00dfgeschneidertes Modell w\u00fcnschen<\/a> \u2013 Sie erleben stets ein nahtloses und eindrucksvolles Spielgef\u00fchl.<\/p>\n<h2>M\u00f6chten Sie mehr \u00fcber unsere Pfeifenorgeln erfahren?<\/h2>\n<p>Sind Sie bereit, die Welt der digitalen Pfeifenorgeln zu entdecken? St\u00f6bern Sie durch unsere Instrumentenkollektion oder kontaktieren Sie uns f\u00fcr eine pers\u00f6nliche Beratung. Bei Mixtuur helfen wir Ihnen, die perfekte Pfeifenorgel zu finden \u2013 f\u00fcr Ihr Zuhause, Ihre Kirche oder Ihren Konzertsaal.<\/p>\n<\/div><\/section><\/p><\/div><\/div><!--close column table wrapper. Autoclose: 1 --><\/div><\/div><\/div><!-- close content main div --><\/div><\/div>\n<style type=\"text\/css\" data-created_by=\"avia_inline_auto\" id=\"style-css-av-21u9x2-77ff5fe36400782aaa64e02f53cec73d\">\n.avia-section.av-21u9x2-77ff5fe36400782aaa64e02f53cec73d{\nbackground-color:#decbb6;\nbackground-image:unset;\n}\n<\/style>\n<div id='av_section_1'  class='avia-section av-21u9x2-77ff5fe36400782aaa64e02f53cec73d main_color avia-section-default avia-no-border-styling  avia-builder-el-5  el_after_av_one_full  avia-builder-el-last  avia-bg-style-scroll av-minimum-height av-minimum-height-50 av-height-50  container_wrap fullsize'   data-av_minimum_height_pc='50' data-av_min_height_opt='50'><div class='container av-section-cont-open' ><div class='template-page content  av-content-full alpha units'><div class='post-entry post-entry-type-page post-entry-24502'><div class='entry-content-wrapper clearfix'>\n<div class='flex_column_table av-58dkbsm-18629878b57595cc8cecfcaaaa4227b5 sc-av_one_fourth av-equal-height-column-flextable'>\n<style type=\"text\/css\" data-created_by=\"avia_inline_auto\" id=\"style-css-av-58dkbsm-18629878b57595cc8cecfcaaaa4227b5\">\n.flex_column.av-58dkbsm-18629878b57595cc8cecfcaaaa4227b5{\nborder-radius:0px 0px 0px 0px;\npadding:0px 0px 0px 0px;\n}\n<\/style>\n<div  class='flex_column av-58dkbsm-18629878b57595cc8cecfcaaaa4227b5 av_one_fourth  avia-builder-el-6  el_before_av_one_fourth  avia-builder-el-first  first flex_column_table_cell av-equal-height-column av-align-top av-zero-column-padding  '     ><article  class='iconbox iconbox_top av-4ppx89i-1ba6c7ca13b9ba2ee36f9446c387191c  avia-builder-el-7  avia-builder-el-no-sibling  main_color'  itemscope=\"itemscope\" itemtype=\"https:\/\/schema.org\/CreativeWork\" ><div class=\"iconbox_content\"><header class=\"entry-content-header\" aria-label=\"Icon: RUFEN SIE UNS AN\"><a href='tel:+310306061212' title='RUFEN SIE UNS AN' aria-label='RUFEN SIE UNS AN'  class='iconbox_icon heading-color avia-iconfont avia-font-entypo-fontello' data-av_icon='\ue854' data-av_iconfont='entypo-fontello' title=\"RUFEN SIE UNS AN\" desc=\"RUFEN SIE UNS AN\" ><\/a><h3 class='iconbox_content_title '  itemprop=\"headline\" ><a href='tel:+310306061212' title='RUFEN SIE UNS AN' >RUFEN SIE UNS AN<\/a><\/h3><\/header><div class='iconbox_content_container '  itemprop=\"text\" ><p>Unsere Mitarbeiter<br \/>\nberaten Sie gerne<br \/>\npers\u00f6nlich \u00fcber unsere<br \/>\nProdukte und M\u00f6glichkeiten.<\/p>\n<div  class='avia-button-wrap av-4icg1me-3cd86e612447eb7f484cd6fbfefbed14-wrap avia-button-center  avia-builder-el-8  avia-builder-el-no-sibling '><a href='tel:+310306061212'  class='avia-button av-4icg1me-3cd86e612447eb7f484cd6fbfefbed14 av-link-btn avia-icon_select-no avia-size-medium avia-position-center avia-color-theme-color'  target=\"_blank\"  rel=\"noopener noreferrer\"  aria-label=\"+31 (0)30 - 60 61 212\"><span class='avia_iconbox_title' >+31 (0)30 - 60 61 212<\/span><\/a><\/div>\n<\/div><\/div><footer class=\"entry-footer\"><\/footer><\/article><\/div><div class='av-flex-placeholder'><\/div>\n<style type=\"text\/css\" data-created_by=\"avia_inline_auto\" id=\"style-css-av-3z5ii3a-a45b915edf96a170d5d552287b1fca8d\">\n.flex_column.av-3z5ii3a-a45b915edf96a170d5d552287b1fca8d{\nborder-radius:0px 0px 0px 0px;\npadding:0px 0px 0px 0px;\n}\n<\/style>\n<div  class='flex_column av-3z5ii3a-a45b915edf96a170d5d552287b1fca8d av_one_fourth  avia-builder-el-9  el_after_av_one_fourth  el_before_av_one_fourth  flex_column_table_cell av-equal-height-column av-align-top av-zero-column-padding  '     ><article  class='iconbox iconbox_top av-3gjaueu-d00a72da8b270cd9fd141eb01bfe56a8  avia-builder-el-10  avia-builder-el-no-sibling  main_color'  itemscope=\"itemscope\" itemtype=\"https:\/\/schema.org\/CreativeWork\" ><div class=\"iconbox_content\"><header class=\"entry-content-header\" aria-label=\"Icon: RUF MICH ZUR\u00dcCK\"><div class='iconbox_icon heading-color avia-iconfont avia-font-entypo-fontello' data-av_icon='\ue854' data-av_iconfont='entypo-fontello'  ><\/div><h3 class='iconbox_content_title '  itemprop=\"headline\" >RUF MICH ZUR\u00dcCK<\/h3><\/header><div class='iconbox_content_container '  itemprop=\"text\" ><p>Gib hier deine Telefonnummer ein.<br \/>\n\n<div class=\"wpcf7 no-js\" id=\"wpcf7-f4758-o1\" lang=\"nl-NL\" dir=\"ltr\" data-wpcf7-id=\"4758\">\n<div class=\"screen-reader-response\"><p role=\"status\" aria-live=\"polite\" aria-atomic=\"true\"><\/p> <ul><\/ul><\/div>\n<form action=\"\/de\/wp-json\/wp\/v2\/pages\/24502#wpcf7-f4758-o1\" method=\"post\" class=\"wpcf7-form init\" aria-label=\"Contactformulier\" novalidate=\"novalidate\" data-status=\"init\">\n<fieldset class=\"hidden-fields-container\"><input type=\"hidden\" name=\"_wpcf7\" value=\"4758\" \/><input type=\"hidden\" name=\"_wpcf7_version\" value=\"6.1.5\" \/><input type=\"hidden\" name=\"_wpcf7_locale\" value=\"nl_NL\" \/><input type=\"hidden\" name=\"_wpcf7_unit_tag\" value=\"wpcf7-f4758-o1\" \/><input type=\"hidden\" name=\"_wpcf7_container_post\" value=\"0\" \/><input type=\"hidden\" name=\"_wpcf7_posted_data_hash\" value=\"\" \/><input type=\"hidden\" name=\"_wpcf7_recaptcha_response\" value=\"\" \/>\n<\/fieldset>\n<p><span class=\"wpcf7-form-control-wrap telephone\"><input class=\"wpcf7-form-control wpcf7-intl_tel wpcf7-validates-as-required wpcf7-intl-tel\" aria-required=\"true\" aria-invalid=\"false\" placeholder=\"Telefonnummer\" data-initialcountry=\"de\" value=\"\" type=\"tel\" name=\"telephone-cf7it-national\" \/><input name=\"telephone\" type=\"hidden\" class=\"wpcf7-intl-tel-full\" \/><input type=\"hidden\" name=\"telephone-cf7it-country-name\" class=\"wpcf7-intl-tel-country-name\" \/><input type=\"hidden\" name=\"telephone-cf7it-country-code\" class=\"wpcf7-intl-tel-country-code\" \/><input type=\"hidden\" name=\"telephone-cf7it-country-iso2\" class=\"wpcf7-intl-tel-country-iso2\" \/><\/span>\n<\/p>\n<p><input class=\"wpcf7-form-control wpcf7-submit has-spinner avia-button\" type=\"submit\" value=\"RUF MICH AN\" \/>\n<\/p><div class=\"wpcf7-response-output\" aria-hidden=\"true\"><\/div>\n<\/form>\n<\/div>\n<\/p>\n<\/div><\/div><footer class=\"entry-footer\"><\/footer><\/article><\/div><div class='av-flex-placeholder'><\/div>\n<style type=\"text\/css\" data-created_by=\"avia_inline_auto\" id=\"style-css-av-36d0z1y-09f41ce4ababebeaeb4bad7a48a4fba0\">\n.flex_column.av-36d0z1y-09f41ce4ababebeaeb4bad7a48a4fba0{\nborder-radius:0px 0px 0px 0px;\npadding:0px 0px 0px 0px;\n}\n<\/style>\n<div  class='flex_column av-36d0z1y-09f41ce4ababebeaeb4bad7a48a4fba0 av_one_fourth  avia-builder-el-11  el_after_av_one_fourth  el_before_av_one_fourth  flex_column_table_cell av-equal-height-column av-align-top av-zero-column-padding  '     ><article  class='iconbox iconbox_top av-2prg76e-95d4ce40b6567b44af8cf8f9bb466b30  avia-builder-el-12  avia-builder-el-no-sibling  main_color'  itemscope=\"itemscope\" itemtype=\"https:\/\/schema.org\/CreativeWork\" ><div class=\"iconbox_content\"><header class=\"entry-content-header\" aria-label=\"Icon: E-MAIL\"><a href='mailto:info@mixtuur.com' title='E-MAIL' aria-label='E-MAIL'  class='iconbox_icon heading-color avia-iconfont avia-font-entypo-fontello' data-av_icon='\ue805' data-av_iconfont='entypo-fontello' title=\"E-MAIL\" desc=\"E-MAIL\" ><\/a><h3 class='iconbox_content_title '  itemprop=\"headline\" ><a href='mailto:info@mixtuur.com' title='E-MAIL' >E-MAIL<\/a><\/h3><\/header><div class='iconbox_content_container '  itemprop=\"text\" ><p>Sie k\u00f6nnen uns auch per E-Mail erreichen. Wir werden versuchen, Ihnen so rasch wie m\u00f6glich zu antworten.<\/p>\n<div  class='avia-button-wrap av-20xbevq-9e431e26fcf64702b15f9d3921a7465b-wrap avia-button-center  avia-builder-el-13  avia-builder-el-no-sibling '><a href='mailto:info@mixtuur.com'  class='avia-button av-20xbevq-9e431e26fcf64702b15f9d3921a7465b av-link-btn avia-icon_select-no avia-size-medium avia-position-center avia-color-theme-color'  target=\"_blank\"  rel=\"noopener noreferrer\"  aria-label=\"MAILEN SIE UNS\"><span class='avia_iconbox_title' >MAILEN SIE UNS<\/span><\/a><\/div>\n<\/div><\/div><footer class=\"entry-footer\"><\/footer><\/article><\/div><div class='av-flex-placeholder'><\/div>\n<style type=\"text\/css\" data-created_by=\"avia_inline_auto\" id=\"style-css-av-1oi2l92-8f5400b28b3f5ec2b3ef8cf9a184bc9e\">\n.flex_column.av-1oi2l92-8f5400b28b3f5ec2b3ef8cf9a184bc9e{\nborder-radius:0px 0px 0px 0px;\npadding:0px 0px 0px 0px;\n}\n<\/style>\n<div  class='flex_column av-1oi2l92-8f5400b28b3f5ec2b3ef8cf9a184bc9e av_one_fourth  avia-builder-el-14  el_after_av_one_fourth  avia-builder-el-last  flex_column_table_cell av-equal-height-column av-align-top av-zero-column-padding  '     ><article  class='iconbox iconbox_top av-16uv7xy-df8675f54ca0f889b278144091c76e87  avia-builder-el-15  avia-builder-el-no-sibling  main_color'  itemscope=\"itemscope\" itemtype=\"https:\/\/schema.org\/CreativeWork\" ><div class=\"iconbox_content\"><header class=\"entry-content-header\" aria-label=\"Icon: BROSCH\u00dcRE\"><a href='https:\/\/www.mixtuur.com\/de\/aktuelles\/' title='BROSCH\u00dcRE' aria-label='BROSCH\u00dcRE'  class='iconbox_icon heading-color avia-iconfont avia-font-entypo-fontello' data-av_icon='\ue84e' data-av_iconfont='entypo-fontello' title=\"BROSCH\u00dcRE\" desc=\"BROSCH\u00dcRE\" ><\/a><h3 class='iconbox_content_title '  itemprop=\"headline\" ><a href='https:\/\/www.mixtuur.com\/de\/aktuelles\/' title='BROSCH\u00dcRE' >BROSCH\u00dcRE<\/a><\/h3><\/header><div class='iconbox_content_container '  itemprop=\"text\" ><p>In dieser Brosch\u00fcre<br \/>\nfinden\u00a0Sie ausf\u00fchrliche<br \/>\nInformationen\u00a0zu<br \/>\ndiesem Produkt.<\/p>\n<div  class='avia-button-wrap av-oehlzq-99d91092995744cdac88bb1e221f8337-wrap avia-button-center  avia-builder-el-16  avia-builder-el-no-sibling '><a href='https:\/\/www.mixtuur.com\/brochure-aanvragen\/'  class='avia-button av-oehlzq-99d91092995744cdac88bb1e221f8337 av-link-btn avia-icon_select-no avia-size-medium avia-position-center avia-color-theme-color'   aria-label=\"HERUNTERLADEN\"><span class='avia_iconbox_title' >HERUNTERLADEN<\/span><\/a><\/div>\n<\/div><\/div><footer class=\"entry-footer\"><\/footer><\/article><\/div><\/div><!--close column table wrapper. Autoclose: 1 -->\n<\/p>\n","protected":false},"excerpt":{"rendered":"","protected":false},"author":17,"featured_media":0,"parent":0,"menu_order":0,"comment_status":"closed","ping_status":"closed","template":"","meta":{"footnotes":""},"class_list":["post-24502","page","type-page","status-publish","hentry"],"yoast_head":"<!-- This site is optimized with the Yoast SEO plugin v25.5 - https:\/\/yoast.com\/wordpress\/plugins\/seo\/ -->\n<title>Pfeifenorgel: Geschichte, Klang &amp; digitale Hauptwerk-Orgeln von Mixtuur<\/title>\n<meta name=\"description\" content=\"Erfahren Sie mehr \u00fcber die Pfeifenorgel: ihre Geschichte, ihren einzigartigen Klang und wie Mixtuur sie mit modernster digitaler Technologie neu erschafft.\" \/>\n<meta name=\"robots\" content=\"index, follow, max-snippet:-1, max-image-preview:large, max-video-preview:-1\" \/>\n<link rel=\"canonical\" href=\"https:\/\/www.mixtuur.com\/de\/pfeifenorgel\/\" \/>\n<meta property=\"og:locale\" content=\"de_DE\" \/>\n<meta property=\"og:type\" content=\"article\" \/>\n<meta property=\"og:title\" content=\"Pfeifenorgel: Geschichte, Klang &amp; digitale Hauptwerk-Orgeln von Mixtuur\" \/>\n<meta property=\"og:description\" content=\"Erfahren Sie mehr \u00fcber die Pfeifenorgel: ihre Geschichte, ihren einzigartigen Klang und wie Mixtuur sie mit modernster digitaler Technologie neu erschafft.\" \/>\n<meta property=\"og:url\" content=\"https:\/\/www.mixtuur.com\/de\/pfeifenorgel\/\" \/>\n<meta property=\"og:site_name\" content=\"Mixtuur\" \/>\n<meta property=\"article:modified_time\" content=\"2025-07-22T12:04:42+00:00\" \/>\n<meta name=\"twitter:card\" content=\"summary_large_image\" \/>\n<meta name=\"twitter:label1\" content=\"Gesch\u00e4tzte Lesezeit\" \/>\n\t<meta name=\"twitter:data1\" content=\"6\u00a0Minuten\" \/>\n<script type=\"application\/ld+json\" class=\"yoast-schema-graph\">{\"@context\":\"https:\/\/schema.org\",\"@graph\":[{\"@type\":\"WebPage\",\"@id\":\"https:\/\/www.mixtuur.com\/de\/pfeifenorgel\/\",\"url\":\"https:\/\/www.mixtuur.com\/de\/pfeifenorgel\/\",\"name\":\"Pfeifenorgel: Geschichte, Klang & digitale Hauptwerk-Orgeln von Mixtuur\",\"isPartOf\":{\"@id\":\"https:\/\/www.mixtuur.com\/#website\"},\"datePublished\":\"2022-06-20T14:45:40+00:00\",\"dateModified\":\"2025-07-22T12:04:42+00:00\",\"description\":\"Erfahren Sie mehr \u00fcber die Pfeifenorgel: ihre Geschichte, ihren einzigartigen Klang und wie Mixtuur sie mit modernster digitaler Technologie neu erschafft.\",\"breadcrumb\":{\"@id\":\"https:\/\/www.mixtuur.com\/de\/pfeifenorgel\/#breadcrumb\"},\"inLanguage\":\"de\",\"potentialAction\":[{\"@type\":\"ReadAction\",\"target\":[\"https:\/\/www.mixtuur.com\/de\/pfeifenorgel\/\"]}]},{\"@type\":\"BreadcrumbList\",\"@id\":\"https:\/\/www.mixtuur.com\/de\/pfeifenorgel\/#breadcrumb\",\"itemListElement\":[{\"@type\":\"ListItem\",\"position\":1,\"name\":\"Home\",\"item\":\"https:\/\/www.mixtuur.com\/de\/\"},{\"@type\":\"ListItem\",\"position\":2,\"name\":\"Pfeifenorgel\"}]},{\"@type\":\"WebSite\",\"@id\":\"https:\/\/www.mixtuur.com\/#website\",\"url\":\"https:\/\/www.mixtuur.com\/\",\"name\":\"Mixtuur\",\"description\":\"The Authentic Sound\",\"potentialAction\":[{\"@type\":\"SearchAction\",\"target\":{\"@type\":\"EntryPoint\",\"urlTemplate\":\"https:\/\/www.mixtuur.com\/?s={search_term_string}\"},\"query-input\":{\"@type\":\"PropertyValueSpecification\",\"valueRequired\":true,\"valueName\":\"search_term_string\"}}],\"inLanguage\":\"de\"}]}<\/script>\n<!-- \/ Yoast SEO plugin. -->","yoast_head_json":{"title":"Pfeifenorgel: Geschichte, Klang & digitale Hauptwerk-Orgeln von Mixtuur","description":"Erfahren Sie mehr \u00fcber die Pfeifenorgel: ihre Geschichte, ihren einzigartigen Klang und wie Mixtuur sie mit modernster digitaler Technologie neu erschafft.","robots":{"index":"index","follow":"follow","max-snippet":"max-snippet:-1","max-image-preview":"max-image-preview:large","max-video-preview":"max-video-preview:-1"},"canonical":"https:\/\/www.mixtuur.com\/de\/pfeifenorgel\/","og_locale":"de_DE","og_type":"article","og_title":"Pfeifenorgel: Geschichte, Klang & digitale Hauptwerk-Orgeln von Mixtuur","og_description":"Erfahren Sie mehr \u00fcber die Pfeifenorgel: ihre Geschichte, ihren einzigartigen Klang und wie Mixtuur sie mit modernster digitaler Technologie neu erschafft.","og_url":"https:\/\/www.mixtuur.com\/de\/pfeifenorgel\/","og_site_name":"Mixtuur","article_modified_time":"2025-07-22T12:04:42+00:00","twitter_card":"summary_large_image","twitter_misc":{"Gesch\u00e4tzte Lesezeit":"6\u00a0Minuten"},"schema":{"@context":"https:\/\/schema.org","@graph":[{"@type":"WebPage","@id":"https:\/\/www.mixtuur.com\/de\/pfeifenorgel\/","url":"https:\/\/www.mixtuur.com\/de\/pfeifenorgel\/","name":"Pfeifenorgel: Geschichte, Klang & digitale Hauptwerk-Orgeln von Mixtuur","isPartOf":{"@id":"https:\/\/www.mixtuur.com\/#website"},"datePublished":"2022-06-20T14:45:40+00:00","dateModified":"2025-07-22T12:04:42+00:00","description":"Erfahren Sie mehr \u00fcber die Pfeifenorgel: ihre Geschichte, ihren einzigartigen Klang und wie Mixtuur sie mit modernster digitaler Technologie neu erschafft.","breadcrumb":{"@id":"https:\/\/www.mixtuur.com\/de\/pfeifenorgel\/#breadcrumb"},"inLanguage":"de","potentialAction":[{"@type":"ReadAction","target":["https:\/\/www.mixtuur.com\/de\/pfeifenorgel\/"]}]},{"@type":"BreadcrumbList","@id":"https:\/\/www.mixtuur.com\/de\/pfeifenorgel\/#breadcrumb","itemListElement":[{"@type":"ListItem","position":1,"name":"Home","item":"https:\/\/www.mixtuur.com\/de\/"},{"@type":"ListItem","position":2,"name":"Pfeifenorgel"}]},{"@type":"WebSite","@id":"https:\/\/www.mixtuur.com\/#website","url":"https:\/\/www.mixtuur.com\/","name":"Mixtuur","description":"The Authentic Sound","potentialAction":[{"@type":"SearchAction","target":{"@type":"EntryPoint","urlTemplate":"https:\/\/www.mixtuur.com\/?s={search_term_string}"},"query-input":{"@type":"PropertyValueSpecification","valueRequired":true,"valueName":"search_term_string"}}],"inLanguage":"de"}]}},"_links":{"self":[{"href":"https:\/\/www.mixtuur.com\/de\/wp-json\/wp\/v2\/pages\/24502","targetHints":{"allow":["GET"]}}],"collection":[{"href":"https:\/\/www.mixtuur.com\/de\/wp-json\/wp\/v2\/pages"}],"about":[{"href":"https:\/\/www.mixtuur.com\/de\/wp-json\/wp\/v2\/types\/page"}],"author":[{"embeddable":true,"href":"https:\/\/www.mixtuur.com\/de\/wp-json\/wp\/v2\/users\/17"}],"replies":[{"embeddable":true,"href":"https:\/\/www.mixtuur.com\/de\/wp-json\/wp\/v2\/comments?post=24502"}],"version-history":[{"count":9,"href":"https:\/\/www.mixtuur.com\/de\/wp-json\/wp\/v2\/pages\/24502\/revisions"}],"predecessor-version":[{"id":24515,"href":"https:\/\/www.mixtuur.com\/de\/wp-json\/wp\/v2\/pages\/24502\/revisions\/24515"}],"wp:attachment":[{"href":"https:\/\/www.mixtuur.com\/de\/wp-json\/wp\/v2\/media?parent=24502"}],"curies":[{"name":"wp","href":"https:\/\/api.w.org\/{rel}","templated":true}]}}