{"id":24354,"date":"2020-06-23T11:00:36","date_gmt":"2020-06-23T09:00:36","guid":{"rendered":"https:\/\/www.mixtuur.com\/orgelbouwer\/"},"modified":"2025-05-22T11:35:08","modified_gmt":"2025-05-22T09:35:08","slug":"orgel-bauer","status":"publish","type":"page","link":"https:\/\/www.mixtuur.com\/de\/orgel-bauer\/","title":{"rendered":"Orgel Bauer"},"content":{"rendered":"\r\n<h1 class=\"wp-block-heading\">Orgel Bauer<\/h1>\r\n\r\n\r\n\r\n<p><strong>Sind Sie auf der Suche nach einer Orgel? Sowohl Privatpersonen als auch Kirchen und Konzerts\u00e4le k\u00f6nnen sich an Mixtuur Orgeln wenden, wenn es um den Bau einer Orgel geht. Mixtuur ist ein professioneller Orgel Bauer und bietet sowohl ma\u00dfgefertigte Orgeln als auch verschiedene Standardmodelle an. M\u00f6chten Sie mehr erfahren? Dann lesen Sie weiter.<\/strong><\/p>\r\n\r\n\r\n\r\n\r\n\r\n<figure class=\"wp-block-image size-featured_large\"><a href=\"https:\/\/www.mixtuur.com\/wp-content\/uploads\/2020\/09\/Classical-organ.jpg\"><img loading=\"lazy\" decoding=\"async\" class=\"alignnone wp-image-8641 size-full\" src=\"https:\/\/www.mixtuur.com\/wp-content\/uploads\/2020\/09\/Classical-organ.jpg\" alt=\"klassische Orgel\" width=\"1500\" height=\"1000\" srcset=\"https:\/\/www.mixtuur.com\/wp-content\/uploads\/2020\/09\/Classical-organ.jpg 1500w, https:\/\/www.mixtuur.com\/wp-content\/uploads\/2020\/09\/Classical-organ-300x200.jpg 300w, https:\/\/www.mixtuur.com\/wp-content\/uploads\/2020\/09\/Classical-organ-1030x687.jpg 1030w, https:\/\/www.mixtuur.com\/wp-content\/uploads\/2020\/09\/Classical-organ-768x512.jpg 768w, https:\/\/www.mixtuur.com\/wp-content\/uploads\/2020\/09\/Classical-organ-705x470.jpg 705w, https:\/\/www.mixtuur.com\/wp-content\/uploads\/2020\/09\/Classical-organ-450x300.jpg 450w\" sizes=\"auto, (max-width: 1500px) 100vw, 1500px\" \/><\/a><\/figure>\r\n\r\n\r\n\r\n<h2 class=\"wp-block-heading\">Woraus besteht eine Orgel?<\/h2>\r\n\r\n\r\n\r\n<p>Eine Orgel besteht haupts\u00e4chlich aus Holz und Metall. Das Orgelgeh\u00e4use wird aus Holz gefertigt \u2013 bevorzugt aus nat\u00fcrlich getrocknetem Holz, da es nicht aufquillt. Die Orgelpfeifen bestehen aus einer Legierung aus Zinn und Blei. Jede klassische Pfeifenorgel besteht aus einer Windversorgung, Pfeifenwerk, Trakturen, Manualen und Pedal, Spielhilfen und nat\u00fcrlich dem Orgelgeh\u00e4use. Eine Hauptwerk-Orgel hingegen ist eine digitale Orgel, die auf Software basiert. Jeder Ton wird Pfeife f\u00fcr Pfeife einzeln aufgenommen \u2013 das Ergebnis ist vom Klang einer klassischen Orgel kaum zu unterscheiden.<\/p>\r\n<p>Eine ma\u00dfgefertigte Orgel l\u00e4sst sich vollst\u00e4ndig nach Ihren W\u00fcnschen gestalten. Mixtuur bietet dar\u00fcber hinaus verschiedene Standardmodelle, die selbstverst\u00e4ndlich individuell angepasst werden k\u00f6nnen. W\u00e4hlen Sie beispielsweise die Farbe des Geh\u00e4uses, das Material der Manuale oder die Art der Bank. Auch Pedale, Pistons und externe Anschl\u00fcsse sind frei w\u00e4hlbar.<\/p>\r\n<p><span style=\"font-size: 28px; font-weight: 600;\">Die Vorteile von Hauptwerk<\/span><\/p>\r\n\r\n\r\n\r\n<p>Mixtuur Orgeln baut Orgeln mit Hauptwerk-Technologie. Zahlreiche private Kunden sowie Kirchen sind bereits von den M\u00f6glichkeiten der vielseitigen Hauptwerk-Software begeistert. Hauptwerk bietet eine enorme Vielfalt \u2013 viele weltber\u00fchmte Orgeln sind per Knopfdruck verf\u00fcgbar. Dabei erleben Sie einen beeindruckenden Klang dank ma\u00dfgeschneiderter Audiokomponenten. Unsere Audio-Experten passen diese speziell an Ihre R\u00e4umlichkeiten an, sodass Sie den bestm\u00f6glichen Klang genie\u00dfen k\u00f6nnen.<\/p>\r\n\r\n\r\n\r\n<h2 class=\"wp-block-heading\">Demo in unserem Showroom<\/h2>\r\n\r\n\r\n\r\n<p>Erleben Sie selbst die Vorteile der leistungsstarken Hauptwerk-Software. Vereinbaren Sie einen Termin in unserem Showroom \u2013 wir pr\u00e4sentieren Ihnen gerne alle M\u00f6glichkeiten einer Hauptwerk-Orgel. Sie k\u00f6nnen unsere verschiedenen Orgelmodelle besichtigen und selbst ausprobieren. <a href=\"https:\/\/www.mixtuur.com\/de\/broschuere-anfordern\/\">Fordern Sie eine digitale Brosch\u00fcre an<\/a> oder <a href=\"https:\/\/www.mixtuur.com\/de\/kontakt\/\">kontaktieren Sie uns<\/a> direkt f\u00fcr einen Termin.<\/p>\r\n<p>&nbsp;<\/p>\r\n","protected":false},"excerpt":{"rendered":"<p>Orgel Bauer Sind Sie auf der Suche nach einer Orgel? Sowohl Privatpersonen als auch Kirchen und Konzerts\u00e4le k\u00f6nnen sich an Mixtuur Orgeln wenden, wenn es um den Bau einer Orgel geht. Mixtuur ist ein professioneller Orgel Bauer und bietet sowohl ma\u00dfgefertigte Orgeln als auch verschiedene Standardmodelle an. M\u00f6chten Sie mehr erfahren? Dann lesen Sie weiter. [&hellip;]<\/p>\n","protected":false},"author":17,"featured_media":0,"parent":0,"menu_order":0,"comment_status":"closed","ping_status":"closed","template":"","meta":{"footnotes":""},"class_list":["post-24354","page","type-page","status-publish","hentry"],"yoast_head":"<!-- This site is optimized with the Yoast SEO plugin v25.5 - https:\/\/yoast.com\/wordpress\/plugins\/seo\/ -->\n<title>Orgel Bauer: Mixtuur baut ma\u00dfgefertigte Hauptwerk-Orgeln<\/title>\n<meta name=\"description\" content=\"Auf der Suche nach einer Orgel? Mixtuur ist ein professioneller Orgel Bauer und baut individuelle Hauptwerk-Orgeln. Besuchen Sie unseren Showroom!\" \/>\n<meta name=\"robots\" content=\"index, follow, max-snippet:-1, max-image-preview:large, max-video-preview:-1\" \/>\n<link rel=\"canonical\" href=\"https:\/\/www.mixtuur.com\/de\/orgel-bauer\/\" \/>\n<meta property=\"og:locale\" content=\"de_DE\" \/>\n<meta property=\"og:type\" content=\"article\" \/>\n<meta property=\"og:title\" content=\"Orgel Bauer: Mixtuur baut ma\u00dfgefertigte Hauptwerk-Orgeln\" \/>\n<meta property=\"og:description\" content=\"Auf der Suche nach einer Orgel? Mixtuur ist ein professioneller Orgel Bauer und baut individuelle Hauptwerk-Orgeln. Besuchen Sie unseren Showroom!\" \/>\n<meta property=\"og:url\" content=\"https:\/\/www.mixtuur.com\/de\/orgel-bauer\/\" \/>\n<meta property=\"og:site_name\" content=\"Mixtuur\" \/>\n<meta property=\"article:modified_time\" content=\"2025-05-22T09:35:08+00:00\" \/>\n<meta property=\"og:image\" content=\"https:\/\/www.mixtuur.com\/wp-content\/uploads\/2020\/09\/Classical-organ.jpg\" \/>\n<meta name=\"twitter:card\" content=\"summary_large_image\" \/>\n<meta name=\"twitter:label1\" content=\"Gesch\u00e4tzte Lesezeit\" \/>\n\t<meta name=\"twitter:data1\" content=\"2\u00a0Minuten\" \/>\n<script type=\"application\/ld+json\" class=\"yoast-schema-graph\">{\"@context\":\"https:\/\/schema.org\",\"@graph\":[{\"@type\":\"WebPage\",\"@id\":\"https:\/\/www.mixtuur.com\/de\/orgel-bauer\/\",\"url\":\"https:\/\/www.mixtuur.com\/de\/orgel-bauer\/\",\"name\":\"Orgel Bauer: Mixtuur baut ma\u00dfgefertigte Hauptwerk-Orgeln\",\"isPartOf\":{\"@id\":\"https:\/\/www.mixtuur.com\/#website\"},\"primaryImageOfPage\":{\"@id\":\"https:\/\/www.mixtuur.com\/de\/orgel-bauer\/#primaryimage\"},\"image\":{\"@id\":\"https:\/\/www.mixtuur.com\/de\/orgel-bauer\/#primaryimage\"},\"thumbnailUrl\":\"https:\/\/www.mixtuur.com\/wp-content\/uploads\/2020\/09\/Classical-organ.jpg\",\"datePublished\":\"2020-06-23T09:00:36+00:00\",\"dateModified\":\"2025-05-22T09:35:08+00:00\",\"description\":\"Auf der Suche nach einer Orgel? Mixtuur ist ein professioneller Orgel Bauer und baut individuelle Hauptwerk-Orgeln. Besuchen Sie unseren Showroom!\",\"breadcrumb\":{\"@id\":\"https:\/\/www.mixtuur.com\/de\/orgel-bauer\/#breadcrumb\"},\"inLanguage\":\"de\",\"potentialAction\":[{\"@type\":\"ReadAction\",\"target\":[\"https:\/\/www.mixtuur.com\/de\/orgel-bauer\/\"]}]},{\"@type\":\"ImageObject\",\"inLanguage\":\"de\",\"@id\":\"https:\/\/www.mixtuur.com\/de\/orgel-bauer\/#primaryimage\",\"url\":\"https:\/\/www.mixtuur.com\/wp-content\/uploads\/2020\/09\/Classical-organ.jpg\",\"contentUrl\":\"https:\/\/www.mixtuur.com\/wp-content\/uploads\/2020\/09\/Classical-organ.jpg\"},{\"@type\":\"BreadcrumbList\",\"@id\":\"https:\/\/www.mixtuur.com\/de\/orgel-bauer\/#breadcrumb\",\"itemListElement\":[{\"@type\":\"ListItem\",\"position\":1,\"name\":\"Home\",\"item\":\"https:\/\/www.mixtuur.com\/de\/\"},{\"@type\":\"ListItem\",\"position\":2,\"name\":\"Orgel Bauer\"}]},{\"@type\":\"WebSite\",\"@id\":\"https:\/\/www.mixtuur.com\/#website\",\"url\":\"https:\/\/www.mixtuur.com\/\",\"name\":\"Mixtuur\",\"description\":\"The Authentic Sound\",\"potentialAction\":[{\"@type\":\"SearchAction\",\"target\":{\"@type\":\"EntryPoint\",\"urlTemplate\":\"https:\/\/www.mixtuur.com\/?s={search_term_string}\"},\"query-input\":{\"@type\":\"PropertyValueSpecification\",\"valueRequired\":true,\"valueName\":\"search_term_string\"}}],\"inLanguage\":\"de\"}]}<\/script>\n<!-- \/ Yoast SEO plugin. -->","yoast_head_json":{"title":"Orgel Bauer: Mixtuur baut ma\u00dfgefertigte Hauptwerk-Orgeln","description":"Auf der Suche nach einer Orgel? Mixtuur ist ein professioneller Orgel Bauer und baut individuelle Hauptwerk-Orgeln. Besuchen Sie unseren Showroom!","robots":{"index":"index","follow":"follow","max-snippet":"max-snippet:-1","max-image-preview":"max-image-preview:large","max-video-preview":"max-video-preview:-1"},"canonical":"https:\/\/www.mixtuur.com\/de\/orgel-bauer\/","og_locale":"de_DE","og_type":"article","og_title":"Orgel Bauer: Mixtuur baut ma\u00dfgefertigte Hauptwerk-Orgeln","og_description":"Auf der Suche nach einer Orgel? Mixtuur ist ein professioneller Orgel Bauer und baut individuelle Hauptwerk-Orgeln. Besuchen Sie unseren Showroom!","og_url":"https:\/\/www.mixtuur.com\/de\/orgel-bauer\/","og_site_name":"Mixtuur","article_modified_time":"2025-05-22T09:35:08+00:00","og_image":[{"url":"https:\/\/www.mixtuur.com\/wp-content\/uploads\/2020\/09\/Classical-organ.jpg","type":"","width":"","height":""}],"twitter_card":"summary_large_image","twitter_misc":{"Gesch\u00e4tzte Lesezeit":"2\u00a0Minuten"},"schema":{"@context":"https:\/\/schema.org","@graph":[{"@type":"WebPage","@id":"https:\/\/www.mixtuur.com\/de\/orgel-bauer\/","url":"https:\/\/www.mixtuur.com\/de\/orgel-bauer\/","name":"Orgel Bauer: Mixtuur baut ma\u00dfgefertigte Hauptwerk-Orgeln","isPartOf":{"@id":"https:\/\/www.mixtuur.com\/#website"},"primaryImageOfPage":{"@id":"https:\/\/www.mixtuur.com\/de\/orgel-bauer\/#primaryimage"},"image":{"@id":"https:\/\/www.mixtuur.com\/de\/orgel-bauer\/#primaryimage"},"thumbnailUrl":"https:\/\/www.mixtuur.com\/wp-content\/uploads\/2020\/09\/Classical-organ.jpg","datePublished":"2020-06-23T09:00:36+00:00","dateModified":"2025-05-22T09:35:08+00:00","description":"Auf der Suche nach einer Orgel? Mixtuur ist ein professioneller Orgel Bauer und baut individuelle Hauptwerk-Orgeln. Besuchen Sie unseren Showroom!","breadcrumb":{"@id":"https:\/\/www.mixtuur.com\/de\/orgel-bauer\/#breadcrumb"},"inLanguage":"de","potentialAction":[{"@type":"ReadAction","target":["https:\/\/www.mixtuur.com\/de\/orgel-bauer\/"]}]},{"@type":"ImageObject","inLanguage":"de","@id":"https:\/\/www.mixtuur.com\/de\/orgel-bauer\/#primaryimage","url":"https:\/\/www.mixtuur.com\/wp-content\/uploads\/2020\/09\/Classical-organ.jpg","contentUrl":"https:\/\/www.mixtuur.com\/wp-content\/uploads\/2020\/09\/Classical-organ.jpg"},{"@type":"BreadcrumbList","@id":"https:\/\/www.mixtuur.com\/de\/orgel-bauer\/#breadcrumb","itemListElement":[{"@type":"ListItem","position":1,"name":"Home","item":"https:\/\/www.mixtuur.com\/de\/"},{"@type":"ListItem","position":2,"name":"Orgel Bauer"}]},{"@type":"WebSite","@id":"https:\/\/www.mixtuur.com\/#website","url":"https:\/\/www.mixtuur.com\/","name":"Mixtuur","description":"The Authentic Sound","potentialAction":[{"@type":"SearchAction","target":{"@type":"EntryPoint","urlTemplate":"https:\/\/www.mixtuur.com\/?s={search_term_string}"},"query-input":{"@type":"PropertyValueSpecification","valueRequired":true,"valueName":"search_term_string"}}],"inLanguage":"de"}]}},"_links":{"self":[{"href":"https:\/\/www.mixtuur.com\/de\/wp-json\/wp\/v2\/pages\/24354","targetHints":{"allow":["GET"]}}],"collection":[{"href":"https:\/\/www.mixtuur.com\/de\/wp-json\/wp\/v2\/pages"}],"about":[{"href":"https:\/\/www.mixtuur.com\/de\/wp-json\/wp\/v2\/types\/page"}],"author":[{"embeddable":true,"href":"https:\/\/www.mixtuur.com\/de\/wp-json\/wp\/v2\/users\/17"}],"replies":[{"embeddable":true,"href":"https:\/\/www.mixtuur.com\/de\/wp-json\/wp\/v2\/comments?post=24354"}],"version-history":[{"count":5,"href":"https:\/\/www.mixtuur.com\/de\/wp-json\/wp\/v2\/pages\/24354\/revisions"}],"predecessor-version":[{"id":24366,"href":"https:\/\/www.mixtuur.com\/de\/wp-json\/wp\/v2\/pages\/24354\/revisions\/24366"}],"wp:attachment":[{"href":"https:\/\/www.mixtuur.com\/de\/wp-json\/wp\/v2\/media?parent=24354"}],"curies":[{"name":"wp","href":"https:\/\/api.w.org\/{rel}","templated":true}]}}