{"id":24289,"date":"2025-04-30T08:09:34","date_gmt":"2025-04-30T06:09:34","guid":{"rendered":"https:\/\/www.mixtuur.com\/orgel-kirche-hauptwerk\/"},"modified":"2025-04-30T08:14:04","modified_gmt":"2025-04-30T06:14:04","slug":"orgel-kirche-hauptwerk","status":"publish","type":"page","link":"https:\/\/www.mixtuur.com\/de\/orgel-kirche-hauptwerk\/","title":{"rendered":"Orgel kirche Hauptwerk"},"content":{"rendered":"<h1>Kirchenorgel ganz nach Ihren W\u00fcnschen abgestimmt?<\/h1>\n<p>Sind Sie auf der Suche nach einer hochwertigen Orgel Kirche, die perfekt auf Ihre W\u00fcnsche abgestimmt ist? Oder ist Ihre aktuelle Kirchenorgel in die Jahre gekommen und reif f\u00fcr einen Ersatz? Bei Mixtuur Orgelbau verbinden wir jahrhundertealte Tradition mit modernster Technologie \u2013 f\u00fcr h\u00f6chste Klangqualit\u00e4t. Unsere Kirchenorgeln basieren auf der Hauptwerk-Technologie und k\u00f6nnen individuell f\u00fcr Ihre Kirche angepasst und installiert werden. Entdecken Sie auf dieser Seite die vielf\u00e4ltigen M\u00f6glichkeiten rund um Ihre Orgel Kirche.<\/p>\n<h2>Hauptwerk Kirchenorgel<\/h2>\n<p>Der gr\u00f6\u00dfte Vorteil einer Orgel mit Hauptwerk-Technologie ist, dass sie wie eine echte Pfeifenorgel klingt, dabei aber alle Vorteile eines digitalen Instruments bietet. Dank der Hauptwerk-Software k\u00f6nnen Hunderte von Sample-Sets geladen werden \u2013 diese bestehen aus Originalaufnahmen bekannter historischer Orgeln. Die Kl\u00e4nge sind kaum von denen einer traditionellen Orgel Kirche zu unterscheiden. Dadurch entsteht ein warmer, eindrucksvoller Klang, der Gottesdienste, Trauerfeiern, Hochzeiten und Feiertage besonders feierlich untermalt. Mit einer digitalen <a href=\"https:\/\/www.mixtuur.com\/de\/orgeln-fuer-kirchen-und-konzertsaele\/\">Kirchenorgel<\/a> von Mixtuur erleben Sie stets eine inspirierende musikalische Begleitung \u2013 jedes Mal aufs Neue.<\/p>\n<h2>Ein voller, warmer Klang<\/h2>\n<p>Die Klangqualit\u00e4t in einer Kirche ist entscheidend. Sowohl in der ersten als auch in der letzten Bankreihe muss die Musik klar h\u00f6rbar sein \u2013 ohne Hall oder st\u00f6rende Echoeffekte. Eine Mixtuur Kirchenorgel mit Hauptwerk-Technologie sorgt f\u00fcr optimale Klangergebnisse in jeder Ecke Ihrer Kirche. Durch professionelle Audiotechnik kann eine Hauptwerk-Orgel in jeder Kirche installiert und perfekt auf die Raumakustik abgestimmt werden. Unsere Techniker kommen gerne vor Ort, um die Orgel Kirche optimal zu intonieren.<\/p>\n<h2>Vorteile einer Hauptwerk Kirchenorgel<\/h2>\n<p>Bei <a href=\"https:\/\/www.mixtuur.com\/de\/\">Mixtuur<\/a> k\u00f6nnen Sie eine Orgel Kirche erwerben, die genau auf Ihre W\u00fcnsche und die akustischen Gegebenheiten Ihrer Kirche abgestimmt ist. Von kompakten Modellen f\u00fcr kleinere Kirchen bis hin zu eindrucksvollen drei- oder viermanualigen Orgeln f\u00fcr gro\u00dfe Kirchens\u00e4le \u2013 wir bieten ma\u00dfgeschneiderte L\u00f6sungen bis ins kleinste Detail. Was Sie von einer Hauptwerk-Kirchenorgel erwarten k\u00f6nnen:<\/p>\n<ul>\n<li>Hochwertige, gesampelte Kl\u00e4nge echter Pfeifenorgeln<\/li>\n<li>Intuitive Bedienung mit klassischen Registerz\u00fcgen oder Drucktasten<\/li>\n<li>Integration in bestehende M\u00f6belst\u00fccke m\u00f6glich<\/li>\n<\/ul>\n<p>&nbsp;<\/p>\n<h2>Sie bevorzugen eine klassische Kirchenorgel?<\/h2>\n<p>Ziehen Sie eine eher klassische Orgel Kirche vor? Dann kann ein Hybrid- oder Kombinationsinstrument genau das Richtige f\u00fcr Sie sein. Diese Orgeln verbinden die Vorteile eines traditionellen Pfeifeninstruments mit moderner Digitaltechnik. Zudem bieten wir sowohl neue als auch gebrauchte Kirchenorgeln an. Unsere gebrauchten Instrumente werden vollst\u00e4ndig \u00fcberarbeitet und neu intoniert \u2013 f\u00fcr h\u00f6chste Qualit\u00e4t zum attraktiven Preis.<\/p>\n<h2>\nErleben Sie den Klang einer Mixtuur Kirchenorgel<\/h2>\n<p>M\u00f6chten Sie den Klang unserer Orgel Kirche selbst erleben? Kommen Sie gerne vorbei und spielen Sie selbst. In zahlreichen St\u00e4dten durften wir bereits unsere Orgeln installieren. Da wir unsere Orgeln selbst bauen, garantieren wir h\u00f6chste Qualit\u00e4t \u2013 individuell f\u00fcr jeden Kunden. Das erm\u00f6glicht nicht nur besten Service, sondern auch langfristige Betreuung \u2013 heute und in Zukunft.<\/p>\n<h2>Unsere Orgelprojekte in Kirchen<\/h2>\n<p>Jede Kirche ist einzigartig \u2013 genauso wie jedes Orgelprojekt. Ob Sie Ihr altes Pfeifeninstrument ersetzen oder den Schritt in Richtung Hybridorgel gehen m\u00f6chten \u2013 wir begleiten Sie gerne von der ersten Idee bis zur fertigen Installation. Unsere Spezialisten beraten Sie umfassend in Design, Aufbau und Nachbetreuung. <a href=\"https:\/\/www.mixtuur.com\/de\/kontakt\/\">Kontaktieren<\/a> Sie uns bei Interesse!<\/p>\n<p>In St\u00e4dten wie Wijngaarden, Sliedrecht, Oldebroek, Nieuwe-Tonge, Delft und vielen weiteren durften wir bereits eine ma\u00dfgefertigte Orgel Kirche von Mixtuur installieren. Sehen<a href=\"https:\/\/www.mixtuur.com\/de\/orgeln-fuer-kirchen-und-konzertsaele\/\"> Sie sich hier unsere<\/a> aktuellen Projekte an.<\/p>\n","protected":false},"excerpt":{"rendered":"<p>Kirchenorgel ganz nach Ihren W\u00fcnschen abgestimmt? Sind Sie auf der Suche nach einer hochwertigen Orgel Kirche, die perfekt auf Ihre W\u00fcnsche abgestimmt ist? Oder ist Ihre aktuelle Kirchenorgel in die Jahre gekommen und reif f\u00fcr einen Ersatz? Bei Mixtuur Orgelbau verbinden wir jahrhundertealte Tradition mit modernster Technologie \u2013 f\u00fcr h\u00f6chste Klangqualit\u00e4t. Unsere Kirchenorgeln basieren auf [&hellip;]<\/p>\n","protected":false},"author":17,"featured_media":19261,"parent":0,"menu_order":0,"comment_status":"closed","ping_status":"closed","template":"","meta":{"footnotes":""},"class_list":["post-24289","page","type-page","status-publish","has-post-thumbnail","hentry"],"yoast_head":"<!-- This site is optimized with the Yoast SEO plugin v25.5 - https:\/\/yoast.com\/wordpress\/plugins\/seo\/ -->\n<title>Hauptwerk Orgel Kirche kaufen? Mixtuur<\/title>\n<meta name=\"description\" content=\"Eine Orgel Kirche mit Hauptwerk von Mixtuur sorgt in jeder Kirche f\u00fcr einen einzigartigen Klang! Entdecken Sie unser gesamtes Sortiment.\" \/>\n<meta name=\"robots\" content=\"index, follow, max-snippet:-1, max-image-preview:large, max-video-preview:-1\" \/>\n<link rel=\"canonical\" href=\"https:\/\/www.mixtuur.com\/de\/orgel-kirche-hauptwerk\/\" \/>\n<meta property=\"og:locale\" content=\"de_DE\" \/>\n<meta property=\"og:type\" content=\"article\" \/>\n<meta property=\"og:title\" content=\"Hauptwerk Orgel Kirche kaufen? Mixtuur\" \/>\n<meta property=\"og:description\" content=\"Eine Orgel Kirche mit Hauptwerk von Mixtuur sorgt in jeder Kirche f\u00fcr einen einzigartigen Klang! Entdecken Sie unser gesamtes Sortiment.\" \/>\n<meta property=\"og:url\" content=\"https:\/\/www.mixtuur.com\/de\/orgel-kirche-hauptwerk\/\" \/>\n<meta property=\"og:site_name\" content=\"Mixtuur\" \/>\n<meta property=\"article:modified_time\" content=\"2025-04-30T06:14:04+00:00\" \/>\n<meta property=\"og:image\" content=\"https:\/\/www.mixtuur.com\/wp-content\/uploads\/2018\/05\/passau-3265653_1920.jpg\" \/>\n\t<meta property=\"og:image:width\" content=\"1920\" \/>\n\t<meta property=\"og:image:height\" content=\"1441\" \/>\n\t<meta property=\"og:image:type\" content=\"image\/jpeg\" \/>\n<meta name=\"twitter:card\" content=\"summary_large_image\" \/>\n<meta name=\"twitter:label1\" content=\"Gesch\u00e4tzte Lesezeit\" \/>\n\t<meta name=\"twitter:data1\" content=\"3\u00a0Minuten\" \/>\n<script type=\"application\/ld+json\" class=\"yoast-schema-graph\">{\"@context\":\"https:\/\/schema.org\",\"@graph\":[{\"@type\":\"WebPage\",\"@id\":\"https:\/\/www.mixtuur.com\/de\/orgel-kirche-hauptwerk\/\",\"url\":\"https:\/\/www.mixtuur.com\/de\/orgel-kirche-hauptwerk\/\",\"name\":\"Hauptwerk Orgel Kirche kaufen? Mixtuur\",\"isPartOf\":{\"@id\":\"https:\/\/www.mixtuur.com\/#website\"},\"primaryImageOfPage\":{\"@id\":\"https:\/\/www.mixtuur.com\/de\/orgel-kirche-hauptwerk\/#primaryimage\"},\"image\":{\"@id\":\"https:\/\/www.mixtuur.com\/de\/orgel-kirche-hauptwerk\/#primaryimage\"},\"thumbnailUrl\":\"https:\/\/www.mixtuur.com\/wp-content\/uploads\/2018\/05\/passau-3265653_1920.jpg\",\"datePublished\":\"2025-04-30T06:09:34+00:00\",\"dateModified\":\"2025-04-30T06:14:04+00:00\",\"description\":\"Eine Orgel Kirche mit Hauptwerk von Mixtuur sorgt in jeder Kirche f\u00fcr einen einzigartigen Klang! Entdecken Sie unser gesamtes Sortiment.\",\"breadcrumb\":{\"@id\":\"https:\/\/www.mixtuur.com\/de\/orgel-kirche-hauptwerk\/#breadcrumb\"},\"inLanguage\":\"de\",\"potentialAction\":[{\"@type\":\"ReadAction\",\"target\":[\"https:\/\/www.mixtuur.com\/de\/orgel-kirche-hauptwerk\/\"]}]},{\"@type\":\"ImageObject\",\"inLanguage\":\"de\",\"@id\":\"https:\/\/www.mixtuur.com\/de\/orgel-kirche-hauptwerk\/#primaryimage\",\"url\":\"https:\/\/www.mixtuur.com\/wp-content\/uploads\/2018\/05\/passau-3265653_1920.jpg\",\"contentUrl\":\"https:\/\/www.mixtuur.com\/wp-content\/uploads\/2018\/05\/passau-3265653_1920.jpg\",\"width\":1920,\"height\":1441},{\"@type\":\"BreadcrumbList\",\"@id\":\"https:\/\/www.mixtuur.com\/de\/orgel-kirche-hauptwerk\/#breadcrumb\",\"itemListElement\":[{\"@type\":\"ListItem\",\"position\":1,\"name\":\"Home\",\"item\":\"https:\/\/www.mixtuur.com\/de\/\"},{\"@type\":\"ListItem\",\"position\":2,\"name\":\"Orgel kirche Hauptwerk\"}]},{\"@type\":\"WebSite\",\"@id\":\"https:\/\/www.mixtuur.com\/#website\",\"url\":\"https:\/\/www.mixtuur.com\/\",\"name\":\"Mixtuur\",\"description\":\"The Authentic Sound\",\"potentialAction\":[{\"@type\":\"SearchAction\",\"target\":{\"@type\":\"EntryPoint\",\"urlTemplate\":\"https:\/\/www.mixtuur.com\/?s={search_term_string}\"},\"query-input\":{\"@type\":\"PropertyValueSpecification\",\"valueRequired\":true,\"valueName\":\"search_term_string\"}}],\"inLanguage\":\"de\"}]}<\/script>\n<!-- \/ Yoast SEO plugin. -->","yoast_head_json":{"title":"Hauptwerk Orgel Kirche kaufen? Mixtuur","description":"Eine Orgel Kirche mit Hauptwerk von Mixtuur sorgt in jeder Kirche f\u00fcr einen einzigartigen Klang! Entdecken Sie unser gesamtes Sortiment.","robots":{"index":"index","follow":"follow","max-snippet":"max-snippet:-1","max-image-preview":"max-image-preview:large","max-video-preview":"max-video-preview:-1"},"canonical":"https:\/\/www.mixtuur.com\/de\/orgel-kirche-hauptwerk\/","og_locale":"de_DE","og_type":"article","og_title":"Hauptwerk Orgel Kirche kaufen? Mixtuur","og_description":"Eine Orgel Kirche mit Hauptwerk von Mixtuur sorgt in jeder Kirche f\u00fcr einen einzigartigen Klang! Entdecken Sie unser gesamtes Sortiment.","og_url":"https:\/\/www.mixtuur.com\/de\/orgel-kirche-hauptwerk\/","og_site_name":"Mixtuur","article_modified_time":"2025-04-30T06:14:04+00:00","og_image":[{"width":1920,"height":1441,"url":"https:\/\/www.mixtuur.com\/wp-content\/uploads\/2018\/05\/passau-3265653_1920.jpg","type":"image\/jpeg"}],"twitter_card":"summary_large_image","twitter_misc":{"Gesch\u00e4tzte Lesezeit":"3\u00a0Minuten"},"schema":{"@context":"https:\/\/schema.org","@graph":[{"@type":"WebPage","@id":"https:\/\/www.mixtuur.com\/de\/orgel-kirche-hauptwerk\/","url":"https:\/\/www.mixtuur.com\/de\/orgel-kirche-hauptwerk\/","name":"Hauptwerk Orgel Kirche kaufen? Mixtuur","isPartOf":{"@id":"https:\/\/www.mixtuur.com\/#website"},"primaryImageOfPage":{"@id":"https:\/\/www.mixtuur.com\/de\/orgel-kirche-hauptwerk\/#primaryimage"},"image":{"@id":"https:\/\/www.mixtuur.com\/de\/orgel-kirche-hauptwerk\/#primaryimage"},"thumbnailUrl":"https:\/\/www.mixtuur.com\/wp-content\/uploads\/2018\/05\/passau-3265653_1920.jpg","datePublished":"2025-04-30T06:09:34+00:00","dateModified":"2025-04-30T06:14:04+00:00","description":"Eine Orgel Kirche mit Hauptwerk von Mixtuur sorgt in jeder Kirche f\u00fcr einen einzigartigen Klang! Entdecken Sie unser gesamtes Sortiment.","breadcrumb":{"@id":"https:\/\/www.mixtuur.com\/de\/orgel-kirche-hauptwerk\/#breadcrumb"},"inLanguage":"de","potentialAction":[{"@type":"ReadAction","target":["https:\/\/www.mixtuur.com\/de\/orgel-kirche-hauptwerk\/"]}]},{"@type":"ImageObject","inLanguage":"de","@id":"https:\/\/www.mixtuur.com\/de\/orgel-kirche-hauptwerk\/#primaryimage","url":"https:\/\/www.mixtuur.com\/wp-content\/uploads\/2018\/05\/passau-3265653_1920.jpg","contentUrl":"https:\/\/www.mixtuur.com\/wp-content\/uploads\/2018\/05\/passau-3265653_1920.jpg","width":1920,"height":1441},{"@type":"BreadcrumbList","@id":"https:\/\/www.mixtuur.com\/de\/orgel-kirche-hauptwerk\/#breadcrumb","itemListElement":[{"@type":"ListItem","position":1,"name":"Home","item":"https:\/\/www.mixtuur.com\/de\/"},{"@type":"ListItem","position":2,"name":"Orgel kirche Hauptwerk"}]},{"@type":"WebSite","@id":"https:\/\/www.mixtuur.com\/#website","url":"https:\/\/www.mixtuur.com\/","name":"Mixtuur","description":"The Authentic Sound","potentialAction":[{"@type":"SearchAction","target":{"@type":"EntryPoint","urlTemplate":"https:\/\/www.mixtuur.com\/?s={search_term_string}"},"query-input":{"@type":"PropertyValueSpecification","valueRequired":true,"valueName":"search_term_string"}}],"inLanguage":"de"}]}},"_links":{"self":[{"href":"https:\/\/www.mixtuur.com\/de\/wp-json\/wp\/v2\/pages\/24289","targetHints":{"allow":["GET"]}}],"collection":[{"href":"https:\/\/www.mixtuur.com\/de\/wp-json\/wp\/v2\/pages"}],"about":[{"href":"https:\/\/www.mixtuur.com\/de\/wp-json\/wp\/v2\/types\/page"}],"author":[{"embeddable":true,"href":"https:\/\/www.mixtuur.com\/de\/wp-json\/wp\/v2\/users\/17"}],"replies":[{"embeddable":true,"href":"https:\/\/www.mixtuur.com\/de\/wp-json\/wp\/v2\/comments?post=24289"}],"version-history":[{"count":3,"href":"https:\/\/www.mixtuur.com\/de\/wp-json\/wp\/v2\/pages\/24289\/revisions"}],"predecessor-version":[{"id":24333,"href":"https:\/\/www.mixtuur.com\/de\/wp-json\/wp\/v2\/pages\/24289\/revisions\/24333"}],"wp:featuredmedia":[{"embeddable":true,"href":"https:\/\/www.mixtuur.com\/de\/wp-json\/wp\/v2\/media\/19261"}],"wp:attachment":[{"href":"https:\/\/www.mixtuur.com\/de\/wp-json\/wp\/v2\/media?parent=24289"}],"curies":[{"name":"wp","href":"https:\/\/api.w.org\/{rel}","templated":true}]}}