{"id":24018,"date":"2025-02-13T16:07:35","date_gmt":"2025-02-13T15:07:35","guid":{"rendered":"https:\/\/www.mixtuur.com\/mini-orgel\/"},"modified":"2025-02-13T16:11:11","modified_gmt":"2025-02-13T15:11:11","slug":"mini-orgel","status":"publish","type":"page","link":"https:\/\/www.mixtuur.com\/de\/mini-orgel\/","title":{"rendered":"Mini Orgel"},"content":{"rendered":"<h1>Auf der Suche nach einer Mini-Orgel? W\u00e4hlen Sie eine ma\u00dfgefertigte Orgel!<\/h1>\n<p><strong>Sind Sie auf der Suche nach einer kompakten und einzigartigen Mini-Orgel? Bei Mixtuur finden Sie ma\u00dfgefertigte Orgeln, die perfekt auf Ihre W\u00fcnsche abgestimmt sind. Egal, ob Sie ein Liebhaber klassischer Kl\u00e4nge sind oder ein modernes Design bevorzugen wir bieten hochwertige, ma\u00dfgefertigte Mini-Orgeln, die nach Ihren Vorstellungen entworfen und gebaut werden. M\u00f6chten Sie wissen, wie das funktioniert? Lesen Sie weiter und entdecken Sie alle M\u00f6glichkeiten bei Mixtuur.<\/strong><\/p>\n<h2>Warum eine ma\u00dfgefertigte Mini-Orgel w\u00e4hlen?<\/h2>\n<ul>\n<li><strong>Einzigartiges Design:<\/strong> Wir fertigen Orgeln nach Ma\u00df, abgestimmt auf Ihre pers\u00f6nlichen Vorlieben.<\/li>\n<li><strong>Hochwertige Qualit\u00e4t:<\/strong> Unsere Instrumente werden mit handwerklichem K\u00f6nnen und Liebe zum Detail hergestellt.<\/li>\n<li><strong>Kompakt und platzsparend:<\/strong> Ideal f\u00fcr kleine R\u00e4ume, ohne Kompromisse bei Klang und Spielbarkeit.<\/li>\n<li><strong>Pers\u00f6nliche Beratung:<\/strong> Wir begleiten Sie von der Planung bis zur Umsetzung, damit Sie die perfekte Mini-Orgel erhalten.<\/li>\n<\/ul>\n<h2>Ma\u00dfgeschneiderte Orgeln f\u00fcr jeden Musiker<\/h2>\n<p>Ob Anf\u00e4nger oder erfahrener Organist unsere <a href=\"https:\/\/www.mixtuur.com\/de\/heimorgeln\/exclusive-design\/\">ma\u00dfgefertigten<\/a> Mini-Orgeln sind f\u00fcr alle geeignet. Sie k\u00f6nnen aus verschiedenen Holzarten, Tastaturen und Oberfl\u00e4chen w\u00e4hlen, um Ihre Orgel ganz individuell zu gestalten. Zudem sorgen wir daf\u00fcr, dass der Klang exakt auf Ihre musikalischen Vorlieben abgestimmt ist.<\/p>\n<p>&nbsp;<\/p>\n<p><img loading=\"lazy\" decoding=\"async\" class=\"alignnone wp-image-22913 size-full\" src=\"https:\/\/www.mixtuur.com\/wp-content\/uploads\/2024\/06\/Copyright_UNITED-6696-scaled.jpg\" alt=\"\" width=\"2560\" height=\"1707\" srcset=\"https:\/\/www.mixtuur.com\/wp-content\/uploads\/2024\/06\/Copyright_UNITED-6696-scaled.jpg 2560w, https:\/\/www.mixtuur.com\/wp-content\/uploads\/2024\/06\/Copyright_UNITED-6696-300x200.jpg 300w, https:\/\/www.mixtuur.com\/wp-content\/uploads\/2024\/06\/Copyright_UNITED-6696-1030x687.jpg 1030w, https:\/\/www.mixtuur.com\/wp-content\/uploads\/2024\/06\/Copyright_UNITED-6696-768x512.jpg 768w, https:\/\/www.mixtuur.com\/wp-content\/uploads\/2024\/06\/Copyright_UNITED-6696-1536x1024.jpg 1536w, https:\/\/www.mixtuur.com\/wp-content\/uploads\/2024\/06\/Copyright_UNITED-6696-2048x1365.jpg 2048w, https:\/\/www.mixtuur.com\/wp-content\/uploads\/2024\/06\/Copyright_UNITED-6696-1500x1000.jpg 1500w, https:\/\/www.mixtuur.com\/wp-content\/uploads\/2024\/06\/Copyright_UNITED-6696-705x470.jpg 705w, https:\/\/www.mixtuur.com\/wp-content\/uploads\/2024\/06\/Copyright_UNITED-6696-450x300.jpg 450w\" sizes=\"auto, (max-width: 2560px) 100vw, 2560px\" \/><\/p>\n<h2>Warum Mixtuur?<\/h2>\n<p>Der gro\u00dfe Vorteil einer Orgel von Mixtuur ist, dass alle unsere Orgeln mit der fortschrittlichen Hauptwerk-Software ausgestattet sind. Mit dieser Software genie\u00dfen Sie realistische Samplesets weltber\u00fchmter Pfeifenorgeln. Sie k\u00f6nnen mehr als 100 verschiedene Orgeln spielen ganz bequem auf Ihrer eigenen Heim<a href=\"https:\/\/www.mixtuur.com\/de\/heimorgeln\/\">orgel<\/a>. Dar\u00fcber hinaus sind unsere Orgeln f\u00fcr eine lange Lebensdauer gebaut, und wir fertigen unsere eigenen Audiokomponenten wie Verst\u00e4rker und Lautsprecher.<\/p>\n<h2>Bestellen Sie Ihre Mini-Orgel noch heute!<\/h2>\n<p>M\u00f6chten Sie mehr \u00fcber die M\u00f6glichkeiten einer ma\u00dfgefertigten Mini-Orgel erfahren?<a href=\"https:\/\/www.mixtuur.com\/de\/kontakt\/\"> Kontaktieren<\/a> Sie uns f\u00fcr eine unverbindliche Beratung. Gemeinsam gestalten wir ein Instrument, das perfekt zu Ihnen passt! Nehmen Sie noch heute Kontakt mit uns auf, wir helfen Ihnen gerne weiter!<\/p>\n","protected":false},"excerpt":{"rendered":"<p>Auf der Suche nach einer Mini-Orgel? W\u00e4hlen Sie eine ma\u00dfgefertigte Orgel! Sind Sie auf der Suche nach einer kompakten und einzigartigen Mini-Orgel? Bei Mixtuur finden Sie ma\u00dfgefertigte Orgeln, die perfekt auf Ihre W\u00fcnsche abgestimmt sind. Egal, ob Sie ein Liebhaber klassischer Kl\u00e4nge sind oder ein modernes Design bevorzugen wir bieten hochwertige, ma\u00dfgefertigte Mini-Orgeln, die nach [&hellip;]<\/p>\n","protected":false},"author":13,"featured_media":0,"parent":0,"menu_order":0,"comment_status":"closed","ping_status":"closed","template":"","meta":{"footnotes":""},"class_list":["post-24018","page","type-page","status-publish","hentry"],"yoast_head":"<!-- This site is optimized with the Yoast SEO plugin v25.5 - https:\/\/yoast.com\/wordpress\/plugins\/seo\/ -->\n<title>Auf der Suche nach einer Mini-Orgel? Mixtuur<\/title>\n<meta name=\"description\" content=\"Eine Mini-Orgel? Ja, das ist m\u00f6glich! Bei Mixtuur fertigen wir eine ma\u00dfgeschneiderte Orgel, die perfekt in Ihr Wohnzimmer passt.\" \/>\n<meta name=\"robots\" content=\"index, follow, max-snippet:-1, max-image-preview:large, max-video-preview:-1\" \/>\n<link rel=\"canonical\" href=\"https:\/\/www.mixtuur.com\/de\/mini-orgel\/\" \/>\n<meta property=\"og:locale\" content=\"de_DE\" \/>\n<meta property=\"og:type\" content=\"article\" \/>\n<meta property=\"og:title\" content=\"Auf der Suche nach einer Mini-Orgel? Mixtuur\" \/>\n<meta property=\"og:description\" content=\"Eine Mini-Orgel? Ja, das ist m\u00f6glich! Bei Mixtuur fertigen wir eine ma\u00dfgeschneiderte Orgel, die perfekt in Ihr Wohnzimmer passt.\" \/>\n<meta property=\"og:url\" content=\"https:\/\/www.mixtuur.com\/de\/mini-orgel\/\" \/>\n<meta property=\"og:site_name\" content=\"Mixtuur\" \/>\n<meta property=\"article:modified_time\" content=\"2025-02-13T15:11:11+00:00\" \/>\n<meta property=\"og:image\" content=\"https:\/\/www.mixtuur.com\/wp-content\/uploads\/2024\/06\/Copyright_UNITED-6696-scaled.jpg\" \/>\n<meta name=\"twitter:card\" content=\"summary_large_image\" \/>\n<meta name=\"twitter:label1\" content=\"Gesch\u00e4tzte Lesezeit\" \/>\n\t<meta name=\"twitter:data1\" content=\"2\u00a0Minuten\" \/>\n<script type=\"application\/ld+json\" class=\"yoast-schema-graph\">{\"@context\":\"https:\/\/schema.org\",\"@graph\":[{\"@type\":\"WebPage\",\"@id\":\"https:\/\/www.mixtuur.com\/de\/mini-orgel\/\",\"url\":\"https:\/\/www.mixtuur.com\/de\/mini-orgel\/\",\"name\":\"Auf der Suche nach einer Mini-Orgel? Mixtuur\",\"isPartOf\":{\"@id\":\"https:\/\/www.mixtuur.com\/#website\"},\"primaryImageOfPage\":{\"@id\":\"https:\/\/www.mixtuur.com\/de\/mini-orgel\/#primaryimage\"},\"image\":{\"@id\":\"https:\/\/www.mixtuur.com\/de\/mini-orgel\/#primaryimage\"},\"thumbnailUrl\":\"https:\/\/www.mixtuur.com\/wp-content\/uploads\/2024\/06\/Copyright_UNITED-6696-scaled.jpg\",\"datePublished\":\"2025-02-13T15:07:35+00:00\",\"dateModified\":\"2025-02-13T15:11:11+00:00\",\"description\":\"Eine Mini-Orgel? Ja, das ist m\u00f6glich! Bei Mixtuur fertigen wir eine ma\u00dfgeschneiderte Orgel, die perfekt in Ihr Wohnzimmer passt.\",\"breadcrumb\":{\"@id\":\"https:\/\/www.mixtuur.com\/de\/mini-orgel\/#breadcrumb\"},\"inLanguage\":\"de\",\"potentialAction\":[{\"@type\":\"ReadAction\",\"target\":[\"https:\/\/www.mixtuur.com\/de\/mini-orgel\/\"]}]},{\"@type\":\"ImageObject\",\"inLanguage\":\"de\",\"@id\":\"https:\/\/www.mixtuur.com\/de\/mini-orgel\/#primaryimage\",\"url\":\"https:\/\/www.mixtuur.com\/wp-content\/uploads\/2024\/06\/Copyright_UNITED-6696-scaled.jpg\",\"contentUrl\":\"https:\/\/www.mixtuur.com\/wp-content\/uploads\/2024\/06\/Copyright_UNITED-6696-scaled.jpg\"},{\"@type\":\"BreadcrumbList\",\"@id\":\"https:\/\/www.mixtuur.com\/de\/mini-orgel\/#breadcrumb\",\"itemListElement\":[{\"@type\":\"ListItem\",\"position\":1,\"name\":\"Home\",\"item\":\"https:\/\/www.mixtuur.com\/de\/\"},{\"@type\":\"ListItem\",\"position\":2,\"name\":\"Mini Orgel\"}]},{\"@type\":\"WebSite\",\"@id\":\"https:\/\/www.mixtuur.com\/#website\",\"url\":\"https:\/\/www.mixtuur.com\/\",\"name\":\"Mixtuur\",\"description\":\"The Authentic Sound\",\"potentialAction\":[{\"@type\":\"SearchAction\",\"target\":{\"@type\":\"EntryPoint\",\"urlTemplate\":\"https:\/\/www.mixtuur.com\/?s={search_term_string}\"},\"query-input\":{\"@type\":\"PropertyValueSpecification\",\"valueRequired\":true,\"valueName\":\"search_term_string\"}}],\"inLanguage\":\"de\"}]}<\/script>\n<!-- \/ Yoast SEO plugin. -->","yoast_head_json":{"title":"Auf der Suche nach einer Mini-Orgel? Mixtuur","description":"Eine Mini-Orgel? Ja, das ist m\u00f6glich! Bei Mixtuur fertigen wir eine ma\u00dfgeschneiderte Orgel, die perfekt in Ihr Wohnzimmer passt.","robots":{"index":"index","follow":"follow","max-snippet":"max-snippet:-1","max-image-preview":"max-image-preview:large","max-video-preview":"max-video-preview:-1"},"canonical":"https:\/\/www.mixtuur.com\/de\/mini-orgel\/","og_locale":"de_DE","og_type":"article","og_title":"Auf der Suche nach einer Mini-Orgel? Mixtuur","og_description":"Eine Mini-Orgel? Ja, das ist m\u00f6glich! Bei Mixtuur fertigen wir eine ma\u00dfgeschneiderte Orgel, die perfekt in Ihr Wohnzimmer passt.","og_url":"https:\/\/www.mixtuur.com\/de\/mini-orgel\/","og_site_name":"Mixtuur","article_modified_time":"2025-02-13T15:11:11+00:00","og_image":[{"url":"https:\/\/www.mixtuur.com\/wp-content\/uploads\/2024\/06\/Copyright_UNITED-6696-scaled.jpg","type":"","width":"","height":""}],"twitter_card":"summary_large_image","twitter_misc":{"Gesch\u00e4tzte Lesezeit":"2\u00a0Minuten"},"schema":{"@context":"https:\/\/schema.org","@graph":[{"@type":"WebPage","@id":"https:\/\/www.mixtuur.com\/de\/mini-orgel\/","url":"https:\/\/www.mixtuur.com\/de\/mini-orgel\/","name":"Auf der Suche nach einer Mini-Orgel? Mixtuur","isPartOf":{"@id":"https:\/\/www.mixtuur.com\/#website"},"primaryImageOfPage":{"@id":"https:\/\/www.mixtuur.com\/de\/mini-orgel\/#primaryimage"},"image":{"@id":"https:\/\/www.mixtuur.com\/de\/mini-orgel\/#primaryimage"},"thumbnailUrl":"https:\/\/www.mixtuur.com\/wp-content\/uploads\/2024\/06\/Copyright_UNITED-6696-scaled.jpg","datePublished":"2025-02-13T15:07:35+00:00","dateModified":"2025-02-13T15:11:11+00:00","description":"Eine Mini-Orgel? Ja, das ist m\u00f6glich! Bei Mixtuur fertigen wir eine ma\u00dfgeschneiderte Orgel, die perfekt in Ihr Wohnzimmer passt.","breadcrumb":{"@id":"https:\/\/www.mixtuur.com\/de\/mini-orgel\/#breadcrumb"},"inLanguage":"de","potentialAction":[{"@type":"ReadAction","target":["https:\/\/www.mixtuur.com\/de\/mini-orgel\/"]}]},{"@type":"ImageObject","inLanguage":"de","@id":"https:\/\/www.mixtuur.com\/de\/mini-orgel\/#primaryimage","url":"https:\/\/www.mixtuur.com\/wp-content\/uploads\/2024\/06\/Copyright_UNITED-6696-scaled.jpg","contentUrl":"https:\/\/www.mixtuur.com\/wp-content\/uploads\/2024\/06\/Copyright_UNITED-6696-scaled.jpg"},{"@type":"BreadcrumbList","@id":"https:\/\/www.mixtuur.com\/de\/mini-orgel\/#breadcrumb","itemListElement":[{"@type":"ListItem","position":1,"name":"Home","item":"https:\/\/www.mixtuur.com\/de\/"},{"@type":"ListItem","position":2,"name":"Mini Orgel"}]},{"@type":"WebSite","@id":"https:\/\/www.mixtuur.com\/#website","url":"https:\/\/www.mixtuur.com\/","name":"Mixtuur","description":"The Authentic Sound","potentialAction":[{"@type":"SearchAction","target":{"@type":"EntryPoint","urlTemplate":"https:\/\/www.mixtuur.com\/?s={search_term_string}"},"query-input":{"@type":"PropertyValueSpecification","valueRequired":true,"valueName":"search_term_string"}}],"inLanguage":"de"}]}},"_links":{"self":[{"href":"https:\/\/www.mixtuur.com\/de\/wp-json\/wp\/v2\/pages\/24018","targetHints":{"allow":["GET"]}}],"collection":[{"href":"https:\/\/www.mixtuur.com\/de\/wp-json\/wp\/v2\/pages"}],"about":[{"href":"https:\/\/www.mixtuur.com\/de\/wp-json\/wp\/v2\/types\/page"}],"author":[{"embeddable":true,"href":"https:\/\/www.mixtuur.com\/de\/wp-json\/wp\/v2\/users\/13"}],"replies":[{"embeddable":true,"href":"https:\/\/www.mixtuur.com\/de\/wp-json\/wp\/v2\/comments?post=24018"}],"version-history":[{"count":3,"href":"https:\/\/www.mixtuur.com\/de\/wp-json\/wp\/v2\/pages\/24018\/revisions"}],"predecessor-version":[{"id":24020,"href":"https:\/\/www.mixtuur.com\/de\/wp-json\/wp\/v2\/pages\/24018\/revisions\/24020"}],"wp:attachment":[{"href":"https:\/\/www.mixtuur.com\/de\/wp-json\/wp\/v2\/media?parent=24018"}],"curies":[{"name":"wp","href":"https:\/\/api.w.org\/{rel}","templated":true}]}}