{"id":24008,"date":"2025-02-13T15:22:05","date_gmt":"2025-02-13T14:22:05","guid":{"rendered":"https:\/\/www.mixtuur.com\/elektronisch-orgel-mit-vollpedal\/"},"modified":"2025-02-13T15:24:59","modified_gmt":"2025-02-13T14:24:59","slug":"elektronisch-orgel-mit-vollpedal","status":"publish","type":"page","link":"https:\/\/www.mixtuur.com\/de\/elektronisch-orgel-mit-vollpedal\/","title":{"rendered":"Elektronisch Orgel mit Vollpedal"},"content":{"rendered":"<h1>Elektronisch Orgel mit Vollpedal<\/h1>\n<p><strong>Ein elektronisch Orgel mit Vollpedal ist die ideale Wahl f\u00fcr Organisten, die ein authentisches Spielerlebnis suchen, ohne den Platzbedarf und Wartungsaufwand einer traditionellen Pfeifenorgel. Mixtuur bietet eine breite Palette an Orgeln: Konzertorgeln, Heimorgeln, <a href=\"https:\/\/www.mixtuur.com\/de\/hauptwerk\/\">Hauptwerk-Orgeln<\/a> und vieles mehr. Bei der Wahl einer elektronischen Orgel mit Vollpedal ist es wichtig, dass sie Ihren Spielbed\u00fcrfnissen entspricht. M\u00f6chten Sie mehr \u00fcber die elektronischen Orgeln und Pedale von Mixtuur erfahren? Lesen Sie weiter!<\/strong><\/p>\n<h2>Warum ist das Vollpedal f\u00fcr eine elektronische Orgel wichtig?<\/h2>\n<p>Ihre Orgel ist ohne ein passendes Pedal nicht vollst\u00e4ndig. Ein Pedal ist ein separates Element, das unten an der Orgel angebracht wird. Es ist sehr wichtig, dass die Tasten, Kontakte und Verkabelung ordnungsgem\u00e4\u00df angeschlossen sind, damit das Pedal einwandfrei funktioniert. Dar\u00fcber hinaus gibt es viele verschiedene Pedale. Der Stil eines Pedals h\u00e4ngt von mehreren Faktoren ab: der Gr\u00f6\u00dfe der Orgel, dem Design der Orgel und Ihrer eigenen K\u00f6rpergr\u00f6\u00dfe. Es gibt also verschiedene Aspekte, die ber\u00fccksichtigt werden m\u00fcssen.<\/p>\n<h2>Vorteile einer elektronischen Orgel mit Vollpedal<\/h2>\n<ul>\n<li><strong>Realistische Orgelkl\u00e4nge:<\/strong> Dank fortschrittlicher Sampling-Technologien k\u00f6nnen elektronische Orgeln naturgetreue Pfeifenorgelkl\u00e4nge erzeugen. Dadurch erleben Sie den vollen Klang einer traditionellen Orgel.<\/li>\n<li><strong>Vollpedal:<\/strong> Ein Pedalklavier erm\u00f6glicht es Organisten, komplexe und dynamische Musikst\u00fccke zu spielen.<\/li>\n<li><strong>Kompakt und wartungsfrei:<\/strong> Im Gegensatz zu Pfeifenorgeln erfordert eine elektronische Orgel keine regelm\u00e4\u00dfige Stimmung oder Fundamentierung. Dies spart Kosten, Zeit und M\u00fche.<\/li>\n<li><strong>Vielseitige Klangm\u00f6glichkeiten:<\/strong> Viele Modelle bieten mehrere Register, Effekte und Einstellungsm\u00f6glichkeiten, sodass Sie den Klang nach Ihren W\u00fcnschen anpassen k\u00f6nnen.<\/li>\n<\/ul>\n<p><img loading=\"lazy\" decoding=\"async\" class=\"alignnone wp-image-20360 size-full\" src=\"https:\/\/www.mixtuur.com\/wp-content\/uploads\/2021\/01\/Copyright_www.unit-ed.nl-6888-scaled.jpg\" alt=\"\" width=\"2560\" height=\"1707\" srcset=\"https:\/\/www.mixtuur.com\/wp-content\/uploads\/2021\/01\/Copyright_www.unit-ed.nl-6888-scaled.jpg 2560w, https:\/\/www.mixtuur.com\/wp-content\/uploads\/2021\/01\/Copyright_www.unit-ed.nl-6888-300x200.jpg 300w, https:\/\/www.mixtuur.com\/wp-content\/uploads\/2021\/01\/Copyright_www.unit-ed.nl-6888-1030x687.jpg 1030w, https:\/\/www.mixtuur.com\/wp-content\/uploads\/2021\/01\/Copyright_www.unit-ed.nl-6888-768x512.jpg 768w, https:\/\/www.mixtuur.com\/wp-content\/uploads\/2021\/01\/Copyright_www.unit-ed.nl-6888-1536x1024.jpg 1536w, https:\/\/www.mixtuur.com\/wp-content\/uploads\/2021\/01\/Copyright_www.unit-ed.nl-6888-2048x1365.jpg 2048w, https:\/\/www.mixtuur.com\/wp-content\/uploads\/2021\/01\/Copyright_www.unit-ed.nl-6888-1500x1000.jpg 1500w, https:\/\/www.mixtuur.com\/wp-content\/uploads\/2021\/01\/Copyright_www.unit-ed.nl-6888-705x470.jpg 705w, https:\/\/www.mixtuur.com\/wp-content\/uploads\/2021\/01\/Copyright_www.unit-ed.nl-6888-450x300.jpg 450w\" sizes=\"auto, (max-width: 2560px) 100vw, 2560px\" \/><\/p>\n<h2>Pedale von Mixtuur<\/h2>\n<p>M\u00f6chten Sie eine elektronische Orgel mit wei\u00dfen Pedalen oder bevorzugen Sie schwarze Pedale? Kein Problem. Bei Mixtuur gibt es viele besondere Optionen, die es Ihnen erm\u00f6glichen, das Beste aus Ihrem Instrument herauszuholen. So k\u00f6nnen Sie Ihr pers\u00f6nliches Traumorgel verwirklichen. Sie k\u00f6nnen zum Beispiel aus dem standardm\u00e4\u00dfigen 30-t\u00f6nigen Pedal aus hellem Eichenholz w\u00e4hlen, aber es gibt noch viele weitere Modelle, darunter:<\/p>\n<p>30-t\u00f6nig Konkav<br \/>\n32-t\u00f6nig Konkav<br \/>\n30-t\u00f6nig Radial-Konkav<br \/>\n32-t\u00f6nig Radial-Konkav<br \/>\nAGO-Pedal<\/p>\n<p>Zus\u00e4tzlich k\u00f6nnen Sie zwischen schwarzen, wei\u00dfen und weng\u00e9farbenen Obertasten w\u00e4hlen.<\/p>\n<h2>Welche elektronische Orgel passt zu Ihnen?<\/h2>\n<p>Bei der Auswahl einer elektronisch Orgel mit Vollpedal ist es wichtig, auf Aspekte wie die Anzahl der Register, die Klangqualit\u00e4t und die Erweiterungsm\u00f6glichkeiten zu achten. Mixtuur bietet eine gro\u00dfe Auswahl an Orgeln in verschiedenen Preisklassen. Diese h\u00e4ngen von den unterschiedlichen Spezifikationen und dem Design der Orgeln ab. Wir haben sowohl Standard- als auch vereinfachte Hauptwerk-Orgeln. M\u00f6chten Sie eine besonders authentische Orgel? Auch das ist m\u00f6glich! Sie haben die Wahl zwischen <a href=\"https:\/\/www.mixtuur.com\/de\/heimorgeln\/exclusive-design\/\">ma\u00dfgeschneiderten Orgeln<\/a>, die speziell nach Ihren W\u00fcnschen gefertigt werden.<\/p>\n<h2>Mehr Informationen<\/h2>\n<p>Bei Mixtuur garantieren wir beste Qualit\u00e4t zu einem fairen Preis. Dies ist m\u00f6glich, weil wir unsere Orgeln selbst herstellen. Haben Sie noch Fragen oder m\u00f6chten Sie mehr \u00fcber die elektronisch Orgel mit Vollpedal erfahren? <a href=\"https:\/\/www.mixtuur.com\/de\/kontakt\/\">Kontaktieren<\/a> Sie uns! Wir helfen Ihnen gerne weiter.<\/p>\n","protected":false},"excerpt":{"rendered":"<p>Elektronisch Orgel mit Vollpedal Ein elektronisch Orgel mit Vollpedal ist die ideale Wahl f\u00fcr Organisten, die ein authentisches Spielerlebnis suchen, ohne den Platzbedarf und Wartungsaufwand einer traditionellen Pfeifenorgel. Mixtuur bietet eine breite Palette an Orgeln: Konzertorgeln, Heimorgeln, Hauptwerk-Orgeln und vieles mehr. Bei der Wahl einer elektronischen Orgel mit Vollpedal ist es wichtig, dass sie Ihren [&hellip;]<\/p>\n","protected":false},"author":17,"featured_media":0,"parent":0,"menu_order":0,"comment_status":"closed","ping_status":"closed","template":"","meta":{"footnotes":""},"class_list":["post-24008","page","type-page","status-publish","hentry"],"yoast_head":"<!-- This site is optimized with the Yoast SEO plugin v25.5 - https:\/\/yoast.com\/wordpress\/plugins\/seo\/ -->\n<title>Elektronisch Orgel mit Vollpedal - Mixtuur<\/title>\n<meta name=\"description\" content=\"Suchen Sie ein elektronisch Orgel mit Vollpedal? Mixtuur hat verschiedene Orgeln auf Lager. Sind Sie neugierig auf die M\u00f6glichkeiten?\" \/>\n<meta name=\"robots\" content=\"index, follow, max-snippet:-1, max-image-preview:large, max-video-preview:-1\" \/>\n<link rel=\"canonical\" href=\"https:\/\/www.mixtuur.com\/de\/elektronisch-orgel-mit-vollpedal\/\" \/>\n<meta property=\"og:locale\" content=\"de_DE\" \/>\n<meta property=\"og:type\" content=\"article\" \/>\n<meta property=\"og:title\" content=\"Elektronisch Orgel mit Vollpedal - Mixtuur\" \/>\n<meta property=\"og:description\" content=\"Suchen Sie ein elektronisch Orgel mit Vollpedal? Mixtuur hat verschiedene Orgeln auf Lager. Sind Sie neugierig auf die M\u00f6glichkeiten?\" \/>\n<meta property=\"og:url\" content=\"https:\/\/www.mixtuur.com\/de\/elektronisch-orgel-mit-vollpedal\/\" \/>\n<meta property=\"og:site_name\" content=\"Mixtuur\" \/>\n<meta property=\"article:modified_time\" content=\"2025-02-13T14:24:59+00:00\" \/>\n<meta property=\"og:image\" content=\"https:\/\/www.mixtuur.com\/wp-content\/uploads\/2021\/01\/Copyright_www.unit-ed.nl-6888-scaled.jpg\" \/>\n<meta name=\"twitter:card\" content=\"summary_large_image\" \/>\n<meta name=\"twitter:label1\" content=\"Gesch\u00e4tzte Lesezeit\" \/>\n\t<meta name=\"twitter:data1\" content=\"3\u00a0Minuten\" \/>\n<script type=\"application\/ld+json\" class=\"yoast-schema-graph\">{\"@context\":\"https:\/\/schema.org\",\"@graph\":[{\"@type\":\"WebPage\",\"@id\":\"https:\/\/www.mixtuur.com\/de\/elektronisch-orgel-mit-vollpedal\/\",\"url\":\"https:\/\/www.mixtuur.com\/de\/elektronisch-orgel-mit-vollpedal\/\",\"name\":\"Elektronisch Orgel mit Vollpedal - Mixtuur\",\"isPartOf\":{\"@id\":\"https:\/\/www.mixtuur.com\/#website\"},\"primaryImageOfPage\":{\"@id\":\"https:\/\/www.mixtuur.com\/de\/elektronisch-orgel-mit-vollpedal\/#primaryimage\"},\"image\":{\"@id\":\"https:\/\/www.mixtuur.com\/de\/elektronisch-orgel-mit-vollpedal\/#primaryimage\"},\"thumbnailUrl\":\"https:\/\/www.mixtuur.com\/wp-content\/uploads\/2021\/01\/Copyright_www.unit-ed.nl-6888-scaled.jpg\",\"datePublished\":\"2025-02-13T14:22:05+00:00\",\"dateModified\":\"2025-02-13T14:24:59+00:00\",\"description\":\"Suchen Sie ein elektronisch Orgel mit Vollpedal? Mixtuur hat verschiedene Orgeln auf Lager. Sind Sie neugierig auf die M\u00f6glichkeiten?\",\"breadcrumb\":{\"@id\":\"https:\/\/www.mixtuur.com\/de\/elektronisch-orgel-mit-vollpedal\/#breadcrumb\"},\"inLanguage\":\"de\",\"potentialAction\":[{\"@type\":\"ReadAction\",\"target\":[\"https:\/\/www.mixtuur.com\/de\/elektronisch-orgel-mit-vollpedal\/\"]}]},{\"@type\":\"ImageObject\",\"inLanguage\":\"de\",\"@id\":\"https:\/\/www.mixtuur.com\/de\/elektronisch-orgel-mit-vollpedal\/#primaryimage\",\"url\":\"https:\/\/www.mixtuur.com\/wp-content\/uploads\/2021\/01\/Copyright_www.unit-ed.nl-6888-scaled.jpg\",\"contentUrl\":\"https:\/\/www.mixtuur.com\/wp-content\/uploads\/2021\/01\/Copyright_www.unit-ed.nl-6888-scaled.jpg\"},{\"@type\":\"BreadcrumbList\",\"@id\":\"https:\/\/www.mixtuur.com\/de\/elektronisch-orgel-mit-vollpedal\/#breadcrumb\",\"itemListElement\":[{\"@type\":\"ListItem\",\"position\":1,\"name\":\"Home\",\"item\":\"https:\/\/www.mixtuur.com\/de\/\"},{\"@type\":\"ListItem\",\"position\":2,\"name\":\"Elektronisch Orgel mit Vollpedal\"}]},{\"@type\":\"WebSite\",\"@id\":\"https:\/\/www.mixtuur.com\/#website\",\"url\":\"https:\/\/www.mixtuur.com\/\",\"name\":\"Mixtuur\",\"description\":\"The Authentic Sound\",\"potentialAction\":[{\"@type\":\"SearchAction\",\"target\":{\"@type\":\"EntryPoint\",\"urlTemplate\":\"https:\/\/www.mixtuur.com\/?s={search_term_string}\"},\"query-input\":{\"@type\":\"PropertyValueSpecification\",\"valueRequired\":true,\"valueName\":\"search_term_string\"}}],\"inLanguage\":\"de\"}]}<\/script>\n<!-- \/ Yoast SEO plugin. -->","yoast_head_json":{"title":"Elektronisch Orgel mit Vollpedal - Mixtuur","description":"Suchen Sie ein elektronisch Orgel mit Vollpedal? Mixtuur hat verschiedene Orgeln auf Lager. Sind Sie neugierig auf die M\u00f6glichkeiten?","robots":{"index":"index","follow":"follow","max-snippet":"max-snippet:-1","max-image-preview":"max-image-preview:large","max-video-preview":"max-video-preview:-1"},"canonical":"https:\/\/www.mixtuur.com\/de\/elektronisch-orgel-mit-vollpedal\/","og_locale":"de_DE","og_type":"article","og_title":"Elektronisch Orgel mit Vollpedal - Mixtuur","og_description":"Suchen Sie ein elektronisch Orgel mit Vollpedal? Mixtuur hat verschiedene Orgeln auf Lager. Sind Sie neugierig auf die M\u00f6glichkeiten?","og_url":"https:\/\/www.mixtuur.com\/de\/elektronisch-orgel-mit-vollpedal\/","og_site_name":"Mixtuur","article_modified_time":"2025-02-13T14:24:59+00:00","og_image":[{"url":"https:\/\/www.mixtuur.com\/wp-content\/uploads\/2021\/01\/Copyright_www.unit-ed.nl-6888-scaled.jpg","type":"","width":"","height":""}],"twitter_card":"summary_large_image","twitter_misc":{"Gesch\u00e4tzte Lesezeit":"3\u00a0Minuten"},"schema":{"@context":"https:\/\/schema.org","@graph":[{"@type":"WebPage","@id":"https:\/\/www.mixtuur.com\/de\/elektronisch-orgel-mit-vollpedal\/","url":"https:\/\/www.mixtuur.com\/de\/elektronisch-orgel-mit-vollpedal\/","name":"Elektronisch Orgel mit Vollpedal - Mixtuur","isPartOf":{"@id":"https:\/\/www.mixtuur.com\/#website"},"primaryImageOfPage":{"@id":"https:\/\/www.mixtuur.com\/de\/elektronisch-orgel-mit-vollpedal\/#primaryimage"},"image":{"@id":"https:\/\/www.mixtuur.com\/de\/elektronisch-orgel-mit-vollpedal\/#primaryimage"},"thumbnailUrl":"https:\/\/www.mixtuur.com\/wp-content\/uploads\/2021\/01\/Copyright_www.unit-ed.nl-6888-scaled.jpg","datePublished":"2025-02-13T14:22:05+00:00","dateModified":"2025-02-13T14:24:59+00:00","description":"Suchen Sie ein elektronisch Orgel mit Vollpedal? Mixtuur hat verschiedene Orgeln auf Lager. Sind Sie neugierig auf die M\u00f6glichkeiten?","breadcrumb":{"@id":"https:\/\/www.mixtuur.com\/de\/elektronisch-orgel-mit-vollpedal\/#breadcrumb"},"inLanguage":"de","potentialAction":[{"@type":"ReadAction","target":["https:\/\/www.mixtuur.com\/de\/elektronisch-orgel-mit-vollpedal\/"]}]},{"@type":"ImageObject","inLanguage":"de","@id":"https:\/\/www.mixtuur.com\/de\/elektronisch-orgel-mit-vollpedal\/#primaryimage","url":"https:\/\/www.mixtuur.com\/wp-content\/uploads\/2021\/01\/Copyright_www.unit-ed.nl-6888-scaled.jpg","contentUrl":"https:\/\/www.mixtuur.com\/wp-content\/uploads\/2021\/01\/Copyright_www.unit-ed.nl-6888-scaled.jpg"},{"@type":"BreadcrumbList","@id":"https:\/\/www.mixtuur.com\/de\/elektronisch-orgel-mit-vollpedal\/#breadcrumb","itemListElement":[{"@type":"ListItem","position":1,"name":"Home","item":"https:\/\/www.mixtuur.com\/de\/"},{"@type":"ListItem","position":2,"name":"Elektronisch Orgel mit Vollpedal"}]},{"@type":"WebSite","@id":"https:\/\/www.mixtuur.com\/#website","url":"https:\/\/www.mixtuur.com\/","name":"Mixtuur","description":"The Authentic Sound","potentialAction":[{"@type":"SearchAction","target":{"@type":"EntryPoint","urlTemplate":"https:\/\/www.mixtuur.com\/?s={search_term_string}"},"query-input":{"@type":"PropertyValueSpecification","valueRequired":true,"valueName":"search_term_string"}}],"inLanguage":"de"}]}},"_links":{"self":[{"href":"https:\/\/www.mixtuur.com\/de\/wp-json\/wp\/v2\/pages\/24008","targetHints":{"allow":["GET"]}}],"collection":[{"href":"https:\/\/www.mixtuur.com\/de\/wp-json\/wp\/v2\/pages"}],"about":[{"href":"https:\/\/www.mixtuur.com\/de\/wp-json\/wp\/v2\/types\/page"}],"author":[{"embeddable":true,"href":"https:\/\/www.mixtuur.com\/de\/wp-json\/wp\/v2\/users\/17"}],"replies":[{"embeddable":true,"href":"https:\/\/www.mixtuur.com\/de\/wp-json\/wp\/v2\/comments?post=24008"}],"version-history":[{"count":3,"href":"https:\/\/www.mixtuur.com\/de\/wp-json\/wp\/v2\/pages\/24008\/revisions"}],"predecessor-version":[{"id":24010,"href":"https:\/\/www.mixtuur.com\/de\/wp-json\/wp\/v2\/pages\/24008\/revisions\/24010"}],"wp:attachment":[{"href":"https:\/\/www.mixtuur.com\/de\/wp-json\/wp\/v2\/media?parent=24008"}],"curies":[{"name":"wp","href":"https:\/\/api.w.org\/{rel}","templated":true}]}}