{"id":23167,"date":"2024-09-26T14:01:39","date_gmt":"2024-09-26T12:01:39","guid":{"rendered":"https:\/\/www.mixtuur.com\/orgel-elektrisch\/"},"modified":"2024-09-26T16:53:30","modified_gmt":"2024-09-26T14:53:30","slug":"orgel-elektrisch","status":"publish","type":"page","link":"https:\/\/www.mixtuur.com\/de\/orgel-elektrisch\/","title":{"rendered":"Orgel elektrisch"},"content":{"rendered":"<h1>Orgel elektrisch<\/h1>\n<p><strong>Sind Sie auf der Suche nach einer elektrischen Orgel? Dann sind Sie bei Mixtuur genau richtig. Bei uns finden Sie ein umfangreiches Angebot an Orgeln in verschiedenen Ausf\u00fchrungen und Gr\u00f6\u00dfen. Die Orgeln verf\u00fcgen \u00fcber die neuesten Technologien und sind sehr benutzerfreundlich.<\/strong><\/p>\n<p>Egal, ob Sie eine elektrische Orgel f\u00fcr Zuhause oder f\u00fcr die Kirche suchen, bei uns werden Sie f\u00fcndig. M\u00f6chten Sie wissen, was wir f\u00fcr Sie tun k\u00f6nnen, oder m\u00f6chten Sie mehr \u00fcber eine elektrische Orgel erfahren? Lesen Sie weiter, werfen Sie einen Blick auf <a href=\"https:\/\/www.mixtuur.com\/de\/heimorgeln\/\">unser Angebot<\/a> oder <a href=\"https:\/\/www.mixtuur.com\/de\/kontakt\/\">kontaktieren<\/a> Sie uns unverbindlich. Unsere Spezialisten stehen Ihnen zur Verf\u00fcgung und helfen Ihnen gerne, die Orgel zu finden, die Sie suchen.<\/p>\n<h2>Wie funktioniert eine elektrische Orgel?<\/h2>\n<p>Eine elektrische Orgel, auch <a href=\"https:\/\/www.mixtuur.com\/de\/digitale-orgel-kaufen\/\">digitale Orgel<\/a> genannt, ist ein elektronisches Tasteninstrument und kann wie ein Klavier \u00fcber die Tasten gespielt werden. Bei elektronischen Orgeln wird der Klang einer Pfeifenorgel so realistisch wie m\u00f6glich nachgebildet, um den ultimativen Klang zu erzeugen. Die Orgeln verf\u00fcgen alle \u00fcber ein oder mehrere Manuale, ein Pedal und Schwellpedale. Dank digitaler Orgeln kann der Klang einer Pfeifenorgel oder Kirchenorgel bei Ihnen zu Hause erlebt werden. So k\u00f6nnen Musiker die authentische Erfahrung des Orgelspielens genie\u00dfen, ohne die physischen Einschr\u00e4nkungen und hohen Kosten einer Pfeifenorgel.<\/p>\n<p><img loading=\"lazy\" decoding=\"async\" class=\"alignnone size-featured wp-image-20930\" src=\"https:\/\/www.mixtuur.com\/wp-content\/uploads\/2021\/09\/Copyright_www.unit-ed.nl-8828-1500x430.jpg\" alt=\"\" width=\"1500\" height=\"430\" \/><\/p>\n<h2>Vorteile einer elektrischen Orgel<\/h2>\n<ul>\n<li><strong>Kosteneffizienz:<\/strong> Elektrische Orgeln sind oft viel g\u00fcnstiger als traditionelle Pfeifenorgeln, vor allem aufgrund des Fehlens komplexer mechanischer Komponenten wie Pfeifen und Luftkan\u00e4le.<\/li>\n<li><strong>Kompaktheit:<\/strong> Eine elektrische Orgel nimmt viel weniger Platz ein und ist leichter als eine Pfeifenorgel, was sie ideal f\u00fcr den Einsatz in kleineren R\u00e4umen wie Wohnungen oder modernen Kirchen macht.<\/li>\n<li><strong>Vielseitigkeit:<\/strong> Elektrische Orgeln k\u00f6nnen verschiedene Orgelkl\u00e4nge nachahmen, was sie vielseitiger macht als eine Pfeifenorgel, die nur einen bestimmten Klang hat. Dies bedeutet, dass Sie den Klang an verschiedene Musikstile wie Barock, Romantik oder Moderne anpassen k\u00f6nnen.<\/li>\n<li><strong>Wartungsarm:<\/strong> Im Gegensatz zu Pfeifenorgeln, die regelm\u00e4\u00dfig gestimmt und gewartet werden m\u00fcssen, ben\u00f6tigen elektrische Orgeln nur minimalen Wartungsaufwand.<\/li>\n<\/ul>\n<h2>Standard oder vereinfachtes Hauptwerk<\/h2>\n<p>Beim Kauf einer elektrischen Orgel haben Sie oft die Wahl zwischen Standard- und vereinfachtem Hauptwerk. <a href=\"https:\/\/www.mixtuur.com\/de\/hauptwerk\/\">Hauptwerk<\/a> ist die Technologie, \u00fcber die die Orgeln verf\u00fcgen. Es handelt sich um ein leistungsstarkes Softwareprogramm, das auf MIDI basiert. In diesem Programm k\u00f6nnen Samplesets von gesampelten Orgeln geladen werden. Die Kl\u00e4nge jeder einzelnen Pfeife sorgen f\u00fcr ein lebendiges Zusammenspiel.<\/p>\n<p>Innerhalb der Hauptwerk-Software unterscheiden wir zwischen vereinfachtem und Standard-Hauptwerk. Vereinfachtes Hauptwerk ist ideal f\u00fcr alle, die gerne zu Hause auf einer Orgel spielen m\u00f6chten. Es ist einfach zu bedienen, sodass Sie zu Hause in vollem Umfang die Vorteile einer Hauptwerk-Orgel genie\u00dfen k\u00f6nnen. Bevorzugen Sie Standard-Hauptwerk? Mit Standard-Hauptwerk haben Sie die volle Kontrolle und k\u00f6nnen das Maximum aus Ihrer Hauptwerk-Orgel herausholen. Sehr geeignet f\u00fcr wahre Orgelliebhaber. Fragen Sie uns nach den M\u00f6glichkeiten, um mehr \u00fcber die Unterschiede zwischen vereinfachtem und Standard-Hauptwerk zu erfahren.<\/p>\n<h2>Ihre elektrische Orgel bei Mixtuur kaufen<\/h2>\n<p>Neben unserem umfangreichen Angebot an Orgeln, die Sie bei uns kaufen k\u00f6nnen, haben Sie auch die M\u00f6glichkeit, <a href=\"https:\/\/www.mixtuur.com\/de\/heimorgeln\/exclusive-design\/\">eine Orgel nach Ma\u00df anfertigen zu lassen<\/a>. Bei Mixtuur sind die M\u00f6glichkeiten unbegrenzt. M\u00f6chten Sie mehr erfahren? Sehen Sie sich unser <a href=\"https:\/\/www.mixtuur.com\/de\/heimorgeln\/\">vollst\u00e4ndiges Angebot<\/a> an elektronischen Orgeln an oder <a href=\"https:\/\/www.mixtuur.com\/de\/kontakt\/\">kontaktieren<\/a> Sie uns unverbindlich f\u00fcr weitere Informationen. Wir helfen Ihnen gerne, die Orgel zu finden, die Sie suchen.<\/p>\n<p>&nbsp;<\/p>\n\n<div class=\"wpcf7 no-js\" id=\"wpcf7-f2984-o1\" lang=\"nl-NL\" dir=\"ltr\" data-wpcf7-id=\"2984\">\n<div class=\"screen-reader-response\"><p role=\"status\" aria-live=\"polite\" aria-atomic=\"true\"><\/p> <ul><\/ul><\/div>\n<form action=\"\/de\/wp-json\/wp\/v2\/pages\/23167#wpcf7-f2984-o1\" method=\"post\" class=\"wpcf7-form init\" aria-label=\"Contactformulier\" novalidate=\"novalidate\" data-status=\"init\">\n<fieldset class=\"hidden-fields-container\"><input type=\"hidden\" name=\"_wpcf7\" value=\"2984\" \/><input type=\"hidden\" name=\"_wpcf7_version\" value=\"6.1.5\" \/><input type=\"hidden\" name=\"_wpcf7_locale\" value=\"nl_NL\" \/><input type=\"hidden\" name=\"_wpcf7_unit_tag\" value=\"wpcf7-f2984-o1\" \/><input type=\"hidden\" name=\"_wpcf7_container_post\" value=\"0\" \/><input type=\"hidden\" name=\"_wpcf7_posted_data_hash\" value=\"\" \/><input type=\"hidden\" name=\"_wpcf7_recaptcha_response\" value=\"\" \/>\n<\/fieldset>\n<p>Ihr Name (Pflichtangabe)\n<\/p>\n<p><span class=\"wpcf7-form-control-wrap\" data-name=\"your-name\"><input size=\"40\" maxlength=\"400\" class=\"wpcf7-form-control wpcf7-text wpcf7-validates-as-required\" aria-required=\"true\" aria-invalid=\"false\" value=\"\" type=\"text\" name=\"your-name\" \/><\/span>\n<\/p>\n<p>Ihre E-Mail-Adresse (Pflichtangabe)\n<\/p>\n<p><span class=\"wpcf7-form-control-wrap\" data-name=\"your-email\"><input size=\"40\" maxlength=\"400\" class=\"wpcf7-form-control wpcf7-email wpcf7-validates-as-required wpcf7-text wpcf7-validates-as-email\" aria-required=\"true\" aria-invalid=\"false\" value=\"\" type=\"email\" name=\"your-email\" \/><\/span>\n<\/p>\n<p>Telefonnummer\n<\/p>\n<p><span class=\"wpcf7-form-control-wrap\" data-name=\"tel-640\"><input size=\"40\" maxlength=\"400\" class=\"wpcf7-form-control wpcf7-tel wpcf7-text wpcf7-validates-as-tel\" aria-invalid=\"false\" value=\"\" type=\"tel\" name=\"tel-640\" \/><\/span>\n<\/p>\n<p>Betreff\n<\/p>\n<p><span class=\"wpcf7-form-control-wrap\" data-name=\"your-subject\"><input size=\"40\" maxlength=\"400\" class=\"wpcf7-form-control wpcf7-text\" aria-invalid=\"false\" value=\"\" type=\"text\" name=\"your-subject\" \/><\/span>\n<\/p>\n<p>Deine Nachricht\n<\/p>\n<p><span class=\"wpcf7-form-control-wrap\" data-name=\"your-message\"><textarea cols=\"40\" rows=\"10\" maxlength=\"2000\" class=\"wpcf7-form-control wpcf7-textarea\" aria-invalid=\"false\" name=\"your-message\"><\/textarea><\/span>\n<\/p>\n\n<p><input class=\"wpcf7-form-control wpcf7-submit has-spinner\" type=\"submit\" value=\"Senden\" \/>\n<\/p><div class=\"wpcf7-response-output\" aria-hidden=\"true\"><\/div>\n<\/form>\n<\/div>\n\n","protected":false},"excerpt":{"rendered":"<p>Orgel elektrisch Sind Sie auf der Suche nach einer elektrischen Orgel? Dann sind Sie bei Mixtuur genau richtig. Bei uns finden Sie ein umfangreiches Angebot an Orgeln in verschiedenen Ausf\u00fchrungen und Gr\u00f6\u00dfen. Die Orgeln verf\u00fcgen \u00fcber die neuesten Technologien und sind sehr benutzerfreundlich. Egal, ob Sie eine elektrische Orgel f\u00fcr Zuhause oder f\u00fcr die Kirche [&hellip;]<\/p>\n","protected":false},"author":17,"featured_media":0,"parent":0,"menu_order":0,"comment_status":"closed","ping_status":"closed","template":"","meta":{"footnotes":""},"class_list":["post-23167","page","type-page","status-publish","hentry"],"yoast_head":"<!-- This site is optimized with the Yoast SEO plugin v25.5 - https:\/\/yoast.com\/wordpress\/plugins\/seo\/ -->\n<title>Ein elektrisches Orgel bei Mixtuur kaufen | Entdecken Sie unser umfangreiches Angebot<\/title>\n<meta name=\"description\" content=\"Suchen Sie eine elektrische Orgel mit allen Annehmlichkeiten? Entdecken Sie das umfangreiche Angebot an elektrischen Orgeln von Mixtuur.\" \/>\n<meta name=\"robots\" content=\"index, follow, max-snippet:-1, max-image-preview:large, max-video-preview:-1\" \/>\n<link rel=\"canonical\" href=\"https:\/\/www.mixtuur.com\/de\/orgel-elektrisch\/\" \/>\n<meta property=\"og:locale\" content=\"de_DE\" \/>\n<meta property=\"og:type\" content=\"article\" \/>\n<meta property=\"og:title\" content=\"Ein elektrisches Orgel bei Mixtuur kaufen | Entdecken Sie unser umfangreiches Angebot\" \/>\n<meta property=\"og:description\" content=\"Suchen Sie eine elektrische Orgel mit allen Annehmlichkeiten? Entdecken Sie das umfangreiche Angebot an elektrischen Orgeln von Mixtuur.\" \/>\n<meta property=\"og:url\" content=\"https:\/\/www.mixtuur.com\/de\/orgel-elektrisch\/\" \/>\n<meta property=\"og:site_name\" content=\"Mixtuur\" \/>\n<meta property=\"article:modified_time\" content=\"2024-09-26T14:53:30+00:00\" \/>\n<meta property=\"og:image\" content=\"https:\/\/www.mixtuur.com\/wp-content\/uploads\/2021\/09\/Copyright_www.unit-ed.nl-8828-1500x430.jpg\" \/>\n<meta name=\"twitter:card\" content=\"summary_large_image\" \/>\n<meta name=\"twitter:label1\" content=\"Gesch\u00e4tzte Lesezeit\" \/>\n\t<meta name=\"twitter:data1\" content=\"3\u00a0Minuten\" \/>\n<script type=\"application\/ld+json\" class=\"yoast-schema-graph\">{\"@context\":\"https:\/\/schema.org\",\"@graph\":[{\"@type\":\"WebPage\",\"@id\":\"https:\/\/www.mixtuur.com\/de\/orgel-elektrisch\/\",\"url\":\"https:\/\/www.mixtuur.com\/de\/orgel-elektrisch\/\",\"name\":\"Ein elektrisches Orgel bei Mixtuur kaufen | Entdecken Sie unser umfangreiches Angebot\",\"isPartOf\":{\"@id\":\"https:\/\/www.mixtuur.com\/#website\"},\"primaryImageOfPage\":{\"@id\":\"https:\/\/www.mixtuur.com\/de\/orgel-elektrisch\/#primaryimage\"},\"image\":{\"@id\":\"https:\/\/www.mixtuur.com\/de\/orgel-elektrisch\/#primaryimage\"},\"thumbnailUrl\":\"https:\/\/www.mixtuur.com\/wp-content\/uploads\/2021\/09\/Copyright_www.unit-ed.nl-8828-1500x430.jpg\",\"datePublished\":\"2024-09-26T12:01:39+00:00\",\"dateModified\":\"2024-09-26T14:53:30+00:00\",\"description\":\"Suchen Sie eine elektrische Orgel mit allen Annehmlichkeiten? Entdecken Sie das umfangreiche Angebot an elektrischen Orgeln von Mixtuur.\",\"breadcrumb\":{\"@id\":\"https:\/\/www.mixtuur.com\/de\/orgel-elektrisch\/#breadcrumb\"},\"inLanguage\":\"de\",\"potentialAction\":[{\"@type\":\"ReadAction\",\"target\":[\"https:\/\/www.mixtuur.com\/de\/orgel-elektrisch\/\"]}]},{\"@type\":\"ImageObject\",\"inLanguage\":\"de\",\"@id\":\"https:\/\/www.mixtuur.com\/de\/orgel-elektrisch\/#primaryimage\",\"url\":\"https:\/\/www.mixtuur.com\/wp-content\/uploads\/2021\/09\/Copyright_www.unit-ed.nl-8828-1500x430.jpg\",\"contentUrl\":\"https:\/\/www.mixtuur.com\/wp-content\/uploads\/2021\/09\/Copyright_www.unit-ed.nl-8828-1500x430.jpg\"},{\"@type\":\"BreadcrumbList\",\"@id\":\"https:\/\/www.mixtuur.com\/de\/orgel-elektrisch\/#breadcrumb\",\"itemListElement\":[{\"@type\":\"ListItem\",\"position\":1,\"name\":\"Home\",\"item\":\"https:\/\/www.mixtuur.com\/de\/\"},{\"@type\":\"ListItem\",\"position\":2,\"name\":\"Orgel elektrisch\"}]},{\"@type\":\"WebSite\",\"@id\":\"https:\/\/www.mixtuur.com\/#website\",\"url\":\"https:\/\/www.mixtuur.com\/\",\"name\":\"Mixtuur\",\"description\":\"The Authentic Sound\",\"potentialAction\":[{\"@type\":\"SearchAction\",\"target\":{\"@type\":\"EntryPoint\",\"urlTemplate\":\"https:\/\/www.mixtuur.com\/?s={search_term_string}\"},\"query-input\":{\"@type\":\"PropertyValueSpecification\",\"valueRequired\":true,\"valueName\":\"search_term_string\"}}],\"inLanguage\":\"de\"}]}<\/script>\n<!-- \/ Yoast SEO plugin. -->","yoast_head_json":{"title":"Ein elektrisches Orgel bei Mixtuur kaufen | Entdecken Sie unser umfangreiches Angebot","description":"Suchen Sie eine elektrische Orgel mit allen Annehmlichkeiten? Entdecken Sie das umfangreiche Angebot an elektrischen Orgeln von Mixtuur.","robots":{"index":"index","follow":"follow","max-snippet":"max-snippet:-1","max-image-preview":"max-image-preview:large","max-video-preview":"max-video-preview:-1"},"canonical":"https:\/\/www.mixtuur.com\/de\/orgel-elektrisch\/","og_locale":"de_DE","og_type":"article","og_title":"Ein elektrisches Orgel bei Mixtuur kaufen | Entdecken Sie unser umfangreiches Angebot","og_description":"Suchen Sie eine elektrische Orgel mit allen Annehmlichkeiten? Entdecken Sie das umfangreiche Angebot an elektrischen Orgeln von Mixtuur.","og_url":"https:\/\/www.mixtuur.com\/de\/orgel-elektrisch\/","og_site_name":"Mixtuur","article_modified_time":"2024-09-26T14:53:30+00:00","og_image":[{"url":"https:\/\/www.mixtuur.com\/wp-content\/uploads\/2021\/09\/Copyright_www.unit-ed.nl-8828-1500x430.jpg","type":"","width":"","height":""}],"twitter_card":"summary_large_image","twitter_misc":{"Gesch\u00e4tzte Lesezeit":"3\u00a0Minuten"},"schema":{"@context":"https:\/\/schema.org","@graph":[{"@type":"WebPage","@id":"https:\/\/www.mixtuur.com\/de\/orgel-elektrisch\/","url":"https:\/\/www.mixtuur.com\/de\/orgel-elektrisch\/","name":"Ein elektrisches Orgel bei Mixtuur kaufen | Entdecken Sie unser umfangreiches Angebot","isPartOf":{"@id":"https:\/\/www.mixtuur.com\/#website"},"primaryImageOfPage":{"@id":"https:\/\/www.mixtuur.com\/de\/orgel-elektrisch\/#primaryimage"},"image":{"@id":"https:\/\/www.mixtuur.com\/de\/orgel-elektrisch\/#primaryimage"},"thumbnailUrl":"https:\/\/www.mixtuur.com\/wp-content\/uploads\/2021\/09\/Copyright_www.unit-ed.nl-8828-1500x430.jpg","datePublished":"2024-09-26T12:01:39+00:00","dateModified":"2024-09-26T14:53:30+00:00","description":"Suchen Sie eine elektrische Orgel mit allen Annehmlichkeiten? Entdecken Sie das umfangreiche Angebot an elektrischen Orgeln von Mixtuur.","breadcrumb":{"@id":"https:\/\/www.mixtuur.com\/de\/orgel-elektrisch\/#breadcrumb"},"inLanguage":"de","potentialAction":[{"@type":"ReadAction","target":["https:\/\/www.mixtuur.com\/de\/orgel-elektrisch\/"]}]},{"@type":"ImageObject","inLanguage":"de","@id":"https:\/\/www.mixtuur.com\/de\/orgel-elektrisch\/#primaryimage","url":"https:\/\/www.mixtuur.com\/wp-content\/uploads\/2021\/09\/Copyright_www.unit-ed.nl-8828-1500x430.jpg","contentUrl":"https:\/\/www.mixtuur.com\/wp-content\/uploads\/2021\/09\/Copyright_www.unit-ed.nl-8828-1500x430.jpg"},{"@type":"BreadcrumbList","@id":"https:\/\/www.mixtuur.com\/de\/orgel-elektrisch\/#breadcrumb","itemListElement":[{"@type":"ListItem","position":1,"name":"Home","item":"https:\/\/www.mixtuur.com\/de\/"},{"@type":"ListItem","position":2,"name":"Orgel elektrisch"}]},{"@type":"WebSite","@id":"https:\/\/www.mixtuur.com\/#website","url":"https:\/\/www.mixtuur.com\/","name":"Mixtuur","description":"The Authentic Sound","potentialAction":[{"@type":"SearchAction","target":{"@type":"EntryPoint","urlTemplate":"https:\/\/www.mixtuur.com\/?s={search_term_string}"},"query-input":{"@type":"PropertyValueSpecification","valueRequired":true,"valueName":"search_term_string"}}],"inLanguage":"de"}]}},"_links":{"self":[{"href":"https:\/\/www.mixtuur.com\/de\/wp-json\/wp\/v2\/pages\/23167","targetHints":{"allow":["GET"]}}],"collection":[{"href":"https:\/\/www.mixtuur.com\/de\/wp-json\/wp\/v2\/pages"}],"about":[{"href":"https:\/\/www.mixtuur.com\/de\/wp-json\/wp\/v2\/types\/page"}],"author":[{"embeddable":true,"href":"https:\/\/www.mixtuur.com\/de\/wp-json\/wp\/v2\/users\/17"}],"replies":[{"embeddable":true,"href":"https:\/\/www.mixtuur.com\/de\/wp-json\/wp\/v2\/comments?post=23167"}],"version-history":[{"count":5,"href":"https:\/\/www.mixtuur.com\/de\/wp-json\/wp\/v2\/pages\/23167\/revisions"}],"predecessor-version":[{"id":23178,"href":"https:\/\/www.mixtuur.com\/de\/wp-json\/wp\/v2\/pages\/23167\/revisions\/23178"}],"wp:attachment":[{"href":"https:\/\/www.mixtuur.com\/de\/wp-json\/wp\/v2\/media?parent=23167"}],"curies":[{"name":"wp","href":"https:\/\/api.w.org\/{rel}","templated":true}]}}