{"id":23118,"date":"2024-09-03T10:03:43","date_gmt":"2024-09-03T08:03:43","guid":{"rendered":"https:\/\/www.mixtuur.com\/was-ist-eine-digitalorgel\/"},"modified":"2026-02-26T15:58:25","modified_gmt":"2026-02-26T14:58:25","slug":"was-ist-eine-digitalorgel","status":"publish","type":"page","link":"https:\/\/www.mixtuur.com\/de\/was-ist-eine-digitalorgel\/","title":{"rendered":"Was ist eine Digitalorgel?"},"content":{"rendered":"<h1><strong>Digitalorgel<\/strong><\/h1>\n<p><b>Ein Digitalorgel bietet die perfekte Balance zwischen Tradition und moderner Technologie. Die Digitalorgeln von Mixtuur sind bekannt f\u00fcr ihre hochwertige Qualit\u00e4t und technische Innovation. Sind Sie ein Organist, der zu Hause spielen m\u00f6chte, oder suchen Sie als Kirche eine kosteng\u00fcnstige Alternative zu einer traditionellen Pfeifenorgel? Mixtuur bietet die perfekte L\u00f6sung. M\u00f6chten Sie mehr erfahren? Lesen Sie weiter oder <\/b><a href=\"https:\/\/www.mixtuur.com\/de\/kontakt\/\"><b>kontaktieren<\/b><\/a><b> Sie direkt unsere Spezialisten.<\/b><\/p>\n<h2><span style=\"font-weight: 400;\">Was ist eine Digitalorgel?\u00a0\u00a0<\/span><\/h2>\n<p><span style=\"font-weight: 400;\">Eine Digitalorgel ist ein Musikinstrument, das den Klang und die Funktionen einer traditionellen Pfeifenorgel nachahmt, jedoch anstelle von physischen Pfeifen elektronische Technologie verwendet, um Klang zu erzeugen. In den letzten Jahrzehnten hat die Digitalorgel an Popularit\u00e4t gewonnen, vor allem aufgrund der geringeren Kosten, der Vielseitigkeit und der Tatsache, dass dieses Orgelmodell im Vergleich zu traditionellen Pfeifenorgeln weniger Platz ben\u00f6tigt.<\/span><\/p>\n<p><img loading=\"lazy\" decoding=\"async\" class=\"alignnone size-featured wp-image-19153\" src=\"https:\/\/www.mixtuur.com\/wp-content\/uploads\/2015\/10\/foto_unit-ed.nl-9944-1-1500x430.jpg\" alt=\"\" width=\"1500\" height=\"430\" \/><\/p>\n<h2><span style=\"font-weight: 400;\">Mixtuur und Hauptwerk\u00a0\u00a0<\/span><\/h2>\n<p><span style=\"font-weight: 400;\">Im Jahr 2002 erschien die Software <\/span><a href=\"https:\/\/www.mixtuur.com\/de\/hauptwerk\/\"><span style=\"font-weight: 400;\">Hauptwerk<\/span><\/a><span style=\"font-weight: 400;\">. Mit Hauptwerk k\u00f6nnen Sie Samplesets weltber\u00fchmter Pfeifenorgeln laden. \u201eDie Orgel wurde Pfeife f\u00fcr Pfeife aufgenommen\u201c, erkl\u00e4rt der Orgelenthusiast Pieter de Ruijter auf seiner Website. \u201eVon jeder Pfeife wurden dann kurze und lange Samples gemacht. Es gibt auch Aufnahmen mit und ohne Tremulant, sodass die Vielfalt und Lebendigkeit enorm ist. Eventuelle Unregelm\u00e4\u00dfigkeiten bleiben erhalten, wodurch das Pfeifenorgel in seinem originalen Klang zu h\u00f6ren ist.\u201c De Ruijter nennt Hauptwerk \u201eeine fantastische Erfahrung, sofern es mit einer hervorragenden Klanganlage ausgestattet ist\u201c. Als Organist k\u00f6nnen Sie problemlos Franck auf einer Cavaill\u00e9-Coll ebenso wie Bach auf einer Silbermann spielen. Die Software bietet ein benutzerfreundliches und flexibles Spielerlebnis sowie einen hervorragenden Klang.<\/span><\/p>\n<h2><span style=\"font-weight: 400;\">Kirchenkl\u00e4nge in Ihrem eigenen Zuhause\u00a0\u00a0<\/span><\/h2>\n<p><span style=\"font-weight: 400;\">Ein gro\u00dfer Vorteil einer Digitalorgel ist, dass sie kompaktere Abmessungen als eine klassische Orgel hat. Daher eignet sich eine Digitalorgel hervorragend als Wohnzimmerorgel f\u00fcr Privatpersonen. H\u00f6ren Sie es schon? Die Kirchenkl\u00e4nge in Ihrem eigenen Wohnzimmer! Dank Mixtuur in Kombination mit Hauptwerk k\u00f6nnen Sie dieses Klangerlebnis genie\u00dfen. Modelle, die wir unter anderem f\u00fcr Ihr Wohnzimmer anbieten, sind Exclusivo, Positief und Fortissimo. Nat\u00fcrlich haben wir noch weitere geeignete Digitalorgeln f\u00fcr den Heimgebrauch.<\/span><\/p>\n<p><span style=\"font-weight: 400;\">Neben den verschiedenen <\/span><a href=\"https:\/\/www.mixtuur.com\/de\/heimorgeln\/\"><span style=\"font-weight: 400;\">Orgelmodellen<\/span><\/a><span style=\"font-weight: 400;\">, die wir anbieten, k\u00f6nnen Sie bei uns auch eine ma\u00dfgeschneiderte <\/span><a href=\"https:\/\/www.mixtuur.com\/de\/heimorgeln\/exclusive-design\/\"><span style=\"font-weight: 400;\">Orgel anfertigen lassen<\/span><\/a><span style=\"font-weight: 400;\">. Anhand Ihrer W\u00fcnsche entwerfen wir Ihre Traumorgel. Das Instrument wird den besten Audiostandards entsprechen und an dem Ort, den Sie sich vorgestellt haben, wunderbar aussehen.<\/span><\/p>\n<h2><span style=\"font-weight: 400;\">Digitalorgel f\u00fcr die Kirche\u00a0\u00a0<\/span><\/h2>\n<p><span style=\"font-weight: 400;\">Eigentlich ist es ein logischer Schritt, dass immer mehr Kirchen sich f\u00fcr Orgeln mit Hauptwerk entscheiden. Eine Kirchenorgel in der \u00f6rtlichen Dorfkirche kommt klanglich oft nicht an die gro\u00dfen Orgeln in Kathedralen heran. Warum sollte eine Kirchengemeinde zehntausende Euro in eine Orgel mit sechs oder acht Registern investieren, wenn eine Digitalorgel g\u00fcnstiger ist und viel mehr Register und M\u00f6glichkeiten bietet? Schauen Sie sich gerne unsere Seite \u201eKirchenorgeln\u201c an oder besuchen Sie eine der Kirchen in Sliedrecht, Den Haag, Oldebroek, Delft, Nieuwe Tonge oder Wijngaarden mit unseren Orgeln.<\/span><\/p>\n<h2><span style=\"font-weight: 400;\">Kaufen Sie Ihre Digitalorgel bei Mixtuur\u00a0\u00a0<\/span><\/h2>\n<p><span style=\"font-weight: 400;\">Sind Sie auf der Suche nach einer Digitalorgel? Bei Mixtuur haben wir eine gro\u00dfe Auswahl an Digitalorgeln. Bei uns steht Qualit\u00e4t ganz oben auf der Liste. Da wir unsere Instrumente und Audiokomponenten selbst herstellen, k\u00f6nnen wir jedem Kunden die beste Qualit\u00e4t garantieren. Wir bauen Orgeln f\u00fcr Privatpersonen, Konzerts\u00e4le und Kirchen. Unsere Modelle reichen von Standardorgeln bis hin zu ma\u00dfgeschneiderten Orgeln. Neben dem Bau aller Orgeln und Audiokomponenten haben wir auch unsere eigenen Technologien entwickelt, die nahtlos mit der Software von Hauptwerk zusammenarbeiten. Die Mixtuur-Orgeln garantieren somit ein optimales Kundenerlebnis, damit Sie Ihr sch\u00f6nes Digitalorgel in vollen Z\u00fcgen genie\u00dfen k\u00f6nnen. Sind Sie an einer Mixtuur-Orgel interessiert? Kontaktieren Sie uns, unsere Spezialisten helfen Ihnen gerne!<\/span><\/p>\n<p>&nbsp;<\/p>\n\n<div class=\"wpcf7 no-js\" id=\"wpcf7-f2984-o1\" lang=\"nl-NL\" dir=\"ltr\" data-wpcf7-id=\"2984\">\n<div class=\"screen-reader-response\"><p role=\"status\" aria-live=\"polite\" aria-atomic=\"true\"><\/p> <ul><\/ul><\/div>\n<form action=\"\/de\/wp-json\/wp\/v2\/pages\/23118#wpcf7-f2984-o1\" method=\"post\" class=\"wpcf7-form init\" aria-label=\"Contactformulier\" novalidate=\"novalidate\" data-status=\"init\">\n<fieldset class=\"hidden-fields-container\"><input type=\"hidden\" name=\"_wpcf7\" value=\"2984\" \/><input type=\"hidden\" name=\"_wpcf7_version\" value=\"6.1.5\" \/><input type=\"hidden\" name=\"_wpcf7_locale\" value=\"nl_NL\" \/><input type=\"hidden\" name=\"_wpcf7_unit_tag\" value=\"wpcf7-f2984-o1\" \/><input type=\"hidden\" name=\"_wpcf7_container_post\" value=\"0\" \/><input type=\"hidden\" name=\"_wpcf7_posted_data_hash\" value=\"\" \/><input type=\"hidden\" name=\"_wpcf7_recaptcha_response\" value=\"\" \/>\n<\/fieldset>\n<p>Ihr Name (Pflichtangabe)\n<\/p>\n<p><span class=\"wpcf7-form-control-wrap\" data-name=\"your-name\"><input size=\"40\" maxlength=\"400\" class=\"wpcf7-form-control wpcf7-text wpcf7-validates-as-required\" aria-required=\"true\" aria-invalid=\"false\" value=\"\" type=\"text\" name=\"your-name\" \/><\/span>\n<\/p>\n<p>Ihre E-Mail-Adresse (Pflichtangabe)\n<\/p>\n<p><span class=\"wpcf7-form-control-wrap\" data-name=\"your-email\"><input size=\"40\" maxlength=\"400\" class=\"wpcf7-form-control wpcf7-email wpcf7-validates-as-required wpcf7-text wpcf7-validates-as-email\" aria-required=\"true\" aria-invalid=\"false\" value=\"\" type=\"email\" name=\"your-email\" \/><\/span>\n<\/p>\n<p>Telefonnummer\n<\/p>\n<p><span class=\"wpcf7-form-control-wrap\" data-name=\"tel-640\"><input size=\"40\" maxlength=\"400\" class=\"wpcf7-form-control wpcf7-tel wpcf7-text wpcf7-validates-as-tel\" aria-invalid=\"false\" value=\"\" type=\"tel\" name=\"tel-640\" \/><\/span>\n<\/p>\n<p>Betreff\n<\/p>\n<p><span class=\"wpcf7-form-control-wrap\" data-name=\"your-subject\"><input size=\"40\" maxlength=\"400\" class=\"wpcf7-form-control wpcf7-text\" aria-invalid=\"false\" value=\"\" type=\"text\" name=\"your-subject\" \/><\/span>\n<\/p>\n<p>Deine Nachricht\n<\/p>\n<p><span class=\"wpcf7-form-control-wrap\" data-name=\"your-message\"><textarea cols=\"40\" rows=\"10\" maxlength=\"2000\" class=\"wpcf7-form-control wpcf7-textarea\" aria-invalid=\"false\" name=\"your-message\"><\/textarea><\/span>\n<\/p>\n\n<p><input class=\"wpcf7-form-control wpcf7-submit has-spinner\" type=\"submit\" value=\"Senden\" \/>\n<\/p><div class=\"wpcf7-response-output\" aria-hidden=\"true\"><\/div>\n<\/form>\n<\/div>\n\n","protected":false},"excerpt":{"rendered":"<p>Digitalorgel Ein Digitalorgel bietet die perfekte Balance zwischen Tradition und moderner Technologie. Die Digitalorgeln von Mixtuur sind bekannt f\u00fcr ihre hochwertige Qualit\u00e4t und technische Innovation. Sind Sie ein Organist, der zu Hause spielen m\u00f6chte, oder suchen Sie als Kirche eine kosteng\u00fcnstige Alternative zu einer traditionellen Pfeifenorgel? Mixtuur bietet die perfekte L\u00f6sung. M\u00f6chten Sie mehr erfahren? [&hellip;]<\/p>\n","protected":false},"author":13,"featured_media":0,"parent":0,"menu_order":0,"comment_status":"closed","ping_status":"closed","template":"","meta":{"footnotes":""},"class_list":["post-23118","page","type-page","status-publish","hentry"],"yoast_head":"<!-- This site is optimized with the Yoast SEO plugin v25.5 - https:\/\/yoast.com\/wordpress\/plugins\/seo\/ -->\n<title>Was ist eine Digitalorgel?\u00a0- Mixtuur<\/title>\n<meta name=\"description\" content=\"Eine Digitalorgel ist ein Instrument, das versucht, den Klang einer Pfeifenorgel so realistisch wie m\u00f6glich nachzuahmen. Neugierig auf mehr?\" \/>\n<meta name=\"robots\" content=\"index, follow, max-snippet:-1, max-image-preview:large, max-video-preview:-1\" \/>\n<link rel=\"canonical\" href=\"https:\/\/www.mixtuur.com\/de\/was-ist-eine-digitalorgel\/\" \/>\n<meta property=\"og:locale\" content=\"de_DE\" \/>\n<meta property=\"og:type\" content=\"article\" \/>\n<meta property=\"og:title\" content=\"Was ist eine Digitalorgel?\u00a0- Mixtuur\" \/>\n<meta property=\"og:description\" content=\"Eine Digitalorgel ist ein Instrument, das versucht, den Klang einer Pfeifenorgel so realistisch wie m\u00f6glich nachzuahmen. Neugierig auf mehr?\" \/>\n<meta property=\"og:url\" content=\"https:\/\/www.mixtuur.com\/de\/was-ist-eine-digitalorgel\/\" \/>\n<meta property=\"og:site_name\" content=\"Mixtuur\" \/>\n<meta property=\"article:modified_time\" content=\"2026-02-26T14:58:25+00:00\" \/>\n<meta property=\"og:image\" content=\"https:\/\/www.mixtuur.com\/wp-content\/uploads\/2015\/10\/foto_unit-ed.nl-9944-1.jpg\" \/>\n\t<meta property=\"og:image:width\" content=\"2500\" \/>\n\t<meta property=\"og:image:height\" content=\"1667\" \/>\n\t<meta property=\"og:image:type\" content=\"image\/jpeg\" \/>\n<meta name=\"twitter:card\" content=\"summary_large_image\" \/>\n<meta name=\"twitter:label1\" content=\"Gesch\u00e4tzte Lesezeit\" \/>\n\t<meta name=\"twitter:data1\" content=\"4\u00a0Minuten\" \/>\n<script type=\"application\/ld+json\" class=\"yoast-schema-graph\">{\"@context\":\"https:\/\/schema.org\",\"@graph\":[{\"@type\":\"WebPage\",\"@id\":\"https:\/\/www.mixtuur.com\/de\/was-ist-eine-digitalorgel\/\",\"url\":\"https:\/\/www.mixtuur.com\/de\/was-ist-eine-digitalorgel\/\",\"name\":\"Was ist eine Digitalorgel?\u00a0- Mixtuur\",\"isPartOf\":{\"@id\":\"https:\/\/www.mixtuur.com\/#website\"},\"primaryImageOfPage\":{\"@id\":\"https:\/\/www.mixtuur.com\/de\/was-ist-eine-digitalorgel\/#primaryimage\"},\"image\":{\"@id\":\"https:\/\/www.mixtuur.com\/de\/was-ist-eine-digitalorgel\/#primaryimage\"},\"thumbnailUrl\":\"https:\/\/www.mixtuur.com\/wp-content\/uploads\/2015\/10\/foto_unit-ed.nl-9944-1-1500x430.jpg\",\"datePublished\":\"2024-09-03T08:03:43+00:00\",\"dateModified\":\"2026-02-26T14:58:25+00:00\",\"description\":\"Eine Digitalorgel ist ein Instrument, das versucht, den Klang einer Pfeifenorgel so realistisch wie m\u00f6glich nachzuahmen. Neugierig auf mehr?\",\"breadcrumb\":{\"@id\":\"https:\/\/www.mixtuur.com\/de\/was-ist-eine-digitalorgel\/#breadcrumb\"},\"inLanguage\":\"de\",\"potentialAction\":[{\"@type\":\"ReadAction\",\"target\":[\"https:\/\/www.mixtuur.com\/de\/was-ist-eine-digitalorgel\/\"]}]},{\"@type\":\"ImageObject\",\"inLanguage\":\"de\",\"@id\":\"https:\/\/www.mixtuur.com\/de\/was-ist-eine-digitalorgel\/#primaryimage\",\"url\":\"https:\/\/www.mixtuur.com\/wp-content\/uploads\/2015\/10\/foto_unit-ed.nl-9944-1-1500x430.jpg\",\"contentUrl\":\"https:\/\/www.mixtuur.com\/wp-content\/uploads\/2015\/10\/foto_unit-ed.nl-9944-1-1500x430.jpg\"},{\"@type\":\"BreadcrumbList\",\"@id\":\"https:\/\/www.mixtuur.com\/de\/was-ist-eine-digitalorgel\/#breadcrumb\",\"itemListElement\":[{\"@type\":\"ListItem\",\"position\":1,\"name\":\"Home\",\"item\":\"https:\/\/www.mixtuur.com\/de\/\"},{\"@type\":\"ListItem\",\"position\":2,\"name\":\"Was ist eine Digitalorgel?\"}]},{\"@type\":\"WebSite\",\"@id\":\"https:\/\/www.mixtuur.com\/#website\",\"url\":\"https:\/\/www.mixtuur.com\/\",\"name\":\"Mixtuur\",\"description\":\"The Authentic Sound\",\"potentialAction\":[{\"@type\":\"SearchAction\",\"target\":{\"@type\":\"EntryPoint\",\"urlTemplate\":\"https:\/\/www.mixtuur.com\/?s={search_term_string}\"},\"query-input\":{\"@type\":\"PropertyValueSpecification\",\"valueRequired\":true,\"valueName\":\"search_term_string\"}}],\"inLanguage\":\"de\"}]}<\/script>\n<!-- \/ Yoast SEO plugin. -->","yoast_head_json":{"title":"Was ist eine Digitalorgel?\u00a0- Mixtuur","description":"Eine Digitalorgel ist ein Instrument, das versucht, den Klang einer Pfeifenorgel so realistisch wie m\u00f6glich nachzuahmen. Neugierig auf mehr?","robots":{"index":"index","follow":"follow","max-snippet":"max-snippet:-1","max-image-preview":"max-image-preview:large","max-video-preview":"max-video-preview:-1"},"canonical":"https:\/\/www.mixtuur.com\/de\/was-ist-eine-digitalorgel\/","og_locale":"de_DE","og_type":"article","og_title":"Was ist eine Digitalorgel?\u00a0- Mixtuur","og_description":"Eine Digitalorgel ist ein Instrument, das versucht, den Klang einer Pfeifenorgel so realistisch wie m\u00f6glich nachzuahmen. Neugierig auf mehr?","og_url":"https:\/\/www.mixtuur.com\/de\/was-ist-eine-digitalorgel\/","og_site_name":"Mixtuur","article_modified_time":"2026-02-26T14:58:25+00:00","og_image":[{"width":2500,"height":1667,"url":"https:\/\/www.mixtuur.com\/wp-content\/uploads\/2015\/10\/foto_unit-ed.nl-9944-1.jpg","type":"image\/jpeg"}],"twitter_card":"summary_large_image","twitter_misc":{"Gesch\u00e4tzte Lesezeit":"4\u00a0Minuten"},"schema":{"@context":"https:\/\/schema.org","@graph":[{"@type":"WebPage","@id":"https:\/\/www.mixtuur.com\/de\/was-ist-eine-digitalorgel\/","url":"https:\/\/www.mixtuur.com\/de\/was-ist-eine-digitalorgel\/","name":"Was ist eine Digitalorgel?\u00a0- Mixtuur","isPartOf":{"@id":"https:\/\/www.mixtuur.com\/#website"},"primaryImageOfPage":{"@id":"https:\/\/www.mixtuur.com\/de\/was-ist-eine-digitalorgel\/#primaryimage"},"image":{"@id":"https:\/\/www.mixtuur.com\/de\/was-ist-eine-digitalorgel\/#primaryimage"},"thumbnailUrl":"https:\/\/www.mixtuur.com\/wp-content\/uploads\/2015\/10\/foto_unit-ed.nl-9944-1-1500x430.jpg","datePublished":"2024-09-03T08:03:43+00:00","dateModified":"2026-02-26T14:58:25+00:00","description":"Eine Digitalorgel ist ein Instrument, das versucht, den Klang einer Pfeifenorgel so realistisch wie m\u00f6glich nachzuahmen. Neugierig auf mehr?","breadcrumb":{"@id":"https:\/\/www.mixtuur.com\/de\/was-ist-eine-digitalorgel\/#breadcrumb"},"inLanguage":"de","potentialAction":[{"@type":"ReadAction","target":["https:\/\/www.mixtuur.com\/de\/was-ist-eine-digitalorgel\/"]}]},{"@type":"ImageObject","inLanguage":"de","@id":"https:\/\/www.mixtuur.com\/de\/was-ist-eine-digitalorgel\/#primaryimage","url":"https:\/\/www.mixtuur.com\/wp-content\/uploads\/2015\/10\/foto_unit-ed.nl-9944-1-1500x430.jpg","contentUrl":"https:\/\/www.mixtuur.com\/wp-content\/uploads\/2015\/10\/foto_unit-ed.nl-9944-1-1500x430.jpg"},{"@type":"BreadcrumbList","@id":"https:\/\/www.mixtuur.com\/de\/was-ist-eine-digitalorgel\/#breadcrumb","itemListElement":[{"@type":"ListItem","position":1,"name":"Home","item":"https:\/\/www.mixtuur.com\/de\/"},{"@type":"ListItem","position":2,"name":"Was ist eine Digitalorgel?"}]},{"@type":"WebSite","@id":"https:\/\/www.mixtuur.com\/#website","url":"https:\/\/www.mixtuur.com\/","name":"Mixtuur","description":"The Authentic Sound","potentialAction":[{"@type":"SearchAction","target":{"@type":"EntryPoint","urlTemplate":"https:\/\/www.mixtuur.com\/?s={search_term_string}"},"query-input":{"@type":"PropertyValueSpecification","valueRequired":true,"valueName":"search_term_string"}}],"inLanguage":"de"}]}},"_links":{"self":[{"href":"https:\/\/www.mixtuur.com\/de\/wp-json\/wp\/v2\/pages\/23118","targetHints":{"allow":["GET"]}}],"collection":[{"href":"https:\/\/www.mixtuur.com\/de\/wp-json\/wp\/v2\/pages"}],"about":[{"href":"https:\/\/www.mixtuur.com\/de\/wp-json\/wp\/v2\/types\/page"}],"author":[{"embeddable":true,"href":"https:\/\/www.mixtuur.com\/de\/wp-json\/wp\/v2\/users\/13"}],"replies":[{"embeddable":true,"href":"https:\/\/www.mixtuur.com\/de\/wp-json\/wp\/v2\/comments?post=23118"}],"version-history":[{"count":5,"href":"https:\/\/www.mixtuur.com\/de\/wp-json\/wp\/v2\/pages\/23118\/revisions"}],"predecessor-version":[{"id":25513,"href":"https:\/\/www.mixtuur.com\/de\/wp-json\/wp\/v2\/pages\/23118\/revisions\/25513"}],"wp:attachment":[{"href":"https:\/\/www.mixtuur.com\/de\/wp-json\/wp\/v2\/media?parent=23118"}],"curies":[{"name":"wp","href":"https:\/\/api.w.org\/{rel}","templated":true}]}}