{"id":22958,"date":"2024-06-11T13:31:13","date_gmt":"2024-06-11T11:31:13","guid":{"rendered":"https:\/\/www.mixtuur.com\/?page_id=22958"},"modified":"2024-06-11T13:31:13","modified_gmt":"2024-06-11T11:31:13","slug":"hausorgel-kaufen","status":"publish","type":"page","link":"https:\/\/www.mixtuur.com\/de\/hausorgel-kaufen\/","title":{"rendered":"Kaufen Sie eine Hausorgel"},"content":{"rendered":"<h1>Kaufen Sie eine Hausorgel<\/h1>\n<p><strong>M\u00f6chten Sie eine Hausorgel kaufen? Dann sind Sie bei Mixtuur genau richtig. Wir bieten eine breite Palette von Orgeln in verschiedenen Modellen und Gr\u00f6\u00dfen an. Ob Sie eine klassische Pfeifenorgel oder eine ma\u00dfgefertigte Orgel suchen \u2013 bei Mixtuur werden Sie f\u00fcndig.<\/strong><\/p>\n<p>Alle Mixtuur-Orgeln werden in unserem Hause gebaut, entwickelt und getestet. Dadurch sind Sie immer von ausgezeichneter Qualit\u00e4t \u00fcberzeugt. M\u00f6chten Sie mehr \u00fcber die M\u00f6glichkeiten erfahren? Oder m\u00f6chten Sie einfach wissen, ob Sie die richtige Orgel f\u00fcr Ihr Zuhause kaufen k\u00f6nnen? Dann lesen Sie schnell weiter oder kontaktieren Sie uns f\u00fcr weitere Informationen. Unsere Spezialisten helfen Ihnen gerne weiter.<\/p>\n<h2>Hausorgel: verschiedene Modelle und Gr\u00f6\u00dfen<\/h2>\n<p>Das Angebot von Mixtuur basiert auf einer breiten Palette von verschiedenen Modellen und Gr\u00f6\u00dfen. Von der einfachen Hausorgel bis hin zur exklusiven ma\u00dfgefertigten Orgel \u2013 bei Mixtuur k\u00f6nnen Sie sie alle kaufen.<\/p>\n<p>Werfen Sie einen Blick auf unsere <a href=\"https:\/\/www.mixtuur.com\/de\/heimorgeln\/\">Wohnzimmerorgeln<\/a>, um verschiedene Modelle zu entdecken. Ein beliebtes Modell von Mixtuur ist die <a href=\"https:\/\/www.mixtuur.com\/de\/heimorgeln\/etude\/\">Etude<\/a>. Diese Orgel ist kompakt und durch das Laminatgeh\u00e4use erkennbar. Diese Orgel verf\u00fcgt \u00fcber einen Touchscreen, der es erm\u00f6glicht, unsere 60 virtuellen Registerschalter und Voreinstellungstasten zu verwenden. Neben diesem Modell finden Sie in unserem Angebot auch 8 weitere Modelle, wie das <a href=\"https:\/\/www.mixtuur.com\/de\/heimorgeln\/positief\/\">Positief<\/a> und <a href=\"https:\/\/www.mixtuur.com\/de\/heimorgeln\/kabinet\/\">Kabinet<\/a>. Alle Modelle liefern eine erstklassige Klangwiedergabe, die f\u00fcr ein optimales Klangerlebnis sorgt.<\/p>\n<p><img loading=\"lazy\" decoding=\"async\" class=\"alignnone wp-image-20948 size-full\" src=\"https:\/\/www.mixtuur.com\/wp-content\/uploads\/2021\/11\/Copyright_www.unit-ed.nl-0712-scaled.jpg\" alt=\"\" width=\"2560\" height=\"1707\" srcset=\"https:\/\/www.mixtuur.com\/wp-content\/uploads\/2021\/11\/Copyright_www.unit-ed.nl-0712-scaled.jpg 2560w, https:\/\/www.mixtuur.com\/wp-content\/uploads\/2021\/11\/Copyright_www.unit-ed.nl-0712-300x200.jpg 300w, https:\/\/www.mixtuur.com\/wp-content\/uploads\/2021\/11\/Copyright_www.unit-ed.nl-0712-1030x687.jpg 1030w, https:\/\/www.mixtuur.com\/wp-content\/uploads\/2021\/11\/Copyright_www.unit-ed.nl-0712-768x512.jpg 768w, https:\/\/www.mixtuur.com\/wp-content\/uploads\/2021\/11\/Copyright_www.unit-ed.nl-0712-1536x1024.jpg 1536w, https:\/\/www.mixtuur.com\/wp-content\/uploads\/2021\/11\/Copyright_www.unit-ed.nl-0712-2048x1365.jpg 2048w, https:\/\/www.mixtuur.com\/wp-content\/uploads\/2021\/11\/Copyright_www.unit-ed.nl-0712-1500x1000.jpg 1500w, https:\/\/www.mixtuur.com\/wp-content\/uploads\/2021\/11\/Copyright_www.unit-ed.nl-0712-705x470.jpg 705w, https:\/\/www.mixtuur.com\/wp-content\/uploads\/2021\/11\/Copyright_www.unit-ed.nl-0712-450x300.jpg 450w\" sizes=\"auto, (max-width: 2560px) 100vw, 2560px\" \/><\/p>\n<h2>Basic oder vereinfachtes Hauptwerk<\/h2>\n<p>Wenn Sie eine Hausorgel kaufen, k\u00f6nnen Sie zwischen einem Basic- oder vereinfachten Hauptwerk w\u00e4hlen. Das vereinfachte Hauptwerk wird oft f\u00fcr diejenigen gew\u00e4hlt, die zu Hause spielen. Es ist einfach zu bedienen und daher die perfekte Orgel f\u00fcr Zuhause. Mit dem Basic-Hauptwerk haben Sie die volle Kontrolle und holen das Beste aus Ihrer Hauptwerk-Orgel heraus. Absolut geeignet f\u00fcr echte Orgel-Liebhaber. Fragen Sie nach den M\u00f6glichkeiten, um mehr \u00fcber die Unterschiede zwischen Basic- und vereinfachtem Hauptwerk zu erfahren.<\/p>\n<h2>M\u00f6chten Sie eine unserer Orgeln kaufen?<\/h2>\n<p>Mixtuur hilft Ihnen gerne, wenn Sie eine Hausorgel kaufen m\u00f6chten. Lassen Sie sich \u00fcberraschen, werfen Sie einen Blick auf unsere <a href=\"https:\/\/www.mixtuur.com\/de\/heimorgeln\/\">Modelle<\/a> oder fordern Sie die <a href=\"https:\/\/www.mixtuur.com\/de\/broschuere-anfordern\/\">digitale Brosch\u00fcre<\/a> an. Sie sind auch herzlich eingeladen, unser Showroom in Klundert zu besuchen. Vereinbaren Sie einen <a href=\"https:\/\/www.mixtuur.com\/de\/kontakt\/\">Termin<\/a> und erleben Sie den wundersch\u00f6nen Klang unserer Orgeln.<\/p>\n","protected":false},"excerpt":{"rendered":"<p>Kaufen Sie eine Hausorgel M\u00f6chten Sie eine Hausorgel kaufen? Dann sind Sie bei Mixtuur genau richtig. Wir bieten eine breite Palette von Orgeln in verschiedenen Modellen und Gr\u00f6\u00dfen an. Ob Sie eine klassische Pfeifenorgel oder eine ma\u00dfgefertigte Orgel suchen \u2013 bei Mixtuur werden Sie f\u00fcndig. Alle Mixtuur-Orgeln werden in unserem Hause gebaut, entwickelt und getestet. [&hellip;]<\/p>\n","protected":false},"author":13,"featured_media":0,"parent":0,"menu_order":0,"comment_status":"closed","ping_status":"closed","template":"","meta":{"footnotes":""},"class_list":["post-22958","page","type-page","status-publish","hentry"],"yoast_head":"<!-- This site is optimized with the Yoast SEO plugin v25.5 - https:\/\/yoast.com\/wordpress\/plugins\/seo\/ -->\n<title>Kaufen Sie eine Hausorgel | Mixtuur<\/title>\n<meta name=\"description\" content=\"M\u00f6chten Sie eine Hausorgel kaufen? Dann sind Sie bei Mixtuur genau richtig. Wir bieten eine breite Palette von Orgeln in verschiedenen Modellen und Gr\u00f6\u00dfen an.\" \/>\n<meta name=\"robots\" content=\"index, follow, max-snippet:-1, max-image-preview:large, max-video-preview:-1\" \/>\n<link rel=\"canonical\" href=\"https:\/\/www.mixtuur.com\/de\/hausorgel-kaufen\/\" \/>\n<meta property=\"og:locale\" content=\"de_DE\" \/>\n<meta property=\"og:type\" content=\"article\" \/>\n<meta property=\"og:title\" content=\"Kaufen Sie eine Hausorgel | Mixtuur\" \/>\n<meta property=\"og:description\" content=\"M\u00f6chten Sie eine Hausorgel kaufen? Dann sind Sie bei Mixtuur genau richtig. Wir bieten eine breite Palette von Orgeln in verschiedenen Modellen und Gr\u00f6\u00dfen an.\" \/>\n<meta property=\"og:url\" content=\"https:\/\/www.mixtuur.com\/de\/hausorgel-kaufen\/\" \/>\n<meta property=\"og:site_name\" content=\"Mixtuur\" \/>\n<meta property=\"og:image\" content=\"https:\/\/www.mixtuur.com\/wordpress\/wp-content\/uploads\/2021\/11\/Copyright_www.unit-ed.nl-0712-scaled.jpg\" \/>\n<meta name=\"twitter:card\" content=\"summary_large_image\" \/>\n<meta name=\"twitter:label1\" content=\"Gesch\u00e4tzte Lesezeit\" \/>\n\t<meta name=\"twitter:data1\" content=\"2\u00a0Minuten\" \/>\n<script type=\"application\/ld+json\" class=\"yoast-schema-graph\">{\"@context\":\"https:\/\/schema.org\",\"@graph\":[{\"@type\":\"WebPage\",\"@id\":\"https:\/\/www.mixtuur.com\/de\/hausorgel-kaufen\/\",\"url\":\"https:\/\/www.mixtuur.com\/de\/hausorgel-kaufen\/\",\"name\":\"Kaufen Sie eine Hausorgel | Mixtuur\",\"isPartOf\":{\"@id\":\"https:\/\/www.mixtuur.com\/#website\"},\"primaryImageOfPage\":{\"@id\":\"https:\/\/www.mixtuur.com\/de\/hausorgel-kaufen\/#primaryimage\"},\"image\":{\"@id\":\"https:\/\/www.mixtuur.com\/de\/hausorgel-kaufen\/#primaryimage\"},\"thumbnailUrl\":\"https:\/\/www.mixtuur.com\/wp-content\/uploads\/2021\/11\/Copyright_www.unit-ed.nl-0712-scaled.jpg\",\"datePublished\":\"2024-06-11T11:31:13+00:00\",\"description\":\"M\u00f6chten Sie eine Hausorgel kaufen? Dann sind Sie bei Mixtuur genau richtig. Wir bieten eine breite Palette von Orgeln in verschiedenen Modellen und Gr\u00f6\u00dfen an.\",\"breadcrumb\":{\"@id\":\"https:\/\/www.mixtuur.com\/de\/hausorgel-kaufen\/#breadcrumb\"},\"inLanguage\":\"de\",\"potentialAction\":[{\"@type\":\"ReadAction\",\"target\":[\"https:\/\/www.mixtuur.com\/de\/hausorgel-kaufen\/\"]}]},{\"@type\":\"ImageObject\",\"inLanguage\":\"de\",\"@id\":\"https:\/\/www.mixtuur.com\/de\/hausorgel-kaufen\/#primaryimage\",\"url\":\"https:\/\/www.mixtuur.com\/wp-content\/uploads\/2021\/11\/Copyright_www.unit-ed.nl-0712-scaled.jpg\",\"contentUrl\":\"https:\/\/www.mixtuur.com\/wp-content\/uploads\/2021\/11\/Copyright_www.unit-ed.nl-0712-scaled.jpg\"},{\"@type\":\"BreadcrumbList\",\"@id\":\"https:\/\/www.mixtuur.com\/de\/hausorgel-kaufen\/#breadcrumb\",\"itemListElement\":[{\"@type\":\"ListItem\",\"position\":1,\"name\":\"Home\",\"item\":\"https:\/\/www.mixtuur.com\/de\/\"},{\"@type\":\"ListItem\",\"position\":2,\"name\":\"Kaufen Sie eine Hausorgel\"}]},{\"@type\":\"WebSite\",\"@id\":\"https:\/\/www.mixtuur.com\/#website\",\"url\":\"https:\/\/www.mixtuur.com\/\",\"name\":\"Mixtuur\",\"description\":\"The Authentic Sound\",\"potentialAction\":[{\"@type\":\"SearchAction\",\"target\":{\"@type\":\"EntryPoint\",\"urlTemplate\":\"https:\/\/www.mixtuur.com\/?s={search_term_string}\"},\"query-input\":{\"@type\":\"PropertyValueSpecification\",\"valueRequired\":true,\"valueName\":\"search_term_string\"}}],\"inLanguage\":\"de\"}]}<\/script>\n<!-- \/ Yoast SEO plugin. -->","yoast_head_json":{"title":"Kaufen Sie eine Hausorgel | Mixtuur","description":"M\u00f6chten Sie eine Hausorgel kaufen? Dann sind Sie bei Mixtuur genau richtig. Wir bieten eine breite Palette von Orgeln in verschiedenen Modellen und Gr\u00f6\u00dfen an.","robots":{"index":"index","follow":"follow","max-snippet":"max-snippet:-1","max-image-preview":"max-image-preview:large","max-video-preview":"max-video-preview:-1"},"canonical":"https:\/\/www.mixtuur.com\/de\/hausorgel-kaufen\/","og_locale":"de_DE","og_type":"article","og_title":"Kaufen Sie eine Hausorgel | Mixtuur","og_description":"M\u00f6chten Sie eine Hausorgel kaufen? Dann sind Sie bei Mixtuur genau richtig. Wir bieten eine breite Palette von Orgeln in verschiedenen Modellen und Gr\u00f6\u00dfen an.","og_url":"https:\/\/www.mixtuur.com\/de\/hausorgel-kaufen\/","og_site_name":"Mixtuur","og_image":[{"url":"https:\/\/www.mixtuur.com\/wordpress\/wp-content\/uploads\/2021\/11\/Copyright_www.unit-ed.nl-0712-scaled.jpg","type":"","width":"","height":""}],"twitter_card":"summary_large_image","twitter_misc":{"Gesch\u00e4tzte Lesezeit":"2\u00a0Minuten"},"schema":{"@context":"https:\/\/schema.org","@graph":[{"@type":"WebPage","@id":"https:\/\/www.mixtuur.com\/de\/hausorgel-kaufen\/","url":"https:\/\/www.mixtuur.com\/de\/hausorgel-kaufen\/","name":"Kaufen Sie eine Hausorgel | Mixtuur","isPartOf":{"@id":"https:\/\/www.mixtuur.com\/#website"},"primaryImageOfPage":{"@id":"https:\/\/www.mixtuur.com\/de\/hausorgel-kaufen\/#primaryimage"},"image":{"@id":"https:\/\/www.mixtuur.com\/de\/hausorgel-kaufen\/#primaryimage"},"thumbnailUrl":"https:\/\/www.mixtuur.com\/wp-content\/uploads\/2021\/11\/Copyright_www.unit-ed.nl-0712-scaled.jpg","datePublished":"2024-06-11T11:31:13+00:00","description":"M\u00f6chten Sie eine Hausorgel kaufen? Dann sind Sie bei Mixtuur genau richtig. Wir bieten eine breite Palette von Orgeln in verschiedenen Modellen und Gr\u00f6\u00dfen an.","breadcrumb":{"@id":"https:\/\/www.mixtuur.com\/de\/hausorgel-kaufen\/#breadcrumb"},"inLanguage":"de","potentialAction":[{"@type":"ReadAction","target":["https:\/\/www.mixtuur.com\/de\/hausorgel-kaufen\/"]}]},{"@type":"ImageObject","inLanguage":"de","@id":"https:\/\/www.mixtuur.com\/de\/hausorgel-kaufen\/#primaryimage","url":"https:\/\/www.mixtuur.com\/wp-content\/uploads\/2021\/11\/Copyright_www.unit-ed.nl-0712-scaled.jpg","contentUrl":"https:\/\/www.mixtuur.com\/wp-content\/uploads\/2021\/11\/Copyright_www.unit-ed.nl-0712-scaled.jpg"},{"@type":"BreadcrumbList","@id":"https:\/\/www.mixtuur.com\/de\/hausorgel-kaufen\/#breadcrumb","itemListElement":[{"@type":"ListItem","position":1,"name":"Home","item":"https:\/\/www.mixtuur.com\/de\/"},{"@type":"ListItem","position":2,"name":"Kaufen Sie eine Hausorgel"}]},{"@type":"WebSite","@id":"https:\/\/www.mixtuur.com\/#website","url":"https:\/\/www.mixtuur.com\/","name":"Mixtuur","description":"The Authentic Sound","potentialAction":[{"@type":"SearchAction","target":{"@type":"EntryPoint","urlTemplate":"https:\/\/www.mixtuur.com\/?s={search_term_string}"},"query-input":{"@type":"PropertyValueSpecification","valueRequired":true,"valueName":"search_term_string"}}],"inLanguage":"de"}]}},"_links":{"self":[{"href":"https:\/\/www.mixtuur.com\/de\/wp-json\/wp\/v2\/pages\/22958","targetHints":{"allow":["GET"]}}],"collection":[{"href":"https:\/\/www.mixtuur.com\/de\/wp-json\/wp\/v2\/pages"}],"about":[{"href":"https:\/\/www.mixtuur.com\/de\/wp-json\/wp\/v2\/types\/page"}],"author":[{"embeddable":true,"href":"https:\/\/www.mixtuur.com\/de\/wp-json\/wp\/v2\/users\/13"}],"replies":[{"embeddable":true,"href":"https:\/\/www.mixtuur.com\/de\/wp-json\/wp\/v2\/comments?post=22958"}],"version-history":[{"count":2,"href":"https:\/\/www.mixtuur.com\/de\/wp-json\/wp\/v2\/pages\/22958\/revisions"}],"predecessor-version":[{"id":22962,"href":"https:\/\/www.mixtuur.com\/de\/wp-json\/wp\/v2\/pages\/22958\/revisions\/22962"}],"wp:attachment":[{"href":"https:\/\/www.mixtuur.com\/de\/wp-json\/wp\/v2\/media?parent=22958"}],"curies":[{"name":"wp","href":"https:\/\/api.w.org\/{rel}","templated":true}]}}