{"id":22832,"date":"2024-05-31T09:27:28","date_gmt":"2024-05-31T07:27:28","guid":{"rendered":"https:\/\/www.mixtuur.com\/?page_id=22832"},"modified":"2024-05-31T09:27:28","modified_gmt":"2024-05-31T07:27:28","slug":"elektronische-orgel-mit-pedal","status":"publish","type":"page","link":"https:\/\/www.mixtuur.com\/de\/elektronische-orgel-mit-pedal\/","title":{"rendered":"Elektronische Orgel mit Pedal"},"content":{"rendered":"<h1>Elektronische Orgel mit Pedal<\/h1>\n<p><strong>Mixtuur hat verschiedene Arten von Orgeln auf Lager. Orgeln speziell f\u00fcr Konzerte, eine Hausorgel, Hauptwerk-Orgeln und mehr. Ihre elektronische Orgel mit Pedal muss Ihren Bed\u00fcrfnissen entsprechen. M\u00f6chten Sie mehr Informationen \u00fcber die elektronischen Orgeln und Pedale von Mixtuur erhalten? Bitte lesen Sie weiter.<\/strong><\/p>\n<h2>Warum ist das Pedal der Orgel so wichtig?<\/h2>\n<p>Ihre <a href=\"https:\/\/www.mixtuur.com\/de\/heimorgeln\/\">Orgel<\/a> ist nicht komplett ohne ein passendes Pedal. Ein Pedal ist von der Orgel getrennt und wird unten an der Orgel platziert. Es ist sehr wichtig, dass die Tasten, Kontakte und Verkabelungen richtig verbunden sind, damit das Pedal optimal funktionieren kann.<\/p>\n<p>Au\u00dferdem gibt es viele verschiedene Pedale. Der Stil des Pedals wird von verschiedenen Faktoren bestimmt: die Gr\u00f6\u00dfe der Orgel, der Stil der Orgel und Ihre eigene K\u00f6rpergr\u00f6\u00dfe. Es gibt also mehrere Aspekte zu beachten.<\/p>\n<h2>Pedale von Mixtuur<\/h2>\n<p>Bevorzugen Sie eine elektronische Orgel mit wei\u00dfem Pedal oder einem schwarzen Pedal? Mixtuur hat viele Optionen f\u00fcr Sie. So haben Sie die M\u00f6glichkeit, Ihre Traumorgel zu bekommen. Sie k\u00f6nnen zwischen dem grundlegenden 30-Noten-Wei\u00df-Eichen-Pedal w\u00e4hlen, aber es gibt viele andere Optionen:<\/p>\n<ul>\n<li>30-Noten-Konkav<\/li>\n<li>32-Noten-Konkav<\/li>\n<li>30-Noten-Radialkonkav<\/li>\n<li>32-Noten-Radialkonkav<\/li>\n<li>AGO-Pedal<\/li>\n<\/ul>\n<p>Au\u00dferdem k\u00f6nnen Sie zwischen schwarzen, wei\u00dfen und Weng\u00e9-Spitzent\u00f6nen w\u00e4hlen.<\/p>\n<h2>Elektronische Orgel mit Pedal<\/h2>\n<p>Mixtuur hat eine gro\u00dfe Auswahl an Orgeln in verschiedenen Preiskategorien. Es h\u00e4ngt von mehreren Faktoren und dem Design der Orgeln ab. Wir haben grundlegende oder vereinfachte <a href=\"https:\/\/www.mixtuur.com\/de\/hauptwerk\/\">Hauptwerk<\/a>-Orgeln. Bevorzugen Sie eine authentische Orgel? Wenn ja, k\u00f6nnen Sie zwischen den ma\u00dfgeschneiderten Orgeln w\u00e4hlen. Diese sind speziell f\u00fcr Sie angefertigt. Aber&#8230; Es spielt keine Rolle, f\u00fcr welche Orgel Sie sich entscheiden, denn jede Orgel von Mixtuur ist ein Kunstwerk in Ihrem Haus, Studio oder Ihrer Kirche.<\/p>\n<h2>Mehr Informationen<\/h2>\n<p>Da wir unsere eigenen Orgeln herstellen, k\u00f6nnen wir die beste Qualit\u00e4t f\u00fcr jeden Kunden garantieren. Qualit\u00e4t, die auch erschwinglich ist. F\u00fcr \u00e4hnliche Audiosysteme w\u00fcrden Sie deutlich mehr bezahlen. Haben Sie Fragen? Oder m\u00f6chten Sie mehr \u00fcber die elektronischen Orgeln mit Pedal erfahren? Bitte <a href=\"https:\/\/www.mixtuur.com\/de\/kontakt\/\">kontaktieren<\/a> Sie uns. Unsere Spezialisten helfen Ihnen gerne weiter.<\/p>\n","protected":false},"excerpt":{"rendered":"<p>Elektronische Orgel mit Pedal Mixtuur hat verschiedene Arten von Orgeln auf Lager. Orgeln speziell f\u00fcr Konzerte, eine Hausorgel, Hauptwerk-Orgeln und mehr. Ihre elektronische Orgel mit Pedal muss Ihren Bed\u00fcrfnissen entsprechen. M\u00f6chten Sie mehr Informationen \u00fcber die elektronischen Orgeln und Pedale von Mixtuur erhalten? Bitte lesen Sie weiter. Warum ist das Pedal der Orgel so wichtig? [&hellip;]<\/p>\n","protected":false},"author":13,"featured_media":0,"parent":0,"menu_order":0,"comment_status":"closed","ping_status":"closed","template":"","meta":{"footnotes":""},"class_list":["post-22832","page","type-page","status-publish","hentry"],"yoast_head":"<!-- This site is optimized with the Yoast SEO plugin v25.5 - https:\/\/yoast.com\/wordpress\/plugins\/seo\/ -->\n<title>Elektronische Orgel mit Pedal<\/title>\n<meta name=\"description\" content=\"M\u00f6chten Sie mehr Informationen \u00fcber die elektronischen Orgeln und Pedale von Mixtuur erhalten? Bitte lesen Sie weiter\" \/>\n<meta name=\"robots\" content=\"index, follow, max-snippet:-1, max-image-preview:large, max-video-preview:-1\" \/>\n<link rel=\"canonical\" href=\"https:\/\/www.mixtuur.com\/de\/elektronische-orgel-mit-pedal\/\" \/>\n<meta property=\"og:locale\" content=\"de_DE\" \/>\n<meta property=\"og:type\" content=\"article\" \/>\n<meta property=\"og:title\" content=\"Elektronische Orgel mit Pedal\" \/>\n<meta property=\"og:description\" content=\"M\u00f6chten Sie mehr Informationen \u00fcber die elektronischen Orgeln und Pedale von Mixtuur erhalten? Bitte lesen Sie weiter\" \/>\n<meta property=\"og:url\" content=\"https:\/\/www.mixtuur.com\/de\/elektronische-orgel-mit-pedal\/\" \/>\n<meta property=\"og:site_name\" content=\"Mixtuur\" \/>\n<meta name=\"twitter:card\" content=\"summary_large_image\" \/>\n<meta name=\"twitter:label1\" content=\"Gesch\u00e4tzte Lesezeit\" \/>\n\t<meta name=\"twitter:data1\" content=\"2\u00a0Minuten\" \/>\n<script type=\"application\/ld+json\" class=\"yoast-schema-graph\">{\"@context\":\"https:\/\/schema.org\",\"@graph\":[{\"@type\":\"WebPage\",\"@id\":\"https:\/\/www.mixtuur.com\/de\/elektronische-orgel-mit-pedal\/\",\"url\":\"https:\/\/www.mixtuur.com\/de\/elektronische-orgel-mit-pedal\/\",\"name\":\"Elektronische Orgel mit Pedal\",\"isPartOf\":{\"@id\":\"https:\/\/www.mixtuur.com\/#website\"},\"datePublished\":\"2024-05-31T07:27:28+00:00\",\"description\":\"M\u00f6chten Sie mehr Informationen \u00fcber die elektronischen Orgeln und Pedale von Mixtuur erhalten? Bitte lesen Sie weiter\",\"breadcrumb\":{\"@id\":\"https:\/\/www.mixtuur.com\/de\/elektronische-orgel-mit-pedal\/#breadcrumb\"},\"inLanguage\":\"de\",\"potentialAction\":[{\"@type\":\"ReadAction\",\"target\":[\"https:\/\/www.mixtuur.com\/de\/elektronische-orgel-mit-pedal\/\"]}]},{\"@type\":\"BreadcrumbList\",\"@id\":\"https:\/\/www.mixtuur.com\/de\/elektronische-orgel-mit-pedal\/#breadcrumb\",\"itemListElement\":[{\"@type\":\"ListItem\",\"position\":1,\"name\":\"Home\",\"item\":\"https:\/\/www.mixtuur.com\/de\/\"},{\"@type\":\"ListItem\",\"position\":2,\"name\":\"Elektronische Orgel mit Pedal\"}]},{\"@type\":\"WebSite\",\"@id\":\"https:\/\/www.mixtuur.com\/#website\",\"url\":\"https:\/\/www.mixtuur.com\/\",\"name\":\"Mixtuur\",\"description\":\"The Authentic Sound\",\"potentialAction\":[{\"@type\":\"SearchAction\",\"target\":{\"@type\":\"EntryPoint\",\"urlTemplate\":\"https:\/\/www.mixtuur.com\/?s={search_term_string}\"},\"query-input\":{\"@type\":\"PropertyValueSpecification\",\"valueRequired\":true,\"valueName\":\"search_term_string\"}}],\"inLanguage\":\"de\"}]}<\/script>\n<!-- \/ Yoast SEO plugin. -->","yoast_head_json":{"title":"Elektronische Orgel mit Pedal","description":"M\u00f6chten Sie mehr Informationen \u00fcber die elektronischen Orgeln und Pedale von Mixtuur erhalten? Bitte lesen Sie weiter","robots":{"index":"index","follow":"follow","max-snippet":"max-snippet:-1","max-image-preview":"max-image-preview:large","max-video-preview":"max-video-preview:-1"},"canonical":"https:\/\/www.mixtuur.com\/de\/elektronische-orgel-mit-pedal\/","og_locale":"de_DE","og_type":"article","og_title":"Elektronische Orgel mit Pedal","og_description":"M\u00f6chten Sie mehr Informationen \u00fcber die elektronischen Orgeln und Pedale von Mixtuur erhalten? Bitte lesen Sie weiter","og_url":"https:\/\/www.mixtuur.com\/de\/elektronische-orgel-mit-pedal\/","og_site_name":"Mixtuur","twitter_card":"summary_large_image","twitter_misc":{"Gesch\u00e4tzte Lesezeit":"2\u00a0Minuten"},"schema":{"@context":"https:\/\/schema.org","@graph":[{"@type":"WebPage","@id":"https:\/\/www.mixtuur.com\/de\/elektronische-orgel-mit-pedal\/","url":"https:\/\/www.mixtuur.com\/de\/elektronische-orgel-mit-pedal\/","name":"Elektronische Orgel mit Pedal","isPartOf":{"@id":"https:\/\/www.mixtuur.com\/#website"},"datePublished":"2024-05-31T07:27:28+00:00","description":"M\u00f6chten Sie mehr Informationen \u00fcber die elektronischen Orgeln und Pedale von Mixtuur erhalten? Bitte lesen Sie weiter","breadcrumb":{"@id":"https:\/\/www.mixtuur.com\/de\/elektronische-orgel-mit-pedal\/#breadcrumb"},"inLanguage":"de","potentialAction":[{"@type":"ReadAction","target":["https:\/\/www.mixtuur.com\/de\/elektronische-orgel-mit-pedal\/"]}]},{"@type":"BreadcrumbList","@id":"https:\/\/www.mixtuur.com\/de\/elektronische-orgel-mit-pedal\/#breadcrumb","itemListElement":[{"@type":"ListItem","position":1,"name":"Home","item":"https:\/\/www.mixtuur.com\/de\/"},{"@type":"ListItem","position":2,"name":"Elektronische Orgel mit Pedal"}]},{"@type":"WebSite","@id":"https:\/\/www.mixtuur.com\/#website","url":"https:\/\/www.mixtuur.com\/","name":"Mixtuur","description":"The Authentic Sound","potentialAction":[{"@type":"SearchAction","target":{"@type":"EntryPoint","urlTemplate":"https:\/\/www.mixtuur.com\/?s={search_term_string}"},"query-input":{"@type":"PropertyValueSpecification","valueRequired":true,"valueName":"search_term_string"}}],"inLanguage":"de"}]}},"_links":{"self":[{"href":"https:\/\/www.mixtuur.com\/de\/wp-json\/wp\/v2\/pages\/22832","targetHints":{"allow":["GET"]}}],"collection":[{"href":"https:\/\/www.mixtuur.com\/de\/wp-json\/wp\/v2\/pages"}],"about":[{"href":"https:\/\/www.mixtuur.com\/de\/wp-json\/wp\/v2\/types\/page"}],"author":[{"embeddable":true,"href":"https:\/\/www.mixtuur.com\/de\/wp-json\/wp\/v2\/users\/13"}],"replies":[{"embeddable":true,"href":"https:\/\/www.mixtuur.com\/de\/wp-json\/wp\/v2\/comments?post=22832"}],"version-history":[{"count":2,"href":"https:\/\/www.mixtuur.com\/de\/wp-json\/wp\/v2\/pages\/22832\/revisions"}],"predecessor-version":[{"id":22834,"href":"https:\/\/www.mixtuur.com\/de\/wp-json\/wp\/v2\/pages\/22832\/revisions\/22834"}],"wp:attachment":[{"href":"https:\/\/www.mixtuur.com\/de\/wp-json\/wp\/v2\/media?parent=22832"}],"curies":[{"name":"wp","href":"https:\/\/api.w.org\/{rel}","templated":true}]}}