{"id":21491,"date":"2023-07-31T15:42:31","date_gmt":"2023-07-31T13:42:31","guid":{"rendered":"https:\/\/www.mixtuur.com\/?page_id=21491"},"modified":"2023-07-31T15:42:57","modified_gmt":"2023-07-31T13:42:57","slug":"die-schonsten-und-grossten-orgeln-der-welt","status":"publish","type":"page","link":"https:\/\/www.mixtuur.com\/de\/die-schonsten-und-grossten-orgeln-der-welt\/","title":{"rendered":"Die sch\u00f6nsten und gr\u00f6\u00dften Orgeln der Welt"},"content":{"rendered":"<h1>Die sch\u00f6nsten und gr\u00f6\u00dften Orgeln der Welt<\/h1>\n<p><strong>\u00dcberall auf der Welt findet man sch\u00f6ne und gro\u00dfe Orgeln. Wir haben die sch\u00f6nsten und gr\u00f6\u00dften Orgeln aufgelistet. Welche imposante Orgel ist Ihr Favorit?<\/strong><\/p>\n<h2>St. Stephen&#8217;s Cathedral<\/h2>\n<p>Im <strong>St. Stephen&#8217;s Cathedral<\/strong> in Passau (Bayern, Deutschland) befindet sich die gr\u00f6\u00dfte Orgel der Welt. Diese Orgel hat 17.000 Pfeifen. Jeden Tag um zw\u00f6lf Uhr mittags gibt es ein Orgelkonzert von drei\u00dfig Minuten. Der Eintritt kostet etwa 4 Euro. In der Zwischenzeit k\u00f6nnen Sie die wundersch\u00f6ne Kathedrale mit alten Grabsteinen, einem Brunnen, einer riesigen bemalten Decke sowie verschiedenen Alt\u00e4ren und Gem\u00e4lden genie\u00dfen. Beachten Sie: Fotografieren ist nicht erlaubt.<\/p>\n<p><img loading=\"lazy\" decoding=\"async\" class=\"alignnone wp-image-4535\" src=\"https:\/\/www.mixtuur.com\/wp-content\/uploads\/2018\/05\/passau-2954791_1920-1030x687.jpg\" alt=\"\" width=\"1028\" height=\"685\" srcset=\"https:\/\/www.mixtuur.com\/wp-content\/uploads\/2018\/05\/passau-2954791_1920-1030x687.jpg 1030w, https:\/\/www.mixtuur.com\/wp-content\/uploads\/2018\/05\/passau-2954791_1920-300x200.jpg 300w, https:\/\/www.mixtuur.com\/wp-content\/uploads\/2018\/05\/passau-2954791_1920-768x512.jpg 768w, https:\/\/www.mixtuur.com\/wp-content\/uploads\/2018\/05\/passau-2954791_1920-1500x1000.jpg 1500w, https:\/\/www.mixtuur.com\/wp-content\/uploads\/2018\/05\/passau-2954791_1920-705x470.jpg 705w, https:\/\/www.mixtuur.com\/wp-content\/uploads\/2018\/05\/passau-2954791_1920-450x300.jpg 450w, https:\/\/www.mixtuur.com\/wp-content\/uploads\/2018\/05\/passau-2954791_1920.jpg 1920w\" sizes=\"auto, (max-width: 1028px) 100vw, 1028px\" \/><\/p>\n<p><img loading=\"lazy\" decoding=\"async\" class=\"alignnone size-large wp-image-4536\" src=\"https:\/\/www.mixtuur.com\/wp-content\/uploads\/2018\/05\/passau-1083517_1920-1030x749.jpg\" alt=\"\" width=\"1030\" height=\"749\" srcset=\"https:\/\/www.mixtuur.com\/wp-content\/uploads\/2018\/05\/passau-1083517_1920-1030x749.jpg 1030w, https:\/\/www.mixtuur.com\/wp-content\/uploads\/2018\/05\/passau-1083517_1920-300x218.jpg 300w, https:\/\/www.mixtuur.com\/wp-content\/uploads\/2018\/05\/passau-1083517_1920-768x559.jpg 768w, https:\/\/www.mixtuur.com\/wp-content\/uploads\/2018\/05\/passau-1083517_1920-1500x1091.jpg 1500w, https:\/\/www.mixtuur.com\/wp-content\/uploads\/2018\/05\/passau-1083517_1920-705x513.jpg 705w, https:\/\/www.mixtuur.com\/wp-content\/uploads\/2018\/05\/passau-1083517_1920-450x327.jpg 450w, https:\/\/www.mixtuur.com\/wp-content\/uploads\/2018\/05\/passau-1083517_1920.jpg 1920w\" sizes=\"auto, (max-width: 1030px) 100vw, 1030px\" \/><\/p>\n<p><img loading=\"lazy\" decoding=\"async\" class=\"alignnone size-large wp-image-4537\" src=\"https:\/\/www.mixtuur.com\/wp-content\/uploads\/2018\/05\/passau-3265653_1920-1030x773.jpg\" alt=\"\" width=\"1030\" height=\"773\" srcset=\"https:\/\/www.mixtuur.com\/wp-content\/uploads\/2018\/05\/passau-3265653_1920-1030x773.jpg 1030w, https:\/\/www.mixtuur.com\/wp-content\/uploads\/2018\/05\/passau-3265653_1920-300x225.jpg 300w, https:\/\/www.mixtuur.com\/wp-content\/uploads\/2018\/05\/passau-3265653_1920-768x576.jpg 768w, https:\/\/www.mixtuur.com\/wp-content\/uploads\/2018\/05\/passau-3265653_1920-1500x1126.jpg 1500w, https:\/\/www.mixtuur.com\/wp-content\/uploads\/2018\/05\/passau-3265653_1920-705x529.jpg 705w, https:\/\/www.mixtuur.com\/wp-content\/uploads\/2018\/05\/passau-3265653_1920-450x338.jpg 450w, https:\/\/www.mixtuur.com\/wp-content\/uploads\/2018\/05\/passau-3265653_1920.jpg 1920w\" sizes=\"auto, (max-width: 1030px) 100vw, 1030px\" \/><\/p>\n<h2>Grote Kerk oder Sint Laurenskerk<\/h2>\n<p>Die gr\u00f6\u00dfte Orgel der Niederlande befindet sich in der <strong>Grote Kerk oder Sint Laurenskerk<\/strong> in Rotterdam. Diese wundersch\u00f6ne Orgel hat 85 Stimmen und 7.600 Pfeifen. Sie wurde von einem d\u00e4nischen Unternehmen gebaut und 1973 in Betrieb genommen.<\/p>\n<p><img loading=\"lazy\" decoding=\"async\" class=\"alignnone size-large wp-image-4538\" src=\"https:\/\/www.mixtuur.com\/wp-content\/uploads\/2018\/05\/Rotterdam_Grote_Kerk_Sint_Laurentius_Innen_Orgel_1-734x1030.jpg\" alt=\"\" width=\"734\" height=\"1030\" srcset=\"https:\/\/www.mixtuur.com\/wp-content\/uploads\/2018\/05\/Rotterdam_Grote_Kerk_Sint_Laurentius_Innen_Orgel_1-734x1030.jpg 734w, https:\/\/www.mixtuur.com\/wp-content\/uploads\/2018\/05\/Rotterdam_Grote_Kerk_Sint_Laurentius_Innen_Orgel_1-214x300.jpg 214w, https:\/\/www.mixtuur.com\/wp-content\/uploads\/2018\/05\/Rotterdam_Grote_Kerk_Sint_Laurentius_Innen_Orgel_1-768x1077.jpg 768w, https:\/\/www.mixtuur.com\/wp-content\/uploads\/2018\/05\/Rotterdam_Grote_Kerk_Sint_Laurentius_Innen_Orgel_1-1069x1500.jpg 1069w, https:\/\/www.mixtuur.com\/wp-content\/uploads\/2018\/05\/Rotterdam_Grote_Kerk_Sint_Laurentius_Innen_Orgel_1-503x705.jpg 503w, https:\/\/www.mixtuur.com\/wp-content\/uploads\/2018\/05\/Rotterdam_Grote_Kerk_Sint_Laurentius_Innen_Orgel_1-450x631.jpg 450w\" sizes=\"auto, (max-width: 734px) 100vw, 734px\" \/><\/p>\n<h2>Martinikerk<\/h2>\n<p>Een ander fraai orgel is het Schnitger-orgel in de <strong>Martinikerk<\/strong> met grandioze holpijpen. Deze pijpen bestaan bijna helemaal uit lood. Ook heeft dit orgel unieke baspijpen, die inmiddels al meer dan driehonderd jaar oud zijn. Een fantastisch ontwerp van bouwer Arp Schnitger.<\/p>\n<p><img loading=\"lazy\" decoding=\"async\" class=\"alignnone size-full wp-image-4542\" src=\"https:\/\/www.mixtuur.com\/wp-content\/uploads\/2018\/05\/kerk_groningen_martinikerk_07070.jpg\" alt=\"\" width=\"768\" height=\"1024\" srcset=\"https:\/\/www.mixtuur.com\/wp-content\/uploads\/2018\/05\/kerk_groningen_martinikerk_07070.jpg 768w, https:\/\/www.mixtuur.com\/wp-content\/uploads\/2018\/05\/kerk_groningen_martinikerk_07070-225x300.jpg 225w, https:\/\/www.mixtuur.com\/wp-content\/uploads\/2018\/05\/kerk_groningen_martinikerk_07070-529x705.jpg 529w, https:\/\/www.mixtuur.com\/wp-content\/uploads\/2018\/05\/kerk_groningen_martinikerk_07070-450x600.jpg 450w\" sizes=\"auto, (max-width: 768px) 100vw, 768px\" \/><\/p>\n<h2>Orgel der Stadtkirche<\/h2>\n<p>Liebhaber loben die <strong>Orgel der Stadtkirche<\/strong> in Waltershausen (Deutschland), die von Tobias Heinrich Gottfried Trost in den Jahren 1724-1755 erbaut wurde. &#8222;Diese Orgel hat ein faszinierendes Klangbild&#8220;, sagte Ewald Kooiman, Organist und Professor f\u00fcr Orgelkunde, einmal in einem Interview mit der Volkskrant. &#8222;Ganz anders als das, was wir gewohnt sind. Sanft und silbrig.&#8220;<\/p>\n<p><img loading=\"lazy\" decoding=\"async\" class=\"alignnone size-full wp-image-4543\" src=\"https:\/\/www.mixtuur.com\/wp-content\/uploads\/2018\/05\/Waltershausenkircheorg-1.jpg\" alt=\"\" width=\"900\" height=\"600\" srcset=\"https:\/\/www.mixtuur.com\/wp-content\/uploads\/2018\/05\/Waltershausenkircheorg-1.jpg 900w, https:\/\/www.mixtuur.com\/wp-content\/uploads\/2018\/05\/Waltershausenkircheorg-1-300x200.jpg 300w, https:\/\/www.mixtuur.com\/wp-content\/uploads\/2018\/05\/Waltershausenkircheorg-1-768x512.jpg 768w, https:\/\/www.mixtuur.com\/wp-content\/uploads\/2018\/05\/Waltershausenkircheorg-1-705x470.jpg 705w, https:\/\/www.mixtuur.com\/wp-content\/uploads\/2018\/05\/Waltershausenkircheorg-1-450x300.jpg 450w\" sizes=\"auto, (max-width: 900px) 100vw, 900px\" \/><\/p>\n<h2>Boardwalk Hall<\/h2>\n<p>Die Auditoriumsorgel in der <strong>Boardwalk Hall<\/strong> in Atlantic City wird als das Riesenkonzert unter den Pfeifenorgeln bezeichnet. Dieses riesige Instrument hat 33.112 Pfeifen, die auf sieben Manualen verteilt sind. Der Klang dieser Orgel soll ein Auditorium mit 41.000 Sitzpl\u00e4tzen f\u00fcllen. Eine gewaltige Aufgabe also!<\/p>\n<p><iframe loading=\"lazy\" src=\"https:\/\/www.youtube.com\/embed\/l582oV5yIxI\" width=\"560\" height=\"315\" frameborder=\"0\" allowfullscreen=\"allowfullscreen\"><\/iframe><\/p>\n<h2>Newberry Memorial Organ<\/h2>\n<p>Schlicht, aber beeindruckend, ist die <strong>Newberry Memorial Orgel<\/strong> in der Woolsey Hall (Yale Universit\u00e4t) mit 12.617 Pfeifen. Diese Orgel ist noch nicht so alt, da sie im Jahr 1902 erbaut wurde.<\/p>\n<p><iframe loading=\"lazy\" src=\"https:\/\/www.youtube.com\/embed\/qBlfxCZOPg4\" width=\"560\" height=\"315\" frameborder=\"0\" allowfullscreen=\"allowfullscreen\"><\/iframe><\/p>\n<h2>Basilika von Valeria<\/h2>\n<p>Aber ist gr\u00f6\u00dfer auch immer sch\u00f6ner? Vielleicht nicht. Bei Mixtuur sind wir Liebhaber alter Orgeln aus der Zeit von 1400 bis 1800. Die \u00e4lteste spielbare Orgel der Welt befindet sich in der <strong>Basilika von Valeria<\/strong> in Sion (Schweiz). Diese Orgel wurde im Jahr 1435 erbaut und 1687 um vier Register erweitert. Im letzten Jahrhundert wurde die Orgel vom Konservator Maurice Wenger restauriert, sodass das Instrument wieder bespielbar ist. Jeden Sommer gibt es ein internationales Festival f\u00fcr alte Orgeln &#8211; das sogenannte Festival de l&#8217;orgue ancien de Valere &#8211; und Liebhaber k\u00f6nnen diese alte Orgel dann h\u00f6ren.<\/p>\n<p><img loading=\"lazy\" decoding=\"async\" class=\"alignnone size-large wp-image-4544\" src=\"https:\/\/www.mixtuur.com\/wp-content\/uploads\/2018\/05\/castle-1587240_1920-1030x773.jpg\" alt=\"\" width=\"1030\" height=\"773\" srcset=\"https:\/\/www.mixtuur.com\/wp-content\/uploads\/2018\/05\/castle-1587240_1920-1030x773.jpg 1030w, https:\/\/www.mixtuur.com\/wp-content\/uploads\/2018\/05\/castle-1587240_1920-300x225.jpg 300w, https:\/\/www.mixtuur.com\/wp-content\/uploads\/2018\/05\/castle-1587240_1920-768x576.jpg 768w, https:\/\/www.mixtuur.com\/wp-content\/uploads\/2018\/05\/castle-1587240_1920-1500x1125.jpg 1500w, https:\/\/www.mixtuur.com\/wp-content\/uploads\/2018\/05\/castle-1587240_1920-705x529.jpg 705w, https:\/\/www.mixtuur.com\/wp-content\/uploads\/2018\/05\/castle-1587240_1920-450x338.jpg 450w, https:\/\/www.mixtuur.com\/wp-content\/uploads\/2018\/05\/castle-1587240_1920.jpg 1920w\" sizes=\"auto, (max-width: 1030px) 100vw, 1030px\" \/><\/p>\n<p><img loading=\"lazy\" decoding=\"async\" class=\"alignnone size-full wp-image-4545\" src=\"https:\/\/www.mixtuur.com\/wp-content\/uploads\/2018\/05\/16269511334_6276632028_b.jpg\" alt=\"\" width=\"1024\" height=\"674\" srcset=\"https:\/\/www.mixtuur.com\/wp-content\/uploads\/2018\/05\/16269511334_6276632028_b.jpg 1024w, https:\/\/www.mixtuur.com\/wp-content\/uploads\/2018\/05\/16269511334_6276632028_b-300x197.jpg 300w, https:\/\/www.mixtuur.com\/wp-content\/uploads\/2018\/05\/16269511334_6276632028_b-768x506.jpg 768w, https:\/\/www.mixtuur.com\/wp-content\/uploads\/2018\/05\/16269511334_6276632028_b-705x464.jpg 705w, https:\/\/www.mixtuur.com\/wp-content\/uploads\/2018\/05\/16269511334_6276632028_b-450x296.jpg 450w\" sizes=\"auto, (max-width: 1024px) 100vw, 1024px\" \/><\/p>\n<p><iframe loading=\"lazy\" src=\"https:\/\/www.youtube.com\/embed\/R6ble31amDA\" width=\"560\" height=\"315\" frameborder=\"0\" allowfullscreen=\"allowfullscreen\"><\/iframe><br \/>\n<iframe loading=\"lazy\" src=\"https:\/\/www.youtube.com\/embed\/jxwZTfILJDA\" width=\"560\" height=\"315\" frameborder=\"0\" allowfullscreen=\"allowfullscreen\"><\/iframe><\/p>\n<h2>San Maurizio al Monsatero Maggiore<\/h2>\n<p>Ein St\u00e4dtetrip nach Mailand? Dann besuchen Sie unbedingt <strong>San Maurizio al Monastero Maggiore<\/strong>. In dieser Kirche k\u00f6nnen Sie eine wundersch\u00f6ne Orgel aus dem Jahr 1554 bewundern. Die Orgel befindet sich in einer Art Holzkasten mit zwei riesigen bemalten Paneelen auf jeder Seite. Man k\u00f6nnte fast dar\u00fcber hinwegsehen, denn auch die Kirche ist ein Schmuckst\u00fcck.<\/p>\n<p><iframe loading=\"lazy\" src=\"https:\/\/www.youtube.com\/embed\/fohGnwuTCsc\" width=\"560\" height=\"315\" frameborder=\"0\" allowfullscreen=\"allowfullscreen\"><\/iframe><\/p>\n<h2>Notre-Dame<\/h2>\n<p>In der ber\u00fchmten <strong>Notre-Dame<\/strong> in Paris befindet sich m\u00f6glicherweise die sch\u00f6nste Orgel der Welt. Die Pfeifen heben sich wundersch\u00f6n vom bunten Glas ab. Diese Orgel hat 8.000 Pfeifen, ist die gr\u00f6\u00dfte Orgel Frankreichs und wird j\u00e4hrlich von vielen Touristen besucht.<\/p>\n<p><img loading=\"lazy\" decoding=\"async\" class=\"alignnone size-large wp-image-4546\" src=\"https:\/\/www.mixtuur.com\/wp-content\/uploads\/2018\/05\/cathedral-3259571_1920-1030x687.jpg\" alt=\"\" width=\"1030\" height=\"687\" srcset=\"https:\/\/www.mixtuur.com\/wp-content\/uploads\/2018\/05\/cathedral-3259571_1920-1030x687.jpg 1030w, https:\/\/www.mixtuur.com\/wp-content\/uploads\/2018\/05\/cathedral-3259571_1920-300x200.jpg 300w, https:\/\/www.mixtuur.com\/wp-content\/uploads\/2018\/05\/cathedral-3259571_1920-768x512.jpg 768w, https:\/\/www.mixtuur.com\/wp-content\/uploads\/2018\/05\/cathedral-3259571_1920-1500x1000.jpg 1500w, https:\/\/www.mixtuur.com\/wp-content\/uploads\/2018\/05\/cathedral-3259571_1920-705x470.jpg 705w, https:\/\/www.mixtuur.com\/wp-content\/uploads\/2018\/05\/cathedral-3259571_1920-450x300.jpg 450w, https:\/\/www.mixtuur.com\/wp-content\/uploads\/2018\/05\/cathedral-3259571_1920.jpg 1920w\" sizes=\"auto, (max-width: 1030px) 100vw, 1030px\" \/><\/p>\n<h2>Selbst auf den sch\u00f6nsten Orgeln der Welt spielen?<\/h2>\n<p>Es ist nat\u00fcrlich der Traum eines jeden Organisten, auf ber\u00fchmten Orgeln zu spielen. Wussten Sie, dass dies m\u00f6glich ist? Mit <a href=\"https:\/\/www.mixtuur.com\/en\/hauptwerk\/\">Hauptwerk<\/a> (Software) k\u00f6nnen Sie auf vielen Orgeln spielen, und das einfach in Ihrem Wohnzimmer. Wie das genau funktioniert, erfahren Sie auf <a href=\"https:\/\/www.mixtuur.com\/en\/hauptwerk\/\">dieser Seite<\/a>.<\/p>\n","protected":false},"excerpt":{"rendered":"<p>Die sch\u00f6nsten und gr\u00f6\u00dften Orgeln der Welt \u00dcberall auf der Welt findet man sch\u00f6ne und gro\u00dfe Orgeln. Wir haben die sch\u00f6nsten und gr\u00f6\u00dften Orgeln aufgelistet. Welche imposante Orgel ist Ihr Favorit? St. Stephen&#8217;s Cathedral Im St. Stephen&#8217;s Cathedral in Passau (Bayern, Deutschland) befindet sich die gr\u00f6\u00dfte Orgel der Welt. Diese Orgel hat 17.000 Pfeifen. Jeden [&hellip;]<\/p>\n","protected":false},"author":17,"featured_media":19243,"parent":0,"menu_order":0,"comment_status":"closed","ping_status":"closed","template":"","meta":{"footnotes":""},"class_list":["post-21491","page","type-page","status-publish","has-post-thumbnail","hentry"],"yoast_head":"<!-- This site is optimized with the Yoast SEO plugin v25.5 - https:\/\/yoast.com\/wordpress\/plugins\/seo\/ -->\n<title>Die sch\u00f6nsten und gr\u00f6\u00dften Orgeln der Welt - Mixtuur<\/title>\n<meta name=\"description\" content=\"\u00dcberall auf der Welt sind die sch\u00f6nsten und gr\u00f6\u00dften Orgeln zu finden. Welche imposante Orgel ist Ihr Favorit?\" \/>\n<meta name=\"robots\" content=\"index, follow, max-snippet:-1, max-image-preview:large, max-video-preview:-1\" \/>\n<link rel=\"canonical\" href=\"https:\/\/www.mixtuur.com\/de\/die-schonsten-und-grossten-orgeln-der-welt\/\" \/>\n<meta property=\"og:locale\" content=\"de_DE\" \/>\n<meta property=\"og:type\" content=\"article\" \/>\n<meta property=\"og:title\" content=\"Die sch\u00f6nsten und gr\u00f6\u00dften Orgeln der Welt - Mixtuur\" \/>\n<meta property=\"og:description\" content=\"\u00dcberall auf der Welt sind die sch\u00f6nsten und gr\u00f6\u00dften Orgeln zu finden. Welche imposante Orgel ist Ihr Favorit?\" \/>\n<meta property=\"og:url\" content=\"https:\/\/www.mixtuur.com\/de\/die-schonsten-und-grossten-orgeln-der-welt\/\" \/>\n<meta property=\"og:site_name\" content=\"Mixtuur\" \/>\n<meta property=\"article:modified_time\" content=\"2023-07-31T13:42:57+00:00\" \/>\n<meta property=\"og:image\" content=\"https:\/\/www.mixtuur.com\/wordpress\/wp-content\/uploads\/2018\/05\/church-organ-3401780_1920.jpg\" \/>\n\t<meta property=\"og:image:width\" content=\"1920\" \/>\n\t<meta property=\"og:image:height\" content=\"1102\" \/>\n\t<meta property=\"og:image:type\" content=\"image\/jpeg\" \/>\n<meta name=\"twitter:card\" content=\"summary_large_image\" \/>\n<meta name=\"twitter:label1\" content=\"Gesch\u00e4tzte Lesezeit\" \/>\n\t<meta name=\"twitter:data1\" content=\"5\u00a0Minuten\" \/>\n<script type=\"application\/ld+json\" class=\"yoast-schema-graph\">{\"@context\":\"https:\/\/schema.org\",\"@graph\":[{\"@type\":\"WebPage\",\"@id\":\"https:\/\/www.mixtuur.com\/de\/die-schonsten-und-grossten-orgeln-der-welt\/\",\"url\":\"https:\/\/www.mixtuur.com\/de\/die-schonsten-und-grossten-orgeln-der-welt\/\",\"name\":\"Die sch\u00f6nsten und gr\u00f6\u00dften Orgeln der Welt - Mixtuur\",\"isPartOf\":{\"@id\":\"https:\/\/www.mixtuur.com\/#website\"},\"primaryImageOfPage\":{\"@id\":\"https:\/\/www.mixtuur.com\/de\/die-schonsten-und-grossten-orgeln-der-welt\/#primaryimage\"},\"image\":{\"@id\":\"https:\/\/www.mixtuur.com\/de\/die-schonsten-und-grossten-orgeln-der-welt\/#primaryimage\"},\"thumbnailUrl\":\"https:\/\/www.mixtuur.com\/wp-content\/uploads\/2018\/05\/church-organ-3401780_1920.jpg\",\"datePublished\":\"2023-07-31T13:42:31+00:00\",\"dateModified\":\"2023-07-31T13:42:57+00:00\",\"description\":\"\u00dcberall auf der Welt sind die sch\u00f6nsten und gr\u00f6\u00dften Orgeln zu finden. Welche imposante Orgel ist Ihr Favorit?\",\"breadcrumb\":{\"@id\":\"https:\/\/www.mixtuur.com\/de\/die-schonsten-und-grossten-orgeln-der-welt\/#breadcrumb\"},\"inLanguage\":\"de\",\"potentialAction\":[{\"@type\":\"ReadAction\",\"target\":[\"https:\/\/www.mixtuur.com\/de\/die-schonsten-und-grossten-orgeln-der-welt\/\"]}]},{\"@type\":\"ImageObject\",\"inLanguage\":\"de\",\"@id\":\"https:\/\/www.mixtuur.com\/de\/die-schonsten-und-grossten-orgeln-der-welt\/#primaryimage\",\"url\":\"https:\/\/www.mixtuur.com\/wp-content\/uploads\/2018\/05\/church-organ-3401780_1920.jpg\",\"contentUrl\":\"https:\/\/www.mixtuur.com\/wp-content\/uploads\/2018\/05\/church-organ-3401780_1920.jpg\",\"width\":1920,\"height\":1102},{\"@type\":\"BreadcrumbList\",\"@id\":\"https:\/\/www.mixtuur.com\/de\/die-schonsten-und-grossten-orgeln-der-welt\/#breadcrumb\",\"itemListElement\":[{\"@type\":\"ListItem\",\"position\":1,\"name\":\"Home\",\"item\":\"https:\/\/www.mixtuur.com\/de\/\"},{\"@type\":\"ListItem\",\"position\":2,\"name\":\"Die sch\u00f6nsten und gr\u00f6\u00dften Orgeln der Welt\"}]},{\"@type\":\"WebSite\",\"@id\":\"https:\/\/www.mixtuur.com\/#website\",\"url\":\"https:\/\/www.mixtuur.com\/\",\"name\":\"Mixtuur\",\"description\":\"The Authentic Sound\",\"potentialAction\":[{\"@type\":\"SearchAction\",\"target\":{\"@type\":\"EntryPoint\",\"urlTemplate\":\"https:\/\/www.mixtuur.com\/?s={search_term_string}\"},\"query-input\":{\"@type\":\"PropertyValueSpecification\",\"valueRequired\":true,\"valueName\":\"search_term_string\"}}],\"inLanguage\":\"de\"}]}<\/script>\n<!-- \/ Yoast SEO plugin. -->","yoast_head_json":{"title":"Die sch\u00f6nsten und gr\u00f6\u00dften Orgeln der Welt - Mixtuur","description":"\u00dcberall auf der Welt sind die sch\u00f6nsten und gr\u00f6\u00dften Orgeln zu finden. Welche imposante Orgel ist Ihr Favorit?","robots":{"index":"index","follow":"follow","max-snippet":"max-snippet:-1","max-image-preview":"max-image-preview:large","max-video-preview":"max-video-preview:-1"},"canonical":"https:\/\/www.mixtuur.com\/de\/die-schonsten-und-grossten-orgeln-der-welt\/","og_locale":"de_DE","og_type":"article","og_title":"Die sch\u00f6nsten und gr\u00f6\u00dften Orgeln der Welt - Mixtuur","og_description":"\u00dcberall auf der Welt sind die sch\u00f6nsten und gr\u00f6\u00dften Orgeln zu finden. Welche imposante Orgel ist Ihr Favorit?","og_url":"https:\/\/www.mixtuur.com\/de\/die-schonsten-und-grossten-orgeln-der-welt\/","og_site_name":"Mixtuur","article_modified_time":"2023-07-31T13:42:57+00:00","og_image":[{"width":1920,"height":1102,"url":"https:\/\/www.mixtuur.com\/wordpress\/wp-content\/uploads\/2018\/05\/church-organ-3401780_1920.jpg","type":"image\/jpeg"}],"twitter_card":"summary_large_image","twitter_misc":{"Gesch\u00e4tzte Lesezeit":"5\u00a0Minuten"},"schema":{"@context":"https:\/\/schema.org","@graph":[{"@type":"WebPage","@id":"https:\/\/www.mixtuur.com\/de\/die-schonsten-und-grossten-orgeln-der-welt\/","url":"https:\/\/www.mixtuur.com\/de\/die-schonsten-und-grossten-orgeln-der-welt\/","name":"Die sch\u00f6nsten und gr\u00f6\u00dften Orgeln der Welt - Mixtuur","isPartOf":{"@id":"https:\/\/www.mixtuur.com\/#website"},"primaryImageOfPage":{"@id":"https:\/\/www.mixtuur.com\/de\/die-schonsten-und-grossten-orgeln-der-welt\/#primaryimage"},"image":{"@id":"https:\/\/www.mixtuur.com\/de\/die-schonsten-und-grossten-orgeln-der-welt\/#primaryimage"},"thumbnailUrl":"https:\/\/www.mixtuur.com\/wp-content\/uploads\/2018\/05\/church-organ-3401780_1920.jpg","datePublished":"2023-07-31T13:42:31+00:00","dateModified":"2023-07-31T13:42:57+00:00","description":"\u00dcberall auf der Welt sind die sch\u00f6nsten und gr\u00f6\u00dften Orgeln zu finden. Welche imposante Orgel ist Ihr Favorit?","breadcrumb":{"@id":"https:\/\/www.mixtuur.com\/de\/die-schonsten-und-grossten-orgeln-der-welt\/#breadcrumb"},"inLanguage":"de","potentialAction":[{"@type":"ReadAction","target":["https:\/\/www.mixtuur.com\/de\/die-schonsten-und-grossten-orgeln-der-welt\/"]}]},{"@type":"ImageObject","inLanguage":"de","@id":"https:\/\/www.mixtuur.com\/de\/die-schonsten-und-grossten-orgeln-der-welt\/#primaryimage","url":"https:\/\/www.mixtuur.com\/wp-content\/uploads\/2018\/05\/church-organ-3401780_1920.jpg","contentUrl":"https:\/\/www.mixtuur.com\/wp-content\/uploads\/2018\/05\/church-organ-3401780_1920.jpg","width":1920,"height":1102},{"@type":"BreadcrumbList","@id":"https:\/\/www.mixtuur.com\/de\/die-schonsten-und-grossten-orgeln-der-welt\/#breadcrumb","itemListElement":[{"@type":"ListItem","position":1,"name":"Home","item":"https:\/\/www.mixtuur.com\/de\/"},{"@type":"ListItem","position":2,"name":"Die sch\u00f6nsten und gr\u00f6\u00dften Orgeln der Welt"}]},{"@type":"WebSite","@id":"https:\/\/www.mixtuur.com\/#website","url":"https:\/\/www.mixtuur.com\/","name":"Mixtuur","description":"The Authentic Sound","potentialAction":[{"@type":"SearchAction","target":{"@type":"EntryPoint","urlTemplate":"https:\/\/www.mixtuur.com\/?s={search_term_string}"},"query-input":{"@type":"PropertyValueSpecification","valueRequired":true,"valueName":"search_term_string"}}],"inLanguage":"de"}]}},"_links":{"self":[{"href":"https:\/\/www.mixtuur.com\/de\/wp-json\/wp\/v2\/pages\/21491","targetHints":{"allow":["GET"]}}],"collection":[{"href":"https:\/\/www.mixtuur.com\/de\/wp-json\/wp\/v2\/pages"}],"about":[{"href":"https:\/\/www.mixtuur.com\/de\/wp-json\/wp\/v2\/types\/page"}],"author":[{"embeddable":true,"href":"https:\/\/www.mixtuur.com\/de\/wp-json\/wp\/v2\/users\/17"}],"replies":[{"embeddable":true,"href":"https:\/\/www.mixtuur.com\/de\/wp-json\/wp\/v2\/comments?post=21491"}],"version-history":[{"count":3,"href":"https:\/\/www.mixtuur.com\/de\/wp-json\/wp\/v2\/pages\/21491\/revisions"}],"predecessor-version":[{"id":24332,"href":"https:\/\/www.mixtuur.com\/de\/wp-json\/wp\/v2\/pages\/21491\/revisions\/24332"}],"wp:featuredmedia":[{"embeddable":true,"href":"https:\/\/www.mixtuur.com\/de\/wp-json\/wp\/v2\/media\/19243"}],"wp:attachment":[{"href":"https:\/\/www.mixtuur.com\/de\/wp-json\/wp\/v2\/media?parent=21491"}],"curies":[{"name":"wp","href":"https:\/\/api.w.org\/{rel}","templated":true}]}}