{"id":14995,"date":"2023-03-21T09:56:14","date_gmt":"2023-03-21T08:56:14","guid":{"rendered":"https:\/\/www.mixtuur.com\/?page_id=14995"},"modified":"2023-03-21T09:56:47","modified_gmt":"2023-03-21T08:56:47","slug":"kirchenorgel-kosten","status":"publish","type":"page","link":"https:\/\/www.mixtuur.com\/de\/kirchenorgel-kosten\/","title":{"rendered":"Die Kosten einer Kirchenorgel: Was kann ich erwarten?"},"content":{"rendered":"<h1>Die Kosten einer Kirchenorgel: Was kann ich erwarten?<\/h1>\n<p><strong>Eine Orgel ist eine Investition. Vor allem eine Investition in einen wundersch\u00f6nen Klang. Kirchenorgeln sind f\u00fcr ihr klassisches Aussehen und ihren unvergleichlichen Klang bekannt. Mixtuur hat bereits mehrere Kirchenorgeln geliefert, auch \u00fcber Projekte. Lesen Sie hier mehr \u00fcber die Kirchenorgel selbst, das Angebot von Mixtuur und die Kosten f\u00fcr eine Kirchenorgel<\/strong><\/p>\n<h2>Die Kirchenorgel und die Kosten<\/h2>\n<p>Die Kirchenorgel hat das Modell einer Pfeifenorgel, wird aber in Kirchen verwendet. Die Pfeifenorgel ist ein sehr altes Instrument (sie wurde um 246 v. Chr. entwickelt). Aber wie genau funktioniert das? Es funktioniert folgenderma\u00dfen: Im Orgelgeh\u00e4use wird die Luft in den Windladen, den l\u00e4nglichen Schr\u00e4nken, unter Druck gesetzt. Die Luft wird dann wieder an die darauf angebrachten Pfeifen abgegeben, von denen jede ihren eigenen, einzigartigen Ton erzeugt. Ein guter Klang ist sehr wichtig, besonders f\u00fcr eine Kirchenorgel. Sowohl in den vorderen als auch in den hinteren Reihen sollten die T\u00f6ne gut zu h\u00f6ren sein.<\/p>\n<p>Dank professioneller Audiotechnik kann zum Beispiel eine Hauptwerk-Orgel in jeder Kirche aufgestellt werden. F\u00fcr den letzten Schliff kommen unsere Techniker gerne zu Ihnen, um die Kirchenorgel in den Raum zu intonieren. Die Kirchenorgeln von Mixtuur sind aus Metall gefertigt und haben ein klassisches Aussehen. Die Kosten f\u00fcr eine Kirchenorgel werden auf \u00fcber 167.000 \u20ac gesch\u00e4tzt. Dennoch ist es schwierig, dies zu beurteilen, da es je nach Marke und Modell variieren kann. Bei Mixtuur k\u00f6nnen Sie eine Orgel schon ab 7.995 \u20ac kaufen.<\/p>\n<h2>Kirchenorgeln von Mixtuur<\/h2>\n<p>Mixtuur ist bekannt f\u00fcr sein Hauptwerk-System. Nehmen Sie Ihre sch\u00f6nen Orgelkl\u00e4nge auf oder laden Sie verschiedene Sample-Sets. Dank der Hauptwerk-Software k\u00f6nnen mehr als hundert Sample-Sets geladen werden. Die Kl\u00e4nge sind kaum vom Original zu unterscheiden! Neben Hauptwerk-Orgeln gibt es auch die M\u00f6glichkeit, sich f\u00fcr eine Hybrid-Orgel zu entscheiden. Diese bestehende Pfeifenorgel wird durch elektronisch erzeugte Kl\u00e4nge erg\u00e4nzt. Es ist eigentlich ein Mittelweg zwischen klassisch und digital.<\/p>\n<p>Mixtuur hat mehrere Orgelprojekte in den Niederlanden, Belgien und Deutschland durchgef\u00fchrt. Haben Sie bestimmte W\u00fcnsche? Dann lassen Sie es uns wissen, denn wir bieten Ihnen die M\u00f6glichkeit, die Orgel komplett selbst zusammenzustellen. Wir fertigen sie speziell f\u00fcr Sie an. Es ist also hoffentlich f\u00fcr jeden etwas dabei, und die Kosten f\u00fcr die Kirchenorgel sind auch nach Ihren Vorstellungen. Haben Sie eine Frage oder m\u00f6chten Sie einen Termin im Ausstellungsraum vereinbaren? Dann nehmen Sie Kontakt mit uns auf, und unsere Spezialisten werden Ihnen helfen!<\/p>\n\n<div class=\"wpcf7 no-js\" id=\"wpcf7-f2984-o1\" lang=\"nl-NL\" dir=\"ltr\" data-wpcf7-id=\"2984\">\n<div class=\"screen-reader-response\"><p role=\"status\" aria-live=\"polite\" aria-atomic=\"true\"><\/p> <ul><\/ul><\/div>\n<form action=\"\/de\/wp-json\/wp\/v2\/pages\/14995#wpcf7-f2984-o1\" method=\"post\" class=\"wpcf7-form init\" aria-label=\"Contactformulier\" novalidate=\"novalidate\" data-status=\"init\">\n<fieldset class=\"hidden-fields-container\"><input type=\"hidden\" name=\"_wpcf7\" value=\"2984\" \/><input type=\"hidden\" name=\"_wpcf7_version\" value=\"6.1.5\" \/><input type=\"hidden\" name=\"_wpcf7_locale\" value=\"nl_NL\" \/><input type=\"hidden\" name=\"_wpcf7_unit_tag\" value=\"wpcf7-f2984-o1\" \/><input type=\"hidden\" name=\"_wpcf7_container_post\" value=\"0\" \/><input type=\"hidden\" name=\"_wpcf7_posted_data_hash\" value=\"\" \/><input type=\"hidden\" name=\"_wpcf7_recaptcha_response\" value=\"\" \/>\n<\/fieldset>\n<p>Ihr Name (Pflichtangabe)\n<\/p>\n<p><span class=\"wpcf7-form-control-wrap\" data-name=\"your-name\"><input size=\"40\" maxlength=\"400\" class=\"wpcf7-form-control wpcf7-text wpcf7-validates-as-required\" aria-required=\"true\" aria-invalid=\"false\" value=\"\" type=\"text\" name=\"your-name\" \/><\/span>\n<\/p>\n<p>Ihre E-Mail-Adresse (Pflichtangabe)\n<\/p>\n<p><span class=\"wpcf7-form-control-wrap\" data-name=\"your-email\"><input size=\"40\" maxlength=\"400\" class=\"wpcf7-form-control wpcf7-email wpcf7-validates-as-required wpcf7-text wpcf7-validates-as-email\" aria-required=\"true\" aria-invalid=\"false\" value=\"\" type=\"email\" name=\"your-email\" \/><\/span>\n<\/p>\n<p>Telefonnummer\n<\/p>\n<p><span class=\"wpcf7-form-control-wrap\" data-name=\"tel-640\"><input size=\"40\" maxlength=\"400\" class=\"wpcf7-form-control wpcf7-tel wpcf7-text wpcf7-validates-as-tel\" aria-invalid=\"false\" value=\"\" type=\"tel\" name=\"tel-640\" \/><\/span>\n<\/p>\n<p>Betreff\n<\/p>\n<p><span class=\"wpcf7-form-control-wrap\" data-name=\"your-subject\"><input size=\"40\" maxlength=\"400\" class=\"wpcf7-form-control wpcf7-text\" aria-invalid=\"false\" value=\"\" type=\"text\" name=\"your-subject\" \/><\/span>\n<\/p>\n<p>Deine Nachricht\n<\/p>\n<p><span class=\"wpcf7-form-control-wrap\" data-name=\"your-message\"><textarea cols=\"40\" rows=\"10\" maxlength=\"2000\" class=\"wpcf7-form-control wpcf7-textarea\" aria-invalid=\"false\" name=\"your-message\"><\/textarea><\/span>\n<\/p>\n\n<p><input class=\"wpcf7-form-control wpcf7-submit has-spinner\" type=\"submit\" value=\"Senden\" \/>\n<\/p><div class=\"wpcf7-response-output\" aria-hidden=\"true\"><\/div>\n<\/form>\n<\/div>\n\n","protected":false},"excerpt":{"rendered":"<p>Die Kosten einer Kirchenorgel: Was kann ich erwarten? Eine Orgel ist eine Investition. Vor allem eine Investition in einen wundersch\u00f6nen Klang. Kirchenorgeln sind f\u00fcr ihr klassisches Aussehen und ihren unvergleichlichen Klang bekannt. Mixtuur hat bereits mehrere Kirchenorgeln geliefert, auch \u00fcber Projekte. Lesen Sie hier mehr \u00fcber die Kirchenorgel selbst, das Angebot von Mixtuur und die [&hellip;]<\/p>\n","protected":false},"author":17,"featured_media":0,"parent":0,"menu_order":0,"comment_status":"closed","ping_status":"closed","template":"","meta":{"footnotes":""},"class_list":["post-14995","page","type-page","status-publish","hentry"],"yoast_head":"<!-- This site is optimized with the Yoast SEO plugin v25.5 - https:\/\/yoast.com\/wordpress\/plugins\/seo\/ -->\n<title>Die Kosten einer Kirchenorgel: Sind diese Orgeln ihren Preis wert?<\/title>\n<meta name=\"description\" content=\"Die bekannteste Orgel ist die Kirchenorgel. Mixtuur bietet mehrere Modelle mit unterschiedlichen Preisen an. Klassisch oder digital. Erfahren Sie hier mehr.\" \/>\n<meta name=\"robots\" content=\"index, follow, max-snippet:-1, max-image-preview:large, max-video-preview:-1\" \/>\n<link rel=\"canonical\" href=\"https:\/\/www.mixtuur.com\/de\/kirchenorgel-kosten\/\" \/>\n<meta property=\"og:locale\" content=\"de_DE\" \/>\n<meta property=\"og:type\" content=\"article\" \/>\n<meta property=\"og:title\" content=\"Die Kosten einer Kirchenorgel: Sind diese Orgeln ihren Preis wert?\" \/>\n<meta property=\"og:description\" content=\"Die bekannteste Orgel ist die Kirchenorgel. Mixtuur bietet mehrere Modelle mit unterschiedlichen Preisen an. Klassisch oder digital. Erfahren Sie hier mehr.\" \/>\n<meta property=\"og:url\" content=\"https:\/\/www.mixtuur.com\/de\/kirchenorgel-kosten\/\" \/>\n<meta property=\"og:site_name\" content=\"Mixtuur\" \/>\n<meta property=\"article:modified_time\" content=\"2023-03-21T08:56:47+00:00\" \/>\n<meta name=\"twitter:card\" content=\"summary_large_image\" \/>\n<meta name=\"twitter:label1\" content=\"Gesch\u00e4tzte Lesezeit\" \/>\n\t<meta name=\"twitter:data1\" content=\"2\u00a0Minuten\" \/>\n<script type=\"application\/ld+json\" class=\"yoast-schema-graph\">{\"@context\":\"https:\/\/schema.org\",\"@graph\":[{\"@type\":\"WebPage\",\"@id\":\"https:\/\/www.mixtuur.com\/de\/kirchenorgel-kosten\/\",\"url\":\"https:\/\/www.mixtuur.com\/de\/kirchenorgel-kosten\/\",\"name\":\"Die Kosten einer Kirchenorgel: Sind diese Orgeln ihren Preis wert?\",\"isPartOf\":{\"@id\":\"https:\/\/www.mixtuur.com\/#website\"},\"datePublished\":\"2023-03-21T08:56:14+00:00\",\"dateModified\":\"2023-03-21T08:56:47+00:00\",\"description\":\"Die bekannteste Orgel ist die Kirchenorgel. Mixtuur bietet mehrere Modelle mit unterschiedlichen Preisen an. Klassisch oder digital. Erfahren Sie hier mehr.\",\"breadcrumb\":{\"@id\":\"https:\/\/www.mixtuur.com\/de\/kirchenorgel-kosten\/#breadcrumb\"},\"inLanguage\":\"de\",\"potentialAction\":[{\"@type\":\"ReadAction\",\"target\":[\"https:\/\/www.mixtuur.com\/de\/kirchenorgel-kosten\/\"]}]},{\"@type\":\"BreadcrumbList\",\"@id\":\"https:\/\/www.mixtuur.com\/de\/kirchenorgel-kosten\/#breadcrumb\",\"itemListElement\":[{\"@type\":\"ListItem\",\"position\":1,\"name\":\"Home\",\"item\":\"https:\/\/www.mixtuur.com\/de\/\"},{\"@type\":\"ListItem\",\"position\":2,\"name\":\"Die Kosten einer Kirchenorgel: Was kann ich erwarten?\"}]},{\"@type\":\"WebSite\",\"@id\":\"https:\/\/www.mixtuur.com\/#website\",\"url\":\"https:\/\/www.mixtuur.com\/\",\"name\":\"Mixtuur\",\"description\":\"The Authentic Sound\",\"potentialAction\":[{\"@type\":\"SearchAction\",\"target\":{\"@type\":\"EntryPoint\",\"urlTemplate\":\"https:\/\/www.mixtuur.com\/?s={search_term_string}\"},\"query-input\":{\"@type\":\"PropertyValueSpecification\",\"valueRequired\":true,\"valueName\":\"search_term_string\"}}],\"inLanguage\":\"de\"}]}<\/script>\n<!-- \/ Yoast SEO plugin. -->","yoast_head_json":{"title":"Die Kosten einer Kirchenorgel: Sind diese Orgeln ihren Preis wert?","description":"Die bekannteste Orgel ist die Kirchenorgel. Mixtuur bietet mehrere Modelle mit unterschiedlichen Preisen an. Klassisch oder digital. Erfahren Sie hier mehr.","robots":{"index":"index","follow":"follow","max-snippet":"max-snippet:-1","max-image-preview":"max-image-preview:large","max-video-preview":"max-video-preview:-1"},"canonical":"https:\/\/www.mixtuur.com\/de\/kirchenorgel-kosten\/","og_locale":"de_DE","og_type":"article","og_title":"Die Kosten einer Kirchenorgel: Sind diese Orgeln ihren Preis wert?","og_description":"Die bekannteste Orgel ist die Kirchenorgel. Mixtuur bietet mehrere Modelle mit unterschiedlichen Preisen an. Klassisch oder digital. Erfahren Sie hier mehr.","og_url":"https:\/\/www.mixtuur.com\/de\/kirchenorgel-kosten\/","og_site_name":"Mixtuur","article_modified_time":"2023-03-21T08:56:47+00:00","twitter_card":"summary_large_image","twitter_misc":{"Gesch\u00e4tzte Lesezeit":"2\u00a0Minuten"},"schema":{"@context":"https:\/\/schema.org","@graph":[{"@type":"WebPage","@id":"https:\/\/www.mixtuur.com\/de\/kirchenorgel-kosten\/","url":"https:\/\/www.mixtuur.com\/de\/kirchenorgel-kosten\/","name":"Die Kosten einer Kirchenorgel: Sind diese Orgeln ihren Preis wert?","isPartOf":{"@id":"https:\/\/www.mixtuur.com\/#website"},"datePublished":"2023-03-21T08:56:14+00:00","dateModified":"2023-03-21T08:56:47+00:00","description":"Die bekannteste Orgel ist die Kirchenorgel. Mixtuur bietet mehrere Modelle mit unterschiedlichen Preisen an. Klassisch oder digital. Erfahren Sie hier mehr.","breadcrumb":{"@id":"https:\/\/www.mixtuur.com\/de\/kirchenorgel-kosten\/#breadcrumb"},"inLanguage":"de","potentialAction":[{"@type":"ReadAction","target":["https:\/\/www.mixtuur.com\/de\/kirchenorgel-kosten\/"]}]},{"@type":"BreadcrumbList","@id":"https:\/\/www.mixtuur.com\/de\/kirchenorgel-kosten\/#breadcrumb","itemListElement":[{"@type":"ListItem","position":1,"name":"Home","item":"https:\/\/www.mixtuur.com\/de\/"},{"@type":"ListItem","position":2,"name":"Die Kosten einer Kirchenorgel: Was kann ich erwarten?"}]},{"@type":"WebSite","@id":"https:\/\/www.mixtuur.com\/#website","url":"https:\/\/www.mixtuur.com\/","name":"Mixtuur","description":"The Authentic Sound","potentialAction":[{"@type":"SearchAction","target":{"@type":"EntryPoint","urlTemplate":"https:\/\/www.mixtuur.com\/?s={search_term_string}"},"query-input":{"@type":"PropertyValueSpecification","valueRequired":true,"valueName":"search_term_string"}}],"inLanguage":"de"}]}},"_links":{"self":[{"href":"https:\/\/www.mixtuur.com\/de\/wp-json\/wp\/v2\/pages\/14995","targetHints":{"allow":["GET"]}}],"collection":[{"href":"https:\/\/www.mixtuur.com\/de\/wp-json\/wp\/v2\/pages"}],"about":[{"href":"https:\/\/www.mixtuur.com\/de\/wp-json\/wp\/v2\/types\/page"}],"author":[{"embeddable":true,"href":"https:\/\/www.mixtuur.com\/de\/wp-json\/wp\/v2\/users\/17"}],"replies":[{"embeddable":true,"href":"https:\/\/www.mixtuur.com\/de\/wp-json\/wp\/v2\/comments?post=14995"}],"version-history":[{"count":3,"href":"https:\/\/www.mixtuur.com\/de\/wp-json\/wp\/v2\/pages\/14995\/revisions"}],"predecessor-version":[{"id":14998,"href":"https:\/\/www.mixtuur.com\/de\/wp-json\/wp\/v2\/pages\/14995\/revisions\/14998"}],"wp:attachment":[{"href":"https:\/\/www.mixtuur.com\/de\/wp-json\/wp\/v2\/media?parent=14995"}],"curies":[{"name":"wp","href":"https:\/\/api.w.org\/{rel}","templated":true}]}}