{"id":14991,"date":"2023-03-21T09:24:11","date_gmt":"2023-03-21T08:24:11","guid":{"rendered":"https:\/\/www.mixtuur.com\/?page_id=14991"},"modified":"2023-03-21T09:24:11","modified_gmt":"2023-03-21T08:24:11","slug":"massgefertigte-orgel","status":"publish","type":"page","link":"https:\/\/www.mixtuur.com\/de\/massgefertigte-orgel\/","title":{"rendered":"Ma\u00dfgefertigte Orgel"},"content":{"rendered":"<h1>Ma\u00dfgefertigte Orgel<\/h1>\n<p><strong>Sind Sie auf der Suche nach einer Orgel, die Ihre Bed\u00fcrfnisse voll und ganz erf\u00fcllt und zu Ihnen passt? Dann entscheiden Sie sich am besten f\u00fcr eine ma\u00dfgefertigte Orgel. In diesem Fall wird die Orgel ganz nach Ihren W\u00fcnschen angefertigt.<\/strong><\/p>\n<p>Egal, ob Sie eine Orgel f\u00fcr Ihr Zuhause, einen Konzertsaal oder eine Kirche suchen. Die M\u00f6glichkeiten sind endlos. In unserem umfangreichen Angebot finden Sie Wohnzimmerorgeln, Kirchenorgeln und ma\u00dfgefertigte Orgeln. Wir k\u00f6nnen es kaum erwarten, Ihre W\u00fcnsche zu besprechen und uns f\u00fcr Sie an die Arbeit zu machen. Nehmen Sie Kontakt mit uns auf, um die M\u00f6glichkeiten zu besprechen, oder lesen Sie weiter, um weitere Informationen zu erhalten.<\/p>\n<h2>Eine ma\u00dfgefertigte Orgel von Mixtuur<\/h2>\n<p>Mixtuur baut Orgeln f\u00fcr Privatpersonen, Kirchen und Konzerts\u00e4le. Die Modelle reichen von standardisierten Orgeln bis hin zu vollst\u00e4ndig ma\u00dfgefertigten Modellen. Wie auch immer Ihre W\u00fcnsche aussehen, wir denken gerne mit Ihnen mit, um die Orgel ganz nach Ihren Vorstellungen zu bauen. Alle Orgeln werden vollst\u00e4ndig in unserer Werkstatt entwickelt, gebaut und getestet, so dass wir die beste Qualit\u00e4t garantieren k\u00f6nnen. Neben den Orgeln stellt Mixtuur auch alle Audiokomponenten wie Verst\u00e4rker und Lautsprecher selbst her. Dies garantiert ein optimales Klangerlebnis, damit Sie Ihre Traumorgel genie\u00dfen k\u00f6nnen!<\/p>\n<h2>Eine Orgel mit Hauptwerk-Technologie<\/h2>\n<p>Wir bei Mixtuur haben unsere eigenen Technologien entwickelt, die nahtlos mit der Hauptwerk\u2122-Software zusammenarbeiten. Hauptwerk ist ein leistungsstarkes MIDI-basiertes Softwareprogramm. In diesem Programm k\u00f6nnen Sample-Sets von gesampelten Orgeln geladen werden. Hauptwerk bietet eine sehr realistische Wiedergabe und sorgt daf\u00fcr, dass die Orgeln wirklich erlebt werden k\u00f6nnen.<\/p>\n<p>Hauptwerk-Orgeln werden vollst\u00e4ndig in der eigenen Werkstatt entwickelt und gebaut. Die Software passt sich nahtlos an den Klang der Orgel an. Sind Sie neugierig auf den sch\u00f6nen Klang der Orgeln? Dann empfehlen wir Ihnen, einen Termin in unserem Ausstellungsraum zu vereinbaren, um den Klang selbst zu erleben.<\/p>\n<h2>M\u00f6chten Sie mehr \u00fcber unsere ma\u00dfgefertigten Orgeln erfahren?<\/h2>\n<p>M\u00f6chten Sie mehr \u00fcber eine ma\u00dfgefertigte Orgel erfahren oder sind Sie neugierig auf die M\u00f6glichkeiten? Unsere Spezialisten stehen Ihnen zur Verf\u00fcgung und helfen Ihnen gerne, Ihre Orgel nach Ihren W\u00fcnschen zusammenzustellen. Vereinbaren Sie einen Termin in unserem Showroom und wir zeigen Ihnen gerne alle M\u00f6glichkeiten einer Hauptwerk-Orgel. Sie k\u00f6nnen sowohl unsere verschiedenen Orgelmodelle sehen als auch eine Hauptwerk-Orgel selbst ausprobieren. Fordern Sie eine digitale Brosch\u00fcre an oder kontaktieren Sie uns, damit Sie direkt einen Termin vereinbaren k\u00f6nnen.<\/p>\n\n<div class=\"wpcf7 no-js\" id=\"wpcf7-f2984-o1\" lang=\"nl-NL\" dir=\"ltr\" data-wpcf7-id=\"2984\">\n<div class=\"screen-reader-response\"><p role=\"status\" aria-live=\"polite\" aria-atomic=\"true\"><\/p> <ul><\/ul><\/div>\n<form action=\"\/de\/wp-json\/wp\/v2\/pages\/14991#wpcf7-f2984-o1\" method=\"post\" class=\"wpcf7-form init\" aria-label=\"Contactformulier\" novalidate=\"novalidate\" data-status=\"init\">\n<fieldset class=\"hidden-fields-container\"><input type=\"hidden\" name=\"_wpcf7\" value=\"2984\" \/><input type=\"hidden\" name=\"_wpcf7_version\" value=\"6.1.5\" \/><input type=\"hidden\" name=\"_wpcf7_locale\" value=\"nl_NL\" \/><input type=\"hidden\" name=\"_wpcf7_unit_tag\" value=\"wpcf7-f2984-o1\" \/><input type=\"hidden\" name=\"_wpcf7_container_post\" value=\"0\" \/><input type=\"hidden\" name=\"_wpcf7_posted_data_hash\" value=\"\" \/><input type=\"hidden\" name=\"_wpcf7_recaptcha_response\" value=\"\" \/>\n<\/fieldset>\n<p>Ihr Name (Pflichtangabe)\n<\/p>\n<p><span class=\"wpcf7-form-control-wrap\" data-name=\"your-name\"><input size=\"40\" maxlength=\"400\" class=\"wpcf7-form-control wpcf7-text wpcf7-validates-as-required\" aria-required=\"true\" aria-invalid=\"false\" value=\"\" type=\"text\" name=\"your-name\" \/><\/span>\n<\/p>\n<p>Ihre E-Mail-Adresse (Pflichtangabe)\n<\/p>\n<p><span class=\"wpcf7-form-control-wrap\" data-name=\"your-email\"><input size=\"40\" maxlength=\"400\" class=\"wpcf7-form-control wpcf7-email wpcf7-validates-as-required wpcf7-text wpcf7-validates-as-email\" aria-required=\"true\" aria-invalid=\"false\" value=\"\" type=\"email\" name=\"your-email\" \/><\/span>\n<\/p>\n<p>Telefonnummer\n<\/p>\n<p><span class=\"wpcf7-form-control-wrap\" data-name=\"tel-640\"><input size=\"40\" maxlength=\"400\" class=\"wpcf7-form-control wpcf7-tel wpcf7-text wpcf7-validates-as-tel\" aria-invalid=\"false\" value=\"\" type=\"tel\" name=\"tel-640\" \/><\/span>\n<\/p>\n<p>Betreff\n<\/p>\n<p><span class=\"wpcf7-form-control-wrap\" data-name=\"your-subject\"><input size=\"40\" maxlength=\"400\" class=\"wpcf7-form-control wpcf7-text\" aria-invalid=\"false\" value=\"\" type=\"text\" name=\"your-subject\" \/><\/span>\n<\/p>\n<p>Deine Nachricht\n<\/p>\n<p><span class=\"wpcf7-form-control-wrap\" data-name=\"your-message\"><textarea cols=\"40\" rows=\"10\" maxlength=\"2000\" class=\"wpcf7-form-control wpcf7-textarea\" aria-invalid=\"false\" name=\"your-message\"><\/textarea><\/span>\n<\/p>\n\n<p><input class=\"wpcf7-form-control wpcf7-submit has-spinner\" type=\"submit\" value=\"Senden\" \/>\n<\/p><div class=\"wpcf7-response-output\" aria-hidden=\"true\"><\/div>\n<\/form>\n<\/div>\n\n","protected":false},"excerpt":{"rendered":"<p>Ma\u00dfgefertigte Orgel Sind Sie auf der Suche nach einer Orgel, die Ihre Bed\u00fcrfnisse voll und ganz erf\u00fcllt und zu Ihnen passt? Dann entscheiden Sie sich am besten f\u00fcr eine ma\u00dfgefertigte Orgel. In diesem Fall wird die Orgel ganz nach Ihren W\u00fcnschen angefertigt. Egal, ob Sie eine Orgel f\u00fcr Ihr Zuhause, einen Konzertsaal oder eine Kirche [&hellip;]<\/p>\n","protected":false},"author":17,"featured_media":0,"parent":0,"menu_order":0,"comment_status":"closed","ping_status":"closed","template":"","meta":{"footnotes":""},"class_list":["post-14991","page","type-page","status-publish","hentry"],"yoast_head":"<!-- This site is optimized with the Yoast SEO plugin v25.5 - https:\/\/yoast.com\/wordpress\/plugins\/seo\/ -->\n<title>Ma\u00dfgefertigte Orgel kaufen bei Mixtuur | Entdecken Sie die M\u00f6glichkeiten<\/title>\n<meta name=\"description\" content=\"Sind Sie auf der Suche nach einer ma\u00dfgefertigten Orgel? Wir von Mixtuur haben uns auf ma\u00dfgefertigte Orgeln spezialisiert..\" \/>\n<meta name=\"robots\" content=\"index, follow, max-snippet:-1, max-image-preview:large, max-video-preview:-1\" \/>\n<link rel=\"canonical\" href=\"https:\/\/www.mixtuur.com\/maatwerk-orgel\/\" \/>\n<meta property=\"og:locale\" content=\"de_DE\" \/>\n<meta property=\"og:type\" content=\"article\" \/>\n<meta property=\"og:title\" content=\"Ma\u00dfgefertigte Orgel kaufen bei Mixtuur | Entdecken Sie die M\u00f6glichkeiten\" \/>\n<meta property=\"og:description\" content=\"Sind Sie auf der Suche nach einer ma\u00dfgefertigten Orgel? Wir von Mixtuur haben uns auf ma\u00dfgefertigte Orgeln spezialisiert..\" \/>\n<meta property=\"og:url\" content=\"https:\/\/www.mixtuur.com\/maatwerk-orgel\/\" \/>\n<meta property=\"og:site_name\" content=\"Mixtuur\" \/>\n<meta name=\"twitter:card\" content=\"summary_large_image\" \/>\n<meta name=\"twitter:label1\" content=\"Gesch\u00e4tzte Lesezeit\" \/>\n\t<meta name=\"twitter:data1\" content=\"2\u00a0Minuten\" \/>\n<script type=\"application\/ld+json\" class=\"yoast-schema-graph\">{\"@context\":\"https:\/\/schema.org\",\"@graph\":[{\"@type\":\"WebPage\",\"@id\":\"https:\/\/www.mixtuur.com\/maatwerk-orgel\/\",\"url\":\"https:\/\/www.mixtuur.com\/maatwerk-orgel\/\",\"name\":\"Ma\u00dfgefertigte Orgel kaufen bei Mixtuur | Entdecken Sie die M\u00f6glichkeiten\",\"isPartOf\":{\"@id\":\"https:\/\/www.mixtuur.com\/#website\"},\"datePublished\":\"2023-03-21T08:24:11+00:00\",\"description\":\"Sind Sie auf der Suche nach einer ma\u00dfgefertigten Orgel? Wir von Mixtuur haben uns auf ma\u00dfgefertigte Orgeln spezialisiert..\",\"breadcrumb\":{\"@id\":\"https:\/\/www.mixtuur.com\/maatwerk-orgel\/#breadcrumb\"},\"inLanguage\":\"de\",\"potentialAction\":[{\"@type\":\"ReadAction\",\"target\":[\"https:\/\/www.mixtuur.com\/maatwerk-orgel\/\"]}]},{\"@type\":\"BreadcrumbList\",\"@id\":\"https:\/\/www.mixtuur.com\/maatwerk-orgel\/#breadcrumb\",\"itemListElement\":[{\"@type\":\"ListItem\",\"position\":1,\"name\":\"Home\",\"item\":\"https:\/\/www.mixtuur.com\/de\/\"},{\"@type\":\"ListItem\",\"position\":2,\"name\":\"Ma\u00dfgefertigte Orgel\"}]},{\"@type\":\"WebSite\",\"@id\":\"https:\/\/www.mixtuur.com\/#website\",\"url\":\"https:\/\/www.mixtuur.com\/\",\"name\":\"Mixtuur\",\"description\":\"The Authentic Sound\",\"potentialAction\":[{\"@type\":\"SearchAction\",\"target\":{\"@type\":\"EntryPoint\",\"urlTemplate\":\"https:\/\/www.mixtuur.com\/?s={search_term_string}\"},\"query-input\":{\"@type\":\"PropertyValueSpecification\",\"valueRequired\":true,\"valueName\":\"search_term_string\"}}],\"inLanguage\":\"de\"}]}<\/script>\n<!-- \/ Yoast SEO plugin. -->","yoast_head_json":{"title":"Ma\u00dfgefertigte Orgel kaufen bei Mixtuur | Entdecken Sie die M\u00f6glichkeiten","description":"Sind Sie auf der Suche nach einer ma\u00dfgefertigten Orgel? Wir von Mixtuur haben uns auf ma\u00dfgefertigte Orgeln spezialisiert..","robots":{"index":"index","follow":"follow","max-snippet":"max-snippet:-1","max-image-preview":"max-image-preview:large","max-video-preview":"max-video-preview:-1"},"canonical":"https:\/\/www.mixtuur.com\/maatwerk-orgel\/","og_locale":"de_DE","og_type":"article","og_title":"Ma\u00dfgefertigte Orgel kaufen bei Mixtuur | Entdecken Sie die M\u00f6glichkeiten","og_description":"Sind Sie auf der Suche nach einer ma\u00dfgefertigten Orgel? Wir von Mixtuur haben uns auf ma\u00dfgefertigte Orgeln spezialisiert..","og_url":"https:\/\/www.mixtuur.com\/maatwerk-orgel\/","og_site_name":"Mixtuur","twitter_card":"summary_large_image","twitter_misc":{"Gesch\u00e4tzte Lesezeit":"2\u00a0Minuten"},"schema":{"@context":"https:\/\/schema.org","@graph":[{"@type":"WebPage","@id":"https:\/\/www.mixtuur.com\/maatwerk-orgel\/","url":"https:\/\/www.mixtuur.com\/maatwerk-orgel\/","name":"Ma\u00dfgefertigte Orgel kaufen bei Mixtuur | Entdecken Sie die M\u00f6glichkeiten","isPartOf":{"@id":"https:\/\/www.mixtuur.com\/#website"},"datePublished":"2023-03-21T08:24:11+00:00","description":"Sind Sie auf der Suche nach einer ma\u00dfgefertigten Orgel? Wir von Mixtuur haben uns auf ma\u00dfgefertigte Orgeln spezialisiert..","breadcrumb":{"@id":"https:\/\/www.mixtuur.com\/maatwerk-orgel\/#breadcrumb"},"inLanguage":"de","potentialAction":[{"@type":"ReadAction","target":["https:\/\/www.mixtuur.com\/maatwerk-orgel\/"]}]},{"@type":"BreadcrumbList","@id":"https:\/\/www.mixtuur.com\/maatwerk-orgel\/#breadcrumb","itemListElement":[{"@type":"ListItem","position":1,"name":"Home","item":"https:\/\/www.mixtuur.com\/de\/"},{"@type":"ListItem","position":2,"name":"Ma\u00dfgefertigte Orgel"}]},{"@type":"WebSite","@id":"https:\/\/www.mixtuur.com\/#website","url":"https:\/\/www.mixtuur.com\/","name":"Mixtuur","description":"The Authentic Sound","potentialAction":[{"@type":"SearchAction","target":{"@type":"EntryPoint","urlTemplate":"https:\/\/www.mixtuur.com\/?s={search_term_string}"},"query-input":{"@type":"PropertyValueSpecification","valueRequired":true,"valueName":"search_term_string"}}],"inLanguage":"de"}]}},"_links":{"self":[{"href":"https:\/\/www.mixtuur.com\/de\/wp-json\/wp\/v2\/pages\/14991","targetHints":{"allow":["GET"]}}],"collection":[{"href":"https:\/\/www.mixtuur.com\/de\/wp-json\/wp\/v2\/pages"}],"about":[{"href":"https:\/\/www.mixtuur.com\/de\/wp-json\/wp\/v2\/types\/page"}],"author":[{"embeddable":true,"href":"https:\/\/www.mixtuur.com\/de\/wp-json\/wp\/v2\/users\/17"}],"replies":[{"embeddable":true,"href":"https:\/\/www.mixtuur.com\/de\/wp-json\/wp\/v2\/comments?post=14991"}],"version-history":[{"count":3,"href":"https:\/\/www.mixtuur.com\/de\/wp-json\/wp\/v2\/pages\/14991\/revisions"}],"predecessor-version":[{"id":14994,"href":"https:\/\/www.mixtuur.com\/de\/wp-json\/wp\/v2\/pages\/14991\/revisions\/14994"}],"wp:attachment":[{"href":"https:\/\/www.mixtuur.com\/de\/wp-json\/wp\/v2\/media?parent=14991"}],"curies":[{"name":"wp","href":"https:\/\/api.w.org\/{rel}","templated":true}]}}