{"id":13803,"date":"2022-12-13T11:19:50","date_gmt":"2022-12-13T10:19:50","guid":{"rendered":"https:\/\/www.mixtuur.com\/?page_id=13803"},"modified":"2022-12-13T11:19:50","modified_gmt":"2022-12-13T10:19:50","slug":"hauptwerk-orgel-preis","status":"publish","type":"page","link":"https:\/\/www.mixtuur.com\/de\/hauptwerk-orgel-preis\/","title":{"rendered":"Hauptwerk-Orgel Preis"},"content":{"rendered":"<h1>Hauptwerk-Orgel Preis<\/h1>\n<p><b>M\u00f6chten Sie eine Orgel kaufen, die mit der Hauptwerk-Software ausgestattet ist? Mixtuur hat brandneue Hauptwerk-Orgeln zu einem guten Preis. Wir stellen alle Orgeln vollst\u00e4ndig im eigenen Haus her und k\u00f6nnen sie daher speziell auf Ihre Anforderungen abstimmen. So haben Sie immer eine Hauptwerk-Orgel, die zu Ihnen passt!<\/b><\/p>\n<h2>Hauptwerk-Technik<\/h2>\n<p><span style=\"font-weight: 400;\">Mixtuur stattet Orgeln mit der Hauptwerk-Software aus. Diese Software basiert auf MIDI, womit verschiedene Samplesets bekannter Orgeln geladen werden k\u00f6nnen. Damit ist es m\u00f6glich, die Kl\u00e4nge verschiedener Orgeln in Ihrem Wohnzimmer zu spielen. Die Samplesets sind Aufnahmen des Ansprechens der Pfeife, der Klangentwicklung und des Ausklingens des Tons. So entsteht eine realistische Wiedergabe, und Sie erleben die ultimative Erfahrung. \u00a0\u00a0<\/span><\/p>\n<p><a href=\"https:\/\/www.mixtuur.com\/wp-content\/uploads\/2019\/11\/Copyright_Unit-ed.nl-097A6394-1.jpg\"><img loading=\"lazy\" decoding=\"async\" class=\"alignnone size-full wp-image-7639\" src=\"https:\/\/www.mixtuur.com\/wp-content\/uploads\/2019\/11\/Copyright_Unit-ed.nl-097A6394-1.jpg\" alt=\"Mixtuur Etude orgel klavieren\" width=\"7677\" height=\"4480\" srcset=\"https:\/\/www.mixtuur.com\/wp-content\/uploads\/2019\/11\/Copyright_Unit-ed.nl-097A6394-1.jpg 7677w, https:\/\/www.mixtuur.com\/wp-content\/uploads\/2019\/11\/Copyright_Unit-ed.nl-097A6394-1-300x175.jpg 300w, https:\/\/www.mixtuur.com\/wp-content\/uploads\/2019\/11\/Copyright_Unit-ed.nl-097A6394-1-768x448.jpg 768w, https:\/\/www.mixtuur.com\/wp-content\/uploads\/2019\/11\/Copyright_Unit-ed.nl-097A6394-1-1030x601.jpg 1030w, https:\/\/www.mixtuur.com\/wp-content\/uploads\/2019\/11\/Copyright_Unit-ed.nl-097A6394-1-1500x875.jpg 1500w, https:\/\/www.mixtuur.com\/wp-content\/uploads\/2019\/11\/Copyright_Unit-ed.nl-097A6394-1-705x411.jpg 705w, https:\/\/www.mixtuur.com\/wp-content\/uploads\/2019\/11\/Copyright_Unit-ed.nl-097A6394-1-450x263.jpg 450w\" sizes=\"auto, (max-width: 7677px) 100vw, 7677px\" \/><\/a><\/p>\n<h2>Echte Mixtuur-Qualit\u00e4t<\/h2>\n<p><span style=\"font-weight: 400;\">Wenn Sie eine Orgel von Mixtuur erwerben, die mit der Hauptwerk-Technologie ausgestattet ist, k\u00f6nnen Sie sicher sein, dass Sie eine Qualit\u00e4tsorgel bekommen. Wir sind schon seit vielen Jahren Hauptwerk-H\u00e4ndler in den Benelux-L\u00e4ndern. Wir bauen unsere Orgeln vollst\u00e4ndig in unserer Produktionshalle in Veenendaal und k\u00f6nnen daher eine Orgel speziell f\u00fcr Sie anfertigen. Wir entwickeln, bauen und testen unsere Orgeln komplett im eigenen Haus und k\u00f6nnen sie mit der Hauptwerk-Software ausstatten. Wir schlie\u00dfen auch Verst\u00e4rker und Lautsprecher nahtlos an, um ein optimales Klangerlebnis zu schaffen. Wir setzen immer auf 100 %ige Zufriedenheit und hohe Qualit\u00e4t. Dar\u00fcber hinaus bieten wir eine 5-Jahres-Garantie auf unsere Orgeln und bieten Wartung und Reparaturen an.\u00a0\u00a0<\/span><\/p>\n<h2>Der Preis f\u00fcr eine Hauptwerk-Orgel<\/h2>\n<p><span style=\"font-weight: 400;\">Der Endpreis einer Hauptwerk-Orgel h\u00e4ngt von dem Modell ab, das Sie erwerben. Mixtuur hat eine gro\u00dfe Auswahl an vereinfachten Hauptwerk-Orgeln und Standard-Hauptwerk-Orgeln. Die Preise liegen zwischen 7.995 \u20ac und 33.450 \u20ac. Alle Modelle haben ihre eigene Spezifikation, und so gibt es Orgeln mit Registerschalter und Preset-Taster, Touchscreen, digitalen Signalprozessoren und High-End-Lautsprechern. Nat\u00fcrlich k\u00f6nnen Sie sich auch entscheiden, eine Orgel komplett selbst zusammenzustellen. <\/span><\/p>\n<p>M\u00f6chten Sie mehr \u00fcber den Preis einer mit Hauptwerk-Technologie ausgestatteten Orgel erfahren? M\u00f6chten Sie dar\u00fcber beraten werden, welche Orgel am besten zu Ihnen passt? Dann fordern Sie die Brosch\u00fcre an oder nehmen Sie Kontakt mit uns auf.<\/p>\n\n<div class=\"wpcf7 no-js\" id=\"wpcf7-f2984-o1\" lang=\"nl-NL\" dir=\"ltr\" data-wpcf7-id=\"2984\">\n<div class=\"screen-reader-response\"><p role=\"status\" aria-live=\"polite\" aria-atomic=\"true\"><\/p> <ul><\/ul><\/div>\n<form action=\"\/de\/wp-json\/wp\/v2\/pages\/13803#wpcf7-f2984-o1\" method=\"post\" class=\"wpcf7-form init\" aria-label=\"Contactformulier\" novalidate=\"novalidate\" data-status=\"init\">\n<fieldset class=\"hidden-fields-container\"><input type=\"hidden\" name=\"_wpcf7\" value=\"2984\" \/><input type=\"hidden\" name=\"_wpcf7_version\" value=\"6.1.5\" \/><input type=\"hidden\" name=\"_wpcf7_locale\" value=\"nl_NL\" \/><input type=\"hidden\" name=\"_wpcf7_unit_tag\" value=\"wpcf7-f2984-o1\" \/><input type=\"hidden\" name=\"_wpcf7_container_post\" value=\"0\" \/><input type=\"hidden\" name=\"_wpcf7_posted_data_hash\" value=\"\" \/><input type=\"hidden\" name=\"_wpcf7_recaptcha_response\" value=\"\" \/>\n<\/fieldset>\n<p>Ihr Name (Pflichtangabe)\n<\/p>\n<p><span class=\"wpcf7-form-control-wrap\" data-name=\"your-name\"><input size=\"40\" maxlength=\"400\" class=\"wpcf7-form-control wpcf7-text wpcf7-validates-as-required\" aria-required=\"true\" aria-invalid=\"false\" value=\"\" type=\"text\" name=\"your-name\" \/><\/span>\n<\/p>\n<p>Ihre E-Mail-Adresse (Pflichtangabe)\n<\/p>\n<p><span class=\"wpcf7-form-control-wrap\" data-name=\"your-email\"><input size=\"40\" maxlength=\"400\" class=\"wpcf7-form-control wpcf7-email wpcf7-validates-as-required wpcf7-text wpcf7-validates-as-email\" aria-required=\"true\" aria-invalid=\"false\" value=\"\" type=\"email\" name=\"your-email\" \/><\/span>\n<\/p>\n<p>Telefonnummer\n<\/p>\n<p><span class=\"wpcf7-form-control-wrap\" data-name=\"tel-640\"><input size=\"40\" maxlength=\"400\" class=\"wpcf7-form-control wpcf7-tel wpcf7-text wpcf7-validates-as-tel\" aria-invalid=\"false\" value=\"\" type=\"tel\" name=\"tel-640\" \/><\/span>\n<\/p>\n<p>Betreff\n<\/p>\n<p><span class=\"wpcf7-form-control-wrap\" data-name=\"your-subject\"><input size=\"40\" maxlength=\"400\" class=\"wpcf7-form-control wpcf7-text\" aria-invalid=\"false\" value=\"\" type=\"text\" name=\"your-subject\" \/><\/span>\n<\/p>\n<p>Deine Nachricht\n<\/p>\n<p><span class=\"wpcf7-form-control-wrap\" data-name=\"your-message\"><textarea cols=\"40\" rows=\"10\" maxlength=\"2000\" class=\"wpcf7-form-control wpcf7-textarea\" aria-invalid=\"false\" name=\"your-message\"><\/textarea><\/span>\n<\/p>\n\n<p><input class=\"wpcf7-form-control wpcf7-submit has-spinner\" type=\"submit\" value=\"Senden\" \/>\n<\/p><div class=\"wpcf7-response-output\" aria-hidden=\"true\"><\/div>\n<\/form>\n<\/div>\n\n","protected":false},"excerpt":{"rendered":"<p>Hauptwerk-Orgel Preis M\u00f6chten Sie eine Orgel kaufen, die mit der Hauptwerk-Software ausgestattet ist? Mixtuur hat brandneue Hauptwerk-Orgeln zu einem guten Preis. Wir stellen alle Orgeln vollst\u00e4ndig im eigenen Haus her und k\u00f6nnen sie daher speziell auf Ihre Anforderungen abstimmen. So haben Sie immer eine Hauptwerk-Orgel, die zu Ihnen passt! Hauptwerk-Technik Mixtuur stattet Orgeln mit der [&hellip;]<\/p>\n","protected":false},"author":17,"featured_media":0,"parent":0,"menu_order":0,"comment_status":"closed","ping_status":"closed","template":"","meta":{"footnotes":""},"class_list":["post-13803","page","type-page","status-publish","hentry"],"yoast_head":"<!-- This site is optimized with the Yoast SEO plugin v25.5 - https:\/\/yoast.com\/wordpress\/plugins\/seo\/ -->\n<title>Hauptwerk-Orgel zu einem vorteilhaften Preis bei Mixtuur.<\/title>\n<meta name=\"description\" content=\"Mixtuur ist der offizielle Hauptwerk-H\u00e4ndler in den Benelux-L\u00e4ndern. Bei uns kaufen Sie eine Hauptwerk-Orgel zu einem vorteilhaften Preis.\" \/>\n<meta name=\"robots\" content=\"index, follow, max-snippet:-1, max-image-preview:large, max-video-preview:-1\" \/>\n<link rel=\"canonical\" href=\"https:\/\/www.mixtuur.com\/de\/hauptwerk-orgel-preis\/\" \/>\n<meta property=\"og:locale\" content=\"de_DE\" \/>\n<meta property=\"og:type\" content=\"article\" \/>\n<meta property=\"og:title\" content=\"Hauptwerk-Orgel zu einem vorteilhaften Preis bei Mixtuur.\" \/>\n<meta property=\"og:description\" content=\"Mixtuur ist der offizielle Hauptwerk-H\u00e4ndler in den Benelux-L\u00e4ndern. Bei uns kaufen Sie eine Hauptwerk-Orgel zu einem vorteilhaften Preis.\" \/>\n<meta property=\"og:url\" content=\"https:\/\/www.mixtuur.com\/de\/hauptwerk-orgel-preis\/\" \/>\n<meta property=\"og:site_name\" content=\"Mixtuur\" \/>\n<meta property=\"og:image\" content=\"https:\/\/www.mixtuur.com\/wordpress\/wp-content\/uploads\/2019\/11\/Copyright_Unit-ed.nl-097A6394-1.jpg\" \/>\n<meta name=\"twitter:card\" content=\"summary_large_image\" \/>\n<meta name=\"twitter:label1\" content=\"Gesch\u00e4tzte Lesezeit\" \/>\n\t<meta name=\"twitter:data1\" content=\"2\u00a0Minuten\" \/>\n<script type=\"application\/ld+json\" class=\"yoast-schema-graph\">{\"@context\":\"https:\/\/schema.org\",\"@graph\":[{\"@type\":\"WebPage\",\"@id\":\"https:\/\/www.mixtuur.com\/de\/hauptwerk-orgel-preis\/\",\"url\":\"https:\/\/www.mixtuur.com\/de\/hauptwerk-orgel-preis\/\",\"name\":\"Hauptwerk-Orgel zu einem vorteilhaften Preis bei Mixtuur.\",\"isPartOf\":{\"@id\":\"https:\/\/www.mixtuur.com\/#website\"},\"primaryImageOfPage\":{\"@id\":\"https:\/\/www.mixtuur.com\/de\/hauptwerk-orgel-preis\/#primaryimage\"},\"image\":{\"@id\":\"https:\/\/www.mixtuur.com\/de\/hauptwerk-orgel-preis\/#primaryimage\"},\"thumbnailUrl\":\"https:\/\/www.mixtuur.com\/wp-content\/uploads\/2019\/11\/Copyright_Unit-ed.nl-097A6394-1.jpg\",\"datePublished\":\"2022-12-13T10:19:50+00:00\",\"description\":\"Mixtuur ist der offizielle Hauptwerk-H\u00e4ndler in den Benelux-L\u00e4ndern. Bei uns kaufen Sie eine Hauptwerk-Orgel zu einem vorteilhaften Preis.\",\"breadcrumb\":{\"@id\":\"https:\/\/www.mixtuur.com\/de\/hauptwerk-orgel-preis\/#breadcrumb\"},\"inLanguage\":\"de\",\"potentialAction\":[{\"@type\":\"ReadAction\",\"target\":[\"https:\/\/www.mixtuur.com\/de\/hauptwerk-orgel-preis\/\"]}]},{\"@type\":\"ImageObject\",\"inLanguage\":\"de\",\"@id\":\"https:\/\/www.mixtuur.com\/de\/hauptwerk-orgel-preis\/#primaryimage\",\"url\":\"https:\/\/www.mixtuur.com\/wp-content\/uploads\/2019\/11\/Copyright_Unit-ed.nl-097A6394-1.jpg\",\"contentUrl\":\"https:\/\/www.mixtuur.com\/wp-content\/uploads\/2019\/11\/Copyright_Unit-ed.nl-097A6394-1.jpg\"},{\"@type\":\"BreadcrumbList\",\"@id\":\"https:\/\/www.mixtuur.com\/de\/hauptwerk-orgel-preis\/#breadcrumb\",\"itemListElement\":[{\"@type\":\"ListItem\",\"position\":1,\"name\":\"Home\",\"item\":\"https:\/\/www.mixtuur.com\/de\/\"},{\"@type\":\"ListItem\",\"position\":2,\"name\":\"Hauptwerk-Orgel Preis\"}]},{\"@type\":\"WebSite\",\"@id\":\"https:\/\/www.mixtuur.com\/#website\",\"url\":\"https:\/\/www.mixtuur.com\/\",\"name\":\"Mixtuur\",\"description\":\"The Authentic Sound\",\"potentialAction\":[{\"@type\":\"SearchAction\",\"target\":{\"@type\":\"EntryPoint\",\"urlTemplate\":\"https:\/\/www.mixtuur.com\/?s={search_term_string}\"},\"query-input\":{\"@type\":\"PropertyValueSpecification\",\"valueRequired\":true,\"valueName\":\"search_term_string\"}}],\"inLanguage\":\"de\"}]}<\/script>\n<!-- \/ Yoast SEO plugin. -->","yoast_head_json":{"title":"Hauptwerk-Orgel zu einem vorteilhaften Preis bei Mixtuur.","description":"Mixtuur ist der offizielle Hauptwerk-H\u00e4ndler in den Benelux-L\u00e4ndern. Bei uns kaufen Sie eine Hauptwerk-Orgel zu einem vorteilhaften Preis.","robots":{"index":"index","follow":"follow","max-snippet":"max-snippet:-1","max-image-preview":"max-image-preview:large","max-video-preview":"max-video-preview:-1"},"canonical":"https:\/\/www.mixtuur.com\/de\/hauptwerk-orgel-preis\/","og_locale":"de_DE","og_type":"article","og_title":"Hauptwerk-Orgel zu einem vorteilhaften Preis bei Mixtuur.","og_description":"Mixtuur ist der offizielle Hauptwerk-H\u00e4ndler in den Benelux-L\u00e4ndern. Bei uns kaufen Sie eine Hauptwerk-Orgel zu einem vorteilhaften Preis.","og_url":"https:\/\/www.mixtuur.com\/de\/hauptwerk-orgel-preis\/","og_site_name":"Mixtuur","og_image":[{"url":"https:\/\/www.mixtuur.com\/wordpress\/wp-content\/uploads\/2019\/11\/Copyright_Unit-ed.nl-097A6394-1.jpg","type":"","width":"","height":""}],"twitter_card":"summary_large_image","twitter_misc":{"Gesch\u00e4tzte Lesezeit":"2\u00a0Minuten"},"schema":{"@context":"https:\/\/schema.org","@graph":[{"@type":"WebPage","@id":"https:\/\/www.mixtuur.com\/de\/hauptwerk-orgel-preis\/","url":"https:\/\/www.mixtuur.com\/de\/hauptwerk-orgel-preis\/","name":"Hauptwerk-Orgel zu einem vorteilhaften Preis bei Mixtuur.","isPartOf":{"@id":"https:\/\/www.mixtuur.com\/#website"},"primaryImageOfPage":{"@id":"https:\/\/www.mixtuur.com\/de\/hauptwerk-orgel-preis\/#primaryimage"},"image":{"@id":"https:\/\/www.mixtuur.com\/de\/hauptwerk-orgel-preis\/#primaryimage"},"thumbnailUrl":"https:\/\/www.mixtuur.com\/wp-content\/uploads\/2019\/11\/Copyright_Unit-ed.nl-097A6394-1.jpg","datePublished":"2022-12-13T10:19:50+00:00","description":"Mixtuur ist der offizielle Hauptwerk-H\u00e4ndler in den Benelux-L\u00e4ndern. Bei uns kaufen Sie eine Hauptwerk-Orgel zu einem vorteilhaften Preis.","breadcrumb":{"@id":"https:\/\/www.mixtuur.com\/de\/hauptwerk-orgel-preis\/#breadcrumb"},"inLanguage":"de","potentialAction":[{"@type":"ReadAction","target":["https:\/\/www.mixtuur.com\/de\/hauptwerk-orgel-preis\/"]}]},{"@type":"ImageObject","inLanguage":"de","@id":"https:\/\/www.mixtuur.com\/de\/hauptwerk-orgel-preis\/#primaryimage","url":"https:\/\/www.mixtuur.com\/wp-content\/uploads\/2019\/11\/Copyright_Unit-ed.nl-097A6394-1.jpg","contentUrl":"https:\/\/www.mixtuur.com\/wp-content\/uploads\/2019\/11\/Copyright_Unit-ed.nl-097A6394-1.jpg"},{"@type":"BreadcrumbList","@id":"https:\/\/www.mixtuur.com\/de\/hauptwerk-orgel-preis\/#breadcrumb","itemListElement":[{"@type":"ListItem","position":1,"name":"Home","item":"https:\/\/www.mixtuur.com\/de\/"},{"@type":"ListItem","position":2,"name":"Hauptwerk-Orgel Preis"}]},{"@type":"WebSite","@id":"https:\/\/www.mixtuur.com\/#website","url":"https:\/\/www.mixtuur.com\/","name":"Mixtuur","description":"The Authentic Sound","potentialAction":[{"@type":"SearchAction","target":{"@type":"EntryPoint","urlTemplate":"https:\/\/www.mixtuur.com\/?s={search_term_string}"},"query-input":{"@type":"PropertyValueSpecification","valueRequired":true,"valueName":"search_term_string"}}],"inLanguage":"de"}]}},"_links":{"self":[{"href":"https:\/\/www.mixtuur.com\/de\/wp-json\/wp\/v2\/pages\/13803","targetHints":{"allow":["GET"]}}],"collection":[{"href":"https:\/\/www.mixtuur.com\/de\/wp-json\/wp\/v2\/pages"}],"about":[{"href":"https:\/\/www.mixtuur.com\/de\/wp-json\/wp\/v2\/types\/page"}],"author":[{"embeddable":true,"href":"https:\/\/www.mixtuur.com\/de\/wp-json\/wp\/v2\/users\/17"}],"replies":[{"embeddable":true,"href":"https:\/\/www.mixtuur.com\/de\/wp-json\/wp\/v2\/comments?post=13803"}],"version-history":[{"count":2,"href":"https:\/\/www.mixtuur.com\/de\/wp-json\/wp\/v2\/pages\/13803\/revisions"}],"predecessor-version":[{"id":13805,"href":"https:\/\/www.mixtuur.com\/de\/wp-json\/wp\/v2\/pages\/13803\/revisions\/13805"}],"wp:attachment":[{"href":"https:\/\/www.mixtuur.com\/de\/wp-json\/wp\/v2\/media?parent=13803"}],"curies":[{"name":"wp","href":"https:\/\/api.w.org\/{rel}","templated":true}]}}