{"id":13796,"date":"2022-12-13T11:14:53","date_gmt":"2022-12-13T10:14:53","guid":{"rendered":"https:\/\/www.mixtuur.com\/?page_id=13796"},"modified":"2025-09-30T08:16:37","modified_gmt":"2025-09-30T06:16:37","slug":"elektronische-orgel","status":"publish","type":"page","link":"https:\/\/www.mixtuur.com\/de\/elektronische-orgel\/","title":{"rendered":"Elektronische Orgel"},"content":{"rendered":"<h1>Elektronische Orgel<\/h1>\n<p><strong>Wenn Sie auf der Suche nach einer Orgel mit modernster Technologie und kompaktem Charakter sind, ist eine elektronische Orgel genau das Richtige f\u00fcr Sie.<br \/>\nDie elektronischen Orgeln von Mixtuur sind in verschiedenen Formen und Gr\u00f6\u00dfen erh\u00e4ltlich, so dass sicher auch f\u00fcr Sie ein passendes Modell dabei ist. Mixtuur ist eine Marke, die ihre eigenen Orgeln entwickelt und baut, ausgestattet mit echter Hauptwerk-Technologie. Die Orgeln sind sowohl f\u00fcr den privaten als auch f\u00fcr den professionellen Gebrauch geeignet. M\u00f6chten Sie mehr \u00fcber unsere elektronischen Orgeln erfahren? Dann lesen Sie schnell weiter.<\/strong><\/p>\n<h2>Elektronische Orgel mit Hauptwerk-Technologie<\/h2>\n<p>Viele unserer elektronischen Orgeln sind mit Hauptwerk-Technologie ausgestattet. Hauptwerk\u2122 ist ein leistungsstarkes, auf MIDI basierendes Softwareprogramm. In diesem Programm k\u00f6nnen Sample-Sets von gesampelten Orgeln geladen werden. Die Kl\u00e4nge jeder einzelnen Pfeife erzeugen ein lebendiges Zusammenspiel. Die elektronischen Orgeln von Mixtuur k\u00f6nnen mit Standard-Hauptwerk oder vereinfachtem Hauptwerk ausgestattet werden. Mit dem Standard-Hauptwerk haben Sie die volle Kontrolle \u00fcber Ihre Orgel. Durch das Anpassen von Stimmungen, das Erstellen mehrerer Koppeln und das Intonieren einzelner Samples k\u00f6nnen Sie das Beste aus der Orgel herausholen. Wenn Sie sich f\u00fcr eine Orgel mit vereinfachtem Hauptwerk entscheiden, k\u00f6nnen Sie die Orgel \u00fcber die einfachen Displays steuern. Hier haben Sie die Wahl zwischen rituellen Registertastern, Standard-Registerz\u00fcgen, Registerwippen und erweiterten Registertastern mit automatisch wechselnden Registernamen.<\/p>\n<p><a href=\"https:\/\/www.mixtuur.com\/wp-content\/uploads\/2019\/11\/Copyright_Unit-ed.nl-097A6393-1.jpg\"><img loading=\"lazy\" decoding=\"async\" class=\"alignnone size-full wp-image-7638\" src=\"https:\/\/www.mixtuur.com\/wp-content\/uploads\/2019\/11\/Copyright_Unit-ed.nl-097A6393-1.jpg\" alt=\"Elektronische orgel\" width=\"7431\" height=\"4954\" srcset=\"https:\/\/www.mixtuur.com\/wp-content\/uploads\/2019\/11\/Copyright_Unit-ed.nl-097A6393-1.jpg 7431w, https:\/\/www.mixtuur.com\/wp-content\/uploads\/2019\/11\/Copyright_Unit-ed.nl-097A6393-1-300x200.jpg 300w, https:\/\/www.mixtuur.com\/wp-content\/uploads\/2019\/11\/Copyright_Unit-ed.nl-097A6393-1-768x512.jpg 768w, https:\/\/www.mixtuur.com\/wp-content\/uploads\/2019\/11\/Copyright_Unit-ed.nl-097A6393-1-1030x687.jpg 1030w, https:\/\/www.mixtuur.com\/wp-content\/uploads\/2019\/11\/Copyright_Unit-ed.nl-097A6393-1-1500x1000.jpg 1500w, https:\/\/www.mixtuur.com\/wp-content\/uploads\/2019\/11\/Copyright_Unit-ed.nl-097A6393-1-705x470.jpg 705w, https:\/\/www.mixtuur.com\/wp-content\/uploads\/2019\/11\/Copyright_Unit-ed.nl-097A6393-1-450x300.jpg 450w\" sizes=\"auto, (max-width: 7431px) 100vw, 7431px\" \/><\/a><\/p>\n<h2>Warum eine elektronische Orgel?<\/h2>\n<p>Wenn Sie einmal eine elektronische Orgel gespielt haben, wollen Sie oft nichts anderes mehr. Die Orgeln sind kaum von traditionellen Pfeifenorgeln zu unterscheiden. In 9 von 10 F\u00e4llen ist der Klang h\u00e4ufig sogar besser als bei einer echten Pfeifenorgel. Das Einzige, was Sie vielleicht vermissen werden, ist der alte, h\u00f6lzerne Geruch einer Pfeifenorgel. Weitere Vorteile einer elektronischen Orgel sind, dass sie sch\u00f6n und kompakt, qualitativ hochwertig und einfach zu bedienen ist. Sie m\u00fcssen sich nicht mit Computern auskennen. Die elektronische Orgel funktioniert fast genauso wie eine Pfeifenorgel.<\/p>\n<h2>Lassen Sie Ihre elektronische Orgel nach Ma\u00df anfertigen<\/h2>\n<p>Mixtuur ist daf\u00fcr bekannt, dass wir unsere eigenen hochwertigen Orgeln in unserer Produktionshalle herstellen und entwickeln. Wir passen sie vollst\u00e4ndig an, damit sie ganz Ihren Bed\u00fcrfnissen entsprechen. Ob Sie es in Ihrem Wohnzimmer oder f\u00fcr den professionellen Einsatz verwenden m\u00f6chten, alles ist m\u00f6glich. M\u00f6chten Sie mehr \u00fcber den Kauf einer elektronischen Orgel mit Hauptwerk-Technologie erfahren? M\u00f6chten Sie beraten werden, welche Orgel am besten zu Ihnen passt? Dann fordern Sie die Brosch\u00fcre an oder nehmen Sie Kontakt mit uns auf. Nat\u00fcrlich sind Sie auch in unserem Ausstellungsraum in Klundert herzlich willkommen.<\/p>\n\n<div class=\"wpcf7 no-js\" id=\"wpcf7-f2984-o1\" lang=\"nl-NL\" dir=\"ltr\" data-wpcf7-id=\"2984\">\n<div class=\"screen-reader-response\"><p role=\"status\" aria-live=\"polite\" aria-atomic=\"true\"><\/p> <ul><\/ul><\/div>\n<form action=\"\/de\/wp-json\/wp\/v2\/pages\/13796#wpcf7-f2984-o1\" method=\"post\" class=\"wpcf7-form init\" aria-label=\"Contactformulier\" novalidate=\"novalidate\" data-status=\"init\">\n<fieldset class=\"hidden-fields-container\"><input type=\"hidden\" name=\"_wpcf7\" value=\"2984\" \/><input type=\"hidden\" name=\"_wpcf7_version\" value=\"6.1.5\" \/><input type=\"hidden\" name=\"_wpcf7_locale\" value=\"nl_NL\" \/><input type=\"hidden\" name=\"_wpcf7_unit_tag\" value=\"wpcf7-f2984-o1\" \/><input type=\"hidden\" name=\"_wpcf7_container_post\" value=\"0\" \/><input type=\"hidden\" name=\"_wpcf7_posted_data_hash\" value=\"\" \/><input type=\"hidden\" name=\"_wpcf7_recaptcha_response\" value=\"\" \/>\n<\/fieldset>\n<p>Ihr Name (Pflichtangabe)\n<\/p>\n<p><span class=\"wpcf7-form-control-wrap\" data-name=\"your-name\"><input size=\"40\" maxlength=\"400\" class=\"wpcf7-form-control wpcf7-text wpcf7-validates-as-required\" aria-required=\"true\" aria-invalid=\"false\" value=\"\" type=\"text\" name=\"your-name\" \/><\/span>\n<\/p>\n<p>Ihre E-Mail-Adresse (Pflichtangabe)\n<\/p>\n<p><span class=\"wpcf7-form-control-wrap\" data-name=\"your-email\"><input size=\"40\" maxlength=\"400\" class=\"wpcf7-form-control wpcf7-email wpcf7-validates-as-required wpcf7-text wpcf7-validates-as-email\" aria-required=\"true\" aria-invalid=\"false\" value=\"\" type=\"email\" name=\"your-email\" \/><\/span>\n<\/p>\n<p>Telefonnummer\n<\/p>\n<p><span class=\"wpcf7-form-control-wrap\" data-name=\"tel-640\"><input size=\"40\" maxlength=\"400\" class=\"wpcf7-form-control wpcf7-tel wpcf7-text wpcf7-validates-as-tel\" aria-invalid=\"false\" value=\"\" type=\"tel\" name=\"tel-640\" \/><\/span>\n<\/p>\n<p>Betreff\n<\/p>\n<p><span class=\"wpcf7-form-control-wrap\" data-name=\"your-subject\"><input size=\"40\" maxlength=\"400\" class=\"wpcf7-form-control wpcf7-text\" aria-invalid=\"false\" value=\"\" type=\"text\" name=\"your-subject\" \/><\/span>\n<\/p>\n<p>Deine Nachricht\n<\/p>\n<p><span class=\"wpcf7-form-control-wrap\" data-name=\"your-message\"><textarea cols=\"40\" rows=\"10\" maxlength=\"2000\" class=\"wpcf7-form-control wpcf7-textarea\" aria-invalid=\"false\" name=\"your-message\"><\/textarea><\/span>\n<\/p>\n\n<p><input class=\"wpcf7-form-control wpcf7-submit has-spinner\" type=\"submit\" value=\"Senden\" \/>\n<\/p><div class=\"wpcf7-response-output\" aria-hidden=\"true\"><\/div>\n<\/form>\n<\/div>\n\n","protected":false},"excerpt":{"rendered":"<p>Elektronische Orgel Wenn Sie auf der Suche nach einer Orgel mit modernster Technologie und kompaktem Charakter sind, ist eine elektronische Orgel genau das Richtige f\u00fcr Sie. Die elektronischen Orgeln von Mixtuur sind in verschiedenen Formen und Gr\u00f6\u00dfen erh\u00e4ltlich, so dass sicher auch f\u00fcr Sie ein passendes Modell dabei ist. Mixtuur ist eine Marke, die ihre [&hellip;]<\/p>\n","protected":false},"author":17,"featured_media":0,"parent":0,"menu_order":0,"comment_status":"closed","ping_status":"closed","template":"","meta":{"footnotes":""},"class_list":["post-13796","page","type-page","status-publish","hentry"],"yoast_head":"<!-- This site is optimized with the Yoast SEO plugin v25.5 - https:\/\/yoast.com\/wordpress\/plugins\/seo\/ -->\n<title>Elektronische Orgel kaufen? Entdecken Sie das Angebot von Mixtuur<\/title>\n<meta name=\"description\" content=\"Sind Sie auf der Suche nach einer elektronischen Orgel? Lesen Sie hier alles \u00fcber die Vorteile und unser Angebot. Unsere Spezialisten sind f\u00fcr Sie da.\" \/>\n<meta name=\"robots\" content=\"index, follow, max-snippet:-1, max-image-preview:large, max-video-preview:-1\" \/>\n<link rel=\"canonical\" href=\"https:\/\/www.mixtuur.com\/de\/elektronische-orgel\/\" \/>\n<meta property=\"og:locale\" content=\"de_DE\" \/>\n<meta property=\"og:type\" content=\"article\" \/>\n<meta property=\"og:title\" content=\"Elektronische Orgel kaufen? Entdecken Sie das Angebot von Mixtuur\" \/>\n<meta property=\"og:description\" content=\"Sind Sie auf der Suche nach einer elektronischen Orgel? Lesen Sie hier alles \u00fcber die Vorteile und unser Angebot. Unsere Spezialisten sind f\u00fcr Sie da.\" \/>\n<meta property=\"og:url\" content=\"https:\/\/www.mixtuur.com\/de\/elektronische-orgel\/\" \/>\n<meta property=\"og:site_name\" content=\"Mixtuur\" \/>\n<meta property=\"article:modified_time\" content=\"2025-09-30T06:16:37+00:00\" \/>\n<meta property=\"og:image\" content=\"https:\/\/www.mixtuur.com\/wp-content\/uploads\/2019\/11\/Copyright_Unit-ed.nl-097A6393-1-1030x687.jpg\" \/>\n\t<meta property=\"og:image:width\" content=\"1030\" \/>\n\t<meta property=\"og:image:height\" content=\"687\" \/>\n\t<meta property=\"og:image:type\" content=\"image\/jpeg\" \/>\n<meta name=\"twitter:card\" content=\"summary_large_image\" \/>\n<meta name=\"twitter:label1\" content=\"Gesch\u00e4tzte Lesezeit\" \/>\n\t<meta name=\"twitter:data1\" content=\"3\u00a0Minuten\" \/>\n<script type=\"application\/ld+json\" class=\"yoast-schema-graph\">{\"@context\":\"https:\/\/schema.org\",\"@graph\":[{\"@type\":\"WebPage\",\"@id\":\"https:\/\/www.mixtuur.com\/de\/elektronische-orgel\/\",\"url\":\"https:\/\/www.mixtuur.com\/de\/elektronische-orgel\/\",\"name\":\"Elektronische Orgel kaufen? Entdecken Sie das Angebot von Mixtuur\",\"isPartOf\":{\"@id\":\"https:\/\/www.mixtuur.com\/#website\"},\"primaryImageOfPage\":{\"@id\":\"https:\/\/www.mixtuur.com\/de\/elektronische-orgel\/#primaryimage\"},\"image\":{\"@id\":\"https:\/\/www.mixtuur.com\/de\/elektronische-orgel\/#primaryimage\"},\"thumbnailUrl\":\"https:\/\/www.mixtuur.com\/wp-content\/uploads\/2019\/11\/Copyright_Unit-ed.nl-097A6393-1.jpg\",\"datePublished\":\"2022-12-13T10:14:53+00:00\",\"dateModified\":\"2025-09-30T06:16:37+00:00\",\"description\":\"Sind Sie auf der Suche nach einer elektronischen Orgel? Lesen Sie hier alles \u00fcber die Vorteile und unser Angebot. Unsere Spezialisten sind f\u00fcr Sie da.\",\"breadcrumb\":{\"@id\":\"https:\/\/www.mixtuur.com\/de\/elektronische-orgel\/#breadcrumb\"},\"inLanguage\":\"de\",\"potentialAction\":[{\"@type\":\"ReadAction\",\"target\":[\"https:\/\/www.mixtuur.com\/de\/elektronische-orgel\/\"]}]},{\"@type\":\"ImageObject\",\"inLanguage\":\"de\",\"@id\":\"https:\/\/www.mixtuur.com\/de\/elektronische-orgel\/#primaryimage\",\"url\":\"https:\/\/www.mixtuur.com\/wp-content\/uploads\/2019\/11\/Copyright_Unit-ed.nl-097A6393-1.jpg\",\"contentUrl\":\"https:\/\/www.mixtuur.com\/wp-content\/uploads\/2019\/11\/Copyright_Unit-ed.nl-097A6393-1.jpg\"},{\"@type\":\"BreadcrumbList\",\"@id\":\"https:\/\/www.mixtuur.com\/de\/elektronische-orgel\/#breadcrumb\",\"itemListElement\":[{\"@type\":\"ListItem\",\"position\":1,\"name\":\"Home\",\"item\":\"https:\/\/www.mixtuur.com\/de\/\"},{\"@type\":\"ListItem\",\"position\":2,\"name\":\"Elektronische Orgel\"}]},{\"@type\":\"WebSite\",\"@id\":\"https:\/\/www.mixtuur.com\/#website\",\"url\":\"https:\/\/www.mixtuur.com\/\",\"name\":\"Mixtuur\",\"description\":\"The Authentic Sound\",\"potentialAction\":[{\"@type\":\"SearchAction\",\"target\":{\"@type\":\"EntryPoint\",\"urlTemplate\":\"https:\/\/www.mixtuur.com\/?s={search_term_string}\"},\"query-input\":{\"@type\":\"PropertyValueSpecification\",\"valueRequired\":true,\"valueName\":\"search_term_string\"}}],\"inLanguage\":\"de\"}]}<\/script>\n<!-- \/ Yoast SEO plugin. -->","yoast_head_json":{"title":"Elektronische Orgel kaufen? Entdecken Sie das Angebot von Mixtuur","description":"Sind Sie auf der Suche nach einer elektronischen Orgel? Lesen Sie hier alles \u00fcber die Vorteile und unser Angebot. Unsere Spezialisten sind f\u00fcr Sie da.","robots":{"index":"index","follow":"follow","max-snippet":"max-snippet:-1","max-image-preview":"max-image-preview:large","max-video-preview":"max-video-preview:-1"},"canonical":"https:\/\/www.mixtuur.com\/de\/elektronische-orgel\/","og_locale":"de_DE","og_type":"article","og_title":"Elektronische Orgel kaufen? Entdecken Sie das Angebot von Mixtuur","og_description":"Sind Sie auf der Suche nach einer elektronischen Orgel? Lesen Sie hier alles \u00fcber die Vorteile und unser Angebot. Unsere Spezialisten sind f\u00fcr Sie da.","og_url":"https:\/\/www.mixtuur.com\/de\/elektronische-orgel\/","og_site_name":"Mixtuur","article_modified_time":"2025-09-30T06:16:37+00:00","og_image":[{"width":1030,"height":687,"url":"https:\/\/www.mixtuur.com\/wp-content\/uploads\/2019\/11\/Copyright_Unit-ed.nl-097A6393-1-1030x687.jpg","type":"image\/jpeg"}],"twitter_card":"summary_large_image","twitter_misc":{"Gesch\u00e4tzte Lesezeit":"3\u00a0Minuten"},"schema":{"@context":"https:\/\/schema.org","@graph":[{"@type":"WebPage","@id":"https:\/\/www.mixtuur.com\/de\/elektronische-orgel\/","url":"https:\/\/www.mixtuur.com\/de\/elektronische-orgel\/","name":"Elektronische Orgel kaufen? Entdecken Sie das Angebot von Mixtuur","isPartOf":{"@id":"https:\/\/www.mixtuur.com\/#website"},"primaryImageOfPage":{"@id":"https:\/\/www.mixtuur.com\/de\/elektronische-orgel\/#primaryimage"},"image":{"@id":"https:\/\/www.mixtuur.com\/de\/elektronische-orgel\/#primaryimage"},"thumbnailUrl":"https:\/\/www.mixtuur.com\/wp-content\/uploads\/2019\/11\/Copyright_Unit-ed.nl-097A6393-1.jpg","datePublished":"2022-12-13T10:14:53+00:00","dateModified":"2025-09-30T06:16:37+00:00","description":"Sind Sie auf der Suche nach einer elektronischen Orgel? Lesen Sie hier alles \u00fcber die Vorteile und unser Angebot. Unsere Spezialisten sind f\u00fcr Sie da.","breadcrumb":{"@id":"https:\/\/www.mixtuur.com\/de\/elektronische-orgel\/#breadcrumb"},"inLanguage":"de","potentialAction":[{"@type":"ReadAction","target":["https:\/\/www.mixtuur.com\/de\/elektronische-orgel\/"]}]},{"@type":"ImageObject","inLanguage":"de","@id":"https:\/\/www.mixtuur.com\/de\/elektronische-orgel\/#primaryimage","url":"https:\/\/www.mixtuur.com\/wp-content\/uploads\/2019\/11\/Copyright_Unit-ed.nl-097A6393-1.jpg","contentUrl":"https:\/\/www.mixtuur.com\/wp-content\/uploads\/2019\/11\/Copyright_Unit-ed.nl-097A6393-1.jpg"},{"@type":"BreadcrumbList","@id":"https:\/\/www.mixtuur.com\/de\/elektronische-orgel\/#breadcrumb","itemListElement":[{"@type":"ListItem","position":1,"name":"Home","item":"https:\/\/www.mixtuur.com\/de\/"},{"@type":"ListItem","position":2,"name":"Elektronische Orgel"}]},{"@type":"WebSite","@id":"https:\/\/www.mixtuur.com\/#website","url":"https:\/\/www.mixtuur.com\/","name":"Mixtuur","description":"The Authentic Sound","potentialAction":[{"@type":"SearchAction","target":{"@type":"EntryPoint","urlTemplate":"https:\/\/www.mixtuur.com\/?s={search_term_string}"},"query-input":{"@type":"PropertyValueSpecification","valueRequired":true,"valueName":"search_term_string"}}],"inLanguage":"de"}]}},"_links":{"self":[{"href":"https:\/\/www.mixtuur.com\/de\/wp-json\/wp\/v2\/pages\/13796","targetHints":{"allow":["GET"]}}],"collection":[{"href":"https:\/\/www.mixtuur.com\/de\/wp-json\/wp\/v2\/pages"}],"about":[{"href":"https:\/\/www.mixtuur.com\/de\/wp-json\/wp\/v2\/types\/page"}],"author":[{"embeddable":true,"href":"https:\/\/www.mixtuur.com\/de\/wp-json\/wp\/v2\/users\/17"}],"replies":[{"embeddable":true,"href":"https:\/\/www.mixtuur.com\/de\/wp-json\/wp\/v2\/comments?post=13796"}],"version-history":[{"count":2,"href":"https:\/\/www.mixtuur.com\/de\/wp-json\/wp\/v2\/pages\/13796\/revisions"}],"predecessor-version":[{"id":24769,"href":"https:\/\/www.mixtuur.com\/de\/wp-json\/wp\/v2\/pages\/13796\/revisions\/24769"}],"wp:attachment":[{"href":"https:\/\/www.mixtuur.com\/de\/wp-json\/wp\/v2\/media?parent=13796"}],"curies":[{"name":"wp","href":"https:\/\/api.w.org\/{rel}","templated":true}]}}