{"id":12562,"date":"2022-11-10T15:09:44","date_gmt":"2022-11-10T14:09:44","guid":{"rendered":"https:\/\/www.mixtuur.com\/?page_id=12562"},"modified":"2022-11-14T12:06:15","modified_gmt":"2022-11-14T11:06:15","slug":"hauptwerk-orgel","status":"publish","type":"page","link":"https:\/\/www.mixtuur.com\/de\/hauptwerk-orgel\/","title":{"rendered":"Hauptwerk Orgel"},"content":{"rendered":"<h1>Hauptwerk Orgel<\/h1>\n<p><strong>Sind Sie auf der Suche nach einer hochwertigen Hauptwerk-Orgel? Dann sind Sie bei Mixtuur an der richtigen Adresse. Wir sind offizieller Hauptwerk-H\u00e4ndler in den Benelux-L\u00e4ndern und verf\u00fcgen \u00fcber eine gro\u00dfe Auswahl an Orgeln in verschiedenen Arten und Gr\u00f6\u00dfen. Egal, ob Sie eine ma\u00dfgefertigte Orgel oder eine Standardorgel f\u00fcr Ihr Zuhause suchen. Das alles finden Sie bei uns.<\/strong><\/p>\n<p>M\u00f6chten Sie mehr \u00fcber unsere Hauptwerk-Orgeln erfahren oder sind Sie neugierig, ob wir die von Ihnen gesuchte Orgel auf Lager haben? Dann lesen Sie weiter oder nehmen Sie f\u00fcr weitere Informationen unverbindlich Kontakt mit uns auf. Unsere Spezialisten helfen Ihnen gerne bei der Suche nach der gew\u00fcnschten Orgel.<\/p>\n<h2>Orgel mit Hauptwerk-Technologie<\/h2>\n<p>Bei uns finden Sie verschiedene Orgeln, die mit der <a href=\"https:\/\/www.mixtuur.com\/de\/hauptwerk\/\">Hauptwerk-Software<\/a> ausgestattet sind. Diese Software basiert auf MIDI, in die verschiedene Sample-Sets bekannter Orgeln geladen werden k\u00f6nnen. Dadurch ist es m\u00f6glich, Kl\u00e4nge, die Sie normalerweise in einem Konzertsaal h\u00f6ren w\u00fcrden, in Ihrem Wohnzimmer zu erzeugen. Sie k\u00f6nnen die Stimmung und die Tonh\u00f6hen selbst einstellen, ohne dass Sie jede Pfeife einzeln stimmen m\u00fcssen. Das bietet Ihnen nat\u00fcrlich enormen Komfort und spart Ihnen viel Zeit! Dar\u00fcber hinaus sind die Orgeln sehr einfach zu spielen und erfordern keine Computerkenntnisse.<\/p>\n<p><a href=\"https:\/\/www.mixtuur.com\/wp-content\/uploads\/2022\/07\/man-op-orgel.jpg\"><img loading=\"lazy\" decoding=\"async\" class=\"alignnone wp-image-11906 size-large\" src=\"https:\/\/www.mixtuur.com\/wp-content\/uploads\/2022\/07\/man-op-orgel-1030x693.jpg\" alt=\"Hauptwerk Orgel\" width=\"1030\" height=\"693\" srcset=\"https:\/\/www.mixtuur.com\/wp-content\/uploads\/2022\/07\/man-op-orgel-1030x693.jpg 1030w, https:\/\/www.mixtuur.com\/wp-content\/uploads\/2022\/07\/man-op-orgel-300x202.jpg 300w, https:\/\/www.mixtuur.com\/wp-content\/uploads\/2022\/07\/man-op-orgel-768x517.jpg 768w, https:\/\/www.mixtuur.com\/wp-content\/uploads\/2022\/07\/man-op-orgel-1536x1033.jpg 1536w, https:\/\/www.mixtuur.com\/wp-content\/uploads\/2022\/07\/man-op-orgel-2048x1378.jpg 2048w, https:\/\/www.mixtuur.com\/wp-content\/uploads\/2022\/07\/man-op-orgel-1500x1009.jpg 1500w, https:\/\/www.mixtuur.com\/wp-content\/uploads\/2022\/07\/man-op-orgel-705x474.jpg 705w, https:\/\/www.mixtuur.com\/wp-content\/uploads\/2022\/07\/man-op-orgel-450x303.jpg 450w\" sizes=\"auto, (max-width: 1030px) 100vw, 1030px\" \/><\/a><\/p>\n<h2>Die Qualit\u00e4t von Mixtuur<\/h2>\n<p>Wir von Mixtuur produzieren und liefern nur Orgeln von h\u00f6chster Qualit\u00e4t. Wir bauen sowohl f\u00fcr Privatpersonen als auch f\u00fcr Kirchen und Konzerts\u00e4le Orgeln, die den besten Klang erzeugen und wir bauen alle unsere Orgeln selbst in unserer Produktionshalle in Veenendaal. Sie k\u00f6nnen sich sogar daf\u00fcr entscheiden, Ihre Orgel ganz nach Ihren W\u00fcnschen anfertigen zu lassen. Wir streben stets nach 100%iger Zufriedenheit und hoher Qualit\u00e4t. Sie haben au\u00dferdem immer eine 2-Jahres-Garantie auf unsere Orgeln und wir bieten auch Wartungs- und Reparaturdienste an.<\/p>\n<h2>Der Preis f\u00fcr eine Hauptwerk-Orgel<\/h2>\n<p>Die Preise f\u00fcr eine Hauptwerk-Orgel k\u00f6nnen sehr unterschiedlich sein. Der Preis h\u00e4ngt von dem Modell der Orgel ab. Wenn Sie sich f\u00fcr eine vereinfachte Hauptwerk-Orgel entscheiden, wird der Preis niedriger sein als bei einer ma\u00dfgefertigten Orgel. Die Preise liegen zwischen 7.995 \u20ac und 33.450 \u20ac.<\/p>\n<p>M\u00f6chten Sie mehr \u00fcber unsere Hauptwerk-Orgeln oder \u00fcber die M\u00f6glichkeiten erfahren, eine Hauptwerk-Orgel zu erwerben? Dann schauen Sie sich unser gesamtes Angebot an, f<a href=\"https:\/\/www.mixtuur.com\/de\/broschuere-anfordern\/\">ordern Sie die Brosch\u00fcre<\/a> an oder nehmen Sie Kontakt mit uns auf. Sie sind auch herzlich willkommen, unseren Ausstellungsraum in Klundert zu besuchen. Unsere Spezialisten stehen zu Ihrer Verf\u00fcgung.<\/p>\n\n<div class=\"wpcf7 no-js\" id=\"wpcf7-f2984-o1\" lang=\"nl-NL\" dir=\"ltr\" data-wpcf7-id=\"2984\">\n<div class=\"screen-reader-response\"><p role=\"status\" aria-live=\"polite\" aria-atomic=\"true\"><\/p> <ul><\/ul><\/div>\n<form action=\"\/de\/wp-json\/wp\/v2\/pages\/12562#wpcf7-f2984-o1\" method=\"post\" class=\"wpcf7-form init\" aria-label=\"Contactformulier\" novalidate=\"novalidate\" data-status=\"init\">\n<fieldset class=\"hidden-fields-container\"><input type=\"hidden\" name=\"_wpcf7\" value=\"2984\" \/><input type=\"hidden\" name=\"_wpcf7_version\" value=\"6.1.5\" \/><input type=\"hidden\" name=\"_wpcf7_locale\" value=\"nl_NL\" \/><input type=\"hidden\" name=\"_wpcf7_unit_tag\" value=\"wpcf7-f2984-o1\" \/><input type=\"hidden\" name=\"_wpcf7_container_post\" value=\"0\" \/><input type=\"hidden\" name=\"_wpcf7_posted_data_hash\" value=\"\" \/><input type=\"hidden\" name=\"_wpcf7_recaptcha_response\" value=\"\" \/>\n<\/fieldset>\n<p>Ihr Name (Pflichtangabe)\n<\/p>\n<p><span class=\"wpcf7-form-control-wrap\" data-name=\"your-name\"><input size=\"40\" maxlength=\"400\" class=\"wpcf7-form-control wpcf7-text wpcf7-validates-as-required\" aria-required=\"true\" aria-invalid=\"false\" value=\"\" type=\"text\" name=\"your-name\" \/><\/span>\n<\/p>\n<p>Ihre E-Mail-Adresse (Pflichtangabe)\n<\/p>\n<p><span class=\"wpcf7-form-control-wrap\" data-name=\"your-email\"><input size=\"40\" maxlength=\"400\" class=\"wpcf7-form-control wpcf7-email wpcf7-validates-as-required wpcf7-text wpcf7-validates-as-email\" aria-required=\"true\" aria-invalid=\"false\" value=\"\" type=\"email\" name=\"your-email\" \/><\/span>\n<\/p>\n<p>Telefonnummer\n<\/p>\n<p><span class=\"wpcf7-form-control-wrap\" data-name=\"tel-640\"><input size=\"40\" maxlength=\"400\" class=\"wpcf7-form-control wpcf7-tel wpcf7-text wpcf7-validates-as-tel\" aria-invalid=\"false\" value=\"\" type=\"tel\" name=\"tel-640\" \/><\/span>\n<\/p>\n<p>Betreff\n<\/p>\n<p><span class=\"wpcf7-form-control-wrap\" data-name=\"your-subject\"><input size=\"40\" maxlength=\"400\" class=\"wpcf7-form-control wpcf7-text\" aria-invalid=\"false\" value=\"\" type=\"text\" name=\"your-subject\" \/><\/span>\n<\/p>\n<p>Deine Nachricht\n<\/p>\n<p><span class=\"wpcf7-form-control-wrap\" data-name=\"your-message\"><textarea cols=\"40\" rows=\"10\" maxlength=\"2000\" class=\"wpcf7-form-control wpcf7-textarea\" aria-invalid=\"false\" name=\"your-message\"><\/textarea><\/span>\n<\/p>\n\n<p><input class=\"wpcf7-form-control wpcf7-submit has-spinner\" type=\"submit\" value=\"Senden\" \/>\n<\/p><div class=\"wpcf7-response-output\" aria-hidden=\"true\"><\/div>\n<\/form>\n<\/div>\n\n","protected":false},"excerpt":{"rendered":"<p>Hauptwerk Orgel Sind Sie auf der Suche nach einer hochwertigen Hauptwerk-Orgel? Dann sind Sie bei Mixtuur an der richtigen Adresse. Wir sind offizieller Hauptwerk-H\u00e4ndler in den Benelux-L\u00e4ndern und verf\u00fcgen \u00fcber eine gro\u00dfe Auswahl an Orgeln in verschiedenen Arten und Gr\u00f6\u00dfen. Egal, ob Sie eine ma\u00dfgefertigte Orgel oder eine Standardorgel f\u00fcr Ihr Zuhause suchen. Das alles [&hellip;]<\/p>\n","protected":false},"author":17,"featured_media":0,"parent":0,"menu_order":0,"comment_status":"closed","ping_status":"closed","template":"","meta":{"footnotes":""},"class_list":["post-12562","page","type-page","status-publish","hentry"],"yoast_head":"<!-- This site is optimized with the Yoast SEO plugin v25.5 - https:\/\/yoast.com\/wordpress\/plugins\/seo\/ -->\n<title>Erwerben Sie eine Hauptwerk-Orgel bei Mixtuur | Der Orgelspezialist<\/title>\n<meta name=\"description\" content=\"Sind Sie auf der Suche nach einer Hauptwerk-Orgel? Entdecken Sie unser breites Angebot. Von Standard- bis hin zu ma\u00dfgeschneiderten Orgeln.\" \/>\n<meta name=\"robots\" content=\"index, follow, max-snippet:-1, max-image-preview:large, max-video-preview:-1\" \/>\n<link rel=\"canonical\" href=\"https:\/\/www.mixtuur.com\/hauptwerk-orgel\/\" \/>\n<meta property=\"og:locale\" content=\"de_DE\" \/>\n<meta property=\"og:type\" content=\"article\" \/>\n<meta property=\"og:title\" content=\"Erwerben Sie eine Hauptwerk-Orgel bei Mixtuur | Der Orgelspezialist\" \/>\n<meta property=\"og:description\" content=\"Sind Sie auf der Suche nach einer Hauptwerk-Orgel? Entdecken Sie unser breites Angebot. Von Standard- bis hin zu ma\u00dfgeschneiderten Orgeln.\" \/>\n<meta property=\"og:url\" content=\"https:\/\/www.mixtuur.com\/hauptwerk-orgel\/\" \/>\n<meta property=\"og:site_name\" content=\"Mixtuur\" \/>\n<meta property=\"article:modified_time\" content=\"2022-11-14T11:06:15+00:00\" \/>\n<meta property=\"og:image\" content=\"https:\/\/www.mixtuur.com\/wordpress\/wp-content\/uploads\/2022\/07\/man-op-orgel-1030x693.jpg\" \/>\n<meta name=\"twitter:card\" content=\"summary_large_image\" \/>\n<meta name=\"twitter:label1\" content=\"Gesch\u00e4tzte Lesezeit\" \/>\n\t<meta name=\"twitter:data1\" content=\"2\u00a0Minuten\" \/>\n<script type=\"application\/ld+json\" class=\"yoast-schema-graph\">{\"@context\":\"https:\/\/schema.org\",\"@graph\":[{\"@type\":\"WebPage\",\"@id\":\"https:\/\/www.mixtuur.com\/hauptwerk-orgel\/\",\"url\":\"https:\/\/www.mixtuur.com\/hauptwerk-orgel\/\",\"name\":\"Erwerben Sie eine Hauptwerk-Orgel bei Mixtuur | Der Orgelspezialist\",\"isPartOf\":{\"@id\":\"https:\/\/www.mixtuur.com\/#website\"},\"primaryImageOfPage\":{\"@id\":\"https:\/\/www.mixtuur.com\/hauptwerk-orgel\/#primaryimage\"},\"image\":{\"@id\":\"https:\/\/www.mixtuur.com\/hauptwerk-orgel\/#primaryimage\"},\"thumbnailUrl\":\"https:\/\/www.mixtuur.com\/wp-content\/uploads\/2022\/07\/man-op-orgel-1030x693.jpg\",\"datePublished\":\"2022-11-10T14:09:44+00:00\",\"dateModified\":\"2022-11-14T11:06:15+00:00\",\"description\":\"Sind Sie auf der Suche nach einer Hauptwerk-Orgel? Entdecken Sie unser breites Angebot. Von Standard- bis hin zu ma\u00dfgeschneiderten Orgeln.\",\"breadcrumb\":{\"@id\":\"https:\/\/www.mixtuur.com\/hauptwerk-orgel\/#breadcrumb\"},\"inLanguage\":\"de\",\"potentialAction\":[{\"@type\":\"ReadAction\",\"target\":[\"https:\/\/www.mixtuur.com\/hauptwerk-orgel\/\"]}]},{\"@type\":\"ImageObject\",\"inLanguage\":\"de\",\"@id\":\"https:\/\/www.mixtuur.com\/hauptwerk-orgel\/#primaryimage\",\"url\":\"https:\/\/www.mixtuur.com\/wp-content\/uploads\/2022\/07\/man-op-orgel-1030x693.jpg\",\"contentUrl\":\"https:\/\/www.mixtuur.com\/wp-content\/uploads\/2022\/07\/man-op-orgel-1030x693.jpg\"},{\"@type\":\"BreadcrumbList\",\"@id\":\"https:\/\/www.mixtuur.com\/hauptwerk-orgel\/#breadcrumb\",\"itemListElement\":[{\"@type\":\"ListItem\",\"position\":1,\"name\":\"Home\",\"item\":\"https:\/\/www.mixtuur.com\/de\/\"},{\"@type\":\"ListItem\",\"position\":2,\"name\":\"Hauptwerk Orgel\"}]},{\"@type\":\"WebSite\",\"@id\":\"https:\/\/www.mixtuur.com\/#website\",\"url\":\"https:\/\/www.mixtuur.com\/\",\"name\":\"Mixtuur\",\"description\":\"The Authentic Sound\",\"potentialAction\":[{\"@type\":\"SearchAction\",\"target\":{\"@type\":\"EntryPoint\",\"urlTemplate\":\"https:\/\/www.mixtuur.com\/?s={search_term_string}\"},\"query-input\":{\"@type\":\"PropertyValueSpecification\",\"valueRequired\":true,\"valueName\":\"search_term_string\"}}],\"inLanguage\":\"de\"}]}<\/script>\n<!-- \/ Yoast SEO plugin. -->","yoast_head_json":{"title":"Erwerben Sie eine Hauptwerk-Orgel bei Mixtuur | Der Orgelspezialist","description":"Sind Sie auf der Suche nach einer Hauptwerk-Orgel? Entdecken Sie unser breites Angebot. Von Standard- bis hin zu ma\u00dfgeschneiderten Orgeln.","robots":{"index":"index","follow":"follow","max-snippet":"max-snippet:-1","max-image-preview":"max-image-preview:large","max-video-preview":"max-video-preview:-1"},"canonical":"https:\/\/www.mixtuur.com\/hauptwerk-orgel\/","og_locale":"de_DE","og_type":"article","og_title":"Erwerben Sie eine Hauptwerk-Orgel bei Mixtuur | Der Orgelspezialist","og_description":"Sind Sie auf der Suche nach einer Hauptwerk-Orgel? Entdecken Sie unser breites Angebot. Von Standard- bis hin zu ma\u00dfgeschneiderten Orgeln.","og_url":"https:\/\/www.mixtuur.com\/hauptwerk-orgel\/","og_site_name":"Mixtuur","article_modified_time":"2022-11-14T11:06:15+00:00","og_image":[{"url":"https:\/\/www.mixtuur.com\/wordpress\/wp-content\/uploads\/2022\/07\/man-op-orgel-1030x693.jpg","type":"","width":"","height":""}],"twitter_card":"summary_large_image","twitter_misc":{"Gesch\u00e4tzte Lesezeit":"2\u00a0Minuten"},"schema":{"@context":"https:\/\/schema.org","@graph":[{"@type":"WebPage","@id":"https:\/\/www.mixtuur.com\/hauptwerk-orgel\/","url":"https:\/\/www.mixtuur.com\/hauptwerk-orgel\/","name":"Erwerben Sie eine Hauptwerk-Orgel bei Mixtuur | Der Orgelspezialist","isPartOf":{"@id":"https:\/\/www.mixtuur.com\/#website"},"primaryImageOfPage":{"@id":"https:\/\/www.mixtuur.com\/hauptwerk-orgel\/#primaryimage"},"image":{"@id":"https:\/\/www.mixtuur.com\/hauptwerk-orgel\/#primaryimage"},"thumbnailUrl":"https:\/\/www.mixtuur.com\/wp-content\/uploads\/2022\/07\/man-op-orgel-1030x693.jpg","datePublished":"2022-11-10T14:09:44+00:00","dateModified":"2022-11-14T11:06:15+00:00","description":"Sind Sie auf der Suche nach einer Hauptwerk-Orgel? Entdecken Sie unser breites Angebot. Von Standard- bis hin zu ma\u00dfgeschneiderten Orgeln.","breadcrumb":{"@id":"https:\/\/www.mixtuur.com\/hauptwerk-orgel\/#breadcrumb"},"inLanguage":"de","potentialAction":[{"@type":"ReadAction","target":["https:\/\/www.mixtuur.com\/hauptwerk-orgel\/"]}]},{"@type":"ImageObject","inLanguage":"de","@id":"https:\/\/www.mixtuur.com\/hauptwerk-orgel\/#primaryimage","url":"https:\/\/www.mixtuur.com\/wp-content\/uploads\/2022\/07\/man-op-orgel-1030x693.jpg","contentUrl":"https:\/\/www.mixtuur.com\/wp-content\/uploads\/2022\/07\/man-op-orgel-1030x693.jpg"},{"@type":"BreadcrumbList","@id":"https:\/\/www.mixtuur.com\/hauptwerk-orgel\/#breadcrumb","itemListElement":[{"@type":"ListItem","position":1,"name":"Home","item":"https:\/\/www.mixtuur.com\/de\/"},{"@type":"ListItem","position":2,"name":"Hauptwerk Orgel"}]},{"@type":"WebSite","@id":"https:\/\/www.mixtuur.com\/#website","url":"https:\/\/www.mixtuur.com\/","name":"Mixtuur","description":"The Authentic Sound","potentialAction":[{"@type":"SearchAction","target":{"@type":"EntryPoint","urlTemplate":"https:\/\/www.mixtuur.com\/?s={search_term_string}"},"query-input":{"@type":"PropertyValueSpecification","valueRequired":true,"valueName":"search_term_string"}}],"inLanguage":"de"}]}},"_links":{"self":[{"href":"https:\/\/www.mixtuur.com\/de\/wp-json\/wp\/v2\/pages\/12562","targetHints":{"allow":["GET"]}}],"collection":[{"href":"https:\/\/www.mixtuur.com\/de\/wp-json\/wp\/v2\/pages"}],"about":[{"href":"https:\/\/www.mixtuur.com\/de\/wp-json\/wp\/v2\/types\/page"}],"author":[{"embeddable":true,"href":"https:\/\/www.mixtuur.com\/de\/wp-json\/wp\/v2\/users\/17"}],"replies":[{"embeddable":true,"href":"https:\/\/www.mixtuur.com\/de\/wp-json\/wp\/v2\/comments?post=12562"}],"version-history":[{"count":4,"href":"https:\/\/www.mixtuur.com\/de\/wp-json\/wp\/v2\/pages\/12562\/revisions"}],"predecessor-version":[{"id":12637,"href":"https:\/\/www.mixtuur.com\/de\/wp-json\/wp\/v2\/pages\/12562\/revisions\/12637"}],"wp:attachment":[{"href":"https:\/\/www.mixtuur.com\/de\/wp-json\/wp\/v2\/media?parent=12562"}],"curies":[{"name":"wp","href":"https:\/\/api.w.org\/{rel}","templated":true}]}}