{"id":12554,"date":"2022-11-10T14:59:49","date_gmt":"2022-11-10T13:59:49","guid":{"rendered":"https:\/\/www.mixtuur.com\/?page_id=12554"},"modified":"2022-11-10T14:59:49","modified_gmt":"2022-11-10T13:59:49","slug":"midi-orgel-software","status":"publish","type":"page","link":"https:\/\/www.mixtuur.com\/de\/midi-orgel-software\/","title":{"rendered":"Midi-Orgel-Software"},"content":{"rendered":"<h1>Midi Orgel Software<\/h1>\n<p><strong>Midi-Orgeln ben\u00f6tigen die richtige Midi-Orgel-Software f\u00fcr eine optimale Klangqualit\u00e4t. Sie m\u00f6chten mehr \u00fcber die richtige Software und die Vorteile der Hauptwerk-Software erfahren? Weitere Informationen finden Sie hier.<\/strong><\/p>\n<h2>Midi-Orgel<\/h2>\n<p>Midi-Orgeln (Musical Instrument Digital Interface) sind virtuelle oder elektrische Orgeln, die \u00fcber einen Computer Kl\u00e4nge erzeugen. Die Midi-Orgel erm\u00f6glicht die Kommunikation mit Instrumenten und ist unverzichtbar, wenn Sie gerne mit elektronischer Musik arbeiten. Bei einer traditionellen Orgel ist man h\u00e4ufig an die aufgezeichnete Registrierung gebunden, aber bei einer Midi-Orgel er\u00f6ffnen sich viel mehr M\u00f6glichkeiten aufgrund der gro\u00dfen Anzahl von Orgeln, von denen Sample-Sets verf\u00fcgbar sind. Au\u00dferdem ist der Klang einer Midi-Orgel viel nat\u00fcrlicher und von besserer Qualit\u00e4t als der einer elektronischen Orgel. Au\u00dferdem l\u00e4sst sich die Midi-Orgel leicht an neue Entwicklungen und Ihre eigenen W\u00fcnsche anpassen.<\/p>\n<p>Die beste Erfahrung machen Sie, wenn Sie die entsprechende Midi-Orgel-Software besitzen. Sie k\u00f6nnen diese Software h\u00e4ufig separat kaufen, aber bei <a href=\"https:\/\/www.mixtuur.com\/de\/ueber-mixtuur\/\">Mixtuur<\/a> ist sie in den Orgeln integriert. Au\u00dferdem brauchen Sie f\u00fcr die Mixtuur-Orgeln keine Computerkenntnisse, da sie sehr einfach zu bedienen sind. Es ist schlichtweg eine Investition.<\/p>\n<h2>Midi-Orgel-Software: Hauptwerk<\/h2>\n<p>Die Orgeln von Mixtuur sind mit Hauptwerk-Programmen ausgestattet. Mit dem Hauptwerk-System werden die Kl\u00e4nge jeder einzelnen Pfeife der Orgel mehrfach aufgenommen. Durch das Ansprechen der Pfeife, die Freigabe des Tons sowie der Klangentwicklung. So erhalten Sie den gleichen Effekt wie bei den Pfeifenorgeln in Kathedralen, aber dann in Ihrem eigenen Wohnzimmer! Diese Software ist also f\u00fcr einen echten Orgelliebhaber unverzichtbar.<\/p>\n<p><a href=\"https:\/\/www.mixtuur.com\/wp-content\/uploads\/2019\/11\/Copyright_Unit-ed.nl-097A6411-1.jpg\"><img loading=\"lazy\" decoding=\"async\" class=\"alignnone wp-image-7640 size-large\" src=\"https:\/\/www.mixtuur.com\/wp-content\/uploads\/2019\/11\/Copyright_Unit-ed.nl-097A6411-1-1030x687.jpg\" alt=\"Midi-Orgel-Software \" width=\"1030\" height=\"687\" srcset=\"https:\/\/www.mixtuur.com\/wp-content\/uploads\/2019\/11\/Copyright_Unit-ed.nl-097A6411-1-1030x687.jpg 1030w, https:\/\/www.mixtuur.com\/wp-content\/uploads\/2019\/11\/Copyright_Unit-ed.nl-097A6411-1-300x200.jpg 300w, https:\/\/www.mixtuur.com\/wp-content\/uploads\/2019\/11\/Copyright_Unit-ed.nl-097A6411-1-768x512.jpg 768w, https:\/\/www.mixtuur.com\/wp-content\/uploads\/2019\/11\/Copyright_Unit-ed.nl-097A6411-1-1500x1000.jpg 1500w, https:\/\/www.mixtuur.com\/wp-content\/uploads\/2019\/11\/Copyright_Unit-ed.nl-097A6411-1-705x470.jpg 705w, https:\/\/www.mixtuur.com\/wp-content\/uploads\/2019\/11\/Copyright_Unit-ed.nl-097A6411-1-450x300.jpg 450w\" sizes=\"auto, (max-width: 1030px) 100vw, 1030px\" \/><\/a><\/p>\n<h2>Welche Vorteile bietet die Midi-Orgel-Software?<\/h2>\n<p>Die Hauptwerk-Software hat eine Menge Vorteile. Das macht die Midi-Orgeln etwas teurer als \u00fcblich, aber letztendlich sind diese Orgeln es definitiv wert. Wir listen die Vorteile der Orgeln mit eingebauter Hauptwerk-Software f\u00fcr Sie auf:<\/p>\n<ul>\n<li>Der Klang der Hauptwerk-Software ist sehr realistisch. Bei den meisten Sample-Sets kann man kaum h\u00f6ren, ob die Aufnahme in der Kirche oder mit Hauptwerk gemacht wurde.<\/li>\n<li>Sie k\u00f6nnen Aufnahmen auf CD machen und die Qualit\u00e4t bleibt optimal.<\/li>\n<li>Der Nachhall ist realistischer.<\/li>\n<li>Der Touchscreen einer Mixtuur Midi-Orgel kommuniziert vollst\u00e4ndig mit der Hauptwerk-Software und macht die Bedienung sehr einfach.<\/li>\n<\/ul>\n<h2>Midi-Orgeln von Mixtuur<\/h2>\n<p>Haben die Midi-Orgeln mit Hauptwerk-Software Ihre Neugier geweckt? Dann schauen Sie sich hier schon einmal die verschiedenen Orgeln an. Haben Sie Fragen oder m\u00f6chten Sie mehr Informationen \u00fcber die Midi-Orgel-Software? Dann wenden Sie sich an uns, wir helfen Ihnen gerne weiter.<\/p>\n\n<div class=\"wpcf7 no-js\" id=\"wpcf7-f2984-o1\" lang=\"nl-NL\" dir=\"ltr\" data-wpcf7-id=\"2984\">\n<div class=\"screen-reader-response\"><p role=\"status\" aria-live=\"polite\" aria-atomic=\"true\"><\/p> <ul><\/ul><\/div>\n<form action=\"\/de\/wp-json\/wp\/v2\/pages\/12554#wpcf7-f2984-o1\" method=\"post\" class=\"wpcf7-form init\" aria-label=\"Contactformulier\" novalidate=\"novalidate\" data-status=\"init\">\n<fieldset class=\"hidden-fields-container\"><input type=\"hidden\" name=\"_wpcf7\" value=\"2984\" \/><input type=\"hidden\" name=\"_wpcf7_version\" value=\"6.1.5\" \/><input type=\"hidden\" name=\"_wpcf7_locale\" value=\"nl_NL\" \/><input type=\"hidden\" name=\"_wpcf7_unit_tag\" value=\"wpcf7-f2984-o1\" \/><input type=\"hidden\" name=\"_wpcf7_container_post\" value=\"0\" \/><input type=\"hidden\" name=\"_wpcf7_posted_data_hash\" value=\"\" \/><input type=\"hidden\" name=\"_wpcf7_recaptcha_response\" value=\"\" \/>\n<\/fieldset>\n<p>Ihr Name (Pflichtangabe)\n<\/p>\n<p><span class=\"wpcf7-form-control-wrap\" data-name=\"your-name\"><input size=\"40\" maxlength=\"400\" class=\"wpcf7-form-control wpcf7-text wpcf7-validates-as-required\" aria-required=\"true\" aria-invalid=\"false\" value=\"\" type=\"text\" name=\"your-name\" \/><\/span>\n<\/p>\n<p>Ihre E-Mail-Adresse (Pflichtangabe)\n<\/p>\n<p><span class=\"wpcf7-form-control-wrap\" data-name=\"your-email\"><input size=\"40\" maxlength=\"400\" class=\"wpcf7-form-control wpcf7-email wpcf7-validates-as-required wpcf7-text wpcf7-validates-as-email\" aria-required=\"true\" aria-invalid=\"false\" value=\"\" type=\"email\" name=\"your-email\" \/><\/span>\n<\/p>\n<p>Telefonnummer\n<\/p>\n<p><span class=\"wpcf7-form-control-wrap\" data-name=\"tel-640\"><input size=\"40\" maxlength=\"400\" class=\"wpcf7-form-control wpcf7-tel wpcf7-text wpcf7-validates-as-tel\" aria-invalid=\"false\" value=\"\" type=\"tel\" name=\"tel-640\" \/><\/span>\n<\/p>\n<p>Betreff\n<\/p>\n<p><span class=\"wpcf7-form-control-wrap\" data-name=\"your-subject\"><input size=\"40\" maxlength=\"400\" class=\"wpcf7-form-control wpcf7-text\" aria-invalid=\"false\" value=\"\" type=\"text\" name=\"your-subject\" \/><\/span>\n<\/p>\n<p>Deine Nachricht\n<\/p>\n<p><span class=\"wpcf7-form-control-wrap\" data-name=\"your-message\"><textarea cols=\"40\" rows=\"10\" maxlength=\"2000\" class=\"wpcf7-form-control wpcf7-textarea\" aria-invalid=\"false\" name=\"your-message\"><\/textarea><\/span>\n<\/p>\n\n<p><input class=\"wpcf7-form-control wpcf7-submit has-spinner\" type=\"submit\" value=\"Senden\" \/>\n<\/p><div class=\"wpcf7-response-output\" aria-hidden=\"true\"><\/div>\n<\/form>\n<\/div>\n\n","protected":false},"excerpt":{"rendered":"<p>Midi Orgel Software Midi-Orgeln ben\u00f6tigen die richtige Midi-Orgel-Software f\u00fcr eine optimale Klangqualit\u00e4t. Sie m\u00f6chten mehr \u00fcber die richtige Software und die Vorteile der Hauptwerk-Software erfahren? Weitere Informationen finden Sie hier. Midi-Orgel Midi-Orgeln (Musical Instrument Digital Interface) sind virtuelle oder elektrische Orgeln, die \u00fcber einen Computer Kl\u00e4nge erzeugen. Die Midi-Orgel erm\u00f6glicht die Kommunikation mit Instrumenten und [&hellip;]<\/p>\n","protected":false},"author":17,"featured_media":0,"parent":0,"menu_order":0,"comment_status":"closed","ping_status":"closed","template":"","meta":{"footnotes":""},"class_list":["post-12554","page","type-page","status-publish","hentry"],"yoast_head":"<!-- This site is optimized with the Yoast SEO plugin v25.5 - https:\/\/yoast.com\/wordpress\/plugins\/seo\/ -->\n<title>Midi-Orgel Software: Alles was Sie \u00fcber Midi wissen m\u00fcssen<\/title>\n<meta name=\"description\" content=\"Die richtige Midi-Orgel-Software ist f\u00fcr eine optimale Klangqualit\u00e4t unerl\u00e4sslich. M\u00f6chten Sie mehr \u00fcber Hauptwerk-Software oder Midi-Orgeln erfahren? Dann lesen Sie weiter.\" \/>\n<meta name=\"robots\" content=\"index, follow, max-snippet:-1, max-image-preview:large, max-video-preview:-1\" \/>\n<link rel=\"canonical\" href=\"https:\/\/www.mixtuur.com\/midi-orgel-software\/\" \/>\n<meta property=\"og:locale\" content=\"de_DE\" \/>\n<meta property=\"og:type\" content=\"article\" \/>\n<meta property=\"og:title\" content=\"Midi-Orgel Software: Alles was Sie \u00fcber Midi wissen m\u00fcssen\" \/>\n<meta property=\"og:description\" content=\"Die richtige Midi-Orgel-Software ist f\u00fcr eine optimale Klangqualit\u00e4t unerl\u00e4sslich. M\u00f6chten Sie mehr \u00fcber Hauptwerk-Software oder Midi-Orgeln erfahren? Dann lesen Sie weiter.\" \/>\n<meta property=\"og:url\" content=\"https:\/\/www.mixtuur.com\/midi-orgel-software\/\" \/>\n<meta property=\"og:site_name\" content=\"Mixtuur\" \/>\n<meta property=\"og:image\" content=\"https:\/\/www.mixtuur.com\/wordpress\/wp-content\/uploads\/2019\/11\/Copyright_Unit-ed.nl-097A6411-1-1030x687.jpg\" \/>\n<meta name=\"twitter:card\" content=\"summary_large_image\" \/>\n<meta name=\"twitter:label1\" content=\"Gesch\u00e4tzte Lesezeit\" \/>\n\t<meta name=\"twitter:data1\" content=\"2\u00a0Minuten\" \/>\n<script type=\"application\/ld+json\" class=\"yoast-schema-graph\">{\"@context\":\"https:\/\/schema.org\",\"@graph\":[{\"@type\":\"WebPage\",\"@id\":\"https:\/\/www.mixtuur.com\/midi-orgel-software\/\",\"url\":\"https:\/\/www.mixtuur.com\/midi-orgel-software\/\",\"name\":\"Midi-Orgel Software: Alles was Sie \u00fcber Midi wissen m\u00fcssen\",\"isPartOf\":{\"@id\":\"https:\/\/www.mixtuur.com\/#website\"},\"primaryImageOfPage\":{\"@id\":\"https:\/\/www.mixtuur.com\/midi-orgel-software\/#primaryimage\"},\"image\":{\"@id\":\"https:\/\/www.mixtuur.com\/midi-orgel-software\/#primaryimage\"},\"thumbnailUrl\":\"https:\/\/www.mixtuur.com\/wp-content\/uploads\/2019\/11\/Copyright_Unit-ed.nl-097A6411-1-1030x687.jpg\",\"datePublished\":\"2022-11-10T13:59:49+00:00\",\"description\":\"Die richtige Midi-Orgel-Software ist f\u00fcr eine optimale Klangqualit\u00e4t unerl\u00e4sslich. M\u00f6chten Sie mehr \u00fcber Hauptwerk-Software oder Midi-Orgeln erfahren? Dann lesen Sie weiter.\",\"breadcrumb\":{\"@id\":\"https:\/\/www.mixtuur.com\/midi-orgel-software\/#breadcrumb\"},\"inLanguage\":\"de\",\"potentialAction\":[{\"@type\":\"ReadAction\",\"target\":[\"https:\/\/www.mixtuur.com\/midi-orgel-software\/\"]}]},{\"@type\":\"ImageObject\",\"inLanguage\":\"de\",\"@id\":\"https:\/\/www.mixtuur.com\/midi-orgel-software\/#primaryimage\",\"url\":\"https:\/\/www.mixtuur.com\/wp-content\/uploads\/2019\/11\/Copyright_Unit-ed.nl-097A6411-1-1030x687.jpg\",\"contentUrl\":\"https:\/\/www.mixtuur.com\/wp-content\/uploads\/2019\/11\/Copyright_Unit-ed.nl-097A6411-1-1030x687.jpg\"},{\"@type\":\"BreadcrumbList\",\"@id\":\"https:\/\/www.mixtuur.com\/midi-orgel-software\/#breadcrumb\",\"itemListElement\":[{\"@type\":\"ListItem\",\"position\":1,\"name\":\"Home\",\"item\":\"https:\/\/www.mixtuur.com\/de\/\"},{\"@type\":\"ListItem\",\"position\":2,\"name\":\"Midi-Orgel-Software\"}]},{\"@type\":\"WebSite\",\"@id\":\"https:\/\/www.mixtuur.com\/#website\",\"url\":\"https:\/\/www.mixtuur.com\/\",\"name\":\"Mixtuur\",\"description\":\"The Authentic Sound\",\"potentialAction\":[{\"@type\":\"SearchAction\",\"target\":{\"@type\":\"EntryPoint\",\"urlTemplate\":\"https:\/\/www.mixtuur.com\/?s={search_term_string}\"},\"query-input\":{\"@type\":\"PropertyValueSpecification\",\"valueRequired\":true,\"valueName\":\"search_term_string\"}}],\"inLanguage\":\"de\"}]}<\/script>\n<!-- \/ Yoast SEO plugin. -->","yoast_head_json":{"title":"Midi-Orgel Software: Alles was Sie \u00fcber Midi wissen m\u00fcssen","description":"Die richtige Midi-Orgel-Software ist f\u00fcr eine optimale Klangqualit\u00e4t unerl\u00e4sslich. M\u00f6chten Sie mehr \u00fcber Hauptwerk-Software oder Midi-Orgeln erfahren? Dann lesen Sie weiter.","robots":{"index":"index","follow":"follow","max-snippet":"max-snippet:-1","max-image-preview":"max-image-preview:large","max-video-preview":"max-video-preview:-1"},"canonical":"https:\/\/www.mixtuur.com\/midi-orgel-software\/","og_locale":"de_DE","og_type":"article","og_title":"Midi-Orgel Software: Alles was Sie \u00fcber Midi wissen m\u00fcssen","og_description":"Die richtige Midi-Orgel-Software ist f\u00fcr eine optimale Klangqualit\u00e4t unerl\u00e4sslich. M\u00f6chten Sie mehr \u00fcber Hauptwerk-Software oder Midi-Orgeln erfahren? Dann lesen Sie weiter.","og_url":"https:\/\/www.mixtuur.com\/midi-orgel-software\/","og_site_name":"Mixtuur","og_image":[{"url":"https:\/\/www.mixtuur.com\/wordpress\/wp-content\/uploads\/2019\/11\/Copyright_Unit-ed.nl-097A6411-1-1030x687.jpg","type":"","width":"","height":""}],"twitter_card":"summary_large_image","twitter_misc":{"Gesch\u00e4tzte Lesezeit":"2\u00a0Minuten"},"schema":{"@context":"https:\/\/schema.org","@graph":[{"@type":"WebPage","@id":"https:\/\/www.mixtuur.com\/midi-orgel-software\/","url":"https:\/\/www.mixtuur.com\/midi-orgel-software\/","name":"Midi-Orgel Software: Alles was Sie \u00fcber Midi wissen m\u00fcssen","isPartOf":{"@id":"https:\/\/www.mixtuur.com\/#website"},"primaryImageOfPage":{"@id":"https:\/\/www.mixtuur.com\/midi-orgel-software\/#primaryimage"},"image":{"@id":"https:\/\/www.mixtuur.com\/midi-orgel-software\/#primaryimage"},"thumbnailUrl":"https:\/\/www.mixtuur.com\/wp-content\/uploads\/2019\/11\/Copyright_Unit-ed.nl-097A6411-1-1030x687.jpg","datePublished":"2022-11-10T13:59:49+00:00","description":"Die richtige Midi-Orgel-Software ist f\u00fcr eine optimale Klangqualit\u00e4t unerl\u00e4sslich. M\u00f6chten Sie mehr \u00fcber Hauptwerk-Software oder Midi-Orgeln erfahren? Dann lesen Sie weiter.","breadcrumb":{"@id":"https:\/\/www.mixtuur.com\/midi-orgel-software\/#breadcrumb"},"inLanguage":"de","potentialAction":[{"@type":"ReadAction","target":["https:\/\/www.mixtuur.com\/midi-orgel-software\/"]}]},{"@type":"ImageObject","inLanguage":"de","@id":"https:\/\/www.mixtuur.com\/midi-orgel-software\/#primaryimage","url":"https:\/\/www.mixtuur.com\/wp-content\/uploads\/2019\/11\/Copyright_Unit-ed.nl-097A6411-1-1030x687.jpg","contentUrl":"https:\/\/www.mixtuur.com\/wp-content\/uploads\/2019\/11\/Copyright_Unit-ed.nl-097A6411-1-1030x687.jpg"},{"@type":"BreadcrumbList","@id":"https:\/\/www.mixtuur.com\/midi-orgel-software\/#breadcrumb","itemListElement":[{"@type":"ListItem","position":1,"name":"Home","item":"https:\/\/www.mixtuur.com\/de\/"},{"@type":"ListItem","position":2,"name":"Midi-Orgel-Software"}]},{"@type":"WebSite","@id":"https:\/\/www.mixtuur.com\/#website","url":"https:\/\/www.mixtuur.com\/","name":"Mixtuur","description":"The Authentic Sound","potentialAction":[{"@type":"SearchAction","target":{"@type":"EntryPoint","urlTemplate":"https:\/\/www.mixtuur.com\/?s={search_term_string}"},"query-input":{"@type":"PropertyValueSpecification","valueRequired":true,"valueName":"search_term_string"}}],"inLanguage":"de"}]}},"_links":{"self":[{"href":"https:\/\/www.mixtuur.com\/de\/wp-json\/wp\/v2\/pages\/12554","targetHints":{"allow":["GET"]}}],"collection":[{"href":"https:\/\/www.mixtuur.com\/de\/wp-json\/wp\/v2\/pages"}],"about":[{"href":"https:\/\/www.mixtuur.com\/de\/wp-json\/wp\/v2\/types\/page"}],"author":[{"embeddable":true,"href":"https:\/\/www.mixtuur.com\/de\/wp-json\/wp\/v2\/users\/17"}],"replies":[{"embeddable":true,"href":"https:\/\/www.mixtuur.com\/de\/wp-json\/wp\/v2\/comments?post=12554"}],"version-history":[{"count":6,"href":"https:\/\/www.mixtuur.com\/de\/wp-json\/wp\/v2\/pages\/12554\/revisions"}],"predecessor-version":[{"id":12560,"href":"https:\/\/www.mixtuur.com\/de\/wp-json\/wp\/v2\/pages\/12554\/revisions\/12560"}],"wp:attachment":[{"href":"https:\/\/www.mixtuur.com\/de\/wp-json\/wp\/v2\/media?parent=12554"}],"curies":[{"name":"wp","href":"https:\/\/api.w.org\/{rel}","templated":true}]}}