{"id":12544,"date":"2022-11-08T13:49:33","date_gmt":"2022-11-08T12:49:33","guid":{"rendered":"https:\/\/www.mixtuur.com\/?page_id=12544"},"modified":"2022-11-08T13:49:33","modified_gmt":"2022-11-08T12:49:33","slug":"orgel-tastatur","status":"publish","type":"page","link":"https:\/\/www.mixtuur.com\/de\/orgel-tastatur\/","title":{"rendered":"Orgel-Tastatur"},"content":{"rendered":"<h1>Orgel-Tastatur<\/h1>\n<p><b>Suchen Sie eine hochwertige Orgel-Tastatur? Dann sind Sie bei Mixtuur genau richtig. Wir sind spezialisiert auf die Herstellung und Lieferung von Orgeln in verschiedenen Formen und Gr\u00f6\u00dfen. Jede Orgel ist identisch und hat eine Orgelklaviatur aus Holz oder Kunststoff.<\/b><\/p>\n<p><span style=\"font-weight: 400;\">Sind Sie neugierig auf die M\u00f6glichkeiten, eine Orgelklaviatur zu kaufen oder m\u00f6chten Sie mehr \u00fcber die verschiedenen Arten von Klavieren erfahren? Lesen Sie weiter f\u00fcr weitere Informationen oder kontaktieren Sie uns unverbindlich. Unsere Spezialisten helfen Ihnen gerne dabei, die Orgelklaviatur zu finden, die Ihnen vorschwebt.<\/span><\/p>\n<h2>Verschiedene Arten von Orgel-Keyboards<\/h2>\n<p><span style=\"font-weight: 400;\">Wenn Sie ein <\/span><a href=\"https:\/\/www.mixtuur.com\/keyboard-orgel\/\"><span style=\"font-weight: 400;\">Orgel-Keyboard<\/span><\/a><span style=\"font-weight: 400;\"> kaufen m\u00f6chten, k\u00f6nnen Sie zwischen der Pfeifenorgel und der elektronischen Orgel w\u00e4hlen. In den meisten F\u00e4llen wird eine kompakte elektronische Orgel gew\u00e4hlt, weil sie kompakter und billiger ist. Diese Tatsache erleichtert die Verwendung und den Transport zu Hause.<\/span><\/p>\n<p><a href=\"https:\/\/www.mixtuur.com\/wp-content\/uploads\/2021\/01\/copyright-foto_unit-ed.nl-0409-scaled.jpg\"><img loading=\"lazy\" decoding=\"async\" class=\"alignnone wp-image-9408\" src=\"https:\/\/www.mixtuur.com\/wp-content\/uploads\/2021\/01\/copyright-foto_unit-ed.nl-0409-scaled.jpg\" alt=\"Orgel Keyboard\" width=\"830\" height=\"553\" srcset=\"https:\/\/www.mixtuur.com\/wp-content\/uploads\/2021\/01\/copyright-foto_unit-ed.nl-0409-scaled.jpg 2560w, https:\/\/www.mixtuur.com\/wp-content\/uploads\/2021\/01\/copyright-foto_unit-ed.nl-0409-300x200.jpg 300w, https:\/\/www.mixtuur.com\/wp-content\/uploads\/2021\/01\/copyright-foto_unit-ed.nl-0409-1030x687.jpg 1030w, https:\/\/www.mixtuur.com\/wp-content\/uploads\/2021\/01\/copyright-foto_unit-ed.nl-0409-768x512.jpg 768w, https:\/\/www.mixtuur.com\/wp-content\/uploads\/2021\/01\/copyright-foto_unit-ed.nl-0409-1536x1024.jpg 1536w, https:\/\/www.mixtuur.com\/wp-content\/uploads\/2021\/01\/copyright-foto_unit-ed.nl-0409-2048x1365.jpg 2048w, https:\/\/www.mixtuur.com\/wp-content\/uploads\/2021\/01\/copyright-foto_unit-ed.nl-0409-1500x1000.jpg 1500w, https:\/\/www.mixtuur.com\/wp-content\/uploads\/2021\/01\/copyright-foto_unit-ed.nl-0409-705x470.jpg 705w, https:\/\/www.mixtuur.com\/wp-content\/uploads\/2021\/01\/copyright-foto_unit-ed.nl-0409-450x300.jpg 450w\" sizes=\"auto, (max-width: 830px) 100vw, 830px\" \/><\/a><\/p>\n<p><span style=\"font-weight: 400;\">In Kirchen oder in gro\u00dfen Konzerts\u00e4len wird h\u00e4ufiger die Pfeifenorgel gew\u00e4hlt. Dies ist komplett ma\u00dfgeschneidert und bietet das ultimative Erlebnis. Der realistische Klang und die tiefen Kl\u00e4nge sind die Eigenschaften, die eine Pfeifenorgel zu etwas Besonderem machen. Schlie\u00dflich k\u00f6nnen Sie sich f\u00fcr eine Kombinationsorgel oder auch Hybrid-Orgel entscheiden. So profitieren Sie von den Vorteilen beider Organtypen.<\/span><\/p>\n<h2>Mixtuur liefert hohe Qualit\u00e4t<\/h2>\n<p><span style=\"font-weight: 400;\">Bei Mixtuur finden wir es sehr wichtig, hochwertige Orgel-Tastaturen zu liefern. Deshalb stellen wir alle die Instrumente und das Audio f\u00fcr die Orgeln selbst her. Auf diese Weise stellen wir auch sicher, dass das richtige Preis- und Qualit\u00e4tsverh\u00e4ltnis gew\u00e4hrleistet ist.<\/span><\/p>\n<p><span style=\"font-weight: 400;\">Dar\u00fcber hinaus ist es bei uns auch m\u00f6glich, komplett individuell zusammenzustellen. Diese exklusive Designlinie l\u00e4sst sich ganz nach Ihren W\u00fcnschen gestalten. Auf diese Weise k\u00f6nnen Sie sicher sein, dass die Orgel die Tastatur und das Aussehen hat, die Sie sich vorstellen.<\/span><\/p>\n<h2>Weitere Informationen zu Orgelklaviaturen<\/h2>\n<p><span style=\"font-weight: 400;\">Interessieren Sie sich f\u00fcr den Kauf einer Orgelklaviatur oder m\u00f6chten Sie weitere Informationen zu Preisen und M\u00f6glichkeiten erhalten? Wir sind Ihnen gerne behilflich und helfen Ihnen bei der Suche nach einer geeigneten Orgel. Hinterlassen Sie unten Ihre Kontaktdaten, senden Sie uns eine E-Mail an <\/span><a href=\"mailto:info@mixtuur.com\"><span style=\"font-weight: 400;\">info@mixtuur.com<\/span><\/a><span style=\"font-weight: 400;\"> oder rufen Sie uns an unter <\/span><a href=\"tel:\/\/0031-030-6061212\"><span style=\"font-weight: 400;\">+310306061212<\/span><\/a><span style=\"font-weight: 400;\">.<\/span><\/p>\n<p><span style=\"font-weight: 400;\">\n<div class=\"wpcf7 no-js\" id=\"wpcf7-f2984-o1\" lang=\"nl-NL\" dir=\"ltr\" data-wpcf7-id=\"2984\">\n<div class=\"screen-reader-response\"><p role=\"status\" aria-live=\"polite\" aria-atomic=\"true\"><\/p> <ul><\/ul><\/div>\n<form action=\"\/de\/wp-json\/wp\/v2\/pages\/12544#wpcf7-f2984-o1\" method=\"post\" class=\"wpcf7-form init\" aria-label=\"Contactformulier\" novalidate=\"novalidate\" data-status=\"init\">\n<fieldset class=\"hidden-fields-container\"><input type=\"hidden\" name=\"_wpcf7\" value=\"2984\" \/><input type=\"hidden\" name=\"_wpcf7_version\" value=\"6.1.5\" \/><input type=\"hidden\" name=\"_wpcf7_locale\" value=\"nl_NL\" \/><input type=\"hidden\" name=\"_wpcf7_unit_tag\" value=\"wpcf7-f2984-o1\" \/><input type=\"hidden\" name=\"_wpcf7_container_post\" value=\"0\" \/><input type=\"hidden\" name=\"_wpcf7_posted_data_hash\" value=\"\" \/><input type=\"hidden\" name=\"_wpcf7_recaptcha_response\" value=\"\" \/>\n<\/fieldset>\n<p>Ihr Name (Pflichtangabe)\n<\/p>\n<p><span class=\"wpcf7-form-control-wrap\" data-name=\"your-name\"><input size=\"40\" maxlength=\"400\" class=\"wpcf7-form-control wpcf7-text wpcf7-validates-as-required\" aria-required=\"true\" aria-invalid=\"false\" value=\"\" type=\"text\" name=\"your-name\" \/><\/span>\n<\/p>\n<p>Ihre E-Mail-Adresse (Pflichtangabe)\n<\/p>\n<p><span class=\"wpcf7-form-control-wrap\" data-name=\"your-email\"><input size=\"40\" maxlength=\"400\" class=\"wpcf7-form-control wpcf7-email wpcf7-validates-as-required wpcf7-text wpcf7-validates-as-email\" aria-required=\"true\" aria-invalid=\"false\" value=\"\" type=\"email\" name=\"your-email\" \/><\/span>\n<\/p>\n<p>Telefonnummer\n<\/p>\n<p><span class=\"wpcf7-form-control-wrap\" data-name=\"tel-640\"><input size=\"40\" maxlength=\"400\" class=\"wpcf7-form-control wpcf7-tel wpcf7-text wpcf7-validates-as-tel\" aria-invalid=\"false\" value=\"\" type=\"tel\" name=\"tel-640\" \/><\/span>\n<\/p>\n<p>Betreff\n<\/p>\n<p><span class=\"wpcf7-form-control-wrap\" data-name=\"your-subject\"><input size=\"40\" maxlength=\"400\" class=\"wpcf7-form-control wpcf7-text\" aria-invalid=\"false\" value=\"\" type=\"text\" name=\"your-subject\" \/><\/span>\n<\/p>\n<p>Deine Nachricht\n<\/p>\n<p><span class=\"wpcf7-form-control-wrap\" data-name=\"your-message\"><textarea cols=\"40\" rows=\"10\" maxlength=\"2000\" class=\"wpcf7-form-control wpcf7-textarea\" aria-invalid=\"false\" name=\"your-message\"><\/textarea><\/span>\n<\/p>\n\n<p><input class=\"wpcf7-form-control wpcf7-submit has-spinner\" type=\"submit\" value=\"Senden\" \/>\n<\/p><div class=\"wpcf7-response-output\" aria-hidden=\"true\"><\/div>\n<\/form>\n<\/div>\n<\/span><\/p>\n","protected":false},"excerpt":{"rendered":"<p>Orgel-Tastatur Suchen Sie eine hochwertige Orgel-Tastatur? Dann sind Sie bei Mixtuur genau richtig. Wir sind spezialisiert auf die Herstellung und Lieferung von Orgeln in verschiedenen Formen und Gr\u00f6\u00dfen. Jede Orgel ist identisch und hat eine Orgelklaviatur aus Holz oder Kunststoff. Sind Sie neugierig auf die M\u00f6glichkeiten, eine Orgelklaviatur zu kaufen oder m\u00f6chten Sie mehr \u00fcber [&hellip;]<\/p>\n","protected":false},"author":17,"featured_media":0,"parent":0,"menu_order":0,"comment_status":"closed","ping_status":"closed","template":"","meta":{"footnotes":""},"class_list":["post-12544","page","type-page","status-publish","hentry"],"yoast_head":"<!-- This site is optimized with the Yoast SEO plugin v25.5 - https:\/\/yoast.com\/wordpress\/plugins\/seo\/ -->\n<title>Suchen Sie eine Orgel-Tastatur? | Orgel-Keyboard bei Mixtuur<\/title>\n<meta name=\"description\" content=\"Suchen Sie eine Orgel-Tastatur? Unsere Organe sind von hoher Qualit\u00e4t. Auch Individualisierung m\u00f6glich. Entdecke mehr bei Mixtuur.\" \/>\n<meta name=\"robots\" content=\"index, follow, max-snippet:-1, max-image-preview:large, max-video-preview:-1\" \/>\n<link rel=\"canonical\" href=\"https:\/\/www.mixtuur.com\/de\/orgel-tastatur\/\" \/>\n<meta property=\"og:locale\" content=\"de_DE\" \/>\n<meta property=\"og:type\" content=\"article\" \/>\n<meta property=\"og:title\" content=\"Suchen Sie eine Orgel-Tastatur? | Orgel-Keyboard bei Mixtuur\" \/>\n<meta property=\"og:description\" content=\"Suchen Sie eine Orgel-Tastatur? Unsere Organe sind von hoher Qualit\u00e4t. Auch Individualisierung m\u00f6glich. Entdecke mehr bei Mixtuur.\" \/>\n<meta property=\"og:url\" content=\"https:\/\/www.mixtuur.com\/de\/orgel-tastatur\/\" \/>\n<meta property=\"og:site_name\" content=\"Mixtuur\" \/>\n<meta property=\"og:image\" content=\"https:\/\/www.mixtuur.com\/wordpress\/wp-content\/uploads\/2021\/01\/copyright-foto_unit-ed.nl-0409-scaled.jpg\" \/>\n<meta name=\"twitter:card\" content=\"summary_large_image\" \/>\n<meta name=\"twitter:label1\" content=\"Gesch\u00e4tzte Lesezeit\" \/>\n\t<meta name=\"twitter:data1\" content=\"2\u00a0Minuten\" \/>\n<script type=\"application\/ld+json\" class=\"yoast-schema-graph\">{\"@context\":\"https:\/\/schema.org\",\"@graph\":[{\"@type\":\"WebPage\",\"@id\":\"https:\/\/www.mixtuur.com\/de\/orgel-tastatur\/\",\"url\":\"https:\/\/www.mixtuur.com\/de\/orgel-tastatur\/\",\"name\":\"Suchen Sie eine Orgel-Tastatur? | Orgel-Keyboard bei Mixtuur\",\"isPartOf\":{\"@id\":\"https:\/\/www.mixtuur.com\/#website\"},\"primaryImageOfPage\":{\"@id\":\"https:\/\/www.mixtuur.com\/de\/orgel-tastatur\/#primaryimage\"},\"image\":{\"@id\":\"https:\/\/www.mixtuur.com\/de\/orgel-tastatur\/#primaryimage\"},\"thumbnailUrl\":\"https:\/\/www.mixtuur.com\/wp-content\/uploads\/2021\/01\/copyright-foto_unit-ed.nl-0409-scaled.jpg\",\"datePublished\":\"2022-11-08T12:49:33+00:00\",\"description\":\"Suchen Sie eine Orgel-Tastatur? Unsere Organe sind von hoher Qualit\u00e4t. Auch Individualisierung m\u00f6glich. Entdecke mehr bei Mixtuur.\",\"breadcrumb\":{\"@id\":\"https:\/\/www.mixtuur.com\/de\/orgel-tastatur\/#breadcrumb\"},\"inLanguage\":\"de\",\"potentialAction\":[{\"@type\":\"ReadAction\",\"target\":[\"https:\/\/www.mixtuur.com\/de\/orgel-tastatur\/\"]}]},{\"@type\":\"ImageObject\",\"inLanguage\":\"de\",\"@id\":\"https:\/\/www.mixtuur.com\/de\/orgel-tastatur\/#primaryimage\",\"url\":\"https:\/\/www.mixtuur.com\/wp-content\/uploads\/2021\/01\/copyright-foto_unit-ed.nl-0409-scaled.jpg\",\"contentUrl\":\"https:\/\/www.mixtuur.com\/wp-content\/uploads\/2021\/01\/copyright-foto_unit-ed.nl-0409-scaled.jpg\"},{\"@type\":\"BreadcrumbList\",\"@id\":\"https:\/\/www.mixtuur.com\/de\/orgel-tastatur\/#breadcrumb\",\"itemListElement\":[{\"@type\":\"ListItem\",\"position\":1,\"name\":\"Home\",\"item\":\"https:\/\/www.mixtuur.com\/de\/\"},{\"@type\":\"ListItem\",\"position\":2,\"name\":\"Orgel-Tastatur\"}]},{\"@type\":\"WebSite\",\"@id\":\"https:\/\/www.mixtuur.com\/#website\",\"url\":\"https:\/\/www.mixtuur.com\/\",\"name\":\"Mixtuur\",\"description\":\"The Authentic Sound\",\"potentialAction\":[{\"@type\":\"SearchAction\",\"target\":{\"@type\":\"EntryPoint\",\"urlTemplate\":\"https:\/\/www.mixtuur.com\/?s={search_term_string}\"},\"query-input\":{\"@type\":\"PropertyValueSpecification\",\"valueRequired\":true,\"valueName\":\"search_term_string\"}}],\"inLanguage\":\"de\"}]}<\/script>\n<!-- \/ Yoast SEO plugin. -->","yoast_head_json":{"title":"Suchen Sie eine Orgel-Tastatur? | Orgel-Keyboard bei Mixtuur","description":"Suchen Sie eine Orgel-Tastatur? Unsere Organe sind von hoher Qualit\u00e4t. Auch Individualisierung m\u00f6glich. Entdecke mehr bei Mixtuur.","robots":{"index":"index","follow":"follow","max-snippet":"max-snippet:-1","max-image-preview":"max-image-preview:large","max-video-preview":"max-video-preview:-1"},"canonical":"https:\/\/www.mixtuur.com\/de\/orgel-tastatur\/","og_locale":"de_DE","og_type":"article","og_title":"Suchen Sie eine Orgel-Tastatur? | Orgel-Keyboard bei Mixtuur","og_description":"Suchen Sie eine Orgel-Tastatur? Unsere Organe sind von hoher Qualit\u00e4t. Auch Individualisierung m\u00f6glich. Entdecke mehr bei Mixtuur.","og_url":"https:\/\/www.mixtuur.com\/de\/orgel-tastatur\/","og_site_name":"Mixtuur","og_image":[{"url":"https:\/\/www.mixtuur.com\/wordpress\/wp-content\/uploads\/2021\/01\/copyright-foto_unit-ed.nl-0409-scaled.jpg","type":"","width":"","height":""}],"twitter_card":"summary_large_image","twitter_misc":{"Gesch\u00e4tzte Lesezeit":"2\u00a0Minuten"},"schema":{"@context":"https:\/\/schema.org","@graph":[{"@type":"WebPage","@id":"https:\/\/www.mixtuur.com\/de\/orgel-tastatur\/","url":"https:\/\/www.mixtuur.com\/de\/orgel-tastatur\/","name":"Suchen Sie eine Orgel-Tastatur? | Orgel-Keyboard bei Mixtuur","isPartOf":{"@id":"https:\/\/www.mixtuur.com\/#website"},"primaryImageOfPage":{"@id":"https:\/\/www.mixtuur.com\/de\/orgel-tastatur\/#primaryimage"},"image":{"@id":"https:\/\/www.mixtuur.com\/de\/orgel-tastatur\/#primaryimage"},"thumbnailUrl":"https:\/\/www.mixtuur.com\/wp-content\/uploads\/2021\/01\/copyright-foto_unit-ed.nl-0409-scaled.jpg","datePublished":"2022-11-08T12:49:33+00:00","description":"Suchen Sie eine Orgel-Tastatur? Unsere Organe sind von hoher Qualit\u00e4t. Auch Individualisierung m\u00f6glich. Entdecke mehr bei Mixtuur.","breadcrumb":{"@id":"https:\/\/www.mixtuur.com\/de\/orgel-tastatur\/#breadcrumb"},"inLanguage":"de","potentialAction":[{"@type":"ReadAction","target":["https:\/\/www.mixtuur.com\/de\/orgel-tastatur\/"]}]},{"@type":"ImageObject","inLanguage":"de","@id":"https:\/\/www.mixtuur.com\/de\/orgel-tastatur\/#primaryimage","url":"https:\/\/www.mixtuur.com\/wp-content\/uploads\/2021\/01\/copyright-foto_unit-ed.nl-0409-scaled.jpg","contentUrl":"https:\/\/www.mixtuur.com\/wp-content\/uploads\/2021\/01\/copyright-foto_unit-ed.nl-0409-scaled.jpg"},{"@type":"BreadcrumbList","@id":"https:\/\/www.mixtuur.com\/de\/orgel-tastatur\/#breadcrumb","itemListElement":[{"@type":"ListItem","position":1,"name":"Home","item":"https:\/\/www.mixtuur.com\/de\/"},{"@type":"ListItem","position":2,"name":"Orgel-Tastatur"}]},{"@type":"WebSite","@id":"https:\/\/www.mixtuur.com\/#website","url":"https:\/\/www.mixtuur.com\/","name":"Mixtuur","description":"The Authentic Sound","potentialAction":[{"@type":"SearchAction","target":{"@type":"EntryPoint","urlTemplate":"https:\/\/www.mixtuur.com\/?s={search_term_string}"},"query-input":{"@type":"PropertyValueSpecification","valueRequired":true,"valueName":"search_term_string"}}],"inLanguage":"de"}]}},"_links":{"self":[{"href":"https:\/\/www.mixtuur.com\/de\/wp-json\/wp\/v2\/pages\/12544","targetHints":{"allow":["GET"]}}],"collection":[{"href":"https:\/\/www.mixtuur.com\/de\/wp-json\/wp\/v2\/pages"}],"about":[{"href":"https:\/\/www.mixtuur.com\/de\/wp-json\/wp\/v2\/types\/page"}],"author":[{"embeddable":true,"href":"https:\/\/www.mixtuur.com\/de\/wp-json\/wp\/v2\/users\/17"}],"replies":[{"embeddable":true,"href":"https:\/\/www.mixtuur.com\/de\/wp-json\/wp\/v2\/comments?post=12544"}],"version-history":[{"count":2,"href":"https:\/\/www.mixtuur.com\/de\/wp-json\/wp\/v2\/pages\/12544\/revisions"}],"predecessor-version":[{"id":12546,"href":"https:\/\/www.mixtuur.com\/de\/wp-json\/wp\/v2\/pages\/12544\/revisions\/12546"}],"wp:attachment":[{"href":"https:\/\/www.mixtuur.com\/de\/wp-json\/wp\/v2\/media?parent=12544"}],"curies":[{"name":"wp","href":"https:\/\/api.w.org\/{rel}","templated":true}]}}