{"id":12274,"date":"2022-09-29T08:53:12","date_gmt":"2022-09-29T06:53:12","guid":{"rendered":"https:\/\/www.mixtuur.com\/?page_id=12274"},"modified":"2022-09-29T08:53:12","modified_gmt":"2022-09-29T06:53:12","slug":"hauptwerk-instrument","status":"publish","type":"page","link":"https:\/\/www.mixtuur.com\/de\/hauptwerk-instrument\/","title":{"rendered":"Hauptwerk Instrument"},"content":{"rendered":"<h1>Hauptwerk Instrument<\/h1>\n<p><strong>Hauptwerk ist eine Software, die es erm\u00f6glicht, den Klang von Pfeifenorgeln zu Hause zu erzeugen. Wenn Sie auf der Suche nach einem Instrument sind, welches diesen Klang erzeugen kann, sind Sie bei Mixtuur an der richtigen Adresse. Bei uns finden Sie eine gro\u00dfe Auswahl an Orgeln, die mit Hauptwerk-Technologie ausgestattet sind.<\/strong><\/p>\n<p>M\u00f6chten Sie mehr \u00fcber unsere Hauptwerk-Orgeln erfahren oder wollen Sie wissen, ob wir das Hauptwerk Instrument, das Sie suchen, auf Lager haben? Dann lesen Sie weiter, <a href=\"https:\/\/www.mixtuur.com\/de\/heimorgeln\/\">sehen Sie sich unser gesamtes Angebot<\/a> an oder <a href=\"https:\/\/www.mixtuur.com\/de\/kontakt\/\">kontaktieren Sie uns<\/a> unverbindlich f\u00fcr weitere Informationen. Unsere Spezialisten stehen Ihnen zur Verf\u00fcgung und helfen Ihnen, Ihr Instrument zu finden.<\/p>\n<h2>Unsere Hauptwerk-Orgeln<\/h2>\n<p>Die <a href=\"https:\/\/www.mixtuur.com\/de\/hauptwerk\/\">Hauptwerk-Orgeln<\/a>, die in unserem Sortiment zu finden sind, sind von hoher Qualit\u00e4t und erzeugen den realistischsten Klang einer Pfeifenorgel. Die Orgeln passen in jedes Wohnzimmer und sind sehr leicht zu bedienen. Die Software basiert auf MIDI. Deshalb k\u00f6nnen alle Arten von Sample-Sets von Orgeln aus der ganzen Welt eingespielt werden. Jeder Klang jeder einzelnen Pfeife wird aufgenommen. Dies sorgt f\u00fcr einen lebendigen Klang und ein realistisches Orgelerlebnis.<\/p>\n<p><a href=\"https:\/\/www.mixtuur.com\/wp-content\/uploads\/2022\/06\/02.jpg\"><img loading=\"lazy\" decoding=\"async\" class=\"alignnone wp-image-11601 size-full\" src=\"https:\/\/www.mixtuur.com\/wp-content\/uploads\/2022\/06\/02.jpg\" alt=\"Hauptwerk Instrument\" width=\"800\" height=\"800\" srcset=\"https:\/\/www.mixtuur.com\/wp-content\/uploads\/2022\/06\/02.jpg 800w, https:\/\/www.mixtuur.com\/wp-content\/uploads\/2022\/06\/02-300x300.jpg 300w, https:\/\/www.mixtuur.com\/wp-content\/uploads\/2022\/06\/02-80x80.jpg 80w, https:\/\/www.mixtuur.com\/wp-content\/uploads\/2022\/06\/02-768x768.jpg 768w, https:\/\/www.mixtuur.com\/wp-content\/uploads\/2022\/06\/02-36x36.jpg 36w, https:\/\/www.mixtuur.com\/wp-content\/uploads\/2022\/06\/02-180x180.jpg 180w, https:\/\/www.mixtuur.com\/wp-content\/uploads\/2022\/06\/02-705x705.jpg 705w, https:\/\/www.mixtuur.com\/wp-content\/uploads\/2022\/06\/02-120x120.jpg 120w, https:\/\/www.mixtuur.com\/wp-content\/uploads\/2022\/06\/02-450x450.jpg 450w\" sizes=\"auto, (max-width: 800px) 100vw, 800px\" \/><\/a><\/p>\n<p>Mixtuur ist ein offizieller Hauptwerk-H\u00e4ndler in den Benelux-L\u00e4ndern und hilft Ihnen gerne bei der Suche nach einem Hauptwerk Instrument. Wir bauen Orgeln sowohl f\u00fcr Privatpersonen und Kirchen als auch Konzerts\u00e4le. Die Modelle reichen von Standardorgeln bis zu exklusiven Ma\u00dfanfertigungen. Bei uns werden Sie f\u00fcndig.<\/p>\n<h2>Ein Hauptwerk Instrument nach ma\u00df anfertigen lassen<\/h2>\n<p>Mixtuur ist daf\u00fcr bekannt, dass wir Ihr Hauptwerk Instrument komplett nach Ma\u00df anfertigen k\u00f6nnen. Wir k\u00f6nnen Ihre Orgel ganz nach Ihren W\u00fcnschen gestalten und anfertigen. Die <a href=\"https:\/\/www.mixtuur.com\/de\/orgel-instrument\/\">Orgeln<\/a> werden vollst\u00e4ndig im Unternehmen entwickelt, gebaut und getestet und zeichnen sich durch optimale Klangqualit\u00e4t und Materialien aus. So wird gew\u00e4hrleistet, dass die Orgel von h\u00f6chster Qualit\u00e4t ist und jahrelang h\u00e4lt. Wir sind neugierig auf Ihre W\u00fcnsche nach einer ma\u00dfgefertigten Orgel.<\/p>\n<h2>Mixtuur ist f\u00fcr Sie da<\/h2>\n<p>M\u00f6chten Sie mehr \u00fcber unsere Hauptwerk Instrumente erfahren oder sind Sie neugierig auf die M\u00f6glichkeiten, eine Hauptwerk-Orgel zu kaufen? Nehmen Sie ruhig <a href=\"https:\/\/www.mixtuur.com\/de\/kontakt\/\">Kontakt mit uns auf<\/a> und vereinbaren Sie einen Termin in unserem Ausstellungsraum. Unsere Spezialisten stehen Ihnen zur Verf\u00fcgung und helfen Ihnen gerne bei der Suche nach dem gew\u00fcnschten Hauptwerk Instrument.<\/p>\n\n<div class=\"wpcf7 no-js\" id=\"wpcf7-f2984-o1\" lang=\"nl-NL\" dir=\"ltr\" data-wpcf7-id=\"2984\">\n<div class=\"screen-reader-response\"><p role=\"status\" aria-live=\"polite\" aria-atomic=\"true\"><\/p> <ul><\/ul><\/div>\n<form action=\"\/de\/wp-json\/wp\/v2\/pages\/12274#wpcf7-f2984-o1\" method=\"post\" class=\"wpcf7-form init\" aria-label=\"Contactformulier\" novalidate=\"novalidate\" data-status=\"init\">\n<fieldset class=\"hidden-fields-container\"><input type=\"hidden\" name=\"_wpcf7\" value=\"2984\" \/><input type=\"hidden\" name=\"_wpcf7_version\" value=\"6.1.5\" \/><input type=\"hidden\" name=\"_wpcf7_locale\" value=\"nl_NL\" \/><input type=\"hidden\" name=\"_wpcf7_unit_tag\" value=\"wpcf7-f2984-o1\" \/><input type=\"hidden\" name=\"_wpcf7_container_post\" value=\"0\" \/><input type=\"hidden\" name=\"_wpcf7_posted_data_hash\" value=\"\" \/><input type=\"hidden\" name=\"_wpcf7_recaptcha_response\" value=\"\" \/>\n<\/fieldset>\n<p>Ihr Name (Pflichtangabe)\n<\/p>\n<p><span class=\"wpcf7-form-control-wrap\" data-name=\"your-name\"><input size=\"40\" maxlength=\"400\" class=\"wpcf7-form-control wpcf7-text wpcf7-validates-as-required\" aria-required=\"true\" aria-invalid=\"false\" value=\"\" type=\"text\" name=\"your-name\" \/><\/span>\n<\/p>\n<p>Ihre E-Mail-Adresse (Pflichtangabe)\n<\/p>\n<p><span class=\"wpcf7-form-control-wrap\" data-name=\"your-email\"><input size=\"40\" maxlength=\"400\" class=\"wpcf7-form-control wpcf7-email wpcf7-validates-as-required wpcf7-text wpcf7-validates-as-email\" aria-required=\"true\" aria-invalid=\"false\" value=\"\" type=\"email\" name=\"your-email\" \/><\/span>\n<\/p>\n<p>Telefonnummer\n<\/p>\n<p><span class=\"wpcf7-form-control-wrap\" data-name=\"tel-640\"><input size=\"40\" maxlength=\"400\" class=\"wpcf7-form-control wpcf7-tel wpcf7-text wpcf7-validates-as-tel\" aria-invalid=\"false\" value=\"\" type=\"tel\" name=\"tel-640\" \/><\/span>\n<\/p>\n<p>Betreff\n<\/p>\n<p><span class=\"wpcf7-form-control-wrap\" data-name=\"your-subject\"><input size=\"40\" maxlength=\"400\" class=\"wpcf7-form-control wpcf7-text\" aria-invalid=\"false\" value=\"\" type=\"text\" name=\"your-subject\" \/><\/span>\n<\/p>\n<p>Deine Nachricht\n<\/p>\n<p><span class=\"wpcf7-form-control-wrap\" data-name=\"your-message\"><textarea cols=\"40\" rows=\"10\" maxlength=\"2000\" class=\"wpcf7-form-control wpcf7-textarea\" aria-invalid=\"false\" name=\"your-message\"><\/textarea><\/span>\n<\/p>\n\n<p><input class=\"wpcf7-form-control wpcf7-submit has-spinner\" type=\"submit\" value=\"Senden\" \/>\n<\/p><div class=\"wpcf7-response-output\" aria-hidden=\"true\"><\/div>\n<\/form>\n<\/div>\n\n","protected":false},"excerpt":{"rendered":"<p>Hauptwerk Instrument Hauptwerk ist eine Software, die es erm\u00f6glicht, den Klang von Pfeifenorgeln zu Hause zu erzeugen. Wenn Sie auf der Suche nach einem Instrument sind, welches diesen Klang erzeugen kann, sind Sie bei Mixtuur an der richtigen Adresse. Bei uns finden Sie eine gro\u00dfe Auswahl an Orgeln, die mit Hauptwerk-Technologie ausgestattet sind. M\u00f6chten Sie [&hellip;]<\/p>\n","protected":false},"author":17,"featured_media":0,"parent":0,"menu_order":0,"comment_status":"closed","ping_status":"closed","template":"","meta":{"footnotes":""},"class_list":["post-12274","page","type-page","status-publish","hentry"],"yoast_head":"<!-- This site is optimized with the Yoast SEO plugin v25.5 - https:\/\/yoast.com\/wordpress\/plugins\/seo\/ -->\n<title>Ein Hauptwerk Instrument kaufen? | Entdecken Sie die M\u00f6glichkeiten<\/title>\n<meta name=\"description\" content=\"Sind Sie auf der Suche nach einem Hauptwerk Instrument? Entdecken Sie die M\u00f6glichkeiten oder kontaktieren Sie uns unverbindlich.\" \/>\n<meta name=\"robots\" content=\"index, follow, max-snippet:-1, max-image-preview:large, max-video-preview:-1\" \/>\n<link rel=\"canonical\" href=\"https:\/\/www.mixtuur.com\/hauptwerk-instrument\/\" \/>\n<meta property=\"og:locale\" content=\"de_DE\" \/>\n<meta property=\"og:type\" content=\"article\" \/>\n<meta property=\"og:title\" content=\"Ein Hauptwerk Instrument kaufen? | Entdecken Sie die M\u00f6glichkeiten\" \/>\n<meta property=\"og:description\" content=\"Sind Sie auf der Suche nach einem Hauptwerk Instrument? Entdecken Sie die M\u00f6glichkeiten oder kontaktieren Sie uns unverbindlich.\" \/>\n<meta property=\"og:url\" content=\"https:\/\/www.mixtuur.com\/hauptwerk-instrument\/\" \/>\n<meta property=\"og:site_name\" content=\"Mixtuur\" \/>\n<meta property=\"og:image\" content=\"https:\/\/www.mixtuur.com\/wordpress\/wp-content\/uploads\/2022\/06\/02.jpg\" \/>\n<meta name=\"twitter:card\" content=\"summary_large_image\" \/>\n<meta name=\"twitter:label1\" content=\"Gesch\u00e4tzte Lesezeit\" \/>\n\t<meta name=\"twitter:data1\" content=\"2\u00a0Minuten\" \/>\n<script type=\"application\/ld+json\" class=\"yoast-schema-graph\">{\"@context\":\"https:\/\/schema.org\",\"@graph\":[{\"@type\":\"WebPage\",\"@id\":\"https:\/\/www.mixtuur.com\/hauptwerk-instrument\/\",\"url\":\"https:\/\/www.mixtuur.com\/hauptwerk-instrument\/\",\"name\":\"Ein Hauptwerk Instrument kaufen? | Entdecken Sie die M\u00f6glichkeiten\",\"isPartOf\":{\"@id\":\"https:\/\/www.mixtuur.com\/#website\"},\"primaryImageOfPage\":{\"@id\":\"https:\/\/www.mixtuur.com\/hauptwerk-instrument\/#primaryimage\"},\"image\":{\"@id\":\"https:\/\/www.mixtuur.com\/hauptwerk-instrument\/#primaryimage\"},\"thumbnailUrl\":\"https:\/\/www.mixtuur.com\/wp-content\/uploads\/2022\/06\/02.jpg\",\"datePublished\":\"2022-09-29T06:53:12+00:00\",\"description\":\"Sind Sie auf der Suche nach einem Hauptwerk Instrument? Entdecken Sie die M\u00f6glichkeiten oder kontaktieren Sie uns unverbindlich.\",\"breadcrumb\":{\"@id\":\"https:\/\/www.mixtuur.com\/hauptwerk-instrument\/#breadcrumb\"},\"inLanguage\":\"de\",\"potentialAction\":[{\"@type\":\"ReadAction\",\"target\":[\"https:\/\/www.mixtuur.com\/hauptwerk-instrument\/\"]}]},{\"@type\":\"ImageObject\",\"inLanguage\":\"de\",\"@id\":\"https:\/\/www.mixtuur.com\/hauptwerk-instrument\/#primaryimage\",\"url\":\"https:\/\/www.mixtuur.com\/wp-content\/uploads\/2022\/06\/02.jpg\",\"contentUrl\":\"https:\/\/www.mixtuur.com\/wp-content\/uploads\/2022\/06\/02.jpg\"},{\"@type\":\"BreadcrumbList\",\"@id\":\"https:\/\/www.mixtuur.com\/hauptwerk-instrument\/#breadcrumb\",\"itemListElement\":[{\"@type\":\"ListItem\",\"position\":1,\"name\":\"Home\",\"item\":\"https:\/\/www.mixtuur.com\/de\/\"},{\"@type\":\"ListItem\",\"position\":2,\"name\":\"Hauptwerk Instrument\"}]},{\"@type\":\"WebSite\",\"@id\":\"https:\/\/www.mixtuur.com\/#website\",\"url\":\"https:\/\/www.mixtuur.com\/\",\"name\":\"Mixtuur\",\"description\":\"The Authentic Sound\",\"potentialAction\":[{\"@type\":\"SearchAction\",\"target\":{\"@type\":\"EntryPoint\",\"urlTemplate\":\"https:\/\/www.mixtuur.com\/?s={search_term_string}\"},\"query-input\":{\"@type\":\"PropertyValueSpecification\",\"valueRequired\":true,\"valueName\":\"search_term_string\"}}],\"inLanguage\":\"de\"}]}<\/script>\n<!-- \/ Yoast SEO plugin. -->","yoast_head_json":{"title":"Ein Hauptwerk Instrument kaufen? | Entdecken Sie die M\u00f6glichkeiten","description":"Sind Sie auf der Suche nach einem Hauptwerk Instrument? Entdecken Sie die M\u00f6glichkeiten oder kontaktieren Sie uns unverbindlich.","robots":{"index":"index","follow":"follow","max-snippet":"max-snippet:-1","max-image-preview":"max-image-preview:large","max-video-preview":"max-video-preview:-1"},"canonical":"https:\/\/www.mixtuur.com\/hauptwerk-instrument\/","og_locale":"de_DE","og_type":"article","og_title":"Ein Hauptwerk Instrument kaufen? | Entdecken Sie die M\u00f6glichkeiten","og_description":"Sind Sie auf der Suche nach einem Hauptwerk Instrument? Entdecken Sie die M\u00f6glichkeiten oder kontaktieren Sie uns unverbindlich.","og_url":"https:\/\/www.mixtuur.com\/hauptwerk-instrument\/","og_site_name":"Mixtuur","og_image":[{"url":"https:\/\/www.mixtuur.com\/wordpress\/wp-content\/uploads\/2022\/06\/02.jpg","type":"","width":"","height":""}],"twitter_card":"summary_large_image","twitter_misc":{"Gesch\u00e4tzte Lesezeit":"2\u00a0Minuten"},"schema":{"@context":"https:\/\/schema.org","@graph":[{"@type":"WebPage","@id":"https:\/\/www.mixtuur.com\/hauptwerk-instrument\/","url":"https:\/\/www.mixtuur.com\/hauptwerk-instrument\/","name":"Ein Hauptwerk Instrument kaufen? | Entdecken Sie die M\u00f6glichkeiten","isPartOf":{"@id":"https:\/\/www.mixtuur.com\/#website"},"primaryImageOfPage":{"@id":"https:\/\/www.mixtuur.com\/hauptwerk-instrument\/#primaryimage"},"image":{"@id":"https:\/\/www.mixtuur.com\/hauptwerk-instrument\/#primaryimage"},"thumbnailUrl":"https:\/\/www.mixtuur.com\/wp-content\/uploads\/2022\/06\/02.jpg","datePublished":"2022-09-29T06:53:12+00:00","description":"Sind Sie auf der Suche nach einem Hauptwerk Instrument? Entdecken Sie die M\u00f6glichkeiten oder kontaktieren Sie uns unverbindlich.","breadcrumb":{"@id":"https:\/\/www.mixtuur.com\/hauptwerk-instrument\/#breadcrumb"},"inLanguage":"de","potentialAction":[{"@type":"ReadAction","target":["https:\/\/www.mixtuur.com\/hauptwerk-instrument\/"]}]},{"@type":"ImageObject","inLanguage":"de","@id":"https:\/\/www.mixtuur.com\/hauptwerk-instrument\/#primaryimage","url":"https:\/\/www.mixtuur.com\/wp-content\/uploads\/2022\/06\/02.jpg","contentUrl":"https:\/\/www.mixtuur.com\/wp-content\/uploads\/2022\/06\/02.jpg"},{"@type":"BreadcrumbList","@id":"https:\/\/www.mixtuur.com\/hauptwerk-instrument\/#breadcrumb","itemListElement":[{"@type":"ListItem","position":1,"name":"Home","item":"https:\/\/www.mixtuur.com\/de\/"},{"@type":"ListItem","position":2,"name":"Hauptwerk Instrument"}]},{"@type":"WebSite","@id":"https:\/\/www.mixtuur.com\/#website","url":"https:\/\/www.mixtuur.com\/","name":"Mixtuur","description":"The Authentic Sound","potentialAction":[{"@type":"SearchAction","target":{"@type":"EntryPoint","urlTemplate":"https:\/\/www.mixtuur.com\/?s={search_term_string}"},"query-input":{"@type":"PropertyValueSpecification","valueRequired":true,"valueName":"search_term_string"}}],"inLanguage":"de"}]}},"_links":{"self":[{"href":"https:\/\/www.mixtuur.com\/de\/wp-json\/wp\/v2\/pages\/12274","targetHints":{"allow":["GET"]}}],"collection":[{"href":"https:\/\/www.mixtuur.com\/de\/wp-json\/wp\/v2\/pages"}],"about":[{"href":"https:\/\/www.mixtuur.com\/de\/wp-json\/wp\/v2\/types\/page"}],"author":[{"embeddable":true,"href":"https:\/\/www.mixtuur.com\/de\/wp-json\/wp\/v2\/users\/17"}],"replies":[{"embeddable":true,"href":"https:\/\/www.mixtuur.com\/de\/wp-json\/wp\/v2\/comments?post=12274"}],"version-history":[{"count":4,"href":"https:\/\/www.mixtuur.com\/de\/wp-json\/wp\/v2\/pages\/12274\/revisions"}],"predecessor-version":[{"id":12278,"href":"https:\/\/www.mixtuur.com\/de\/wp-json\/wp\/v2\/pages\/12274\/revisions\/12278"}],"wp:attachment":[{"href":"https:\/\/www.mixtuur.com\/de\/wp-json\/wp\/v2\/media?parent=12274"}],"curies":[{"name":"wp","href":"https:\/\/api.w.org\/{rel}","templated":true}]}}