{"id":12269,"date":"2022-09-29T08:31:46","date_gmt":"2022-09-29T06:31:46","guid":{"rendered":"https:\/\/www.mixtuur.com\/?page_id=12269"},"modified":"2022-09-29T08:31:46","modified_gmt":"2022-09-29T06:31:46","slug":"orgel-hauptwerk","status":"publish","type":"page","link":"https:\/\/www.mixtuur.com\/de\/orgel-hauptwerk\/","title":{"rendered":"Orgel Hauptwerk"},"content":{"rendered":"<h1>Orgel Hauptwerk<\/h1>\n<p><strong>Eine Orgel mit Hauptwerk ist ein eindrucksvolles Musikinstrument mit herrlichen Kl\u00e4ngen. Jede Orgel hat Ihr eigenes Klangbild. Bekannte Orgeln sind zum Beispiel die Van Covelens-Orgel in der Grote Sint Laurenskerk in Rotterdam oder die Schnitger-Orgel in der Martinikerk in Groningen. Mit Hauptwerk bringen Sie all diese sch\u00f6nen Orgeln in Ihr Wohnzimmer. Wenn Sie einmal eine Orgel mit Hauptwerk-Technologie gespielt haben, wollen Sie nie wieder zur\u00fcck.<\/strong><\/p>\n<h2>Wie funkrioniert Hauptwerk?<\/h2>\n<p>Eine Hauptwerk-Orgel ist eine Orgel, auf der die Hauptwerk-Software installiert ist. <a href=\"https:\/\/www.mixtuur.com\/de\/heimorgeln\/\">Sehen Sie sich unsere Modelle an<\/a>. Diese Orgeln passen in jedes Wohnzimmer. Die Software basiert auf MIDI. Es k\u00f6nnen alle Arten von Samplesets von Orgeln aus der ganzen Welt geladen werden. Jeder Klang jeder einzelnen Pfeife wird aufgenommen. Dies sorgt f\u00fcr einen lebendigen Klang. Hauptwerk liefert eine sehr realistische Reproduktion der gesampelten Orgel, wodurch Sie die Orgeln wirklich erleben k\u00f6nnen.<\/p>\n<h2>Wie spiele ich eine Orgel mit Hauptwerk?<\/h2>\n<p>Die Technologie von Mixtuur sorgt daf\u00fcr, dass Sie keine Computerkenntnisse brauchen, um Ihre Lieblingsorgeln zu genie\u00dfen. Hauptwerk ist so entwickelt, dass es die &#8222;Gehirnleistung&#8220; Ihres Computers voll ausnutzt. So untert\u00fctzt Hauptwerk mehr als 500 Audiokan\u00e4le, die den Klang einer gespielten Note exakt wiedergeben.<\/p>\n<p><a href=\"https:\/\/www.mixtuur.com\/wp-content\/uploads\/2022\/07\/manorgel.jpg\"><img loading=\"lazy\" decoding=\"async\" class=\"alignnone wp-image-11914 size-full\" src=\"https:\/\/www.mixtuur.com\/wp-content\/uploads\/2022\/07\/manorgel.jpg\" alt=\"Orgel Hauptwerk\" width=\"533\" height=\"800\" srcset=\"https:\/\/www.mixtuur.com\/wp-content\/uploads\/2022\/07\/manorgel.jpg 533w, https:\/\/www.mixtuur.com\/wp-content\/uploads\/2022\/07\/manorgel-200x300.jpg 200w, https:\/\/www.mixtuur.com\/wp-content\/uploads\/2022\/07\/manorgel-470x705.jpg 470w, https:\/\/www.mixtuur.com\/wp-content\/uploads\/2022\/07\/manorgel-450x675.jpg 450w\" sizes=\"auto, (max-width: 533px) 100vw, 533px\" \/><\/a><\/p>\n<p>Es ist m\u00f6glich, eine Hauptwerk-Orgel mit sehr umfangreichen digitalen Funktionen zu bekommen, zum Beispiel mit Touchscreens. So haben Sie die vollst\u00e4ndige Kontrolle \u00fcber Hauptwerk\u2122. F\u00fcr welche Version Sie sich auch entscheiden, unsere Orgeln haben alle den erstklassigen Klang, den Sie von einer Mixtuur-Orgel erwarten k\u00f6nnen.<\/p>\n<h2>Ihre Hauptwerk-Orgel bei Mixtuur kaufen<\/h2>\n<p>Innerhalb des Sortiments von Mixtuur finden Sie eine gro\u00dfe Auswahl an Orgeln, die mit der Hauptwerk-Technologie ausgestattet sind. So k\u00f6nnen Sie die Orgelmusik, von der Sie getr\u00e4umt haben, in Ihrem eigenen Wohnzimmer spielen. Wie toll ist das denn?<\/p>\n<p>M\u00f6chten Sie mehr Informationen \u00fcber unsere Orgeln mit Hauptwerk oder \u00fcber die M\u00f6glichkeiten, eine Hauptwerk-Orgel zu kaufen? Dann <a href=\"https:\/\/www.mixtuur.com\/de\/heimorgeln\/\">sehen Sie sich unser gesamtes Angebot an<\/a>, <a href=\"https:\/\/www.mixtuur.com\/de\/broschuere-anfordern\/\">fordern Sie die Brosch\u00fcre an<\/a> oder <a href=\"https:\/\/www.mixtuur.com\/de\/kontakt\/\">nehmen Sie Kontakt mit uns auf<\/a>. Auch in unserem Ausstellungsraum in Klundert sind Sie herzlich willkommen. Unsere Spezialisten stehen f\u00fcr Sie bereit.<\/p>\n\n<div class=\"wpcf7 no-js\" id=\"wpcf7-f2984-o1\" lang=\"nl-NL\" dir=\"ltr\" data-wpcf7-id=\"2984\">\n<div class=\"screen-reader-response\"><p role=\"status\" aria-live=\"polite\" aria-atomic=\"true\"><\/p> <ul><\/ul><\/div>\n<form action=\"\/de\/wp-json\/wp\/v2\/pages\/12269#wpcf7-f2984-o1\" method=\"post\" class=\"wpcf7-form init\" aria-label=\"Contactformulier\" novalidate=\"novalidate\" data-status=\"init\">\n<fieldset class=\"hidden-fields-container\"><input type=\"hidden\" name=\"_wpcf7\" value=\"2984\" \/><input type=\"hidden\" name=\"_wpcf7_version\" value=\"6.1.5\" \/><input type=\"hidden\" name=\"_wpcf7_locale\" value=\"nl_NL\" \/><input type=\"hidden\" name=\"_wpcf7_unit_tag\" value=\"wpcf7-f2984-o1\" \/><input type=\"hidden\" name=\"_wpcf7_container_post\" value=\"0\" \/><input type=\"hidden\" name=\"_wpcf7_posted_data_hash\" value=\"\" \/><input type=\"hidden\" name=\"_wpcf7_recaptcha_response\" value=\"\" \/>\n<\/fieldset>\n<p>Ihr Name (Pflichtangabe)\n<\/p>\n<p><span class=\"wpcf7-form-control-wrap\" data-name=\"your-name\"><input size=\"40\" maxlength=\"400\" class=\"wpcf7-form-control wpcf7-text wpcf7-validates-as-required\" aria-required=\"true\" aria-invalid=\"false\" value=\"\" type=\"text\" name=\"your-name\" \/><\/span>\n<\/p>\n<p>Ihre E-Mail-Adresse (Pflichtangabe)\n<\/p>\n<p><span class=\"wpcf7-form-control-wrap\" data-name=\"your-email\"><input size=\"40\" maxlength=\"400\" class=\"wpcf7-form-control wpcf7-email wpcf7-validates-as-required wpcf7-text wpcf7-validates-as-email\" aria-required=\"true\" aria-invalid=\"false\" value=\"\" type=\"email\" name=\"your-email\" \/><\/span>\n<\/p>\n<p>Telefonnummer\n<\/p>\n<p><span class=\"wpcf7-form-control-wrap\" data-name=\"tel-640\"><input size=\"40\" maxlength=\"400\" class=\"wpcf7-form-control wpcf7-tel wpcf7-text wpcf7-validates-as-tel\" aria-invalid=\"false\" value=\"\" type=\"tel\" name=\"tel-640\" \/><\/span>\n<\/p>\n<p>Betreff\n<\/p>\n<p><span class=\"wpcf7-form-control-wrap\" data-name=\"your-subject\"><input size=\"40\" maxlength=\"400\" class=\"wpcf7-form-control wpcf7-text\" aria-invalid=\"false\" value=\"\" type=\"text\" name=\"your-subject\" \/><\/span>\n<\/p>\n<p>Deine Nachricht\n<\/p>\n<p><span class=\"wpcf7-form-control-wrap\" data-name=\"your-message\"><textarea cols=\"40\" rows=\"10\" maxlength=\"2000\" class=\"wpcf7-form-control wpcf7-textarea\" aria-invalid=\"false\" name=\"your-message\"><\/textarea><\/span>\n<\/p>\n\n<p><input class=\"wpcf7-form-control wpcf7-submit has-spinner\" type=\"submit\" value=\"Senden\" \/>\n<\/p><div class=\"wpcf7-response-output\" aria-hidden=\"true\"><\/div>\n<\/form>\n<\/div>\n\n","protected":false},"excerpt":{"rendered":"<p>Orgel Hauptwerk Eine Orgel mit Hauptwerk ist ein eindrucksvolles Musikinstrument mit herrlichen Kl\u00e4ngen. Jede Orgel hat Ihr eigenes Klangbild. Bekannte Orgeln sind zum Beispiel die Van Covelens-Orgel in der Grote Sint Laurenskerk in Rotterdam oder die Schnitger-Orgel in der Martinikerk in Groningen. Mit Hauptwerk bringen Sie all diese sch\u00f6nen Orgeln in Ihr Wohnzimmer. Wenn Sie [&hellip;]<\/p>\n","protected":false},"author":17,"featured_media":0,"parent":0,"menu_order":0,"comment_status":"closed","ping_status":"closed","template":"","meta":{"footnotes":""},"class_list":["post-12269","page","type-page","status-publish","hentry"],"yoast_head":"<!-- This site is optimized with the Yoast SEO plugin v25.5 - https:\/\/yoast.com\/wordpress\/plugins\/seo\/ -->\n<title>Eine Orgel mit Hauptwerk bringt ungeahnte Vorteile mit sich<\/title>\n<meta name=\"description\" content=\"Wenn Sie einmal auf einer Orgel mit Hauptwerk-Technologie gespielt haben. wollen Sie nie mehr zur\u00fcck. Entdecken Sie die Vorteile von Hauptwerk\" \/>\n<meta name=\"robots\" content=\"index, follow, max-snippet:-1, max-image-preview:large, max-video-preview:-1\" \/>\n<link rel=\"canonical\" href=\"https:\/\/www.mixtuur.com\/orgel-hauptwerk\/\" \/>\n<meta property=\"og:locale\" content=\"de_DE\" \/>\n<meta property=\"og:type\" content=\"article\" \/>\n<meta property=\"og:title\" content=\"Eine Orgel mit Hauptwerk bringt ungeahnte Vorteile mit sich\" \/>\n<meta property=\"og:description\" content=\"Wenn Sie einmal auf einer Orgel mit Hauptwerk-Technologie gespielt haben. wollen Sie nie mehr zur\u00fcck. Entdecken Sie die Vorteile von Hauptwerk\" \/>\n<meta property=\"og:url\" content=\"https:\/\/www.mixtuur.com\/orgel-hauptwerk\/\" \/>\n<meta property=\"og:site_name\" content=\"Mixtuur\" \/>\n<meta property=\"og:image\" content=\"https:\/\/www.mixtuur.com\/wordpress\/wp-content\/uploads\/2022\/07\/manorgel.jpg\" \/>\n<meta name=\"twitter:card\" content=\"summary_large_image\" \/>\n<meta name=\"twitter:label1\" content=\"Gesch\u00e4tzte Lesezeit\" \/>\n\t<meta name=\"twitter:data1\" content=\"2\u00a0Minuten\" \/>\n<script type=\"application\/ld+json\" class=\"yoast-schema-graph\">{\"@context\":\"https:\/\/schema.org\",\"@graph\":[{\"@type\":\"WebPage\",\"@id\":\"https:\/\/www.mixtuur.com\/orgel-hauptwerk\/\",\"url\":\"https:\/\/www.mixtuur.com\/orgel-hauptwerk\/\",\"name\":\"Eine Orgel mit Hauptwerk bringt ungeahnte Vorteile mit sich\",\"isPartOf\":{\"@id\":\"https:\/\/www.mixtuur.com\/#website\"},\"primaryImageOfPage\":{\"@id\":\"https:\/\/www.mixtuur.com\/orgel-hauptwerk\/#primaryimage\"},\"image\":{\"@id\":\"https:\/\/www.mixtuur.com\/orgel-hauptwerk\/#primaryimage\"},\"thumbnailUrl\":\"https:\/\/www.mixtuur.com\/wp-content\/uploads\/2022\/07\/manorgel.jpg\",\"datePublished\":\"2022-09-29T06:31:46+00:00\",\"description\":\"Wenn Sie einmal auf einer Orgel mit Hauptwerk-Technologie gespielt haben. wollen Sie nie mehr zur\u00fcck. Entdecken Sie die Vorteile von Hauptwerk\",\"breadcrumb\":{\"@id\":\"https:\/\/www.mixtuur.com\/orgel-hauptwerk\/#breadcrumb\"},\"inLanguage\":\"de\",\"potentialAction\":[{\"@type\":\"ReadAction\",\"target\":[\"https:\/\/www.mixtuur.com\/orgel-hauptwerk\/\"]}]},{\"@type\":\"ImageObject\",\"inLanguage\":\"de\",\"@id\":\"https:\/\/www.mixtuur.com\/orgel-hauptwerk\/#primaryimage\",\"url\":\"https:\/\/www.mixtuur.com\/wp-content\/uploads\/2022\/07\/manorgel.jpg\",\"contentUrl\":\"https:\/\/www.mixtuur.com\/wp-content\/uploads\/2022\/07\/manorgel.jpg\"},{\"@type\":\"BreadcrumbList\",\"@id\":\"https:\/\/www.mixtuur.com\/orgel-hauptwerk\/#breadcrumb\",\"itemListElement\":[{\"@type\":\"ListItem\",\"position\":1,\"name\":\"Home\",\"item\":\"https:\/\/www.mixtuur.com\/de\/\"},{\"@type\":\"ListItem\",\"position\":2,\"name\":\"Orgel Hauptwerk\"}]},{\"@type\":\"WebSite\",\"@id\":\"https:\/\/www.mixtuur.com\/#website\",\"url\":\"https:\/\/www.mixtuur.com\/\",\"name\":\"Mixtuur\",\"description\":\"The Authentic Sound\",\"potentialAction\":[{\"@type\":\"SearchAction\",\"target\":{\"@type\":\"EntryPoint\",\"urlTemplate\":\"https:\/\/www.mixtuur.com\/?s={search_term_string}\"},\"query-input\":{\"@type\":\"PropertyValueSpecification\",\"valueRequired\":true,\"valueName\":\"search_term_string\"}}],\"inLanguage\":\"de\"}]}<\/script>\n<!-- \/ Yoast SEO plugin. -->","yoast_head_json":{"title":"Eine Orgel mit Hauptwerk bringt ungeahnte Vorteile mit sich","description":"Wenn Sie einmal auf einer Orgel mit Hauptwerk-Technologie gespielt haben. wollen Sie nie mehr zur\u00fcck. Entdecken Sie die Vorteile von Hauptwerk","robots":{"index":"index","follow":"follow","max-snippet":"max-snippet:-1","max-image-preview":"max-image-preview:large","max-video-preview":"max-video-preview:-1"},"canonical":"https:\/\/www.mixtuur.com\/orgel-hauptwerk\/","og_locale":"de_DE","og_type":"article","og_title":"Eine Orgel mit Hauptwerk bringt ungeahnte Vorteile mit sich","og_description":"Wenn Sie einmal auf einer Orgel mit Hauptwerk-Technologie gespielt haben. wollen Sie nie mehr zur\u00fcck. Entdecken Sie die Vorteile von Hauptwerk","og_url":"https:\/\/www.mixtuur.com\/orgel-hauptwerk\/","og_site_name":"Mixtuur","og_image":[{"url":"https:\/\/www.mixtuur.com\/wordpress\/wp-content\/uploads\/2022\/07\/manorgel.jpg","type":"","width":"","height":""}],"twitter_card":"summary_large_image","twitter_misc":{"Gesch\u00e4tzte Lesezeit":"2\u00a0Minuten"},"schema":{"@context":"https:\/\/schema.org","@graph":[{"@type":"WebPage","@id":"https:\/\/www.mixtuur.com\/orgel-hauptwerk\/","url":"https:\/\/www.mixtuur.com\/orgel-hauptwerk\/","name":"Eine Orgel mit Hauptwerk bringt ungeahnte Vorteile mit sich","isPartOf":{"@id":"https:\/\/www.mixtuur.com\/#website"},"primaryImageOfPage":{"@id":"https:\/\/www.mixtuur.com\/orgel-hauptwerk\/#primaryimage"},"image":{"@id":"https:\/\/www.mixtuur.com\/orgel-hauptwerk\/#primaryimage"},"thumbnailUrl":"https:\/\/www.mixtuur.com\/wp-content\/uploads\/2022\/07\/manorgel.jpg","datePublished":"2022-09-29T06:31:46+00:00","description":"Wenn Sie einmal auf einer Orgel mit Hauptwerk-Technologie gespielt haben. wollen Sie nie mehr zur\u00fcck. Entdecken Sie die Vorteile von Hauptwerk","breadcrumb":{"@id":"https:\/\/www.mixtuur.com\/orgel-hauptwerk\/#breadcrumb"},"inLanguage":"de","potentialAction":[{"@type":"ReadAction","target":["https:\/\/www.mixtuur.com\/orgel-hauptwerk\/"]}]},{"@type":"ImageObject","inLanguage":"de","@id":"https:\/\/www.mixtuur.com\/orgel-hauptwerk\/#primaryimage","url":"https:\/\/www.mixtuur.com\/wp-content\/uploads\/2022\/07\/manorgel.jpg","contentUrl":"https:\/\/www.mixtuur.com\/wp-content\/uploads\/2022\/07\/manorgel.jpg"},{"@type":"BreadcrumbList","@id":"https:\/\/www.mixtuur.com\/orgel-hauptwerk\/#breadcrumb","itemListElement":[{"@type":"ListItem","position":1,"name":"Home","item":"https:\/\/www.mixtuur.com\/de\/"},{"@type":"ListItem","position":2,"name":"Orgel Hauptwerk"}]},{"@type":"WebSite","@id":"https:\/\/www.mixtuur.com\/#website","url":"https:\/\/www.mixtuur.com\/","name":"Mixtuur","description":"The Authentic Sound","potentialAction":[{"@type":"SearchAction","target":{"@type":"EntryPoint","urlTemplate":"https:\/\/www.mixtuur.com\/?s={search_term_string}"},"query-input":{"@type":"PropertyValueSpecification","valueRequired":true,"valueName":"search_term_string"}}],"inLanguage":"de"}]}},"_links":{"self":[{"href":"https:\/\/www.mixtuur.com\/de\/wp-json\/wp\/v2\/pages\/12269","targetHints":{"allow":["GET"]}}],"collection":[{"href":"https:\/\/www.mixtuur.com\/de\/wp-json\/wp\/v2\/pages"}],"about":[{"href":"https:\/\/www.mixtuur.com\/de\/wp-json\/wp\/v2\/types\/page"}],"author":[{"embeddable":true,"href":"https:\/\/www.mixtuur.com\/de\/wp-json\/wp\/v2\/users\/17"}],"replies":[{"embeddable":true,"href":"https:\/\/www.mixtuur.com\/de\/wp-json\/wp\/v2\/comments?post=12269"}],"version-history":[{"count":3,"href":"https:\/\/www.mixtuur.com\/de\/wp-json\/wp\/v2\/pages\/12269\/revisions"}],"predecessor-version":[{"id":12272,"href":"https:\/\/www.mixtuur.com\/de\/wp-json\/wp\/v2\/pages\/12269\/revisions\/12272"}],"wp:attachment":[{"href":"https:\/\/www.mixtuur.com\/de\/wp-json\/wp\/v2\/media?parent=12269"}],"curies":[{"name":"wp","href":"https:\/\/api.w.org\/{rel}","templated":true}]}}