{"id":12209,"date":"2022-09-08T15:28:56","date_gmt":"2022-09-08T13:28:56","guid":{"rendered":"https:\/\/www.mixtuur.com\/?page_id=12209"},"modified":"2026-02-26T15:55:15","modified_gmt":"2026-02-26T14:55:15","slug":"digitale-orgel-kaufen","status":"publish","type":"page","link":"https:\/\/www.mixtuur.com\/de\/digitale-orgel-kaufen\/","title":{"rendered":"Digitale Orgel kaufen"},"content":{"rendered":"<h1>Eine digitale Orgel kaufen? Entscheiden Sie sich f\u00fcr eine Hauptwerk-Orgel<\/h1>\n<p><strong>Eine digitale Orgel \u2013 auch elektronische Orgel genannt \u2013 ist heutzutage nicht mehr von einer originalen Pfeifenorgel zu unterscheiden. Eine digitale Orgel ist ein elektronisches Tasteninstrument, das mithilfe des Programms Hauptwerk den Klang einer Pfeifenorgel imitieren kann. Sie m\u00f6chten eine Orgel kaufen? Dann entscheiden Sie sich f\u00fcr eine Hauptwerk Orgel.<\/strong><\/p>\n<p>Bei Hauptwerk handelt es sich um ein Softwareprogramm, mit dem Sie Samplesets weltber\u00fchmter Pfeifenorgeln laden k\u00f6nnen. Es er\u00f6ffnet Ihnen unbegrenzte M\u00f6glichkeiten, wenn es um die Auswahl der Orgel geht, die Sie spielen m\u00f6chten. Hauptwerk bietet derzeit Hunderte verschiedener Orgeln als Samplesets an. Das bedeutet, dass Sie Bach ebenso gut auf einer Silbermann spielen k\u00f6nnen wie Beethoven auf einer Rieger. Hauptwerk er\u00f6ffnet Ihnen unbegrenzte M\u00f6glichkeiten.<\/p>\n<h2>Eine digitale Orgel f\u00fcr den Hausgebrauch<\/h2>\n<p>Eine digitale Orgel ist im Vergleich zu einer klassischen Orgel sehr erschwinglich und nimmt auch viel weniger Platz in Anspruch. Daher ist eine digitale Orgel hervorragend f\u00fcr Privatpersonen geeignet, die zu Hause Orgel spielen m\u00f6chten. Die Kombination mit dem Programm Hauptwerk versetzt Sie in die Lage, zuhause auf den ber\u00fchmtesten Orgeln die sch\u00f6nsten Musikst\u00fccke zu spielen.<\/p>\n<p>Sie haben die Wahl zwischen verschiedenen standardisierten Modellen von Heimorgeln mit der vereinfachten Version von Hauptwerk. Wir f\u00fchren u. a. die Modelle <a href=\"https:\/\/www.mixtuur.com\/de\/heimorgeln\/exclusivo\/\">Exclusivo<\/a>, <a href=\"https:\/\/www.mixtuur.com\/de\/heimorgeln\/positief\/\">Positief<\/a> und Fortissimo. Allerdings bieten wir auch verschiedene andere Modelle digitaler Orgeln an, die sich perfekt f\u00fcr den Hausgebrauch eignen. Sehen Sie sich hier unser komplettes Angebot an Heimorgeln an oder fordern Sie unsere digitale Brosch\u00fcre an.<\/p>\n<p>Es ist auch m\u00f6glich, eine Orgel komplett auf Ma\u00df anzufertigen. Wenn Sie eine Orgel ganz nach Ihren eigenen Vorstellungen entwerfen lassen, k\u00f6nnen Sie selbst entscheiden, wie Ihre Orgel aussehen und \u00fcber welche Funktionen sie verf\u00fcgen soll. Gerne beraten wir Sie in einem pers\u00f6nlichen Gespr\u00e4ch zu Ihren W\u00fcnschen und allen M\u00f6glichkeiten. Sehen Sie sich hier unsere ma\u00dfgefertigten digitalen Orgeln an.<\/p>\n<h2>Hauptwerk-Orgeln f\u00fcr Konzerts\u00e4le und Kirchen<\/h2>\n<p>Eine digitale Orgel von Mixtuur eignet sich nicht nur f\u00fcr den privaten Wohnraum, sondern gleicherma\u00dfen f\u00fcr Konzerts\u00e4le und Kirchen. Eine klassische Kirchenorgel reicht hinsichtlich der Klangqualit\u00e4t kaum an eine gro\u00dfformatige Pfeifenorgel in gro\u00dfen Kathedralen heran. Mit einer digitalen Orgel hingegen holen Sie diese wunderbaren Orgeln in Ihre Kirche \u2013 und das zu einem erschwinglichen Preis.<\/p>\n<p>Da wir unsere eigenen Verst\u00e4rker und Lautsprecher bauen, sind wir in der Lage, f\u00fcr jede Kirche und jeden Konzertsaal die entsprechende Anlage zu liefern, die einen perfekten Klang gew\u00e4hrleistet. Auf diese Weise k\u00f6nnen Sie Ihren Besuchern ein optimales Klangerlebnis bieten.<\/p>\n<h2>Kaufen Sie eine digitale Orgel bei Mixtuur<\/h2>\n<p>Bei Mixtuur sind Sie an der richtigen Adresse, wenn Sie eine digitale Orgel suchen. Mixtuur ist der offizielle Hauptwerk\u2122-H\u00e4ndler der Beneluxl\u00e4nder. Bei uns k\u00f6nnen Sie Standardorgeln bis hin zu ma\u00dfgefertigten Instrumenten kaufen. Unsere Orgeln werden im eigenen Hause entwickelt, gebaut und ausgiebig getestet.<\/p>\n<p>Dar\u00fcber hinaus garantiert eine Orgel von Mixtuur ein optimales Klangerlebnis, denn wir bauen unsere Verst\u00e4rker und Lautsprecher selbst. Das ist einer der Gr\u00fcnde, warum wir Ihnen jederzeit behilflich sein k\u00f6nnen und den besten Service bieten, wenn Sie ihn ben\u00f6tigen.<\/p>\n<p>M\u00f6chten Sie mehr \u00fcber Hauptwerk\u2122 oder unsere Orgeln erfahren? Fordern Sie eine Brosch\u00fcre an oder vereinbaren Sie einen Termin und besuchen Sie unseren Ausstellungsraum! In unserem Ausstellungsraum k\u00f6nnen Sie die unbegrenzten M\u00f6glichkeiten von Hauptwerk\u2122 hautnah erleben und selbst eine digitale Orgel ausprobieren.<\/p>\n\n<div class=\"wpcf7 no-js\" id=\"wpcf7-f2984-o1\" lang=\"nl-NL\" dir=\"ltr\" data-wpcf7-id=\"2984\">\n<div class=\"screen-reader-response\"><p role=\"status\" aria-live=\"polite\" aria-atomic=\"true\"><\/p> <ul><\/ul><\/div>\n<form action=\"\/de\/wp-json\/wp\/v2\/pages\/12209#wpcf7-f2984-o1\" method=\"post\" class=\"wpcf7-form init\" aria-label=\"Contactformulier\" novalidate=\"novalidate\" data-status=\"init\">\n<fieldset class=\"hidden-fields-container\"><input type=\"hidden\" name=\"_wpcf7\" value=\"2984\" \/><input type=\"hidden\" name=\"_wpcf7_version\" value=\"6.1.5\" \/><input type=\"hidden\" name=\"_wpcf7_locale\" value=\"nl_NL\" \/><input type=\"hidden\" name=\"_wpcf7_unit_tag\" value=\"wpcf7-f2984-o1\" \/><input type=\"hidden\" name=\"_wpcf7_container_post\" value=\"0\" \/><input type=\"hidden\" name=\"_wpcf7_posted_data_hash\" value=\"\" \/><input type=\"hidden\" name=\"_wpcf7_recaptcha_response\" value=\"\" \/>\n<\/fieldset>\n<p>Ihr Name (Pflichtangabe)\n<\/p>\n<p><span class=\"wpcf7-form-control-wrap\" data-name=\"your-name\"><input size=\"40\" maxlength=\"400\" class=\"wpcf7-form-control wpcf7-text wpcf7-validates-as-required\" aria-required=\"true\" aria-invalid=\"false\" value=\"\" type=\"text\" name=\"your-name\" \/><\/span>\n<\/p>\n<p>Ihre E-Mail-Adresse (Pflichtangabe)\n<\/p>\n<p><span class=\"wpcf7-form-control-wrap\" data-name=\"your-email\"><input size=\"40\" maxlength=\"400\" class=\"wpcf7-form-control wpcf7-email wpcf7-validates-as-required wpcf7-text wpcf7-validates-as-email\" aria-required=\"true\" aria-invalid=\"false\" value=\"\" type=\"email\" name=\"your-email\" \/><\/span>\n<\/p>\n<p>Telefonnummer\n<\/p>\n<p><span class=\"wpcf7-form-control-wrap\" data-name=\"tel-640\"><input size=\"40\" maxlength=\"400\" class=\"wpcf7-form-control wpcf7-tel wpcf7-text wpcf7-validates-as-tel\" aria-invalid=\"false\" value=\"\" type=\"tel\" name=\"tel-640\" \/><\/span>\n<\/p>\n<p>Betreff\n<\/p>\n<p><span class=\"wpcf7-form-control-wrap\" data-name=\"your-subject\"><input size=\"40\" maxlength=\"400\" class=\"wpcf7-form-control wpcf7-text\" aria-invalid=\"false\" value=\"\" type=\"text\" name=\"your-subject\" \/><\/span>\n<\/p>\n<p>Deine Nachricht\n<\/p>\n<p><span class=\"wpcf7-form-control-wrap\" data-name=\"your-message\"><textarea cols=\"40\" rows=\"10\" maxlength=\"2000\" class=\"wpcf7-form-control wpcf7-textarea\" aria-invalid=\"false\" name=\"your-message\"><\/textarea><\/span>\n<\/p>\n\n<p><input class=\"wpcf7-form-control wpcf7-submit has-spinner\" type=\"submit\" value=\"Senden\" \/>\n<\/p><div class=\"wpcf7-response-output\" aria-hidden=\"true\"><\/div>\n<\/form>\n<\/div>\n\n","protected":false},"excerpt":{"rendered":"<p>Eine digitale Orgel kaufen? Entscheiden Sie sich f\u00fcr eine Hauptwerk-Orgel Eine digitale Orgel \u2013 auch elektronische Orgel genannt \u2013 ist heutzutage nicht mehr von einer originalen Pfeifenorgel zu unterscheiden. Eine digitale Orgel ist ein elektronisches Tasteninstrument, das mithilfe des Programms Hauptwerk den Klang einer Pfeifenorgel imitieren kann. Sie m\u00f6chten eine Orgel kaufen? Dann entscheiden Sie [&hellip;]<\/p>\n","protected":false},"author":17,"featured_media":0,"parent":0,"menu_order":0,"comment_status":"closed","ping_status":"closed","template":"","meta":{"footnotes":""},"class_list":["post-12209","page","type-page","status-publish","hentry"],"yoast_head":"<!-- This site is optimized with the Yoast SEO plugin v25.5 - https:\/\/yoast.com\/wordpress\/plugins\/seo\/ -->\n<title>Eine digitale Orgel kaufen? Entscheiden Sie sich f\u00fcr eine Hauptwerk-Orgel<\/title>\n<meta name=\"description\" content=\"Eine digitale Orgel is nicht mehr von einer klassischen Pfeifenorgel zu unterscheiden. Spielen Sie verschiedenen Orgeln mithilfe von Hauptwerk.\" \/>\n<meta name=\"robots\" content=\"index, follow, max-snippet:-1, max-image-preview:large, max-video-preview:-1\" \/>\n<link rel=\"canonical\" href=\"https:\/\/www.mixtuur.com\/de\/digitale-orgel-kaufen\/\" \/>\n<meta property=\"og:locale\" content=\"de_DE\" \/>\n<meta property=\"og:type\" content=\"article\" \/>\n<meta property=\"og:title\" content=\"Eine digitale Orgel kaufen? Entscheiden Sie sich f\u00fcr eine Hauptwerk-Orgel\" \/>\n<meta property=\"og:description\" content=\"Eine digitale Orgel is nicht mehr von einer klassischen Pfeifenorgel zu unterscheiden. Spielen Sie verschiedenen Orgeln mithilfe von Hauptwerk.\" \/>\n<meta property=\"og:url\" content=\"https:\/\/www.mixtuur.com\/de\/digitale-orgel-kaufen\/\" \/>\n<meta property=\"og:site_name\" content=\"Mixtuur\" \/>\n<meta property=\"article:modified_time\" content=\"2026-02-26T14:55:15+00:00\" \/>\n<meta name=\"twitter:card\" content=\"summary_large_image\" \/>\n<meta name=\"twitter:label1\" content=\"Gesch\u00e4tzte Lesezeit\" \/>\n\t<meta name=\"twitter:data1\" content=\"3\u00a0Minuten\" \/>\n<script type=\"application\/ld+json\" class=\"yoast-schema-graph\">{\"@context\":\"https:\/\/schema.org\",\"@graph\":[{\"@type\":\"WebPage\",\"@id\":\"https:\/\/www.mixtuur.com\/de\/digitale-orgel-kaufen\/\",\"url\":\"https:\/\/www.mixtuur.com\/de\/digitale-orgel-kaufen\/\",\"name\":\"Eine digitale Orgel kaufen? Entscheiden Sie sich f\u00fcr eine Hauptwerk-Orgel\",\"isPartOf\":{\"@id\":\"https:\/\/www.mixtuur.com\/#website\"},\"datePublished\":\"2022-09-08T13:28:56+00:00\",\"dateModified\":\"2026-02-26T14:55:15+00:00\",\"description\":\"Eine digitale Orgel is nicht mehr von einer klassischen Pfeifenorgel zu unterscheiden. Spielen Sie verschiedenen Orgeln mithilfe von Hauptwerk.\",\"breadcrumb\":{\"@id\":\"https:\/\/www.mixtuur.com\/de\/digitale-orgel-kaufen\/#breadcrumb\"},\"inLanguage\":\"de\",\"potentialAction\":[{\"@type\":\"ReadAction\",\"target\":[\"https:\/\/www.mixtuur.com\/de\/digitale-orgel-kaufen\/\"]}]},{\"@type\":\"BreadcrumbList\",\"@id\":\"https:\/\/www.mixtuur.com\/de\/digitale-orgel-kaufen\/#breadcrumb\",\"itemListElement\":[{\"@type\":\"ListItem\",\"position\":1,\"name\":\"Home\",\"item\":\"https:\/\/www.mixtuur.com\/de\/\"},{\"@type\":\"ListItem\",\"position\":2,\"name\":\"Digitale Orgel kaufen\"}]},{\"@type\":\"WebSite\",\"@id\":\"https:\/\/www.mixtuur.com\/#website\",\"url\":\"https:\/\/www.mixtuur.com\/\",\"name\":\"Mixtuur\",\"description\":\"The Authentic Sound\",\"potentialAction\":[{\"@type\":\"SearchAction\",\"target\":{\"@type\":\"EntryPoint\",\"urlTemplate\":\"https:\/\/www.mixtuur.com\/?s={search_term_string}\"},\"query-input\":{\"@type\":\"PropertyValueSpecification\",\"valueRequired\":true,\"valueName\":\"search_term_string\"}}],\"inLanguage\":\"de\"}]}<\/script>\n<!-- \/ Yoast SEO plugin. -->","yoast_head_json":{"title":"Eine digitale Orgel kaufen? Entscheiden Sie sich f\u00fcr eine Hauptwerk-Orgel","description":"Eine digitale Orgel is nicht mehr von einer klassischen Pfeifenorgel zu unterscheiden. Spielen Sie verschiedenen Orgeln mithilfe von Hauptwerk.","robots":{"index":"index","follow":"follow","max-snippet":"max-snippet:-1","max-image-preview":"max-image-preview:large","max-video-preview":"max-video-preview:-1"},"canonical":"https:\/\/www.mixtuur.com\/de\/digitale-orgel-kaufen\/","og_locale":"de_DE","og_type":"article","og_title":"Eine digitale Orgel kaufen? Entscheiden Sie sich f\u00fcr eine Hauptwerk-Orgel","og_description":"Eine digitale Orgel is nicht mehr von einer klassischen Pfeifenorgel zu unterscheiden. Spielen Sie verschiedenen Orgeln mithilfe von Hauptwerk.","og_url":"https:\/\/www.mixtuur.com\/de\/digitale-orgel-kaufen\/","og_site_name":"Mixtuur","article_modified_time":"2026-02-26T14:55:15+00:00","twitter_card":"summary_large_image","twitter_misc":{"Gesch\u00e4tzte Lesezeit":"3\u00a0Minuten"},"schema":{"@context":"https:\/\/schema.org","@graph":[{"@type":"WebPage","@id":"https:\/\/www.mixtuur.com\/de\/digitale-orgel-kaufen\/","url":"https:\/\/www.mixtuur.com\/de\/digitale-orgel-kaufen\/","name":"Eine digitale Orgel kaufen? Entscheiden Sie sich f\u00fcr eine Hauptwerk-Orgel","isPartOf":{"@id":"https:\/\/www.mixtuur.com\/#website"},"datePublished":"2022-09-08T13:28:56+00:00","dateModified":"2026-02-26T14:55:15+00:00","description":"Eine digitale Orgel is nicht mehr von einer klassischen Pfeifenorgel zu unterscheiden. Spielen Sie verschiedenen Orgeln mithilfe von Hauptwerk.","breadcrumb":{"@id":"https:\/\/www.mixtuur.com\/de\/digitale-orgel-kaufen\/#breadcrumb"},"inLanguage":"de","potentialAction":[{"@type":"ReadAction","target":["https:\/\/www.mixtuur.com\/de\/digitale-orgel-kaufen\/"]}]},{"@type":"BreadcrumbList","@id":"https:\/\/www.mixtuur.com\/de\/digitale-orgel-kaufen\/#breadcrumb","itemListElement":[{"@type":"ListItem","position":1,"name":"Home","item":"https:\/\/www.mixtuur.com\/de\/"},{"@type":"ListItem","position":2,"name":"Digitale Orgel kaufen"}]},{"@type":"WebSite","@id":"https:\/\/www.mixtuur.com\/#website","url":"https:\/\/www.mixtuur.com\/","name":"Mixtuur","description":"The Authentic Sound","potentialAction":[{"@type":"SearchAction","target":{"@type":"EntryPoint","urlTemplate":"https:\/\/www.mixtuur.com\/?s={search_term_string}"},"query-input":{"@type":"PropertyValueSpecification","valueRequired":true,"valueName":"search_term_string"}}],"inLanguage":"de"}]}},"_links":{"self":[{"href":"https:\/\/www.mixtuur.com\/de\/wp-json\/wp\/v2\/pages\/12209","targetHints":{"allow":["GET"]}}],"collection":[{"href":"https:\/\/www.mixtuur.com\/de\/wp-json\/wp\/v2\/pages"}],"about":[{"href":"https:\/\/www.mixtuur.com\/de\/wp-json\/wp\/v2\/types\/page"}],"author":[{"embeddable":true,"href":"https:\/\/www.mixtuur.com\/de\/wp-json\/wp\/v2\/users\/17"}],"replies":[{"embeddable":true,"href":"https:\/\/www.mixtuur.com\/de\/wp-json\/wp\/v2\/comments?post=12209"}],"version-history":[{"count":5,"href":"https:\/\/www.mixtuur.com\/de\/wp-json\/wp\/v2\/pages\/12209\/revisions"}],"predecessor-version":[{"id":25506,"href":"https:\/\/www.mixtuur.com\/de\/wp-json\/wp\/v2\/pages\/12209\/revisions\/25506"}],"wp:attachment":[{"href":"https:\/\/www.mixtuur.com\/de\/wp-json\/wp\/v2\/media?parent=12209"}],"curies":[{"name":"wp","href":"https:\/\/api.w.org\/{rel}","templated":true}]}}