{"id":11477,"date":"2022-05-24T11:49:05","date_gmt":"2022-05-24T09:49:05","guid":{"rendered":"https:\/\/www.mixtuur.com\/?page_id=11477"},"modified":"2022-05-24T11:49:05","modified_gmt":"2022-05-24T09:49:05","slug":"keyboard-orgel","status":"publish","type":"page","link":"https:\/\/www.mixtuur.com\/de\/keyboard-orgel\/","title":{"rendered":"Keyboard-Orgel"},"content":{"rendered":"<h1>Keyboard-Orgel<\/h1>\n<p><strong>Alle modernen, digitalen Orgeln verf\u00fcgen heutzutage \u00fcber eine Keyboard-Orgel. Mit der Klaviatur dieser Keyboard-Orgel kann die gesamte Orgel bedient werden. Wenn Sie eine Keyboard-Orgel kaufen m\u00f6chten, sind Sie bei Mixtuur an der richtigen Adresse. Bei uns finden Sie eine reichhaltige Auswahl an hochwertigen Keyboard-Orgeln in unterschiedlichen Ausf\u00fchrungen und Gr\u00f6\u00dfen.<\/strong><\/p>\n<p>Jede Keyboard-Orgel ist identisch und kann f\u00fcr Sie kundenspezifisch angefertigt werden. Auf diese Weise haben Sie immer eine Orgel, die Ihren pers\u00f6nlichen W\u00fcnschen entspricht. Sind Sie neugierig auf die M\u00f6glichkeiten, die sich Ihnen beim Kauf einer Keyboard-Orgel er\u00f6ffnen oder m\u00f6chten Sie mehr \u00fcber die verschiedenen Klaviaturen erfahren? Unsere Spezialisten stehen Ihnen gerne zur Seite, um die Keyboard-Orgel zu finden, die Sie suchen.<\/p>\n<h2>Reichhaltige Auswahl an Keyboard-Orgeln<\/h2>\n<p>Die Keyboard-Orgeln sind in verschiedenen Ausf\u00fchrungen und Gr\u00f6\u00dfen erh\u00e4ltlich. Ganz gleich, ob Sie auf der Suche nach einer kompakten Heimorgel oder einer professionellen Orgel f\u00fcr die Kirche sind. Bei Mixtuur werden Sie garantiert f\u00fcndig. Die Klaviatur kann sich in Farbe oder Material unterscheiden. Sie kann beispielsweise aus Holz oder Kunststoff gefertigt sein.<\/p>\n<p>Dar\u00fcber hinaus gibt es auch drei verschiedene Orgeltypen, zwischen denen Sie w\u00e4hlen k\u00f6nnen. In unserem Angebot finden Sie die elektronische Orgel, die Pfeifenorgel oder die Kombinationsorgel. Die elektronische Orgel ist die kompakteste und preisg\u00fcnstigste und wird oft f\u00fcr den Hausgebrauch gekauft. Die Pfeifenorgel ist die klassische Orgel, die man h\u00e4ufig in Kirchen und Konzerts\u00e4len sieht. Schlie\u00dflich k\u00f6nnen Sie sich auch f\u00fcr die Kombinationsorgel entscheiden, und so von den Vorz\u00fcgen beider Orgeln profitieren.<\/p>\n<h2>Warum sollten Sie Ihre Keyboard-Orgel bei Mixtuur kaufen?<\/h2>\n<p>Bei Orgelbauer Mixtuur finden Sie nicht nur eine reichhaltige Auswahl an Keyboard-Orgeln, wir sind auch bekannt f\u00fcr die hohe Qualit\u00e4t, die wir liefern. Bei uns finden Sie sowohl standardisierte Orgeln als auch vollkommen kundenspezifisch angefertigte Orgeln. Sie haben selbstverst\u00e4ndlich die freie Auswahl hinsichtlich der Klaviatur f\u00fcr die Orgel.<\/p>\n<p>Alle Orgeln werden im eigenen Hause entwickelt, gebaut und getestet, um Qualit\u00e4t gew\u00e4hrleisten zu k\u00f6nnen. Wir sind zudem f\u00fcr unsere selbst entwickelte Technologie bekannt, die eine reibungslose Verbindung mit der Hauptwerk-Software erm\u00f6glicht. In diesem Softwareprogramm lassen sich Samplesets von Orgeln laden, die gesampelt wurden. So k\u00f6nnen Sie die Orgeln wahrhaftig erleben.<\/p>\n<h2>Wir stehen zu Ihrer Verf\u00fcgung<\/h2>\n<p>Sind Sie neugierig auf die M\u00f6glichkeiten, die sich Ihnen beim Kauf einer Orgel er\u00f6ffnen, oder m\u00f6chten Sie mehr \u00fcber unsere Keyboard-Orgeln erfahren? Die Spezialisten von Mixtuur stehen Ihnen zur Seite, um die Orgel zu finden, die Sie suchen. Setzen Sie sich gerne mit uns in Verbindung \u00fcber die E-Mail <a href=\"mailto:info@mixtuur.com\">info@mixtuur.com<\/a> oder rufen Sie uns an unter der Rufnummer <a href=\"tel:00310306061212\">+31-(0)30-60 61 212<\/a>.<\/p>\n\n<div class=\"wpcf7 no-js\" id=\"wpcf7-f2984-o1\" lang=\"nl-NL\" dir=\"ltr\" data-wpcf7-id=\"2984\">\n<div class=\"screen-reader-response\"><p role=\"status\" aria-live=\"polite\" aria-atomic=\"true\"><\/p> <ul><\/ul><\/div>\n<form action=\"\/de\/wp-json\/wp\/v2\/pages\/11477#wpcf7-f2984-o1\" method=\"post\" class=\"wpcf7-form init\" aria-label=\"Contactformulier\" novalidate=\"novalidate\" data-status=\"init\">\n<fieldset class=\"hidden-fields-container\"><input type=\"hidden\" name=\"_wpcf7\" value=\"2984\" \/><input type=\"hidden\" name=\"_wpcf7_version\" value=\"6.1.5\" \/><input type=\"hidden\" name=\"_wpcf7_locale\" value=\"nl_NL\" \/><input type=\"hidden\" name=\"_wpcf7_unit_tag\" value=\"wpcf7-f2984-o1\" \/><input type=\"hidden\" name=\"_wpcf7_container_post\" value=\"0\" \/><input type=\"hidden\" name=\"_wpcf7_posted_data_hash\" value=\"\" \/><input type=\"hidden\" name=\"_wpcf7_recaptcha_response\" value=\"\" \/>\n<\/fieldset>\n<p>Ihr Name (Pflichtangabe)\n<\/p>\n<p><span class=\"wpcf7-form-control-wrap\" data-name=\"your-name\"><input size=\"40\" maxlength=\"400\" class=\"wpcf7-form-control wpcf7-text wpcf7-validates-as-required\" aria-required=\"true\" aria-invalid=\"false\" value=\"\" type=\"text\" name=\"your-name\" \/><\/span>\n<\/p>\n<p>Ihre E-Mail-Adresse (Pflichtangabe)\n<\/p>\n<p><span class=\"wpcf7-form-control-wrap\" data-name=\"your-email\"><input size=\"40\" maxlength=\"400\" class=\"wpcf7-form-control wpcf7-email wpcf7-validates-as-required wpcf7-text wpcf7-validates-as-email\" aria-required=\"true\" aria-invalid=\"false\" value=\"\" type=\"email\" name=\"your-email\" \/><\/span>\n<\/p>\n<p>Telefonnummer\n<\/p>\n<p><span class=\"wpcf7-form-control-wrap\" data-name=\"tel-640\"><input size=\"40\" maxlength=\"400\" class=\"wpcf7-form-control wpcf7-tel wpcf7-text wpcf7-validates-as-tel\" aria-invalid=\"false\" value=\"\" type=\"tel\" name=\"tel-640\" \/><\/span>\n<\/p>\n<p>Betreff\n<\/p>\n<p><span class=\"wpcf7-form-control-wrap\" data-name=\"your-subject\"><input size=\"40\" maxlength=\"400\" class=\"wpcf7-form-control wpcf7-text\" aria-invalid=\"false\" value=\"\" type=\"text\" name=\"your-subject\" \/><\/span>\n<\/p>\n<p>Deine Nachricht\n<\/p>\n<p><span class=\"wpcf7-form-control-wrap\" data-name=\"your-message\"><textarea cols=\"40\" rows=\"10\" maxlength=\"2000\" class=\"wpcf7-form-control wpcf7-textarea\" aria-invalid=\"false\" name=\"your-message\"><\/textarea><\/span>\n<\/p>\n\n<p><input class=\"wpcf7-form-control wpcf7-submit has-spinner\" type=\"submit\" value=\"Senden\" \/>\n<\/p><div class=\"wpcf7-response-output\" aria-hidden=\"true\"><\/div>\n<\/form>\n<\/div>\n\n","protected":false},"excerpt":{"rendered":"<p>Keyboard-Orgel Alle modernen, digitalen Orgeln verf\u00fcgen heutzutage \u00fcber eine Keyboard-Orgel. Mit der Klaviatur dieser Keyboard-Orgel kann die gesamte Orgel bedient werden. Wenn Sie eine Keyboard-Orgel kaufen m\u00f6chten, sind Sie bei Mixtuur an der richtigen Adresse. Bei uns finden Sie eine reichhaltige Auswahl an hochwertigen Keyboard-Orgeln in unterschiedlichen Ausf\u00fchrungen und Gr\u00f6\u00dfen. Jede Keyboard-Orgel ist identisch und [&hellip;]<\/p>\n","protected":false},"author":17,"featured_media":0,"parent":0,"menu_order":0,"comment_status":"closed","ping_status":"closed","template":"","meta":{"footnotes":""},"class_list":["post-11477","page","type-page","status-publish","hentry"],"yoast_head":"<!-- This site is optimized with the Yoast SEO plugin v25.5 - https:\/\/yoast.com\/wordpress\/plugins\/seo\/ -->\n<title>Keyboard-Orgel kaufen bei Mixtuur | Die neuesten Technologien<\/title>\n<meta name=\"description\" content=\"Das Keyboard ist ein wesentlicher Bestandteil der Orgel. Sie m\u00f6chten eine Keyboard-Orgel kaufen? Entdecken Sie das reichhaltige Angebot von Mixtuur.\" \/>\n<meta name=\"robots\" content=\"index, follow, max-snippet:-1, max-image-preview:large, max-video-preview:-1\" \/>\n<link rel=\"canonical\" href=\"https:\/\/www.mixtuur.com\/keyboard-orgel\/\" \/>\n<meta property=\"og:locale\" content=\"de_DE\" \/>\n<meta property=\"og:type\" content=\"article\" \/>\n<meta property=\"og:title\" content=\"Keyboard-Orgel kaufen bei Mixtuur | Die neuesten Technologien\" \/>\n<meta property=\"og:description\" content=\"Das Keyboard ist ein wesentlicher Bestandteil der Orgel. Sie m\u00f6chten eine Keyboard-Orgel kaufen? Entdecken Sie das reichhaltige Angebot von Mixtuur.\" \/>\n<meta property=\"og:url\" content=\"https:\/\/www.mixtuur.com\/keyboard-orgel\/\" \/>\n<meta property=\"og:site_name\" content=\"Mixtuur\" \/>\n<meta name=\"twitter:card\" content=\"summary_large_image\" \/>\n<meta name=\"twitter:label1\" content=\"Gesch\u00e4tzte Lesezeit\" \/>\n\t<meta name=\"twitter:data1\" content=\"2\u00a0Minuten\" \/>\n<script type=\"application\/ld+json\" class=\"yoast-schema-graph\">{\"@context\":\"https:\/\/schema.org\",\"@graph\":[{\"@type\":\"WebPage\",\"@id\":\"https:\/\/www.mixtuur.com\/keyboard-orgel\/\",\"url\":\"https:\/\/www.mixtuur.com\/keyboard-orgel\/\",\"name\":\"Keyboard-Orgel kaufen bei Mixtuur | Die neuesten Technologien\",\"isPartOf\":{\"@id\":\"https:\/\/www.mixtuur.com\/#website\"},\"datePublished\":\"2022-05-24T09:49:05+00:00\",\"description\":\"Das Keyboard ist ein wesentlicher Bestandteil der Orgel. Sie m\u00f6chten eine Keyboard-Orgel kaufen? Entdecken Sie das reichhaltige Angebot von Mixtuur.\",\"breadcrumb\":{\"@id\":\"https:\/\/www.mixtuur.com\/keyboard-orgel\/#breadcrumb\"},\"inLanguage\":\"de\",\"potentialAction\":[{\"@type\":\"ReadAction\",\"target\":[\"https:\/\/www.mixtuur.com\/keyboard-orgel\/\"]}]},{\"@type\":\"BreadcrumbList\",\"@id\":\"https:\/\/www.mixtuur.com\/keyboard-orgel\/#breadcrumb\",\"itemListElement\":[{\"@type\":\"ListItem\",\"position\":1,\"name\":\"Home\",\"item\":\"https:\/\/www.mixtuur.com\/de\/\"},{\"@type\":\"ListItem\",\"position\":2,\"name\":\"Keyboard-Orgel\"}]},{\"@type\":\"WebSite\",\"@id\":\"https:\/\/www.mixtuur.com\/#website\",\"url\":\"https:\/\/www.mixtuur.com\/\",\"name\":\"Mixtuur\",\"description\":\"The Authentic Sound\",\"potentialAction\":[{\"@type\":\"SearchAction\",\"target\":{\"@type\":\"EntryPoint\",\"urlTemplate\":\"https:\/\/www.mixtuur.com\/?s={search_term_string}\"},\"query-input\":{\"@type\":\"PropertyValueSpecification\",\"valueRequired\":true,\"valueName\":\"search_term_string\"}}],\"inLanguage\":\"de\"}]}<\/script>\n<!-- \/ Yoast SEO plugin. -->","yoast_head_json":{"title":"Keyboard-Orgel kaufen bei Mixtuur | Die neuesten Technologien","description":"Das Keyboard ist ein wesentlicher Bestandteil der Orgel. Sie m\u00f6chten eine Keyboard-Orgel kaufen? Entdecken Sie das reichhaltige Angebot von Mixtuur.","robots":{"index":"index","follow":"follow","max-snippet":"max-snippet:-1","max-image-preview":"max-image-preview:large","max-video-preview":"max-video-preview:-1"},"canonical":"https:\/\/www.mixtuur.com\/keyboard-orgel\/","og_locale":"de_DE","og_type":"article","og_title":"Keyboard-Orgel kaufen bei Mixtuur | Die neuesten Technologien","og_description":"Das Keyboard ist ein wesentlicher Bestandteil der Orgel. Sie m\u00f6chten eine Keyboard-Orgel kaufen? Entdecken Sie das reichhaltige Angebot von Mixtuur.","og_url":"https:\/\/www.mixtuur.com\/keyboard-orgel\/","og_site_name":"Mixtuur","twitter_card":"summary_large_image","twitter_misc":{"Gesch\u00e4tzte Lesezeit":"2\u00a0Minuten"},"schema":{"@context":"https:\/\/schema.org","@graph":[{"@type":"WebPage","@id":"https:\/\/www.mixtuur.com\/keyboard-orgel\/","url":"https:\/\/www.mixtuur.com\/keyboard-orgel\/","name":"Keyboard-Orgel kaufen bei Mixtuur | Die neuesten Technologien","isPartOf":{"@id":"https:\/\/www.mixtuur.com\/#website"},"datePublished":"2022-05-24T09:49:05+00:00","description":"Das Keyboard ist ein wesentlicher Bestandteil der Orgel. Sie m\u00f6chten eine Keyboard-Orgel kaufen? Entdecken Sie das reichhaltige Angebot von Mixtuur.","breadcrumb":{"@id":"https:\/\/www.mixtuur.com\/keyboard-orgel\/#breadcrumb"},"inLanguage":"de","potentialAction":[{"@type":"ReadAction","target":["https:\/\/www.mixtuur.com\/keyboard-orgel\/"]}]},{"@type":"BreadcrumbList","@id":"https:\/\/www.mixtuur.com\/keyboard-orgel\/#breadcrumb","itemListElement":[{"@type":"ListItem","position":1,"name":"Home","item":"https:\/\/www.mixtuur.com\/de\/"},{"@type":"ListItem","position":2,"name":"Keyboard-Orgel"}]},{"@type":"WebSite","@id":"https:\/\/www.mixtuur.com\/#website","url":"https:\/\/www.mixtuur.com\/","name":"Mixtuur","description":"The Authentic Sound","potentialAction":[{"@type":"SearchAction","target":{"@type":"EntryPoint","urlTemplate":"https:\/\/www.mixtuur.com\/?s={search_term_string}"},"query-input":{"@type":"PropertyValueSpecification","valueRequired":true,"valueName":"search_term_string"}}],"inLanguage":"de"}]}},"_links":{"self":[{"href":"https:\/\/www.mixtuur.com\/de\/wp-json\/wp\/v2\/pages\/11477","targetHints":{"allow":["GET"]}}],"collection":[{"href":"https:\/\/www.mixtuur.com\/de\/wp-json\/wp\/v2\/pages"}],"about":[{"href":"https:\/\/www.mixtuur.com\/de\/wp-json\/wp\/v2\/types\/page"}],"author":[{"embeddable":true,"href":"https:\/\/www.mixtuur.com\/de\/wp-json\/wp\/v2\/users\/17"}],"replies":[{"embeddable":true,"href":"https:\/\/www.mixtuur.com\/de\/wp-json\/wp\/v2\/comments?post=11477"}],"version-history":[{"count":2,"href":"https:\/\/www.mixtuur.com\/de\/wp-json\/wp\/v2\/pages\/11477\/revisions"}],"predecessor-version":[{"id":11480,"href":"https:\/\/www.mixtuur.com\/de\/wp-json\/wp\/v2\/pages\/11477\/revisions\/11480"}],"wp:attachment":[{"href":"https:\/\/www.mixtuur.com\/de\/wp-json\/wp\/v2\/media?parent=11477"}],"curies":[{"name":"wp","href":"https:\/\/api.w.org\/{rel}","templated":true}]}}